{"id":6427,"date":"2025-08-06T17:09:37","date_gmt":"2025-08-06T10:09:37","guid":{"rendered":"https:\/\/nge.vn\/?post_type=product&#038;p=6427"},"modified":"2025-08-06T17:09:38","modified_gmt":"2025-08-06T10:09:38","slug":"nhua-in-3d-nha-khoa-esun-dm100-dental-restoration-model-resin-500ml","status":"publish","type":"product","link":"https:\/\/nge.vn\/en\/product\/nhua-in-3d-nha-khoa-esun-dm100-dental-restoration-model-resin-500ml\/","title":{"rendered":"Nh\u1ef1a in 3D nha khoa ESUN DM100 Dental Restoration Model Resin 500ml"},"content":{"rendered":"<h4 data-start=\"1006\" data-end=\"1102\">\ud83e\uddb7 <strong data-start=\"1014\" data-end=\"1102\">ESUN DM100 Dental Restoration Resin \u2013 Nh\u1ef1a chuy\u00ean d\u1ee5ng cho m\u00f4 h\u00ecnh ph\u1ee5c h\u1ed3i nha khoa<\/strong><\/h4>\n<p data-start=\"1104\" data-end=\"1411\">ESUN DM100 l\u00e0 d\u00f2ng <strong data-start=\"1123\" data-end=\"1153\">resin nha khoa chuy\u00ean d\u1ee5ng<\/strong>, \u0111\u01b0\u1ee3c thi\u1ebft k\u1ebf \u0111\u1eb7c bi\u1ec7t \u0111\u1ec3 in c\u00e1c m\u00f4 h\u00ecnh ph\u1ee5c h\u1ed3i nha khoa v\u1edbi \u0111\u1ed9 ch\u00ednh x\u00e1c cao. Nh\u1ef1a c\u00f3 \u0111\u1ed9 \u1ed5n \u0111\u1ecbnh k\u00edch th\u01b0\u1edbc t\u1ed1t, \u0111\u1ed9 co th\u1ea5p, b\u1ec1 m\u1eb7t in m\u1ecbn v\u00e0 t\u00e1i t\u1ea1o chi ti\u1ebft cao \u2013 l\u00fd t\u01b0\u1edfng cho ph\u00f2ng labo nha khoa, trung t\u00e2m in m\u1eabu r\u0103ng ho\u1eb7c m\u00f4 h\u00ecnh h\u01b0\u1edbng d\u1eabn l\u00e2m s\u00e0ng.<\/p>\n<hr data-start=\"1413\" data-end=\"1416\" \/>\n<h4 data-start=\"1418\" data-end=\"1445\">\u2705 <strong data-start=\"1425\" data-end=\"1445\">\u01afu \u0111i\u1ec3m n\u1ed5i b\u1eadt:<\/strong><\/h4>\n<ul data-start=\"1446\" data-end=\"1953\">\n<li data-start=\"1446\" data-end=\"1519\">\n<p data-start=\"1448\" data-end=\"1519\"><strong data-start=\"1448\" data-end=\"1472\">\u0110\u1ed9 ch\u00ednh x\u00e1c \u0111\u00fac cao<\/strong>: Gi\u1ea3m t\u1ed1i \u0111a sai s\u1ed1 khi in c\u00e1c chi ti\u1ebft nh\u1ecf.<\/p>\n<\/li>\n<li data-start=\"1520\" data-end=\"1588\">\n<p data-start=\"1522\" data-end=\"1588\"><strong data-start=\"1522\" data-end=\"1551\">B\u1ec1 m\u1eb7t m\u1ecbn v\u00e0 k\u1ebft c\u1ea5u t\u1ed1t<\/strong>: Cho h\u00ecnh d\u1ea1ng s\u1eafc n\u00e9t, kh\u00f4ng g\u1ee3n.<\/p>\n<\/li>\n<li data-start=\"1589\" data-end=\"1666\">\n<p data-start=\"1591\" data-end=\"1666\"><strong data-start=\"1591\" data-end=\"1612\">\u0110\u1ed9 co th\u1ea5p (0,5%)<\/strong>: Gi\u00fap m\u00f4 h\u00ecnh in \u00edt bi\u1ebfn d\u1ea1ng, d\u1ec5 b\u1ea3o qu\u1ea3n l\u00e2u d\u00e0i.<\/p>\n<\/li>\n<li data-start=\"1667\" data-end=\"1738\">\n<p data-start=\"1669\" data-end=\"1738\"><strong data-start=\"1669\" data-end=\"1697\">\u0110\u1ed9 c\u1ee9ng b\u1ec1 m\u1eb7t cao (80D)<\/strong>: Ch\u1ed1ng tr\u1ea7y x\u01b0\u1edbc t\u1ed1t sau x\u1eed l\u00fd h\u1eadu k\u1ef3.<\/p>\n<\/li>\n<li data-start=\"1739\" data-end=\"1822\">\n<p data-start=\"1741\" data-end=\"1822\"><strong data-start=\"1741\" data-end=\"1769\">\u0110\u1ed9 b\u1ec1n v\u00e0 \u0111\u1ed9 d\u1ebbo dai cao<\/strong>: Ch\u1ed1ng va \u0111\u1eadp t\u1ed1t trong qu\u00e1 tr\u00ecnh s\u1eed d\u1ee5ng m\u00f4 h\u00ecnh.<\/p>\n<\/li>\n<li data-start=\"1823\" data-end=\"1879\">\n<p data-start=\"1825\" data-end=\"1879\"><strong data-start=\"1825\" data-end=\"1843\">Ch\u1ee9ng nh\u1eadn FDA<\/strong>: An to\u00e0n cho m\u00f4i tr\u01b0\u1eddng nha khoa.<\/p>\n<\/li>\n<li data-start=\"1880\" data-end=\"1953\">\n<p data-start=\"1882\" data-end=\"1953\"><strong data-start=\"1882\" data-end=\"1912\">\u1ed4n \u0111\u1ecbnh k\u00edch th\u01b0\u1edbc l\u00e2u d\u00e0i<\/strong>: Gi\u1eef nguy\u00ean h\u00ecnh d\u00e1ng \u0111\u1ebfn 7 ng\u00e0y sau in.<\/p>\n<\/li>\n<\/ul>\n<hr data-start=\"1955\" data-end=\"1958\" \/>\n<h4 data-start=\"1960\" data-end=\"1989\">\ud83d\udccc <strong data-start=\"1968\" data-end=\"1989\">\u1ee8ng d\u1ee5ng \u0111\u1ec1 xu\u1ea5t:<\/strong><\/h4>\n<ul data-start=\"1990\" data-end=\"2165\">\n<li data-start=\"1990\" data-end=\"2055\">\n<p data-start=\"1992\" data-end=\"2055\">In <strong data-start=\"1995\" data-end=\"2025\">m\u00f4 h\u00ecnh ph\u1ee5c h\u00ecnh nha khoa<\/strong> (dental restoration models)<\/p>\n<\/li>\n<li data-start=\"2056\" data-end=\"2120\">\n<p data-start=\"2058\" data-end=\"2120\">In <strong data-start=\"2061\" data-end=\"2081\">b\u1ed9 gara nha khoa<\/strong> (garage sets, orthodontic trays,&#8230;)<\/p>\n<\/li>\n<li data-start=\"2121\" data-end=\"2165\">\n<p data-start=\"2123\" data-end=\"2165\">M\u00f4 h\u00ecnh th\u1eed l\u1eafp m\u00e3o, c\u1ea7u r\u0103ng, khung h\u00e0m<\/p>\n<\/li>\n<\/ul>\n<hr data-start=\"2167\" data-end=\"2170\" \/>\n<h3 data-start=\"2172\" data-end=\"2201\">\ud83d\udd27 <strong data-start=\"2179\" data-end=\"2201\">Th\u00f4ng s\u1ed1 k\u1ef9 thu\u1eadt:<\/strong><\/h3>\n<div class=\"_tableContainer_16hzy_1\">\n<div class=\"_tableWrapper_16hzy_14 group flex w-fit flex-col-reverse\" tabindex=\"-1\">\n<table class=\"w-fit min-w-(--thread-content-width)\" data-start=\"2203\" data-end=\"3232\">\n<thead data-start=\"2203\" data-end=\"2267\">\n<tr data-start=\"2203\" data-end=\"2267\">\n<th data-start=\"2203\" data-end=\"2233\" data-col-size=\"sm\">Thu\u1ed9c t\u00ednh<\/th>\n<th data-start=\"2233\" data-end=\"2267\" data-col-size=\"sm\">Gi\u00e1 tr\u1ecb<\/th>\n<\/tr>\n<\/thead>\n<tbody data-start=\"2331\" data-end=\"3232\">\n<tr data-start=\"2331\" data-end=\"2400\">\n<td data-start=\"2331\" data-end=\"2360\" data-col-size=\"sm\">T\u00ean Resin<\/td>\n<td data-start=\"2360\" data-end=\"2400\" data-col-size=\"sm\">DM100 Dental Restoration Model Resin<\/td>\n<\/tr>\n<tr data-start=\"2401\" data-end=\"2464\">\n<td data-start=\"2401\" data-end=\"2430\" data-col-size=\"sm\">Dung t\u00edch<\/td>\n<td data-start=\"2430\" data-end=\"2464\" data-col-size=\"sm\">500ml\/chai<\/td>\n<\/tr>\n<tr data-start=\"2465\" data-end=\"2528\">\n<td data-start=\"2465\" data-end=\"2494\" data-col-size=\"sm\">Viscosity (mPa\u00b7s)<\/td>\n<td data-start=\"2494\" data-end=\"2528\" data-col-size=\"sm\">292<\/td>\n<\/tr>\n<tr data-start=\"2529\" data-end=\"2592\">\n<td data-start=\"2529\" data-end=\"2558\" data-col-size=\"sm\">Density (g\/cm\u00b3)<\/td>\n<td data-start=\"2558\" data-end=\"2592\" data-col-size=\"sm\">1.100<\/td>\n<\/tr>\n<tr data-start=\"2593\" data-end=\"2656\">\n<td data-start=\"2593\" data-end=\"2622\" data-col-size=\"sm\">Tensile Strength (MPa)<\/td>\n<td data-start=\"2622\" data-end=\"2656\" data-col-size=\"sm\">50-62<\/td>\n<\/tr>\n<tr data-start=\"2657\" data-end=\"2720\">\n<td data-start=\"2657\" data-end=\"2686\" data-col-size=\"sm\">Elongation at Break (%)<\/td>\n<td data-start=\"2686\" data-end=\"2720\" data-col-size=\"sm\">13-15<\/td>\n<\/tr>\n<tr data-start=\"2721\" data-end=\"2784\">\n<td data-start=\"2721\" data-end=\"2750\" data-col-size=\"sm\">Flexural Strength (MPa)<\/td>\n<td data-start=\"2750\" data-end=\"2784\" data-col-size=\"sm\">59-71<\/td>\n<\/tr>\n<tr data-start=\"2785\" data-end=\"2848\">\n<td data-start=\"2785\" data-end=\"2814\" data-col-size=\"sm\">IZOD Impact Strength (J\/m)<\/td>\n<td data-start=\"2814\" data-end=\"2848\" data-col-size=\"sm\">60-74<\/td>\n<\/tr>\n<tr data-start=\"2849\" data-end=\"2912\">\n<td data-start=\"2849\" data-end=\"2878\" data-col-size=\"sm\">Hardness (Shore D)<\/td>\n<td data-start=\"2878\" data-end=\"2912\" data-col-size=\"sm\">80-81<\/td>\n<\/tr>\n<tr data-start=\"2913\" data-end=\"2976\">\n<td data-start=\"2913\" data-end=\"2942\" data-col-size=\"sm\">Strength (S)<\/td>\n<td data-start=\"2942\" data-end=\"2976\" data-col-size=\"sm\">10<\/td>\n<\/tr>\n<tr data-start=\"2977\" data-end=\"3040\">\n<td data-start=\"2977\" data-end=\"3006\" data-col-size=\"sm\">Toughness (F)<\/td>\n<td data-start=\"3006\" data-end=\"3040\" data-col-size=\"sm\">8<\/td>\n<\/tr>\n<tr data-start=\"3041\" data-end=\"3104\">\n<td data-start=\"3041\" data-end=\"3070\" data-col-size=\"sm\">Forming (P)<\/td>\n<td data-start=\"3070\" data-end=\"3104\" data-col-size=\"sm\">8<\/td>\n<\/tr>\n<tr data-start=\"3105\" data-end=\"3168\">\n<td data-start=\"3105\" data-end=\"3134\" data-col-size=\"sm\">Accuracy (S)<\/td>\n<td data-start=\"3134\" data-end=\"3168\" data-col-size=\"sm\">9<\/td>\n<\/tr>\n<tr data-start=\"3169\" data-end=\"3232\">\n<td data-start=\"3169\" data-end=\"3198\" data-col-size=\"sm\">Speed (A)<\/td>\n<td data-start=\"3198\" data-end=\"3232\" data-col-size=\"sm\">8<\/td>\n<\/tr>\n<\/tbody>\n<\/table>\n<div class=\"sticky end-(--thread-content-margin) h-0 self-end select-none\">\n<div class=\"absolute end-0 flex items-end\"><\/div>\n<\/div>\n<\/div>\n<\/div>\n<hr data-start=\"3234\" data-end=\"3237\" \/>\n<p data-start=\"3239\" data-end=\"3266\">\ud83d\udccc <strong data-start=\"3242\" data-end=\"3264\">L\u01b0u \u00fd khi s\u1eed d\u1ee5ng:<\/strong><\/p>\n<ul data-start=\"3267\" data-end=\"3454\">\n<li data-start=\"3267\" data-end=\"3345\">\n<p data-start=\"3269\" data-end=\"3345\"><strong data-start=\"3269\" data-end=\"3299\">L\u1eafc \u0111\u1ec1u resin tr\u01b0\u1edbc khi in<\/strong> \u0111\u1ec3 \u0111\u1ea3m b\u1ea3o ph\u00e2n b\u1ed1 \u0111\u1ec1u c\u00e1c th\u00e0nh ph\u1ea7n nh\u1ef1a.<\/p>\n<\/li>\n<li data-start=\"3346\" data-end=\"3404\">\n<p data-start=\"3348\" data-end=\"3404\">D\u00f9ng cho m\u00e1y in 3D c\u00f4ng ngh\u1ec7 LCD\/DLP \u0111\u1ed9 ph\u00e2n gi\u1ea3i cao.<\/p>\n<\/li>\n<li data-start=\"3405\" data-end=\"3454\">\n<p data-start=\"3407\" data-end=\"3454\">B\u1ea3o qu\u1ea3n n\u01a1i kh\u00f4 m\u00e1t, tr\u00e1nh \u00e1nh s\u00e1ng tr\u1ef1c ti\u1ebfp.<\/p>\n<\/li>\n<\/ul>\n<p>&nbsp;<\/p>\n<p>-\u0110\u00e2y l\u00e0 c\u00e1c trang b\u00e1n h\u00e0ng b\u00ean m\u00ecnh NGE 3D Printer Services chuy\u00ean cung c\u1ea5p Nh\u1ef1a in 3D v\u00e0 M\u00e1y in 3D c\u1ee7a H\u00e3ng ESUN, Flsun, BIQU, Creality, eMake3d&#8230;<br \/>\n\ud83d\uded2Shopee =&gt; https:\/\/shopee.vn\/nge3dprinter<br \/>\n\ud83d\uded2Shopee =&gt; https:\/\/shopee.vn\/nge3dservices<br \/>\n\ud83d\uded2Shopee Voron v\u00e0 eMake3D =&gt; https:\/\/shopee.vn\/3dmasterpower<br \/>\n\ud83d\uded2Shopee eMake3D =&gt; https:\/\/shopee.vn\/nge3dprinting<br \/>\n\ud83d\uded2Lazada =&gt; https:\/\/www.lazada.vn\/shop\/nge-3d-printer<br \/>\n\ud83d\uded2Lazada =&gt; https:\/\/www.lazada.vn\/shop\/nge-3d-printer-services<br \/>\n\ud83d\uded2Lazada =&gt; https:\/\/www.lazada.vn\/shop\/emake3d-vn<br \/>\n\ud83d\uded2Webslite Th\u1ebf H\u1ec7 K\u1ebf Ti\u1ebfp =&gt;https:\/\/www.theheketiep.com\/<br \/>\n\ud83d\uded2Webslite NGE.VN =&gt;https:\/\/www.nge.vn\/<br \/>\nHo\u1eb7c b\u1ea1n g\u1ecdi 094.144.0951 g\u1eb7p m\u00ecnh<br \/>\nHo\u1eb7c 0913939775 g\u1eb7p anh Qu\u00e2n<br \/>\n** Price does not include VAT (+8 or 10% if VAT invoice is issued)<\/p>","protected":false},"excerpt":{"rendered":"<p data-start=\"346\" data-end=\"548\">Nh\u1ef1a in 3D nha khoa ESUN DM100 500ml d\u00f9ng \u0111\u1ec3 in m\u00f4 h\u00ecnh ph\u1ee5c h\u1ed3i v\u1edbi \u0111\u1ed9 ch\u00ednh x\u00e1c cao, \u0111\u1ed9 co th\u1ea5p v\u00e0 b\u1ec1 m\u1eb7t m\u1ecbn. \u0110\u1ea1t ch\u1ee9ng nh\u1eadn FDA, ph\u00f9 h\u1ee3p cho m\u00f4 h\u00ecnh nha khoa v\u00e0 b\u1ed9 gara v\u1edbi \u0111\u1ed9 b\u1ec1n v\u00e0 \u0111\u1ed9 d\u1ebbo dai t\u1ed1t.<\/p>","protected":false},"featured_media":6433,"comment_status":"open","ping_status":"closed","template":"","meta":{"inline_featured_image":false},"product_brand":[],"product_cat":[455,43,464],"product_tag":[648,860,619,829,663,859,613],"class_list":{"0":"post-6427","1":"product","2":"type-product","3":"status-publish","4":"has-post-thumbnail","6":"product_cat-nhua-in-3d","7":"product_cat-nhua-in-3d-resin","8":"product_cat-nhua-in-3d-resin-esun","9":"product_tag-3dprint","10":"product_tag-dm100","11":"product_tag-esun","12":"product_tag-in3d","13":"product_tag-nge3d","14":"product_tag-nhakhoa","15":"product_tag-resin","17":"first","18":"instock","19":"taxable","20":"shipping-taxable","21":"purchasable","22":"product-type-variable"},"yoast_head":"<!-- This site is optimized with the Yoast SEO Premium plugin v22.8 (Yoast SEO v26.9) - https:\/\/yoast.com\/product\/yoast-seo-premium-wordpress\/ -->\n<title>Nh\u1ef1a in 3D nha khoa ESUN DM100 Dental Restoration Model Resin 500ml - NGE 3D Printers Services<\/title>\n<meta name=\"description\" content=\"Nh\u1ef1a in 3D nha khoa ESUN DM100 500ml \u0111\u1ed9 ch\u00ednh x\u00e1c cao, \u0111\u1ed9 co th\u1ea5p. \u0110\u1ea1t ch\u1ee9ng nh\u1eadn FDA, ph\u00f9 h\u1ee3p cho m\u00f4 h\u00ecnh nha khoa v\u1edbi \u0111\u1ed9 b\u1ec1n v\u00e0 \u0111\u1ed9 d\u1ebbo dai t\u1ed1t.\" \/>\n<meta name=\"robots\" content=\"index, follow, max-snippet:-1, max-image-preview:large, max-video-preview:-1\" \/>\n<link rel=\"canonical\" href=\"https:\/\/nge.vn\/en\/product\/nhua-in-3d-nha-khoa-esun-dm100-dental-restoration-model-resin-500ml\/\" \/>\n<meta property=\"og:locale\" content=\"en_US\" \/>\n<meta property=\"og:type\" content=\"article\" \/>\n<meta property=\"og:title\" content=\"Nh\u1ef1a in 3D nha khoa ESUN DM100 Dental Restoration Model Resin 500ml\" \/>\n<meta property=\"og:description\" content=\"Nh\u1ef1a in 3D nha khoa ESUN DM100 500ml \u0111\u1ed9 ch\u00ednh x\u00e1c cao, \u0111\u1ed9 co th\u1ea5p. \u0110\u1ea1t ch\u1ee9ng nh\u1eadn FDA, ph\u00f9 h\u1ee3p cho m\u00f4 h\u00ecnh nha khoa v\u1edbi \u0111\u1ed9 b\u1ec1n v\u00e0 \u0111\u1ed9 d\u1ebbo dai t\u1ed1t.\" \/>\n<meta property=\"og:url\" content=\"https:\/\/nge.vn\/en\/product\/nhua-in-3d-nha-khoa-esun-dm100-dental-restoration-model-resin-500ml\/\" \/>\n<meta property=\"og:site_name\" content=\"NGE 3D Printers Services\" \/>\n<meta property=\"article:modified_time\" content=\"2025-08-06T10:09:38+00:00\" \/>\n<meta property=\"og:image\" content=\"https:\/\/nge.vn\/wp-content\/uploads\/2025\/08\/orange-yellow.jpeg\" \/>\n\t<meta property=\"og:image:width\" content=\"320\" \/>\n\t<meta property=\"og:image:height\" content=\"320\" \/>\n\t<meta property=\"og:image:type\" content=\"image\/jpeg\" \/>\n<meta name=\"twitter:card\" content=\"summary_large_image\" \/>\n<meta name=\"twitter:label1\" content=\"Est. reading time\" \/>\n\t<meta name=\"twitter:data1\" content=\"3 minutes\" \/>\n<script type=\"application\/ld+json\" class=\"yoast-schema-graph\">{\"@context\":\"https:\/\/schema.org\",\"@graph\":[{\"@type\":\"WebPage\",\"@id\":\"https:\/\/nge.vn\/san-pham\/nhua-in-3d-nha-khoa-esun-dm100-dental-restoration-model-resin-500ml\/\",\"url\":\"https:\/\/nge.vn\/san-pham\/nhua-in-3d-nha-khoa-esun-dm100-dental-restoration-model-resin-500ml\/\",\"name\":\"Nh\u1ef1a in 3D nha khoa ESUN DM100 Dental Restoration Model Resin 500ml - NGE 3D Printers Services\",\"isPartOf\":{\"@id\":\"https:\/\/nge.vn\/#website\"},\"primaryImageOfPage\":{\"@id\":\"https:\/\/nge.vn\/san-pham\/nhua-in-3d-nha-khoa-esun-dm100-dental-restoration-model-resin-500ml\/#primaryimage\"},\"image\":{\"@id\":\"https:\/\/nge.vn\/san-pham\/nhua-in-3d-nha-khoa-esun-dm100-dental-restoration-model-resin-500ml\/#primaryimage\"},\"thumbnailUrl\":\"https:\/\/nge.vn\/wp-content\/uploads\/2025\/08\/orange-yellow.jpeg\",\"datePublished\":\"2025-08-06T10:09:37+00:00\",\"dateModified\":\"2025-08-06T10:09:38+00:00\",\"description\":\"Nh\u1ef1a in 3D nha khoa ESUN DM100 500ml \u0111\u1ed9 ch\u00ednh x\u00e1c cao, \u0111\u1ed9 co th\u1ea5p. \u0110\u1ea1t ch\u1ee9ng nh\u1eadn FDA, ph\u00f9 h\u1ee3p cho m\u00f4 h\u00ecnh nha khoa v\u1edbi \u0111\u1ed9 b\u1ec1n v\u00e0 \u0111\u1ed9 d\u1ebbo dai t\u1ed1t.\",\"breadcrumb\":{\"@id\":\"https:\/\/nge.vn\/san-pham\/nhua-in-3d-nha-khoa-esun-dm100-dental-restoration-model-resin-500ml\/#breadcrumb\"},\"inLanguage\":\"en-US\",\"potentialAction\":[{\"@type\":\"ReadAction\",\"target\":[\"https:\/\/nge.vn\/san-pham\/nhua-in-3d-nha-khoa-esun-dm100-dental-restoration-model-resin-500ml\/\"]}]},{\"@type\":\"ImageObject\",\"inLanguage\":\"en-US\",\"@id\":\"https:\/\/nge.vn\/san-pham\/nhua-in-3d-nha-khoa-esun-dm100-dental-restoration-model-resin-500ml\/#primaryimage\",\"url\":\"https:\/\/nge.vn\/wp-content\/uploads\/2025\/08\/orange-yellow.jpeg\",\"contentUrl\":\"https:\/\/nge.vn\/wp-content\/uploads\/2025\/08\/orange-yellow.jpeg\",\"width\":320,\"height\":320},{\"@type\":\"BreadcrumbList\",\"@id\":\"https:\/\/nge.vn\/san-pham\/nhua-in-3d-nha-khoa-esun-dm100-dental-restoration-model-resin-500ml\/#breadcrumb\",\"itemListElement\":[{\"@type\":\"ListItem\",\"position\":1,\"name\":\"Trang ch\u1ee7\",\"item\":\"https:\/\/nge.vn\/\"},{\"@type\":\"ListItem\",\"position\":2,\"name\":\"S\u1ea3n ph\u1ea9m\",\"item\":\"https:\/\/nge.vn\/san-pham\/\"},{\"@type\":\"ListItem\",\"position\":3,\"name\":\"Nh\u1ef1a in 3D nha khoa ESUN DM100 Dental Restoration Model Resin 500ml\"}]},{\"@type\":\"WebSite\",\"@id\":\"https:\/\/nge.vn\/#website\",\"url\":\"https:\/\/nge.vn\/\",\"name\":\"NGE 3D Printers Services\",\"description\":\"\",\"potentialAction\":[{\"@type\":\"SearchAction\",\"target\":{\"@type\":\"EntryPoint\",\"urlTemplate\":\"https:\/\/nge.vn\/?s={search_term_string}\"},\"query-input\":{\"@type\":\"PropertyValueSpecification\",\"valueRequired\":true,\"valueName\":\"search_term_string\"}}],\"inLanguage\":\"en-US\"}]}<\/script>\n<!-- \/ Yoast SEO Premium plugin. -->","yoast_head_json":{"title":"Nh\u1ef1a in 3D nha khoa ESUN DM100 Dental Restoration Model Resin 500ml - NGE 3D Printers Services","description":"Nh\u1ef1a in 3D nha khoa ESUN DM100 500ml \u0111\u1ed9 ch\u00ednh x\u00e1c cao, \u0111\u1ed9 co th\u1ea5p. \u0110\u1ea1t ch\u1ee9ng nh\u1eadn FDA, ph\u00f9 h\u1ee3p cho m\u00f4 h\u00ecnh nha khoa v\u1edbi \u0111\u1ed9 b\u1ec1n v\u00e0 \u0111\u1ed9 d\u1ebbo dai t\u1ed1t.","robots":{"index":"index","follow":"follow","max-snippet":"max-snippet:-1","max-image-preview":"max-image-preview:large","max-video-preview":"max-video-preview:-1"},"canonical":"https:\/\/nge.vn\/en\/product\/nhua-in-3d-nha-khoa-esun-dm100-dental-restoration-model-resin-500ml\/","og_locale":"en_US","og_type":"article","og_title":"Nh\u1ef1a in 3D nha khoa ESUN DM100 Dental Restoration Model Resin 500ml","og_description":"Nh\u1ef1a in 3D nha khoa ESUN DM100 500ml \u0111\u1ed9 ch\u00ednh x\u00e1c cao, \u0111\u1ed9 co th\u1ea5p. \u0110\u1ea1t ch\u1ee9ng nh\u1eadn FDA, ph\u00f9 h\u1ee3p cho m\u00f4 h\u00ecnh nha khoa v\u1edbi \u0111\u1ed9 b\u1ec1n v\u00e0 \u0111\u1ed9 d\u1ebbo dai t\u1ed1t.","og_url":"https:\/\/nge.vn\/en\/product\/nhua-in-3d-nha-khoa-esun-dm100-dental-restoration-model-resin-500ml\/","og_site_name":"NGE 3D Printers Services","article_modified_time":"2025-08-06T10:09:38+00:00","og_image":[{"width":320,"height":320,"url":"https:\/\/nge.vn\/wp-content\/uploads\/2025\/08\/orange-yellow.jpeg","type":"image\/jpeg"}],"twitter_card":"summary_large_image","twitter_misc":{"Est. reading time":"3 minutes"},"schema":{"@context":"https:\/\/schema.org","@graph":[{"@type":"WebPage","@id":"https:\/\/nge.vn\/san-pham\/nhua-in-3d-nha-khoa-esun-dm100-dental-restoration-model-resin-500ml\/","url":"https:\/\/nge.vn\/san-pham\/nhua-in-3d-nha-khoa-esun-dm100-dental-restoration-model-resin-500ml\/","name":"Nh\u1ef1a in 3D nha khoa ESUN DM100 Dental Restoration Model Resin 500ml - NGE 3D Printers Services","isPartOf":{"@id":"https:\/\/nge.vn\/#website"},"primaryImageOfPage":{"@id":"https:\/\/nge.vn\/san-pham\/nhua-in-3d-nha-khoa-esun-dm100-dental-restoration-model-resin-500ml\/#primaryimage"},"image":{"@id":"https:\/\/nge.vn\/san-pham\/nhua-in-3d-nha-khoa-esun-dm100-dental-restoration-model-resin-500ml\/#primaryimage"},"thumbnailUrl":"https:\/\/nge.vn\/wp-content\/uploads\/2025\/08\/orange-yellow.jpeg","datePublished":"2025-08-06T10:09:37+00:00","dateModified":"2025-08-06T10:09:38+00:00","description":"Nh\u1ef1a in 3D nha khoa ESUN DM100 500ml \u0111\u1ed9 ch\u00ednh x\u00e1c cao, \u0111\u1ed9 co th\u1ea5p. \u0110\u1ea1t ch\u1ee9ng nh\u1eadn FDA, ph\u00f9 h\u1ee3p cho m\u00f4 h\u00ecnh nha khoa v\u1edbi \u0111\u1ed9 b\u1ec1n v\u00e0 \u0111\u1ed9 d\u1ebbo dai t\u1ed1t.","breadcrumb":{"@id":"https:\/\/nge.vn\/san-pham\/nhua-in-3d-nha-khoa-esun-dm100-dental-restoration-model-resin-500ml\/#breadcrumb"},"inLanguage":"en-US","potentialAction":[{"@type":"ReadAction","target":["https:\/\/nge.vn\/san-pham\/nhua-in-3d-nha-khoa-esun-dm100-dental-restoration-model-resin-500ml\/"]}]},{"@type":"ImageObject","inLanguage":"en-US","@id":"https:\/\/nge.vn\/san-pham\/nhua-in-3d-nha-khoa-esun-dm100-dental-restoration-model-resin-500ml\/#primaryimage","url":"https:\/\/nge.vn\/wp-content\/uploads\/2025\/08\/orange-yellow.jpeg","contentUrl":"https:\/\/nge.vn\/wp-content\/uploads\/2025\/08\/orange-yellow.jpeg","width":320,"height":320},{"@type":"BreadcrumbList","@id":"https:\/\/nge.vn\/san-pham\/nhua-in-3d-nha-khoa-esun-dm100-dental-restoration-model-resin-500ml\/#breadcrumb","itemListElement":[{"@type":"ListItem","position":1,"name":"Trang ch\u1ee7","item":"https:\/\/nge.vn\/"},{"@type":"ListItem","position":2,"name":"S\u1ea3n ph\u1ea9m","item":"https:\/\/nge.vn\/san-pham\/"},{"@type":"ListItem","position":3,"name":"Nh\u1ef1a in 3D nha khoa ESUN DM100 Dental Restoration Model Resin 500ml"}]},{"@type":"WebSite","@id":"https:\/\/nge.vn\/#website","url":"https:\/\/nge.vn\/","name":"NGE 3D Printers Services","description":"","potentialAction":[{"@type":"SearchAction","target":{"@type":"EntryPoint","urlTemplate":"https:\/\/nge.vn\/?s={search_term_string}"},"query-input":{"@type":"PropertyValueSpecification","valueRequired":true,"valueName":"search_term_string"}}],"inLanguage":"en-US"}]}},"_links":{"self":[{"href":"https:\/\/nge.vn\/en\/wp-json\/wp\/v2\/product\/6427","targetHints":{"allow":["GET"]}}],"collection":[{"href":"https:\/\/nge.vn\/en\/wp-json\/wp\/v2\/product"}],"about":[{"href":"https:\/\/nge.vn\/en\/wp-json\/wp\/v2\/types\/product"}],"replies":[{"embeddable":true,"href":"https:\/\/nge.vn\/en\/wp-json\/wp\/v2\/comments?post=6427"}],"wp:featuredmedia":[{"embeddable":true,"href":"https:\/\/nge.vn\/en\/wp-json\/wp\/v2\/media\/6433"}],"wp:attachment":[{"href":"https:\/\/nge.vn\/en\/wp-json\/wp\/v2\/media?parent=6427"}],"wp:term":[{"taxonomy":"product_brand","embeddable":true,"href":"https:\/\/nge.vn\/en\/wp-json\/wp\/v2\/product_brand?post=6427"},{"taxonomy":"product_cat","embeddable":true,"href":"https:\/\/nge.vn\/en\/wp-json\/wp\/v2\/product_cat?post=6427"},{"taxonomy":"product_tag","embeddable":true,"href":"https:\/\/nge.vn\/en\/wp-json\/wp\/v2\/product_tag?post=6427"}],"curies":[{"name":"wp","href":"https:\/\/api.w.org\/{rel}","templated":true}]}}