{"id":6418,"date":"2025-08-06T16:31:33","date_gmt":"2025-08-06T09:31:33","guid":{"rendered":"https:\/\/nge.vn\/?post_type=product&#038;p=6418"},"modified":"2025-08-06T16:31:33","modified_gmt":"2025-08-06T09:31:33","slug":"nhua-in-3d-nha-khoa-ct100-custom-tray-resin-500ml","status":"publish","type":"product","link":"https:\/\/nge.vn\/en\/product\/nhua-in-3d-nha-khoa-ct100-custom-tray-resin-500ml\/","title":{"rendered":"Nh\u1ef1a in 3d nha khoa CT100 Custom Tray Resin 500ml"},"content":{"rendered":"<h4 data-start=\"972\" data-end=\"1038\"><strong data-start=\"977\" data-end=\"1038\">Nh\u1ef1a eSun CT100 Custom Tray Resin \u2013 Nh\u1ef1a in 3D nha khoa chuy\u00ean d\u1ee5ng<\/strong><\/h4>\n<p data-start=\"1040\" data-end=\"1346\">CT100 l\u00e0 lo\u1ea1i nh\u1ef1a chuy\u00ean d\u1ee5ng trong nha khoa, d\u00f9ng \u0111\u1ec3 in <strong data-start=\"1098\" data-end=\"1155\">khay ch\u1ee9c n\u0103ng t\u00f9y ch\u1ec9nh (Personalized Function Tray)<\/strong> v\u00e0 c\u00e1c th\u00e0nh ph\u1ea7n \u0111\u1ebf nh\u1ef1a trong qu\u00e1 tr\u00ecnh l\u1ea5y d\u1ea5u. Resin n\u00e0y ph\u00f9 h\u1ee3p v\u1edbi h\u1ea7u h\u1ebft c\u00e1c v\u1eadt li\u1ec7u \u1ea5n t\u01b0\u1ee3ng nha khoa, \u0111\u1ea3m b\u1ea3o <strong data-start=\"1277\" data-end=\"1307\">\u0111\u1ed9 ch\u00ednh x\u00e1c v\u00e0 \u0111\u1ed9 \u1ed5n \u0111\u1ecbnh<\/strong> cao trong qu\u00e1 tr\u00ecnh \u0111i\u1ec1u tr\u1ecb l\u00e2m s\u00e0ng.<\/p>\n<hr data-start=\"1348\" data-end=\"1351\" \/>\n<h4 data-start=\"1353\" data-end=\"1380\">\u2705 <strong data-start=\"1360\" data-end=\"1380\">\u01afu \u0111i\u1ec3m n\u1ed5i b\u1eadt:<\/strong><\/h4>\n<ul data-start=\"1381\" data-end=\"1691\">\n<li data-start=\"1381\" data-end=\"1430\">\n<p data-start=\"1383\" data-end=\"1430\"><strong data-start=\"1383\" data-end=\"1405\">B\u1ec1 m\u1eb7t in nh\u1eb5n m\u1ecbn<\/strong>, cho chi ti\u1ebft s\u1eafc n\u00e9t.<\/p>\n<\/li>\n<li data-start=\"1431\" data-end=\"1509\">\n<p data-start=\"1433\" data-end=\"1509\"><strong data-start=\"1433\" data-end=\"1463\">\u0110\u1ed9 ch\u00ednh x\u00e1c cao trong \u0111\u00fac<\/strong>, ph\u00f9 h\u1ee3p v\u1edbi quy tr\u00ecnh ph\u1ee5c h\u00ecnh ch\u00ednh x\u00e1c.<\/p>\n<\/li>\n<li data-start=\"1510\" data-end=\"1617\">\n<p data-start=\"1512\" data-end=\"1617\"><strong data-start=\"1512\" data-end=\"1540\">\u0110\u1ed9 b\u1ec1n v\u00e0 \u0111\u1ed9 d\u1ebbo dai t\u1ed1t<\/strong>, gi\u00fap khay in c\u00f3 kh\u1ea3 n\u0103ng <strong data-start=\"1567\" data-end=\"1596\">ch\u1ed1ng va \u0111\u1eadp v\u00e0 bi\u1ebfn d\u1ea1ng<\/strong> trong khi s\u1eed d\u1ee5ng.<\/p>\n<\/li>\n<li data-start=\"1618\" data-end=\"1691\">\n<p data-start=\"1620\" data-end=\"1691\"><strong data-start=\"1620\" data-end=\"1648\">Kh\u1ea3 n\u0103ng t\u01b0\u01a1ng th\u00edch t\u1ed1t<\/strong> v\u1edbi nhi\u1ec1u d\u00f2ng m\u00e1y in 3D nha khoa LCD\/DLP.<\/p>\n<\/li>\n<\/ul>\n<hr data-start=\"1693\" data-end=\"1696\" \/>\n<h4 data-start=\"1698\" data-end=\"1727\">\ud83d\udccc <strong data-start=\"1706\" data-end=\"1727\">\u1ee8ng d\u1ee5ng th\u1ef1c t\u1ebf:<\/strong><\/h4>\n<ul data-start=\"1728\" data-end=\"1869\">\n<li data-start=\"1728\" data-end=\"1791\">\n<p data-start=\"1730\" data-end=\"1791\"><strong data-start=\"1730\" data-end=\"1789\">Khay ch\u1ee9c n\u0103ng c\u00e1 nh\u00e2n h\u00f3a (Personalized Function Tray)<\/strong><\/p>\n<\/li>\n<li data-start=\"1792\" data-end=\"1830\">\n<p data-start=\"1794\" data-end=\"1830\"><strong data-start=\"1794\" data-end=\"1828\">Khay ch\u1ee9c n\u0103ng (Function Tray)<\/strong><\/p>\n<\/li>\n<li data-start=\"1831\" data-end=\"1869\">\n<p data-start=\"1833\" data-end=\"1869\"><strong data-start=\"1833\" data-end=\"1867\">T\u1ea5m \u0111\u1ebf nh\u1ef1a (Resin Base Plate)<\/strong><\/p>\n<\/li>\n<\/ul>\n<p data-start=\"1871\" data-end=\"1985\">Th\u00edch h\u1ee3p cho c\u00e1c ph\u00f2ng kh\u00e1m nha khoa, ph\u00f2ng Labo ho\u1eb7c k\u1ef9 thu\u1eadt vi\u00ean l\u00e0m vi\u1ec7c v\u1edbi c\u00f4ng ngh\u1ec7 in 3D trong ph\u1ee5c h\u00ecnh.<\/p>\n<hr data-start=\"1987\" data-end=\"1990\" \/>\n<h3 data-start=\"1992\" data-end=\"2022\">\ud83d\udd27 <strong data-start=\"1999\" data-end=\"2022\">Th\u00f4ng tin k\u1ef9 thu\u1eadt:<\/strong><\/h3>\n<ul data-start=\"2023\" data-end=\"2276\">\n<li data-start=\"2023\" data-end=\"2068\">\n<p data-start=\"2025\" data-end=\"2068\"><strong data-start=\"2025\" data-end=\"2042\">T\u00ean s\u1ea3n ph\u1ea9m:<\/strong> CT100 Custom Tray Resin<\/p>\n<\/li>\n<li data-start=\"2069\" data-end=\"2100\">\n<p data-start=\"2071\" data-end=\"2100\"><strong data-start=\"2071\" data-end=\"2085\">Dung t\u00edch:<\/strong> 500ml \/ Chai<\/p>\n<\/li>\n<li data-start=\"2101\" data-end=\"2141\">\n<p data-start=\"2103\" data-end=\"2141\"><strong data-start=\"2103\" data-end=\"2118\">Lo\u1ea1i resin:<\/strong> Nha khoa chuy\u00ean d\u1ee5ng<\/p>\n<\/li>\n<li data-start=\"2142\" data-end=\"2218\">\n<p data-start=\"2144\" data-end=\"2218\"><strong data-start=\"2144\" data-end=\"2156\">M\u00e0u s\u1eafc:<\/strong> T\u00f9y theo l\u00f4 s\u1ea3n xu\u1ea5t (th\u01b0\u1eddng xanh, t\u00edm nh\u1ea1t ho\u1eb7c h\u1ed3ng nh\u1ea1t)<\/p>\n<\/li>\n<li data-start=\"2219\" data-end=\"2276\">\n<p data-start=\"2221\" data-end=\"2276\"><strong data-start=\"2221\" data-end=\"2246\">Kh\u1ea3 n\u0103ng t\u01b0\u01a1ng th\u00edch:<\/strong> M\u00e1y in 3D c\u00f4ng ngh\u1ec7 LCD\/DLP<\/p>\n<\/li>\n<\/ul>\n<hr data-start=\"2278\" data-end=\"2281\" \/>\n<p data-start=\"2283\" data-end=\"2307\">\ud83d\udce6 <strong data-start=\"2286\" data-end=\"2305\">G\u1ee3i \u00fd b\u1ea3o qu\u1ea3n:<\/strong><\/p>\n<ul data-start=\"2308\" data-end=\"2452\">\n<li data-start=\"2308\" data-end=\"2371\">\n<p data-start=\"2310\" data-end=\"2371\">B\u1ea3o qu\u1ea3n n\u01a1i tho\u00e1ng m\u00e1t, tr\u00e1nh \u00e1nh s\u00e1ng m\u1eb7t tr\u1eddi tr\u1ef1c ti\u1ebfp.<\/p>\n<\/li>\n<li data-start=\"2372\" data-end=\"2405\">\n<p data-start=\"2374\" data-end=\"2405\">\u0110\u00f3ng n\u1eafp k\u00edn sau khi s\u1eed d\u1ee5ng.<\/p>\n<\/li>\n<li data-start=\"2406\" data-end=\"2452\">\n<p data-start=\"2408\" data-end=\"2452\">L\u1eafc \u0111\u1ec1u tr\u01b0\u1edbc khi in \u0111\u1ec3 \u0111\u1ea1t hi\u1ec7u qu\u1ea3 t\u1ed1i \u01b0u.<\/p>\n<\/li>\n<\/ul>\n<p>&nbsp;<\/p>\n<p>-\u0110\u00e2y l\u00e0 c\u00e1c trang b\u00e1n h\u00e0ng b\u00ean m\u00ecnh NGE 3D Printer Services chuy\u00ean cung c\u1ea5p Nh\u1ef1a in 3D v\u00e0 M\u00e1y in 3D c\u1ee7a H\u00e3ng ESUN, Flsun, BIQU, Creality, eMake3d&#8230;<br \/>\n\ud83d\uded2Shopee =&gt; https:\/\/shopee.vn\/nge3dprinter<br \/>\n\ud83d\uded2Shopee =&gt; https:\/\/shopee.vn\/nge3dservices<br \/>\n\ud83d\uded2Shopee Voron v\u00e0 eMake3D =&gt; https:\/\/shopee.vn\/3dmasterpower<br \/>\n\ud83d\uded2Shopee eMake3D =&gt; https:\/\/shopee.vn\/nge3dprinting<br \/>\n\ud83d\uded2Lazada =&gt; https:\/\/www.lazada.vn\/shop\/nge-3d-printer<br \/>\n\ud83d\uded2Lazada =&gt; https:\/\/www.lazada.vn\/shop\/nge-3d-printer-services<br \/>\n\ud83d\uded2Lazada =&gt; https:\/\/www.lazada.vn\/shop\/emake3d-vn<br \/>\n\ud83d\uded2Webslite Th\u1ebf H\u1ec7 K\u1ebf Ti\u1ebfp =&gt;https:\/\/www.theheketiep.com\/<br \/>\n\ud83d\uded2Webslite NGE.VN =&gt;https:\/\/www.nge.vn\/<br \/>\nHo\u1eb7c b\u1ea1n g\u1ecdi 094.144.0951 g\u1eb7p m\u00ecnh<br \/>\nHo\u1eb7c 0913939775 g\u1eb7p anh Qu\u00e2n<\/p>\n<p>** Price does not include VAT (+8 or 10% if VAT invoice is issued)<\/p>","protected":false},"excerpt":{"rendered":"<p>Nh\u1ef1a in 3D nha khoa CT100 Custom Tray Resin 500ml. B\u1ec1 m\u1eb7t nh\u1eb5n, \u0111\u1ed9 ch\u00ednh x\u00e1c cao, \u0111\u1ed9 b\u1ec1n, \u0111\u1ed9 d\u1ebbo dai t\u1ed1t, th\u00edch h\u1ee3p c\u00e1c v\u1eadt li\u1ec7u l\u1ea5y d\u1ea5u t\u00f9y ch\u1ec9nh nha khoa.<\/p>","protected":false},"featured_media":6423,"comment_status":"open","ping_status":"closed","template":"","meta":{"inline_featured_image":false},"product_brand":[],"product_cat":[455,43,464],"product_tag":[855,829,663,613],"class_list":{"0":"post-6418","1":"product","2":"type-product","3":"status-publish","4":"has-post-thumbnail","6":"product_cat-nhua-in-3d","7":"product_cat-nhua-in-3d-resin","8":"product_cat-nhua-in-3d-resin-esun","9":"product_tag-ct1000","10":"product_tag-in3d","11":"product_tag-nge3d","12":"product_tag-resin","14":"first","15":"instock","16":"taxable","17":"shipping-taxable","18":"purchasable","19":"product-type-variable"},"yoast_head":"<!-- This site is optimized with the Yoast SEO Premium plugin v22.8 (Yoast SEO v26.9) - https:\/\/yoast.com\/product\/yoast-seo-premium-wordpress\/ -->\n<title>Nh\u1ef1a in 3d nha khoa CT100 Custom Tray Resin 500ml - NGE 3D Printers Services<\/title>\n<meta name=\"description\" content=\"Nh\u1ef1a in 3D nha khoa CT100 Custom Tray Resin 500ml. B\u1ec1 m\u1eb7t nh\u1eb5n, \u0111\u1ed9 ch\u00ednh x\u00e1c cao, \u0111\u1ed9 b\u1ec1n, \u0111\u1ed9 d\u1ebbo dai t\u1ed1t, th\u00edch h\u1ee3p c\u00e1c v\u1eadt li\u1ec7u l\u1ea5y d\u1ea5u t\u00f9y ch\u1ec9nh nha khoa.\" \/>\n<meta name=\"robots\" content=\"index, follow, max-snippet:-1, max-image-preview:large, max-video-preview:-1\" \/>\n<link rel=\"canonical\" href=\"https:\/\/nge.vn\/en\/product\/nhua-in-3d-nha-khoa-ct100-custom-tray-resin-500ml\/\" \/>\n<meta property=\"og:locale\" content=\"en_US\" \/>\n<meta property=\"og:type\" content=\"article\" \/>\n<meta property=\"og:title\" content=\"Nh\u1ef1a in 3d nha khoa CT100 Custom Tray Resin 500ml\" \/>\n<meta property=\"og:description\" content=\"Nh\u1ef1a in 3D nha khoa CT100 Custom Tray Resin 500ml. B\u1ec1 m\u1eb7t nh\u1eb5n, \u0111\u1ed9 ch\u00ednh x\u00e1c cao, \u0111\u1ed9 b\u1ec1n, \u0111\u1ed9 d\u1ebbo dai t\u1ed1t, th\u00edch h\u1ee3p c\u00e1c v\u1eadt li\u1ec7u l\u1ea5y d\u1ea5u t\u00f9y ch\u1ec9nh nha khoa.\" \/>\n<meta property=\"og:url\" content=\"https:\/\/nge.vn\/en\/product\/nhua-in-3d-nha-khoa-ct100-custom-tray-resin-500ml\/\" \/>\n<meta property=\"og:site_name\" content=\"NGE 3D Printers Services\" \/>\n<meta property=\"og:image\" content=\"https:\/\/nge.vn\/wp-content\/uploads\/2025\/08\/vn-11134207-7ras8-m3h8hserqrkx8f_tn.jpeg\" \/>\n\t<meta property=\"og:image:width\" content=\"320\" \/>\n\t<meta property=\"og:image:height\" content=\"320\" \/>\n\t<meta property=\"og:image:type\" content=\"image\/jpeg\" \/>\n<meta name=\"twitter:card\" content=\"summary_large_image\" \/>\n<meta name=\"twitter:label1\" content=\"Est. reading time\" \/>\n\t<meta name=\"twitter:data1\" content=\"3 minutes\" \/>\n<script type=\"application\/ld+json\" class=\"yoast-schema-graph\">{\"@context\":\"https:\/\/schema.org\",\"@graph\":[{\"@type\":\"WebPage\",\"@id\":\"https:\/\/nge.vn\/san-pham\/nhua-in-3d-nha-khoa-ct100-custom-tray-resin-500ml\/\",\"url\":\"https:\/\/nge.vn\/san-pham\/nhua-in-3d-nha-khoa-ct100-custom-tray-resin-500ml\/\",\"name\":\"Nh\u1ef1a in 3d nha khoa CT100 Custom Tray Resin 500ml - NGE 3D Printers Services\",\"isPartOf\":{\"@id\":\"https:\/\/nge.vn\/#website\"},\"primaryImageOfPage\":{\"@id\":\"https:\/\/nge.vn\/san-pham\/nhua-in-3d-nha-khoa-ct100-custom-tray-resin-500ml\/#primaryimage\"},\"image\":{\"@id\":\"https:\/\/nge.vn\/san-pham\/nhua-in-3d-nha-khoa-ct100-custom-tray-resin-500ml\/#primaryimage\"},\"thumbnailUrl\":\"https:\/\/nge.vn\/wp-content\/uploads\/2025\/08\/vn-11134207-7ras8-m3h8hserqrkx8f_tn.jpeg\",\"datePublished\":\"2025-08-06T09:31:33+00:00\",\"description\":\"Nh\u1ef1a in 3D nha khoa CT100 Custom Tray Resin 500ml. B\u1ec1 m\u1eb7t nh\u1eb5n, \u0111\u1ed9 ch\u00ednh x\u00e1c cao, \u0111\u1ed9 b\u1ec1n, \u0111\u1ed9 d\u1ebbo dai t\u1ed1t, th\u00edch h\u1ee3p c\u00e1c v\u1eadt li\u1ec7u l\u1ea5y d\u1ea5u t\u00f9y ch\u1ec9nh nha khoa.\",\"breadcrumb\":{\"@id\":\"https:\/\/nge.vn\/san-pham\/nhua-in-3d-nha-khoa-ct100-custom-tray-resin-500ml\/#breadcrumb\"},\"inLanguage\":\"en-US\",\"potentialAction\":[{\"@type\":\"ReadAction\",\"target\":[\"https:\/\/nge.vn\/san-pham\/nhua-in-3d-nha-khoa-ct100-custom-tray-resin-500ml\/\"]}]},{\"@type\":\"ImageObject\",\"inLanguage\":\"en-US\",\"@id\":\"https:\/\/nge.vn\/san-pham\/nhua-in-3d-nha-khoa-ct100-custom-tray-resin-500ml\/#primaryimage\",\"url\":\"https:\/\/nge.vn\/wp-content\/uploads\/2025\/08\/vn-11134207-7ras8-m3h8hserqrkx8f_tn.jpeg\",\"contentUrl\":\"https:\/\/nge.vn\/wp-content\/uploads\/2025\/08\/vn-11134207-7ras8-m3h8hserqrkx8f_tn.jpeg\",\"width\":320,\"height\":320},{\"@type\":\"BreadcrumbList\",\"@id\":\"https:\/\/nge.vn\/san-pham\/nhua-in-3d-nha-khoa-ct100-custom-tray-resin-500ml\/#breadcrumb\",\"itemListElement\":[{\"@type\":\"ListItem\",\"position\":1,\"name\":\"Trang ch\u1ee7\",\"item\":\"https:\/\/nge.vn\/\"},{\"@type\":\"ListItem\",\"position\":2,\"name\":\"S\u1ea3n ph\u1ea9m\",\"item\":\"https:\/\/nge.vn\/san-pham\/\"},{\"@type\":\"ListItem\",\"position\":3,\"name\":\"Nh\u1ef1a in 3d nha khoa CT100 Custom Tray Resin 500ml\"}]},{\"@type\":\"WebSite\",\"@id\":\"https:\/\/nge.vn\/#website\",\"url\":\"https:\/\/nge.vn\/\",\"name\":\"NGE 3D Printers Services\",\"description\":\"\",\"potentialAction\":[{\"@type\":\"SearchAction\",\"target\":{\"@type\":\"EntryPoint\",\"urlTemplate\":\"https:\/\/nge.vn\/?s={search_term_string}\"},\"query-input\":{\"@type\":\"PropertyValueSpecification\",\"valueRequired\":true,\"valueName\":\"search_term_string\"}}],\"inLanguage\":\"en-US\"}]}<\/script>\n<!-- \/ Yoast SEO Premium plugin. -->","yoast_head_json":{"title":"Nh\u1ef1a in 3d nha khoa CT100 Custom Tray Resin 500ml - NGE 3D Printers Services","description":"Nh\u1ef1a in 3D nha khoa CT100 Custom Tray Resin 500ml. B\u1ec1 m\u1eb7t nh\u1eb5n, \u0111\u1ed9 ch\u00ednh x\u00e1c cao, \u0111\u1ed9 b\u1ec1n, \u0111\u1ed9 d\u1ebbo dai t\u1ed1t, th\u00edch h\u1ee3p c\u00e1c v\u1eadt li\u1ec7u l\u1ea5y d\u1ea5u t\u00f9y ch\u1ec9nh nha khoa.","robots":{"index":"index","follow":"follow","max-snippet":"max-snippet:-1","max-image-preview":"max-image-preview:large","max-video-preview":"max-video-preview:-1"},"canonical":"https:\/\/nge.vn\/en\/product\/nhua-in-3d-nha-khoa-ct100-custom-tray-resin-500ml\/","og_locale":"en_US","og_type":"article","og_title":"Nh\u1ef1a in 3d nha khoa CT100 Custom Tray Resin 500ml","og_description":"Nh\u1ef1a in 3D nha khoa CT100 Custom Tray Resin 500ml. B\u1ec1 m\u1eb7t nh\u1eb5n, \u0111\u1ed9 ch\u00ednh x\u00e1c cao, \u0111\u1ed9 b\u1ec1n, \u0111\u1ed9 d\u1ebbo dai t\u1ed1t, th\u00edch h\u1ee3p c\u00e1c v\u1eadt li\u1ec7u l\u1ea5y d\u1ea5u t\u00f9y ch\u1ec9nh nha khoa.","og_url":"https:\/\/nge.vn\/en\/product\/nhua-in-3d-nha-khoa-ct100-custom-tray-resin-500ml\/","og_site_name":"NGE 3D Printers Services","og_image":[{"width":320,"height":320,"url":"https:\/\/nge.vn\/wp-content\/uploads\/2025\/08\/vn-11134207-7ras8-m3h8hserqrkx8f_tn.jpeg","type":"image\/jpeg"}],"twitter_card":"summary_large_image","twitter_misc":{"Est. reading time":"3 minutes"},"schema":{"@context":"https:\/\/schema.org","@graph":[{"@type":"WebPage","@id":"https:\/\/nge.vn\/san-pham\/nhua-in-3d-nha-khoa-ct100-custom-tray-resin-500ml\/","url":"https:\/\/nge.vn\/san-pham\/nhua-in-3d-nha-khoa-ct100-custom-tray-resin-500ml\/","name":"Nh\u1ef1a in 3d nha khoa CT100 Custom Tray Resin 500ml - NGE 3D Printers Services","isPartOf":{"@id":"https:\/\/nge.vn\/#website"},"primaryImageOfPage":{"@id":"https:\/\/nge.vn\/san-pham\/nhua-in-3d-nha-khoa-ct100-custom-tray-resin-500ml\/#primaryimage"},"image":{"@id":"https:\/\/nge.vn\/san-pham\/nhua-in-3d-nha-khoa-ct100-custom-tray-resin-500ml\/#primaryimage"},"thumbnailUrl":"https:\/\/nge.vn\/wp-content\/uploads\/2025\/08\/vn-11134207-7ras8-m3h8hserqrkx8f_tn.jpeg","datePublished":"2025-08-06T09:31:33+00:00","description":"Nh\u1ef1a in 3D nha khoa CT100 Custom Tray Resin 500ml. B\u1ec1 m\u1eb7t nh\u1eb5n, \u0111\u1ed9 ch\u00ednh x\u00e1c cao, \u0111\u1ed9 b\u1ec1n, \u0111\u1ed9 d\u1ebbo dai t\u1ed1t, th\u00edch h\u1ee3p c\u00e1c v\u1eadt li\u1ec7u l\u1ea5y d\u1ea5u t\u00f9y ch\u1ec9nh nha khoa.","breadcrumb":{"@id":"https:\/\/nge.vn\/san-pham\/nhua-in-3d-nha-khoa-ct100-custom-tray-resin-500ml\/#breadcrumb"},"inLanguage":"en-US","potentialAction":[{"@type":"ReadAction","target":["https:\/\/nge.vn\/san-pham\/nhua-in-3d-nha-khoa-ct100-custom-tray-resin-500ml\/"]}]},{"@type":"ImageObject","inLanguage":"en-US","@id":"https:\/\/nge.vn\/san-pham\/nhua-in-3d-nha-khoa-ct100-custom-tray-resin-500ml\/#primaryimage","url":"https:\/\/nge.vn\/wp-content\/uploads\/2025\/08\/vn-11134207-7ras8-m3h8hserqrkx8f_tn.jpeg","contentUrl":"https:\/\/nge.vn\/wp-content\/uploads\/2025\/08\/vn-11134207-7ras8-m3h8hserqrkx8f_tn.jpeg","width":320,"height":320},{"@type":"BreadcrumbList","@id":"https:\/\/nge.vn\/san-pham\/nhua-in-3d-nha-khoa-ct100-custom-tray-resin-500ml\/#breadcrumb","itemListElement":[{"@type":"ListItem","position":1,"name":"Trang ch\u1ee7","item":"https:\/\/nge.vn\/"},{"@type":"ListItem","position":2,"name":"S\u1ea3n ph\u1ea9m","item":"https:\/\/nge.vn\/san-pham\/"},{"@type":"ListItem","position":3,"name":"Nh\u1ef1a in 3d nha khoa CT100 Custom Tray Resin 500ml"}]},{"@type":"WebSite","@id":"https:\/\/nge.vn\/#website","url":"https:\/\/nge.vn\/","name":"NGE 3D Printers Services","description":"","potentialAction":[{"@type":"SearchAction","target":{"@type":"EntryPoint","urlTemplate":"https:\/\/nge.vn\/?s={search_term_string}"},"query-input":{"@type":"PropertyValueSpecification","valueRequired":true,"valueName":"search_term_string"}}],"inLanguage":"en-US"}]}},"_links":{"self":[{"href":"https:\/\/nge.vn\/en\/wp-json\/wp\/v2\/product\/6418","targetHints":{"allow":["GET"]}}],"collection":[{"href":"https:\/\/nge.vn\/en\/wp-json\/wp\/v2\/product"}],"about":[{"href":"https:\/\/nge.vn\/en\/wp-json\/wp\/v2\/types\/product"}],"replies":[{"embeddable":true,"href":"https:\/\/nge.vn\/en\/wp-json\/wp\/v2\/comments?post=6418"}],"wp:featuredmedia":[{"embeddable":true,"href":"https:\/\/nge.vn\/en\/wp-json\/wp\/v2\/media\/6423"}],"wp:attachment":[{"href":"https:\/\/nge.vn\/en\/wp-json\/wp\/v2\/media?parent=6418"}],"wp:term":[{"taxonomy":"product_brand","embeddable":true,"href":"https:\/\/nge.vn\/en\/wp-json\/wp\/v2\/product_brand?post=6418"},{"taxonomy":"product_cat","embeddable":true,"href":"https:\/\/nge.vn\/en\/wp-json\/wp\/v2\/product_cat?post=6418"},{"taxonomy":"product_tag","embeddable":true,"href":"https:\/\/nge.vn\/en\/wp-json\/wp\/v2\/product_tag?post=6418"}],"curies":[{"name":"wp","href":"https:\/\/api.w.org\/{rel}","templated":true}]}}