{"id":6413,"date":"2025-08-06T16:08:25","date_gmt":"2025-08-06T09:08:25","guid":{"rendered":"https:\/\/nge.vn\/?post_type=product&#038;p=6413"},"modified":"2025-08-06T16:08:26","modified_gmt":"2025-08-06T09:08:26","slug":"ong-dan-soi-nhua-cho-dong-may-in-3d-creality-k1-series-teflon-tube-kit-2m","status":"publish","type":"product","link":"https:\/\/nge.vn\/en\/product\/ong-dan-soi-nhua-cho-dong-may-in-3d-creality-k1-series-teflon-tube-kit-2m\/","title":{"rendered":"\u1ed0ng d\u1eabn s\u1ee3i nh\u1ef1a cho d\u00f2ng m\u00e1y in 3d Creality K1 Series Teflon Tube Kit 2M"},"content":{"rendered":"<h4 data-start=\"1032\" data-end=\"1103\"><strong data-start=\"1037\" data-end=\"1101\">\u1ed0ng d\u1eabn s\u1ee3i nh\u1ef1a Teflon Tube Kit 2M \u2013 Ch\u00ednh h\u00e3ng Creality 3D<\/strong><\/h4>\n<p data-start=\"1104\" data-end=\"1234\">\u2714\ufe0f Nh\u1eadp kh\u1ea9u t\u1eeb Nh\u1eadt B\u1ea3n<br data-start=\"1128\" data-end=\"1131\" \/>\u2714\ufe0f \u0110\u01b0\u1eddng k\u00ednh trong chu\u1ea9n x\u00e1c<br data-start=\"1160\" data-end=\"1163\" \/>\u2714\ufe0f Ch\u1ecbu nhi\u1ec7t t\u1edbi <strong data-start=\"1181\" data-end=\"1189\">260\u2103<\/strong><br data-start=\"1189\" data-end=\"1192\" \/>\u2714\ufe0f Truy\u1ec1n s\u1ee3i m\u01b0\u1ee3t m\u00e0, <strong data-start=\"1215\" data-end=\"1234\">ch\u1ed1ng t\u1eafc ngh\u1ebdn<\/strong><\/p>\n<hr data-start=\"1236\" data-end=\"1239\" \/>\n<h3 data-start=\"1241\" data-end=\"1299\"><em data-start=\"1245\" data-end=\"1299\">T\u1ea1i sao b\u1ea1n n\u00ean ch\u1ecdn \u1ed1ng Teflon ch\u00ednh h\u00e3ng Creality?<\/em><\/h3>\n<h4 data-start=\"1301\" data-end=\"1361\">\u2705 <strong data-start=\"1308\" data-end=\"1361\">Ch\u1ea5t li\u1ec7u nh\u1ef1a PTFE cao c\u1ea5p (Nh\u1eadp kh\u1ea9u Nh\u1eadt B\u1ea3n):<\/strong><\/h4>\n<ul data-start=\"1362\" data-end=\"1559\">\n<li data-start=\"1362\" data-end=\"1459\">\n<p data-start=\"1364\" data-end=\"1459\">Nh\u1ef1a PTFE l\u00e0 lo\u1ea1i v\u1eadt li\u1ec7u c\u00f3 h\u1ec7 s\u1ed1 ma s\u00e1t c\u1ef1c th\u1ea5p (0.04), ch\u1ed1ng d\u00ednh, m\u1ec1m d\u1ebbo v\u00e0 linh ho\u1ea1t.<\/p>\n<\/li>\n<li data-start=\"1460\" data-end=\"1559\">\n<p data-start=\"1462\" data-end=\"1559\"><strong data-start=\"1462\" data-end=\"1506\">Kh\u1ea3 n\u0103ng ch\u1ecbu nhi\u1ec7t c\u1ef1c cao l\u00ean \u0111\u1ebfn 260\u2103<\/strong>, kh\u00f4ng b\u1ecb cacbon h\u00f3a khi in li\u00ean t\u1ee5c \u1edf nhi\u1ec7t \u0111\u1ed9 cao.<\/p>\n<\/li>\n<\/ul>\n<h4 data-start=\"1561\" data-end=\"1621\">\u2705 <strong data-start=\"1568\" data-end=\"1621\">\u0110\u01b0\u1eddng k\u00ednh trong \u0111\u1ed3ng \u0111\u1ec1u \u2013 Truy\u1ec1n s\u1ee3i ch\u00ednh x\u00e1c:<\/strong><\/h4>\n<ul data-start=\"1622\" data-end=\"1763\">\n<li data-start=\"1622\" data-end=\"1667\">\n<p data-start=\"1624\" data-end=\"1667\">Thi\u1ebft k\u1ebf \u0111\u1eb7c bi\u1ec7t cho d\u00e2y t\u00f3c <strong data-start=\"1654\" data-end=\"1664\">1.75mm<\/strong>.<\/p>\n<\/li>\n<li data-start=\"1668\" data-end=\"1763\">\n<p data-start=\"1670\" data-end=\"1763\">\u0110\u01b0\u1eddng k\u00ednh trong <strong data-start=\"1687\" data-end=\"1696\">2.5mm<\/strong>, chu\u1ea9n x\u00e1c gi\u00fap truy\u1ec1n s\u1ee3i m\u01b0\u1ee3t m\u00e0 v\u00e0 \u1ed5n \u0111\u1ecbnh, gi\u1ea3m thi\u1ec3u k\u1eb9t t\u1eafc.<\/p>\n<\/li>\n<\/ul>\n<h4 data-start=\"1765\" data-end=\"1805\">\u2705 <strong data-start=\"1772\" data-end=\"1805\">Ch\u1ed1ng \u0103n m\u00f2n \u2013 Ch\u1ed1ng l\u00e3o h\u00f3a:<\/strong><\/h4>\n<ul data-start=\"1806\" data-end=\"1925\">\n<li data-start=\"1806\" data-end=\"1856\">\n<p data-start=\"1808\" data-end=\"1856\">B\u1ec1n b\u1ec9 tr\u01b0\u1edbc h\u00f3a ch\u1ea5t, m\u00f4i tr\u01b0\u1eddng kh\u1eafc nghi\u1ec7t.<\/p>\n<\/li>\n<li data-start=\"1857\" data-end=\"1925\">\n<p data-start=\"1859\" data-end=\"1925\">Kh\u00f4ng \u0111\u1ed9c h\u1ea1i, kh\u00f4ng d\u00ednh, kh\u00f4ng bi\u1ebfn d\u1ea1ng theo th\u1eddi gian s\u1eed d\u1ee5ng.<\/p>\n<\/li>\n<\/ul>\n<h4 data-start=\"1927\" data-end=\"1972\">\u2705 <strong data-start=\"1934\" data-end=\"1972\">Ph\u1ee5 ki\u1ec7n ch\u1ea5t l\u01b0\u1ee3ng cao \u2013 \u0110a d\u1ee5ng:<\/strong><\/h4>\n<ul data-start=\"1973\" data-end=\"2126\">\n<li data-start=\"1973\" data-end=\"2126\">\n<p data-start=\"1975\" data-end=\"2126\">D\u00f9ng \u0111\u01b0\u1ee3c cho h\u1ea7u h\u1ebft c\u00e1c m\u00e1y in 3D FDM, \u0111\u1eb7c bi\u1ec7t t\u01b0\u01a1ng th\u00edch v\u1edbi:<br data-start=\"2041\" data-end=\"2044\" \/><strong data-start=\"2044\" data-end=\"2126\">Creality K1 \/ K1C \/ K1 Max \/ Ender-3 V3 \/ Ender-3 V3 Plus\u2026 v\u00e0 c\u1ea3 DIY printers.<\/strong><\/p>\n<\/li>\n<\/ul>\n<hr data-start=\"2128\" data-end=\"2131\" \/>\n<h3 data-start=\"2133\" data-end=\"2197\">\u26a0\ufe0f <strong data-start=\"2140\" data-end=\"2195\">C\u1ea3nh b\u00e1o v\u1edbi \u1ed1ng Teflon gi\u00e1 r\u1ebb \u2013 Kh\u00f4ng th\u01b0\u01a1ng hi\u1ec7u:<\/strong><\/h3>\n<p data-start=\"2198\" data-end=\"2525\">Tr\u00ean th\u1ecb tr\u01b0\u1eddng hi\u1ec7n c\u00f3 nhi\u1ec1u lo\u1ea1i \u1ed1ng teflon r\u1ebb, ch\u1ea5t l\u01b0\u1ee3ng k\u00e9m v\u1edbi \u0111\u01b0\u1eddng k\u00ednh trong kh\u00f4ng \u0111\u1ed3ng \u0111\u1ec1u, ch\u1ecbu nhi\u1ec7t k\u00e9m d\u1ec5 g\u00e2y t\u1eafc nh\u1ef1a \u2013 \u0111\u1eb7c bi\u1ec7t khi k\u1ebft h\u1ee3p v\u1edbi s\u1ee3i nh\u1ef1a kh\u00f4ng \u0111\u1ea1t chu\u1ea9n. \u0110i\u1ec1u n\u00e0y g\u00e2y m\u1ea5t th\u1eddi gian, t\u1ed1n chi ph\u00ed v\u00e0 \u1ea3nh h\u01b0\u1edfng \u0111\u1ebfn k\u1ebft qu\u1ea3 in.<br data-start=\"2452\" data-end=\"2455\" \/><strong data-start=\"2455\" data-end=\"2525\">\u2192 Lu\u00f4n l\u1ef1a ch\u1ecdn s\u1ea3n ph\u1ea9m ch\u00ednh h\u00e3ng \u0111\u1ec3 \u0111\u1ea3m b\u1ea3o hi\u1ec7u qu\u1ea3 v\u00e0 \u0111\u1ed9 b\u1ec1n.<\/strong><\/p>\n<hr data-start=\"2527\" data-end=\"2530\" \/>\n<h3 data-start=\"2532\" data-end=\"2570\">\ud83d\udd27 <strong data-start=\"2539\" data-end=\"2570\">Th\u00f4ng s\u1ed1 k\u1ef9 thu\u1eadt s\u1ea3n ph\u1ea9m:<\/strong><\/h3>\n<ul data-start=\"2572\" data-end=\"2765\">\n<li data-start=\"2572\" data-end=\"2612\">\n<p data-start=\"2574\" data-end=\"2612\"><strong data-start=\"2574\" data-end=\"2591\">T\u00ean s\u1ea3n ph\u1ea9m:<\/strong> Teflon Tube Kit 2M<\/p>\n<\/li>\n<li data-start=\"2613\" data-end=\"2649\">\n<p data-start=\"2615\" data-end=\"2649\"><strong data-start=\"2615\" data-end=\"2629\">Ch\u1ea5t li\u1ec7u:<\/strong> Nh\u1ef1a PTFE cao c\u1ea5p<\/p>\n<\/li>\n<li data-start=\"2650\" data-end=\"2676\">\n<p data-start=\"2652\" data-end=\"2676\"><strong data-start=\"2652\" data-end=\"2666\">Chi\u1ec1u d\u00e0i:<\/strong> \u2265 200cm<\/p>\n<\/li>\n<li data-start=\"2677\" data-end=\"2701\">\n<p data-start=\"2679\" data-end=\"2701\"><strong data-start=\"2679\" data-end=\"2695\">Tr\u1ecdng l\u01b0\u1ee3ng:<\/strong> 42g<\/p>\n<\/li>\n<li data-start=\"2702\" data-end=\"2733\">\n<p data-start=\"2704\" data-end=\"2733\"><strong data-start=\"2704\" data-end=\"2725\">\u0110\u01b0\u1eddng k\u00ednh trong:<\/strong> 2.5mm<\/p>\n<\/li>\n<li data-start=\"2734\" data-end=\"2765\">\n<p data-start=\"2736\" data-end=\"2765\"><strong data-start=\"2736\" data-end=\"2752\">M\u00e3 s\u1ea3n ph\u1ea9m:<\/strong> 4004200026<\/p>\n<\/li>\n<\/ul>\n<hr data-start=\"2767\" data-end=\"2770\" \/>\n<p data-start=\"2772\" data-end=\"2916\">\ud83d\udce6 <strong data-start=\"2775\" data-end=\"2791\">S\u1eed d\u1ee5ng cho:<\/strong><br data-start=\"2791\" data-end=\"2794\" \/>3D Printer <strong data-start=\"2804\" data-end=\"2862\">Creality K1, K1C, K1 Max, Ender-3 V3, Ender-3 V3 Plus\u2026<\/strong> v\u00e0 c\u00e1c d\u00f2ng m\u00e1y FDM kh\u00e1c tr\u00ean th\u1ecb tr\u01b0\u1eddng (k\u1ec3 c\u1ea3 DIY).<\/p>\n<blockquote class=\"wp-embedded-content\" data-secret=\"TJCzLpYw2d\"><p><a href=\"https:\/\/nge.vn\/en\/product\/may-in-3d-creality-ender-3-v3-ke-printing-max-500mms\/\">Creality Ender 3 V3 KE 3d printer fully automatic table balance...high precision and speed Max 500mm\/s<\/a><\/p><\/blockquote>\n<p><iframe loading=\"lazy\" class=\"wp-embedded-content\" sandbox=\"allow-scripts\" security=\"restricted\" style=\"position: absolute; visibility: hidden;\" title=\"&#8220;M\u00e1y in 3d Creality Ender 3 V3 KE c\u00e2n b\u00e0n ho\u00e0n to\u00e0n t\u1ef1 \u0111\u1ed9ng&#8230;\u0111\u1ed9 ch\u00ednh x\u00e1c v\u00e0 t\u1ed1c \u0111\u1ed9 cao Max 500mm\/s&#8221; &#8212; NGE 3D Printers Services\" src=\"https:\/\/nge.vn\/san-pham\/may-in-3d-creality-ender-3-v3-ke-printing-max-500mms\/embed\/#?secret=wPNaxIhg0D#?secret=TJCzLpYw2d\" data-secret=\"TJCzLpYw2d\" width=\"600\" height=\"338\" frameborder=\"0\" marginwidth=\"0\" marginheight=\"0\" scrolling=\"no\"><\/iframe><\/p>\n<p data-start=\"2772\" data-end=\"2916\">-\u0110\u00e2y l\u00e0 c\u00e1c trang b\u00e1n h\u00e0ng b\u00ean m\u00ecnh NGE 3D Printer Services chuy\u00ean cung c\u1ea5p Nh\u1ef1a in 3D v\u00e0 M\u00e1y in 3D c\u1ee7a H\u00e3ng ESUN, Flsun, BIQU, Creality, eMake3d&#8230;<br \/>\n\ud83d\uded2Shopee =&gt; https:\/\/shopee.vn\/nge3dprinter<br \/>\n\ud83d\uded2Shopee =&gt; https:\/\/shopee.vn\/nge3dservices<br \/>\n\ud83d\uded2Shopee Voron v\u00e0 eMake3D =&gt; https:\/\/shopee.vn\/3dmasterpower<br \/>\n\ud83d\uded2Shopee eMake3D =&gt; https:\/\/shopee.vn\/nge3dprinting<br \/>\n\ud83d\uded2Lazada =&gt; https:\/\/www.lazada.vn\/shop\/nge-3d-printer<br \/>\n\ud83d\uded2Lazada =&gt; https:\/\/www.lazada.vn\/shop\/nge-3d-printer-services<br \/>\n\ud83d\uded2Lazada =&gt; https:\/\/www.lazada.vn\/shop\/emake3d-vn<br \/>\n\ud83d\uded2Webslite Th\u1ebf H\u1ec7 K\u1ebf Ti\u1ebfp =&gt;https:\/\/www.theheketiep.com\/<br \/>\n\ud83d\uded2Webslite NGE.VN =&gt;https:\/\/www.nge.vn\/<br \/>\nHo\u1eb7c b\u1ea1n g\u1ecdi 094.144.0951 g\u1eb7p m\u00ecnh<br \/>\nHo\u1eb7c 0913939775 g\u1eb7p anh Qu\u00e2n<br \/>\n** Price does not include VAT (+8 or 10% if VAT invoice is issued)<\/p>","protected":false},"excerpt":{"rendered":"<p data-start=\"352\" data-end=\"568\">\u1ed0ng Teflon Tube Kit 2M ch\u00ednh h\u00e3ng Creality, ch\u1ea5t li\u1ec7u nh\u1ef1a PTFE nh\u1eadp kh\u1ea9u t\u1eeb Nh\u1eadt B\u1ea3n, ch\u1ecbu nhi\u1ec7t l\u00ean \u0111\u1ebfn 260\u2103, \u0111\u01b0\u1eddng k\u00ednh trong ch\u00ednh x\u00e1c, \u0111\u1ea3m b\u1ea3o truy\u1ec1n s\u1ee3i nh\u1ef1a m\u01b0\u1ee3t m\u00e0, kh\u00f4ng t\u1eafc ngh\u1ebdn, ph\u00f9 h\u1ee3p m\u1ecdi m\u00e1y in 3D FDM.<\/p>","protected":false},"featured_media":6414,"comment_status":"open","ping_status":"closed","template":"","meta":{"inline_featured_image":false},"product_brand":[],"product_cat":[40,56],"product_tag":[852,495,663,851,850],"class_list":{"0":"post-6413","1":"product","2":"type-product","3":"status-publish","4":"has-post-thumbnail","6":"product_cat-linh-kien-va-phu-kien","7":"product_cat-linh-phu-kien-may-in-3d-creality","8":"product_tag-2m","9":"product_tag-creality","10":"product_tag-nge3d","11":"product_tag-teflon","12":"product_tag-tube","14":"first","15":"instock","16":"taxable","17":"shipping-taxable","18":"purchasable","19":"product-type-simple"},"yoast_head":"<!-- This site is optimized with the Yoast SEO Premium plugin v22.8 (Yoast SEO v26.9) - https:\/\/yoast.com\/product\/yoast-seo-premium-wordpress\/ -->\n<title>\u1ed0ng d\u1eabn s\u1ee3i nh\u1ef1a cho d\u00f2ng m\u00e1y in 3d Creality K1 Series Teflon Tube Kit 2M - NGE 3D Printers Services<\/title>\n<meta name=\"description\" content=\"\u1ed0ng Teflon Tube Kit 2M ch\u00ednh h\u00e3ng Creality, ch\u1ea5t li\u1ec7u nh\u1ef1a PTFE nh\u1eadp kh\u1ea9u t\u1eeb Nh\u1eadt B\u1ea3n, ch\u1ecbu nhi\u1ec7t l\u00ean \u0111\u1ebfn 260\u2103, truy\u1ec1n s\u1ee3i nh\u1ef1a m\u01b0\u1ee3t m\u00e0, kh\u00f4ng t\u1eafc ngh\u1ebdn.\" \/>\n<meta name=\"robots\" content=\"index, follow, max-snippet:-1, max-image-preview:large, max-video-preview:-1\" \/>\n<link rel=\"canonical\" href=\"https:\/\/nge.vn\/en\/product\/ong-dan-soi-nhua-cho-dong-may-in-3d-creality-k1-series-teflon-tube-kit-2m\/\" \/>\n<meta property=\"og:locale\" content=\"en_US\" \/>\n<meta property=\"og:type\" content=\"article\" \/>\n<meta property=\"og:title\" content=\"\u1ed0ng d\u1eabn s\u1ee3i nh\u1ef1a cho d\u00f2ng m\u00e1y in 3d Creality K1 Series Teflon Tube Kit 2M\" \/>\n<meta property=\"og:description\" content=\"\u1ed0ng Teflon Tube Kit 2M ch\u00ednh h\u00e3ng Creality, ch\u1ea5t li\u1ec7u nh\u1ef1a PTFE nh\u1eadp kh\u1ea9u t\u1eeb Nh\u1eadt B\u1ea3n, ch\u1ecbu nhi\u1ec7t l\u00ean \u0111\u1ebfn 260\u2103, truy\u1ec1n s\u1ee3i nh\u1ef1a m\u01b0\u1ee3t m\u00e0, kh\u00f4ng t\u1eafc ngh\u1ebdn.\" \/>\n<meta property=\"og:url\" content=\"https:\/\/nge.vn\/en\/product\/ong-dan-soi-nhua-cho-dong-may-in-3d-creality-k1-series-teflon-tube-kit-2m\/\" \/>\n<meta property=\"og:site_name\" content=\"NGE 3D Printers Services\" \/>\n<meta property=\"article:modified_time\" content=\"2025-08-06T09:08:26+00:00\" \/>\n<meta property=\"og:image\" content=\"https:\/\/nge.vn\/wp-content\/uploads\/2025\/08\/vn-11134207-7ras8-m3hq41yfm4s587_tn.jpeg\" \/>\n\t<meta property=\"og:image:width\" content=\"320\" \/>\n\t<meta property=\"og:image:height\" content=\"320\" \/>\n\t<meta property=\"og:image:type\" content=\"image\/jpeg\" \/>\n<meta name=\"twitter:card\" content=\"summary_large_image\" \/>\n<meta name=\"twitter:label1\" content=\"Est. reading time\" \/>\n\t<meta name=\"twitter:data1\" content=\"3 minutes\" \/>\n<script type=\"application\/ld+json\" class=\"yoast-schema-graph\">{\"@context\":\"https:\/\/schema.org\",\"@graph\":[{\"@type\":\"WebPage\",\"@id\":\"https:\/\/nge.vn\/san-pham\/ong-dan-soi-nhua-cho-dong-may-in-3d-creality-k1-series-teflon-tube-kit-2m\/\",\"url\":\"https:\/\/nge.vn\/san-pham\/ong-dan-soi-nhua-cho-dong-may-in-3d-creality-k1-series-teflon-tube-kit-2m\/\",\"name\":\"\u1ed0ng d\u1eabn s\u1ee3i nh\u1ef1a cho d\u00f2ng m\u00e1y in 3d Creality K1 Series Teflon Tube Kit 2M - NGE 3D Printers Services\",\"isPartOf\":{\"@id\":\"https:\/\/nge.vn\/#website\"},\"primaryImageOfPage\":{\"@id\":\"https:\/\/nge.vn\/san-pham\/ong-dan-soi-nhua-cho-dong-may-in-3d-creality-k1-series-teflon-tube-kit-2m\/#primaryimage\"},\"image\":{\"@id\":\"https:\/\/nge.vn\/san-pham\/ong-dan-soi-nhua-cho-dong-may-in-3d-creality-k1-series-teflon-tube-kit-2m\/#primaryimage\"},\"thumbnailUrl\":\"https:\/\/nge.vn\/wp-content\/uploads\/2025\/08\/vn-11134207-7ras8-m3hq41yfm4s587_tn.jpeg\",\"datePublished\":\"2025-08-06T09:08:25+00:00\",\"dateModified\":\"2025-08-06T09:08:26+00:00\",\"description\":\"\u1ed0ng Teflon Tube Kit 2M ch\u00ednh h\u00e3ng Creality, ch\u1ea5t li\u1ec7u nh\u1ef1a PTFE nh\u1eadp kh\u1ea9u t\u1eeb Nh\u1eadt B\u1ea3n, ch\u1ecbu nhi\u1ec7t l\u00ean \u0111\u1ebfn 260\u2103, truy\u1ec1n s\u1ee3i nh\u1ef1a m\u01b0\u1ee3t m\u00e0, kh\u00f4ng t\u1eafc ngh\u1ebdn.\",\"breadcrumb\":{\"@id\":\"https:\/\/nge.vn\/san-pham\/ong-dan-soi-nhua-cho-dong-may-in-3d-creality-k1-series-teflon-tube-kit-2m\/#breadcrumb\"},\"inLanguage\":\"en-US\",\"potentialAction\":[{\"@type\":\"ReadAction\",\"target\":[\"https:\/\/nge.vn\/san-pham\/ong-dan-soi-nhua-cho-dong-may-in-3d-creality-k1-series-teflon-tube-kit-2m\/\"]}]},{\"@type\":\"ImageObject\",\"inLanguage\":\"en-US\",\"@id\":\"https:\/\/nge.vn\/san-pham\/ong-dan-soi-nhua-cho-dong-may-in-3d-creality-k1-series-teflon-tube-kit-2m\/#primaryimage\",\"url\":\"https:\/\/nge.vn\/wp-content\/uploads\/2025\/08\/vn-11134207-7ras8-m3hq41yfm4s587_tn.jpeg\",\"contentUrl\":\"https:\/\/nge.vn\/wp-content\/uploads\/2025\/08\/vn-11134207-7ras8-m3hq41yfm4s587_tn.jpeg\",\"width\":320,\"height\":320},{\"@type\":\"BreadcrumbList\",\"@id\":\"https:\/\/nge.vn\/san-pham\/ong-dan-soi-nhua-cho-dong-may-in-3d-creality-k1-series-teflon-tube-kit-2m\/#breadcrumb\",\"itemListElement\":[{\"@type\":\"ListItem\",\"position\":1,\"name\":\"Trang ch\u1ee7\",\"item\":\"https:\/\/nge.vn\/\"},{\"@type\":\"ListItem\",\"position\":2,\"name\":\"S\u1ea3n ph\u1ea9m\",\"item\":\"https:\/\/nge.vn\/san-pham\/\"},{\"@type\":\"ListItem\",\"position\":3,\"name\":\"\u1ed0ng d\u1eabn s\u1ee3i nh\u1ef1a cho d\u00f2ng m\u00e1y in 3d Creality K1 Series Teflon Tube Kit 2M\"}]},{\"@type\":\"WebSite\",\"@id\":\"https:\/\/nge.vn\/#website\",\"url\":\"https:\/\/nge.vn\/\",\"name\":\"NGE 3D Printers Services\",\"description\":\"\",\"potentialAction\":[{\"@type\":\"SearchAction\",\"target\":{\"@type\":\"EntryPoint\",\"urlTemplate\":\"https:\/\/nge.vn\/?s={search_term_string}\"},\"query-input\":{\"@type\":\"PropertyValueSpecification\",\"valueRequired\":true,\"valueName\":\"search_term_string\"}}],\"inLanguage\":\"en-US\"}]}<\/script>\n<!-- \/ Yoast SEO Premium plugin. -->","yoast_head_json":{"title":"\u1ed0ng d\u1eabn s\u1ee3i nh\u1ef1a cho d\u00f2ng m\u00e1y in 3d Creality K1 Series Teflon Tube Kit 2M - NGE 3D Printers Services","description":"\u1ed0ng Teflon Tube Kit 2M ch\u00ednh h\u00e3ng Creality, ch\u1ea5t li\u1ec7u nh\u1ef1a PTFE nh\u1eadp kh\u1ea9u t\u1eeb Nh\u1eadt B\u1ea3n, ch\u1ecbu nhi\u1ec7t l\u00ean \u0111\u1ebfn 260\u2103, truy\u1ec1n s\u1ee3i nh\u1ef1a m\u01b0\u1ee3t m\u00e0, kh\u00f4ng t\u1eafc ngh\u1ebdn.","robots":{"index":"index","follow":"follow","max-snippet":"max-snippet:-1","max-image-preview":"max-image-preview:large","max-video-preview":"max-video-preview:-1"},"canonical":"https:\/\/nge.vn\/en\/product\/ong-dan-soi-nhua-cho-dong-may-in-3d-creality-k1-series-teflon-tube-kit-2m\/","og_locale":"en_US","og_type":"article","og_title":"\u1ed0ng d\u1eabn s\u1ee3i nh\u1ef1a cho d\u00f2ng m\u00e1y in 3d Creality K1 Series Teflon Tube Kit 2M","og_description":"\u1ed0ng Teflon Tube Kit 2M ch\u00ednh h\u00e3ng Creality, ch\u1ea5t li\u1ec7u nh\u1ef1a PTFE nh\u1eadp kh\u1ea9u t\u1eeb Nh\u1eadt B\u1ea3n, ch\u1ecbu nhi\u1ec7t l\u00ean \u0111\u1ebfn 260\u2103, truy\u1ec1n s\u1ee3i nh\u1ef1a m\u01b0\u1ee3t m\u00e0, kh\u00f4ng t\u1eafc ngh\u1ebdn.","og_url":"https:\/\/nge.vn\/en\/product\/ong-dan-soi-nhua-cho-dong-may-in-3d-creality-k1-series-teflon-tube-kit-2m\/","og_site_name":"NGE 3D Printers Services","article_modified_time":"2025-08-06T09:08:26+00:00","og_image":[{"width":320,"height":320,"url":"https:\/\/nge.vn\/wp-content\/uploads\/2025\/08\/vn-11134207-7ras8-m3hq41yfm4s587_tn.jpeg","type":"image\/jpeg"}],"twitter_card":"summary_large_image","twitter_misc":{"Est. reading time":"3 minutes"},"schema":{"@context":"https:\/\/schema.org","@graph":[{"@type":"WebPage","@id":"https:\/\/nge.vn\/san-pham\/ong-dan-soi-nhua-cho-dong-may-in-3d-creality-k1-series-teflon-tube-kit-2m\/","url":"https:\/\/nge.vn\/san-pham\/ong-dan-soi-nhua-cho-dong-may-in-3d-creality-k1-series-teflon-tube-kit-2m\/","name":"\u1ed0ng d\u1eabn s\u1ee3i nh\u1ef1a cho d\u00f2ng m\u00e1y in 3d Creality K1 Series Teflon Tube Kit 2M - NGE 3D Printers Services","isPartOf":{"@id":"https:\/\/nge.vn\/#website"},"primaryImageOfPage":{"@id":"https:\/\/nge.vn\/san-pham\/ong-dan-soi-nhua-cho-dong-may-in-3d-creality-k1-series-teflon-tube-kit-2m\/#primaryimage"},"image":{"@id":"https:\/\/nge.vn\/san-pham\/ong-dan-soi-nhua-cho-dong-may-in-3d-creality-k1-series-teflon-tube-kit-2m\/#primaryimage"},"thumbnailUrl":"https:\/\/nge.vn\/wp-content\/uploads\/2025\/08\/vn-11134207-7ras8-m3hq41yfm4s587_tn.jpeg","datePublished":"2025-08-06T09:08:25+00:00","dateModified":"2025-08-06T09:08:26+00:00","description":"\u1ed0ng Teflon Tube Kit 2M ch\u00ednh h\u00e3ng Creality, ch\u1ea5t li\u1ec7u nh\u1ef1a PTFE nh\u1eadp kh\u1ea9u t\u1eeb Nh\u1eadt B\u1ea3n, ch\u1ecbu nhi\u1ec7t l\u00ean \u0111\u1ebfn 260\u2103, truy\u1ec1n s\u1ee3i nh\u1ef1a m\u01b0\u1ee3t m\u00e0, kh\u00f4ng t\u1eafc ngh\u1ebdn.","breadcrumb":{"@id":"https:\/\/nge.vn\/san-pham\/ong-dan-soi-nhua-cho-dong-may-in-3d-creality-k1-series-teflon-tube-kit-2m\/#breadcrumb"},"inLanguage":"en-US","potentialAction":[{"@type":"ReadAction","target":["https:\/\/nge.vn\/san-pham\/ong-dan-soi-nhua-cho-dong-may-in-3d-creality-k1-series-teflon-tube-kit-2m\/"]}]},{"@type":"ImageObject","inLanguage":"en-US","@id":"https:\/\/nge.vn\/san-pham\/ong-dan-soi-nhua-cho-dong-may-in-3d-creality-k1-series-teflon-tube-kit-2m\/#primaryimage","url":"https:\/\/nge.vn\/wp-content\/uploads\/2025\/08\/vn-11134207-7ras8-m3hq41yfm4s587_tn.jpeg","contentUrl":"https:\/\/nge.vn\/wp-content\/uploads\/2025\/08\/vn-11134207-7ras8-m3hq41yfm4s587_tn.jpeg","width":320,"height":320},{"@type":"BreadcrumbList","@id":"https:\/\/nge.vn\/san-pham\/ong-dan-soi-nhua-cho-dong-may-in-3d-creality-k1-series-teflon-tube-kit-2m\/#breadcrumb","itemListElement":[{"@type":"ListItem","position":1,"name":"Trang ch\u1ee7","item":"https:\/\/nge.vn\/"},{"@type":"ListItem","position":2,"name":"S\u1ea3n ph\u1ea9m","item":"https:\/\/nge.vn\/san-pham\/"},{"@type":"ListItem","position":3,"name":"\u1ed0ng d\u1eabn s\u1ee3i nh\u1ef1a cho d\u00f2ng m\u00e1y in 3d Creality K1 Series Teflon Tube Kit 2M"}]},{"@type":"WebSite","@id":"https:\/\/nge.vn\/#website","url":"https:\/\/nge.vn\/","name":"NGE 3D Printers Services","description":"","potentialAction":[{"@type":"SearchAction","target":{"@type":"EntryPoint","urlTemplate":"https:\/\/nge.vn\/?s={search_term_string}"},"query-input":{"@type":"PropertyValueSpecification","valueRequired":true,"valueName":"search_term_string"}}],"inLanguage":"en-US"}]}},"_links":{"self":[{"href":"https:\/\/nge.vn\/en\/wp-json\/wp\/v2\/product\/6413","targetHints":{"allow":["GET"]}}],"collection":[{"href":"https:\/\/nge.vn\/en\/wp-json\/wp\/v2\/product"}],"about":[{"href":"https:\/\/nge.vn\/en\/wp-json\/wp\/v2\/types\/product"}],"replies":[{"embeddable":true,"href":"https:\/\/nge.vn\/en\/wp-json\/wp\/v2\/comments?post=6413"}],"wp:featuredmedia":[{"embeddable":true,"href":"https:\/\/nge.vn\/en\/wp-json\/wp\/v2\/media\/6414"}],"wp:attachment":[{"href":"https:\/\/nge.vn\/en\/wp-json\/wp\/v2\/media?parent=6413"}],"wp:term":[{"taxonomy":"product_brand","embeddable":true,"href":"https:\/\/nge.vn\/en\/wp-json\/wp\/v2\/product_brand?post=6413"},{"taxonomy":"product_cat","embeddable":true,"href":"https:\/\/nge.vn\/en\/wp-json\/wp\/v2\/product_cat?post=6413"},{"taxonomy":"product_tag","embeddable":true,"href":"https:\/\/nge.vn\/en\/wp-json\/wp\/v2\/product_tag?post=6413"}],"curies":[{"name":"wp","href":"https:\/\/api.w.org\/{rel}","templated":true}]}}