{"id":6407,"date":"2025-08-06T15:43:51","date_gmt":"2025-08-06T08:43:51","guid":{"rendered":"https:\/\/nge.vn\/?post_type=product&#038;p=6407"},"modified":"2025-08-15T15:18:50","modified_gmt":"2025-08-15T08:18:50","slug":"cam-bien-can-ban-tu-dong-ai-lidar-kit-cho-cac-may-creality-k1-max","status":"publish","type":"product","link":"https:\/\/nge.vn\/en\/product\/cam-bien-can-ban-tu-dong-ai-lidar-kit-cho-cac-may-creality-k1-max\/","title":{"rendered":"C\u1ea3m bi\u1ebfn c\u00e2n b\u00e0n t\u1ef1 \u0111\u1ed9ng AI LiDAR Kit cho c\u00e1c m\u00e1y Creality K1 Max"},"content":{"rendered":"<h4 data-start=\"1020\" data-end=\"1129\"><strong data-start=\"1025\" data-end=\"1129\">Versatile AI LiDAR Kit \u2013 C\u1ea3m bi\u1ebfn l\u1edbp \u0111\u1ea7u ti\u00ean th\u00f4ng minh, \u0111\u1ed9 ch\u00ednh x\u00e1c si\u00eau cao cho m\u00e1y in Creality<\/strong><\/h4>\n<hr data-start=\"1131\" data-end=\"1134\" \/>\n<h3 data-start=\"1136\" data-end=\"1193\"><em data-start=\"1140\" data-end=\"1193\">V\u1eabn c\u00f2n lo l\u1eafng v\u1ec1 l\u1edbp in \u0111\u1ea7u ti\u00ean? \u0110\u00e3 c\u00f3 AI LiDAR lo!<\/em><\/h3>\n<hr data-start=\"1195\" data-end=\"1198\" \/>\n<h4 data-start=\"1200\" data-end=\"1225\"><em data-start=\"1205\" data-end=\"1225\">T\u00ednh n\u0103ng n\u1ed5i b\u1eadt:<\/em><\/h4>\n<p data-start=\"1227\" data-end=\"1480\">\u2705 <strong data-start=\"1229\" data-end=\"1282\">Qu\u00e9t l\u1edbp \u0111\u1ea7u ti\u00ean v\u1edbi \u0111\u1ed9 ch\u00ednh x\u00e1c c\u1ef1c cao (1 \u03bcm)<\/strong><br data-start=\"1282\" data-end=\"1285\" \/>\u2705 <strong data-start=\"1287\" data-end=\"1340\">Ph\u00e1t hi\u1ec7n v\u00e0 c\u1ea3nh b\u00e1o l\u1ed7i l\u1edbp \u0111\u1ea7u ti\u00ean th\u00f4ng minh<\/strong><br data-start=\"1340\" data-end=\"1343\" \/>\u2705 <strong data-start=\"1345\" data-end=\"1400\">T\u1ea1m d\u1eebng in khi ph\u00e1t hi\u1ec7n l\u1ed7i \u0111\u1ec3 tr\u00e1nh h\u1ecfng m\u00f4 h\u00ecnh<\/strong><br data-start=\"1400\" data-end=\"1403\" \/>\u2705 <strong data-start=\"1405\" data-end=\"1438\">Thi\u1ebft k\u1ebf nh\u1ecf g\u1ecdn, d\u1ec5 t\u00edch h\u1ee3p<\/strong><br data-start=\"1438\" data-end=\"1441\" \/>\u2705 <strong data-start=\"1443\" data-end=\"1480\">T\u0103ng \u0111\u1ed9 tin c\u1eady v\u00e0 hi\u1ec7u qu\u1ea3 in 3D<\/strong><\/p>\n<hr data-start=\"1482\" data-end=\"1485\" \/>\n<h4 data-start=\"1487\" data-end=\"1540\"><em data-start=\"1492\" data-end=\"1540\">Ho\u1ea1t \u0111\u1ed9ng th\u00f4ng minh v\u1edbi \u0111\u1ed9 ch\u00ednh x\u00e1c c\u1ef1c cao:<\/em><\/h4>\n<p data-start=\"1542\" data-end=\"1748\">\ud83d\udd0d C\u1ea3m bi\u1ebfn LiDAR t\u00edch h\u1ee3p AI, qu\u00e9t to\u00e0n b\u1ed9 l\u1edbp \u0111\u1ea7u ti\u00ean v\u1edbi \u0111\u1ed9 ph\u00e2n gi\u1ea3i 1 micron.<br data-start=\"1625\" data-end=\"1628\" \/>\u26a0\ufe0f N\u1ebfu ph\u00e1t hi\u1ec7n s\u1ef1 c\u1ed1 (nh\u01b0 cong, bong tr\u00f3c ho\u1eb7c sai l\u1ec7ch), m\u00e1y s\u1ebd <strong data-start=\"1695\" data-end=\"1715\">t\u1ef1 \u0111\u1ed9ng t\u1ea1m d\u1eebng<\/strong> v\u00e0 g\u1eedi th\u00f4ng b\u00e1o cho ng\u01b0\u1eddi d\u00f9ng.<\/p>\n<hr data-start=\"1750\" data-end=\"1753\" \/>\n<h4 data-start=\"1755\" data-end=\"1802\"><em data-start=\"1760\" data-end=\"1802\">T\u01b0\u01a1ng th\u00edch v\u1edbi nhi\u1ec1u d\u00f2ng m\u00e1y Creality:<\/em><\/h4>\n<p data-start=\"1804\" data-end=\"1926\">\u2714\ufe0f <strong data-start=\"1807\" data-end=\"1842\">Creality K1 Max (h\u1ed7 tr\u1ee3 \u0111\u1ea7y \u0111\u1ee7)<\/strong><br data-start=\"1842\" data-end=\"1845\" \/>\u2714\ufe0f <strong data-start=\"1848\" data-end=\"1875\">Creality K1, K1C, K1 SE<\/strong> (\u26a0\ufe0f C\u1ea7n in th\u00eam part treo \u2013 li\u00ean h\u1ec7 tr\u01b0\u1edbc khi mua)<\/p>\n<hr data-start=\"1928\" data-end=\"1931\" \/>\n<h3 data-start=\"1933\" data-end=\"1959\"><em data-start=\"1937\" data-end=\"1957\">Th\u00f4ng s\u1ed1 k\u1ef9 thu\u1eadt:<\/em><\/h3>\n<ul data-start=\"1960\" data-end=\"2146\">\n<li data-start=\"1960\" data-end=\"2004\">\n<p data-start=\"1962\" data-end=\"2004\"><strong data-start=\"1962\" data-end=\"1979\">T\u00ean s\u1ea3n ph\u1ea9m:<\/strong> Versatile AI LiDAR Kit<\/p>\n<\/li>\n<li data-start=\"2005\" data-end=\"2036\">\n<p data-start=\"2007\" data-end=\"2036\"><strong data-start=\"2007\" data-end=\"2023\">M\u00e3 s\u1ea3n ph\u1ea9m:<\/strong> 4004010254<\/p>\n<\/li>\n<li data-start=\"2037\" data-end=\"2070\">\n<p data-start=\"2039\" data-end=\"2070\"><strong data-start=\"2039\" data-end=\"2052\">M\u00e3 model:<\/strong> LP1-DC4.5V~7V_1<\/p>\n<\/li>\n<li data-start=\"2071\" data-end=\"2106\">\n<p data-start=\"2073\" data-end=\"2106\"><strong data-start=\"2073\" data-end=\"2100\">Tr\u1ecdng l\u01b0\u1ee3ng t\u1ecbnh (N.W):<\/strong> 20g<\/p>\n<\/li>\n<li data-start=\"2107\" data-end=\"2146\">\n<p data-start=\"2109\" data-end=\"2146\"><strong data-start=\"2109\" data-end=\"2140\">Tr\u1ecdng l\u01b0\u1ee3ng \u0111\u00f3ng g\u00f3i (G.W):<\/strong> 75g<\/p>\n<\/li>\n<\/ul>\n<hr data-start=\"2148\" data-end=\"2151\" \/>\n<p data-start=\"2153\" data-end=\"2179\">\ud83d\udce6 <strong data-start=\"2156\" data-end=\"2177\">L\u01b0u \u00fd quan tr\u1ecdng:<\/strong><\/p>\n<ul data-start=\"2180\" data-end=\"2371\">\n<li data-start=\"2180\" data-end=\"2219\">\n<p data-start=\"2182\" data-end=\"2219\"><strong data-start=\"2182\" data-end=\"2217\">Kh\u00f4ng bao g\u1ed3m part treo \u0111i k\u00e8m.<\/strong><\/p>\n<\/li>\n<li data-start=\"2220\" data-end=\"2371\">\n<p data-start=\"2222\" data-end=\"2371\">\u0110\u1ed1i v\u1edbi c\u00e1c d\u00f2ng <strong data-start=\"2239\" data-end=\"2259\">K1 \/ K1C \/ K1 SE<\/strong>, <strong data-start=\"2261\" data-end=\"2311\">vui l\u00f2ng in th\u00eam part treo ri\u00eang cho LiDAR Kit<\/strong> ho\u1eb7c <strong data-start=\"2317\" data-end=\"2371\">li\u00ean h\u1ec7 v\u1edbi c\u1eeda h\u00e0ng \u0111\u1ec3 \u0111\u01b0\u1ee3c h\u1ed7 tr\u1ee3 tr\u01b0\u1edbc khi mua h\u00e0ng.<\/strong><\/p>\n<\/li>\n<\/ul>\n<blockquote class=\"wp-embedded-content\" data-secret=\"fWLjhkCcoi\"><p><a href=\"https:\/\/nge.vn\/en\/product\/may-in-3d-creality-k1-max-toc-do-cao-va-do-chinh-xac-cao-vung-in-303030cm\/\">M\u00e1y in 3d Creality K1 MAX \u0111\u1ed9 ch\u00ednh x\u00e1c cao size 30*30*30cm<\/a><\/p><\/blockquote>\n<p><iframe loading=\"lazy\" class=\"wp-embedded-content\" sandbox=\"allow-scripts\" security=\"restricted\" style=\"position: absolute; visibility: hidden;\" title=\"&#8220;M\u00e1y in 3d Creality K1 MAX \u0111\u1ed9 ch\u00ednh x\u00e1c cao size 30*30*30cm&#8221; &#8212; NGE 3D Printers Services\" src=\"https:\/\/nge.vn\/san-pham\/may-in-3d-creality-k1-max-toc-do-cao-va-do-chinh-xac-cao-vung-in-303030cm\/embed\/#?secret=LRn2Q5BOFz#?secret=fWLjhkCcoi\" data-secret=\"fWLjhkCcoi\" width=\"600\" height=\"338\" frameborder=\"0\" marginwidth=\"0\" marginheight=\"0\" scrolling=\"no\"><\/iframe><\/p>\n<p>-\u0110\u00e2y l\u00e0 c\u00e1c trang b\u00e1n h\u00e0ng b\u00ean m\u00ecnh NGE 3D Printer Services chuy\u00ean cung c\u1ea5p Nh\u1ef1a in 3D v\u00e0 M\u00e1y in 3D c\u1ee7a H\u00e3ng ESUN, Flsun, BIQU, Creality, eMake3d&#8230;<br \/>\n\ud83d\uded2Shopee =&gt; https:\/\/shopee.vn\/nge3dprinter<br \/>\n\ud83d\uded2Shopee =&gt; https:\/\/shopee.vn\/nge3dservices<br \/>\n\ud83d\uded2Shopee Voron v\u00e0 eMake3D =&gt; https:\/\/shopee.vn\/3dmasterpower<br \/>\n\ud83d\uded2Shopee eMake3D =&gt; https:\/\/shopee.vn\/nge3dprinting<br \/>\n\ud83d\uded2Lazada =&gt; https:\/\/www.lazada.vn\/shop\/nge-3d-printer<br \/>\n\ud83d\uded2Lazada =&gt; https:\/\/www.lazada.vn\/shop\/nge-3d-printer-services<br \/>\n\ud83d\uded2Lazada =&gt; https:\/\/www.lazada.vn\/shop\/emake3d-vn<br \/>\n\ud83d\uded2Webslite Th\u1ebf H\u1ec7 K\u1ebf Ti\u1ebfp =&gt;https:\/\/www.theheketiep.com\/<br \/>\n\ud83d\uded2Webslite NGE.VN =&gt;https:\/\/www.nge.vn\/<br \/>\nHo\u1eb7c b\u1ea1n g\u1ecdi 094.144.0951 g\u1eb7p m\u00ecnh<br \/>\nHo\u1eb7c 0913939775 g\u1eb7p anh Qu\u00e2n<br \/>\n** Price does not include VAT (+8 or 10% if VAT invoice is issued)<\/p>","protected":false},"excerpt":{"rendered":"<p data-start=\"368\" data-end=\"547\">C\u1ea3m bi\u1ebfn AI LiDAR Kit Creality gi\u00fap qu\u00e9t v\u00e0 ki\u1ec3m tra l\u1edbp in \u0111\u1ea7u ti\u00ean ch\u00ednh x\u00e1c. T\u01b0\u01a1ng th\u00edch v\u1edbi K1 Max, K1, K1C, K1 SE. C\u1ea3nh b\u00e1o l\u1ed7i l\u1edbp \u0111\u1ea7u ti\u00ean th\u00f4ng minh, \u0111\u1ed9 ph\u00e2n gi\u1ea3i cao 1\u03bcm.<\/p>","protected":false},"featured_media":6408,"comment_status":"open","ping_status":"closed","template":"","meta":{"inline_featured_image":false},"product_brand":[],"product_cat":[461,40,56],"product_tag":[495,774,515,663],"class_list":{"0":"post-6407","1":"product","2":"type-product","3":"status-publish","4":"has-post-thumbnail","6":"product_cat-linh-kien-cum-dun-va-cam-bien","7":"product_cat-linh-kien-va-phu-kien","8":"product_cat-linh-phu-kien-may-in-3d-creality","9":"product_tag-creality","10":"product_tag-k1","11":"product_tag-k1max","12":"product_tag-nge3d","14":"first","15":"instock","16":"taxable","17":"shipping-taxable","18":"purchasable","19":"product-type-simple"},"yoast_head":"<!-- This site is optimized with the Yoast SEO Premium plugin v22.8 (Yoast SEO v26.9) - https:\/\/yoast.com\/product\/yoast-seo-premium-wordpress\/ -->\n<title>C\u1ea3m bi\u1ebfn c\u00e2n b\u00e0n t\u1ef1 \u0111\u1ed9ng AI LiDAR Kit cho c\u00e1c m\u00e1y Creality K1 Max - NGE 3D Printers Services<\/title>\n<meta name=\"description\" content=\"C\u1ea3m bi\u1ebfn AI LiDAR Kit Creality gi\u00fap qu\u00e9t v\u00e0 ki\u1ec3m tra l\u1edbp in \u0111\u1ea7u ti\u00ean ch\u00ednh x\u00e1c. C\u1ea3nh b\u00e1o l\u1ed7i l\u1edbp \u0111\u1ea7u ti\u00ean th\u00f4ng minh, \u0111\u1ed9 ph\u00e2n gi\u1ea3i cao 1\u03bcm.\" \/>\n<meta name=\"robots\" content=\"index, follow, max-snippet:-1, max-image-preview:large, max-video-preview:-1\" \/>\n<link rel=\"canonical\" href=\"https:\/\/nge.vn\/en\/product\/cam-bien-can-ban-tu-dong-ai-lidar-kit-cho-cac-may-creality-k1-max\/\" \/>\n<meta property=\"og:locale\" content=\"en_US\" \/>\n<meta property=\"og:type\" content=\"article\" \/>\n<meta property=\"og:title\" content=\"C\u1ea3m bi\u1ebfn c\u00e2n b\u00e0n t\u1ef1 \u0111\u1ed9ng AI LiDAR Kit cho c\u00e1c m\u00e1y Creality K1 Max\" \/>\n<meta property=\"og:description\" content=\"C\u1ea3m bi\u1ebfn AI LiDAR Kit Creality gi\u00fap qu\u00e9t v\u00e0 ki\u1ec3m tra l\u1edbp in \u0111\u1ea7u ti\u00ean ch\u00ednh x\u00e1c. C\u1ea3nh b\u00e1o l\u1ed7i l\u1edbp \u0111\u1ea7u ti\u00ean th\u00f4ng minh, \u0111\u1ed9 ph\u00e2n gi\u1ea3i cao 1\u03bcm.\" \/>\n<meta property=\"og:url\" content=\"https:\/\/nge.vn\/en\/product\/cam-bien-can-ban-tu-dong-ai-lidar-kit-cho-cac-may-creality-k1-max\/\" \/>\n<meta property=\"og:site_name\" content=\"NGE 3D Printers Services\" \/>\n<meta property=\"article:modified_time\" content=\"2025-08-15T08:18:50+00:00\" \/>\n<meta property=\"og:image\" content=\"https:\/\/nge.vn\/wp-content\/uploads\/2025\/08\/vn-11134207-7ras8-m3j2651puoccb2_tn.jpeg\" \/>\n\t<meta property=\"og:image:width\" content=\"320\" \/>\n\t<meta property=\"og:image:height\" content=\"320\" \/>\n\t<meta property=\"og:image:type\" content=\"image\/jpeg\" \/>\n<meta name=\"twitter:card\" content=\"summary_large_image\" \/>\n<meta name=\"twitter:label1\" content=\"Est. reading time\" \/>\n\t<meta name=\"twitter:data1\" content=\"3 minutes\" \/>\n<script type=\"application\/ld+json\" class=\"yoast-schema-graph\">{\"@context\":\"https:\/\/schema.org\",\"@graph\":[{\"@type\":\"WebPage\",\"@id\":\"https:\/\/nge.vn\/san-pham\/cam-bien-can-ban-tu-dong-ai-lidar-kit-cho-cac-may-creality-k1-max\/\",\"url\":\"https:\/\/nge.vn\/san-pham\/cam-bien-can-ban-tu-dong-ai-lidar-kit-cho-cac-may-creality-k1-max\/\",\"name\":\"C\u1ea3m bi\u1ebfn c\u00e2n b\u00e0n t\u1ef1 \u0111\u1ed9ng AI LiDAR Kit cho c\u00e1c m\u00e1y Creality K1 Max - NGE 3D Printers Services\",\"isPartOf\":{\"@id\":\"https:\/\/nge.vn\/#website\"},\"primaryImageOfPage\":{\"@id\":\"https:\/\/nge.vn\/san-pham\/cam-bien-can-ban-tu-dong-ai-lidar-kit-cho-cac-may-creality-k1-max\/#primaryimage\"},\"image\":{\"@id\":\"https:\/\/nge.vn\/san-pham\/cam-bien-can-ban-tu-dong-ai-lidar-kit-cho-cac-may-creality-k1-max\/#primaryimage\"},\"thumbnailUrl\":\"https:\/\/nge.vn\/wp-content\/uploads\/2025\/08\/vn-11134207-7ras8-m3j2651puoccb2_tn.jpeg\",\"datePublished\":\"2025-08-06T08:43:51+00:00\",\"dateModified\":\"2025-08-15T08:18:50+00:00\",\"description\":\"C\u1ea3m bi\u1ebfn AI LiDAR Kit Creality gi\u00fap qu\u00e9t v\u00e0 ki\u1ec3m tra l\u1edbp in \u0111\u1ea7u ti\u00ean ch\u00ednh x\u00e1c. C\u1ea3nh b\u00e1o l\u1ed7i l\u1edbp \u0111\u1ea7u ti\u00ean th\u00f4ng minh, \u0111\u1ed9 ph\u00e2n gi\u1ea3i cao 1\u03bcm.\",\"breadcrumb\":{\"@id\":\"https:\/\/nge.vn\/san-pham\/cam-bien-can-ban-tu-dong-ai-lidar-kit-cho-cac-may-creality-k1-max\/#breadcrumb\"},\"inLanguage\":\"en-US\",\"potentialAction\":[{\"@type\":\"ReadAction\",\"target\":[\"https:\/\/nge.vn\/san-pham\/cam-bien-can-ban-tu-dong-ai-lidar-kit-cho-cac-may-creality-k1-max\/\"]}]},{\"@type\":\"ImageObject\",\"inLanguage\":\"en-US\",\"@id\":\"https:\/\/nge.vn\/san-pham\/cam-bien-can-ban-tu-dong-ai-lidar-kit-cho-cac-may-creality-k1-max\/#primaryimage\",\"url\":\"https:\/\/nge.vn\/wp-content\/uploads\/2025\/08\/vn-11134207-7ras8-m3j2651puoccb2_tn.jpeg\",\"contentUrl\":\"https:\/\/nge.vn\/wp-content\/uploads\/2025\/08\/vn-11134207-7ras8-m3j2651puoccb2_tn.jpeg\",\"width\":320,\"height\":320},{\"@type\":\"BreadcrumbList\",\"@id\":\"https:\/\/nge.vn\/san-pham\/cam-bien-can-ban-tu-dong-ai-lidar-kit-cho-cac-may-creality-k1-max\/#breadcrumb\",\"itemListElement\":[{\"@type\":\"ListItem\",\"position\":1,\"name\":\"Trang ch\u1ee7\",\"item\":\"https:\/\/nge.vn\/\"},{\"@type\":\"ListItem\",\"position\":2,\"name\":\"S\u1ea3n ph\u1ea9m\",\"item\":\"https:\/\/nge.vn\/san-pham\/\"},{\"@type\":\"ListItem\",\"position\":3,\"name\":\"C\u1ea3m bi\u1ebfn c\u00e2n b\u00e0n t\u1ef1 \u0111\u1ed9ng AI LiDAR Kit cho c\u00e1c m\u00e1y Creality K1 Max\"}]},{\"@type\":\"WebSite\",\"@id\":\"https:\/\/nge.vn\/#website\",\"url\":\"https:\/\/nge.vn\/\",\"name\":\"NGE 3D Printers Services\",\"description\":\"\",\"potentialAction\":[{\"@type\":\"SearchAction\",\"target\":{\"@type\":\"EntryPoint\",\"urlTemplate\":\"https:\/\/nge.vn\/?s={search_term_string}\"},\"query-input\":{\"@type\":\"PropertyValueSpecification\",\"valueRequired\":true,\"valueName\":\"search_term_string\"}}],\"inLanguage\":\"en-US\"}]}<\/script>\n<!-- \/ Yoast SEO Premium plugin. -->","yoast_head_json":{"title":"C\u1ea3m bi\u1ebfn c\u00e2n b\u00e0n t\u1ef1 \u0111\u1ed9ng AI LiDAR Kit cho c\u00e1c m\u00e1y Creality K1 Max - NGE 3D Printers Services","description":"C\u1ea3m bi\u1ebfn AI LiDAR Kit Creality gi\u00fap qu\u00e9t v\u00e0 ki\u1ec3m tra l\u1edbp in \u0111\u1ea7u ti\u00ean ch\u00ednh x\u00e1c. C\u1ea3nh b\u00e1o l\u1ed7i l\u1edbp \u0111\u1ea7u ti\u00ean th\u00f4ng minh, \u0111\u1ed9 ph\u00e2n gi\u1ea3i cao 1\u03bcm.","robots":{"index":"index","follow":"follow","max-snippet":"max-snippet:-1","max-image-preview":"max-image-preview:large","max-video-preview":"max-video-preview:-1"},"canonical":"https:\/\/nge.vn\/en\/product\/cam-bien-can-ban-tu-dong-ai-lidar-kit-cho-cac-may-creality-k1-max\/","og_locale":"en_US","og_type":"article","og_title":"C\u1ea3m bi\u1ebfn c\u00e2n b\u00e0n t\u1ef1 \u0111\u1ed9ng AI LiDAR Kit cho c\u00e1c m\u00e1y Creality K1 Max","og_description":"C\u1ea3m bi\u1ebfn AI LiDAR Kit Creality gi\u00fap qu\u00e9t v\u00e0 ki\u1ec3m tra l\u1edbp in \u0111\u1ea7u ti\u00ean ch\u00ednh x\u00e1c. C\u1ea3nh b\u00e1o l\u1ed7i l\u1edbp \u0111\u1ea7u ti\u00ean th\u00f4ng minh, \u0111\u1ed9 ph\u00e2n gi\u1ea3i cao 1\u03bcm.","og_url":"https:\/\/nge.vn\/en\/product\/cam-bien-can-ban-tu-dong-ai-lidar-kit-cho-cac-may-creality-k1-max\/","og_site_name":"NGE 3D Printers Services","article_modified_time":"2025-08-15T08:18:50+00:00","og_image":[{"width":320,"height":320,"url":"https:\/\/nge.vn\/wp-content\/uploads\/2025\/08\/vn-11134207-7ras8-m3j2651puoccb2_tn.jpeg","type":"image\/jpeg"}],"twitter_card":"summary_large_image","twitter_misc":{"Est. reading time":"3 minutes"},"schema":{"@context":"https:\/\/schema.org","@graph":[{"@type":"WebPage","@id":"https:\/\/nge.vn\/san-pham\/cam-bien-can-ban-tu-dong-ai-lidar-kit-cho-cac-may-creality-k1-max\/","url":"https:\/\/nge.vn\/san-pham\/cam-bien-can-ban-tu-dong-ai-lidar-kit-cho-cac-may-creality-k1-max\/","name":"C\u1ea3m bi\u1ebfn c\u00e2n b\u00e0n t\u1ef1 \u0111\u1ed9ng AI LiDAR Kit cho c\u00e1c m\u00e1y Creality K1 Max - NGE 3D Printers Services","isPartOf":{"@id":"https:\/\/nge.vn\/#website"},"primaryImageOfPage":{"@id":"https:\/\/nge.vn\/san-pham\/cam-bien-can-ban-tu-dong-ai-lidar-kit-cho-cac-may-creality-k1-max\/#primaryimage"},"image":{"@id":"https:\/\/nge.vn\/san-pham\/cam-bien-can-ban-tu-dong-ai-lidar-kit-cho-cac-may-creality-k1-max\/#primaryimage"},"thumbnailUrl":"https:\/\/nge.vn\/wp-content\/uploads\/2025\/08\/vn-11134207-7ras8-m3j2651puoccb2_tn.jpeg","datePublished":"2025-08-06T08:43:51+00:00","dateModified":"2025-08-15T08:18:50+00:00","description":"C\u1ea3m bi\u1ebfn AI LiDAR Kit Creality gi\u00fap qu\u00e9t v\u00e0 ki\u1ec3m tra l\u1edbp in \u0111\u1ea7u ti\u00ean ch\u00ednh x\u00e1c. C\u1ea3nh b\u00e1o l\u1ed7i l\u1edbp \u0111\u1ea7u ti\u00ean th\u00f4ng minh, \u0111\u1ed9 ph\u00e2n gi\u1ea3i cao 1\u03bcm.","breadcrumb":{"@id":"https:\/\/nge.vn\/san-pham\/cam-bien-can-ban-tu-dong-ai-lidar-kit-cho-cac-may-creality-k1-max\/#breadcrumb"},"inLanguage":"en-US","potentialAction":[{"@type":"ReadAction","target":["https:\/\/nge.vn\/san-pham\/cam-bien-can-ban-tu-dong-ai-lidar-kit-cho-cac-may-creality-k1-max\/"]}]},{"@type":"ImageObject","inLanguage":"en-US","@id":"https:\/\/nge.vn\/san-pham\/cam-bien-can-ban-tu-dong-ai-lidar-kit-cho-cac-may-creality-k1-max\/#primaryimage","url":"https:\/\/nge.vn\/wp-content\/uploads\/2025\/08\/vn-11134207-7ras8-m3j2651puoccb2_tn.jpeg","contentUrl":"https:\/\/nge.vn\/wp-content\/uploads\/2025\/08\/vn-11134207-7ras8-m3j2651puoccb2_tn.jpeg","width":320,"height":320},{"@type":"BreadcrumbList","@id":"https:\/\/nge.vn\/san-pham\/cam-bien-can-ban-tu-dong-ai-lidar-kit-cho-cac-may-creality-k1-max\/#breadcrumb","itemListElement":[{"@type":"ListItem","position":1,"name":"Trang ch\u1ee7","item":"https:\/\/nge.vn\/"},{"@type":"ListItem","position":2,"name":"S\u1ea3n ph\u1ea9m","item":"https:\/\/nge.vn\/san-pham\/"},{"@type":"ListItem","position":3,"name":"C\u1ea3m bi\u1ebfn c\u00e2n b\u00e0n t\u1ef1 \u0111\u1ed9ng AI LiDAR Kit cho c\u00e1c m\u00e1y Creality K1 Max"}]},{"@type":"WebSite","@id":"https:\/\/nge.vn\/#website","url":"https:\/\/nge.vn\/","name":"NGE 3D Printers Services","description":"","potentialAction":[{"@type":"SearchAction","target":{"@type":"EntryPoint","urlTemplate":"https:\/\/nge.vn\/?s={search_term_string}"},"query-input":{"@type":"PropertyValueSpecification","valueRequired":true,"valueName":"search_term_string"}}],"inLanguage":"en-US"}]}},"_links":{"self":[{"href":"https:\/\/nge.vn\/en\/wp-json\/wp\/v2\/product\/6407","targetHints":{"allow":["GET"]}}],"collection":[{"href":"https:\/\/nge.vn\/en\/wp-json\/wp\/v2\/product"}],"about":[{"href":"https:\/\/nge.vn\/en\/wp-json\/wp\/v2\/types\/product"}],"replies":[{"embeddable":true,"href":"https:\/\/nge.vn\/en\/wp-json\/wp\/v2\/comments?post=6407"}],"wp:featuredmedia":[{"embeddable":true,"href":"https:\/\/nge.vn\/en\/wp-json\/wp\/v2\/media\/6408"}],"wp:attachment":[{"href":"https:\/\/nge.vn\/en\/wp-json\/wp\/v2\/media?parent=6407"}],"wp:term":[{"taxonomy":"product_brand","embeddable":true,"href":"https:\/\/nge.vn\/en\/wp-json\/wp\/v2\/product_brand?post=6407"},{"taxonomy":"product_cat","embeddable":true,"href":"https:\/\/nge.vn\/en\/wp-json\/wp\/v2\/product_cat?post=6407"},{"taxonomy":"product_tag","embeddable":true,"href":"https:\/\/nge.vn\/en\/wp-json\/wp\/v2\/product_tag?post=6407"}],"curies":[{"name":"wp","href":"https:\/\/api.w.org\/{rel}","templated":true}]}}