{"id":6388,"date":"2025-08-06T14:38:46","date_gmt":"2025-08-06T07:38:46","guid":{"rendered":"https:\/\/nge.vn\/?post_type=product&#038;p=6388"},"modified":"2025-08-06T14:38:47","modified_gmt":"2025-08-06T07:38:47","slug":"man-hinh-cam-ung-dieu-khien-may-in-3d-resin-creality-halot-mage-pro-touch-screen-kit","status":"publish","type":"product","link":"https:\/\/nge.vn\/en\/product\/man-hinh-cam-ung-dieu-khien-may-in-3d-resin-creality-halot-mage-pro-touch-screen-kit\/","title":{"rendered":"M\u00e0n h\u00ecnh c\u1ea3m \u1ee9ng \u0111i\u1ec1u khi\u1ec3n m\u00e1y in 3d resin Creality HALOT-MAGE PRO Touch Screen Kit"},"content":{"rendered":"<h4 data-start=\"911\" data-end=\"997\"><strong data-start=\"916\" data-end=\"997\">M\u00e0n h\u00ecnh c\u1ea3m \u1ee9ng HALOT-MAGE PRO 4.3 inch \u2013 \u0110i\u1ec1u khi\u1ec3n m\u01b0\u1ee3t m\u00e0, ph\u1ea3n h\u1ed3i nhanh<\/strong><\/h4>\n<hr data-start=\"999\" data-end=\"1002\" \/>\n<h4 data-start=\"1004\" data-end=\"1029\"><em data-start=\"1009\" data-end=\"1029\">T\u00ednh n\u0103ng n\u1ed5i b\u1eadt:<\/em><\/h4>\n<p data-start=\"1031\" data-end=\"1286\">\u2705 <strong data-start=\"1033\" data-end=\"1062\">C\u1ea3m \u1ee9ng \u0111i\u1ec7n dung \u0111a \u0111i\u1ec3m<\/strong> \u2013 cho thao t\u00e1c \u0111i\u1ec1u khi\u1ec3n ch\u00ednh x\u00e1c v\u00e0 m\u01b0\u1ee3t m\u00e0<br data-start=\"1109\" data-end=\"1112\" \/>\u2705 <strong data-start=\"1114\" data-end=\"1142\">\u0110\u1ed9 ph\u00e2n gi\u1ea3i cao 800\u00d7480<\/strong> \u2013 hi\u1ec3n th\u1ecb r\u00f5 n\u00e9t, m\u00e0u s\u1eafc sinh \u0111\u1ed9ng<br data-start=\"1179\" data-end=\"1182\" \/>\u2705 <strong data-start=\"1184\" data-end=\"1234\">T\u01b0\u01a1ng th\u00edch ho\u00e0n h\u1ea3o v\u1edbi m\u00e1y HALOT-MAGE PRO 8K<\/strong><br data-start=\"1234\" data-end=\"1237\" \/>\u2705 <strong data-start=\"1239\" data-end=\"1286\">K\u00edch th\u01b0\u1edbc nh\u1ecf g\u1ecdn \u2013 d\u1ec5 thay th\u1ebf v\u00e0 l\u1eafp \u0111\u1eb7t<\/strong><\/p>\n<hr data-start=\"1288\" data-end=\"1291\" \/>\n<h4 data-start=\"1293\" data-end=\"1319\"><em data-start=\"1298\" data-end=\"1319\">Th\u00f4ng tin k\u1ef9 thu\u1eadt:<\/em><\/h4>\n<ul data-start=\"1321\" data-end=\"1585\">\n<li data-start=\"1321\" data-end=\"1374\">\n<p data-start=\"1323\" data-end=\"1374\"><strong data-start=\"1323\" data-end=\"1340\">T\u00ean s\u1ea3n ph\u1ea9m:<\/strong> Touch Screen Kit HALOT-MAGE PRO<\/p>\n<\/li>\n<li data-start=\"1375\" data-end=\"1415\">\n<p data-start=\"1377\" data-end=\"1415\"><strong data-start=\"1377\" data-end=\"1395\">Lo\u1ea1i m\u00e0n h\u00ecnh:<\/strong> C\u1ea3m \u1ee9ng \u0111i\u1ec7n dung<\/p>\n<\/li>\n<li data-start=\"1416\" data-end=\"1444\">\n<p data-start=\"1418\" data-end=\"1444\"><strong data-start=\"1418\" data-end=\"1433\">K\u00edch th\u01b0\u1edbc:<\/strong> 4.3 inch<\/p>\n<\/li>\n<li data-start=\"1445\" data-end=\"1477\">\n<p data-start=\"1447\" data-end=\"1477\"><strong data-start=\"1447\" data-end=\"1464\">\u0110\u1ed9 ph\u00e2n gi\u1ea3i:<\/strong> 800\u00d7480 px<\/p>\n<\/li>\n<li data-start=\"1478\" data-end=\"1514\">\n<p data-start=\"1480\" data-end=\"1514\"><strong data-start=\"1480\" data-end=\"1507\">Tr\u1ecdng l\u01b0\u1ee3ng t\u1ecbnh (N.W):<\/strong> 100g<\/p>\n<\/li>\n<li data-start=\"1515\" data-end=\"1555\">\n<p data-start=\"1517\" data-end=\"1555\"><strong data-start=\"1517\" data-end=\"1548\">Tr\u1ecdng l\u01b0\u1ee3ng \u0111\u00f3ng g\u00f3i (G.W):<\/strong> 130g<\/p>\n<\/li>\n<li data-start=\"1556\" data-end=\"1585\">\n<p data-start=\"1558\" data-end=\"1585\"><strong data-start=\"1558\" data-end=\"1574\">M\u00e3 s\u1ea3n ph\u1ea9m:<\/strong> 4001050074<\/p>\n<\/li>\n<\/ul>\n<hr data-start=\"1587\" data-end=\"1590\" \/>\n<h4 data-start=\"1592\" data-end=\"1613\"><em data-start=\"1597\" data-end=\"1611\">T\u01b0\u01a1ng th\u00edch:<\/em><\/h4>\n<p data-start=\"1614\" data-end=\"1663\">\u2714\ufe0f M\u00e1y in 3D resin <strong data-start=\"1633\" data-end=\"1663\">Creality HALOT-MAGE PRO 8K<\/strong><\/p>\n<hr data-start=\"1665\" data-end=\"1668\" \/>\n<p data-start=\"1670\" data-end=\"1762\">\ud83d\udcac <strong data-start=\"1673\" data-end=\"1683\">L\u01b0u \u00fd:<\/strong><br data-start=\"1683\" data-end=\"1686\" \/>S\u1ea3n ph\u1ea9m l\u00e0 <strong data-start=\"1698\" data-end=\"1727\">m\u00e0n h\u00ecnh c\u1ea3m \u1ee9ng thay th\u1ebf<\/strong>, kh\u00f4ng bao g\u1ed3m c\u00e1c linh ki\u1ec7n kh\u00e1c.<\/p>\n<blockquote class=\"wp-embedded-content\" data-secret=\"TtxRyDDDIh\"><p><a href=\"https:\/\/nge.vn\/en\/product\/may-in-3d-resin-creality-halot-mage-pro-8k-10-3-inch-toc-do-va-do-chinh-xac-cao-chuyen-dung-cho-nha-khoa-va-nu-trang\/\">Creality Halot Mage Pro 8K 10.3 inch high speed and precision resin 3d printer for Dentistry and Jewelry<\/a><\/p><\/blockquote>\n<p><iframe loading=\"lazy\" class=\"wp-embedded-content\" sandbox=\"allow-scripts\" security=\"restricted\" style=\"position: absolute; visibility: hidden;\" title=\"&#8220;M\u00e1y in 3d resin Creality Halot Mage Pro 8K 10.3 inch t\u1ed1c \u0111\u1ed9 v\u00e0 \u0111\u1ed9 ch\u00ednh x\u00e1c cao chuy\u00ean d\u00f9ng cho Nha Khoa v\u00e0 N\u1eef Trang&#8221; &#8212; NGE 3D Printers Services\" src=\"https:\/\/nge.vn\/san-pham\/may-in-3d-resin-creality-halot-mage-pro-8k-10-3-inch-toc-do-va-do-chinh-xac-cao-chuyen-dung-cho-nha-khoa-va-nu-trang\/embed\/#?secret=Z2RirfjNpZ#?secret=TtxRyDDDIh\" data-secret=\"TtxRyDDDIh\" width=\"600\" height=\"338\" frameborder=\"0\" marginwidth=\"0\" marginheight=\"0\" scrolling=\"no\"><\/iframe><\/p>\n<p data-start=\"1670\" data-end=\"1762\">-\u0110\u00e2y l\u00e0 c\u00e1c trang b\u00e1n h\u00e0ng b\u00ean m\u00ecnh NGE 3D Printer Services chuy\u00ean cung c\u1ea5p Nh\u1ef1a in 3D v\u00e0 M\u00e1y in 3D c\u1ee7a H\u00e3ng ESUN, Flsun, BIQU, Creality, eMake3d&#8230;<br \/>\n\ud83d\uded2Shopee =&gt; https:\/\/shopee.vn\/nge3dprinter<br \/>\n\ud83d\uded2Shopee =&gt; https:\/\/shopee.vn\/nge3dservices<br \/>\n\ud83d\uded2Shopee Voron v\u00e0 eMake3D =&gt; https:\/\/shopee.vn\/3dmasterpower<br \/>\n\ud83d\uded2Shopee eMake3D =&gt; https:\/\/shopee.vn\/nge3dprinting<br \/>\n\ud83d\uded2Lazada =&gt; https:\/\/www.lazada.vn\/shop\/nge-3d-printer<br \/>\n\ud83d\uded2Lazada =&gt; https:\/\/www.lazada.vn\/shop\/nge-3d-printer-services<br \/>\n\ud83d\uded2Lazada =&gt; https:\/\/www.lazada.vn\/shop\/emake3d-vn<br \/>\n\ud83d\uded2Webslite Th\u1ebf H\u1ec7 K\u1ebf Ti\u1ebfp =&gt;https:\/\/www.theheketiep.com\/<br \/>\n\ud83d\uded2Webslite NGE.VN =&gt;https:\/\/www.nge.vn\/<br \/>\nHo\u1eb7c b\u1ea1n g\u1ecdi 094.144.0951 g\u1eb7p m\u00ecnh<br \/>\nHo\u1eb7c 0913939775 g\u1eb7p anh Qu\u00e2n<br \/>\n** Price does not include VAT (+8 or 10% if VAT invoice is issued)<\/p>","protected":false},"excerpt":{"rendered":"<p data-start=\"305\" data-end=\"449\">M\u00e0n h\u00ecnh c\u1ea3m \u1ee9ng 4.3 inch (800\u00d7480) d\u00f9ng cho m\u00e1y in resin HALOT-MAGE PRO 8K. Giao di\u1ec7n m\u01b0\u1ee3t m\u00e0, \u0111i\u1ec1u khi\u1ec3n ch\u00ednh x\u00e1c, c\u1ea3m \u1ee9ng \u0111i\u1ec7n dung \u0111a \u0111i\u1ec3m.<\/p>","protected":false},"featured_media":6389,"comment_status":"open","ping_status":"closed","template":"","meta":{"inline_featured_image":false},"product_brand":[],"product_cat":[462,40,56],"product_tag":[752,495,848,829,663],"class_list":{"0":"post-6388","1":"product","2":"type-product","3":"status-publish","4":"has-post-thumbnail","6":"product_cat-board-va-man-hinh-dieu-khien","7":"product_cat-linh-kien-va-phu-kien","8":"product_cat-linh-phu-kien-may-in-3d-creality","9":"product_tag-3dprinterparts","10":"product_tag-creality","11":"product_tag-halotmagepro","12":"product_tag-in3d","13":"product_tag-nge3d","15":"first","16":"instock","17":"taxable","18":"shipping-taxable","19":"purchasable","20":"product-type-simple"},"yoast_head":"<!-- This site is optimized with the Yoast SEO Premium plugin v22.8 (Yoast SEO v26.9) - https:\/\/yoast.com\/product\/yoast-seo-premium-wordpress\/ -->\n<title>M\u00e0n h\u00ecnh c\u1ea3m \u1ee9ng \u0111i\u1ec1u khi\u1ec3n m\u00e1y in 3d resin Creality HALOT-MAGE PRO Touch Screen Kit - NGE 3D Printers Services<\/title>\n<meta name=\"description\" content=\"M\u00e0n h\u00ecnh c\u1ea3m \u1ee9ng 4.3 inch (800\u00d7480) d\u00f9ng cho m\u00e1y in resin HALOT-MAGE PRO 8K. Giao di\u1ec7n m\u01b0\u1ee3t m\u00e0, \u0111i\u1ec1u khi\u1ec3n ch\u00ednh x\u00e1c, c\u1ea3m \u1ee9ng \u0111i\u1ec7n dung \u0111a \u0111i\u1ec3m.\" \/>\n<meta name=\"robots\" content=\"index, follow, max-snippet:-1, max-image-preview:large, max-video-preview:-1\" \/>\n<link rel=\"canonical\" href=\"https:\/\/nge.vn\/en\/product\/man-hinh-cam-ung-dieu-khien-may-in-3d-resin-creality-halot-mage-pro-touch-screen-kit\/\" \/>\n<meta property=\"og:locale\" content=\"en_US\" \/>\n<meta property=\"og:type\" content=\"article\" \/>\n<meta property=\"og:title\" content=\"M\u00e0n h\u00ecnh c\u1ea3m \u1ee9ng \u0111i\u1ec1u khi\u1ec3n m\u00e1y in 3d resin Creality HALOT-MAGE PRO Touch Screen Kit\" \/>\n<meta property=\"og:description\" content=\"M\u00e0n h\u00ecnh c\u1ea3m \u1ee9ng 4.3 inch (800\u00d7480) d\u00f9ng cho m\u00e1y in resin HALOT-MAGE PRO 8K. Giao di\u1ec7n m\u01b0\u1ee3t m\u00e0, \u0111i\u1ec1u khi\u1ec3n ch\u00ednh x\u00e1c, c\u1ea3m \u1ee9ng \u0111i\u1ec7n dung \u0111a \u0111i\u1ec3m.\" \/>\n<meta property=\"og:url\" content=\"https:\/\/nge.vn\/en\/product\/man-hinh-cam-ung-dieu-khien-may-in-3d-resin-creality-halot-mage-pro-touch-screen-kit\/\" \/>\n<meta property=\"og:site_name\" content=\"NGE 3D Printers Services\" \/>\n<meta property=\"article:modified_time\" content=\"2025-08-06T07:38:47+00:00\" \/>\n<meta property=\"og:image\" content=\"https:\/\/nge.vn\/wp-content\/uploads\/2025\/08\/vn-11134207-7ras8-m40fr15mbg93f1_tn.jpeg\" \/>\n\t<meta property=\"og:image:width\" content=\"320\" \/>\n\t<meta property=\"og:image:height\" content=\"320\" \/>\n\t<meta property=\"og:image:type\" content=\"image\/jpeg\" \/>\n<meta name=\"twitter:card\" content=\"summary_large_image\" \/>\n<meta name=\"twitter:label1\" content=\"Est. reading time\" \/>\n\t<meta name=\"twitter:data1\" content=\"2 minutes\" \/>\n<script type=\"application\/ld+json\" class=\"yoast-schema-graph\">{\"@context\":\"https:\/\/schema.org\",\"@graph\":[{\"@type\":\"WebPage\",\"@id\":\"https:\/\/nge.vn\/san-pham\/man-hinh-cam-ung-dieu-khien-may-in-3d-resin-creality-halot-mage-pro-touch-screen-kit\/\",\"url\":\"https:\/\/nge.vn\/san-pham\/man-hinh-cam-ung-dieu-khien-may-in-3d-resin-creality-halot-mage-pro-touch-screen-kit\/\",\"name\":\"M\u00e0n h\u00ecnh c\u1ea3m \u1ee9ng \u0111i\u1ec1u khi\u1ec3n m\u00e1y in 3d resin Creality HALOT-MAGE PRO Touch Screen Kit - NGE 3D Printers Services\",\"isPartOf\":{\"@id\":\"https:\/\/nge.vn\/#website\"},\"primaryImageOfPage\":{\"@id\":\"https:\/\/nge.vn\/san-pham\/man-hinh-cam-ung-dieu-khien-may-in-3d-resin-creality-halot-mage-pro-touch-screen-kit\/#primaryimage\"},\"image\":{\"@id\":\"https:\/\/nge.vn\/san-pham\/man-hinh-cam-ung-dieu-khien-may-in-3d-resin-creality-halot-mage-pro-touch-screen-kit\/#primaryimage\"},\"thumbnailUrl\":\"https:\/\/nge.vn\/wp-content\/uploads\/2025\/08\/vn-11134207-7ras8-m40fr15mbg93f1_tn.jpeg\",\"datePublished\":\"2025-08-06T07:38:46+00:00\",\"dateModified\":\"2025-08-06T07:38:47+00:00\",\"description\":\"M\u00e0n h\u00ecnh c\u1ea3m \u1ee9ng 4.3 inch (800\u00d7480) d\u00f9ng cho m\u00e1y in resin HALOT-MAGE PRO 8K. Giao di\u1ec7n m\u01b0\u1ee3t m\u00e0, \u0111i\u1ec1u khi\u1ec3n ch\u00ednh x\u00e1c, c\u1ea3m \u1ee9ng \u0111i\u1ec7n dung \u0111a \u0111i\u1ec3m.\",\"breadcrumb\":{\"@id\":\"https:\/\/nge.vn\/san-pham\/man-hinh-cam-ung-dieu-khien-may-in-3d-resin-creality-halot-mage-pro-touch-screen-kit\/#breadcrumb\"},\"inLanguage\":\"en-US\",\"potentialAction\":[{\"@type\":\"ReadAction\",\"target\":[\"https:\/\/nge.vn\/san-pham\/man-hinh-cam-ung-dieu-khien-may-in-3d-resin-creality-halot-mage-pro-touch-screen-kit\/\"]}]},{\"@type\":\"ImageObject\",\"inLanguage\":\"en-US\",\"@id\":\"https:\/\/nge.vn\/san-pham\/man-hinh-cam-ung-dieu-khien-may-in-3d-resin-creality-halot-mage-pro-touch-screen-kit\/#primaryimage\",\"url\":\"https:\/\/nge.vn\/wp-content\/uploads\/2025\/08\/vn-11134207-7ras8-m40fr15mbg93f1_tn.jpeg\",\"contentUrl\":\"https:\/\/nge.vn\/wp-content\/uploads\/2025\/08\/vn-11134207-7ras8-m40fr15mbg93f1_tn.jpeg\",\"width\":320,\"height\":320},{\"@type\":\"BreadcrumbList\",\"@id\":\"https:\/\/nge.vn\/san-pham\/man-hinh-cam-ung-dieu-khien-may-in-3d-resin-creality-halot-mage-pro-touch-screen-kit\/#breadcrumb\",\"itemListElement\":[{\"@type\":\"ListItem\",\"position\":1,\"name\":\"Trang ch\u1ee7\",\"item\":\"https:\/\/nge.vn\/\"},{\"@type\":\"ListItem\",\"position\":2,\"name\":\"S\u1ea3n ph\u1ea9m\",\"item\":\"https:\/\/nge.vn\/san-pham\/\"},{\"@type\":\"ListItem\",\"position\":3,\"name\":\"M\u00e0n h\u00ecnh c\u1ea3m \u1ee9ng \u0111i\u1ec1u khi\u1ec3n m\u00e1y in 3d resin Creality HALOT-MAGE PRO Touch Screen Kit\"}]},{\"@type\":\"WebSite\",\"@id\":\"https:\/\/nge.vn\/#website\",\"url\":\"https:\/\/nge.vn\/\",\"name\":\"NGE 3D Printers Services\",\"description\":\"\",\"potentialAction\":[{\"@type\":\"SearchAction\",\"target\":{\"@type\":\"EntryPoint\",\"urlTemplate\":\"https:\/\/nge.vn\/?s={search_term_string}\"},\"query-input\":{\"@type\":\"PropertyValueSpecification\",\"valueRequired\":true,\"valueName\":\"search_term_string\"}}],\"inLanguage\":\"en-US\"}]}<\/script>\n<!-- \/ Yoast SEO Premium plugin. -->","yoast_head_json":{"title":"M\u00e0n h\u00ecnh c\u1ea3m \u1ee9ng \u0111i\u1ec1u khi\u1ec3n m\u00e1y in 3d resin Creality HALOT-MAGE PRO Touch Screen Kit - NGE 3D Printers Services","description":"M\u00e0n h\u00ecnh c\u1ea3m \u1ee9ng 4.3 inch (800\u00d7480) d\u00f9ng cho m\u00e1y in resin HALOT-MAGE PRO 8K. Giao di\u1ec7n m\u01b0\u1ee3t m\u00e0, \u0111i\u1ec1u khi\u1ec3n ch\u00ednh x\u00e1c, c\u1ea3m \u1ee9ng \u0111i\u1ec7n dung \u0111a \u0111i\u1ec3m.","robots":{"index":"index","follow":"follow","max-snippet":"max-snippet:-1","max-image-preview":"max-image-preview:large","max-video-preview":"max-video-preview:-1"},"canonical":"https:\/\/nge.vn\/en\/product\/man-hinh-cam-ung-dieu-khien-may-in-3d-resin-creality-halot-mage-pro-touch-screen-kit\/","og_locale":"en_US","og_type":"article","og_title":"M\u00e0n h\u00ecnh c\u1ea3m \u1ee9ng \u0111i\u1ec1u khi\u1ec3n m\u00e1y in 3d resin Creality HALOT-MAGE PRO Touch Screen Kit","og_description":"M\u00e0n h\u00ecnh c\u1ea3m \u1ee9ng 4.3 inch (800\u00d7480) d\u00f9ng cho m\u00e1y in resin HALOT-MAGE PRO 8K. Giao di\u1ec7n m\u01b0\u1ee3t m\u00e0, \u0111i\u1ec1u khi\u1ec3n ch\u00ednh x\u00e1c, c\u1ea3m \u1ee9ng \u0111i\u1ec7n dung \u0111a \u0111i\u1ec3m.","og_url":"https:\/\/nge.vn\/en\/product\/man-hinh-cam-ung-dieu-khien-may-in-3d-resin-creality-halot-mage-pro-touch-screen-kit\/","og_site_name":"NGE 3D Printers Services","article_modified_time":"2025-08-06T07:38:47+00:00","og_image":[{"width":320,"height":320,"url":"https:\/\/nge.vn\/wp-content\/uploads\/2025\/08\/vn-11134207-7ras8-m40fr15mbg93f1_tn.jpeg","type":"image\/jpeg"}],"twitter_card":"summary_large_image","twitter_misc":{"Est. reading time":"2 minutes"},"schema":{"@context":"https:\/\/schema.org","@graph":[{"@type":"WebPage","@id":"https:\/\/nge.vn\/san-pham\/man-hinh-cam-ung-dieu-khien-may-in-3d-resin-creality-halot-mage-pro-touch-screen-kit\/","url":"https:\/\/nge.vn\/san-pham\/man-hinh-cam-ung-dieu-khien-may-in-3d-resin-creality-halot-mage-pro-touch-screen-kit\/","name":"M\u00e0n h\u00ecnh c\u1ea3m \u1ee9ng \u0111i\u1ec1u khi\u1ec3n m\u00e1y in 3d resin Creality HALOT-MAGE PRO Touch Screen Kit - NGE 3D Printers Services","isPartOf":{"@id":"https:\/\/nge.vn\/#website"},"primaryImageOfPage":{"@id":"https:\/\/nge.vn\/san-pham\/man-hinh-cam-ung-dieu-khien-may-in-3d-resin-creality-halot-mage-pro-touch-screen-kit\/#primaryimage"},"image":{"@id":"https:\/\/nge.vn\/san-pham\/man-hinh-cam-ung-dieu-khien-may-in-3d-resin-creality-halot-mage-pro-touch-screen-kit\/#primaryimage"},"thumbnailUrl":"https:\/\/nge.vn\/wp-content\/uploads\/2025\/08\/vn-11134207-7ras8-m40fr15mbg93f1_tn.jpeg","datePublished":"2025-08-06T07:38:46+00:00","dateModified":"2025-08-06T07:38:47+00:00","description":"M\u00e0n h\u00ecnh c\u1ea3m \u1ee9ng 4.3 inch (800\u00d7480) d\u00f9ng cho m\u00e1y in resin HALOT-MAGE PRO 8K. Giao di\u1ec7n m\u01b0\u1ee3t m\u00e0, \u0111i\u1ec1u khi\u1ec3n ch\u00ednh x\u00e1c, c\u1ea3m \u1ee9ng \u0111i\u1ec7n dung \u0111a \u0111i\u1ec3m.","breadcrumb":{"@id":"https:\/\/nge.vn\/san-pham\/man-hinh-cam-ung-dieu-khien-may-in-3d-resin-creality-halot-mage-pro-touch-screen-kit\/#breadcrumb"},"inLanguage":"en-US","potentialAction":[{"@type":"ReadAction","target":["https:\/\/nge.vn\/san-pham\/man-hinh-cam-ung-dieu-khien-may-in-3d-resin-creality-halot-mage-pro-touch-screen-kit\/"]}]},{"@type":"ImageObject","inLanguage":"en-US","@id":"https:\/\/nge.vn\/san-pham\/man-hinh-cam-ung-dieu-khien-may-in-3d-resin-creality-halot-mage-pro-touch-screen-kit\/#primaryimage","url":"https:\/\/nge.vn\/wp-content\/uploads\/2025\/08\/vn-11134207-7ras8-m40fr15mbg93f1_tn.jpeg","contentUrl":"https:\/\/nge.vn\/wp-content\/uploads\/2025\/08\/vn-11134207-7ras8-m40fr15mbg93f1_tn.jpeg","width":320,"height":320},{"@type":"BreadcrumbList","@id":"https:\/\/nge.vn\/san-pham\/man-hinh-cam-ung-dieu-khien-may-in-3d-resin-creality-halot-mage-pro-touch-screen-kit\/#breadcrumb","itemListElement":[{"@type":"ListItem","position":1,"name":"Trang ch\u1ee7","item":"https:\/\/nge.vn\/"},{"@type":"ListItem","position":2,"name":"S\u1ea3n ph\u1ea9m","item":"https:\/\/nge.vn\/san-pham\/"},{"@type":"ListItem","position":3,"name":"M\u00e0n h\u00ecnh c\u1ea3m \u1ee9ng \u0111i\u1ec1u khi\u1ec3n m\u00e1y in 3d resin Creality HALOT-MAGE PRO Touch Screen Kit"}]},{"@type":"WebSite","@id":"https:\/\/nge.vn\/#website","url":"https:\/\/nge.vn\/","name":"NGE 3D Printers Services","description":"","potentialAction":[{"@type":"SearchAction","target":{"@type":"EntryPoint","urlTemplate":"https:\/\/nge.vn\/?s={search_term_string}"},"query-input":{"@type":"PropertyValueSpecification","valueRequired":true,"valueName":"search_term_string"}}],"inLanguage":"en-US"}]}},"_links":{"self":[{"href":"https:\/\/nge.vn\/en\/wp-json\/wp\/v2\/product\/6388","targetHints":{"allow":["GET"]}}],"collection":[{"href":"https:\/\/nge.vn\/en\/wp-json\/wp\/v2\/product"}],"about":[{"href":"https:\/\/nge.vn\/en\/wp-json\/wp\/v2\/types\/product"}],"replies":[{"embeddable":true,"href":"https:\/\/nge.vn\/en\/wp-json\/wp\/v2\/comments?post=6388"}],"wp:featuredmedia":[{"embeddable":true,"href":"https:\/\/nge.vn\/en\/wp-json\/wp\/v2\/media\/6389"}],"wp:attachment":[{"href":"https:\/\/nge.vn\/en\/wp-json\/wp\/v2\/media?parent=6388"}],"wp:term":[{"taxonomy":"product_brand","embeddable":true,"href":"https:\/\/nge.vn\/en\/wp-json\/wp\/v2\/product_brand?post=6388"},{"taxonomy":"product_cat","embeddable":true,"href":"https:\/\/nge.vn\/en\/wp-json\/wp\/v2\/product_cat?post=6388"},{"taxonomy":"product_tag","embeddable":true,"href":"https:\/\/nge.vn\/en\/wp-json\/wp\/v2\/product_tag?post=6388"}],"curies":[{"name":"wp","href":"https:\/\/api.w.org\/{rel}","templated":true}]}}