{"id":6380,"date":"2025-08-06T14:10:41","date_gmt":"2025-08-06T07:10:41","guid":{"rendered":"https:\/\/nge.vn\/?post_type=product&#038;p=6380"},"modified":"2025-08-06T14:10:42","modified_gmt":"2025-08-06T07:10:42","slug":"bo-dem-buffer-kit-cho-may-in-3d-k2-plus-voi-cfs","status":"publish","type":"product","link":"https:\/\/nge.vn\/en\/product\/bo-dem-buffer-kit-cho-may-in-3d-k2-plus-voi-cfs\/","title":{"rendered":"B\u1ed9 \u0111\u1ec7m Buffer Kit cho m\u00e1y in 3d K2 PLus v\u1edbi CFS"},"content":{"rendered":"<h4 data-start=\"824\" data-end=\"927\"><strong data-start=\"829\" data-end=\"927\">B\u1ed9 \u0111\u1ec7m Buffer Kit MF003 cho m\u00e1y in 3D Creality K2 Plus \u2013 Kh\u00f4ng \u0111\u1ed9ng c\u01a1, kh\u00f4ng board \u0111i\u1ec1u khi\u1ec3n<\/strong><\/h4>\n<hr data-start=\"929\" data-end=\"932\" \/>\n<h4 data-start=\"934\" data-end=\"959\"><em data-start=\"939\" data-end=\"959\">T\u00ednh n\u0103ng n\u1ed5i b\u1eadt:<\/em><\/h4>\n<p data-start=\"961\" data-end=\"1163\">\u2705 <strong data-start=\"963\" data-end=\"1013\">H\u1ed7 tr\u1ee3 h\u1ec7 th\u1ed1ng CFS (Creality Filament Sensor)<\/strong><br data-start=\"1013\" data-end=\"1016\" \/>\u2705 <strong data-start=\"1018\" data-end=\"1052\">\u1ed4n \u0111\u1ecbnh qu\u00e1 tr\u00ecnh n\u1ea1p s\u1ee3i nh\u1ef1a<\/strong><br data-start=\"1052\" data-end=\"1055\" \/>\u2705 <strong data-start=\"1057\" data-end=\"1089\">Thi\u1ebft k\u1ebf g\u1ecdn nh\u1eb9, d\u1ec5 l\u1eafp \u0111\u1eb7t<\/strong><br data-start=\"1089\" data-end=\"1092\" \/>\u2705 <strong data-start=\"1094\" data-end=\"1163\">Kh\u00f4ng bao g\u1ed3m motor v\u00e0 \u0111i\u1ec1u khi\u1ec3n trung t\u00e2m \u2013 linh ho\u1ea1t t\u00f9y ch\u1ec9nh<\/strong><\/p>\n<hr data-start=\"1165\" data-end=\"1168\" \/>\n<h4 data-start=\"1170\" data-end=\"1196\"><em data-start=\"1175\" data-end=\"1196\">Th\u00f4ng tin k\u1ef9 thu\u1eadt:<\/em><\/h4>\n<ul data-start=\"1198\" data-end=\"1483\">\n<li data-start=\"1198\" data-end=\"1236\">\n<p data-start=\"1200\" data-end=\"1236\"><strong data-start=\"1200\" data-end=\"1217\">T\u00ean s\u1ea3n ph\u1ea9m:<\/strong> Buffer Kit MF003<\/p>\n<\/li>\n<li data-start=\"1237\" data-end=\"1293\">\n<p data-start=\"1239\" data-end=\"1293\"><strong data-start=\"1239\" data-end=\"1249\">Model:<\/strong> BUFFER_No Motor Drive_No Master Control_1<\/p>\n<\/li>\n<li data-start=\"1294\" data-end=\"1325\">\n<p data-start=\"1296\" data-end=\"1325\"><strong data-start=\"1296\" data-end=\"1312\">M\u00e3 s\u1ea3n ph\u1ea9m:<\/strong> 4004010263<\/p>\n<\/li>\n<li data-start=\"1326\" data-end=\"1372\">\n<p data-start=\"1328\" data-end=\"1372\"><strong data-start=\"1328\" data-end=\"1352\">K\u00edch th\u01b0\u1edbc s\u1ea3n ph\u1ea9m:<\/strong> 12 \u00d7 2.5 \u00d7 3.5 cm<\/p>\n<\/li>\n<li data-start=\"1373\" data-end=\"1406\">\n<p data-start=\"1375\" data-end=\"1406\"><strong data-start=\"1375\" data-end=\"1400\">Tr\u1ecdng l\u01b0\u1ee3ng s\u1ea3n ph\u1ea9m:<\/strong> 58g<\/p>\n<\/li>\n<li data-start=\"1407\" data-end=\"1441\">\n<p data-start=\"1409\" data-end=\"1441\"><strong data-start=\"1409\" data-end=\"1434\">Tr\u1ecdng l\u01b0\u1ee3ng \u0111\u00f3ng g\u00f3i:<\/strong> 200g<\/p>\n<\/li>\n<li data-start=\"1442\" data-end=\"1483\">\n<p data-start=\"1444\" data-end=\"1483\"><strong data-start=\"1444\" data-end=\"1468\">K\u00edch th\u01b0\u1edbc \u0111\u00f3ng g\u00f3i:<\/strong> 28 \u00d7 17 \u00d7 8 cm<\/p>\n<\/li>\n<\/ul>\n<hr data-start=\"1485\" data-end=\"1488\" \/>\n<h4 data-start=\"1490\" data-end=\"1513\"><em data-start=\"1495\" data-end=\"1513\">B\u1ed9 s\u1ea3n ph\u1ea9m g\u1ed3m:<\/em><\/h4>\n<ul data-start=\"1515\" data-end=\"1587\">\n<li data-start=\"1515\" data-end=\"1541\">\n<p data-start=\"1517\" data-end=\"1541\">1x B\u1ed9 \u0111\u1ec7m BUFFER MF003<\/p>\n<\/li>\n<li data-start=\"1542\" data-end=\"1568\">\n<p data-start=\"1544\" data-end=\"1568\">1x \u1ed0ng Teflon d\u00e0i 50cm<\/p>\n<\/li>\n<li data-start=\"1569\" data-end=\"1587\">\n<p data-start=\"1571\" data-end=\"1587\">2x V\u00edt M3*10mm<\/p>\n<\/li>\n<\/ul>\n<hr data-start=\"1589\" data-end=\"1592\" \/>\n<p data-start=\"1594\" data-end=\"1779\">\ud83d\udcac <strong data-start=\"1597\" data-end=\"1607\">L\u01b0u \u00fd:<\/strong><br data-start=\"1607\" data-end=\"1610\" \/>S\u1ea3n ph\u1ea9m kh\u00f4ng bao g\u1ed3m b\u1ed9 truy\u1ec1n \u0111\u1ed9ng \u0111\u1ed9ng c\u01a1 v\u00e0 kh\u00f4ng c\u00f3 m\u1ea1ch \u0111i\u1ec1u khi\u1ec3n ch\u00ednh (mainboard). \u0110\u1ea3m b\u1ea3o t\u01b0\u01a1ng th\u00edch v\u1edbi m\u00e1y in 3D Creality K2 Plus c\u00f3 t\u00edch h\u1ee3p h\u1ec7 th\u1ed1ng CFS.<\/p>\n<hr data-start=\"1781\" data-end=\"1784\" \/>\n<p data-start=\"1786\" data-end=\"1851\">\n<blockquote class=\"wp-embedded-content\" data-secret=\"aQt8C33MAw\"><p><a href=\"https:\/\/nge.vn\/en\/product\/may-in-3d-nhieu-mau-creality-k2-plus-kho-in-35x35x35cm\/\">M\u00e1y in 3d nhi\u1ec1u m\u00e0u Creality K2 Plus kh\u1ed5 in 35*35*35cm<\/a><\/p><\/blockquote>\n<p><iframe loading=\"lazy\" class=\"wp-embedded-content\" sandbox=\"allow-scripts\" security=\"restricted\" style=\"position: absolute; visibility: hidden;\" title=\"&#8220;M\u00e1y in 3d nhi\u1ec1u m\u00e0u Creality K2 Plus kh\u1ed5 in 35*35*35cm&#8221; &#8212; NGE 3D Printers Services\" src=\"https:\/\/nge.vn\/san-pham\/may-in-3d-nhieu-mau-creality-k2-plus-kho-in-35x35x35cm\/embed\/#?secret=Kb1ljY1rIn#?secret=aQt8C33MAw\" data-secret=\"aQt8C33MAw\" width=\"600\" height=\"338\" frameborder=\"0\" marginwidth=\"0\" marginheight=\"0\" scrolling=\"no\"><\/iframe><\/p>\n<p data-start=\"1786\" data-end=\"1851\"><strong data-start=\"1786\" data-end=\"1851\"><br \/>\n<\/strong><br \/>\n-\u0110\u00e2y l\u00e0 c\u00e1c trang b\u00e1n h\u00e0ng b\u00ean m\u00ecnh NGE 3D Printer Services chuy\u00ean cung c\u1ea5p Nh\u1ef1a in 3D v\u00e0 M\u00e1y in 3D c\u1ee7a H\u00e3ng ESUN, Flsun, BIQU, Creality, eMake3d&#8230;<br \/>\n\ud83d\uded2Shopee =&gt; https:\/\/shopee.vn\/nge3dprinter<br \/>\n\ud83d\uded2Shopee =&gt; https:\/\/shopee.vn\/nge3dservices<br \/>\n\ud83d\uded2Shopee Voron v\u00e0 eMake3D =&gt; https:\/\/shopee.vn\/3dmasterpower<br \/>\n\ud83d\uded2Shopee eMake3D =&gt; https:\/\/shopee.vn\/nge3dprinting<br \/>\n\ud83d\uded2Lazada =&gt; https:\/\/www.lazada.vn\/shop\/nge-3d-printer<br \/>\n\ud83d\uded2Lazada =&gt; https:\/\/www.lazada.vn\/shop\/nge-3d-printer-services<br \/>\n\ud83d\uded2Lazada =&gt; https:\/\/www.lazada.vn\/shop\/emake3d-vn<br \/>\n\ud83d\uded2Webslite Th\u1ebf H\u1ec7 K\u1ebf Ti\u1ebfp =&gt;https:\/\/www.theheketiep.com\/<br \/>\n\ud83d\uded2Webslite NGE.VN =&gt;https:\/\/www.nge.vn\/<br \/>\nHo\u1eb7c b\u1ea1n g\u1ecdi 094.144.0951 g\u1eb7p m\u00ecnh<br \/>\nHo\u1eb7c 0913939775 g\u1eb7p anh Qu\u00e2n<strong data-start=\"1786\" data-end=\"1851\"><br \/>\nGi\u00e1 b\u00e1n ch\u01b0a bao g\u1ed3m VAT (+8% ho\u1eb7c 10% n\u1ebfu xu\u1ea5t h\u00f3a \u0111\u01a1n GTGT)<\/p>\n<p><\/strong><\/p>","protected":false},"excerpt":{"rendered":"<p data-start=\"245\" data-end=\"395\">B\u1ed9 \u0111\u1ec7m Buffer Kit MF003 cho m\u00e1y in 3D K2 Plus t\u00edch h\u1ee3p CFS, kh\u00f4ng g\u1ed3m b\u1ed9 truy\u1ec1n \u0111\u1ed9ng v\u00e0 \u0111i\u1ec1u khi\u1ec3n. Gi\u00fap \u1ed5n \u0111\u1ecbnh n\u1ea1p s\u1ee3i, d\u1ec5 l\u1eafp \u0111\u1eb7t, nh\u1eb9 v\u00e0 ti\u1ec7n l\u1ee3i.<\/p>","protected":false},"featured_media":6381,"comment_status":"open","ping_status":"closed","template":"","meta":{"inline_featured_image":false},"product_brand":[],"product_cat":[40,56],"product_tag":[752,847,495,501,663],"class_list":{"0":"post-6380","1":"product","2":"type-product","3":"status-publish","4":"has-post-thumbnail","6":"product_cat-linh-kien-va-phu-kien","7":"product_cat-linh-phu-kien-may-in-3d-creality","8":"product_tag-3dprinterparts","9":"product_tag-bufferkit","10":"product_tag-creality","11":"product_tag-k2plus","12":"product_tag-nge3d","14":"first","15":"instock","16":"taxable","17":"shipping-taxable","18":"purchasable","19":"product-type-simple"},"yoast_head":"<!-- This site is optimized with the Yoast SEO Premium plugin v22.8 (Yoast SEO v26.9) - https:\/\/yoast.com\/product\/yoast-seo-premium-wordpress\/ -->\n<title>B\u1ed9 \u0111\u1ec7m Buffer Kit cho m\u00e1y in 3d K2 PLus v\u1edbi CFS - NGE 3D Printers Services<\/title>\n<meta name=\"description\" content=\"B\u1ed9 \u0111\u1ec7m Buffer Kit MF003 cho m\u00e1y in 3D K2 Plus t\u00edch h\u1ee3p CFS, kh\u00f4ng g\u1ed3m b\u1ed9 truy\u1ec1n \u0111\u1ed9ng v\u00e0 \u0111i\u1ec1u khi\u1ec3n. Gi\u00fap \u1ed5n \u0111\u1ecbnh n\u1ea1p s\u1ee3i, d\u1ec5 l\u1eafp \u0111\u1eb7t, nh\u1eb9 v\u00e0 ti\u1ec7n l\u1ee3i.\" \/>\n<meta name=\"robots\" content=\"index, follow, max-snippet:-1, max-image-preview:large, max-video-preview:-1\" \/>\n<link rel=\"canonical\" href=\"https:\/\/nge.vn\/en\/product\/bo-dem-buffer-kit-cho-may-in-3d-k2-plus-voi-cfs\/\" \/>\n<meta property=\"og:locale\" content=\"en_US\" \/>\n<meta property=\"og:type\" content=\"article\" \/>\n<meta property=\"og:title\" content=\"B\u1ed9 \u0111\u1ec7m Buffer Kit cho m\u00e1y in 3d K2 PLus v\u1edbi CFS\" \/>\n<meta property=\"og:description\" content=\"B\u1ed9 \u0111\u1ec7m Buffer Kit MF003 cho m\u00e1y in 3D K2 Plus t\u00edch h\u1ee3p CFS, kh\u00f4ng g\u1ed3m b\u1ed9 truy\u1ec1n \u0111\u1ed9ng v\u00e0 \u0111i\u1ec1u khi\u1ec3n. Gi\u00fap \u1ed5n \u0111\u1ecbnh n\u1ea1p s\u1ee3i, d\u1ec5 l\u1eafp \u0111\u1eb7t, nh\u1eb9 v\u00e0 ti\u1ec7n l\u1ee3i.\" \/>\n<meta property=\"og:url\" content=\"https:\/\/nge.vn\/en\/product\/bo-dem-buffer-kit-cho-may-in-3d-k2-plus-voi-cfs\/\" \/>\n<meta property=\"og:site_name\" content=\"NGE 3D Printers Services\" \/>\n<meta property=\"article:modified_time\" content=\"2025-08-06T07:10:42+00:00\" \/>\n<meta property=\"og:image\" content=\"https:\/\/nge.vn\/wp-content\/uploads\/2025\/08\/vn-11134207-7ras8-m42p9ecv2fnz02_tn.jpeg\" \/>\n\t<meta property=\"og:image:width\" content=\"320\" \/>\n\t<meta property=\"og:image:height\" content=\"320\" \/>\n\t<meta property=\"og:image:type\" content=\"image\/jpeg\" \/>\n<meta name=\"twitter:card\" content=\"summary_large_image\" \/>\n<meta name=\"twitter:label1\" content=\"Est. reading time\" \/>\n\t<meta name=\"twitter:data1\" content=\"2 minutes\" \/>\n<script type=\"application\/ld+json\" class=\"yoast-schema-graph\">{\"@context\":\"https:\/\/schema.org\",\"@graph\":[{\"@type\":\"WebPage\",\"@id\":\"https:\/\/nge.vn\/san-pham\/bo-dem-buffer-kit-cho-may-in-3d-k2-plus-voi-cfs\/\",\"url\":\"https:\/\/nge.vn\/san-pham\/bo-dem-buffer-kit-cho-may-in-3d-k2-plus-voi-cfs\/\",\"name\":\"B\u1ed9 \u0111\u1ec7m Buffer Kit cho m\u00e1y in 3d K2 PLus v\u1edbi CFS - NGE 3D Printers Services\",\"isPartOf\":{\"@id\":\"https:\/\/nge.vn\/#website\"},\"primaryImageOfPage\":{\"@id\":\"https:\/\/nge.vn\/san-pham\/bo-dem-buffer-kit-cho-may-in-3d-k2-plus-voi-cfs\/#primaryimage\"},\"image\":{\"@id\":\"https:\/\/nge.vn\/san-pham\/bo-dem-buffer-kit-cho-may-in-3d-k2-plus-voi-cfs\/#primaryimage\"},\"thumbnailUrl\":\"https:\/\/nge.vn\/wp-content\/uploads\/2025\/08\/vn-11134207-7ras8-m42p9ecv2fnz02_tn.jpeg\",\"datePublished\":\"2025-08-06T07:10:41+00:00\",\"dateModified\":\"2025-08-06T07:10:42+00:00\",\"description\":\"B\u1ed9 \u0111\u1ec7m Buffer Kit MF003 cho m\u00e1y in 3D K2 Plus t\u00edch h\u1ee3p CFS, kh\u00f4ng g\u1ed3m b\u1ed9 truy\u1ec1n \u0111\u1ed9ng v\u00e0 \u0111i\u1ec1u khi\u1ec3n. Gi\u00fap \u1ed5n \u0111\u1ecbnh n\u1ea1p s\u1ee3i, d\u1ec5 l\u1eafp \u0111\u1eb7t, nh\u1eb9 v\u00e0 ti\u1ec7n l\u1ee3i.\",\"breadcrumb\":{\"@id\":\"https:\/\/nge.vn\/san-pham\/bo-dem-buffer-kit-cho-may-in-3d-k2-plus-voi-cfs\/#breadcrumb\"},\"inLanguage\":\"en-US\",\"potentialAction\":[{\"@type\":\"ReadAction\",\"target\":[\"https:\/\/nge.vn\/san-pham\/bo-dem-buffer-kit-cho-may-in-3d-k2-plus-voi-cfs\/\"]}]},{\"@type\":\"ImageObject\",\"inLanguage\":\"en-US\",\"@id\":\"https:\/\/nge.vn\/san-pham\/bo-dem-buffer-kit-cho-may-in-3d-k2-plus-voi-cfs\/#primaryimage\",\"url\":\"https:\/\/nge.vn\/wp-content\/uploads\/2025\/08\/vn-11134207-7ras8-m42p9ecv2fnz02_tn.jpeg\",\"contentUrl\":\"https:\/\/nge.vn\/wp-content\/uploads\/2025\/08\/vn-11134207-7ras8-m42p9ecv2fnz02_tn.jpeg\",\"width\":320,\"height\":320},{\"@type\":\"BreadcrumbList\",\"@id\":\"https:\/\/nge.vn\/san-pham\/bo-dem-buffer-kit-cho-may-in-3d-k2-plus-voi-cfs\/#breadcrumb\",\"itemListElement\":[{\"@type\":\"ListItem\",\"position\":1,\"name\":\"Trang ch\u1ee7\",\"item\":\"https:\/\/nge.vn\/\"},{\"@type\":\"ListItem\",\"position\":2,\"name\":\"S\u1ea3n ph\u1ea9m\",\"item\":\"https:\/\/nge.vn\/san-pham\/\"},{\"@type\":\"ListItem\",\"position\":3,\"name\":\"B\u1ed9 \u0111\u1ec7m Buffer Kit cho m\u00e1y in 3d K2 PLus v\u1edbi CFS\"}]},{\"@type\":\"WebSite\",\"@id\":\"https:\/\/nge.vn\/#website\",\"url\":\"https:\/\/nge.vn\/\",\"name\":\"NGE 3D Printers Services\",\"description\":\"\",\"potentialAction\":[{\"@type\":\"SearchAction\",\"target\":{\"@type\":\"EntryPoint\",\"urlTemplate\":\"https:\/\/nge.vn\/?s={search_term_string}\"},\"query-input\":{\"@type\":\"PropertyValueSpecification\",\"valueRequired\":true,\"valueName\":\"search_term_string\"}}],\"inLanguage\":\"en-US\"}]}<\/script>\n<!-- \/ Yoast SEO Premium plugin. -->","yoast_head_json":{"title":"B\u1ed9 \u0111\u1ec7m Buffer Kit cho m\u00e1y in 3d K2 PLus v\u1edbi CFS - NGE 3D Printers Services","description":"B\u1ed9 \u0111\u1ec7m Buffer Kit MF003 cho m\u00e1y in 3D K2 Plus t\u00edch h\u1ee3p CFS, kh\u00f4ng g\u1ed3m b\u1ed9 truy\u1ec1n \u0111\u1ed9ng v\u00e0 \u0111i\u1ec1u khi\u1ec3n. Gi\u00fap \u1ed5n \u0111\u1ecbnh n\u1ea1p s\u1ee3i, d\u1ec5 l\u1eafp \u0111\u1eb7t, nh\u1eb9 v\u00e0 ti\u1ec7n l\u1ee3i.","robots":{"index":"index","follow":"follow","max-snippet":"max-snippet:-1","max-image-preview":"max-image-preview:large","max-video-preview":"max-video-preview:-1"},"canonical":"https:\/\/nge.vn\/en\/product\/bo-dem-buffer-kit-cho-may-in-3d-k2-plus-voi-cfs\/","og_locale":"en_US","og_type":"article","og_title":"B\u1ed9 \u0111\u1ec7m Buffer Kit cho m\u00e1y in 3d K2 PLus v\u1edbi CFS","og_description":"B\u1ed9 \u0111\u1ec7m Buffer Kit MF003 cho m\u00e1y in 3D K2 Plus t\u00edch h\u1ee3p CFS, kh\u00f4ng g\u1ed3m b\u1ed9 truy\u1ec1n \u0111\u1ed9ng v\u00e0 \u0111i\u1ec1u khi\u1ec3n. Gi\u00fap \u1ed5n \u0111\u1ecbnh n\u1ea1p s\u1ee3i, d\u1ec5 l\u1eafp \u0111\u1eb7t, nh\u1eb9 v\u00e0 ti\u1ec7n l\u1ee3i.","og_url":"https:\/\/nge.vn\/en\/product\/bo-dem-buffer-kit-cho-may-in-3d-k2-plus-voi-cfs\/","og_site_name":"NGE 3D Printers Services","article_modified_time":"2025-08-06T07:10:42+00:00","og_image":[{"width":320,"height":320,"url":"https:\/\/nge.vn\/wp-content\/uploads\/2025\/08\/vn-11134207-7ras8-m42p9ecv2fnz02_tn.jpeg","type":"image\/jpeg"}],"twitter_card":"summary_large_image","twitter_misc":{"Est. reading time":"2 minutes"},"schema":{"@context":"https:\/\/schema.org","@graph":[{"@type":"WebPage","@id":"https:\/\/nge.vn\/san-pham\/bo-dem-buffer-kit-cho-may-in-3d-k2-plus-voi-cfs\/","url":"https:\/\/nge.vn\/san-pham\/bo-dem-buffer-kit-cho-may-in-3d-k2-plus-voi-cfs\/","name":"B\u1ed9 \u0111\u1ec7m Buffer Kit cho m\u00e1y in 3d K2 PLus v\u1edbi CFS - NGE 3D Printers Services","isPartOf":{"@id":"https:\/\/nge.vn\/#website"},"primaryImageOfPage":{"@id":"https:\/\/nge.vn\/san-pham\/bo-dem-buffer-kit-cho-may-in-3d-k2-plus-voi-cfs\/#primaryimage"},"image":{"@id":"https:\/\/nge.vn\/san-pham\/bo-dem-buffer-kit-cho-may-in-3d-k2-plus-voi-cfs\/#primaryimage"},"thumbnailUrl":"https:\/\/nge.vn\/wp-content\/uploads\/2025\/08\/vn-11134207-7ras8-m42p9ecv2fnz02_tn.jpeg","datePublished":"2025-08-06T07:10:41+00:00","dateModified":"2025-08-06T07:10:42+00:00","description":"B\u1ed9 \u0111\u1ec7m Buffer Kit MF003 cho m\u00e1y in 3D K2 Plus t\u00edch h\u1ee3p CFS, kh\u00f4ng g\u1ed3m b\u1ed9 truy\u1ec1n \u0111\u1ed9ng v\u00e0 \u0111i\u1ec1u khi\u1ec3n. Gi\u00fap \u1ed5n \u0111\u1ecbnh n\u1ea1p s\u1ee3i, d\u1ec5 l\u1eafp \u0111\u1eb7t, nh\u1eb9 v\u00e0 ti\u1ec7n l\u1ee3i.","breadcrumb":{"@id":"https:\/\/nge.vn\/san-pham\/bo-dem-buffer-kit-cho-may-in-3d-k2-plus-voi-cfs\/#breadcrumb"},"inLanguage":"en-US","potentialAction":[{"@type":"ReadAction","target":["https:\/\/nge.vn\/san-pham\/bo-dem-buffer-kit-cho-may-in-3d-k2-plus-voi-cfs\/"]}]},{"@type":"ImageObject","inLanguage":"en-US","@id":"https:\/\/nge.vn\/san-pham\/bo-dem-buffer-kit-cho-may-in-3d-k2-plus-voi-cfs\/#primaryimage","url":"https:\/\/nge.vn\/wp-content\/uploads\/2025\/08\/vn-11134207-7ras8-m42p9ecv2fnz02_tn.jpeg","contentUrl":"https:\/\/nge.vn\/wp-content\/uploads\/2025\/08\/vn-11134207-7ras8-m42p9ecv2fnz02_tn.jpeg","width":320,"height":320},{"@type":"BreadcrumbList","@id":"https:\/\/nge.vn\/san-pham\/bo-dem-buffer-kit-cho-may-in-3d-k2-plus-voi-cfs\/#breadcrumb","itemListElement":[{"@type":"ListItem","position":1,"name":"Trang ch\u1ee7","item":"https:\/\/nge.vn\/"},{"@type":"ListItem","position":2,"name":"S\u1ea3n ph\u1ea9m","item":"https:\/\/nge.vn\/san-pham\/"},{"@type":"ListItem","position":3,"name":"B\u1ed9 \u0111\u1ec7m Buffer Kit cho m\u00e1y in 3d K2 PLus v\u1edbi CFS"}]},{"@type":"WebSite","@id":"https:\/\/nge.vn\/#website","url":"https:\/\/nge.vn\/","name":"NGE 3D Printers Services","description":"","potentialAction":[{"@type":"SearchAction","target":{"@type":"EntryPoint","urlTemplate":"https:\/\/nge.vn\/?s={search_term_string}"},"query-input":{"@type":"PropertyValueSpecification","valueRequired":true,"valueName":"search_term_string"}}],"inLanguage":"en-US"}]}},"_links":{"self":[{"href":"https:\/\/nge.vn\/en\/wp-json\/wp\/v2\/product\/6380","targetHints":{"allow":["GET"]}}],"collection":[{"href":"https:\/\/nge.vn\/en\/wp-json\/wp\/v2\/product"}],"about":[{"href":"https:\/\/nge.vn\/en\/wp-json\/wp\/v2\/types\/product"}],"replies":[{"embeddable":true,"href":"https:\/\/nge.vn\/en\/wp-json\/wp\/v2\/comments?post=6380"}],"wp:featuredmedia":[{"embeddable":true,"href":"https:\/\/nge.vn\/en\/wp-json\/wp\/v2\/media\/6381"}],"wp:attachment":[{"href":"https:\/\/nge.vn\/en\/wp-json\/wp\/v2\/media?parent=6380"}],"wp:term":[{"taxonomy":"product_brand","embeddable":true,"href":"https:\/\/nge.vn\/en\/wp-json\/wp\/v2\/product_brand?post=6380"},{"taxonomy":"product_cat","embeddable":true,"href":"https:\/\/nge.vn\/en\/wp-json\/wp\/v2\/product_cat?post=6380"},{"taxonomy":"product_tag","embeddable":true,"href":"https:\/\/nge.vn\/en\/wp-json\/wp\/v2\/product_tag?post=6380"}],"curies":[{"name":"wp","href":"https:\/\/api.w.org\/{rel}","templated":true}]}}