{"id":638,"date":"2024-10-25T13:09:21","date_gmt":"2024-10-25T06:09:21","guid":{"rendered":"https:\/\/nge.123websitedev.com\/san-pham\/mieng-bao-giu-nhiet-heating-block-silicon-cover-2317-51-5mm-cho-may-in-3d\/"},"modified":"2024-10-29T17:24:45","modified_gmt":"2024-10-29T10:24:45","slug":"mieng-bao-giu-nhiet-heating-block-silicon-cover-2317-51-5mm-cho-may-in-3d","status":"publish","type":"product","link":"https:\/\/nge.vn\/en\/product\/mieng-bao-giu-nhiet-heating-block-silicon-cover-2317-51-5mm-cho-may-in-3d\/","title":{"rendered":"Mi\u1ebfng bao gi\u1eef nhi\u1ec7t Heating Block Silicon Cover 23*17.5*1.5mm cho m\u00e1y in 3d"},"content":{"rendered":"<p>Mi\u1ebfng bao gi\u1eef nhi\u1ec7t Heating Block Silicon Cover 23*17.5*1.5mm cho m\u00e1y in 3d<br \/>\n_\u0110\u01b0\u1ee3c l\u00e0m b\u1eb1ng silicon c\u00e1ch nhi\u1ec7t, kh\u00f4ng d\u00ednh v\u00e0o c\u00e1c s\u1ee3i kh\u00e1c, ng\u0103n ch\u1eb7n s\u1ef1 m\u00e0i m\u00f2n c\u1ee7a kh\u1ed1i gia nhi\u1ec7t v\u00e0 gi\u1eef cho kh\u1ed1i gia nhi\u1ec7t lu\u00f4n th\u00f4ng tho\u00e1ng<br \/>\n_V\u1ecf silicon kh\u1ed1i gia nhi\u1ec7t d\u00e0nh ri\u00eang cho m\u00e1y in 3d<br \/>\n+C\u00e1ch ly nhi\u1ec7t<br \/>\n+T\u00ednh \u1ed5n \u0111\u1ecbnh nhi\u1ec7t<br \/>\n+M\u1edf r\u1ed9ng quy m\u00f4 ph\u00f2ng ng\u1eeba.<\/p>\n<p>_C\u00e1ch ly nhi\u1ec7t:<br \/>\nV\u1ecf silicon \u0111\u1ea9y nhanh qu\u00e1 tr\u00ecnh gia nhi\u1ec7t, tr\u00e1nh t\u1ea3n nhi\u1ec7t \u1edf \u0111\u1ea7u gia nhi\u1ec7t, \u1ed5n \u0111\u1ecbnh nhi\u1ec7t \u0111\u1ed9 cu\u1ed1i gia nhi\u1ec7t, kh\u00f4ng b\u1ecb \u1ea3nh h\u01b0\u1edfng t\u1eeb m\u00f4i tr\u01b0\u1eddng<\/p>\n<p>_B\u1ea3o v\u1ec7 kh\u1ed1i s\u01b0\u1edfi:<br \/>\nL\u00e0m b\u1eb1ng silicon c\u00e1ch nhi\u1ec7t, kh\u00f4ng d\u00ednh v\u00e0o c\u00e1c s\u1ee3i kh\u00e1c, ng\u0103n ch\u1eb7n s\u1ef1 m\u00e0i m\u00f2n kh\u1ed1i gia nhi\u1ec7t, gi\u1eef cho kh\u1ed1i gia nhi\u1ec7t lu\u00f4n s\u1ea1ch s\u1ebd<\/p>\n<p>_Th\u00f4ng s\u1ed1 s\u1ea3n ph\u1ea9m:<br \/>\n+T\u00ean s\u1ea3n ph\u1ea9m: N\u1eafp silicon kh\u1ed1i s\u01b0\u1edfi<br \/>\n+Kich th\u01b0\u1edbc: 23*23*12mm<br \/>\n+Ch\u1ea5t li\u1ec7u: Silicon<br \/>\n+Tr\u1ecdng l\u01b0\u1ee3ng: 2g<br \/>\n+\u00c1p d\u1ee5ng m\u00e1y: Ph\u1ed5 th\u00f4ng<\/p>\n<p>**T\u01b0\u01a1ng th\u00edch v\u1edbi c\u00e1c m\u00e1y: CR-100B_CR-100B-Wifi_CR-10 Max_CR-10 S5_CR-10S Pro_CR-10S S_CR-3040D_CR-7_CR-8S_CR-9S_CT-20_CR-1000_CR-2030_CR-3040S_CR-6080_CR-6080S_CR-2526_Ender-2 Pro_Ender-3_Ender-3 Pro_Ender-3 V2_Ender-5 Plus_Ender-6_SV03_SV01_CR-10 V2_CR-10 V3_CR-10S Pro V2_CR-10S&#8230;.<\/p>\n<p>**\u0110\u1ec3 \u0111\u01b0\u1ee3c nh\u1eadn h\u1ed9 tr\u1ee3 th\u00eam v\u1ec1 Gi\u00e1 v\u00e0 Th\u00f4ng tin c\u1ee7a s\u1ea3n ph\u1ea9m, vui l\u00f2ng li\u00ean h\u1ec7:<br \/>\n          0913.939.775 g\u1eb7p A. Qu\u00e2n (for English)<br \/>\n          094.144.0951 contact A.Quynh<br \/>\n**Selling price does not include VAT (+10% if VAT invoice is issued)<\/p>","protected":false},"excerpt":{"rendered":"<p>Mi\u1ebfng bao gi\u1eef nhi\u1ec7t Heating Block Silicon Cover 23*17.5*1.5mm cho m\u00e1y in 3d<\/p>","protected":false},"featured_media":633,"comment_status":"open","ping_status":"closed","template":"","meta":{"inline_featured_image":false},"product_brand":[],"product_cat":[40],"product_tag":[],"class_list":{"0":"post-638","1":"product","2":"type-product","3":"status-publish","4":"has-post-thumbnail","6":"product_cat-linh-kien-va-phu-kien","8":"first","9":"instock","10":"taxable","11":"shipping-taxable","12":"purchasable","13":"product-type-simple"},"yoast_head":"<!-- This site is optimized with the Yoast SEO Premium plugin v22.8 (Yoast SEO v26.9) - https:\/\/yoast.com\/product\/yoast-seo-premium-wordpress\/ -->\n<title>Mi\u1ebfng bao gi\u1eef nhi\u1ec7t Heating Block Silicon Cover 23*17.5*1.5mm cho m\u00e1y in 3d - NGE 3D Printers Services<\/title>\n<meta name=\"robots\" content=\"index, follow, max-snippet:-1, max-image-preview:large, max-video-preview:-1\" \/>\n<link rel=\"canonical\" href=\"https:\/\/nge.vn\/en\/product\/mieng-bao-giu-nhiet-heating-block-silicon-cover-2317-51-5mm-cho-may-in-3d\/\" \/>\n<meta property=\"og:locale\" content=\"en_US\" \/>\n<meta property=\"og:type\" content=\"article\" \/>\n<meta property=\"og:title\" content=\"Mi\u1ebfng bao gi\u1eef nhi\u1ec7t Heating Block Silicon Cover 23*17.5*1.5mm cho m\u00e1y in 3d\" \/>\n<meta property=\"og:description\" content=\"Mi\u1ebfng bao gi\u1eef nhi\u1ec7t Heating Block Silicon Cover 23*17.5*1.5mm cho m\u00e1y in 3d\" \/>\n<meta property=\"og:url\" content=\"https:\/\/nge.vn\/en\/product\/mieng-bao-giu-nhiet-heating-block-silicon-cover-2317-51-5mm-cho-may-in-3d\/\" \/>\n<meta property=\"og:site_name\" content=\"NGE 3D Printers Services\" \/>\n<meta property=\"article:modified_time\" content=\"2024-10-29T10:24:45+00:00\" \/>\n<meta property=\"og:image\" content=\"https:\/\/nge.vn\/wp-content\/uploads\/2024\/10\/images-upload-woo2F97219accbfce56a57f30c2ee621180a8.jpg\" \/>\n\t<meta property=\"og:image:width\" content=\"765\" \/>\n\t<meta property=\"og:image:height\" content=\"765\" \/>\n\t<meta property=\"og:image:type\" content=\"image\/jpeg\" \/>\n<meta name=\"twitter:card\" content=\"summary_large_image\" \/>\n<meta name=\"twitter:label1\" content=\"Est. reading time\" \/>\n\t<meta name=\"twitter:data1\" content=\"2 minutes\" \/>\n<script type=\"application\/ld+json\" class=\"yoast-schema-graph\">{\"@context\":\"https:\/\/schema.org\",\"@graph\":[{\"@type\":\"WebPage\",\"@id\":\"https:\/\/nge.vn\/san-pham\/mieng-bao-giu-nhiet-heating-block-silicon-cover-2317-51-5mm-cho-may-in-3d\/\",\"url\":\"https:\/\/nge.vn\/san-pham\/mieng-bao-giu-nhiet-heating-block-silicon-cover-2317-51-5mm-cho-may-in-3d\/\",\"name\":\"Mi\u1ebfng bao gi\u1eef nhi\u1ec7t Heating Block Silicon Cover 23*17.5*1.5mm cho m\u00e1y in 3d - NGE 3D Printers Services\",\"isPartOf\":{\"@id\":\"https:\/\/nge.vn\/#website\"},\"primaryImageOfPage\":{\"@id\":\"https:\/\/nge.vn\/san-pham\/mieng-bao-giu-nhiet-heating-block-silicon-cover-2317-51-5mm-cho-may-in-3d\/#primaryimage\"},\"image\":{\"@id\":\"https:\/\/nge.vn\/san-pham\/mieng-bao-giu-nhiet-heating-block-silicon-cover-2317-51-5mm-cho-may-in-3d\/#primaryimage\"},\"thumbnailUrl\":\"https:\/\/nge.vn\/wp-content\/uploads\/2024\/10\/images-upload-woo2F97219accbfce56a57f30c2ee621180a8.jpg\",\"datePublished\":\"2024-10-25T06:09:21+00:00\",\"dateModified\":\"2024-10-29T10:24:45+00:00\",\"breadcrumb\":{\"@id\":\"https:\/\/nge.vn\/san-pham\/mieng-bao-giu-nhiet-heating-block-silicon-cover-2317-51-5mm-cho-may-in-3d\/#breadcrumb\"},\"inLanguage\":\"en-US\",\"potentialAction\":[{\"@type\":\"ReadAction\",\"target\":[\"https:\/\/nge.vn\/san-pham\/mieng-bao-giu-nhiet-heating-block-silicon-cover-2317-51-5mm-cho-may-in-3d\/\"]}]},{\"@type\":\"ImageObject\",\"inLanguage\":\"en-US\",\"@id\":\"https:\/\/nge.vn\/san-pham\/mieng-bao-giu-nhiet-heating-block-silicon-cover-2317-51-5mm-cho-may-in-3d\/#primaryimage\",\"url\":\"https:\/\/nge.vn\/wp-content\/uploads\/2024\/10\/images-upload-woo2F97219accbfce56a57f30c2ee621180a8.jpg\",\"contentUrl\":\"https:\/\/nge.vn\/wp-content\/uploads\/2024\/10\/images-upload-woo2F97219accbfce56a57f30c2ee621180a8.jpg\",\"width\":765,\"height\":765},{\"@type\":\"BreadcrumbList\",\"@id\":\"https:\/\/nge.vn\/san-pham\/mieng-bao-giu-nhiet-heating-block-silicon-cover-2317-51-5mm-cho-may-in-3d\/#breadcrumb\",\"itemListElement\":[{\"@type\":\"ListItem\",\"position\":1,\"name\":\"Trang ch\u1ee7\",\"item\":\"https:\/\/nge.vn\/\"},{\"@type\":\"ListItem\",\"position\":2,\"name\":\"S\u1ea3n ph\u1ea9m\",\"item\":\"https:\/\/nge.vn\/san-pham\/\"},{\"@type\":\"ListItem\",\"position\":3,\"name\":\"Mi\u1ebfng bao gi\u1eef nhi\u1ec7t Heating Block Silicon Cover 23*17.5*1.5mm cho m\u00e1y in 3d\"}]},{\"@type\":\"WebSite\",\"@id\":\"https:\/\/nge.vn\/#website\",\"url\":\"https:\/\/nge.vn\/\",\"name\":\"NGE 3D Printers Services\",\"description\":\"\",\"potentialAction\":[{\"@type\":\"SearchAction\",\"target\":{\"@type\":\"EntryPoint\",\"urlTemplate\":\"https:\/\/nge.vn\/?s={search_term_string}\"},\"query-input\":{\"@type\":\"PropertyValueSpecification\",\"valueRequired\":true,\"valueName\":\"search_term_string\"}}],\"inLanguage\":\"en-US\"}]}<\/script>\n<!-- \/ Yoast SEO Premium plugin. -->","yoast_head_json":{"title":"Mi\u1ebfng bao gi\u1eef nhi\u1ec7t Heating Block Silicon Cover 23*17.5*1.5mm cho m\u00e1y in 3d - NGE 3D Printers Services","robots":{"index":"index","follow":"follow","max-snippet":"max-snippet:-1","max-image-preview":"max-image-preview:large","max-video-preview":"max-video-preview:-1"},"canonical":"https:\/\/nge.vn\/en\/product\/mieng-bao-giu-nhiet-heating-block-silicon-cover-2317-51-5mm-cho-may-in-3d\/","og_locale":"en_US","og_type":"article","og_title":"Mi\u1ebfng bao gi\u1eef nhi\u1ec7t Heating Block Silicon Cover 23*17.5*1.5mm cho m\u00e1y in 3d","og_description":"Mi\u1ebfng bao gi\u1eef nhi\u1ec7t Heating Block Silicon Cover 23*17.5*1.5mm cho m\u00e1y in 3d","og_url":"https:\/\/nge.vn\/en\/product\/mieng-bao-giu-nhiet-heating-block-silicon-cover-2317-51-5mm-cho-may-in-3d\/","og_site_name":"NGE 3D Printers Services","article_modified_time":"2024-10-29T10:24:45+00:00","og_image":[{"width":765,"height":765,"url":"https:\/\/nge.vn\/wp-content\/uploads\/2024\/10\/images-upload-woo2F97219accbfce56a57f30c2ee621180a8.jpg","type":"image\/jpeg"}],"twitter_card":"summary_large_image","twitter_misc":{"Est. reading time":"2 minutes"},"schema":{"@context":"https:\/\/schema.org","@graph":[{"@type":"WebPage","@id":"https:\/\/nge.vn\/san-pham\/mieng-bao-giu-nhiet-heating-block-silicon-cover-2317-51-5mm-cho-may-in-3d\/","url":"https:\/\/nge.vn\/san-pham\/mieng-bao-giu-nhiet-heating-block-silicon-cover-2317-51-5mm-cho-may-in-3d\/","name":"Mi\u1ebfng bao gi\u1eef nhi\u1ec7t Heating Block Silicon Cover 23*17.5*1.5mm cho m\u00e1y in 3d - NGE 3D Printers Services","isPartOf":{"@id":"https:\/\/nge.vn\/#website"},"primaryImageOfPage":{"@id":"https:\/\/nge.vn\/san-pham\/mieng-bao-giu-nhiet-heating-block-silicon-cover-2317-51-5mm-cho-may-in-3d\/#primaryimage"},"image":{"@id":"https:\/\/nge.vn\/san-pham\/mieng-bao-giu-nhiet-heating-block-silicon-cover-2317-51-5mm-cho-may-in-3d\/#primaryimage"},"thumbnailUrl":"https:\/\/nge.vn\/wp-content\/uploads\/2024\/10\/images-upload-woo2F97219accbfce56a57f30c2ee621180a8.jpg","datePublished":"2024-10-25T06:09:21+00:00","dateModified":"2024-10-29T10:24:45+00:00","breadcrumb":{"@id":"https:\/\/nge.vn\/san-pham\/mieng-bao-giu-nhiet-heating-block-silicon-cover-2317-51-5mm-cho-may-in-3d\/#breadcrumb"},"inLanguage":"en-US","potentialAction":[{"@type":"ReadAction","target":["https:\/\/nge.vn\/san-pham\/mieng-bao-giu-nhiet-heating-block-silicon-cover-2317-51-5mm-cho-may-in-3d\/"]}]},{"@type":"ImageObject","inLanguage":"en-US","@id":"https:\/\/nge.vn\/san-pham\/mieng-bao-giu-nhiet-heating-block-silicon-cover-2317-51-5mm-cho-may-in-3d\/#primaryimage","url":"https:\/\/nge.vn\/wp-content\/uploads\/2024\/10\/images-upload-woo2F97219accbfce56a57f30c2ee621180a8.jpg","contentUrl":"https:\/\/nge.vn\/wp-content\/uploads\/2024\/10\/images-upload-woo2F97219accbfce56a57f30c2ee621180a8.jpg","width":765,"height":765},{"@type":"BreadcrumbList","@id":"https:\/\/nge.vn\/san-pham\/mieng-bao-giu-nhiet-heating-block-silicon-cover-2317-51-5mm-cho-may-in-3d\/#breadcrumb","itemListElement":[{"@type":"ListItem","position":1,"name":"Trang ch\u1ee7","item":"https:\/\/nge.vn\/"},{"@type":"ListItem","position":2,"name":"S\u1ea3n ph\u1ea9m","item":"https:\/\/nge.vn\/san-pham\/"},{"@type":"ListItem","position":3,"name":"Mi\u1ebfng bao gi\u1eef nhi\u1ec7t Heating Block Silicon Cover 23*17.5*1.5mm cho m\u00e1y in 3d"}]},{"@type":"WebSite","@id":"https:\/\/nge.vn\/#website","url":"https:\/\/nge.vn\/","name":"NGE 3D Printers Services","description":"","potentialAction":[{"@type":"SearchAction","target":{"@type":"EntryPoint","urlTemplate":"https:\/\/nge.vn\/?s={search_term_string}"},"query-input":{"@type":"PropertyValueSpecification","valueRequired":true,"valueName":"search_term_string"}}],"inLanguage":"en-US"}]}},"_links":{"self":[{"href":"https:\/\/nge.vn\/en\/wp-json\/wp\/v2\/product\/638","targetHints":{"allow":["GET"]}}],"collection":[{"href":"https:\/\/nge.vn\/en\/wp-json\/wp\/v2\/product"}],"about":[{"href":"https:\/\/nge.vn\/en\/wp-json\/wp\/v2\/types\/product"}],"replies":[{"embeddable":true,"href":"https:\/\/nge.vn\/en\/wp-json\/wp\/v2\/comments?post=638"}],"wp:featuredmedia":[{"embeddable":true,"href":"https:\/\/nge.vn\/en\/wp-json\/wp\/v2\/media\/633"}],"wp:attachment":[{"href":"https:\/\/nge.vn\/en\/wp-json\/wp\/v2\/media?parent=638"}],"wp:term":[{"taxonomy":"product_brand","embeddable":true,"href":"https:\/\/nge.vn\/en\/wp-json\/wp\/v2\/product_brand?post=638"},{"taxonomy":"product_cat","embeddable":true,"href":"https:\/\/nge.vn\/en\/wp-json\/wp\/v2\/product_cat?post=638"},{"taxonomy":"product_tag","embeddable":true,"href":"https:\/\/nge.vn\/en\/wp-json\/wp\/v2\/product_tag?post=638"}],"curies":[{"name":"wp","href":"https:\/\/api.w.org\/{rel}","templated":true}]}}