{"id":6370,"date":"2025-08-06T13:50:26","date_gmt":"2025-08-06T06:50:26","guid":{"rendered":"https:\/\/nge.vn\/?post_type=product&#038;p=6370"},"modified":"2025-08-06T13:50:27","modified_gmt":"2025-08-06T06:50:27","slug":"tam-ban-pei-nham-mo-k2-plus-pei-frosted-build-plate-cho-may-in-creality-3d-k2-plus","status":"publish","type":"product","link":"https:\/\/nge.vn\/en\/product\/tam-ban-pei-nham-mo-k2-plus-pei-frosted-build-plate-cho-may-in-creality-3d-k2-plus\/","title":{"rendered":"T\u1ea5m b\u00e0n PEI nh\u00e1m m\u1edd K2 Plus PEI Frosted Build Plate cho m\u00e1y in Creality 3d K2 Plus"},"content":{"rendered":"<h4 data-start=\"877\" data-end=\"970\"><strong data-start=\"882\" data-end=\"970\">T\u1ea5m b\u00e0n PEI nh\u00e1m m\u1edd K2 Plus \u2013 PEI Frosted Build Plate cho m\u00e1y in 3D Creality K2 Plus<\/strong><\/h4>\n<hr data-start=\"972\" data-end=\"975\" \/>\n<h4 data-start=\"977\" data-end=\"1002\"><em data-start=\"982\" data-end=\"1002\">T\u00ednh n\u0103ng n\u1ed5i b\u1eadt:<\/em><\/h4>\n<p data-start=\"1004\" data-end=\"1387\">\u2705 <strong data-start=\"1006\" data-end=\"1033\">Kh\u1ea3 n\u0103ng ch\u1ecbu nhi\u1ec7t cao<\/strong> \u2013 Gi\u1eef \u1ed5n \u0111\u1ecbnh m\u00f4 h\u00ecnh khi in \u1edf nhi\u1ec7t \u0111\u1ed9 cao<br data-start=\"1077\" data-end=\"1080\" \/>\u2705 <strong data-start=\"1082\" data-end=\"1111\">Ch\u1ed1ng m\u00e0i m\u00f2n, \u0111\u1ed9 b\u1ec1n cao<\/strong> \u2013 L\u1edbp PEI ph\u1ee7 nh\u00e1m gi\u00fap ch\u1ed1ng tr\u1ea7y x\u01b0\u1edbc hi\u1ec7u qu\u1ea3<br data-start=\"1160\" data-end=\"1163\" \/>\u2705 <strong data-start=\"1165\" data-end=\"1185\">B\u00e1m d\u00ednh c\u1ef1c t\u1ed1t<\/strong> \u2013 Gi\u1eef m\u00f4 h\u00ecnh ch\u1eafc ch\u1eafn, kh\u00f4ng cong v\u00eanh<br data-start=\"1226\" data-end=\"1229\" \/>\u2705 <strong data-start=\"1231\" data-end=\"1258\">Lo\u1ea1i b\u1ecf m\u00f4 h\u00ecnh d\u1ec5 d\u00e0ng<\/strong> \u2013 T\u1ea5m th\u00e9p l\u00f2 xo \u0111\u00e0n h\u1ed3i, d\u1ec5 u\u1ed1n, kh\u00f4ng bi\u1ebfn d\u1ea1ng<br data-start=\"1308\" data-end=\"1311\" \/>\u2705 <strong data-start=\"1313\" data-end=\"1333\">T\u01b0\u01a1ng th\u00edch r\u1ed9ng<\/strong> \u2013 D\u00f9ng t\u1ed1t v\u1edbi PLA, ABS, ASA, PETG, TPU, PC, PA, v.v.<\/p>\n<hr data-start=\"1389\" data-end=\"1392\" \/>\n<h4 data-start=\"1394\" data-end=\"1419\"><em data-start=\"1399\" data-end=\"1419\">Chi ti\u1ebft v\u1eadt li\u1ec7u:<\/em><\/h4>\n<p data-start=\"1421\" data-end=\"1570\">\ud83d\udd38 <strong data-start=\"1424\" data-end=\"1455\">L\u1edbp ph\u1ee7 PEI nh\u00e1m m\u1edd cao c\u1ea5p<\/strong><br data-start=\"1455\" data-end=\"1458\" \/>\u2013 \u0110\u01b0\u1ee3c ph\u1ee7 b\u1eb1ng l\u1edbp b\u1ed9t PEI m\u1edd c\u00f3 kh\u1ea3 n\u0103ng ch\u1ecbu nhi\u1ec7t v\u00e0 m\u00e0i m\u00f2n, gi\u00fap b\u1ea3o v\u1ec7 b\u1ec1 m\u1eb7t t\u1ed1t h\u01a1n trong qu\u00e1 tr\u00ecnh in.<\/p>\n<p data-start=\"1572\" data-end=\"1700\">\ud83d\udd38 <strong data-start=\"1575\" data-end=\"1617\">Th\u00e9p l\u00f2 xo \u0111\u00e0n h\u1ed3i cao, \u0111\u1ed9 ph\u1eb3ng chu\u1ea9n<\/strong><br data-start=\"1617\" data-end=\"1620\" \/>\u2013 Gi\u00fap m\u00f4 h\u00ecnh b\u00e1m t\u1ed1t trong qu\u00e1 tr\u00ecnh in v\u00e0 d\u1ec5 d\u00e0ng t\u00e1ch ra sau khi ho\u00e0n th\u00e0nh.<\/p>\n<hr data-start=\"1702\" data-end=\"1705\" \/>\n<h4 data-start=\"1707\" data-end=\"1732\"><em data-start=\"1712\" data-end=\"1732\">Th\u00f4ng s\u1ed1 s\u1ea3n ph\u1ea9m:<\/em><\/h4>\n<ul data-start=\"1734\" data-end=\"1921\">\n<li data-start=\"1734\" data-end=\"1804\">\n<p data-start=\"1736\" data-end=\"1804\"><strong data-start=\"1736\" data-end=\"1753\">T\u00ean s\u1ea3n ph\u1ea9m:<\/strong> T\u1ea5m \u1ed1p nh\u00e1m m\u1edd \u2013 K2 PLUS PEI Frosted Build Plate<\/p>\n<\/li>\n<li data-start=\"1805\" data-end=\"1843\">\n<p data-start=\"1807\" data-end=\"1843\"><strong data-start=\"1807\" data-end=\"1830\">Model\/ M\u00e3 s\u1ea3n ph\u1ea9m:<\/strong> 4004090129<\/p>\n<\/li>\n<li data-start=\"1844\" data-end=\"1890\">\n<p data-start=\"1846\" data-end=\"1890\"><strong data-start=\"1846\" data-end=\"1871\">D\u00f2ng m\u00e1y t\u01b0\u01a1ng th\u00edch:<\/strong> Creality K2 PLUS<\/p>\n<\/li>\n<li data-start=\"1891\" data-end=\"1921\">\n<p data-start=\"1893\" data-end=\"1921\"><strong data-start=\"1893\" data-end=\"1908\">K\u00edch th\u01b0\u1edbc:<\/strong> 370 \u00d7 370 mm<\/p>\n<\/li>\n<\/ul>\n<hr data-start=\"1923\" data-end=\"1926\" \/>\n<p data-start=\"1928\" data-end=\"2004\">\ud83d\udce6 <strong data-start=\"1931\" data-end=\"1955\">B\u1ed9 s\u1ea3n ph\u1ea9m bao g\u1ed3m:<\/strong><br data-start=\"1955\" data-end=\"1958\" \/>\u2022 1x T\u1ea5m b\u00e0n in PEI ph\u1ee7 nh\u00e1m m\u1edd (370 \u00d7 370 mm)<\/p>\n<hr data-start=\"2006\" data-end=\"2009\" \/>\n<p data-start=\"2011\" data-end=\"2122\">\ud83d\udcac <strong data-start=\"2014\" data-end=\"2024\">L\u01b0u \u00fd:<\/strong><br data-start=\"2024\" data-end=\"2027\" \/>Ph\u00f9 h\u1ee3p v\u1edbi m\u00e1y Creality K2 Plus. Vui l\u00f2ng ki\u1ec3m tra k\u00edch th\u01b0\u1edbc v\u00e0 model m\u00e1y tr\u01b0\u1edbc khi \u0111\u1eb7t h\u00e0ng.<\/p>\n<hr data-start=\"2124\" data-end=\"2127\" \/>\n<blockquote class=\"wp-embedded-content\" data-secret=\"tZ5rmIYS9A\"><p><a href=\"https:\/\/nge.vn\/en\/product\/may-in-3d-nhieu-mau-creality-k2-plus-kho-in-35x35x35cm\/\">M\u00e1y in 3d nhi\u1ec1u m\u00e0u Creality K2 Plus kh\u1ed5 in 35*35*35cm<\/a><\/p><\/blockquote>\n<p><iframe loading=\"lazy\" class=\"wp-embedded-content\" sandbox=\"allow-scripts\" security=\"restricted\" style=\"position: absolute; visibility: hidden;\" title=\"&#8220;M\u00e1y in 3d nhi\u1ec1u m\u00e0u Creality K2 Plus kh\u1ed5 in 35*35*35cm&#8221; &#8212; NGE 3D Printers Services\" src=\"https:\/\/nge.vn\/san-pham\/may-in-3d-nhieu-mau-creality-k2-plus-kho-in-35x35x35cm\/embed\/#?secret=8OfVpDjZ9E#?secret=tZ5rmIYS9A\" data-secret=\"tZ5rmIYS9A\" width=\"600\" height=\"338\" frameborder=\"0\" marginwidth=\"0\" marginheight=\"0\" scrolling=\"no\"><\/iframe><\/p>\n<p>-\u0110\u00e2y l\u00e0 c\u00e1c trang b\u00e1n h\u00e0ng b\u00ean m\u00ecnh NGE 3D Printer Services chuy\u00ean cung c\u1ea5p Nh\u1ef1a in 3D v\u00e0 M\u00e1y in 3D c\u1ee7a H\u00e3ng ESUN, Flsun, BIQU, Creality, eMake3d&#8230;<br \/>\n\ud83d\uded2Shopee =&gt; https:\/\/shopee.vn\/nge3dprinter<br \/>\n\ud83d\uded2Shopee =&gt; https:\/\/shopee.vn\/nge3dservices<br \/>\n\ud83d\uded2Shopee Voron v\u00e0 eMake3D =&gt; https:\/\/shopee.vn\/3dmasterpower<br \/>\n\ud83d\uded2Shopee eMake3D =&gt; https:\/\/shopee.vn\/nge3dprinting<br \/>\n\ud83d\uded2Lazada =&gt; https:\/\/www.lazada.vn\/shop\/nge-3d-printer<br \/>\n\ud83d\uded2Lazada =&gt; https:\/\/www.lazada.vn\/shop\/nge-3d-printer-services<br \/>\n\ud83d\uded2Lazada =&gt; https:\/\/www.lazada.vn\/shop\/emake3d-vn<br \/>\n\ud83d\uded2Webslite Th\u1ebf H\u1ec7 K\u1ebf Ti\u1ebfp =&gt;https:\/\/www.theheketiep.com\/<br \/>\n\ud83d\uded2Webslite NGE.VN =&gt;https:\/\/www.nge.vn\/<br \/>\nHo\u1eb7c b\u1ea1n g\u1ecdi 094.144.0951 g\u1eb7p m\u00ecnh<br \/>\nHo\u1eb7c 0913939775 g\u1eb7p anh Qu\u00e2n<br \/>\n** Price does not include VAT (+8 or 10% if VAT invoice is issued)<\/p>\n<p>&nbsp;<\/p>","protected":false},"excerpt":{"rendered":"<p data-start=\"254\" data-end=\"420\">T\u1ea5m b\u00e0n in PEI nh\u00e1m m\u1edd cho Creality K2 Plus v\u1edbi l\u1edbp ph\u1ee7 PEI cao c\u1ea5p, \u0111\u1ed9 b\u00e1m d\u00ednh tuy\u1ec7t v\u1eddi, \u0111\u1ed9 ph\u1eb3ng cao, th\u00e1o m\u00f4 h\u00ecnh d\u1ec5 d\u00e0ng. T\u01b0\u01a1ng th\u00edch nhi\u1ec1u lo\u1ea1i v\u1eadt li\u1ec7u in 3D.<\/p>","protected":false},"featured_media":6371,"comment_status":"open","ping_status":"closed","template":"","meta":{"inline_featured_image":false},"product_brand":[],"product_cat":[458,40,56],"product_tag":[495,799,845,501,494,736,846],"class_list":{"0":"post-6370","1":"product","2":"type-product","3":"status-publish","4":"has-post-thumbnail","6":"product_cat-ban-kinh-carbon-va-pei","7":"product_cat-linh-kien-va-phu-kien","8":"product_cat-linh-phu-kien-may-in-3d-creality","9":"product_tag-creality","10":"product_tag-crealityvietnam","11":"product_tag-frostedpei","12":"product_tag-k2plus","13":"product_tag-mayin3d","14":"product_tag-peibuildplate","15":"product_tag-peisheet","17":"first","18":"instock","19":"taxable","20":"shipping-taxable","21":"purchasable","22":"product-type-simple"},"yoast_head":"<!-- This site is optimized with the Yoast SEO Premium plugin v22.8 (Yoast SEO v26.9) - https:\/\/yoast.com\/product\/yoast-seo-premium-wordpress\/ -->\n<title>T\u1ea5m b\u00e0n PEI nh\u00e1m m\u1edd K2 Plus PEI Frosted Build Plate cho m\u00e1y in Creality 3d K2 Plus - NGE 3D Printers Services<\/title>\n<meta name=\"description\" content=\"T\u1ea5m b\u00e0n in PEI nh\u00e1m m\u1edd cho Creality K2 Plus v\u1edbi l\u1edbp ph\u1ee7 PEI cao c\u1ea5p, \u0111\u1ed9 b\u00e1m d\u00ednh tuy\u1ec7t v\u1eddi, \u0111\u1ed9 ph\u1eb3ng cao, th\u00e1o m\u00f4 h\u00ecnh d\u1ec5 d\u00e0ng.\" \/>\n<meta name=\"robots\" content=\"index, follow, max-snippet:-1, max-image-preview:large, max-video-preview:-1\" \/>\n<link rel=\"canonical\" href=\"https:\/\/nge.vn\/en\/product\/tam-ban-pei-nham-mo-k2-plus-pei-frosted-build-plate-cho-may-in-creality-3d-k2-plus\/\" \/>\n<meta property=\"og:locale\" content=\"en_US\" \/>\n<meta property=\"og:type\" content=\"article\" \/>\n<meta property=\"og:title\" content=\"T\u1ea5m b\u00e0n PEI nh\u00e1m m\u1edd K2 Plus PEI Frosted Build Plate cho m\u00e1y in Creality 3d K2 Plus\" \/>\n<meta property=\"og:description\" content=\"T\u1ea5m b\u00e0n in PEI nh\u00e1m m\u1edd cho Creality K2 Plus v\u1edbi l\u1edbp ph\u1ee7 PEI cao c\u1ea5p, \u0111\u1ed9 b\u00e1m d\u00ednh tuy\u1ec7t v\u1eddi, \u0111\u1ed9 ph\u1eb3ng cao, th\u00e1o m\u00f4 h\u00ecnh d\u1ec5 d\u00e0ng.\" \/>\n<meta property=\"og:url\" content=\"https:\/\/nge.vn\/en\/product\/tam-ban-pei-nham-mo-k2-plus-pei-frosted-build-plate-cho-may-in-creality-3d-k2-plus\/\" \/>\n<meta property=\"og:site_name\" content=\"NGE 3D Printers Services\" \/>\n<meta property=\"article:modified_time\" content=\"2025-08-06T06:50:27+00:00\" \/>\n<meta property=\"og:image\" content=\"https:\/\/nge.vn\/wp-content\/uploads\/2025\/08\/vn-11134207-7ras8-m3rc9escyb3pc8_tn.jpeg\" \/>\n\t<meta property=\"og:image:width\" content=\"320\" \/>\n\t<meta property=\"og:image:height\" content=\"320\" \/>\n\t<meta property=\"og:image:type\" content=\"image\/jpeg\" \/>\n<meta name=\"twitter:card\" content=\"summary_large_image\" \/>\n<meta name=\"twitter:label1\" content=\"Est. reading time\" \/>\n\t<meta name=\"twitter:data1\" content=\"3 minutes\" \/>\n<script type=\"application\/ld+json\" class=\"yoast-schema-graph\">{\"@context\":\"https:\/\/schema.org\",\"@graph\":[{\"@type\":\"WebPage\",\"@id\":\"https:\/\/nge.vn\/san-pham\/tam-ban-pei-nham-mo-k2-plus-pei-frosted-build-plate-cho-may-in-creality-3d-k2-plus\/\",\"url\":\"https:\/\/nge.vn\/san-pham\/tam-ban-pei-nham-mo-k2-plus-pei-frosted-build-plate-cho-may-in-creality-3d-k2-plus\/\",\"name\":\"T\u1ea5m b\u00e0n PEI nh\u00e1m m\u1edd K2 Plus PEI Frosted Build Plate cho m\u00e1y in Creality 3d K2 Plus - NGE 3D Printers Services\",\"isPartOf\":{\"@id\":\"https:\/\/nge.vn\/#website\"},\"primaryImageOfPage\":{\"@id\":\"https:\/\/nge.vn\/san-pham\/tam-ban-pei-nham-mo-k2-plus-pei-frosted-build-plate-cho-may-in-creality-3d-k2-plus\/#primaryimage\"},\"image\":{\"@id\":\"https:\/\/nge.vn\/san-pham\/tam-ban-pei-nham-mo-k2-plus-pei-frosted-build-plate-cho-may-in-creality-3d-k2-plus\/#primaryimage\"},\"thumbnailUrl\":\"https:\/\/nge.vn\/wp-content\/uploads\/2025\/08\/vn-11134207-7ras8-m3rc9escyb3pc8_tn.jpeg\",\"datePublished\":\"2025-08-06T06:50:26+00:00\",\"dateModified\":\"2025-08-06T06:50:27+00:00\",\"description\":\"T\u1ea5m b\u00e0n in PEI nh\u00e1m m\u1edd cho Creality K2 Plus v\u1edbi l\u1edbp ph\u1ee7 PEI cao c\u1ea5p, \u0111\u1ed9 b\u00e1m d\u00ednh tuy\u1ec7t v\u1eddi, \u0111\u1ed9 ph\u1eb3ng cao, th\u00e1o m\u00f4 h\u00ecnh d\u1ec5 d\u00e0ng.\",\"breadcrumb\":{\"@id\":\"https:\/\/nge.vn\/san-pham\/tam-ban-pei-nham-mo-k2-plus-pei-frosted-build-plate-cho-may-in-creality-3d-k2-plus\/#breadcrumb\"},\"inLanguage\":\"en-US\",\"potentialAction\":[{\"@type\":\"ReadAction\",\"target\":[\"https:\/\/nge.vn\/san-pham\/tam-ban-pei-nham-mo-k2-plus-pei-frosted-build-plate-cho-may-in-creality-3d-k2-plus\/\"]}]},{\"@type\":\"ImageObject\",\"inLanguage\":\"en-US\",\"@id\":\"https:\/\/nge.vn\/san-pham\/tam-ban-pei-nham-mo-k2-plus-pei-frosted-build-plate-cho-may-in-creality-3d-k2-plus\/#primaryimage\",\"url\":\"https:\/\/nge.vn\/wp-content\/uploads\/2025\/08\/vn-11134207-7ras8-m3rc9escyb3pc8_tn.jpeg\",\"contentUrl\":\"https:\/\/nge.vn\/wp-content\/uploads\/2025\/08\/vn-11134207-7ras8-m3rc9escyb3pc8_tn.jpeg\",\"width\":320,\"height\":320,\"caption\":\"k2+\"},{\"@type\":\"BreadcrumbList\",\"@id\":\"https:\/\/nge.vn\/san-pham\/tam-ban-pei-nham-mo-k2-plus-pei-frosted-build-plate-cho-may-in-creality-3d-k2-plus\/#breadcrumb\",\"itemListElement\":[{\"@type\":\"ListItem\",\"position\":1,\"name\":\"Trang ch\u1ee7\",\"item\":\"https:\/\/nge.vn\/\"},{\"@type\":\"ListItem\",\"position\":2,\"name\":\"S\u1ea3n ph\u1ea9m\",\"item\":\"https:\/\/nge.vn\/san-pham\/\"},{\"@type\":\"ListItem\",\"position\":3,\"name\":\"T\u1ea5m b\u00e0n PEI nh\u00e1m m\u1edd K2 Plus PEI Frosted Build Plate cho m\u00e1y in Creality 3d K2 Plus\"}]},{\"@type\":\"WebSite\",\"@id\":\"https:\/\/nge.vn\/#website\",\"url\":\"https:\/\/nge.vn\/\",\"name\":\"NGE 3D Printers Services\",\"description\":\"\",\"potentialAction\":[{\"@type\":\"SearchAction\",\"target\":{\"@type\":\"EntryPoint\",\"urlTemplate\":\"https:\/\/nge.vn\/?s={search_term_string}\"},\"query-input\":{\"@type\":\"PropertyValueSpecification\",\"valueRequired\":true,\"valueName\":\"search_term_string\"}}],\"inLanguage\":\"en-US\"}]}<\/script>\n<!-- \/ Yoast SEO Premium plugin. -->","yoast_head_json":{"title":"T\u1ea5m b\u00e0n PEI nh\u00e1m m\u1edd K2 Plus PEI Frosted Build Plate cho m\u00e1y in Creality 3d K2 Plus - NGE 3D Printers Services","description":"T\u1ea5m b\u00e0n in PEI nh\u00e1m m\u1edd cho Creality K2 Plus v\u1edbi l\u1edbp ph\u1ee7 PEI cao c\u1ea5p, \u0111\u1ed9 b\u00e1m d\u00ednh tuy\u1ec7t v\u1eddi, \u0111\u1ed9 ph\u1eb3ng cao, th\u00e1o m\u00f4 h\u00ecnh d\u1ec5 d\u00e0ng.","robots":{"index":"index","follow":"follow","max-snippet":"max-snippet:-1","max-image-preview":"max-image-preview:large","max-video-preview":"max-video-preview:-1"},"canonical":"https:\/\/nge.vn\/en\/product\/tam-ban-pei-nham-mo-k2-plus-pei-frosted-build-plate-cho-may-in-creality-3d-k2-plus\/","og_locale":"en_US","og_type":"article","og_title":"T\u1ea5m b\u00e0n PEI nh\u00e1m m\u1edd K2 Plus PEI Frosted Build Plate cho m\u00e1y in Creality 3d K2 Plus","og_description":"T\u1ea5m b\u00e0n in PEI nh\u00e1m m\u1edd cho Creality K2 Plus v\u1edbi l\u1edbp ph\u1ee7 PEI cao c\u1ea5p, \u0111\u1ed9 b\u00e1m d\u00ednh tuy\u1ec7t v\u1eddi, \u0111\u1ed9 ph\u1eb3ng cao, th\u00e1o m\u00f4 h\u00ecnh d\u1ec5 d\u00e0ng.","og_url":"https:\/\/nge.vn\/en\/product\/tam-ban-pei-nham-mo-k2-plus-pei-frosted-build-plate-cho-may-in-creality-3d-k2-plus\/","og_site_name":"NGE 3D Printers Services","article_modified_time":"2025-08-06T06:50:27+00:00","og_image":[{"width":320,"height":320,"url":"https:\/\/nge.vn\/wp-content\/uploads\/2025\/08\/vn-11134207-7ras8-m3rc9escyb3pc8_tn.jpeg","type":"image\/jpeg"}],"twitter_card":"summary_large_image","twitter_misc":{"Est. reading time":"3 minutes"},"schema":{"@context":"https:\/\/schema.org","@graph":[{"@type":"WebPage","@id":"https:\/\/nge.vn\/san-pham\/tam-ban-pei-nham-mo-k2-plus-pei-frosted-build-plate-cho-may-in-creality-3d-k2-plus\/","url":"https:\/\/nge.vn\/san-pham\/tam-ban-pei-nham-mo-k2-plus-pei-frosted-build-plate-cho-may-in-creality-3d-k2-plus\/","name":"T\u1ea5m b\u00e0n PEI nh\u00e1m m\u1edd K2 Plus PEI Frosted Build Plate cho m\u00e1y in Creality 3d K2 Plus - NGE 3D Printers Services","isPartOf":{"@id":"https:\/\/nge.vn\/#website"},"primaryImageOfPage":{"@id":"https:\/\/nge.vn\/san-pham\/tam-ban-pei-nham-mo-k2-plus-pei-frosted-build-plate-cho-may-in-creality-3d-k2-plus\/#primaryimage"},"image":{"@id":"https:\/\/nge.vn\/san-pham\/tam-ban-pei-nham-mo-k2-plus-pei-frosted-build-plate-cho-may-in-creality-3d-k2-plus\/#primaryimage"},"thumbnailUrl":"https:\/\/nge.vn\/wp-content\/uploads\/2025\/08\/vn-11134207-7ras8-m3rc9escyb3pc8_tn.jpeg","datePublished":"2025-08-06T06:50:26+00:00","dateModified":"2025-08-06T06:50:27+00:00","description":"T\u1ea5m b\u00e0n in PEI nh\u00e1m m\u1edd cho Creality K2 Plus v\u1edbi l\u1edbp ph\u1ee7 PEI cao c\u1ea5p, \u0111\u1ed9 b\u00e1m d\u00ednh tuy\u1ec7t v\u1eddi, \u0111\u1ed9 ph\u1eb3ng cao, th\u00e1o m\u00f4 h\u00ecnh d\u1ec5 d\u00e0ng.","breadcrumb":{"@id":"https:\/\/nge.vn\/san-pham\/tam-ban-pei-nham-mo-k2-plus-pei-frosted-build-plate-cho-may-in-creality-3d-k2-plus\/#breadcrumb"},"inLanguage":"en-US","potentialAction":[{"@type":"ReadAction","target":["https:\/\/nge.vn\/san-pham\/tam-ban-pei-nham-mo-k2-plus-pei-frosted-build-plate-cho-may-in-creality-3d-k2-plus\/"]}]},{"@type":"ImageObject","inLanguage":"en-US","@id":"https:\/\/nge.vn\/san-pham\/tam-ban-pei-nham-mo-k2-plus-pei-frosted-build-plate-cho-may-in-creality-3d-k2-plus\/#primaryimage","url":"https:\/\/nge.vn\/wp-content\/uploads\/2025\/08\/vn-11134207-7ras8-m3rc9escyb3pc8_tn.jpeg","contentUrl":"https:\/\/nge.vn\/wp-content\/uploads\/2025\/08\/vn-11134207-7ras8-m3rc9escyb3pc8_tn.jpeg","width":320,"height":320,"caption":"k2+"},{"@type":"BreadcrumbList","@id":"https:\/\/nge.vn\/san-pham\/tam-ban-pei-nham-mo-k2-plus-pei-frosted-build-plate-cho-may-in-creality-3d-k2-plus\/#breadcrumb","itemListElement":[{"@type":"ListItem","position":1,"name":"Trang ch\u1ee7","item":"https:\/\/nge.vn\/"},{"@type":"ListItem","position":2,"name":"S\u1ea3n ph\u1ea9m","item":"https:\/\/nge.vn\/san-pham\/"},{"@type":"ListItem","position":3,"name":"T\u1ea5m b\u00e0n PEI nh\u00e1m m\u1edd K2 Plus PEI Frosted Build Plate cho m\u00e1y in Creality 3d K2 Plus"}]},{"@type":"WebSite","@id":"https:\/\/nge.vn\/#website","url":"https:\/\/nge.vn\/","name":"NGE 3D Printers Services","description":"","potentialAction":[{"@type":"SearchAction","target":{"@type":"EntryPoint","urlTemplate":"https:\/\/nge.vn\/?s={search_term_string}"},"query-input":{"@type":"PropertyValueSpecification","valueRequired":true,"valueName":"search_term_string"}}],"inLanguage":"en-US"}]}},"_links":{"self":[{"href":"https:\/\/nge.vn\/en\/wp-json\/wp\/v2\/product\/6370","targetHints":{"allow":["GET"]}}],"collection":[{"href":"https:\/\/nge.vn\/en\/wp-json\/wp\/v2\/product"}],"about":[{"href":"https:\/\/nge.vn\/en\/wp-json\/wp\/v2\/types\/product"}],"replies":[{"embeddable":true,"href":"https:\/\/nge.vn\/en\/wp-json\/wp\/v2\/comments?post=6370"}],"wp:featuredmedia":[{"embeddable":true,"href":"https:\/\/nge.vn\/en\/wp-json\/wp\/v2\/media\/6371"}],"wp:attachment":[{"href":"https:\/\/nge.vn\/en\/wp-json\/wp\/v2\/media?parent=6370"}],"wp:term":[{"taxonomy":"product_brand","embeddable":true,"href":"https:\/\/nge.vn\/en\/wp-json\/wp\/v2\/product_brand?post=6370"},{"taxonomy":"product_cat","embeddable":true,"href":"https:\/\/nge.vn\/en\/wp-json\/wp\/v2\/product_cat?post=6370"},{"taxonomy":"product_tag","embeddable":true,"href":"https:\/\/nge.vn\/en\/wp-json\/wp\/v2\/product_tag?post=6370"}],"curies":[{"name":"wp","href":"https:\/\/api.w.org\/{rel}","templated":true}]}}