{"id":6359,"date":"2025-08-06T13:04:55","date_gmt":"2025-08-06T06:04:55","guid":{"rendered":"https:\/\/nge.vn\/?post_type=product&#038;p=6359"},"modified":"2025-08-06T13:04:56","modified_gmt":"2025-08-06T06:04:56","slug":"toolhead-pcb-cho-ender-3-v3-se-ke","status":"publish","type":"product","link":"https:\/\/nge.vn\/en\/product\/toolhead-pcb-cho-ender-3-v3-se-ke\/","title":{"rendered":"Toolhead PCB Cho Ender 3 V3 SE &#038; KE"},"content":{"rendered":"<h3 data-start=\"142\" data-end=\"230\"><strong data-start=\"146\" data-end=\"230\">B\u1ea3ng M\u1ea1ch PCB \u0110\u1ea7u C\u1ee5m \u0110\u00f9n (Toolhead PCB) Cho M\u00e1y In 3D Creality Ender 3 V3 SE\/KE<\/strong><\/h3>\n<p data-start=\"232\" data-end=\"383\">B\u1ea3ng m\u1ea1ch PCB c\u1ee5m \u0111\u00f9n (Extruder Toolhead PCB) d\u00f9ng cho \u0111\u1ea7u in m\u00e1y Creality Ender 3 V3 SE v\u00e0 V3 KE, h\u1ed7 tr\u1ee3 k\u1ebft n\u1ed1i \u1ed5n \u0111\u1ecbnh v\u00e0 truy\u1ec1n t\u00edn hi\u1ec7u ch\u00ednh x\u00e1c.<\/p>\n<hr data-start=\"385\" data-end=\"388\" \/>\n<h4 data-start=\"390\" data-end=\"422\">\ud83d\udee0\ufe0f <strong data-start=\"399\" data-end=\"422\">Th\u00f4ng tin s\u1ea3n ph\u1ea9m:<\/strong><\/h4>\n<ul data-start=\"424\" data-end=\"608\">\n<li data-start=\"424\" data-end=\"608\">\n<p data-start=\"426\" data-end=\"458\"><strong data-start=\"426\" data-end=\"444\">Lo\u1ea1i s\u1ea3n ph\u1ea9m:<\/strong> E3V3-Nozzle<\/p>\n<ul data-start=\"461\" data-end=\"608\">\n<li data-start=\"461\" data-end=\"494\">\n<p data-start=\"463\" data-end=\"494\"><strong data-start=\"463\" data-end=\"477\">Phi\u00ean b\u1ea3n:<\/strong> V1.5 ho\u1eb7c V1.6<\/p>\n<\/li>\n<li data-start=\"497\" data-end=\"521\">\n<p data-start=\"499\" data-end=\"521\"><strong data-start=\"499\" data-end=\"515\">Tr\u1ecdng l\u01b0\u1ee3ng:<\/strong> 21g<\/p>\n<\/li>\n<li data-start=\"524\" data-end=\"558\">\n<p data-start=\"526\" data-end=\"558\"><strong data-start=\"526\" data-end=\"541\">K\u00edch th\u01b0\u1edbc:<\/strong> 14 \u00d7 12 \u00d7 2 cm<\/p>\n<\/li>\n<li data-start=\"561\" data-end=\"608\">\n<p data-start=\"563\" data-end=\"608\"><strong data-start=\"563\" data-end=\"579\">T\u01b0\u01a1ng th\u00edch:<\/strong> Ender 3 V3 SE, Ender 3 V3 KE<\/p>\n<\/li>\n<\/ul>\n<\/li>\n<\/ul>\n<hr data-start=\"610\" data-end=\"613\" \/>\n<h4 data-start=\"615\" data-end=\"644\">\u2705 <strong data-start=\"622\" data-end=\"644\">T\u00ednh n\u0103ng n\u1ed5i b\u1eadt:<\/strong><\/h4>\n<ul data-start=\"646\" data-end=\"788\">\n<li data-start=\"646\" data-end=\"697\">\n<p data-start=\"648\" data-end=\"697\">\u0110\u1ea3m b\u1ea3o k\u1ebft n\u1ed1i \u1ed5n \u0111\u1ecbnh gi\u1eefa bo m\u1ea1ch v\u00e0 c\u1ee5m \u0111\u00f9n<\/p>\n<\/li>\n<li data-start=\"698\" data-end=\"727\">\n<p data-start=\"700\" data-end=\"727\">D\u1ec5 d\u00e0ng thay th\u1ebf, l\u1eafp \u0111\u1eb7t<\/p>\n<\/li>\n<li data-start=\"728\" data-end=\"788\">\n<p data-start=\"730\" data-end=\"788\">Ph\u00f9 h\u1ee3p cho c\u00e1c b\u1ea3n n\u00e2ng c\u1ea5p ho\u1eb7c thay th\u1ebf linh ki\u1ec7n l\u1ed7i<\/p>\n<\/li>\n<\/ul>\n<blockquote class=\"wp-embedded-content\" data-secret=\"g7qHlWU0e3\"><p><a href=\"https:\/\/nge.vn\/en\/product\/may-in-3d-creality-ender-3-v3-ke-printing-max-500mms\/\">Creality Ender 3 V3 KE 3d printer fully automatic table balance...high precision and speed Max 500mm\/s<\/a><\/p><\/blockquote>\n<p><iframe loading=\"lazy\" class=\"wp-embedded-content\" sandbox=\"allow-scripts\" security=\"restricted\" style=\"position: absolute; visibility: hidden;\" title=\"&#8220;M\u00e1y in 3d Creality Ender 3 V3 KE c\u00e2n b\u00e0n ho\u00e0n to\u00e0n t\u1ef1 \u0111\u1ed9ng&#8230;\u0111\u1ed9 ch\u00ednh x\u00e1c v\u00e0 t\u1ed1c \u0111\u1ed9 cao Max 500mm\/s&#8221; &#8212; NGE 3D Printers Services\" src=\"https:\/\/nge.vn\/san-pham\/may-in-3d-creality-ender-3-v3-ke-printing-max-500mms\/embed\/#?secret=oeKxFydqKx#?secret=g7qHlWU0e3\" data-secret=\"g7qHlWU0e3\" width=\"600\" height=\"338\" frameborder=\"0\" marginwidth=\"0\" marginheight=\"0\" scrolling=\"no\"><\/iframe><\/p>\n<p>-\u0110\u00e2y l\u00e0 c\u00e1c trang b\u00e1n h\u00e0ng b\u00ean m\u00ecnh NGE 3D Printer Services chuy\u00ean cung c\u1ea5p Nh\u1ef1a in 3D v\u00e0 M\u00e1y in 3D c\u1ee7a H\u00e3ng ESUN, Flsun, BIQU, Creality, eMake3d&#8230;<br \/>\n\ud83d\uded2Shopee =&gt; https:\/\/shopee.vn\/nge3dprinter<br \/>\n\ud83d\uded2Shopee =&gt; https:\/\/shopee.vn\/nge3dservices<br \/>\n\ud83d\uded2Shopee Voron v\u00e0 eMake3D =&gt; https:\/\/shopee.vn\/3dmasterpower<br \/>\n\ud83d\uded2Shopee eMake3D =&gt; https:\/\/shopee.vn\/nge3dprinting<br \/>\n\ud83d\uded2Lazada =&gt; https:\/\/www.lazada.vn\/shop\/nge-3d-printer<br \/>\n\ud83d\uded2Lazada =&gt; https:\/\/www.lazada.vn\/shop\/nge-3d-printer-services<br \/>\n\ud83d\uded2Lazada =&gt; https:\/\/www.lazada.vn\/shop\/emake3d-vn<br \/>\n\ud83d\uded2Webslite Th\u1ebf H\u1ec7 K\u1ebf Ti\u1ebfp =&gt;https:\/\/www.theheketiep.com\/<br \/>\n\ud83d\uded2Webslite NGE.VN =&gt;https:\/\/www.nge.vn\/<br \/>\nHo\u1eb7c b\u1ea1n g\u1ecdi 094.144.0951 g\u1eb7p m\u00ecnh<br \/>\nHo\u1eb7c 0913939775 g\u1eb7p anh Qu\u00e2n<br \/>\n** Price does not include VAT (+8 or 10% if VAT invoice is issued)<\/p>","protected":false},"excerpt":{"rendered":"<p>B\u1ea3ng M\u1ea1ch PCB \u0110\u1ea7u C\u1ee5m \u0110\u00f9n (Toolhead PCB) Cho M\u00e1y In 3D Creality Ender 3 V3 SE\/KE B\u1ea3ng m\u1ea1ch PCB c\u1ee5m \u0111\u00f9n (Extruder Toolhead PCB) d\u00f9ng cho \u0111\u1ea7u in m\u00e1y Creality Ender 3 V3 SE v\u00e0 V3 KE, h\u1ed7 tr\u1ee3 k\u1ebft n\u1ed1i \u1ed5n \u0111\u1ecbnh v\u00e0 truy\u1ec1n t\u00edn hi\u1ec7u ch\u00ednh x\u00e1c. \ud83d\udee0\ufe0f Th\u00f4ng tin s\u1ea3n ph\u1ea9m:&#8230;<\/p>","protected":false},"featured_media":6364,"comment_status":"open","ping_status":"closed","template":"","meta":{"inline_featured_image":false},"product_brand":[],"product_cat":[462,40,56],"product_tag":[843,495,652,663,842,844],"class_list":{"0":"post-6359","1":"product","2":"type-product","3":"status-publish","4":"has-post-thumbnail","6":"product_cat-board-va-man-hinh-dieu-khien","7":"product_cat-linh-kien-va-phu-kien","8":"product_cat-linh-phu-kien-may-in-3d-creality","9":"product_tag-board","10":"product_tag-creality","11":"product_tag-ender3v3","12":"product_tag-nge3d","13":"product_tag-pcb","14":"product_tag-toolheadpcb","16":"first","17":"instock","18":"taxable","19":"shipping-taxable","20":"purchasable","21":"product-type-variable"},"yoast_head":"<!-- This site is optimized with the Yoast SEO Premium plugin v22.8 (Yoast SEO v26.9) - https:\/\/yoast.com\/product\/yoast-seo-premium-wordpress\/ -->\n<title>Toolhead PCB Cho Ender 3 V3 SE &amp; KE - NGE 3D Printers Services<\/title>\n<meta name=\"description\" content=\"B\u1ea3ng m\u1ea1ch Toolhead PCB \u0111\u1ea7u c\u1ee5m \u0111\u00f9n ch\u00ednh h\u00e3ng Creality cho Ender 3 V3 SE v\u00e0 V3 KE. Thi\u1ebft k\u1ebf ch\u00ednh x\u00e1c, d\u1ec5 thay th\u1ebf, gi\u00fap truy\u1ec1n t\u00edn hi\u1ec7u \u1ed5n \u0111\u1ecbnh khi in.\" \/>\n<meta name=\"robots\" content=\"index, follow, max-snippet:-1, max-image-preview:large, max-video-preview:-1\" \/>\n<link rel=\"canonical\" href=\"https:\/\/nge.vn\/en\/product\/toolhead-pcb-cho-ender-3-v3-se-ke\/\" \/>\n<meta property=\"og:locale\" content=\"en_US\" \/>\n<meta property=\"og:type\" content=\"article\" \/>\n<meta property=\"og:title\" content=\"Toolhead PCB Cho Ender 3 V3 SE &amp; KE\" \/>\n<meta property=\"og:description\" content=\"B\u1ea3ng m\u1ea1ch Toolhead PCB \u0111\u1ea7u c\u1ee5m \u0111\u00f9n ch\u00ednh h\u00e3ng Creality cho Ender 3 V3 SE v\u00e0 V3 KE. Thi\u1ebft k\u1ebf ch\u00ednh x\u00e1c, d\u1ec5 thay th\u1ebf, gi\u00fap truy\u1ec1n t\u00edn hi\u1ec7u \u1ed5n \u0111\u1ecbnh khi in.\" \/>\n<meta property=\"og:url\" content=\"https:\/\/nge.vn\/en\/product\/toolhead-pcb-cho-ender-3-v3-se-ke\/\" \/>\n<meta property=\"og:site_name\" content=\"NGE 3D Printers Services\" \/>\n<meta property=\"article:modified_time\" content=\"2025-08-06T06:04:56+00:00\" \/>\n<meta property=\"og:image\" content=\"https:\/\/nge.vn\/wp-content\/uploads\/2025\/08\/vn-11134207-7ras8-m44ky2y0lwqv17_tn.jpeg\" \/>\n\t<meta property=\"og:image:width\" content=\"320\" \/>\n\t<meta property=\"og:image:height\" content=\"320\" \/>\n\t<meta property=\"og:image:type\" content=\"image\/jpeg\" \/>\n<meta name=\"twitter:card\" content=\"summary_large_image\" \/>\n<meta name=\"twitter:label1\" content=\"Est. reading time\" \/>\n\t<meta name=\"twitter:data1\" content=\"2 minutes\" \/>\n<script type=\"application\/ld+json\" class=\"yoast-schema-graph\">{\"@context\":\"https:\/\/schema.org\",\"@graph\":[{\"@type\":\"WebPage\",\"@id\":\"https:\/\/nge.vn\/san-pham\/toolhead-pcb-cho-ender-3-v3-se-ke\/\",\"url\":\"https:\/\/nge.vn\/san-pham\/toolhead-pcb-cho-ender-3-v3-se-ke\/\",\"name\":\"Toolhead PCB Cho Ender 3 V3 SE & KE - NGE 3D Printers Services\",\"isPartOf\":{\"@id\":\"https:\/\/nge.vn\/#website\"},\"primaryImageOfPage\":{\"@id\":\"https:\/\/nge.vn\/san-pham\/toolhead-pcb-cho-ender-3-v3-se-ke\/#primaryimage\"},\"image\":{\"@id\":\"https:\/\/nge.vn\/san-pham\/toolhead-pcb-cho-ender-3-v3-se-ke\/#primaryimage\"},\"thumbnailUrl\":\"https:\/\/nge.vn\/wp-content\/uploads\/2025\/08\/vn-11134207-7ras8-m44ky2y0lwqv17_tn.jpeg\",\"datePublished\":\"2025-08-06T06:04:55+00:00\",\"dateModified\":\"2025-08-06T06:04:56+00:00\",\"description\":\"B\u1ea3ng m\u1ea1ch Toolhead PCB \u0111\u1ea7u c\u1ee5m \u0111\u00f9n ch\u00ednh h\u00e3ng Creality cho Ender 3 V3 SE v\u00e0 V3 KE. Thi\u1ebft k\u1ebf ch\u00ednh x\u00e1c, d\u1ec5 thay th\u1ebf, gi\u00fap truy\u1ec1n t\u00edn hi\u1ec7u \u1ed5n \u0111\u1ecbnh khi in.\",\"breadcrumb\":{\"@id\":\"https:\/\/nge.vn\/san-pham\/toolhead-pcb-cho-ender-3-v3-se-ke\/#breadcrumb\"},\"inLanguage\":\"en-US\",\"potentialAction\":[{\"@type\":\"ReadAction\",\"target\":[\"https:\/\/nge.vn\/san-pham\/toolhead-pcb-cho-ender-3-v3-se-ke\/\"]}]},{\"@type\":\"ImageObject\",\"inLanguage\":\"en-US\",\"@id\":\"https:\/\/nge.vn\/san-pham\/toolhead-pcb-cho-ender-3-v3-se-ke\/#primaryimage\",\"url\":\"https:\/\/nge.vn\/wp-content\/uploads\/2025\/08\/vn-11134207-7ras8-m44ky2y0lwqv17_tn.jpeg\",\"contentUrl\":\"https:\/\/nge.vn\/wp-content\/uploads\/2025\/08\/vn-11134207-7ras8-m44ky2y0lwqv17_tn.jpeg\",\"width\":320,\"height\":320},{\"@type\":\"BreadcrumbList\",\"@id\":\"https:\/\/nge.vn\/san-pham\/toolhead-pcb-cho-ender-3-v3-se-ke\/#breadcrumb\",\"itemListElement\":[{\"@type\":\"ListItem\",\"position\":1,\"name\":\"Trang ch\u1ee7\",\"item\":\"https:\/\/nge.vn\/\"},{\"@type\":\"ListItem\",\"position\":2,\"name\":\"S\u1ea3n ph\u1ea9m\",\"item\":\"https:\/\/nge.vn\/san-pham\/\"},{\"@type\":\"ListItem\",\"position\":3,\"name\":\"Toolhead PCB Cho Ender 3 V3 SE &#038; KE\"}]},{\"@type\":\"WebSite\",\"@id\":\"https:\/\/nge.vn\/#website\",\"url\":\"https:\/\/nge.vn\/\",\"name\":\"NGE 3D Printers Services\",\"description\":\"\",\"potentialAction\":[{\"@type\":\"SearchAction\",\"target\":{\"@type\":\"EntryPoint\",\"urlTemplate\":\"https:\/\/nge.vn\/?s={search_term_string}\"},\"query-input\":{\"@type\":\"PropertyValueSpecification\",\"valueRequired\":true,\"valueName\":\"search_term_string\"}}],\"inLanguage\":\"en-US\"}]}<\/script>\n<!-- \/ Yoast SEO Premium plugin. -->","yoast_head_json":{"title":"Toolhead PCB Cho Ender 3 V3 SE & KE - NGE 3D Printers Services","description":"B\u1ea3ng m\u1ea1ch Toolhead PCB \u0111\u1ea7u c\u1ee5m \u0111\u00f9n ch\u00ednh h\u00e3ng Creality cho Ender 3 V3 SE v\u00e0 V3 KE. Thi\u1ebft k\u1ebf ch\u00ednh x\u00e1c, d\u1ec5 thay th\u1ebf, gi\u00fap truy\u1ec1n t\u00edn hi\u1ec7u \u1ed5n \u0111\u1ecbnh khi in.","robots":{"index":"index","follow":"follow","max-snippet":"max-snippet:-1","max-image-preview":"max-image-preview:large","max-video-preview":"max-video-preview:-1"},"canonical":"https:\/\/nge.vn\/en\/product\/toolhead-pcb-cho-ender-3-v3-se-ke\/","og_locale":"en_US","og_type":"article","og_title":"Toolhead PCB Cho Ender 3 V3 SE & KE","og_description":"B\u1ea3ng m\u1ea1ch Toolhead PCB \u0111\u1ea7u c\u1ee5m \u0111\u00f9n ch\u00ednh h\u00e3ng Creality cho Ender 3 V3 SE v\u00e0 V3 KE. Thi\u1ebft k\u1ebf ch\u00ednh x\u00e1c, d\u1ec5 thay th\u1ebf, gi\u00fap truy\u1ec1n t\u00edn hi\u1ec7u \u1ed5n \u0111\u1ecbnh khi in.","og_url":"https:\/\/nge.vn\/en\/product\/toolhead-pcb-cho-ender-3-v3-se-ke\/","og_site_name":"NGE 3D Printers Services","article_modified_time":"2025-08-06T06:04:56+00:00","og_image":[{"width":320,"height":320,"url":"https:\/\/nge.vn\/wp-content\/uploads\/2025\/08\/vn-11134207-7ras8-m44ky2y0lwqv17_tn.jpeg","type":"image\/jpeg"}],"twitter_card":"summary_large_image","twitter_misc":{"Est. reading time":"2 minutes"},"schema":{"@context":"https:\/\/schema.org","@graph":[{"@type":"WebPage","@id":"https:\/\/nge.vn\/san-pham\/toolhead-pcb-cho-ender-3-v3-se-ke\/","url":"https:\/\/nge.vn\/san-pham\/toolhead-pcb-cho-ender-3-v3-se-ke\/","name":"Toolhead PCB Cho Ender 3 V3 SE & KE - NGE 3D Printers Services","isPartOf":{"@id":"https:\/\/nge.vn\/#website"},"primaryImageOfPage":{"@id":"https:\/\/nge.vn\/san-pham\/toolhead-pcb-cho-ender-3-v3-se-ke\/#primaryimage"},"image":{"@id":"https:\/\/nge.vn\/san-pham\/toolhead-pcb-cho-ender-3-v3-se-ke\/#primaryimage"},"thumbnailUrl":"https:\/\/nge.vn\/wp-content\/uploads\/2025\/08\/vn-11134207-7ras8-m44ky2y0lwqv17_tn.jpeg","datePublished":"2025-08-06T06:04:55+00:00","dateModified":"2025-08-06T06:04:56+00:00","description":"B\u1ea3ng m\u1ea1ch Toolhead PCB \u0111\u1ea7u c\u1ee5m \u0111\u00f9n ch\u00ednh h\u00e3ng Creality cho Ender 3 V3 SE v\u00e0 V3 KE. Thi\u1ebft k\u1ebf ch\u00ednh x\u00e1c, d\u1ec5 thay th\u1ebf, gi\u00fap truy\u1ec1n t\u00edn hi\u1ec7u \u1ed5n \u0111\u1ecbnh khi in.","breadcrumb":{"@id":"https:\/\/nge.vn\/san-pham\/toolhead-pcb-cho-ender-3-v3-se-ke\/#breadcrumb"},"inLanguage":"en-US","potentialAction":[{"@type":"ReadAction","target":["https:\/\/nge.vn\/san-pham\/toolhead-pcb-cho-ender-3-v3-se-ke\/"]}]},{"@type":"ImageObject","inLanguage":"en-US","@id":"https:\/\/nge.vn\/san-pham\/toolhead-pcb-cho-ender-3-v3-se-ke\/#primaryimage","url":"https:\/\/nge.vn\/wp-content\/uploads\/2025\/08\/vn-11134207-7ras8-m44ky2y0lwqv17_tn.jpeg","contentUrl":"https:\/\/nge.vn\/wp-content\/uploads\/2025\/08\/vn-11134207-7ras8-m44ky2y0lwqv17_tn.jpeg","width":320,"height":320},{"@type":"BreadcrumbList","@id":"https:\/\/nge.vn\/san-pham\/toolhead-pcb-cho-ender-3-v3-se-ke\/#breadcrumb","itemListElement":[{"@type":"ListItem","position":1,"name":"Trang ch\u1ee7","item":"https:\/\/nge.vn\/"},{"@type":"ListItem","position":2,"name":"S\u1ea3n ph\u1ea9m","item":"https:\/\/nge.vn\/san-pham\/"},{"@type":"ListItem","position":3,"name":"Toolhead PCB Cho Ender 3 V3 SE &#038; KE"}]},{"@type":"WebSite","@id":"https:\/\/nge.vn\/#website","url":"https:\/\/nge.vn\/","name":"NGE 3D Printers Services","description":"","potentialAction":[{"@type":"SearchAction","target":{"@type":"EntryPoint","urlTemplate":"https:\/\/nge.vn\/?s={search_term_string}"},"query-input":{"@type":"PropertyValueSpecification","valueRequired":true,"valueName":"search_term_string"}}],"inLanguage":"en-US"}]}},"_links":{"self":[{"href":"https:\/\/nge.vn\/en\/wp-json\/wp\/v2\/product\/6359","targetHints":{"allow":["GET"]}}],"collection":[{"href":"https:\/\/nge.vn\/en\/wp-json\/wp\/v2\/product"}],"about":[{"href":"https:\/\/nge.vn\/en\/wp-json\/wp\/v2\/types\/product"}],"replies":[{"embeddable":true,"href":"https:\/\/nge.vn\/en\/wp-json\/wp\/v2\/comments?post=6359"}],"wp:featuredmedia":[{"embeddable":true,"href":"https:\/\/nge.vn\/en\/wp-json\/wp\/v2\/media\/6364"}],"wp:attachment":[{"href":"https:\/\/nge.vn\/en\/wp-json\/wp\/v2\/media?parent=6359"}],"wp:term":[{"taxonomy":"product_brand","embeddable":true,"href":"https:\/\/nge.vn\/en\/wp-json\/wp\/v2\/product_brand?post=6359"},{"taxonomy":"product_cat","embeddable":true,"href":"https:\/\/nge.vn\/en\/wp-json\/wp\/v2\/product_cat?post=6359"},{"taxonomy":"product_tag","embeddable":true,"href":"https:\/\/nge.vn\/en\/wp-json\/wp\/v2\/product_tag?post=6359"}],"curies":[{"name":"wp","href":"https:\/\/api.w.org\/{rel}","templated":true}]}}