{"id":6352,"date":"2025-08-06T12:08:21","date_gmt":"2025-08-06T05:08:21","guid":{"rendered":"https:\/\/nge.vn\/?post_type=product&#038;p=6352"},"modified":"2025-08-06T12:08:22","modified_gmt":"2025-08-06T05:08:22","slug":"board-dieu-khien-may-in-3d-creality-cr-m4","status":"publish","type":"product","link":"https:\/\/nge.vn\/en\/product\/board-dieu-khien-may-in-3d-creality-cr-m4\/","title":{"rendered":"Board \u0111i\u1ec1u khi\u1ec3n m\u00e1y in 3d Creality CR-M4"},"content":{"rendered":"<p data-start=\"0\" data-end=\"207\">\n<h2 data-start=\"214\" data-end=\"286\">\ud83d\udd27 <strong data-start=\"220\" data-end=\"286\">Board \u0110i\u1ec1u Khi\u1ec3n M\u00e1y In 3D Creality CR-M4 \u2013 Mute Mainboard Kit<\/strong><\/h2>\n<p data-start=\"288\" data-end=\"493\"><strong data-start=\"288\" data-end=\"304\">M\u00e3 s\u1ea3n ph\u1ea9m:<\/strong> 4002020061<br data-start=\"315\" data-end=\"318\" \/><strong data-start=\"318\" data-end=\"338\">Model mainboard:<\/strong> CR6WU220525S14<br data-start=\"353\" data-end=\"356\" \/><strong data-start=\"356\" data-end=\"376\">Chip \u0111i\u1ec1u khi\u1ec3n:<\/strong> STM32F401VET6<br data-start=\"390\" data-end=\"393\" \/><strong data-start=\"393\" data-end=\"413\">Driver t\u00edch h\u1ee3p:<\/strong> TMC2209 (si\u00eau \u00eam, ch\u00ednh x\u00e1c)<br data-start=\"442\" data-end=\"445\" \/><strong data-start=\"445\" data-end=\"464\">D\u00e0nh ri\u00eang cho:<\/strong> <strong data-start=\"465\" data-end=\"493\">M\u00e1y in 3D Creality CR-M4<\/strong><\/p>\n<hr data-start=\"495\" data-end=\"498\" \/>\n<h3 data-start=\"500\" data-end=\"527\">\ud83c\udf1f <strong data-start=\"507\" data-end=\"527\">\u0110\u1eb7c \u0111i\u1ec3m n\u1ed5i b\u1eadt<\/strong><\/h3>\n<h4 data-start=\"529\" data-end=\"573\">\u2705 <strong data-start=\"536\" data-end=\"573\">V\u1eadn h\u00e0nh si\u00eau \u00eam \u2013 Driver TMC2209<\/strong><\/h4>\n<ul data-start=\"574\" data-end=\"774\">\n<li data-start=\"574\" data-end=\"673\">\n<p data-start=\"576\" data-end=\"673\">\u0110\u01b0\u1ee3c trang b\u1ecb <strong data-start=\"590\" data-end=\"608\">driver TMC2209<\/strong> \u2013 d\u00f2ng driver n\u1ed5i ti\u1ebfng v\u1edbi kh\u1ea3 n\u0103ng ho\u1ea1t \u0111\u1ed9ng \u00eam \u00e1i v\u00e0 m\u01b0\u1ee3t m\u00e0.<\/p>\n<\/li>\n<li data-start=\"674\" data-end=\"774\">\n<p data-start=\"676\" data-end=\"774\">Gi\u1ea3m thi\u1ec3u <strong data-start=\"687\" data-end=\"699\">ti\u1ebfng \u1ed3n<\/strong>, gi\u00fap m\u00e1y in ho\u1ea1t \u0111\u1ed9ng \u1ed5n \u0111\u1ecbnh c\u1ea3 trong m\u00f4i tr\u01b0\u1eddng v\u0103n ph\u00f2ng ho\u1eb7c ban \u0111\u00eam.<\/p>\n<\/li>\n<\/ul>\n<h4 data-start=\"776\" data-end=\"813\">\u2705 <strong data-start=\"783\" data-end=\"813\">Chip STM32F401VET6 m\u1ea1nh m\u1ebd<\/strong><\/h4>\n<ul data-start=\"814\" data-end=\"985\">\n<li data-start=\"814\" data-end=\"920\">\n<p data-start=\"816\" data-end=\"920\"><strong data-start=\"816\" data-end=\"833\">Hi\u1ec7u n\u0103ng cao<\/strong>, x\u1eed l\u00fd l\u1ec7nh nhanh, \u0111\u1ea3m b\u1ea3o kh\u1ea3 n\u0103ng v\u1eadn h\u00e0nh tr\u01a1n tru ngay c\u1ea3 v\u1edbi c\u00e1c b\u1ea3n in ph\u1ee9c t\u1ea1p.<\/p>\n<\/li>\n<li data-start=\"921\" data-end=\"985\">\n<p data-start=\"923\" data-end=\"985\">Gi\u00fap m\u00e1y in ph\u1ea3n h\u1ed3i l\u1ec7nh t\u1ee9c th\u00ec v\u00e0 duy tr\u00ec \u0111\u1ed9 ch\u00ednh x\u00e1c cao.<\/p>\n<\/li>\n<\/ul>\n<h4 data-start=\"987\" data-end=\"1028\">\u2705 <strong data-start=\"994\" data-end=\"1028\">T\u01b0\u01a1ng th\u00edch ho\u00e0n h\u1ea3o v\u1edbi CR-M4<\/strong><\/h4>\n<ul data-start=\"1029\" data-end=\"1177\">\n<li data-start=\"1029\" data-end=\"1133\">\n<p data-start=\"1031\" data-end=\"1133\"><strong data-start=\"1031\" data-end=\"1050\">Thi\u1ebft k\u1ebf t\u1ed1i \u01b0u<\/strong> cho m\u00e1y in Creality CR-M4, \u0111\u1ea3m b\u1ea3o <strong data-start=\"1086\" data-end=\"1101\">c\u1eafm l\u00e0 ch\u1ea1y<\/strong>, kh\u00f4ng c\u1ea7n ch\u1ec9nh s\u1eeda ph\u1ea7n c\u1ee9ng.<\/p>\n<\/li>\n<li data-start=\"1134\" data-end=\"1177\">\n<p data-start=\"1136\" data-end=\"1177\">H\u1ed7 tr\u1ee3 n\u00e2ng c\u1ea5p firmware d\u1ec5 d\u00e0ng n\u1ebfu c\u1ea7n.<\/p>\n<\/li>\n<\/ul>\n<hr data-start=\"1179\" data-end=\"1182\" \/>\n<h3 data-start=\"1184\" data-end=\"1214\">\ud83d\udee0\ufe0f <strong data-start=\"1192\" data-end=\"1214\">Th\u00f4ng tin s\u1ea3n ph\u1ea9m<\/strong><\/h3>\n<div class=\"_tableContainer_16hzy_1\">\n<div class=\"_tableWrapper_16hzy_14 group flex w-fit flex-col-reverse\" tabindex=\"-1\">\n<table class=\"w-fit min-w-(--thread-content-width)\" data-start=\"1216\" data-end=\"1751\">\n<thead data-start=\"1216\" data-end=\"1282\">\n<tr data-start=\"1216\" data-end=\"1282\">\n<th data-start=\"1216\" data-end=\"1238\" data-col-size=\"sm\">Th\u00f4ng s\u1ed1<\/th>\n<th data-start=\"1238\" data-end=\"1282\" data-col-size=\"sm\">Chi ti\u1ebft<\/th>\n<\/tr>\n<\/thead>\n<tbody data-start=\"1350\" data-end=\"1751\">\n<tr data-start=\"1350\" data-end=\"1416\">\n<td data-start=\"1350\" data-end=\"1373\" data-col-size=\"sm\"><strong data-start=\"1352\" data-end=\"1368\">T\u00ean s\u1ea3n ph\u1ea9m<\/strong><\/td>\n<td data-col-size=\"sm\" data-start=\"1373\" data-end=\"1416\">Board \u0111i\u1ec1u khi\u1ec3n CR-M4 \u2013 Mute Mainboard<\/td>\n<\/tr>\n<tr data-start=\"1417\" data-end=\"1483\">\n<td data-start=\"1417\" data-end=\"1440\" data-col-size=\"sm\"><strong data-start=\"1419\" data-end=\"1437\">D\u00f2ng mainboard<\/strong><\/td>\n<td data-col-size=\"sm\" data-start=\"1440\" data-end=\"1483\">CR6WU220525S14<\/td>\n<\/tr>\n<tr data-start=\"1484\" data-end=\"1550\">\n<td data-start=\"1484\" data-end=\"1507\" data-col-size=\"sm\"><strong data-start=\"1486\" data-end=\"1501\">M\u00e3 s\u1ea3n ph\u1ea9m<\/strong><\/td>\n<td data-col-size=\"sm\" data-start=\"1507\" data-end=\"1550\">4002020061<\/td>\n<\/tr>\n<tr data-start=\"1551\" data-end=\"1617\">\n<td data-start=\"1551\" data-end=\"1574\" data-col-size=\"sm\"><strong data-start=\"1553\" data-end=\"1572\">Chip \u0111i\u1ec1u khi\u1ec3n<\/strong><\/td>\n<td data-col-size=\"sm\" data-start=\"1574\" data-end=\"1617\">STM32F401VET6<\/td>\n<\/tr>\n<tr data-start=\"1618\" data-end=\"1684\">\n<td data-start=\"1618\" data-end=\"1641\" data-col-size=\"sm\"><strong data-start=\"1620\" data-end=\"1639\">Driver t\u00edch h\u1ee3p<\/strong><\/td>\n<td data-col-size=\"sm\" data-start=\"1641\" data-end=\"1684\">TMC2209 (Ch\u1ed1ng \u1ed3n, ch\u00ednh x\u00e1c cao)<\/td>\n<\/tr>\n<tr data-start=\"1685\" data-end=\"1751\">\n<td data-start=\"1685\" data-end=\"1708\" data-col-size=\"sm\"><strong data-start=\"1687\" data-end=\"1705\">D\u00f9ng cho model<\/strong><\/td>\n<td data-col-size=\"sm\" data-start=\"1708\" data-end=\"1751\">3D Printer <strong data-start=\"1720\" data-end=\"1738\">Creality CR-M4<\/strong><\/td>\n<\/tr>\n<\/tbody>\n<\/table>\n<div class=\"sticky end-(--thread-content-margin) h-0 self-end select-none\">\n<div class=\"absolute end-0 flex items-end\"><\/div>\n<\/div>\n<\/div>\n<\/div>\n<hr data-start=\"1753\" data-end=\"1756\" \/>\n<h3 data-start=\"1758\" data-end=\"1774\">\u26a0\ufe0f <strong data-start=\"1765\" data-end=\"1774\">L\u01b0u \u00fd<\/strong><\/h3>\n<ul data-start=\"1775\" data-end=\"1926\">\n<li data-start=\"1775\" data-end=\"1857\">\n<p data-start=\"1777\" data-end=\"1857\">Ch\u1ec9 t\u01b0\u01a1ng th\u00edch v\u1edbi m\u00e1y in <strong data-start=\"1804\" data-end=\"1822\">Creality CR-M4<\/strong> \u2013 kh\u00f4ng s\u1eed d\u1ee5ng cho c\u00e1c d\u00f2ng kh\u00e1c.<\/p>\n<\/li>\n<li data-start=\"1858\" data-end=\"1926\">\n<p data-start=\"1860\" data-end=\"1926\"><strong data-start=\"1860\" data-end=\"1888\">Gi\u00e1 b\u00e1n ch\u01b0a bao g\u1ed3m VAT<\/strong> (+8% ho\u1eb7c 10% n\u1ebfu xu\u1ea5t h\u00f3a \u0111\u01a1n GTGT).<\/p>\n<\/li>\n<\/ul>\n<blockquote class=\"wp-embedded-content\" data-secret=\"4i6sNCLDnL\"><p><a href=\"https:\/\/nge.vn\/en\/product\/may-in-3d-creality-cr-m4-kho-in-450450470mm-can-ban-tu-dong-voi-cr-touch\/\">M\u00e1y in 3d Creality CR-M4 kh\u1ed5 in 450*450*470mm<\/a><\/p><\/blockquote>\n<p><iframe loading=\"lazy\" class=\"wp-embedded-content\" sandbox=\"allow-scripts\" security=\"restricted\" style=\"position: absolute; visibility: hidden;\" title=\"&#8220;M\u00e1y in 3d Creality CR-M4 kh\u1ed5 in 450*450*470mm&#8221; &#8212; NGE 3D Printers Services\" src=\"https:\/\/nge.vn\/san-pham\/may-in-3d-creality-cr-m4-kho-in-450450470mm-can-ban-tu-dong-voi-cr-touch\/embed\/#?secret=xfbk8YQWbb#?secret=4i6sNCLDnL\" data-secret=\"4i6sNCLDnL\" width=\"600\" height=\"338\" frameborder=\"0\" marginwidth=\"0\" marginheight=\"0\" scrolling=\"no\"><\/iframe><\/p>\n<p>&#8211; \u0110\u00e2y l\u00e0 c\u00e1c trang b\u00e1n h\u00e0ng b\u00ean m\u00ecnh NGE 3D Printer Services chuy\u00ean cung c\u1ea5p Nh\u1ef1a in 3D v\u00e0 M\u00e1y in 3D c\u1ee7a H\u00e3ng ESUN, Flsun, BIQU, Creality, eMake3d&#8230;<br \/>\n\ud83d\uded2Shopee =&gt; https:\/\/shopee.vn\/nge3dprinter<br \/>\n\ud83d\uded2Shopee =&gt; https:\/\/shopee.vn\/nge3dservices<br \/>\n\ud83d\uded2Shopee Voron v\u00e0 eMake3D =&gt; https:\/\/shopee.vn\/3dmasterpower<br \/>\n\ud83d\uded2Shopee eMake3D =&gt; https:\/\/shopee.vn\/nge3dprinting<br \/>\n\ud83d\uded2Lazada =&gt; https:\/\/www.lazada.vn\/shop\/nge-3d-printer<br \/>\n\ud83d\uded2Lazada =&gt; https:\/\/www.lazada.vn\/shop\/nge-3d-printer-services<br \/>\n\ud83d\uded2Lazada =&gt; https:\/\/www.lazada.vn\/shop\/emake3d-vn<br \/>\n\ud83d\uded2Webslite Th\u1ebf H\u1ec7 K\u1ebf Ti\u1ebfp =&gt;https:\/\/www.theheketiep.com\/<br \/>\n\ud83d\uded2Webslite NGE.VN =&gt;https:\/\/www.nge.vn\/<br \/>\nHo\u1eb7c b\u1ea1n g\u1ecdi 094.144.0951 g\u1eb7p m\u00ecnh<br \/>\nHo\u1eb7c 0913939775 g\u1eb7p anh Qu\u00e2n<\/p>","protected":false},"excerpt":{"rendered":"<p data-start=\"2115\" data-end=\"2271\">Board \u0111i\u1ec1u khi\u1ec3n ch\u00ednh h\u00e3ng cho m\u00e1y in 3D Creality CR-M4 \u2013 trang b\u1ecb driver TMC2209 si\u00eau \u00eam, chip STM32F401 m\u1ea1nh m\u1ebd, ho\u1ea1t \u0111\u1ed9ng \u1ed5n \u0111\u1ecbnh, d\u1ec5 n\u00e2ng c\u1ea5p firmware.<\/p>","protected":false},"featured_media":6353,"comment_status":"open","ping_status":"closed","template":"","meta":{"inline_featured_image":false},"product_brand":[],"product_cat":[462,40,56],"product_tag":[832,495,829,658,670,663],"class_list":{"0":"post-6352","1":"product","2":"type-product","3":"status-publish","4":"has-post-thumbnail","6":"product_cat-board-va-man-hinh-dieu-khien","7":"product_cat-linh-kien-va-phu-kien","8":"product_cat-linh-phu-kien-may-in-3d-creality","9":"product_tag-cr-m4","10":"product_tag-creality","11":"product_tag-in3d","12":"product_tag-linhkien3d","13":"product_tag-linhkienin3d","14":"product_tag-nge3d","16":"first","17":"instock","18":"taxable","19":"shipping-taxable","20":"purchasable","21":"product-type-simple"},"yoast_head":"<!-- This site is optimized with the Yoast SEO Premium plugin v22.8 (Yoast SEO v26.9) - https:\/\/yoast.com\/product\/yoast-seo-premium-wordpress\/ -->\n<title>Board \u0111i\u1ec1u khi\u1ec3n m\u00e1y in 3d Creality CR-M4 - NGE 3D Printers Services<\/title>\n<meta name=\"description\" content=\"Board \u0111i\u1ec1u khi\u1ec3n ch\u00ednh h\u00e3ng cho m\u00e1y in 3D Creality CR-M4 \u2013 trang b\u1ecb driver TMC2209 , chip STM32F401 m\u1ea1nh m\u1ebd, ho\u1ea1t \u0111\u1ed9ng \u1ed5n \u0111\u1ecbnh, d\u1ec5 n\u00e2ng c\u1ea5p firmware.\" \/>\n<meta name=\"robots\" content=\"index, follow, max-snippet:-1, max-image-preview:large, max-video-preview:-1\" \/>\n<link rel=\"canonical\" href=\"https:\/\/nge.vn\/en\/product\/board-dieu-khien-may-in-3d-creality-cr-m4\/\" \/>\n<meta property=\"og:locale\" content=\"en_US\" \/>\n<meta property=\"og:type\" content=\"article\" \/>\n<meta property=\"og:title\" content=\"Board \u0111i\u1ec1u khi\u1ec3n m\u00e1y in 3d Creality CR-M4\" \/>\n<meta property=\"og:description\" content=\"Board \u0111i\u1ec1u khi\u1ec3n ch\u00ednh h\u00e3ng cho m\u00e1y in 3D Creality CR-M4 \u2013 trang b\u1ecb driver TMC2209 , chip STM32F401 m\u1ea1nh m\u1ebd, ho\u1ea1t \u0111\u1ed9ng \u1ed5n \u0111\u1ecbnh, d\u1ec5 n\u00e2ng c\u1ea5p firmware.\" \/>\n<meta property=\"og:url\" content=\"https:\/\/nge.vn\/en\/product\/board-dieu-khien-may-in-3d-creality-cr-m4\/\" \/>\n<meta property=\"og:site_name\" content=\"NGE 3D Printers Services\" \/>\n<meta property=\"article:modified_time\" content=\"2025-08-06T05:08:22+00:00\" \/>\n<meta property=\"og:image\" content=\"https:\/\/nge.vn\/wp-content\/uploads\/2025\/08\/vn-11134207-7ras8-m47d2a57fu2vc6_tn.jpeg\" \/>\n\t<meta property=\"og:image:width\" content=\"320\" \/>\n\t<meta property=\"og:image:height\" content=\"320\" \/>\n\t<meta property=\"og:image:type\" content=\"image\/jpeg\" \/>\n<meta name=\"twitter:card\" content=\"summary_large_image\" \/>\n<meta name=\"twitter:label1\" content=\"Est. reading time\" \/>\n\t<meta name=\"twitter:data1\" content=\"2 minutes\" \/>\n<script type=\"application\/ld+json\" class=\"yoast-schema-graph\">{\"@context\":\"https:\/\/schema.org\",\"@graph\":[{\"@type\":\"WebPage\",\"@id\":\"https:\/\/nge.vn\/san-pham\/board-dieu-khien-may-in-3d-creality-cr-m4\/\",\"url\":\"https:\/\/nge.vn\/san-pham\/board-dieu-khien-may-in-3d-creality-cr-m4\/\",\"name\":\"Board \u0111i\u1ec1u khi\u1ec3n m\u00e1y in 3d Creality CR-M4 - NGE 3D Printers Services\",\"isPartOf\":{\"@id\":\"https:\/\/nge.vn\/#website\"},\"primaryImageOfPage\":{\"@id\":\"https:\/\/nge.vn\/san-pham\/board-dieu-khien-may-in-3d-creality-cr-m4\/#primaryimage\"},\"image\":{\"@id\":\"https:\/\/nge.vn\/san-pham\/board-dieu-khien-may-in-3d-creality-cr-m4\/#primaryimage\"},\"thumbnailUrl\":\"https:\/\/nge.vn\/wp-content\/uploads\/2025\/08\/vn-11134207-7ras8-m47d2a57fu2vc6_tn.jpeg\",\"datePublished\":\"2025-08-06T05:08:21+00:00\",\"dateModified\":\"2025-08-06T05:08:22+00:00\",\"description\":\"Board \u0111i\u1ec1u khi\u1ec3n ch\u00ednh h\u00e3ng cho m\u00e1y in 3D Creality CR-M4 \u2013 trang b\u1ecb driver TMC2209 , chip STM32F401 m\u1ea1nh m\u1ebd, ho\u1ea1t \u0111\u1ed9ng \u1ed5n \u0111\u1ecbnh, d\u1ec5 n\u00e2ng c\u1ea5p firmware.\",\"breadcrumb\":{\"@id\":\"https:\/\/nge.vn\/san-pham\/board-dieu-khien-may-in-3d-creality-cr-m4\/#breadcrumb\"},\"inLanguage\":\"en-US\",\"potentialAction\":[{\"@type\":\"ReadAction\",\"target\":[\"https:\/\/nge.vn\/san-pham\/board-dieu-khien-may-in-3d-creality-cr-m4\/\"]}]},{\"@type\":\"ImageObject\",\"inLanguage\":\"en-US\",\"@id\":\"https:\/\/nge.vn\/san-pham\/board-dieu-khien-may-in-3d-creality-cr-m4\/#primaryimage\",\"url\":\"https:\/\/nge.vn\/wp-content\/uploads\/2025\/08\/vn-11134207-7ras8-m47d2a57fu2vc6_tn.jpeg\",\"contentUrl\":\"https:\/\/nge.vn\/wp-content\/uploads\/2025\/08\/vn-11134207-7ras8-m47d2a57fu2vc6_tn.jpeg\",\"width\":320,\"height\":320,\"caption\":\"board crm4\"},{\"@type\":\"BreadcrumbList\",\"@id\":\"https:\/\/nge.vn\/san-pham\/board-dieu-khien-may-in-3d-creality-cr-m4\/#breadcrumb\",\"itemListElement\":[{\"@type\":\"ListItem\",\"position\":1,\"name\":\"Trang ch\u1ee7\",\"item\":\"https:\/\/nge.vn\/\"},{\"@type\":\"ListItem\",\"position\":2,\"name\":\"S\u1ea3n ph\u1ea9m\",\"item\":\"https:\/\/nge.vn\/san-pham\/\"},{\"@type\":\"ListItem\",\"position\":3,\"name\":\"Board \u0111i\u1ec1u khi\u1ec3n m\u00e1y in 3d Creality CR-M4\"}]},{\"@type\":\"WebSite\",\"@id\":\"https:\/\/nge.vn\/#website\",\"url\":\"https:\/\/nge.vn\/\",\"name\":\"NGE 3D Printers Services\",\"description\":\"\",\"potentialAction\":[{\"@type\":\"SearchAction\",\"target\":{\"@type\":\"EntryPoint\",\"urlTemplate\":\"https:\/\/nge.vn\/?s={search_term_string}\"},\"query-input\":{\"@type\":\"PropertyValueSpecification\",\"valueRequired\":true,\"valueName\":\"search_term_string\"}}],\"inLanguage\":\"en-US\"}]}<\/script>\n<!-- \/ Yoast SEO Premium plugin. -->","yoast_head_json":{"title":"Board \u0111i\u1ec1u khi\u1ec3n m\u00e1y in 3d Creality CR-M4 - NGE 3D Printers Services","description":"Board \u0111i\u1ec1u khi\u1ec3n ch\u00ednh h\u00e3ng cho m\u00e1y in 3D Creality CR-M4 \u2013 trang b\u1ecb driver TMC2209 , chip STM32F401 m\u1ea1nh m\u1ebd, ho\u1ea1t \u0111\u1ed9ng \u1ed5n \u0111\u1ecbnh, d\u1ec5 n\u00e2ng c\u1ea5p firmware.","robots":{"index":"index","follow":"follow","max-snippet":"max-snippet:-1","max-image-preview":"max-image-preview:large","max-video-preview":"max-video-preview:-1"},"canonical":"https:\/\/nge.vn\/en\/product\/board-dieu-khien-may-in-3d-creality-cr-m4\/","og_locale":"en_US","og_type":"article","og_title":"Board \u0111i\u1ec1u khi\u1ec3n m\u00e1y in 3d Creality CR-M4","og_description":"Board \u0111i\u1ec1u khi\u1ec3n ch\u00ednh h\u00e3ng cho m\u00e1y in 3D Creality CR-M4 \u2013 trang b\u1ecb driver TMC2209 , chip STM32F401 m\u1ea1nh m\u1ebd, ho\u1ea1t \u0111\u1ed9ng \u1ed5n \u0111\u1ecbnh, d\u1ec5 n\u00e2ng c\u1ea5p firmware.","og_url":"https:\/\/nge.vn\/en\/product\/board-dieu-khien-may-in-3d-creality-cr-m4\/","og_site_name":"NGE 3D Printers Services","article_modified_time":"2025-08-06T05:08:22+00:00","og_image":[{"width":320,"height":320,"url":"https:\/\/nge.vn\/wp-content\/uploads\/2025\/08\/vn-11134207-7ras8-m47d2a57fu2vc6_tn.jpeg","type":"image\/jpeg"}],"twitter_card":"summary_large_image","twitter_misc":{"Est. reading time":"2 minutes"},"schema":{"@context":"https:\/\/schema.org","@graph":[{"@type":"WebPage","@id":"https:\/\/nge.vn\/san-pham\/board-dieu-khien-may-in-3d-creality-cr-m4\/","url":"https:\/\/nge.vn\/san-pham\/board-dieu-khien-may-in-3d-creality-cr-m4\/","name":"Board \u0111i\u1ec1u khi\u1ec3n m\u00e1y in 3d Creality CR-M4 - NGE 3D Printers Services","isPartOf":{"@id":"https:\/\/nge.vn\/#website"},"primaryImageOfPage":{"@id":"https:\/\/nge.vn\/san-pham\/board-dieu-khien-may-in-3d-creality-cr-m4\/#primaryimage"},"image":{"@id":"https:\/\/nge.vn\/san-pham\/board-dieu-khien-may-in-3d-creality-cr-m4\/#primaryimage"},"thumbnailUrl":"https:\/\/nge.vn\/wp-content\/uploads\/2025\/08\/vn-11134207-7ras8-m47d2a57fu2vc6_tn.jpeg","datePublished":"2025-08-06T05:08:21+00:00","dateModified":"2025-08-06T05:08:22+00:00","description":"Board \u0111i\u1ec1u khi\u1ec3n ch\u00ednh h\u00e3ng cho m\u00e1y in 3D Creality CR-M4 \u2013 trang b\u1ecb driver TMC2209 , chip STM32F401 m\u1ea1nh m\u1ebd, ho\u1ea1t \u0111\u1ed9ng \u1ed5n \u0111\u1ecbnh, d\u1ec5 n\u00e2ng c\u1ea5p firmware.","breadcrumb":{"@id":"https:\/\/nge.vn\/san-pham\/board-dieu-khien-may-in-3d-creality-cr-m4\/#breadcrumb"},"inLanguage":"en-US","potentialAction":[{"@type":"ReadAction","target":["https:\/\/nge.vn\/san-pham\/board-dieu-khien-may-in-3d-creality-cr-m4\/"]}]},{"@type":"ImageObject","inLanguage":"en-US","@id":"https:\/\/nge.vn\/san-pham\/board-dieu-khien-may-in-3d-creality-cr-m4\/#primaryimage","url":"https:\/\/nge.vn\/wp-content\/uploads\/2025\/08\/vn-11134207-7ras8-m47d2a57fu2vc6_tn.jpeg","contentUrl":"https:\/\/nge.vn\/wp-content\/uploads\/2025\/08\/vn-11134207-7ras8-m47d2a57fu2vc6_tn.jpeg","width":320,"height":320,"caption":"board crm4"},{"@type":"BreadcrumbList","@id":"https:\/\/nge.vn\/san-pham\/board-dieu-khien-may-in-3d-creality-cr-m4\/#breadcrumb","itemListElement":[{"@type":"ListItem","position":1,"name":"Trang ch\u1ee7","item":"https:\/\/nge.vn\/"},{"@type":"ListItem","position":2,"name":"S\u1ea3n ph\u1ea9m","item":"https:\/\/nge.vn\/san-pham\/"},{"@type":"ListItem","position":3,"name":"Board \u0111i\u1ec1u khi\u1ec3n m\u00e1y in 3d Creality CR-M4"}]},{"@type":"WebSite","@id":"https:\/\/nge.vn\/#website","url":"https:\/\/nge.vn\/","name":"NGE 3D Printers Services","description":"","potentialAction":[{"@type":"SearchAction","target":{"@type":"EntryPoint","urlTemplate":"https:\/\/nge.vn\/?s={search_term_string}"},"query-input":{"@type":"PropertyValueSpecification","valueRequired":true,"valueName":"search_term_string"}}],"inLanguage":"en-US"}]}},"_links":{"self":[{"href":"https:\/\/nge.vn\/en\/wp-json\/wp\/v2\/product\/6352","targetHints":{"allow":["GET"]}}],"collection":[{"href":"https:\/\/nge.vn\/en\/wp-json\/wp\/v2\/product"}],"about":[{"href":"https:\/\/nge.vn\/en\/wp-json\/wp\/v2\/types\/product"}],"replies":[{"embeddable":true,"href":"https:\/\/nge.vn\/en\/wp-json\/wp\/v2\/comments?post=6352"}],"wp:featuredmedia":[{"embeddable":true,"href":"https:\/\/nge.vn\/en\/wp-json\/wp\/v2\/media\/6353"}],"wp:attachment":[{"href":"https:\/\/nge.vn\/en\/wp-json\/wp\/v2\/media?parent=6352"}],"wp:term":[{"taxonomy":"product_brand","embeddable":true,"href":"https:\/\/nge.vn\/en\/wp-json\/wp\/v2\/product_brand?post=6352"},{"taxonomy":"product_cat","embeddable":true,"href":"https:\/\/nge.vn\/en\/wp-json\/wp\/v2\/product_cat?post=6352"},{"taxonomy":"product_tag","embeddable":true,"href":"https:\/\/nge.vn\/en\/wp-json\/wp\/v2\/product_tag?post=6352"}],"curies":[{"name":"wp","href":"https:\/\/api.w.org\/{rel}","templated":true}]}}