{"id":6341,"date":"2025-08-15T16:35:50","date_gmt":"2025-08-15T09:35:50","guid":{"rendered":"https:\/\/nge.vn\/?post_type=product&#038;p=6341"},"modified":"2025-08-15T16:35:51","modified_gmt":"2025-08-15T09:35:51","slug":"tam-ban-pei-epoxy-resin-build-plate-cho-may-in-3d-creality-ender-5-max","status":"publish","type":"product","link":"https:\/\/nge.vn\/en\/product\/tam-ban-pei-epoxy-resin-build-plate-cho-may-in-3d-creality-ender-5-max\/","title":{"rendered":"T\u1ea5m b\u00e0n PEI Epoxy Resin Build Plate cho m\u00e1y in 3d Creality Ender-5 Max"},"content":{"rendered":"<h2 data-start=\"261\" data-end=\"337\">\ud83e\uddf2 <strong data-start=\"267\" data-end=\"337\">T\u1ea5m m\u1eb7t b\u00e0n PEI Epoxy Resin \u2013 Build Plate cho Creality Ender-5 Max<\/strong><\/h2>\n<p data-start=\"339\" data-end=\"542\"><strong data-start=\"339\" data-end=\"355\">M\u00e3 s\u1ea3n ph\u1ea9m:<\/strong> 4004090143<br data-start=\"366\" data-end=\"369\" \/><strong data-start=\"369\" data-end=\"384\">K\u00edch th\u01b0\u1edbc:<\/strong> 430 \u00d7 415 mm<br data-start=\"397\" data-end=\"400\" \/><strong data-start=\"400\" data-end=\"419\">D\u00e0nh ri\u00eang cho:<\/strong> <strong data-start=\"420\" data-end=\"454\">M\u00e1y in 3D Creality Ender-5 Max<\/strong><br data-start=\"454\" data-end=\"457\" \/><strong data-start=\"457\" data-end=\"488\">Tr\u1ecdng l\u01b0\u1ee3ng \u0111\u00f3ng g\u00f3i (G.W):<\/strong> 1.03 kg<br data-start=\"496\" data-end=\"499\" \/><strong data-start=\"499\" data-end=\"523\">K\u00edch th\u01b0\u1edbc \u0111\u00f3ng g\u00f3i:<\/strong> 437 \u00d7 422 \u00d7 8.5 mm<\/p>\n<hr data-start=\"544\" data-end=\"547\" \/>\n<h3 data-start=\"549\" data-end=\"577\">\ud83c\udf1f <strong data-start=\"556\" data-end=\"577\">T\u00ednh n\u0103ng n\u1ed5i b\u1eadt<\/strong><\/h3>\n<h4 data-start=\"579\" data-end=\"632\">\u2705 <strong data-start=\"586\" data-end=\"632\">\u0110\u1ed9 b\u00e1m d\u00ednh tuy\u1ec7t v\u1eddi \u2013 In kh\u00f4ng cong v\u00eanh<\/strong><\/h4>\n<ul data-start=\"633\" data-end=\"832\">\n<li data-start=\"633\" data-end=\"741\">\n<p data-start=\"635\" data-end=\"741\">L\u1edbp ph\u1ee7 nh\u1ef1a Epoxy ch\u1ea5t l\u01b0\u1ee3ng cao gi\u00fap m\u00f4 h\u00ecnh <strong data-start=\"682\" data-end=\"694\">b\u00e1m ch\u1eafc<\/strong> tr\u00ean b\u1ec1 m\u1eb7t, ngay c\u1ea3 v\u1edbi c\u00e1c v\u1eadt li\u1ec7u kh\u00f3 b\u00e1m.<\/p>\n<\/li>\n<li data-start=\"742\" data-end=\"832\">\n<p data-start=\"744\" data-end=\"832\">Gi\u1ea3m thi\u1ec3u t\u1ed1i \u0111a hi\u1ec7n t\u01b0\u1ee3ng <strong data-start=\"773\" data-end=\"786\">cong v\u00eanh<\/strong>, \u0111\u1ea3m b\u1ea3o m\u00f4 h\u00ecnh \u0111\u01b0\u1ee3c \u0111\u00fac ch\u00ednh x\u00e1c, s\u1eafc n\u00e9t.<\/p>\n<\/li>\n<\/ul>\n<h4 data-start=\"834\" data-end=\"871\">\u2705 <strong data-start=\"841\" data-end=\"871\">Ch\u1ed1ng m\u00e0i m\u00f2n \u2013 \u0110\u1ed9 b\u1ec1n cao<\/strong><\/h4>\n<ul data-start=\"872\" data-end=\"1024\">\n<li data-start=\"872\" data-end=\"962\">\n<p data-start=\"874\" data-end=\"962\">L\u1edbp ph\u1ee7 <strong data-start=\"882\" data-end=\"900\">Epoxy phun c\u00e1t<\/strong> ch\u1ed1ng tr\u1ea7y x\u01b0\u1edbc, ch\u1ecbu \u0111\u01b0\u1ee3c nhi\u1ec7t \u0111\u1ed9 cao v\u00e0 l\u1ef1c t\u00e1c \u0111\u1ed9ng m\u1ea1nh.<\/p>\n<\/li>\n<li data-start=\"963\" data-end=\"1024\">\n<p data-start=\"965\" data-end=\"1024\"><strong data-start=\"965\" data-end=\"981\">Tu\u1ed5i th\u1ecd d\u00e0i<\/strong>, ph\u00f9 h\u1ee3p v\u1edbi m\u00f4i tr\u01b0\u1eddng l\u00e0m vi\u1ec7c li\u00ean t\u1ee5c.<\/p>\n<\/li>\n<\/ul>\n<h4 data-start=\"1026\" data-end=\"1067\">\u2705 <strong data-start=\"1033\" data-end=\"1067\">\u0110\u1ed9 ph\u1eb3ng cao \u2013 D\u1ec5 th\u00e1o m\u00f4 h\u00ecnh<\/strong><\/h4>\n<ul data-start=\"1068\" data-end=\"1241\">\n<li data-start=\"1068\" data-end=\"1165\">\n<p data-start=\"1070\" data-end=\"1165\">T\u1ea5m n\u1ec1n b\u1eb1ng <strong data-start=\"1083\" data-end=\"1112\">th\u00e9p l\u00f2 xo ch\u1ea5t l\u01b0\u1ee3ng cao<\/strong>, \u0111\u00e0n h\u1ed3i t\u1ed1t, kh\u00f4ng bi\u1ebfn d\u1ea1ng sau nhi\u1ec1u l\u1ea7n s\u1eed d\u1ee5ng.<\/p>\n<\/li>\n<li data-start=\"1166\" data-end=\"1241\">\n<p data-start=\"1168\" data-end=\"1241\">Cho ph\u00e9p <strong data-start=\"1177\" data-end=\"1204\">u\u1ed1n nh\u1eb9 \u0111\u1ec3 th\u00e1o m\u00f4 h\u00ecnh<\/strong>, nhanh g\u1ecdn, kh\u00f4ng l\u00e0m h\u1ecfng chi ti\u1ebft.<\/p>\n<\/li>\n<\/ul>\n<h4 data-start=\"1243\" data-end=\"1293\">\u2705 <strong data-start=\"1250\" data-end=\"1293\">L\u1eafp \u0111\u1eb7t nhanh ch\u00f3ng \u2013 \u0110\u1ecbnh v\u1ecb ch\u00ednh x\u00e1c<\/strong><\/h4>\n<ul data-start=\"1294\" data-end=\"1385\">\n<li data-start=\"1294\" data-end=\"1385\">\n<p data-start=\"1296\" data-end=\"1385\"><strong data-start=\"1296\" data-end=\"1320\">Thi\u1ebft k\u1ebf tay c\u1ea7m k\u00e9p<\/strong> v\u00e0 <strong data-start=\"1324\" data-end=\"1342\">l\u1ed7 \u0111\u1ecbnh v\u1ecb k\u00e9p<\/strong>, h\u1ed7 tr\u1ee3 c\u0103n ch\u1ec9nh d\u1ec5 d\u00e0ng, th\u00e1o l\u1eafp nhanh.<\/p>\n<\/li>\n<\/ul>\n<h4 data-start=\"1387\" data-end=\"1424\">\u2705 <strong data-start=\"1394\" data-end=\"1424\">Thi\u1ebft k\u1ebf an to\u00e0n \u2013 Th\u1ea9m m\u1ef9<\/strong><\/h4>\n<ul data-start=\"1425\" data-end=\"1513\">\n<li data-start=\"1425\" data-end=\"1513\">\n<p data-start=\"1427\" data-end=\"1513\"><strong data-start=\"1427\" data-end=\"1450\">Bo g\u00f3c cong tinh t\u1ebf<\/strong>, \u0111\u1ea3m b\u1ea3o kh\u00f4ng g\u00e2y tr\u1ea7y x\u01b0\u1edbc, an to\u00e0n trong qu\u00e1 tr\u00ecnh s\u1eed d\u1ee5ng.<\/p>\n<\/li>\n<\/ul>\n<h4 data-start=\"1515\" data-end=\"1549\">\u2705 <strong data-start=\"1522\" data-end=\"1549\">T\u01b0\u01a1ng th\u00edch \u0111a v\u1eadt li\u1ec7u<\/strong><\/h4>\n<p data-start=\"1550\" data-end=\"1592\">S\u1eed d\u1ee5ng t\u1ed1t v\u1edbi h\u1ea7u h\u1ebft c\u00e1c lo\u1ea1i filament:<\/p>\n<ul data-start=\"1593\" data-end=\"1670\">\n<li data-start=\"1593\" data-end=\"1627\">\n<p data-start=\"1595\" data-end=\"1627\"><strong data-start=\"1595\" data-end=\"1627\">PLA, ABS, PETG, PET, TPU, PA<\/strong><\/p>\n<\/li>\n<li data-start=\"1628\" data-end=\"1670\">\n<p data-start=\"1630\" data-end=\"1670\"><strong data-start=\"1630\" data-end=\"1664\">ASA, PC, PLA-CF, PA-CF, PET-CF<\/strong>, v.v.<\/p>\n<\/li>\n<\/ul>\n<hr data-start=\"1672\" data-end=\"1675\" \/>\n<h3 data-start=\"1677\" data-end=\"1714\">\ud83d\udce6 <strong data-start=\"1684\" data-end=\"1714\">Th\u00f4ng s\u1ed1 k\u1ef9 thu\u1eadt chi ti\u1ebft<\/strong><\/h3>\n<div class=\"_tableContainer_16hzy_1\">\n<div class=\"_tableWrapper_16hzy_14 group flex w-fit flex-col-reverse\" tabindex=\"-1\">\n<table class=\"w-fit min-w-(--thread-content-width)\" data-start=\"1716\" data-end=\"2394\">\n<thead data-start=\"1716\" data-end=\"1801\">\n<tr data-start=\"1716\" data-end=\"1801\">\n<th data-start=\"1716\" data-end=\"1747\" data-col-size=\"sm\">Th\u00f4ng tin<\/th>\n<th data-start=\"1747\" data-end=\"1801\" data-col-size=\"sm\">Chi ti\u1ebft<\/th>\n<\/tr>\n<\/thead>\n<tbody data-start=\"1887\" data-end=\"2394\">\n<tr data-start=\"1887\" data-end=\"1970\">\n<td data-start=\"1887\" data-end=\"1917\" data-col-size=\"sm\"><strong data-start=\"1889\" data-end=\"1905\">T\u00ean s\u1ea3n ph\u1ea9m<\/strong><\/td>\n<td data-start=\"1917\" data-end=\"1970\" data-col-size=\"sm\">T\u1ea5m m\u1eb7t b\u00e0n PEI Epoxy Resin Build Plate<\/td>\n<\/tr>\n<tr data-start=\"1971\" data-end=\"2054\">\n<td data-start=\"1971\" data-end=\"2001\" data-col-size=\"sm\"><strong data-start=\"1973\" data-end=\"1994\">Model t\u01b0\u01a1ng th\u00edch<\/strong><\/td>\n<td data-col-size=\"sm\" data-start=\"2001\" data-end=\"2054\">Creality Ender-5 Max<\/td>\n<\/tr>\n<tr data-start=\"2055\" data-end=\"2139\">\n<td data-start=\"2055\" data-end=\"2085\" data-col-size=\"sm\"><strong data-start=\"2057\" data-end=\"2080\">K\u00edch th\u01b0\u1edbc s\u1ea3n ph\u1ea9m<\/strong><\/td>\n<td data-col-size=\"sm\" data-start=\"2085\" data-end=\"2139\">430 \u00d7 415 mm<\/td>\n<\/tr>\n<tr data-start=\"2140\" data-end=\"2224\">\n<td data-start=\"2140\" data-end=\"2170\" data-col-size=\"sm\"><strong data-start=\"2142\" data-end=\"2165\">K\u00edch th\u01b0\u1edbc \u0111\u00f3ng g\u00f3i<\/strong><\/td>\n<td data-start=\"2170\" data-end=\"2224\" data-col-size=\"sm\">437 \u00d7 422 \u00d7 8.5 mm<\/td>\n<\/tr>\n<tr data-start=\"2225\" data-end=\"2309\">\n<td data-start=\"2225\" data-end=\"2255\" data-col-size=\"sm\"><strong data-start=\"2227\" data-end=\"2251\">Tr\u1ecdng l\u01b0\u1ee3ng \u0111\u00f3ng g\u00f3i<\/strong><\/td>\n<td data-col-size=\"sm\" data-start=\"2255\" data-end=\"2309\">1.03 kg<\/td>\n<\/tr>\n<tr data-start=\"2310\" data-end=\"2394\">\n<td data-start=\"2310\" data-end=\"2340\" data-col-size=\"sm\"><strong data-start=\"2312\" data-end=\"2327\">M\u00e3 s\u1ea3n ph\u1ea9m<\/strong><\/td>\n<td data-col-size=\"sm\" data-start=\"2340\" data-end=\"2394\">4004090143<\/td>\n<\/tr>\n<\/tbody>\n<\/table>\n<div class=\"sticky end-(--thread-content-margin) h-0 self-end select-none\">\n<div class=\"absolute end-0 flex items-end\"><\/div>\n<\/div>\n<\/div>\n<\/div>\n<hr data-start=\"2396\" data-end=\"2399\" \/>\n<h3 data-start=\"2401\" data-end=\"2417\">\u26a0\ufe0f <strong data-start=\"2408\" data-end=\"2417\">L\u01b0u \u00fd<\/strong><\/h3>\n<ul data-start=\"2418\" data-end=\"2576\">\n<li data-start=\"2418\" data-end=\"2507\">\n<p data-start=\"2420\" data-end=\"2507\">Bao b\u00ec s\u1ea3n ph\u1ea9m c\u00f3 th\u1ec3 thay \u0111\u1ed5i t\u00f9y theo l\u00f4 h\u00e0ng \u2013 vui l\u00f2ng tham kh\u1ea3o s\u1ea3n ph\u1ea9m th\u1ef1c t\u1ebf.<\/p>\n<\/li>\n<li data-start=\"2508\" data-end=\"2576\">\n<p data-start=\"2510\" data-end=\"2576\"><strong data-start=\"2510\" data-end=\"2576\">Gi\u00e1 b\u00e1n ch\u01b0a bao g\u1ed3m VAT (+8% ho\u1eb7c 10% n\u1ebfu xu\u1ea5t h\u00f3a \u0111\u01a1n GTGT).<\/strong><\/p>\n<\/li>\n<\/ul>\n<p>&nbsp;<\/p>\n<p>-\u0110\u00e2y l\u00e0 c\u00e1c trang b\u00e1n h\u00e0ng b\u00ean m\u00ecnh NGE 3D Printer Services chuy\u00ean cung c\u1ea5p Nh\u1ef1a in 3D v\u00e0 M\u00e1y in 3D c\u1ee7a H\u00e3ng ESUN, Flsun, BIQU, Creality, eMake3d&#8230;<br \/>\n\ud83d\uded2Shopee =&gt; https:\/\/shopee.vn\/nge3dprinter<br \/>\n\ud83d\uded2Shopee =&gt; https:\/\/shopee.vn\/nge3dservices<br \/>\n\ud83d\uded2Shopee Voron v\u00e0 eMake3D =&gt; https:\/\/shopee.vn\/3dmasterpower<br \/>\n\ud83d\uded2Shopee eMake3D =&gt; https:\/\/shopee.vn\/nge3dprinting<br \/>\n\ud83d\uded2Lazada =&gt; https:\/\/www.lazada.vn\/shop\/nge-3d-printer<br \/>\n\ud83d\uded2Lazada =&gt; https:\/\/www.lazada.vn\/shop\/nge-3d-printer-services<br \/>\n\ud83d\uded2Lazada =&gt; https:\/\/www.lazada.vn\/shop\/emake3d-vn<br \/>\n\ud83d\uded2Webslite Th\u1ebf H\u1ec7 K\u1ebf Ti\u1ebfp =&gt;https:\/\/www.theheketiep.com\/<br \/>\n\ud83d\uded2Webslite NGE.VN =&gt;https:\/\/www.nge.vn\/<br \/>\nHo\u1eb7c b\u1ea1n g\u1ecdi 094.144.0951 g\u1eb7p m\u00ecnh<br \/>\nHo\u1eb7c 0913939775 g\u1eb7p anh Qu\u00e2n<br \/>\n** Price does not include VAT (+8 or 10% if VAT invoice is issued)<\/p>","protected":false},"excerpt":{"rendered":"<p data-start=\"2787\" data-end=\"2948\">T\u1ea5m n\u1ec1n PEI Epoxy Resin cho Ender-5 Max \u2013 b\u00e1m d\u00ednh cao, ch\u1ed1ng cong v\u00eanh, \u0111\u1ed9 ph\u1eb3ng cao, th\u00e1o m\u00f4 h\u00ecnh d\u1ec5 d\u00e0ng. Ph\u00f9 h\u1ee3p nhi\u1ec1u lo\u1ea1i v\u1eadt li\u1ec7u in. Ch\u00ednh h\u00e3ng Creality.<\/p>","protected":false},"featured_media":6344,"comment_status":"open","ping_status":"closed","template":"","meta":{"inline_featured_image":false},"product_brand":[],"product_cat":[40,56],"product_tag":[839,838,493,663],"class_list":{"0":"post-6341","1":"product","2":"type-product","3":"status-publish","4":"has-post-thumbnail","6":"product_cat-linh-kien-va-phu-kien","7":"product_cat-linh-phu-kien-may-in-3d-creality","8":"product_tag-buildplate","9":"product_tag-ender","10":"product_tag-ender5max","11":"product_tag-nge3d","13":"first","14":"instock","15":"taxable","16":"shipping-taxable","17":"purchasable","18":"product-type-simple"},"yoast_head":"<!-- This site is optimized with the Yoast SEO Premium plugin v22.8 (Yoast SEO v26.9) - https:\/\/yoast.com\/product\/yoast-seo-premium-wordpress\/ -->\n<title>T\u1ea5m b\u00e0n PEI Epoxy Resin Build Plate cho m\u00e1y in 3d Creality Ender-5 Max - NGE 3D Printers Services<\/title>\n<meta name=\"description\" content=\"T\u1ea5m n\u1ec1n PEI Epoxy Resin cho Ender-5 Max \u2013 b\u00e1m d\u00ednh cao, ch\u1ed1ng cong v\u00eanh, \u0111\u1ed9 ph\u1eb3ng cao, th\u00e1o m\u00f4 h\u00ecnh d\u1ec5 d\u00e0ng. Ph\u00f9 h\u1ee3p nhi\u1ec1u lo\u1ea1i v\u1eadt li\u1ec7u in.\" \/>\n<meta name=\"robots\" content=\"index, follow, max-snippet:-1, max-image-preview:large, max-video-preview:-1\" \/>\n<link rel=\"canonical\" href=\"https:\/\/nge.vn\/en\/product\/tam-ban-pei-epoxy-resin-build-plate-cho-may-in-3d-creality-ender-5-max\/\" \/>\n<meta property=\"og:locale\" content=\"en_US\" \/>\n<meta property=\"og:type\" content=\"article\" \/>\n<meta property=\"og:title\" content=\"T\u1ea5m b\u00e0n PEI Epoxy Resin Build Plate cho m\u00e1y in 3d Creality Ender-5 Max\" \/>\n<meta property=\"og:description\" content=\"T\u1ea5m n\u1ec1n PEI Epoxy Resin cho Ender-5 Max \u2013 b\u00e1m d\u00ednh cao, ch\u1ed1ng cong v\u00eanh, \u0111\u1ed9 ph\u1eb3ng cao, th\u00e1o m\u00f4 h\u00ecnh d\u1ec5 d\u00e0ng. Ph\u00f9 h\u1ee3p nhi\u1ec1u lo\u1ea1i v\u1eadt li\u1ec7u in.\" \/>\n<meta property=\"og:url\" content=\"https:\/\/nge.vn\/en\/product\/tam-ban-pei-epoxy-resin-build-plate-cho-may-in-3d-creality-ender-5-max\/\" \/>\n<meta property=\"og:site_name\" content=\"NGE 3D Printers Services\" \/>\n<meta property=\"article:modified_time\" content=\"2025-08-15T09:35:51+00:00\" \/>\n<meta property=\"og:image\" content=\"https:\/\/nge.vn\/wp-content\/uploads\/2025\/08\/sg-11134201-7rdw1-md2m140jnb5o31_tn.jpeg\" \/>\n\t<meta property=\"og:image:width\" content=\"320\" \/>\n\t<meta property=\"og:image:height\" content=\"320\" \/>\n\t<meta property=\"og:image:type\" content=\"image\/jpeg\" \/>\n<meta name=\"twitter:card\" content=\"summary_large_image\" \/>\n<meta name=\"twitter:label1\" content=\"Est. reading time\" \/>\n\t<meta name=\"twitter:data1\" content=\"3 minutes\" \/>\n<script type=\"application\/ld+json\" class=\"yoast-schema-graph\">{\"@context\":\"https:\/\/schema.org\",\"@graph\":[{\"@type\":\"WebPage\",\"@id\":\"https:\/\/nge.vn\/san-pham\/tam-ban-pei-epoxy-resin-build-plate-cho-may-in-3d-creality-ender-5-max\/\",\"url\":\"https:\/\/nge.vn\/san-pham\/tam-ban-pei-epoxy-resin-build-plate-cho-may-in-3d-creality-ender-5-max\/\",\"name\":\"T\u1ea5m b\u00e0n PEI Epoxy Resin Build Plate cho m\u00e1y in 3d Creality Ender-5 Max - NGE 3D Printers Services\",\"isPartOf\":{\"@id\":\"https:\/\/nge.vn\/#website\"},\"primaryImageOfPage\":{\"@id\":\"https:\/\/nge.vn\/san-pham\/tam-ban-pei-epoxy-resin-build-plate-cho-may-in-3d-creality-ender-5-max\/#primaryimage\"},\"image\":{\"@id\":\"https:\/\/nge.vn\/san-pham\/tam-ban-pei-epoxy-resin-build-plate-cho-may-in-3d-creality-ender-5-max\/#primaryimage\"},\"thumbnailUrl\":\"https:\/\/nge.vn\/wp-content\/uploads\/2025\/08\/sg-11134201-7rdw1-md2m140jnb5o31_tn.jpeg\",\"datePublished\":\"2025-08-15T09:35:50+00:00\",\"dateModified\":\"2025-08-15T09:35:51+00:00\",\"description\":\"T\u1ea5m n\u1ec1n PEI Epoxy Resin cho Ender-5 Max \u2013 b\u00e1m d\u00ednh cao, ch\u1ed1ng cong v\u00eanh, \u0111\u1ed9 ph\u1eb3ng cao, th\u00e1o m\u00f4 h\u00ecnh d\u1ec5 d\u00e0ng. Ph\u00f9 h\u1ee3p nhi\u1ec1u lo\u1ea1i v\u1eadt li\u1ec7u in.\",\"breadcrumb\":{\"@id\":\"https:\/\/nge.vn\/san-pham\/tam-ban-pei-epoxy-resin-build-plate-cho-may-in-3d-creality-ender-5-max\/#breadcrumb\"},\"inLanguage\":\"en-US\",\"potentialAction\":[{\"@type\":\"ReadAction\",\"target\":[\"https:\/\/nge.vn\/san-pham\/tam-ban-pei-epoxy-resin-build-plate-cho-may-in-3d-creality-ender-5-max\/\"]}]},{\"@type\":\"ImageObject\",\"inLanguage\":\"en-US\",\"@id\":\"https:\/\/nge.vn\/san-pham\/tam-ban-pei-epoxy-resin-build-plate-cho-may-in-3d-creality-ender-5-max\/#primaryimage\",\"url\":\"https:\/\/nge.vn\/wp-content\/uploads\/2025\/08\/sg-11134201-7rdw1-md2m140jnb5o31_tn.jpeg\",\"contentUrl\":\"https:\/\/nge.vn\/wp-content\/uploads\/2025\/08\/sg-11134201-7rdw1-md2m140jnb5o31_tn.jpeg\",\"width\":320,\"height\":320},{\"@type\":\"BreadcrumbList\",\"@id\":\"https:\/\/nge.vn\/san-pham\/tam-ban-pei-epoxy-resin-build-plate-cho-may-in-3d-creality-ender-5-max\/#breadcrumb\",\"itemListElement\":[{\"@type\":\"ListItem\",\"position\":1,\"name\":\"Trang ch\u1ee7\",\"item\":\"https:\/\/nge.vn\/\"},{\"@type\":\"ListItem\",\"position\":2,\"name\":\"S\u1ea3n ph\u1ea9m\",\"item\":\"https:\/\/nge.vn\/san-pham\/\"},{\"@type\":\"ListItem\",\"position\":3,\"name\":\"T\u1ea5m b\u00e0n PEI Epoxy Resin Build Plate cho m\u00e1y in 3d Creality Ender-5 Max\"}]},{\"@type\":\"WebSite\",\"@id\":\"https:\/\/nge.vn\/#website\",\"url\":\"https:\/\/nge.vn\/\",\"name\":\"NGE 3D Printers Services\",\"description\":\"\",\"potentialAction\":[{\"@type\":\"SearchAction\",\"target\":{\"@type\":\"EntryPoint\",\"urlTemplate\":\"https:\/\/nge.vn\/?s={search_term_string}\"},\"query-input\":{\"@type\":\"PropertyValueSpecification\",\"valueRequired\":true,\"valueName\":\"search_term_string\"}}],\"inLanguage\":\"en-US\"}]}<\/script>\n<!-- \/ Yoast SEO Premium plugin. -->","yoast_head_json":{"title":"T\u1ea5m b\u00e0n PEI Epoxy Resin Build Plate cho m\u00e1y in 3d Creality Ender-5 Max - NGE 3D Printers Services","description":"T\u1ea5m n\u1ec1n PEI Epoxy Resin cho Ender-5 Max \u2013 b\u00e1m d\u00ednh cao, ch\u1ed1ng cong v\u00eanh, \u0111\u1ed9 ph\u1eb3ng cao, th\u00e1o m\u00f4 h\u00ecnh d\u1ec5 d\u00e0ng. Ph\u00f9 h\u1ee3p nhi\u1ec1u lo\u1ea1i v\u1eadt li\u1ec7u in.","robots":{"index":"index","follow":"follow","max-snippet":"max-snippet:-1","max-image-preview":"max-image-preview:large","max-video-preview":"max-video-preview:-1"},"canonical":"https:\/\/nge.vn\/en\/product\/tam-ban-pei-epoxy-resin-build-plate-cho-may-in-3d-creality-ender-5-max\/","og_locale":"en_US","og_type":"article","og_title":"T\u1ea5m b\u00e0n PEI Epoxy Resin Build Plate cho m\u00e1y in 3d Creality Ender-5 Max","og_description":"T\u1ea5m n\u1ec1n PEI Epoxy Resin cho Ender-5 Max \u2013 b\u00e1m d\u00ednh cao, ch\u1ed1ng cong v\u00eanh, \u0111\u1ed9 ph\u1eb3ng cao, th\u00e1o m\u00f4 h\u00ecnh d\u1ec5 d\u00e0ng. Ph\u00f9 h\u1ee3p nhi\u1ec1u lo\u1ea1i v\u1eadt li\u1ec7u in.","og_url":"https:\/\/nge.vn\/en\/product\/tam-ban-pei-epoxy-resin-build-plate-cho-may-in-3d-creality-ender-5-max\/","og_site_name":"NGE 3D Printers Services","article_modified_time":"2025-08-15T09:35:51+00:00","og_image":[{"width":320,"height":320,"url":"https:\/\/nge.vn\/wp-content\/uploads\/2025\/08\/sg-11134201-7rdw1-md2m140jnb5o31_tn.jpeg","type":"image\/jpeg"}],"twitter_card":"summary_large_image","twitter_misc":{"Est. reading time":"3 minutes"},"schema":{"@context":"https:\/\/schema.org","@graph":[{"@type":"WebPage","@id":"https:\/\/nge.vn\/san-pham\/tam-ban-pei-epoxy-resin-build-plate-cho-may-in-3d-creality-ender-5-max\/","url":"https:\/\/nge.vn\/san-pham\/tam-ban-pei-epoxy-resin-build-plate-cho-may-in-3d-creality-ender-5-max\/","name":"T\u1ea5m b\u00e0n PEI Epoxy Resin Build Plate cho m\u00e1y in 3d Creality Ender-5 Max - NGE 3D Printers Services","isPartOf":{"@id":"https:\/\/nge.vn\/#website"},"primaryImageOfPage":{"@id":"https:\/\/nge.vn\/san-pham\/tam-ban-pei-epoxy-resin-build-plate-cho-may-in-3d-creality-ender-5-max\/#primaryimage"},"image":{"@id":"https:\/\/nge.vn\/san-pham\/tam-ban-pei-epoxy-resin-build-plate-cho-may-in-3d-creality-ender-5-max\/#primaryimage"},"thumbnailUrl":"https:\/\/nge.vn\/wp-content\/uploads\/2025\/08\/sg-11134201-7rdw1-md2m140jnb5o31_tn.jpeg","datePublished":"2025-08-15T09:35:50+00:00","dateModified":"2025-08-15T09:35:51+00:00","description":"T\u1ea5m n\u1ec1n PEI Epoxy Resin cho Ender-5 Max \u2013 b\u00e1m d\u00ednh cao, ch\u1ed1ng cong v\u00eanh, \u0111\u1ed9 ph\u1eb3ng cao, th\u00e1o m\u00f4 h\u00ecnh d\u1ec5 d\u00e0ng. Ph\u00f9 h\u1ee3p nhi\u1ec1u lo\u1ea1i v\u1eadt li\u1ec7u in.","breadcrumb":{"@id":"https:\/\/nge.vn\/san-pham\/tam-ban-pei-epoxy-resin-build-plate-cho-may-in-3d-creality-ender-5-max\/#breadcrumb"},"inLanguage":"en-US","potentialAction":[{"@type":"ReadAction","target":["https:\/\/nge.vn\/san-pham\/tam-ban-pei-epoxy-resin-build-plate-cho-may-in-3d-creality-ender-5-max\/"]}]},{"@type":"ImageObject","inLanguage":"en-US","@id":"https:\/\/nge.vn\/san-pham\/tam-ban-pei-epoxy-resin-build-plate-cho-may-in-3d-creality-ender-5-max\/#primaryimage","url":"https:\/\/nge.vn\/wp-content\/uploads\/2025\/08\/sg-11134201-7rdw1-md2m140jnb5o31_tn.jpeg","contentUrl":"https:\/\/nge.vn\/wp-content\/uploads\/2025\/08\/sg-11134201-7rdw1-md2m140jnb5o31_tn.jpeg","width":320,"height":320},{"@type":"BreadcrumbList","@id":"https:\/\/nge.vn\/san-pham\/tam-ban-pei-epoxy-resin-build-plate-cho-may-in-3d-creality-ender-5-max\/#breadcrumb","itemListElement":[{"@type":"ListItem","position":1,"name":"Trang ch\u1ee7","item":"https:\/\/nge.vn\/"},{"@type":"ListItem","position":2,"name":"S\u1ea3n ph\u1ea9m","item":"https:\/\/nge.vn\/san-pham\/"},{"@type":"ListItem","position":3,"name":"T\u1ea5m b\u00e0n PEI Epoxy Resin Build Plate cho m\u00e1y in 3d Creality Ender-5 Max"}]},{"@type":"WebSite","@id":"https:\/\/nge.vn\/#website","url":"https:\/\/nge.vn\/","name":"NGE 3D Printers Services","description":"","potentialAction":[{"@type":"SearchAction","target":{"@type":"EntryPoint","urlTemplate":"https:\/\/nge.vn\/?s={search_term_string}"},"query-input":{"@type":"PropertyValueSpecification","valueRequired":true,"valueName":"search_term_string"}}],"inLanguage":"en-US"}]}},"_links":{"self":[{"href":"https:\/\/nge.vn\/en\/wp-json\/wp\/v2\/product\/6341","targetHints":{"allow":["GET"]}}],"collection":[{"href":"https:\/\/nge.vn\/en\/wp-json\/wp\/v2\/product"}],"about":[{"href":"https:\/\/nge.vn\/en\/wp-json\/wp\/v2\/types\/product"}],"replies":[{"embeddable":true,"href":"https:\/\/nge.vn\/en\/wp-json\/wp\/v2\/comments?post=6341"}],"wp:featuredmedia":[{"embeddable":true,"href":"https:\/\/nge.vn\/en\/wp-json\/wp\/v2\/media\/6344"}],"wp:attachment":[{"href":"https:\/\/nge.vn\/en\/wp-json\/wp\/v2\/media?parent=6341"}],"wp:term":[{"taxonomy":"product_brand","embeddable":true,"href":"https:\/\/nge.vn\/en\/wp-json\/wp\/v2\/product_brand?post=6341"},{"taxonomy":"product_cat","embeddable":true,"href":"https:\/\/nge.vn\/en\/wp-json\/wp\/v2\/product_cat?post=6341"},{"taxonomy":"product_tag","embeddable":true,"href":"https:\/\/nge.vn\/en\/wp-json\/wp\/v2\/product_tag?post=6341"}],"curies":[{"name":"wp","href":"https:\/\/api.w.org\/{rel}","templated":true}]}}