{"id":6326,"date":"2025-08-05T19:21:49","date_gmt":"2025-08-05T12:21:49","guid":{"rendered":"https:\/\/nge.vn\/?post_type=product&#038;p=6326"},"modified":"2025-08-05T19:21:50","modified_gmt":"2025-08-05T12:21:50","slug":"xy-axis-synchronous-belt-kit-day-dai-truc-xy-cua-may-in-3d-creality-ender-3-s1-pro","status":"publish","type":"product","link":"https:\/\/nge.vn\/en\/product\/xy-axis-synchronous-belt-kit-day-dai-truc-xy-cua-may-in-3d-creality-ender-3-s1-pro\/","title":{"rendered":"X,Y axis Synchronous Belt Kit d\u00e2y \u0111ai tr\u1ee5c X,Y c\u1ee7a m\u00e1y in 3d Creality Ender 3 S1\/ Pro"},"content":{"rendered":"<h2 data-start=\"269\" data-end=\"347\">\ud83d\udd27 <strong data-start=\"275\" data-end=\"347\">B\u1ed9 d\u00e2y \u0111ai \u0111\u1ed3ng b\u1ed9 tr\u1ee5c X\/Y \u2013 Creality X,Y Axis Synchronous Belt Kit<\/strong><\/h2>\n<p data-start=\"349\" data-end=\"629\">Ph\u1ee5 ki\u1ec7n <strong data-start=\"358\" data-end=\"381\">ch\u00ednh h\u00e3ng Creality<\/strong>, thi\u1ebft k\u1ebf chuy\u00ean bi\u1ec7t cho d\u00f2ng m\u00e1y in 3D nh\u01b0 <strong data-start=\"427\" data-end=\"475\">Ender 3, Ender 3 V2, Ender 3 S1\/Pro, CR-6 SE<\/strong>&#8230; B\u1ed9 d\u00e2y \u0111ai \u0111\u1ed3ng b\u1ed9 tr\u1ee5c X\/Y \u0111\u1ea3m b\u1ea3o <strong data-start=\"515\" data-end=\"540\">truy\u1ec1n \u0111\u1ed9ng ch\u00ednh x\u00e1c<\/strong>, <strong data-start=\"542\" data-end=\"563\">ho\u1ea1t \u0111\u1ed9ng \u1ed5n \u0111\u1ecbnh<\/strong>, <strong data-start=\"565\" data-end=\"582\">ti\u1ebfng \u1ed3n th\u1ea5p<\/strong>, gi\u00fap m\u00e1y in ho\u1ea1t \u0111\u1ed9ng hi\u1ec7u qu\u1ea3 v\u00e0 b\u1ec1n b\u1ec9 h\u01a1n.<\/p>\n<hr data-start=\"631\" data-end=\"634\" \/>\n<h3 data-start=\"636\" data-end=\"664\">\ud83c\udf1f <strong data-start=\"643\" data-end=\"664\">T\u00ednh n\u0103ng n\u1ed5i b\u1eadt<\/strong><\/h3>\n<h4 data-start=\"666\" data-end=\"710\">\u2705 <strong data-start=\"673\" data-end=\"710\">Ho\u1ea1t \u0111\u1ed9ng \u1ed5n \u0111\u1ecbnh \u2013 ti\u1ebfng \u1ed3n th\u1ea5p<\/strong><\/h4>\n<ul data-start=\"711\" data-end=\"827\">\n<li data-start=\"711\" data-end=\"743\">\n<p data-start=\"713\" data-end=\"743\">T\u1ed1i \u01b0u cho v\u1eadn h\u00e0nh t\u1ed1c \u0111\u1ed9 cao<\/p>\n<\/li>\n<li data-start=\"744\" data-end=\"792\">\n<p data-start=\"746\" data-end=\"792\">Thi\u1ebft k\u1ebf h\u1ea5p th\u1ee5 s\u1ed1c v\u00e0 gi\u1ea3m ti\u1ebfng \u1ed3n hi\u1ec7u qu\u1ea3<\/p>\n<\/li>\n<li data-start=\"793\" data-end=\"827\">\n<p data-start=\"795\" data-end=\"827\">C\u1ea3m gi\u00e1c v\u1eadn h\u00e0nh \u00eam \u00e1i, m\u01b0\u1ee3t m\u00e0<\/p>\n<\/li>\n<\/ul>\n<h4 data-start=\"829\" data-end=\"865\">\u2705 <strong data-start=\"836\" data-end=\"865\">Truy\u1ec1n \u0111\u1ed9ng ch\u00ednh x\u00e1c cao<\/strong><\/h4>\n<ul data-start=\"866\" data-end=\"995\">\n<li data-start=\"866\" data-end=\"904\">\n<p data-start=\"868\" data-end=\"904\">B\u00e1nh r\u0103ng \u0111\u1ed3ng b\u1ed9 kh\u1edbp n\u1ed1i li\u1ec1n m\u1ea1ch<\/p>\n<\/li>\n<li data-start=\"905\" data-end=\"953\">\n<p data-start=\"907\" data-end=\"953\">Dung sai \u0111\u1ed9 d\u00e0y d\u00e2y \u0111ai c\u1ef1c th\u1ea5p <strong data-start=\"940\" data-end=\"953\">(&lt;0.01mm)<\/strong><\/p>\n<\/li>\n<li data-start=\"954\" data-end=\"995\">\n<p data-start=\"956\" data-end=\"995\">H\u1ed7 tr\u1ee3 in \u1ea5n m\u01b0\u1ee3t m\u00e0, kh\u00f4ng b\u1ecb l\u1ec7ch l\u1edbp<\/p>\n<\/li>\n<\/ul>\n<h4 data-start=\"997\" data-end=\"1024\">\u2705 <strong data-start=\"1004\" data-end=\"1024\">\u0110\u1ed9 b\u1ec1n v\u01b0\u1ee3t tr\u1ed9i<\/strong><\/h4>\n<ul data-start=\"1025\" data-end=\"1155\">\n<li data-start=\"1025\" data-end=\"1059\">\n<p data-start=\"1027\" data-end=\"1059\">Ch\u1ea5t li\u1ec7u cao c\u1ea5p, ch\u1ed1ng m\u00e0i m\u00f2n<\/p>\n<\/li>\n<li data-start=\"1060\" data-end=\"1105\">\n<p data-start=\"1062\" data-end=\"1105\">S\u1ea3n xu\u1ea5t tinh g\u1ecdn, \u0111\u1ea3m b\u1ea3o tu\u1ed5i th\u1ecd d\u00e0i l\u00e2u<\/p>\n<\/li>\n<li data-start=\"1106\" data-end=\"1155\">\n<p data-start=\"1108\" data-end=\"1155\">Gi\u1eef \u0111\u1ed9 c\u0103ng \u1ed5n \u0111\u1ecbnh trong qu\u00e1 tr\u00ecnh in li\u00ean t\u1ee5c<\/p>\n<\/li>\n<\/ul>\n<hr data-start=\"1157\" data-end=\"1160\" \/>\n<h3 data-start=\"1162\" data-end=\"1190\">\ud83d\udce6 <strong data-start=\"1169\" data-end=\"1190\">Th\u00f4ng s\u1ed1 k\u1ef9 thu\u1eadt<\/strong><\/h3>\n<div class=\"_tableContainer_16hzy_1\">\n<div class=\"_tableWrapper_16hzy_14 group flex w-fit flex-col-reverse\" tabindex=\"-1\">\n<table class=\"w-fit min-w-(--thread-content-width)\" style=\"height: 354px;\" width=\"490\" data-start=\"1192\" data-end=\"2367\">\n<thead data-start=\"1192\" data-end=\"1299\">\n<tr data-start=\"1192\" data-end=\"1299\">\n<th data-start=\"1192\" data-end=\"1223\" data-col-size=\"sm\">Th\u00f4ng tin<\/th>\n<th data-start=\"1223\" data-end=\"1299\" data-col-size=\"md\">Chi ti\u1ebft<\/th>\n<\/tr>\n<\/thead>\n<tbody data-start=\"1407\" data-end=\"2367\">\n<tr data-start=\"1407\" data-end=\"1513\">\n<td data-start=\"1407\" data-end=\"1437\" data-col-size=\"sm\"><strong data-start=\"1409\" data-end=\"1424\">Th\u01b0\u01a1ng hi\u1ec7u<\/strong><\/td>\n<td data-start=\"1437\" data-end=\"1513\" data-col-size=\"md\">Creality<\/td>\n<\/tr>\n<tr data-start=\"1514\" data-end=\"1619\">\n<td data-start=\"1514\" data-end=\"1544\" data-col-size=\"sm\"><strong data-start=\"1516\" data-end=\"1532\">T\u00ean s\u1ea3n ph\u1ea9m<\/strong><\/td>\n<td data-start=\"1544\" data-end=\"1619\" data-col-size=\"md\">X\/Y Axis Synchronous Timing Belt Kit<\/td>\n<\/tr>\n<tr data-start=\"1620\" data-end=\"1725\">\n<td data-start=\"1620\" data-end=\"1650\" data-col-size=\"sm\"><strong data-start=\"1622\" data-end=\"1630\">Lo\u1ea1i<\/strong><\/td>\n<td data-start=\"1650\" data-end=\"1725\" data-col-size=\"md\">D\u00e2y \u0111ai \u0111\u1ed3ng b\u1ed9 tr\u1ee5c X, tr\u1ee5c Y<\/td>\n<\/tr>\n<tr data-start=\"1726\" data-end=\"1832\">\n<td data-start=\"1726\" data-end=\"1756\" data-col-size=\"sm\"><strong data-start=\"1728\" data-end=\"1738\">Tr\u1ee5c X<\/strong><\/td>\n<td data-start=\"1756\" data-end=\"1832\" data-col-size=\"md\">D\u00e0i <strong data-start=\"1762\" data-end=\"1771\">826mm<\/strong> \u2013 D\u00f9ng cho <strong data-start=\"1783\" data-end=\"1806\">Ender 3 S1 \/ S1 Pro<\/strong><\/td>\n<\/tr>\n<tr data-start=\"1833\" data-end=\"1939\">\n<td data-start=\"1833\" data-end=\"1863\" data-col-size=\"sm\"><strong data-start=\"1835\" data-end=\"1845\">Tr\u1ee5c Y<\/strong><\/td>\n<td data-start=\"1863\" data-end=\"1939\" data-col-size=\"md\">D\u00e0i <strong data-start=\"1869\" data-end=\"1878\">762mm<\/strong> \u2013 D\u00f9ng cho <strong data-start=\"1890\" data-end=\"1913\">Ender 3 S1 \/ S1 Pro<\/strong><\/td>\n<\/tr>\n<tr data-start=\"1940\" data-end=\"2046\">\n<td data-start=\"1940\" data-end=\"1970\" data-col-size=\"sm\"><\/td>\n<td data-start=\"1970\" data-end=\"2046\" data-col-size=\"md\"><\/td>\n<\/tr>\n<tr data-start=\"2047\" data-end=\"2153\">\n<td data-start=\"2047\" data-end=\"2077\" data-col-size=\"sm\"><strong data-start=\"2049\" data-end=\"2074\">Kh\u1ed1i l\u01b0\u1ee3ng t\u1ecbnh (N.W)<\/strong><\/td>\n<td data-start=\"2077\" data-end=\"2153\" data-col-size=\"md\">9g<\/td>\n<\/tr>\n<tr data-start=\"2154\" data-end=\"2260\">\n<td data-start=\"2154\" data-end=\"2184\" data-col-size=\"sm\"><strong data-start=\"2156\" data-end=\"2181\">Kh\u1ed1i l\u01b0\u1ee3ng t\u1ed5ng (G.W)<\/strong><\/td>\n<td data-start=\"2184\" data-end=\"2260\" data-col-size=\"md\">12g<\/td>\n<\/tr>\n<tr data-start=\"2261\" data-end=\"2367\">\n<td data-start=\"2261\" data-end=\"2291\" data-col-size=\"sm\"><strong data-start=\"2263\" data-end=\"2286\">K\u00edch th\u01b0\u1edbc \u0111\u00f3ng g\u00f3i<\/strong><\/td>\n<td data-start=\"2291\" data-end=\"2367\" data-col-size=\"md\">140 \u00d7 80 mm<\/td>\n<\/tr>\n<\/tbody>\n<\/table>\n<div class=\"sticky end-(--thread-content-margin) h-0 self-end select-none\">\n<div class=\"absolute end-0 flex items-end\"><\/div>\n<\/div>\n<\/div>\n<\/div>\n<hr data-start=\"2369\" data-end=\"2372\" \/>\n<h3 data-start=\"2374\" data-end=\"2411\">\ud83d\udee0\ufe0f <strong data-start=\"2382\" data-end=\"2411\">Ph\u00f9 h\u1ee3p v\u1edbi c\u00e1c d\u00f2ng m\u00e1y:<\/strong><\/h3>\n<ul data-start=\"2412\" data-end=\"2480\">\n<li data-start=\"2412\" data-end=\"2436\">\n<p data-start=\"2414\" data-end=\"2436\">Ender 3 \/ Ender 3 V2<\/p>\n<\/li>\n<li data-start=\"2437\" data-end=\"2468\">\n<p data-start=\"2439\" data-end=\"2468\">Ender 3 S1 \/ Ender 3 S1 Pro<\/p>\n<\/li>\n<li data-start=\"2469\" data-end=\"2480\">\n<p data-start=\"2471\" data-end=\"2480\">CR-6 SE<\/p>\n<\/li>\n<\/ul>\n<blockquote data-start=\"2481\" data-end=\"2565\">\n<p data-start=\"2483\" data-end=\"2565\"><strong data-start=\"2483\" data-end=\"2493\">L\u01b0u \u00fd:<\/strong> \u0110\u1ed9 d\u00e0i d\u00e2y kh\u00e1c nhau t\u00f9y d\u00f2ng m\u00e1y \u2013 vui l\u00f2ng ki\u1ec3m tra k\u1ef9 tr\u01b0\u1edbc khi mua.<\/p>\n<\/blockquote>\n<hr data-start=\"2567\" data-end=\"2570\" \/>\n<h3 data-start=\"2572\" data-end=\"2599\">\u26a0\ufe0f <strong data-start=\"2579\" data-end=\"2599\">L\u01b0u \u00fd quan tr\u1ecdng<\/strong><\/h3>\n<ul data-start=\"2600\" data-end=\"2747\">\n<li data-start=\"2600\" data-end=\"2688\">\n<p data-start=\"2602\" data-end=\"2688\">Bao b\u00ec s\u1ea3n ph\u1ea9m c\u00f3 th\u1ec3 thay \u0111\u1ed5i theo l\u00f4 h\u00e0ng, h\u00ecnh \u1ea3nh ch\u1ec9 mang t\u00ednh ch\u1ea5t tham kh\u1ea3o.<\/p>\n<\/li>\n<li data-start=\"2689\" data-end=\"2747\">\n<p data-start=\"2691\" data-end=\"2747\">\u0110\u1ea3m b\u1ea3o l\u1ef1a ch\u1ecdn \u0111\u00fang \u0111\u1ed9 d\u00e0i ph\u00f9 h\u1ee3p v\u1edbi m\u00e1y in c\u1ee7a b\u1ea1n.<\/p>\n<\/li>\n<\/ul>\n<p>&nbsp;<\/p>\n<p>&nbsp;<\/p>\n<p>-\u0110\u00e2y l\u00e0 c\u00e1c trang b\u00e1n h\u00e0ng b\u00ean m\u00ecnh NGE 3D Printer Services chuy\u00ean cung c\u1ea5p Nh\u1ef1a in 3D v\u00e0 M\u00e1y in 3D c\u1ee7a H\u00e3ng ESUN, Flsun, BIQU, Creality, eMake3d&#8230;<br \/>\n\ud83d\uded2Shopee =&gt; https:\/\/shopee.vn\/nge3dprinter<br \/>\n\ud83d\uded2Shopee =&gt; https:\/\/shopee.vn\/nge3dservices<br \/>\n\ud83d\uded2Shopee Voron v\u00e0 eMake3D =&gt; https:\/\/shopee.vn\/3dmasterpower<br \/>\n\ud83d\uded2Shopee eMake3D =&gt; https:\/\/shopee.vn\/nge3dprinting<br \/>\n\ud83d\uded2Lazada =&gt; https:\/\/www.lazada.vn\/shop\/nge-3d-printer<br \/>\n\ud83d\uded2Lazada =&gt; https:\/\/www.lazada.vn\/shop\/nge-3d-printer-services<br \/>\n\ud83d\uded2Lazada =&gt; https:\/\/www.lazada.vn\/shop\/emake3d-vn<br \/>\n\ud83d\uded2Webslite Th\u1ebf H\u1ec7 K\u1ebf Ti\u1ebfp =&gt;https:\/\/www.theheketiep.com\/<br \/>\n\ud83d\uded2Webslite NGE.VN =&gt;https:\/\/www.nge.vn\/<br \/>\nHo\u1eb7c b\u1ea1n g\u1ecdi 094.144.0951 g\u1eb7p m\u00ecnh<br \/>\nHo\u1eb7c 0913939775 g\u1eb7p anh Qu\u00e2n<br \/>\n** Price does not include VAT (+8 or 10% if VAT invoice is issued)<\/p>","protected":false},"excerpt":{"rendered":"<p data-start=\"3087\" data-end=\"3277\">B\u1ed9 d\u00e2y \u0111ai \u0111\u1ed3ng b\u1ed9 tr\u1ee5c X\/Y Creality \u2013 d\u00f9ng cho m\u00e1y in 3D Ender 3\/S1\/V2\/CR-6 SE. Truy\u1ec1n \u0111\u1ed9ng ch\u00ednh x\u00e1c, \u0111\u1ed9 b\u1ec1n cao, ti\u1ebfng \u1ed3n th\u1ea5p. H\u1ed7 tr\u1ee3 nhi\u1ec1u d\u00f2ng m\u00e1y Creality. Ch\u00ednh h\u00e3ng. Ch\u1ea5t l\u01b0\u1ee3ng cao.<\/p>","protected":false},"featured_media":6333,"comment_status":"open","ping_status":"closed","template":"","meta":{"inline_featured_image":false},"product_brand":[],"product_cat":[40,56,459],"product_tag":[837,495,663],"class_list":{"0":"post-6326","1":"product","2":"type-product","3":"status-publish","4":"has-post-thumbnail","6":"product_cat-linh-kien-va-phu-kien","7":"product_cat-linh-phu-kien-may-in-3d-creality","8":"product_cat-quat-va-day-belt-truc","9":"product_tag-belt","10":"product_tag-creality","11":"product_tag-nge3d","13":"first","14":"instock","15":"taxable","16":"shipping-taxable","17":"purchasable","18":"product-type-variable"},"yoast_head":"<!-- This site is optimized with the Yoast SEO Premium plugin v22.8 (Yoast SEO v26.9) - https:\/\/yoast.com\/product\/yoast-seo-premium-wordpress\/ -->\n<title>X,Y axis Synchronous Belt Kit d\u00e2y \u0111ai tr\u1ee5c X,Y c\u1ee7a m\u00e1y in 3d Creality Ender 3 S1\/ Pro - NGE 3D Printers Services<\/title>\n<meta name=\"description\" content=\"B\u1ed9 d\u00e2y \u0111ai \u0111\u1ed3ng b\u1ed9 tr\u1ee5c X\/Y Creality \u2013 d\u00f9ng cho m\u00e1y in 3D Ender 3\/S1\/V2\/CR-6 SE. Truy\u1ec1n \u0111\u1ed9ng ch\u00ednh x\u00e1c, \u0111\u1ed9 b\u1ec1n cao, ti\u1ebfng \u1ed3n th\u1ea5p.\" \/>\n<meta name=\"robots\" content=\"index, follow, max-snippet:-1, max-image-preview:large, max-video-preview:-1\" \/>\n<link rel=\"canonical\" href=\"https:\/\/nge.vn\/en\/product\/xy-axis-synchronous-belt-kit-day-dai-truc-xy-cua-may-in-3d-creality-ender-3-s1-pro\/\" \/>\n<meta property=\"og:locale\" content=\"en_US\" \/>\n<meta property=\"og:type\" content=\"article\" \/>\n<meta property=\"og:title\" content=\"X,Y axis Synchronous Belt Kit d\u00e2y \u0111ai tr\u1ee5c X,Y c\u1ee7a m\u00e1y in 3d Creality Ender 3 S1\/ Pro\" \/>\n<meta property=\"og:description\" content=\"B\u1ed9 d\u00e2y \u0111ai \u0111\u1ed3ng b\u1ed9 tr\u1ee5c X\/Y Creality \u2013 d\u00f9ng cho m\u00e1y in 3D Ender 3\/S1\/V2\/CR-6 SE. Truy\u1ec1n \u0111\u1ed9ng ch\u00ednh x\u00e1c, \u0111\u1ed9 b\u1ec1n cao, ti\u1ebfng \u1ed3n th\u1ea5p.\" \/>\n<meta property=\"og:url\" content=\"https:\/\/nge.vn\/en\/product\/xy-axis-synchronous-belt-kit-day-dai-truc-xy-cua-may-in-3d-creality-ender-3-s1-pro\/\" \/>\n<meta property=\"og:site_name\" content=\"NGE 3D Printers Services\" \/>\n<meta property=\"article:modified_time\" content=\"2025-08-05T12:21:50+00:00\" \/>\n<meta property=\"og:image\" content=\"https:\/\/nge.vn\/wp-content\/uploads\/2025\/08\/vn-11134207-7ras8-m4llrnd51xvz98_tn.jpeg\" \/>\n\t<meta property=\"og:image:width\" content=\"320\" \/>\n\t<meta property=\"og:image:height\" content=\"320\" \/>\n\t<meta property=\"og:image:type\" content=\"image\/jpeg\" \/>\n<meta name=\"twitter:card\" content=\"summary_large_image\" \/>\n<meta name=\"twitter:label1\" content=\"Est. reading time\" \/>\n\t<meta name=\"twitter:data1\" content=\"3 minutes\" \/>\n<script type=\"application\/ld+json\" class=\"yoast-schema-graph\">{\"@context\":\"https:\/\/schema.org\",\"@graph\":[{\"@type\":\"WebPage\",\"@id\":\"https:\/\/nge.vn\/san-pham\/xy-axis-synchronous-belt-kit-day-dai-truc-xy-cua-may-in-3d-creality-ender-3-s1-pro\/\",\"url\":\"https:\/\/nge.vn\/san-pham\/xy-axis-synchronous-belt-kit-day-dai-truc-xy-cua-may-in-3d-creality-ender-3-s1-pro\/\",\"name\":\"X,Y axis Synchronous Belt Kit d\u00e2y \u0111ai tr\u1ee5c X,Y c\u1ee7a m\u00e1y in 3d Creality Ender 3 S1\/ Pro - NGE 3D Printers Services\",\"isPartOf\":{\"@id\":\"https:\/\/nge.vn\/#website\"},\"primaryImageOfPage\":{\"@id\":\"https:\/\/nge.vn\/san-pham\/xy-axis-synchronous-belt-kit-day-dai-truc-xy-cua-may-in-3d-creality-ender-3-s1-pro\/#primaryimage\"},\"image\":{\"@id\":\"https:\/\/nge.vn\/san-pham\/xy-axis-synchronous-belt-kit-day-dai-truc-xy-cua-may-in-3d-creality-ender-3-s1-pro\/#primaryimage\"},\"thumbnailUrl\":\"https:\/\/nge.vn\/wp-content\/uploads\/2025\/08\/vn-11134207-7ras8-m4llrnd51xvz98_tn.jpeg\",\"datePublished\":\"2025-08-05T12:21:49+00:00\",\"dateModified\":\"2025-08-05T12:21:50+00:00\",\"description\":\"B\u1ed9 d\u00e2y \u0111ai \u0111\u1ed3ng b\u1ed9 tr\u1ee5c X\/Y Creality \u2013 d\u00f9ng cho m\u00e1y in 3D Ender 3\/S1\/V2\/CR-6 SE. Truy\u1ec1n \u0111\u1ed9ng ch\u00ednh x\u00e1c, \u0111\u1ed9 b\u1ec1n cao, ti\u1ebfng \u1ed3n th\u1ea5p.\",\"breadcrumb\":{\"@id\":\"https:\/\/nge.vn\/san-pham\/xy-axis-synchronous-belt-kit-day-dai-truc-xy-cua-may-in-3d-creality-ender-3-s1-pro\/#breadcrumb\"},\"inLanguage\":\"en-US\",\"potentialAction\":[{\"@type\":\"ReadAction\",\"target\":[\"https:\/\/nge.vn\/san-pham\/xy-axis-synchronous-belt-kit-day-dai-truc-xy-cua-may-in-3d-creality-ender-3-s1-pro\/\"]}]},{\"@type\":\"ImageObject\",\"inLanguage\":\"en-US\",\"@id\":\"https:\/\/nge.vn\/san-pham\/xy-axis-synchronous-belt-kit-day-dai-truc-xy-cua-may-in-3d-creality-ender-3-s1-pro\/#primaryimage\",\"url\":\"https:\/\/nge.vn\/wp-content\/uploads\/2025\/08\/vn-11134207-7ras8-m4llrnd51xvz98_tn.jpeg\",\"contentUrl\":\"https:\/\/nge.vn\/wp-content\/uploads\/2025\/08\/vn-11134207-7ras8-m4llrnd51xvz98_tn.jpeg\",\"width\":320,\"height\":320},{\"@type\":\"BreadcrumbList\",\"@id\":\"https:\/\/nge.vn\/san-pham\/xy-axis-synchronous-belt-kit-day-dai-truc-xy-cua-may-in-3d-creality-ender-3-s1-pro\/#breadcrumb\",\"itemListElement\":[{\"@type\":\"ListItem\",\"position\":1,\"name\":\"Trang ch\u1ee7\",\"item\":\"https:\/\/nge.vn\/\"},{\"@type\":\"ListItem\",\"position\":2,\"name\":\"S\u1ea3n ph\u1ea9m\",\"item\":\"https:\/\/nge.vn\/san-pham\/\"},{\"@type\":\"ListItem\",\"position\":3,\"name\":\"X,Y axis Synchronous Belt Kit d\u00e2y \u0111ai tr\u1ee5c X,Y c\u1ee7a m\u00e1y in 3d Creality Ender 3 S1\/ Pro\"}]},{\"@type\":\"WebSite\",\"@id\":\"https:\/\/nge.vn\/#website\",\"url\":\"https:\/\/nge.vn\/\",\"name\":\"NGE 3D Printers Services\",\"description\":\"\",\"potentialAction\":[{\"@type\":\"SearchAction\",\"target\":{\"@type\":\"EntryPoint\",\"urlTemplate\":\"https:\/\/nge.vn\/?s={search_term_string}\"},\"query-input\":{\"@type\":\"PropertyValueSpecification\",\"valueRequired\":true,\"valueName\":\"search_term_string\"}}],\"inLanguage\":\"en-US\"}]}<\/script>\n<!-- \/ Yoast SEO Premium plugin. -->","yoast_head_json":{"title":"X,Y axis Synchronous Belt Kit d\u00e2y \u0111ai tr\u1ee5c X,Y c\u1ee7a m\u00e1y in 3d Creality Ender 3 S1\/ Pro - NGE 3D Printers Services","description":"B\u1ed9 d\u00e2y \u0111ai \u0111\u1ed3ng b\u1ed9 tr\u1ee5c X\/Y Creality \u2013 d\u00f9ng cho m\u00e1y in 3D Ender 3\/S1\/V2\/CR-6 SE. Truy\u1ec1n \u0111\u1ed9ng ch\u00ednh x\u00e1c, \u0111\u1ed9 b\u1ec1n cao, ti\u1ebfng \u1ed3n th\u1ea5p.","robots":{"index":"index","follow":"follow","max-snippet":"max-snippet:-1","max-image-preview":"max-image-preview:large","max-video-preview":"max-video-preview:-1"},"canonical":"https:\/\/nge.vn\/en\/product\/xy-axis-synchronous-belt-kit-day-dai-truc-xy-cua-may-in-3d-creality-ender-3-s1-pro\/","og_locale":"en_US","og_type":"article","og_title":"X,Y axis Synchronous Belt Kit d\u00e2y \u0111ai tr\u1ee5c X,Y c\u1ee7a m\u00e1y in 3d Creality Ender 3 S1\/ Pro","og_description":"B\u1ed9 d\u00e2y \u0111ai \u0111\u1ed3ng b\u1ed9 tr\u1ee5c X\/Y Creality \u2013 d\u00f9ng cho m\u00e1y in 3D Ender 3\/S1\/V2\/CR-6 SE. Truy\u1ec1n \u0111\u1ed9ng ch\u00ednh x\u00e1c, \u0111\u1ed9 b\u1ec1n cao, ti\u1ebfng \u1ed3n th\u1ea5p.","og_url":"https:\/\/nge.vn\/en\/product\/xy-axis-synchronous-belt-kit-day-dai-truc-xy-cua-may-in-3d-creality-ender-3-s1-pro\/","og_site_name":"NGE 3D Printers Services","article_modified_time":"2025-08-05T12:21:50+00:00","og_image":[{"width":320,"height":320,"url":"https:\/\/nge.vn\/wp-content\/uploads\/2025\/08\/vn-11134207-7ras8-m4llrnd51xvz98_tn.jpeg","type":"image\/jpeg"}],"twitter_card":"summary_large_image","twitter_misc":{"Est. reading time":"3 minutes"},"schema":{"@context":"https:\/\/schema.org","@graph":[{"@type":"WebPage","@id":"https:\/\/nge.vn\/san-pham\/xy-axis-synchronous-belt-kit-day-dai-truc-xy-cua-may-in-3d-creality-ender-3-s1-pro\/","url":"https:\/\/nge.vn\/san-pham\/xy-axis-synchronous-belt-kit-day-dai-truc-xy-cua-may-in-3d-creality-ender-3-s1-pro\/","name":"X,Y axis Synchronous Belt Kit d\u00e2y \u0111ai tr\u1ee5c X,Y c\u1ee7a m\u00e1y in 3d Creality Ender 3 S1\/ Pro - NGE 3D Printers Services","isPartOf":{"@id":"https:\/\/nge.vn\/#website"},"primaryImageOfPage":{"@id":"https:\/\/nge.vn\/san-pham\/xy-axis-synchronous-belt-kit-day-dai-truc-xy-cua-may-in-3d-creality-ender-3-s1-pro\/#primaryimage"},"image":{"@id":"https:\/\/nge.vn\/san-pham\/xy-axis-synchronous-belt-kit-day-dai-truc-xy-cua-may-in-3d-creality-ender-3-s1-pro\/#primaryimage"},"thumbnailUrl":"https:\/\/nge.vn\/wp-content\/uploads\/2025\/08\/vn-11134207-7ras8-m4llrnd51xvz98_tn.jpeg","datePublished":"2025-08-05T12:21:49+00:00","dateModified":"2025-08-05T12:21:50+00:00","description":"B\u1ed9 d\u00e2y \u0111ai \u0111\u1ed3ng b\u1ed9 tr\u1ee5c X\/Y Creality \u2013 d\u00f9ng cho m\u00e1y in 3D Ender 3\/S1\/V2\/CR-6 SE. Truy\u1ec1n \u0111\u1ed9ng ch\u00ednh x\u00e1c, \u0111\u1ed9 b\u1ec1n cao, ti\u1ebfng \u1ed3n th\u1ea5p.","breadcrumb":{"@id":"https:\/\/nge.vn\/san-pham\/xy-axis-synchronous-belt-kit-day-dai-truc-xy-cua-may-in-3d-creality-ender-3-s1-pro\/#breadcrumb"},"inLanguage":"en-US","potentialAction":[{"@type":"ReadAction","target":["https:\/\/nge.vn\/san-pham\/xy-axis-synchronous-belt-kit-day-dai-truc-xy-cua-may-in-3d-creality-ender-3-s1-pro\/"]}]},{"@type":"ImageObject","inLanguage":"en-US","@id":"https:\/\/nge.vn\/san-pham\/xy-axis-synchronous-belt-kit-day-dai-truc-xy-cua-may-in-3d-creality-ender-3-s1-pro\/#primaryimage","url":"https:\/\/nge.vn\/wp-content\/uploads\/2025\/08\/vn-11134207-7ras8-m4llrnd51xvz98_tn.jpeg","contentUrl":"https:\/\/nge.vn\/wp-content\/uploads\/2025\/08\/vn-11134207-7ras8-m4llrnd51xvz98_tn.jpeg","width":320,"height":320},{"@type":"BreadcrumbList","@id":"https:\/\/nge.vn\/san-pham\/xy-axis-synchronous-belt-kit-day-dai-truc-xy-cua-may-in-3d-creality-ender-3-s1-pro\/#breadcrumb","itemListElement":[{"@type":"ListItem","position":1,"name":"Trang ch\u1ee7","item":"https:\/\/nge.vn\/"},{"@type":"ListItem","position":2,"name":"S\u1ea3n ph\u1ea9m","item":"https:\/\/nge.vn\/san-pham\/"},{"@type":"ListItem","position":3,"name":"X,Y axis Synchronous Belt Kit d\u00e2y \u0111ai tr\u1ee5c X,Y c\u1ee7a m\u00e1y in 3d Creality Ender 3 S1\/ Pro"}]},{"@type":"WebSite","@id":"https:\/\/nge.vn\/#website","url":"https:\/\/nge.vn\/","name":"NGE 3D Printers Services","description":"","potentialAction":[{"@type":"SearchAction","target":{"@type":"EntryPoint","urlTemplate":"https:\/\/nge.vn\/?s={search_term_string}"},"query-input":{"@type":"PropertyValueSpecification","valueRequired":true,"valueName":"search_term_string"}}],"inLanguage":"en-US"}]}},"_links":{"self":[{"href":"https:\/\/nge.vn\/en\/wp-json\/wp\/v2\/product\/6326","targetHints":{"allow":["GET"]}}],"collection":[{"href":"https:\/\/nge.vn\/en\/wp-json\/wp\/v2\/product"}],"about":[{"href":"https:\/\/nge.vn\/en\/wp-json\/wp\/v2\/types\/product"}],"replies":[{"embeddable":true,"href":"https:\/\/nge.vn\/en\/wp-json\/wp\/v2\/comments?post=6326"}],"wp:featuredmedia":[{"embeddable":true,"href":"https:\/\/nge.vn\/en\/wp-json\/wp\/v2\/media\/6333"}],"wp:attachment":[{"href":"https:\/\/nge.vn\/en\/wp-json\/wp\/v2\/media?parent=6326"}],"wp:term":[{"taxonomy":"product_brand","embeddable":true,"href":"https:\/\/nge.vn\/en\/wp-json\/wp\/v2\/product_brand?post=6326"},{"taxonomy":"product_cat","embeddable":true,"href":"https:\/\/nge.vn\/en\/wp-json\/wp\/v2\/product_cat?post=6326"},{"taxonomy":"product_tag","embeddable":true,"href":"https:\/\/nge.vn\/en\/wp-json\/wp\/v2\/product_tag?post=6326"}],"curies":[{"name":"wp","href":"https:\/\/api.w.org\/{rel}","templated":true}]}}