{"id":632,"date":"2024-10-25T13:06:54","date_gmt":"2024-10-25T06:06:54","guid":{"rendered":"https:\/\/nge.123websitedev.com\/san-pham\/quat-lam-mat-4010-blower-cooling-fan-with-terminal-for-hotend\/"},"modified":"2024-10-29T17:19:30","modified_gmt":"2024-10-29T10:19:30","slug":"quat-lam-mat-4010-blower-cooling-fan-with-terminal-for-hotend","status":"publish","type":"product","link":"https:\/\/nge.vn\/en\/product\/quat-lam-mat-4010-blower-cooling-fan-with-terminal-for-hotend\/","title":{"rendered":"Qu\u1ea1t l\u00e0m m\u00e1t 4010 Blower Cooling Fan with Terminal for Hotend"},"content":{"rendered":"<p>Qu\u1ea1t l\u00e0m m\u00e1t vu\u00f4ng 4010 Blower Cooling Fan with Terminal for Hotend<br \/>\n+Brand\uff1aCreality<br \/>\n+Model\uff1a4010 Blower Cooling Fan<br \/>\n+Packaging\uff1aPVC Bag<br \/>\n+N.W\uff1a22g<br \/>\n+G.W\uff1a24g<br \/>\n+Package Size\uff1a190\u00d780mm<br \/>\n+Compatible Models: Applicable Models: Ender-3 V2 and all printer<br \/>\n**S\u1eed d\u1ee5ng cho Ender-3 V2 v\u00e0 t\u1ea5t c\u1ea3 c\u00e1c m\u00e1y in 3d c\u1ee7a Creality v\u00e0 FDM tr\u00ean th\u1ecb tr\u01b0\u1eddng<\/p>\n<p>_24V 0.1A 6800r\/min<br \/>\n_L\u1ef1c gi\u00f3 m\u1ea1nh v\u00e0 ti\u00eau th\u1ee5 \u0111i\u1ec7n n\u0103ng th\u1ea5p;<br \/>\n_H\u1ec7 th\u1ed1ng l\u00e0m m\u00e1t tuy\u1ec7t v\u1eddi;<br \/>\n_Nhi\u1ec1u c\u00e1nh qu\u1ea1t v\u1edbi thi\u1ebft k\u1ebf linh ho\u1ea1t<\/p>\n<p>**\u0110\u1ec3 \u0111\u01b0\u1ee3c nh\u1eadn h\u1ed9 tr\u1ee3 th\u00eam v\u1ec1 Gi\u00e1 v\u00e0 Th\u00f4ng tin c\u1ee7a s\u1ea3n ph\u1ea9m, vui l\u00f2ng li\u00ean h\u1ec7:<br \/>\n          0913.939.775 g\u1eb7p A. Qu\u00e2n (for English)<br \/>\n          094.144.0951 contact A.Quynh<br \/>\n**Selling price does not include VAT (+10% if VAT invoice is issued)<\/p>","protected":false},"excerpt":{"rendered":"<p>Qu\u1ea1t l\u00e0m m\u00e1t 4010 Blower Cooling Fan with Terminal for Hotend<\/p>","protected":false},"featured_media":628,"comment_status":"open","ping_status":"closed","template":"","meta":{"inline_featured_image":false},"product_brand":[],"product_cat":[40,459],"product_tag":[],"class_list":{"0":"post-632","1":"product","2":"type-product","3":"status-publish","4":"has-post-thumbnail","6":"product_cat-linh-kien-va-phu-kien","7":"product_cat-quat-va-day-belt-truc","9":"first","10":"instock","11":"taxable","12":"shipping-taxable","13":"purchasable","14":"product-type-simple"},"yoast_head":"<!-- This site is optimized with the Yoast SEO Premium plugin v22.8 (Yoast SEO v26.9) - https:\/\/yoast.com\/product\/yoast-seo-premium-wordpress\/ -->\n<title>Qu\u1ea1t l\u00e0m m\u00e1t 4010 Blower Cooling Fan with Terminal for Hotend - NGE 3D Printers Services<\/title>\n<meta name=\"robots\" content=\"index, follow, max-snippet:-1, max-image-preview:large, max-video-preview:-1\" \/>\n<link rel=\"canonical\" href=\"https:\/\/nge.vn\/en\/product\/quat-lam-mat-4010-blower-cooling-fan-with-terminal-for-hotend\/\" \/>\n<meta property=\"og:locale\" content=\"en_US\" \/>\n<meta property=\"og:type\" content=\"article\" \/>\n<meta property=\"og:title\" content=\"Qu\u1ea1t l\u00e0m m\u00e1t 4010 Blower Cooling Fan with Terminal for Hotend\" \/>\n<meta property=\"og:description\" content=\"Qu\u1ea1t l\u00e0m m\u00e1t 4010 Blower Cooling Fan with Terminal for Hotend\" \/>\n<meta property=\"og:url\" content=\"https:\/\/nge.vn\/en\/product\/quat-lam-mat-4010-blower-cooling-fan-with-terminal-for-hotend\/\" \/>\n<meta property=\"og:site_name\" content=\"NGE 3D Printers Services\" \/>\n<meta property=\"article:modified_time\" content=\"2024-10-29T10:19:30+00:00\" \/>\n<meta property=\"og:image\" content=\"https:\/\/nge.vn\/wp-content\/uploads\/2024\/10\/images-upload-woo2Ffb29a636994b6267ddbb7f86c16a7d09.jpg\" \/>\n\t<meta property=\"og:image:width\" content=\"714\" \/>\n\t<meta property=\"og:image:height\" content=\"714\" \/>\n\t<meta property=\"og:image:type\" content=\"image\/jpeg\" \/>\n<meta name=\"twitter:card\" content=\"summary_large_image\" \/>\n<meta name=\"twitter:label1\" content=\"Est. reading time\" \/>\n\t<meta name=\"twitter:data1\" content=\"1 minute\" \/>\n<script type=\"application\/ld+json\" class=\"yoast-schema-graph\">{\"@context\":\"https:\/\/schema.org\",\"@graph\":[{\"@type\":\"WebPage\",\"@id\":\"https:\/\/nge.vn\/san-pham\/quat-lam-mat-4010-blower-cooling-fan-with-terminal-for-hotend\/\",\"url\":\"https:\/\/nge.vn\/san-pham\/quat-lam-mat-4010-blower-cooling-fan-with-terminal-for-hotend\/\",\"name\":\"Qu\u1ea1t l\u00e0m m\u00e1t 4010 Blower Cooling Fan with Terminal for Hotend - NGE 3D Printers Services\",\"isPartOf\":{\"@id\":\"https:\/\/nge.vn\/#website\"},\"primaryImageOfPage\":{\"@id\":\"https:\/\/nge.vn\/san-pham\/quat-lam-mat-4010-blower-cooling-fan-with-terminal-for-hotend\/#primaryimage\"},\"image\":{\"@id\":\"https:\/\/nge.vn\/san-pham\/quat-lam-mat-4010-blower-cooling-fan-with-terminal-for-hotend\/#primaryimage\"},\"thumbnailUrl\":\"https:\/\/nge.vn\/wp-content\/uploads\/2024\/10\/images-upload-woo2Ffb29a636994b6267ddbb7f86c16a7d09.jpg\",\"datePublished\":\"2024-10-25T06:06:54+00:00\",\"dateModified\":\"2024-10-29T10:19:30+00:00\",\"breadcrumb\":{\"@id\":\"https:\/\/nge.vn\/san-pham\/quat-lam-mat-4010-blower-cooling-fan-with-terminal-for-hotend\/#breadcrumb\"},\"inLanguage\":\"en-US\",\"potentialAction\":[{\"@type\":\"ReadAction\",\"target\":[\"https:\/\/nge.vn\/san-pham\/quat-lam-mat-4010-blower-cooling-fan-with-terminal-for-hotend\/\"]}]},{\"@type\":\"ImageObject\",\"inLanguage\":\"en-US\",\"@id\":\"https:\/\/nge.vn\/san-pham\/quat-lam-mat-4010-blower-cooling-fan-with-terminal-for-hotend\/#primaryimage\",\"url\":\"https:\/\/nge.vn\/wp-content\/uploads\/2024\/10\/images-upload-woo2Ffb29a636994b6267ddbb7f86c16a7d09.jpg\",\"contentUrl\":\"https:\/\/nge.vn\/wp-content\/uploads\/2024\/10\/images-upload-woo2Ffb29a636994b6267ddbb7f86c16a7d09.jpg\",\"width\":714,\"height\":714},{\"@type\":\"BreadcrumbList\",\"@id\":\"https:\/\/nge.vn\/san-pham\/quat-lam-mat-4010-blower-cooling-fan-with-terminal-for-hotend\/#breadcrumb\",\"itemListElement\":[{\"@type\":\"ListItem\",\"position\":1,\"name\":\"Trang ch\u1ee7\",\"item\":\"https:\/\/nge.vn\/\"},{\"@type\":\"ListItem\",\"position\":2,\"name\":\"S\u1ea3n ph\u1ea9m\",\"item\":\"https:\/\/nge.vn\/san-pham\/\"},{\"@type\":\"ListItem\",\"position\":3,\"name\":\"Qu\u1ea1t l\u00e0m m\u00e1t 4010 Blower Cooling Fan with Terminal for Hotend\"}]},{\"@type\":\"WebSite\",\"@id\":\"https:\/\/nge.vn\/#website\",\"url\":\"https:\/\/nge.vn\/\",\"name\":\"NGE 3D Printers Services\",\"description\":\"\",\"potentialAction\":[{\"@type\":\"SearchAction\",\"target\":{\"@type\":\"EntryPoint\",\"urlTemplate\":\"https:\/\/nge.vn\/?s={search_term_string}\"},\"query-input\":{\"@type\":\"PropertyValueSpecification\",\"valueRequired\":true,\"valueName\":\"search_term_string\"}}],\"inLanguage\":\"en-US\"}]}<\/script>\n<!-- \/ Yoast SEO Premium plugin. -->","yoast_head_json":{"title":"Qu\u1ea1t l\u00e0m m\u00e1t 4010 Blower Cooling Fan with Terminal for Hotend - NGE 3D Printers Services","robots":{"index":"index","follow":"follow","max-snippet":"max-snippet:-1","max-image-preview":"max-image-preview:large","max-video-preview":"max-video-preview:-1"},"canonical":"https:\/\/nge.vn\/en\/product\/quat-lam-mat-4010-blower-cooling-fan-with-terminal-for-hotend\/","og_locale":"en_US","og_type":"article","og_title":"Qu\u1ea1t l\u00e0m m\u00e1t 4010 Blower Cooling Fan with Terminal for Hotend","og_description":"Qu\u1ea1t l\u00e0m m\u00e1t 4010 Blower Cooling Fan with Terminal for Hotend","og_url":"https:\/\/nge.vn\/en\/product\/quat-lam-mat-4010-blower-cooling-fan-with-terminal-for-hotend\/","og_site_name":"NGE 3D Printers Services","article_modified_time":"2024-10-29T10:19:30+00:00","og_image":[{"width":714,"height":714,"url":"https:\/\/nge.vn\/wp-content\/uploads\/2024\/10\/images-upload-woo2Ffb29a636994b6267ddbb7f86c16a7d09.jpg","type":"image\/jpeg"}],"twitter_card":"summary_large_image","twitter_misc":{"Est. reading time":"1 minute"},"schema":{"@context":"https:\/\/schema.org","@graph":[{"@type":"WebPage","@id":"https:\/\/nge.vn\/san-pham\/quat-lam-mat-4010-blower-cooling-fan-with-terminal-for-hotend\/","url":"https:\/\/nge.vn\/san-pham\/quat-lam-mat-4010-blower-cooling-fan-with-terminal-for-hotend\/","name":"Qu\u1ea1t l\u00e0m m\u00e1t 4010 Blower Cooling Fan with Terminal for Hotend - NGE 3D Printers Services","isPartOf":{"@id":"https:\/\/nge.vn\/#website"},"primaryImageOfPage":{"@id":"https:\/\/nge.vn\/san-pham\/quat-lam-mat-4010-blower-cooling-fan-with-terminal-for-hotend\/#primaryimage"},"image":{"@id":"https:\/\/nge.vn\/san-pham\/quat-lam-mat-4010-blower-cooling-fan-with-terminal-for-hotend\/#primaryimage"},"thumbnailUrl":"https:\/\/nge.vn\/wp-content\/uploads\/2024\/10\/images-upload-woo2Ffb29a636994b6267ddbb7f86c16a7d09.jpg","datePublished":"2024-10-25T06:06:54+00:00","dateModified":"2024-10-29T10:19:30+00:00","breadcrumb":{"@id":"https:\/\/nge.vn\/san-pham\/quat-lam-mat-4010-blower-cooling-fan-with-terminal-for-hotend\/#breadcrumb"},"inLanguage":"en-US","potentialAction":[{"@type":"ReadAction","target":["https:\/\/nge.vn\/san-pham\/quat-lam-mat-4010-blower-cooling-fan-with-terminal-for-hotend\/"]}]},{"@type":"ImageObject","inLanguage":"en-US","@id":"https:\/\/nge.vn\/san-pham\/quat-lam-mat-4010-blower-cooling-fan-with-terminal-for-hotend\/#primaryimage","url":"https:\/\/nge.vn\/wp-content\/uploads\/2024\/10\/images-upload-woo2Ffb29a636994b6267ddbb7f86c16a7d09.jpg","contentUrl":"https:\/\/nge.vn\/wp-content\/uploads\/2024\/10\/images-upload-woo2Ffb29a636994b6267ddbb7f86c16a7d09.jpg","width":714,"height":714},{"@type":"BreadcrumbList","@id":"https:\/\/nge.vn\/san-pham\/quat-lam-mat-4010-blower-cooling-fan-with-terminal-for-hotend\/#breadcrumb","itemListElement":[{"@type":"ListItem","position":1,"name":"Trang ch\u1ee7","item":"https:\/\/nge.vn\/"},{"@type":"ListItem","position":2,"name":"S\u1ea3n ph\u1ea9m","item":"https:\/\/nge.vn\/san-pham\/"},{"@type":"ListItem","position":3,"name":"Qu\u1ea1t l\u00e0m m\u00e1t 4010 Blower Cooling Fan with Terminal for Hotend"}]},{"@type":"WebSite","@id":"https:\/\/nge.vn\/#website","url":"https:\/\/nge.vn\/","name":"NGE 3D Printers Services","description":"","potentialAction":[{"@type":"SearchAction","target":{"@type":"EntryPoint","urlTemplate":"https:\/\/nge.vn\/?s={search_term_string}"},"query-input":{"@type":"PropertyValueSpecification","valueRequired":true,"valueName":"search_term_string"}}],"inLanguage":"en-US"}]}},"_links":{"self":[{"href":"https:\/\/nge.vn\/en\/wp-json\/wp\/v2\/product\/632","targetHints":{"allow":["GET"]}}],"collection":[{"href":"https:\/\/nge.vn\/en\/wp-json\/wp\/v2\/product"}],"about":[{"href":"https:\/\/nge.vn\/en\/wp-json\/wp\/v2\/types\/product"}],"replies":[{"embeddable":true,"href":"https:\/\/nge.vn\/en\/wp-json\/wp\/v2\/comments?post=632"}],"wp:featuredmedia":[{"embeddable":true,"href":"https:\/\/nge.vn\/en\/wp-json\/wp\/v2\/media\/628"}],"wp:attachment":[{"href":"https:\/\/nge.vn\/en\/wp-json\/wp\/v2\/media?parent=632"}],"wp:term":[{"taxonomy":"product_brand","embeddable":true,"href":"https:\/\/nge.vn\/en\/wp-json\/wp\/v2\/product_brand?post=632"},{"taxonomy":"product_cat","embeddable":true,"href":"https:\/\/nge.vn\/en\/wp-json\/wp\/v2\/product_cat?post=632"},{"taxonomy":"product_tag","embeddable":true,"href":"https:\/\/nge.vn\/en\/wp-json\/wp\/v2\/product_tag?post=632"}],"curies":[{"name":"wp","href":"https:\/\/api.w.org\/{rel}","templated":true}]}}