{"id":6316,"date":"2025-08-05T18:42:16","date_gmt":"2025-08-05T11:42:16","guid":{"rendered":"https:\/\/nge.vn\/?post_type=product&#038;p=6316"},"modified":"2025-08-05T18:42:17","modified_gmt":"2025-08-05T11:42:17","slug":"may-in-3d-creality-cr-10-smart-pro","status":"publish","type":"product","link":"https:\/\/nge.vn\/en\/product\/may-in-3d-creality-cr-10-smart-pro\/","title":{"rendered":"M\u00e1y in 3d Creality CR-10 Smart Pro"},"content":{"rendered":"<h2 data-start=\"193\" data-end=\"305\">\ud83d\ude80 <strong data-start=\"199\" data-end=\"305\">M\u00e1y in 3D Creality CR-10 Smart Pro \u2013 Kh\u1ed5 in l\u1edbn 30x30x40cm, k\u1ebft n\u1ed1i th\u00f4ng minh, \u0111\u1ed9 ch\u00ednh x\u00e1c v\u01b0\u1ee3t tr\u1ed9i<\/strong><\/h2>\n<p data-start=\"307\" data-end=\"580\">M\u00e1y in 3D Creality CR-10 Smart Pro l\u00e0 l\u1ef1a ch\u1ecdn ho\u00e0n h\u1ea3o cho c\u1ea3 ng\u01b0\u1eddi d\u00f9ng c\u00e1 nh\u00e2n v\u00e0 doanh nghi\u1ec7p, nh\u1edd t\u00edch h\u1ee3p c\u00f4ng ngh\u1ec7 ti\u00ean ti\u1ebfn, k\u1ebft n\u1ed1i \u0111a n\u1ec1n t\u1ea3ng v\u00e0 ch\u1ea5t l\u01b0\u1ee3ng in v\u01b0\u1ee3t tr\u1ed9i. V\u1edbi kh\u1ed5 in <strong data-start=\"499\" data-end=\"516\">300x300x400mm<\/strong>, m\u00e1y h\u1ed7 tr\u1ee3 in c\u00e1c m\u00f4 h\u00ecnh l\u1edbn m\u00e0 v\u1eabn gi\u1eef \u0111\u01b0\u1ee3c \u0111\u1ed9 chi ti\u1ebft cao.<\/p>\n<hr data-start=\"582\" data-end=\"585\" \/>\n<h3 data-start=\"587\" data-end=\"615\">\ud83d\udd11 <strong data-start=\"594\" data-end=\"615\">T\u00ednh n\u0103ng n\u1ed5i b\u1eadt<\/strong><\/h3>\n<h4 data-start=\"617\" data-end=\"674\">1. <strong data-start=\"625\" data-end=\"674\">K\u1ebft n\u1ed1i \u0111a m\u1ea1ng \u2013 \u0110\u00e1m m\u00e2y Creality th\u00f4ng minh<\/strong><\/h4>\n<ul data-start=\"675\" data-end=\"840\">\n<li data-start=\"675\" data-end=\"712\">\n<p data-start=\"677\" data-end=\"712\">H\u1ed7 tr\u1ee3 <strong data-start=\"684\" data-end=\"712\">Wi-Fi \/ Bluetooth \/ RJ45<\/strong><\/p>\n<\/li>\n<li data-start=\"713\" data-end=\"807\">\n<p data-start=\"715\" data-end=\"807\">K\u1ebft n\u1ed1i v\u1edbi <strong data-start=\"727\" data-end=\"745\">Creality Cloud<\/strong> \u2013 t\u1ea3i m\u00f4 h\u00ecnh, c\u1eaft l\u00e1t, theo d\u00f5i v\u00e0 in ch\u1ec9 b\u1eb1ng <strong data-start=\"794\" data-end=\"807\">1 c\u00fa nh\u1ea5p<\/strong><\/p>\n<\/li>\n<li data-start=\"808\" data-end=\"840\">\n<p data-start=\"810\" data-end=\"840\">\u0110i\u1ec1u khi\u1ec3n t\u1eeb xa b\u1eb1ng \u1ee9ng d\u1ee5ng<\/p>\n<\/li>\n<\/ul>\n<h4 data-start=\"842\" data-end=\"898\">2. <strong data-start=\"850\" data-end=\"898\">Camera AI HD \u2013 Gi\u00e1m s\u00e1t in \u1ea5n th\u1eddi gian th\u1ef1c<\/strong><\/h4>\n<ul data-start=\"899\" data-end=\"1021\">\n<li data-start=\"899\" data-end=\"940\">\n<p data-start=\"901\" data-end=\"940\">Quan s\u00e1t v\u00e0 theo d\u00f5i qu\u00e1 tr\u00ecnh in t\u1eeb xa<\/p>\n<\/li>\n<li data-start=\"941\" data-end=\"971\">\n<p data-start=\"943\" data-end=\"971\">Ch\u1ebf \u0111\u1ed9 t\u1ef1 \u0111\u1ed9ng ho\u1eb7c th\u1ee7 c\u00f4ng<\/p>\n<\/li>\n<li data-start=\"972\" data-end=\"1021\">\n<p data-start=\"974\" data-end=\"1021\">T\u00edch h\u1ee3p AI ph\u00e1t hi\u1ec7n l\u1ed7i in nh\u01b0 \u201cm\u00ec spaghetti\u201d<\/p>\n<\/li>\n<\/ul>\n<h4 data-start=\"1023\" data-end=\"1069\">3. <strong data-start=\"1031\" data-end=\"1069\">San ph\u1eb3ng k\u00e9p \u2013 T\u1ef1 \u0111\u1ed9ng + th\u1ee7 c\u00f4ng<\/strong><\/h4>\n<ul data-start=\"1070\" data-end=\"1165\">\n<li data-start=\"1070\" data-end=\"1165\">\n<p data-start=\"1072\" data-end=\"1165\">K\u1ebft h\u1ee3p san l\u1ea5p th\u00f4ng minh v\u00e0 hi\u1ec7u ch\u1ec9nh th\u1ee7 c\u00f4ng gi\u00fap \u0111\u1ea3m b\u1ea3o \u0111\u1ed9 ch\u00ednh x\u00e1c v\u00e0 an to\u00e0n khi in<\/p>\n<\/li>\n<\/ul>\n<h4 data-start=\"1167\" data-end=\"1212\">4. <strong data-start=\"1175\" data-end=\"1212\">\u0110\u00e8n LED tr\u1ee5c Z \u2013 Quan s\u00e1t m\u1ecdi l\u00fac<\/strong><\/h4>\n<ul data-start=\"1213\" data-end=\"1320\">\n<li data-start=\"1213\" data-end=\"1254\">\n<p data-start=\"1215\" data-end=\"1254\">\u00c1nh s\u00e1ng \u0111\u1ed3ng \u0111\u1ec1u, ti\u1ebft ki\u1ec7m n\u0103ng l\u01b0\u1ee3ng<\/p>\n<\/li>\n<li data-start=\"1255\" data-end=\"1320\">\n<p data-start=\"1257\" data-end=\"1320\">D\u1ec5 d\u00e0ng quan s\u00e1t m\u00f4 h\u00ecnh in ngay c\u1ea3 trong m\u00f4i tr\u01b0\u1eddng thi\u1ebfu s\u00e1ng<\/p>\n<\/li>\n<\/ul>\n<h4 data-start=\"1322\" data-end=\"1380\">5. <strong data-start=\"1330\" data-end=\"1380\">M\u00e1y \u0111\u00f9n Sprite kim lo\u1ea1i \u2013 In v\u1eadt li\u1ec7u k\u1ef9 thu\u1eadt<\/strong><\/h4>\n<ul data-start=\"1381\" data-end=\"1493\">\n<li data-start=\"1381\" data-end=\"1438\">\n<p data-start=\"1383\" data-end=\"1438\">M\u00e1y \u0111\u00f9n tr\u1ef1c ti\u1ebfp b\u00e1nh r\u0103ng k\u00e9p ho\u00e0n to\u00e0n b\u1eb1ng kim lo\u1ea1i<\/p>\n<\/li>\n<li data-start=\"1439\" data-end=\"1493\">\n<p data-start=\"1441\" data-end=\"1493\">In t\u1ed1t c\u00e1c v\u1eadt li\u1ec7u kh\u00f3 nh\u01b0 TPU, PA, Carbon Fiber&#8230;<\/p>\n<\/li>\n<\/ul>\n<h4 data-start=\"1495\" data-end=\"1548\">6. <strong data-start=\"1503\" data-end=\"1548\">Khung m\u00e1y nh\u00f4m h\u00e0ng kh\u00f4ng \u2013 L\u1eafp r\u00e1p nhanh<\/strong><\/h4>\n<ul data-start=\"1549\" data-end=\"1652\">\n<li data-start=\"1549\" data-end=\"1595\">\n<p data-start=\"1551\" data-end=\"1595\">Thi\u1ebft k\u1ebf m\u00f4-\u0111un, ch\u1ec9 m\u1ea5t <strong data-start=\"1576\" data-end=\"1595\">10 ph\u00fat l\u1eafp \u0111\u1eb7t<\/strong><\/p>\n<\/li>\n<li data-start=\"1596\" data-end=\"1652\">\n<p data-start=\"1598\" data-end=\"1652\">Khung ch\u1eafc ch\u1eafn, ch\u1ed1ng rung gi\u00fap <strong data-start=\"1631\" data-end=\"1652\">t\u0103ng \u0111\u1ed9 ch\u00ednh x\u00e1c<\/strong><\/p>\n<\/li>\n<\/ul>\n<h4 data-start=\"1654\" data-end=\"1706\">7. <strong data-start=\"1662\" data-end=\"1706\">Giao di\u1ec7n c\u1ea3m \u1ee9ng m\u1edbi \u2013 M\u01b0\u1ee3t m\u00e0, d\u1ec5 d\u00f9ng<\/strong><\/h4>\n<ul data-start=\"1707\" data-end=\"1789\">\n<li data-start=\"1707\" data-end=\"1756\">\n<p data-start=\"1709\" data-end=\"1756\">M\u00e0n h\u00ecnh HD 4.3 inch, c\u1ea3m \u1ee9ng \u0111i\u1ec7n dung \u0111a \u0111i\u1ec3m<\/p>\n<\/li>\n<li data-start=\"1757\" data-end=\"1789\">\n<p data-start=\"1759\" data-end=\"1789\">H\u1ed7 tr\u1ee3 c\u1eadp nh\u1eadt OTA tr\u1ef1c tuy\u1ebfn<\/p>\n<\/li>\n<\/ul>\n<h4 data-start=\"1791\" data-end=\"1837\">8. <strong data-start=\"1799\" data-end=\"1837\">B\u00e0n in PEI l\u00f2 xo \u2013 D\u1ec5 th\u00e1o m\u00f4 h\u00ecnh<\/strong><\/h4>\n<ul data-start=\"1838\" data-end=\"1911\">\n<li data-start=\"1838\" data-end=\"1870\">\n<p data-start=\"1840\" data-end=\"1870\">\u0110\u1ed9 b\u00e1m d\u00ednh t\u1ed1t, kh\u00f4ng c\u1ea7n keo<\/p>\n<\/li>\n<li data-start=\"1871\" data-end=\"1911\">\n<p data-start=\"1873\" data-end=\"1911\">C\u00f3 th\u1ec3 u\u1ed1n cong \u0111\u1ec3 l\u1ea5y m\u00f4 h\u00ecnh d\u1ec5 d\u00e0ng<\/p>\n<\/li>\n<\/ul>\n<hr data-start=\"1913\" data-end=\"1916\" \/>\n<h3 data-start=\"1918\" data-end=\"1946\">\ud83d\udcd0 <strong data-start=\"1925\" data-end=\"1946\">Th\u00f4ng s\u1ed1 k\u1ef9 thu\u1eadt<\/strong><\/h3>\n<div class=\"_tableContainer_16hzy_1\">\n<div class=\"_tableWrapper_16hzy_14 group flex w-fit flex-col-reverse\" tabindex=\"-1\">\n<table class=\"w-fit min-w-(--thread-content-width)\" data-start=\"1948\" data-end=\"3836\">\n<thead data-start=\"1948\" data-end=\"2034\">\n<tr data-start=\"1948\" data-end=\"2034\">\n<th data-start=\"1948\" data-end=\"1979\" data-col-size=\"sm\">Th\u00f4ng s\u1ed1<\/th>\n<th data-start=\"1979\" data-end=\"2034\" data-col-size=\"md\">Gi\u00e1 tr\u1ecb<\/th>\n<\/tr>\n<\/thead>\n<tbody data-start=\"2121\" data-end=\"3836\">\n<tr data-start=\"2121\" data-end=\"2206\">\n<td data-start=\"2121\" data-end=\"2151\" data-col-size=\"sm\"><strong data-start=\"2123\" data-end=\"2139\">Printing technology<\/strong><\/td>\n<td data-start=\"2151\" data-end=\"2206\" data-col-size=\"md\">FDM (Fused Deposition Modeling)<\/td>\n<\/tr>\n<tr data-start=\"2207\" data-end=\"2292\">\n<td data-start=\"2207\" data-end=\"2237\" data-col-size=\"sm\"><strong data-start=\"2209\" data-end=\"2219\">Kh\u1ed5 in<\/strong><\/td>\n<td data-start=\"2237\" data-end=\"2292\" data-col-size=\"md\">300 \u00d7 300 \u00d7 400 mm<\/td>\n<\/tr>\n<tr data-start=\"2293\" data-end=\"2378\">\n<td data-start=\"2293\" data-end=\"2323\" data-col-size=\"sm\"><strong data-start=\"2295\" data-end=\"2313\">K\u00edch th\u01b0\u1edbc m\u00e1y<\/strong><\/td>\n<td data-start=\"2323\" data-end=\"2378\" data-col-size=\"md\">660 \u00d7 575 \u00d7 290 mm<\/td>\n<\/tr>\n<tr data-start=\"2379\" data-end=\"2464\">\n<td data-start=\"2379\" data-end=\"2409\" data-col-size=\"sm\"><strong data-start=\"2381\" data-end=\"2396\">Tr\u1ecdng l\u01b0\u1ee3ng<\/strong><\/td>\n<td data-start=\"2409\" data-end=\"2464\" data-col-size=\"md\">13.6 kg<\/td>\n<\/tr>\n<tr data-start=\"2465\" data-end=\"2550\">\n<td data-start=\"2465\" data-end=\"2495\" data-col-size=\"sm\"><strong data-start=\"2467\" data-end=\"2491\">Tr\u1ecdng l\u01b0\u1ee3ng \u0111\u00f3ng g\u00f3i<\/strong><\/td>\n<td data-start=\"2495\" data-end=\"2550\" data-col-size=\"md\">17 kg<\/td>\n<\/tr>\n<tr data-start=\"2551\" data-end=\"2635\">\n<td data-start=\"2551\" data-end=\"2581\" data-col-size=\"sm\"><strong data-start=\"2553\" data-end=\"2568\">V\u1eadt li\u1ec7u in<\/strong><\/td>\n<td data-start=\"2581\" data-end=\"2635\" data-col-size=\"md\">PLA, TPU, PETG, ABS, PA, Carbon Fiber<\/td>\n<\/tr>\n<tr data-start=\"2636\" data-end=\"2721\">\n<td data-start=\"2636\" data-end=\"2666\" data-col-size=\"sm\"><strong data-start=\"2638\" data-end=\"2656\">\u0110\u01b0\u1eddng k\u00ednh s\u1ee3i<\/strong><\/td>\n<td data-start=\"2666\" data-end=\"2721\" data-col-size=\"md\">1.75 mm<\/td>\n<\/tr>\n<tr data-start=\"2722\" data-end=\"2807\">\n<td data-start=\"2722\" data-end=\"2752\" data-col-size=\"sm\"><strong data-start=\"2724\" data-end=\"2740\">\u0110\u1ed9 ch\u00ednh x\u00e1c<\/strong><\/td>\n<td data-col-size=\"md\" data-start=\"2752\" data-end=\"2807\">\u00b10.1 mm<\/td>\n<\/tr>\n<tr data-start=\"2808\" data-end=\"2893\">\n<td data-start=\"2808\" data-end=\"2838\" data-col-size=\"sm\"><strong data-start=\"2810\" data-end=\"2827\">Chi\u1ec1u cao l\u1edbp<\/strong><\/td>\n<td data-start=\"2838\" data-end=\"2893\" data-col-size=\"md\">0.1 \u2013 0.4 mm<\/td>\n<\/tr>\n<tr data-start=\"2894\" data-end=\"2978\">\n<td data-start=\"2894\" data-end=\"2924\" data-col-size=\"sm\"><strong data-start=\"2896\" data-end=\"2908\">V\u00f2i phun<\/strong><\/td>\n<td data-start=\"2924\" data-end=\"2978\" data-col-size=\"md\">0.4 mm (Chromium zirconium copper)<\/td>\n<\/tr>\n<tr data-start=\"2979\" data-end=\"3064\">\n<td data-start=\"2979\" data-end=\"3009\" data-col-size=\"sm\"><strong data-start=\"2981\" data-end=\"3002\">Nhi\u1ec7t \u0111\u1ed9 \u0111\u1ea7u phun<\/strong><\/td>\n<td data-col-size=\"md\" data-start=\"3009\" data-end=\"3064\">\u2264 300\u00b0C<\/td>\n<\/tr>\n<tr data-start=\"3065\" data-end=\"3150\">\n<td data-start=\"3065\" data-end=\"3095\" data-col-size=\"sm\"><strong data-start=\"3067\" data-end=\"3086\">Nhi\u1ec7t \u0111\u1ed9 b\u00e0n in<\/strong><\/td>\n<td data-col-size=\"md\" data-start=\"3095\" data-end=\"3150\">\u2264 100\u00b0C<\/td>\n<\/tr>\n<tr data-start=\"3151\" data-end=\"3236\">\n<td data-start=\"3151\" data-end=\"3181\" data-col-size=\"sm\"><strong data-start=\"3153\" data-end=\"3163\">T\u1ea5m in<\/strong><\/td>\n<td data-col-size=\"md\" data-start=\"3181\" data-end=\"3236\">Spring Steel PEI Magnetic Sheet<\/td>\n<\/tr>\n<tr data-start=\"3237\" data-end=\"3321\">\n<td data-start=\"3237\" data-end=\"3267\" data-col-size=\"sm\"><strong data-start=\"3239\" data-end=\"3253\">Ngu\u1ed3n \u0111i\u1ec7n<\/strong><\/td>\n<td data-col-size=\"md\" data-start=\"3267\" data-end=\"3321\">AC 100\u2013240V, DC 24V, C\u00f4ng su\u1ea5t 350W<\/td>\n<\/tr>\n<tr data-start=\"3322\" data-end=\"3407\">\n<td data-start=\"3322\" data-end=\"3352\" data-col-size=\"sm\"><strong data-start=\"3324\" data-end=\"3336\">Ph\u1ea7n m\u1ec1m<\/strong><\/td>\n<td data-col-size=\"md\" data-start=\"3352\" data-end=\"3407\">Creality Slicer \/ Cura<\/td>\n<\/tr>\n<tr data-start=\"3408\" data-end=\"3493\">\n<td data-start=\"3408\" data-end=\"3438\" data-col-size=\"sm\"><strong data-start=\"3410\" data-end=\"3422\">M\u00e0n h\u00ecnh<\/strong><\/td>\n<td data-col-size=\"md\" data-start=\"3438\" data-end=\"3493\">C\u1ea3m \u1ee9ng 4.3 inch, \u0111a \u0111i\u1ec3m<\/td>\n<\/tr>\n<tr data-start=\"3494\" data-end=\"3579\">\n<td data-start=\"3494\" data-end=\"3524\" data-col-size=\"sm\"><strong data-start=\"3496\" data-end=\"3506\">Camera<\/strong><\/td>\n<td data-col-size=\"md\" data-start=\"3524\" data-end=\"3579\">Camera AI HD<\/td>\n<\/tr>\n<tr data-start=\"3580\" data-end=\"3665\">\n<td data-start=\"3580\" data-end=\"3610\" data-col-size=\"sm\"><strong data-start=\"3582\" data-end=\"3593\">K\u1ebft n\u1ed1i<\/strong><\/td>\n<td data-col-size=\"md\" data-start=\"3610\" data-end=\"3665\">SD Card \/ Wi-Fi \/ RJ45 \/ Bluetooth<\/td>\n<\/tr>\n<tr data-start=\"3666\" data-end=\"3751\">\n<td data-start=\"3666\" data-end=\"3696\" data-col-size=\"sm\"><strong data-start=\"3668\" data-end=\"3686\">H\u1ed7 tr\u1ee3 \u0111\u00e1m m\u00e2y<\/strong><\/td>\n<td data-col-size=\"md\" data-start=\"3696\" data-end=\"3751\">Creality Cloud<\/td>\n<\/tr>\n<tr data-start=\"3752\" data-end=\"3836\">\n<td data-start=\"3752\" data-end=\"3782\" data-col-size=\"sm\"><strong data-start=\"3754\" data-end=\"3766\">Ng\u00f4n ng\u1eef<\/strong><\/td>\n<td data-col-size=\"md\" data-start=\"3782\" data-end=\"3836\">9 ng\u00f4n ng\u1eef (Trung, Anh, \u0110\u1ee9c, T\u00e2y Ban Nha, Ph\u00e1p&#8230;)<\/td>\n<\/tr>\n<\/tbody>\n<\/table>\n<div class=\"sticky end-(--thread-content-margin) h-0 self-end select-none\">\n<div class=\"absolute end-0 flex items-end\"><\/div>\n<\/div>\n<\/div>\n<\/div>\n<hr data-start=\"3838\" data-end=\"3841\" \/>\n<h3 data-start=\"3843\" data-end=\"3870\">\ud83d\udca1 <strong data-start=\"3850\" data-end=\"3870\">\u1ee8ng d\u1ee5ng ph\u00f9 h\u1ee3p<\/strong><\/h3>\n<ul data-start=\"3871\" data-end=\"4021\">\n<li data-start=\"3871\" data-end=\"3894\">\n<p data-start=\"3873\" data-end=\"3894\">S\u1ea3n ph\u1ea9m m\u1eabu k\u1ef9 thu\u1eadt<\/p>\n<\/li>\n<li data-start=\"3895\" data-end=\"3926\">\n<p data-start=\"3897\" data-end=\"3926\">\u0110\u1ed3 d\u00f9ng c\u00e1 nh\u00e2n, ph\u1ee5 ki\u1ec7n DIY<\/p>\n<\/li>\n<li data-start=\"3927\" data-end=\"3965\">\n<p data-start=\"3929\" data-end=\"3965\">In th\u1eed m\u1eabu c\u01a1 kh\u00ed, m\u00f4 h\u00ecnh ki\u1ebfn tr\u00fac<\/p>\n<\/li>\n<li data-start=\"3966\" data-end=\"3981\">\n<p data-start=\"3968\" data-end=\"3981\">Gi\u00e1o d\u1ee5c STEM<\/p>\n<\/li>\n<li data-start=\"3982\" data-end=\"4021\">\n<p data-start=\"3984\" data-end=\"4021\">In s\u1ea3n ph\u1ea9m t\u00f9y ch\u1ec9nh, th\u01b0\u01a1ng m\u1ea1i nh\u1ecf<\/p>\n<\/li>\n<\/ul>\n<p>&nbsp;<\/p>\n<p>-\u0110\u00e2y l\u00e0 c\u00e1c trang b\u00e1n h\u00e0ng b\u00ean m\u00ecnh NGE 3D Printer Services chuy\u00ean cung c\u1ea5p Nh\u1ef1a in 3D v\u00e0 M\u00e1y in 3D c\u1ee7a H\u00e3ng ESUN, Flsun, BIQU, Creality, eMake3d&#8230;<br \/>\n\ud83d\uded2Shopee =&gt; https:\/\/shopee.vn\/nge3dprinter<br \/>\n\ud83d\uded2Shopee =&gt; https:\/\/shopee.vn\/nge3dservices<br \/>\n\ud83d\uded2Shopee Voron v\u00e0 eMake3D =&gt; https:\/\/shopee.vn\/3dmasterpower<br \/>\n\ud83d\uded2Shopee eMake3D =&gt; https:\/\/shopee.vn\/nge3dprinting<br \/>\n\ud83d\uded2Lazada =&gt; https:\/\/www.lazada.vn\/shop\/nge-3d-printer<br \/>\n\ud83d\uded2Lazada =&gt; https:\/\/www.lazada.vn\/shop\/nge-3d-printer-services<br \/>\n\ud83d\uded2Lazada =&gt; https:\/\/www.lazada.vn\/shop\/emake3d-vn<br \/>\n\ud83d\uded2Webslite Th\u1ebf H\u1ec7 K\u1ebf Ti\u1ebfp =&gt;https:\/\/www.theheketiep.com\/<br \/>\n\ud83d\uded2Webslite NGE.VN =&gt;https:\/\/www.nge.vn\/<br \/>\nHo\u1eb7c b\u1ea1n g\u1ecdi 094.144.0951 g\u1eb7p m\u00ecnh<br \/>\nHo\u1eb7c 0913939775 g\u1eb7p anh Qu\u00e2n<br \/>\n** Price does not include VAT (+8 or 10% if VAT invoice is issued)<\/p>","protected":false},"excerpt":{"rendered":"<p data-start=\"4363\" data-end=\"4583\">M\u00e1y in 3D Creality CR-10 Smart Pro \u2013 Kh\u1ed5 in l\u1edbn 30x30x40cm, k\u1ebft n\u1ed1i Wi-Fi\/Bluetooth\/RJ45, t\u00edch h\u1ee3p camera AI HD, san ph\u1eb3ng t\u1ef1 \u0111\u1ed9ng, in v\u1eadt li\u1ec7u k\u1ef9 thu\u1eadt cao nh\u01b0 TPU, PA, Carbon Fiber. Thao t\u00e1c d\u1ec5 d\u00e0ng v\u00e0 ch\u1ea5t l\u01b0\u1ee3ng in v\u01b0\u1ee3t tr\u1ed9i.<\/p>","protected":false},"featured_media":6317,"comment_status":"open","ping_status":"closed","template":"","meta":{"inline_featured_image":false},"product_brand":[],"product_cat":[39,51,646],"product_tag":[833,495,830,829,494,663],"class_list":{"0":"post-6316","1":"product","2":"type-product","3":"status-publish","4":"has-post-thumbnail","6":"product_cat-may-in-3d","7":"product_cat-may-in-3d-creality","8":"product_cat-may-in-3d-fdm","9":"product_tag-cr-10","10":"product_tag-creality","11":"product_tag-fdm","12":"product_tag-in3d","13":"product_tag-mayin3d","14":"product_tag-nge3d","16":"first","17":"instock","18":"taxable","19":"shipping-taxable","20":"purchasable","21":"product-type-simple"},"yoast_head":"<!-- This site is optimized with the Yoast SEO Premium plugin v22.8 (Yoast SEO v26.9) - https:\/\/yoast.com\/product\/yoast-seo-premium-wordpress\/ -->\n<title>M\u00e1y in 3d Creality CR-10 Smart Pro - NGE 3D Printers Services<\/title>\n<meta name=\"description\" content=\"M\u00e1y in 3D Creality CR-10 Smart Pro, t\u00edch h\u1ee3p camera AI HD, c\u00e2n b\u00e0n t\u1ef1 \u0111\u1ed9ng, in v\u1eadt li\u1ec7u k\u1ef9 thu\u1eadt cao TPU, PA. Thao t\u00e1c d\u1ec5 d\u00e0ng v\u00e0 ch\u1ea5t l\u01b0\u1ee3ng in v\u01b0\u1ee3t tr\u1ed9i.\" \/>\n<meta name=\"robots\" content=\"index, follow, max-snippet:-1, max-image-preview:large, max-video-preview:-1\" \/>\n<link rel=\"canonical\" href=\"https:\/\/nge.vn\/en\/product\/may-in-3d-creality-cr-10-smart-pro\/\" \/>\n<meta property=\"og:locale\" content=\"en_US\" \/>\n<meta property=\"og:type\" content=\"article\" \/>\n<meta property=\"og:title\" content=\"M\u00e1y in 3d Creality CR-10 Smart Pro\" \/>\n<meta property=\"og:description\" content=\"M\u00e1y in 3D Creality CR-10 Smart Pro, t\u00edch h\u1ee3p camera AI HD, c\u00e2n b\u00e0n t\u1ef1 \u0111\u1ed9ng, in v\u1eadt li\u1ec7u k\u1ef9 thu\u1eadt cao TPU, PA. Thao t\u00e1c d\u1ec5 d\u00e0ng v\u00e0 ch\u1ea5t l\u01b0\u1ee3ng in v\u01b0\u1ee3t tr\u1ed9i.\" \/>\n<meta property=\"og:url\" content=\"https:\/\/nge.vn\/en\/product\/may-in-3d-creality-cr-10-smart-pro\/\" \/>\n<meta property=\"og:site_name\" content=\"NGE 3D Printers Services\" \/>\n<meta property=\"article:modified_time\" content=\"2025-08-05T11:42:17+00:00\" \/>\n<meta property=\"og:image\" content=\"https:\/\/nge.vn\/wp-content\/uploads\/2025\/08\/fc40d307376e82d34d65e28ccaefebe1_tn.jpeg\" \/>\n\t<meta property=\"og:image:width\" content=\"320\" \/>\n\t<meta property=\"og:image:height\" content=\"320\" \/>\n\t<meta property=\"og:image:type\" content=\"image\/jpeg\" \/>\n<meta name=\"twitter:card\" content=\"summary_large_image\" \/>\n<meta name=\"twitter:label1\" content=\"Est. reading time\" \/>\n\t<meta name=\"twitter:data1\" content=\"4 minutes\" \/>\n<script type=\"application\/ld+json\" class=\"yoast-schema-graph\">{\"@context\":\"https:\/\/schema.org\",\"@graph\":[{\"@type\":\"WebPage\",\"@id\":\"https:\/\/nge.vn\/san-pham\/may-in-3d-creality-cr-10-smart-pro\/\",\"url\":\"https:\/\/nge.vn\/san-pham\/may-in-3d-creality-cr-10-smart-pro\/\",\"name\":\"M\u00e1y in 3d Creality CR-10 Smart Pro - NGE 3D Printers Services\",\"isPartOf\":{\"@id\":\"https:\/\/nge.vn\/#website\"},\"primaryImageOfPage\":{\"@id\":\"https:\/\/nge.vn\/san-pham\/may-in-3d-creality-cr-10-smart-pro\/#primaryimage\"},\"image\":{\"@id\":\"https:\/\/nge.vn\/san-pham\/may-in-3d-creality-cr-10-smart-pro\/#primaryimage\"},\"thumbnailUrl\":\"https:\/\/nge.vn\/wp-content\/uploads\/2025\/08\/fc40d307376e82d34d65e28ccaefebe1_tn.jpeg\",\"datePublished\":\"2025-08-05T11:42:16+00:00\",\"dateModified\":\"2025-08-05T11:42:17+00:00\",\"description\":\"M\u00e1y in 3D Creality CR-10 Smart Pro, t\u00edch h\u1ee3p camera AI HD, c\u00e2n b\u00e0n t\u1ef1 \u0111\u1ed9ng, in v\u1eadt li\u1ec7u k\u1ef9 thu\u1eadt cao TPU, PA. Thao t\u00e1c d\u1ec5 d\u00e0ng v\u00e0 ch\u1ea5t l\u01b0\u1ee3ng in v\u01b0\u1ee3t tr\u1ed9i.\",\"breadcrumb\":{\"@id\":\"https:\/\/nge.vn\/san-pham\/may-in-3d-creality-cr-10-smart-pro\/#breadcrumb\"},\"inLanguage\":\"en-US\",\"potentialAction\":[{\"@type\":\"ReadAction\",\"target\":[\"https:\/\/nge.vn\/san-pham\/may-in-3d-creality-cr-10-smart-pro\/\"]}]},{\"@type\":\"ImageObject\",\"inLanguage\":\"en-US\",\"@id\":\"https:\/\/nge.vn\/san-pham\/may-in-3d-creality-cr-10-smart-pro\/#primaryimage\",\"url\":\"https:\/\/nge.vn\/wp-content\/uploads\/2025\/08\/fc40d307376e82d34d65e28ccaefebe1_tn.jpeg\",\"contentUrl\":\"https:\/\/nge.vn\/wp-content\/uploads\/2025\/08\/fc40d307376e82d34d65e28ccaefebe1_tn.jpeg\",\"width\":320,\"height\":320,\"caption\":\"Creality CR-10\"},{\"@type\":\"BreadcrumbList\",\"@id\":\"https:\/\/nge.vn\/san-pham\/may-in-3d-creality-cr-10-smart-pro\/#breadcrumb\",\"itemListElement\":[{\"@type\":\"ListItem\",\"position\":1,\"name\":\"Trang ch\u1ee7\",\"item\":\"https:\/\/nge.vn\/\"},{\"@type\":\"ListItem\",\"position\":2,\"name\":\"S\u1ea3n ph\u1ea9m\",\"item\":\"https:\/\/nge.vn\/san-pham\/\"},{\"@type\":\"ListItem\",\"position\":3,\"name\":\"M\u00e1y in 3d Creality CR-10 Smart Pro\"}]},{\"@type\":\"WebSite\",\"@id\":\"https:\/\/nge.vn\/#website\",\"url\":\"https:\/\/nge.vn\/\",\"name\":\"NGE 3D Printers Services\",\"description\":\"\",\"potentialAction\":[{\"@type\":\"SearchAction\",\"target\":{\"@type\":\"EntryPoint\",\"urlTemplate\":\"https:\/\/nge.vn\/?s={search_term_string}\"},\"query-input\":{\"@type\":\"PropertyValueSpecification\",\"valueRequired\":true,\"valueName\":\"search_term_string\"}}],\"inLanguage\":\"en-US\"}]}<\/script>\n<!-- \/ Yoast SEO Premium plugin. -->","yoast_head_json":{"title":"M\u00e1y in 3d Creality CR-10 Smart Pro - NGE 3D Printers Services","description":"M\u00e1y in 3D Creality CR-10 Smart Pro, t\u00edch h\u1ee3p camera AI HD, c\u00e2n b\u00e0n t\u1ef1 \u0111\u1ed9ng, in v\u1eadt li\u1ec7u k\u1ef9 thu\u1eadt cao TPU, PA. Thao t\u00e1c d\u1ec5 d\u00e0ng v\u00e0 ch\u1ea5t l\u01b0\u1ee3ng in v\u01b0\u1ee3t tr\u1ed9i.","robots":{"index":"index","follow":"follow","max-snippet":"max-snippet:-1","max-image-preview":"max-image-preview:large","max-video-preview":"max-video-preview:-1"},"canonical":"https:\/\/nge.vn\/en\/product\/may-in-3d-creality-cr-10-smart-pro\/","og_locale":"en_US","og_type":"article","og_title":"M\u00e1y in 3d Creality CR-10 Smart Pro","og_description":"M\u00e1y in 3D Creality CR-10 Smart Pro, t\u00edch h\u1ee3p camera AI HD, c\u00e2n b\u00e0n t\u1ef1 \u0111\u1ed9ng, in v\u1eadt li\u1ec7u k\u1ef9 thu\u1eadt cao TPU, PA. Thao t\u00e1c d\u1ec5 d\u00e0ng v\u00e0 ch\u1ea5t l\u01b0\u1ee3ng in v\u01b0\u1ee3t tr\u1ed9i.","og_url":"https:\/\/nge.vn\/en\/product\/may-in-3d-creality-cr-10-smart-pro\/","og_site_name":"NGE 3D Printers Services","article_modified_time":"2025-08-05T11:42:17+00:00","og_image":[{"width":320,"height":320,"url":"https:\/\/nge.vn\/wp-content\/uploads\/2025\/08\/fc40d307376e82d34d65e28ccaefebe1_tn.jpeg","type":"image\/jpeg"}],"twitter_card":"summary_large_image","twitter_misc":{"Est. reading time":"4 minutes"},"schema":{"@context":"https:\/\/schema.org","@graph":[{"@type":"WebPage","@id":"https:\/\/nge.vn\/san-pham\/may-in-3d-creality-cr-10-smart-pro\/","url":"https:\/\/nge.vn\/san-pham\/may-in-3d-creality-cr-10-smart-pro\/","name":"M\u00e1y in 3d Creality CR-10 Smart Pro - NGE 3D Printers Services","isPartOf":{"@id":"https:\/\/nge.vn\/#website"},"primaryImageOfPage":{"@id":"https:\/\/nge.vn\/san-pham\/may-in-3d-creality-cr-10-smart-pro\/#primaryimage"},"image":{"@id":"https:\/\/nge.vn\/san-pham\/may-in-3d-creality-cr-10-smart-pro\/#primaryimage"},"thumbnailUrl":"https:\/\/nge.vn\/wp-content\/uploads\/2025\/08\/fc40d307376e82d34d65e28ccaefebe1_tn.jpeg","datePublished":"2025-08-05T11:42:16+00:00","dateModified":"2025-08-05T11:42:17+00:00","description":"M\u00e1y in 3D Creality CR-10 Smart Pro, t\u00edch h\u1ee3p camera AI HD, c\u00e2n b\u00e0n t\u1ef1 \u0111\u1ed9ng, in v\u1eadt li\u1ec7u k\u1ef9 thu\u1eadt cao TPU, PA. Thao t\u00e1c d\u1ec5 d\u00e0ng v\u00e0 ch\u1ea5t l\u01b0\u1ee3ng in v\u01b0\u1ee3t tr\u1ed9i.","breadcrumb":{"@id":"https:\/\/nge.vn\/san-pham\/may-in-3d-creality-cr-10-smart-pro\/#breadcrumb"},"inLanguage":"en-US","potentialAction":[{"@type":"ReadAction","target":["https:\/\/nge.vn\/san-pham\/may-in-3d-creality-cr-10-smart-pro\/"]}]},{"@type":"ImageObject","inLanguage":"en-US","@id":"https:\/\/nge.vn\/san-pham\/may-in-3d-creality-cr-10-smart-pro\/#primaryimage","url":"https:\/\/nge.vn\/wp-content\/uploads\/2025\/08\/fc40d307376e82d34d65e28ccaefebe1_tn.jpeg","contentUrl":"https:\/\/nge.vn\/wp-content\/uploads\/2025\/08\/fc40d307376e82d34d65e28ccaefebe1_tn.jpeg","width":320,"height":320,"caption":"Creality CR-10"},{"@type":"BreadcrumbList","@id":"https:\/\/nge.vn\/san-pham\/may-in-3d-creality-cr-10-smart-pro\/#breadcrumb","itemListElement":[{"@type":"ListItem","position":1,"name":"Trang ch\u1ee7","item":"https:\/\/nge.vn\/"},{"@type":"ListItem","position":2,"name":"S\u1ea3n ph\u1ea9m","item":"https:\/\/nge.vn\/san-pham\/"},{"@type":"ListItem","position":3,"name":"M\u00e1y in 3d Creality CR-10 Smart Pro"}]},{"@type":"WebSite","@id":"https:\/\/nge.vn\/#website","url":"https:\/\/nge.vn\/","name":"NGE 3D Printers Services","description":"","potentialAction":[{"@type":"SearchAction","target":{"@type":"EntryPoint","urlTemplate":"https:\/\/nge.vn\/?s={search_term_string}"},"query-input":{"@type":"PropertyValueSpecification","valueRequired":true,"valueName":"search_term_string"}}],"inLanguage":"en-US"}]}},"_links":{"self":[{"href":"https:\/\/nge.vn\/en\/wp-json\/wp\/v2\/product\/6316","targetHints":{"allow":["GET"]}}],"collection":[{"href":"https:\/\/nge.vn\/en\/wp-json\/wp\/v2\/product"}],"about":[{"href":"https:\/\/nge.vn\/en\/wp-json\/wp\/v2\/types\/product"}],"replies":[{"embeddable":true,"href":"https:\/\/nge.vn\/en\/wp-json\/wp\/v2\/comments?post=6316"}],"wp:featuredmedia":[{"embeddable":true,"href":"https:\/\/nge.vn\/en\/wp-json\/wp\/v2\/media\/6317"}],"wp:attachment":[{"href":"https:\/\/nge.vn\/en\/wp-json\/wp\/v2\/media?parent=6316"}],"wp:term":[{"taxonomy":"product_brand","embeddable":true,"href":"https:\/\/nge.vn\/en\/wp-json\/wp\/v2\/product_brand?post=6316"},{"taxonomy":"product_cat","embeddable":true,"href":"https:\/\/nge.vn\/en\/wp-json\/wp\/v2\/product_cat?post=6316"},{"taxonomy":"product_tag","embeddable":true,"href":"https:\/\/nge.vn\/en\/wp-json\/wp\/v2\/product_tag?post=6316"}],"curies":[{"name":"wp","href":"https:\/\/api.w.org\/{rel}","templated":true}]}}