{"id":6313,"date":"2025-08-05T18:26:46","date_gmt":"2025-08-05T11:26:46","guid":{"rendered":"https:\/\/nge.vn\/?post_type=product&#038;p=6313"},"modified":"2025-08-05T18:26:46","modified_gmt":"2025-08-05T11:26:46","slug":"bo-tam-ban-pei-cho-may-in-3d-creality-cr-m4-printing-platform-kit","status":"publish","type":"product","link":"https:\/\/nge.vn\/en\/product\/bo-tam-ban-pei-cho-may-in-3d-creality-cr-m4-printing-platform-kit\/","title":{"rendered":"B\u1ed9 t\u1ea5m b\u00e0n PEI cho m\u00e1y in 3d Creality CR-M4 Printing Platform Kit"},"content":{"rendered":"<h2 data-start=\"154\" data-end=\"239\">\ud83d\udd27 <strong data-start=\"160\" data-end=\"239\">B\u1ed9 t\u1ea5m b\u00e0n PEI Creality CR-M4 \u2013 N\u00e2ng t\u1ea7m ch\u1ea5t l\u01b0\u1ee3ng in v\u1edbi \u0111\u1ed9 b\u00e1m tuy\u1ec7t v\u1eddi<\/strong><\/h2>\n<p data-start=\"241\" data-end=\"455\"><strong data-start=\"241\" data-end=\"340\">T\u1ea5m n\u1ec1n l\u00f2 xo ph\u1ee7 PEI ch\u1ea5t l\u01b0\u1ee3ng cao \u2013 \u0110\u1ed9 b\u1ec1n cao, \u0111\u1ed9 b\u00e1m \u1ed5n \u0111\u1ecbnh, d\u1ec5 d\u00e0ng th\u00e1o m\u00f4 h\u00ecnh sau in.<\/strong><br data-start=\"340\" data-end=\"343\" \/>Ph\u00f9 h\u1ee3p ho\u00e0n h\u1ea3o cho m\u00e1y in 3D Creality CR-M4 \u2013 h\u1ed7 tr\u1ee3 qu\u00e1 tr\u00ecnh in \u1ed5n \u0111\u1ecbnh, n\u00e2ng cao ch\u1ea5t l\u01b0\u1ee3ng b\u1ec1 m\u1eb7t m\u00f4 h\u00ecnh.<\/p>\n<hr data-start=\"457\" data-end=\"460\" \/>\n<h3 data-start=\"462\" data-end=\"491\">\ud83d\udce6 <strong data-start=\"469\" data-end=\"491\">Th\u00f4ng tin s\u1ea3n ph\u1ea9m<\/strong><\/h3>\n<ul data-start=\"493\" data-end=\"746\">\n<li data-start=\"493\" data-end=\"544\">\n<p data-start=\"495\" data-end=\"544\"><strong data-start=\"495\" data-end=\"512\">T\u00ean s\u1ea3n ph\u1ea9m:<\/strong> B\u1ed9 t\u1ea5m b\u00e0n PEI Creality CR-M4<\/p>\n<\/li>\n<li data-start=\"545\" data-end=\"583\">\n<p data-start=\"547\" data-end=\"583\"><strong data-start=\"547\" data-end=\"562\">K\u00edch th\u01b0\u1edbc:<\/strong> 470 \u00d7 485 \u00d7 2.2 mm<\/p>\n<\/li>\n<li data-start=\"584\" data-end=\"633\">\n<p data-start=\"586\" data-end=\"633\"><strong data-start=\"586\" data-end=\"600\">Ch\u1ea5t li\u1ec7u:<\/strong> T\u1ea5m th\u00e9p l\u00f2 xo ph\u1ee7 PEI m\u00e0u \u0111en<\/p>\n<\/li>\n<li data-start=\"634\" data-end=\"671\">\n<p data-start=\"636\" data-end=\"671\"><strong data-start=\"636\" data-end=\"664\">Tr\u1ecdng l\u01b0\u1ee3ng t\u1ecbnh (N.W.):<\/strong> 890g<\/p>\n<\/li>\n<li data-start=\"672\" data-end=\"714\">\n<p data-start=\"674\" data-end=\"714\"><strong data-start=\"674\" data-end=\"706\">Tr\u1ecdng l\u01b0\u1ee3ng \u0111\u00f3ng g\u00f3i (G.W.):<\/strong> 1431g<\/p>\n<\/li>\n<li data-start=\"715\" data-end=\"746\">\n<p data-start=\"717\" data-end=\"746\"><strong data-start=\"717\" data-end=\"733\">M\u00e3 s\u1ea3n ph\u1ea9m:<\/strong> 4004090101<\/p>\n<\/li>\n<\/ul>\n<hr data-start=\"748\" data-end=\"751\" \/>\n<h3 data-start=\"753\" data-end=\"779\">\u2705 <strong data-start=\"759\" data-end=\"779\">\u0110\u1eb7c \u0111i\u1ec3m n\u1ed5i b\u1eadt<\/strong><\/h3>\n<ul data-start=\"781\" data-end=\"1185\">\n<li data-start=\"781\" data-end=\"890\">\n<p data-start=\"783\" data-end=\"890\"><strong data-start=\"783\" data-end=\"816\">B\u00e1m d\u00ednh t\u1ed1t, d\u1ec5 th\u00e1o m\u00f4 h\u00ecnh<\/strong> \u2013 L\u1edbp ph\u1ee7 PEI gi\u00fap m\u00f4 h\u00ecnh d\u00ednh ch\u1eafc khi in v\u00e0 d\u1ec5 d\u00e0ng g\u1ee1 ra khi ngu\u1ed9i.<\/p>\n<\/li>\n<li data-start=\"891\" data-end=\"993\">\n<p data-start=\"893\" data-end=\"993\"><strong data-start=\"893\" data-end=\"924\">Ch\u1ed1ng cong v\u00eanh, \u0111\u1ed9 b\u1ec1n cao<\/strong> \u2013 T\u1ea5m th\u00e9p l\u00f2 xo c\u00f3 \u0111\u1ed9 \u0111\u00e0n h\u1ed3i, kh\u00f3 bi\u1ebfn d\u1ea1ng khi s\u1eed d\u1ee5ng l\u00e2u d\u00e0i.<\/p>\n<\/li>\n<li data-start=\"994\" data-end=\"1071\">\n<p data-start=\"996\" data-end=\"1071\"><strong data-start=\"996\" data-end=\"1010\">D\u1ec5 b\u1ea3o tr\u00ec<\/strong> \u2013 B\u1ec1 m\u1eb7t ch\u1ed1ng d\u00ednh, d\u1ec5 lau ch\u00f9i v\u00e0 s\u1eed d\u1ee5ng l\u1ea1i nhi\u1ec1u l\u1ea7n.<\/p>\n<\/li>\n<li data-start=\"1072\" data-end=\"1185\">\n<p data-start=\"1074\" data-end=\"1185\"><strong data-start=\"1074\" data-end=\"1104\">Thi\u1ebft k\u1ebf v\u1eeba v\u1eb7n cho CR-M4<\/strong> \u2013 T\u1ed1i \u01b0u cho m\u00e1y in 3D kh\u1ed5 l\u1edbn Creality CR-M4, h\u1ed7 tr\u1ee3 in ch\u00ednh x\u00e1c v\u00e0 \u1ed5n \u0111\u1ecbnh.<\/p>\n<\/li>\n<\/ul>\n<blockquote class=\"wp-embedded-content\" data-secret=\"kjotMSRpBg\"><p><a href=\"https:\/\/nge.vn\/en\/product\/may-in-3d-creality-cr-m4-kho-in-450450470mm-can-ban-tu-dong-voi-cr-touch\/\">M\u00e1y in 3d Creality CR-M4 kh\u1ed5 in 450*450*470mm<\/a><\/p><\/blockquote>\n<p><iframe loading=\"lazy\" class=\"wp-embedded-content\" sandbox=\"allow-scripts\" security=\"restricted\" style=\"position: absolute; visibility: hidden;\" title=\"&#8220;M\u00e1y in 3d Creality CR-M4 kh\u1ed5 in 450*450*470mm&#8221; &#8212; NGE 3D Printers Services\" src=\"https:\/\/nge.vn\/san-pham\/may-in-3d-creality-cr-m4-kho-in-450450470mm-can-ban-tu-dong-voi-cr-touch\/embed\/#?secret=5I8y9hKXbb#?secret=kjotMSRpBg\" data-secret=\"kjotMSRpBg\" width=\"600\" height=\"338\" frameborder=\"0\" marginwidth=\"0\" marginheight=\"0\" scrolling=\"no\"><\/iframe><\/p>\n<p>-\u0110\u00e2y l\u00e0 c\u00e1c trang b\u00e1n h\u00e0ng b\u00ean m\u00ecnh NGE 3D Printer Services chuy\u00ean cung c\u1ea5p Nh\u1ef1a in 3D v\u00e0 M\u00e1y in 3D c\u1ee7a H\u00e3ng ESUN, Flsun, BIQU, Creality, eMake3d&#8230;<br \/>\n\ud83d\uded2Shopee =&gt; https:\/\/shopee.vn\/nge3dprinter<br \/>\n\ud83d\uded2Shopee =&gt; https:\/\/shopee.vn\/nge3dservices<br \/>\n\ud83d\uded2Shopee Voron v\u00e0 eMake3D =&gt; https:\/\/shopee.vn\/3dmasterpower<br \/>\n\ud83d\uded2Shopee eMake3D =&gt; https:\/\/shopee.vn\/nge3dprinting<br \/>\n\ud83d\uded2Lazada =&gt; https:\/\/www.lazada.vn\/shop\/nge-3d-printer<br \/>\n\ud83d\uded2Lazada =&gt; https:\/\/www.lazada.vn\/shop\/nge-3d-printer-services<br \/>\n\ud83d\uded2Lazada =&gt; https:\/\/www.lazada.vn\/shop\/emake3d-vn<br \/>\n\ud83d\uded2Webslite Th\u1ebf H\u1ec7 K\u1ebf Ti\u1ebfp =&gt;https:\/\/www.theheketiep.com\/<br \/>\n\ud83d\uded2Webslite NGE.VN =&gt;https:\/\/www.nge.vn\/<br \/>\nHo\u1eb7c b\u1ea1n g\u1ecdi 094.144.0951 g\u1eb7p m\u00ecnh<br \/>\nHo\u1eb7c 0913939775 g\u1eb7p anh Qu\u00e2n<br \/>\n** Price does not include VAT (+8 or 10% if VAT invoice is issued)<\/p>","protected":false},"excerpt":{"rendered":"<p data-start=\"1563\" data-end=\"1741\">B\u1ed9 t\u1ea5m b\u00e0n PEI Creality CR-M4 \u2013 t\u1ea5m n\u1ec1n l\u00f2 xo ph\u1ee7 PEI gi\u00fap b\u00e1m d\u00ednh t\u1ed1t, th\u00e1o m\u00f4 h\u00ecnh d\u1ec5, ch\u1ed1ng cong v\u00eanh. Ph\u00f9 h\u1ee3p ho\u00e0n h\u1ea3o cho m\u00e1y in 3D CR-M4, n\u00e2ng cao \u0111\u1ed9 b\u1ec1n v\u00e0 ch\u1ea5t l\u01b0\u1ee3ng in.<\/p>","protected":false},"featured_media":6314,"comment_status":"open","ping_status":"closed","template":"","meta":{"inline_featured_image":false},"product_brand":[],"product_cat":[40,56],"product_tag":[832,495,663,736],"class_list":{"0":"post-6313","1":"product","2":"type-product","3":"status-publish","4":"has-post-thumbnail","6":"product_cat-linh-kien-va-phu-kien","7":"product_cat-linh-phu-kien-may-in-3d-creality","8":"product_tag-cr-m4","9":"product_tag-creality","10":"product_tag-nge3d","11":"product_tag-peibuildplate","13":"first","14":"instock","15":"taxable","16":"shipping-taxable","17":"purchasable","18":"product-type-simple"},"yoast_head":"<!-- This site is optimized with the Yoast SEO Premium plugin v22.8 (Yoast SEO v26.9) - https:\/\/yoast.com\/product\/yoast-seo-premium-wordpress\/ -->\n<title>B\u1ed9 t\u1ea5m b\u00e0n PEI cho m\u00e1y in 3d Creality CR-M4 Printing Platform Kit - NGE 3D Printers Services<\/title>\n<meta name=\"description\" content=\"B\u1ed9 t\u1ea5m b\u00e0n PEI Creality CR-M4 \u2013 t\u1ea5m n\u1ec1n l\u00f2 xo ph\u1ee7 PEI gi\u00fap b\u00e1m d\u00ednh t\u1ed1t, th\u00e1o m\u1eabu in d\u1ec5, ch\u1ed1ng cong v\u00eanh. N\u00e2ng cao \u0111\u1ed9 b\u1ec1n v\u00e0 ch\u1ea5t l\u01b0\u1ee3ng in.\" \/>\n<meta name=\"robots\" content=\"index, follow, max-snippet:-1, max-image-preview:large, max-video-preview:-1\" \/>\n<link rel=\"canonical\" href=\"https:\/\/nge.vn\/en\/product\/bo-tam-ban-pei-cho-may-in-3d-creality-cr-m4-printing-platform-kit\/\" \/>\n<meta property=\"og:locale\" content=\"en_US\" \/>\n<meta property=\"og:type\" content=\"article\" \/>\n<meta property=\"og:title\" content=\"B\u1ed9 t\u1ea5m b\u00e0n PEI cho m\u00e1y in 3d Creality CR-M4 Printing Platform Kit\" \/>\n<meta property=\"og:description\" content=\"B\u1ed9 t\u1ea5m b\u00e0n PEI Creality CR-M4 \u2013 t\u1ea5m n\u1ec1n l\u00f2 xo ph\u1ee7 PEI gi\u00fap b\u00e1m d\u00ednh t\u1ed1t, th\u00e1o m\u1eabu in d\u1ec5, ch\u1ed1ng cong v\u00eanh. N\u00e2ng cao \u0111\u1ed9 b\u1ec1n v\u00e0 ch\u1ea5t l\u01b0\u1ee3ng in.\" \/>\n<meta property=\"og:url\" content=\"https:\/\/nge.vn\/en\/product\/bo-tam-ban-pei-cho-may-in-3d-creality-cr-m4-printing-platform-kit\/\" \/>\n<meta property=\"og:site_name\" content=\"NGE 3D Printers Services\" \/>\n<meta property=\"og:image\" content=\"https:\/\/nge.vn\/wp-content\/uploads\/2025\/08\/vn-11134207-7ras8-m3ysows7vu2v28_tn.jpeg\" \/>\n\t<meta property=\"og:image:width\" content=\"320\" \/>\n\t<meta property=\"og:image:height\" content=\"320\" \/>\n\t<meta property=\"og:image:type\" content=\"image\/jpeg\" \/>\n<meta name=\"twitter:card\" content=\"summary_large_image\" \/>\n<meta name=\"twitter:label1\" content=\"Est. reading time\" \/>\n\t<meta name=\"twitter:data1\" content=\"2 minutes\" \/>\n<script type=\"application\/ld+json\" class=\"yoast-schema-graph\">{\"@context\":\"https:\/\/schema.org\",\"@graph\":[{\"@type\":\"WebPage\",\"@id\":\"https:\/\/nge.vn\/san-pham\/bo-tam-ban-pei-cho-may-in-3d-creality-cr-m4-printing-platform-kit\/\",\"url\":\"https:\/\/nge.vn\/san-pham\/bo-tam-ban-pei-cho-may-in-3d-creality-cr-m4-printing-platform-kit\/\",\"name\":\"B\u1ed9 t\u1ea5m b\u00e0n PEI cho m\u00e1y in 3d Creality CR-M4 Printing Platform Kit - NGE 3D Printers Services\",\"isPartOf\":{\"@id\":\"https:\/\/nge.vn\/#website\"},\"primaryImageOfPage\":{\"@id\":\"https:\/\/nge.vn\/san-pham\/bo-tam-ban-pei-cho-may-in-3d-creality-cr-m4-printing-platform-kit\/#primaryimage\"},\"image\":{\"@id\":\"https:\/\/nge.vn\/san-pham\/bo-tam-ban-pei-cho-may-in-3d-creality-cr-m4-printing-platform-kit\/#primaryimage\"},\"thumbnailUrl\":\"https:\/\/nge.vn\/wp-content\/uploads\/2025\/08\/vn-11134207-7ras8-m3ysows7vu2v28_tn.jpeg\",\"datePublished\":\"2025-08-05T11:26:46+00:00\",\"description\":\"B\u1ed9 t\u1ea5m b\u00e0n PEI Creality CR-M4 \u2013 t\u1ea5m n\u1ec1n l\u00f2 xo ph\u1ee7 PEI gi\u00fap b\u00e1m d\u00ednh t\u1ed1t, th\u00e1o m\u1eabu in d\u1ec5, ch\u1ed1ng cong v\u00eanh. N\u00e2ng cao \u0111\u1ed9 b\u1ec1n v\u00e0 ch\u1ea5t l\u01b0\u1ee3ng in.\",\"breadcrumb\":{\"@id\":\"https:\/\/nge.vn\/san-pham\/bo-tam-ban-pei-cho-may-in-3d-creality-cr-m4-printing-platform-kit\/#breadcrumb\"},\"inLanguage\":\"en-US\",\"potentialAction\":[{\"@type\":\"ReadAction\",\"target\":[\"https:\/\/nge.vn\/san-pham\/bo-tam-ban-pei-cho-may-in-3d-creality-cr-m4-printing-platform-kit\/\"]}]},{\"@type\":\"ImageObject\",\"inLanguage\":\"en-US\",\"@id\":\"https:\/\/nge.vn\/san-pham\/bo-tam-ban-pei-cho-may-in-3d-creality-cr-m4-printing-platform-kit\/#primaryimage\",\"url\":\"https:\/\/nge.vn\/wp-content\/uploads\/2025\/08\/vn-11134207-7ras8-m3ysows7vu2v28_tn.jpeg\",\"contentUrl\":\"https:\/\/nge.vn\/wp-content\/uploads\/2025\/08\/vn-11134207-7ras8-m3ysows7vu2v28_tn.jpeg\",\"width\":320,\"height\":320},{\"@type\":\"BreadcrumbList\",\"@id\":\"https:\/\/nge.vn\/san-pham\/bo-tam-ban-pei-cho-may-in-3d-creality-cr-m4-printing-platform-kit\/#breadcrumb\",\"itemListElement\":[{\"@type\":\"ListItem\",\"position\":1,\"name\":\"Trang ch\u1ee7\",\"item\":\"https:\/\/nge.vn\/\"},{\"@type\":\"ListItem\",\"position\":2,\"name\":\"S\u1ea3n ph\u1ea9m\",\"item\":\"https:\/\/nge.vn\/san-pham\/\"},{\"@type\":\"ListItem\",\"position\":3,\"name\":\"B\u1ed9 t\u1ea5m b\u00e0n PEI cho m\u00e1y in 3d Creality CR-M4 Printing Platform Kit\"}]},{\"@type\":\"WebSite\",\"@id\":\"https:\/\/nge.vn\/#website\",\"url\":\"https:\/\/nge.vn\/\",\"name\":\"NGE 3D Printers Services\",\"description\":\"\",\"potentialAction\":[{\"@type\":\"SearchAction\",\"target\":{\"@type\":\"EntryPoint\",\"urlTemplate\":\"https:\/\/nge.vn\/?s={search_term_string}\"},\"query-input\":{\"@type\":\"PropertyValueSpecification\",\"valueRequired\":true,\"valueName\":\"search_term_string\"}}],\"inLanguage\":\"en-US\"}]}<\/script>\n<!-- \/ Yoast SEO Premium plugin. -->","yoast_head_json":{"title":"B\u1ed9 t\u1ea5m b\u00e0n PEI cho m\u00e1y in 3d Creality CR-M4 Printing Platform Kit - NGE 3D Printers Services","description":"B\u1ed9 t\u1ea5m b\u00e0n PEI Creality CR-M4 \u2013 t\u1ea5m n\u1ec1n l\u00f2 xo ph\u1ee7 PEI gi\u00fap b\u00e1m d\u00ednh t\u1ed1t, th\u00e1o m\u1eabu in d\u1ec5, ch\u1ed1ng cong v\u00eanh. N\u00e2ng cao \u0111\u1ed9 b\u1ec1n v\u00e0 ch\u1ea5t l\u01b0\u1ee3ng in.","robots":{"index":"index","follow":"follow","max-snippet":"max-snippet:-1","max-image-preview":"max-image-preview:large","max-video-preview":"max-video-preview:-1"},"canonical":"https:\/\/nge.vn\/en\/product\/bo-tam-ban-pei-cho-may-in-3d-creality-cr-m4-printing-platform-kit\/","og_locale":"en_US","og_type":"article","og_title":"B\u1ed9 t\u1ea5m b\u00e0n PEI cho m\u00e1y in 3d Creality CR-M4 Printing Platform Kit","og_description":"B\u1ed9 t\u1ea5m b\u00e0n PEI Creality CR-M4 \u2013 t\u1ea5m n\u1ec1n l\u00f2 xo ph\u1ee7 PEI gi\u00fap b\u00e1m d\u00ednh t\u1ed1t, th\u00e1o m\u1eabu in d\u1ec5, ch\u1ed1ng cong v\u00eanh. N\u00e2ng cao \u0111\u1ed9 b\u1ec1n v\u00e0 ch\u1ea5t l\u01b0\u1ee3ng in.","og_url":"https:\/\/nge.vn\/en\/product\/bo-tam-ban-pei-cho-may-in-3d-creality-cr-m4-printing-platform-kit\/","og_site_name":"NGE 3D Printers Services","og_image":[{"width":320,"height":320,"url":"https:\/\/nge.vn\/wp-content\/uploads\/2025\/08\/vn-11134207-7ras8-m3ysows7vu2v28_tn.jpeg","type":"image\/jpeg"}],"twitter_card":"summary_large_image","twitter_misc":{"Est. reading time":"2 minutes"},"schema":{"@context":"https:\/\/schema.org","@graph":[{"@type":"WebPage","@id":"https:\/\/nge.vn\/san-pham\/bo-tam-ban-pei-cho-may-in-3d-creality-cr-m4-printing-platform-kit\/","url":"https:\/\/nge.vn\/san-pham\/bo-tam-ban-pei-cho-may-in-3d-creality-cr-m4-printing-platform-kit\/","name":"B\u1ed9 t\u1ea5m b\u00e0n PEI cho m\u00e1y in 3d Creality CR-M4 Printing Platform Kit - NGE 3D Printers Services","isPartOf":{"@id":"https:\/\/nge.vn\/#website"},"primaryImageOfPage":{"@id":"https:\/\/nge.vn\/san-pham\/bo-tam-ban-pei-cho-may-in-3d-creality-cr-m4-printing-platform-kit\/#primaryimage"},"image":{"@id":"https:\/\/nge.vn\/san-pham\/bo-tam-ban-pei-cho-may-in-3d-creality-cr-m4-printing-platform-kit\/#primaryimage"},"thumbnailUrl":"https:\/\/nge.vn\/wp-content\/uploads\/2025\/08\/vn-11134207-7ras8-m3ysows7vu2v28_tn.jpeg","datePublished":"2025-08-05T11:26:46+00:00","description":"B\u1ed9 t\u1ea5m b\u00e0n PEI Creality CR-M4 \u2013 t\u1ea5m n\u1ec1n l\u00f2 xo ph\u1ee7 PEI gi\u00fap b\u00e1m d\u00ednh t\u1ed1t, th\u00e1o m\u1eabu in d\u1ec5, ch\u1ed1ng cong v\u00eanh. N\u00e2ng cao \u0111\u1ed9 b\u1ec1n v\u00e0 ch\u1ea5t l\u01b0\u1ee3ng in.","breadcrumb":{"@id":"https:\/\/nge.vn\/san-pham\/bo-tam-ban-pei-cho-may-in-3d-creality-cr-m4-printing-platform-kit\/#breadcrumb"},"inLanguage":"en-US","potentialAction":[{"@type":"ReadAction","target":["https:\/\/nge.vn\/san-pham\/bo-tam-ban-pei-cho-may-in-3d-creality-cr-m4-printing-platform-kit\/"]}]},{"@type":"ImageObject","inLanguage":"en-US","@id":"https:\/\/nge.vn\/san-pham\/bo-tam-ban-pei-cho-may-in-3d-creality-cr-m4-printing-platform-kit\/#primaryimage","url":"https:\/\/nge.vn\/wp-content\/uploads\/2025\/08\/vn-11134207-7ras8-m3ysows7vu2v28_tn.jpeg","contentUrl":"https:\/\/nge.vn\/wp-content\/uploads\/2025\/08\/vn-11134207-7ras8-m3ysows7vu2v28_tn.jpeg","width":320,"height":320},{"@type":"BreadcrumbList","@id":"https:\/\/nge.vn\/san-pham\/bo-tam-ban-pei-cho-may-in-3d-creality-cr-m4-printing-platform-kit\/#breadcrumb","itemListElement":[{"@type":"ListItem","position":1,"name":"Trang ch\u1ee7","item":"https:\/\/nge.vn\/"},{"@type":"ListItem","position":2,"name":"S\u1ea3n ph\u1ea9m","item":"https:\/\/nge.vn\/san-pham\/"},{"@type":"ListItem","position":3,"name":"B\u1ed9 t\u1ea5m b\u00e0n PEI cho m\u00e1y in 3d Creality CR-M4 Printing Platform Kit"}]},{"@type":"WebSite","@id":"https:\/\/nge.vn\/#website","url":"https:\/\/nge.vn\/","name":"NGE 3D Printers Services","description":"","potentialAction":[{"@type":"SearchAction","target":{"@type":"EntryPoint","urlTemplate":"https:\/\/nge.vn\/?s={search_term_string}"},"query-input":{"@type":"PropertyValueSpecification","valueRequired":true,"valueName":"search_term_string"}}],"inLanguage":"en-US"}]}},"_links":{"self":[{"href":"https:\/\/nge.vn\/en\/wp-json\/wp\/v2\/product\/6313","targetHints":{"allow":["GET"]}}],"collection":[{"href":"https:\/\/nge.vn\/en\/wp-json\/wp\/v2\/product"}],"about":[{"href":"https:\/\/nge.vn\/en\/wp-json\/wp\/v2\/types\/product"}],"replies":[{"embeddable":true,"href":"https:\/\/nge.vn\/en\/wp-json\/wp\/v2\/comments?post=6313"}],"wp:featuredmedia":[{"embeddable":true,"href":"https:\/\/nge.vn\/en\/wp-json\/wp\/v2\/media\/6314"}],"wp:attachment":[{"href":"https:\/\/nge.vn\/en\/wp-json\/wp\/v2\/media?parent=6313"}],"wp:term":[{"taxonomy":"product_brand","embeddable":true,"href":"https:\/\/nge.vn\/en\/wp-json\/wp\/v2\/product_brand?post=6313"},{"taxonomy":"product_cat","embeddable":true,"href":"https:\/\/nge.vn\/en\/wp-json\/wp\/v2\/product_cat?post=6313"},{"taxonomy":"product_tag","embeddable":true,"href":"https:\/\/nge.vn\/en\/wp-json\/wp\/v2\/product_tag?post=6313"}],"curies":[{"name":"wp","href":"https:\/\/api.w.org\/{rel}","templated":true}]}}