{"id":6282,"date":"2025-08-05T17:49:03","date_gmt":"2025-08-05T10:49:03","guid":{"rendered":"https:\/\/nge.vn\/?post_type=product&#038;p=6282"},"modified":"2025-08-05T17:49:55","modified_gmt":"2025-08-05T10:49:55","slug":"nhua-in-3d-fdm-esun-petg-khang-nuoc-hoa-chat-va-co-do-ben-cao-2-5kg-cuon","status":"publish","type":"product","link":"https:\/\/nge.vn\/en\/product\/nhua-in-3d-fdm-esun-petg-khang-nuoc-hoa-chat-va-co-do-ben-cao-2-5kg-cuon\/","title":{"rendered":"Nh\u1ef1a in 3d FDM eSun PETG kh\u00e1ng n\u01b0\u1edbc, h\u00f3a ch\u1ea5t v\u00e0 c\u00f3 \u0111\u1ed9 b\u1ec1n cao 2.5kg\/ Cu\u1ed9n"},"content":{"rendered":"<h2 data-start=\"95\" data-end=\"177\">\ud83d\udc8e <strong data-start=\"101\" data-end=\"177\">S\u1ee3i nh\u1ef1a in 3D PETG Filament \u2013 Hi\u1ec7u su\u1ea5t cao, ch\u1ed1ng n\u01b0\u1edbc, kh\u00e1ng h\u00f3a ch\u1ea5t<\/strong><\/h2>\n<p data-start=\"179\" data-end=\"438\">PETG l\u00e0 m\u1ed9t lo\u1ea1i s\u1ee3i nh\u1ef1a in 3D hi\u1ec7u su\u1ea5t cao, k\u1ebft h\u1ee3p ho\u00e0n h\u1ea3o gi\u1eefa \u0111\u1ed9 b\u1ec1n c\u1ee7a ABS v\u00e0 s\u1ef1 d\u1ec5 in c\u1ee7a PLA. V\u1edbi kh\u1ea3 n\u0103ng kh\u00e1ng n\u01b0\u1edbc, kh\u00e1ng h\u00f3a ch\u1ea5t v\u00e0 \u0111\u1ed9 trong su\u1ed1t cao, PETG l\u00e0 l\u1ef1a ch\u1ecdn l\u00fd t\u01b0\u1edfng cho in c\u00e1c s\u1ea3n ph\u1ea9m c\u1ea7n t\u00ednh k\u1ef9 thu\u1eadt, \u0111\u1ed9 ch\u00ednh x\u00e1c v\u00e0 \u0111\u1ed9 b\u1ec1n cao.<\/p>\n<hr data-start=\"440\" data-end=\"443\" \/>\n<h3 data-start=\"445\" data-end=\"473\">\u2699\ufe0f <strong data-start=\"452\" data-end=\"473\">T\u00ednh n\u0103ng n\u1ed5i b\u1eadt<\/strong><\/h3>\n<ul data-start=\"475\" data-end=\"1284\">\n<li data-start=\"475\" data-end=\"649\">\n<p data-start=\"477\" data-end=\"649\"><strong data-start=\"477\" data-end=\"508\">L\u1ee3i th\u1ebf k\u00e9p c\u1ee7a PLA v\u00e0 ABS:<\/strong><br data-start=\"508\" data-end=\"511\" \/>\u00a0\u00a0\u00a0\u00a0&#8211; PLA: D\u1ec5 in, kh\u00f4ng cong v\u00eanh, k\u00edch th\u01b0\u1edbc \u1ed5n \u0111\u1ecbnh<br data-start=\"584\" data-end=\"587\" \/>\u00a0\u00a0\u00a0\u00a0&#8211; ABS: B\u1ec1n, d\u1ebbo dai, ch\u1ecbu va \u0111\u1eadp t\u1ed1t<\/p>\n<\/li>\n<li data-start=\"651\" data-end=\"854\">\n<p data-start=\"653\" data-end=\"854\"><strong data-start=\"653\" data-end=\"686\">Kh\u00e1ng h\u00f3a ch\u1ea5t v\u00e0 ch\u1ed1ng n\u01b0\u1edbc:<\/strong><br data-start=\"686\" data-end=\"689\" \/>Ch\u1ecbu \u0111\u01b0\u1ee3c nhi\u1ec1u lo\u1ea1i h\u00f3a ch\u1ea5t v\u00e0 ch\u1ea5t t\u1ea9y r\u1eeda:<br data-start=\"735\" data-end=\"738\" \/>\u00a0\u00a0\u00a0\u00a0&#8211; Detergent<br data-start=\"773\" data-end=\"776\" \/>\u00a0\u00a0\u00a0\u00a0&#8211; H\u2082O<br data-start=\"805\" data-end=\"808\" \/>\u00a0\u00a0\u00a0\u00a0&#8211; H\u00f3a ch\u1ea5t ph\u1ed5 th\u00f4ng<\/p>\n<\/li>\n<li data-start=\"856\" data-end=\"943\">\n<p data-start=\"858\" data-end=\"943\"><strong data-start=\"858\" data-end=\"899\">In d\u1ec5 d\u00e0ng, kh\u00f4ng c\u1ea7n bu\u1ed3ng nhi\u1ec7t \u0111\u1ed9:<\/strong><br data-start=\"899\" data-end=\"902\" \/>PETG d\u1ec5 in nh\u01b0 PLA nh\u01b0ng m\u1ea1nh m\u1ebd nh\u01b0 ABS.<\/p>\n<\/li>\n<li data-start=\"945\" data-end=\"1047\">\n<p data-start=\"947\" data-end=\"1047\"><strong data-start=\"947\" data-end=\"992\">Kh\u00f4ng t\u1ea1p ch\u1ea5t \u2013 \u0110\u01b0\u1eddng k\u00ednh s\u1ee3i \u0111\u1ed3ng \u0111\u1ec1u:<\/strong><br data-start=\"992\" data-end=\"995\" \/>Mang l\u1ea1i kh\u1ea3 n\u0103ng in m\u01b0\u1ee3t m\u00e0, kh\u00f4ng b\u1ecb t\u1eafc \u0111\u1ea7u phun.<\/p>\n<\/li>\n<li data-start=\"1049\" data-end=\"1167\">\n<p data-start=\"1051\" data-end=\"1167\"><strong data-start=\"1051\" data-end=\"1082\">B\u1ec1 m\u1eb7t in b\u00f3ng \u0111\u1eb9p, m\u1edd m\u1ecbn:<\/strong><br data-start=\"1082\" data-end=\"1085\" \/>Th\u00e0nh ph\u1ea9m \u0111\u1ea1t \u0111\u1ed9 ho\u00e0n thi\u1ec7n cao, ph\u00f9 h\u1ee3p cho in tr\u01b0ng b\u00e0y ho\u1eb7c \u1ee9ng d\u1ee5ng k\u1ef9 thu\u1eadt.<\/p>\n<\/li>\n<li data-start=\"1169\" data-end=\"1284\">\n<p data-start=\"1171\" data-end=\"1284\"><strong data-start=\"1171\" data-end=\"1206\">\u1ed0ng cu\u1ed9n l\u1edbn 2.5kg \/ 3kg \/ 5kg:<\/strong><br data-start=\"1206\" data-end=\"1209\" \/>Gi\u1ea3m th\u1eddi gian thay cu\u1ed9n, n\u00e2ng cao hi\u1ec7u su\u1ea5t v\u00e0 ti\u1ebft ki\u1ec7m chi ph\u00ed v\u1eadn h\u00e0nh.<\/p>\n<\/li>\n<\/ul>\n<hr data-start=\"1286\" data-end=\"1289\" \/>\n<h3 data-start=\"1291\" data-end=\"1318\">\ud83e\uddea <strong data-start=\"1298\" data-end=\"1318\">Th\u00f4ng s\u1ed1 n\u1ed5i b\u1eadt<\/strong><\/h3>\n<ul data-start=\"1320\" data-end=\"1491\">\n<li data-start=\"1320\" data-end=\"1339\">\n<p data-start=\"1322\" data-end=\"1339\">Kh\u00f4ng th\u1ea5m n\u01b0\u1edbc<\/p>\n<\/li>\n<li data-start=\"1340\" data-end=\"1361\">\n<p data-start=\"1342\" data-end=\"1361\">\u0110\u1ed9 b\u1ec1n c\u01a1 h\u1ecdc cao<\/p>\n<\/li>\n<li data-start=\"1362\" data-end=\"1383\">\n<p data-start=\"1364\" data-end=\"1383\">\u0110\u1ed9 trong su\u1ed1t cao<\/p>\n<\/li>\n<li data-start=\"1384\" data-end=\"1402\">\n<p data-start=\"1386\" data-end=\"1402\">Kh\u00e1ng h\u00f3a ch\u1ea5t<\/p>\n<\/li>\n<li data-start=\"1403\" data-end=\"1421\">\n<p data-start=\"1405\" data-end=\"1421\">Kh\u00f4ng t\u1ea1p ch\u1ea5t<\/p>\n<\/li>\n<li data-start=\"1422\" data-end=\"1441\">\n<p data-start=\"1424\" data-end=\"1441\">D\u1ebbo dai h\u01a1n ABS<\/p>\n<\/li>\n<li data-start=\"1442\" data-end=\"1461\">\n<p data-start=\"1444\" data-end=\"1461\">M\u00e0u s\u1eafc \u0111a d\u1ea1ng<\/p>\n<\/li>\n<li data-start=\"1462\" data-end=\"1491\">\n<p data-start=\"1464\" data-end=\"1491\">Th\u00e2n thi\u1ec7n v\u1edbi m\u00f4i tr\u01b0\u1eddng<\/p>\n<\/li>\n<\/ul>\n<hr data-start=\"1493\" data-end=\"1496\" \/>\n<h3 data-start=\"1498\" data-end=\"1527\">\ud83d\udee0\ufe0f <strong data-start=\"1506\" data-end=\"1527\">\u1ee8ng d\u1ee5ng ph\u1ed5 bi\u1ebfn<\/strong><\/h3>\n<ul data-start=\"1529\" data-end=\"1698\">\n<li data-start=\"1529\" data-end=\"1557\">\n<p data-start=\"1531\" data-end=\"1557\">Ph\u1ee5 ki\u1ec7n ch\u1ed1ng th\u1ea5m n\u01b0\u1edbc<\/p>\n<\/li>\n<li data-start=\"1558\" data-end=\"1578\">\n<p data-start=\"1560\" data-end=\"1578\">Ph\u1ee5 t\u00f9ng m\u00e1y m\u00f3c<\/p>\n<\/li>\n<li data-start=\"1579\" data-end=\"1610\">\n<p data-start=\"1581\" data-end=\"1610\">V\u1eadt d\u1ee5ng gia \u0111\u00ecnh, b\u00ecnh hoa<\/p>\n<\/li>\n<li data-start=\"1611\" data-end=\"1638\">\n<p data-start=\"1613\" data-end=\"1638\">\u0110\u1ed3 ch\u01a1i, v\u0103n ph\u00f2ng ph\u1ea9m<\/p>\n<\/li>\n<li data-start=\"1639\" data-end=\"1677\">\n<p data-start=\"1641\" data-end=\"1677\">Ph\u1ee5 ki\u1ec7n \u0111i\u1ec7n t\u1eed, h\u1ed9p \u0111\u1ef1ng m\u1ef9 ph\u1ea9m<\/p>\n<\/li>\n<li data-start=\"1678\" data-end=\"1698\">\n<p data-start=\"1680\" data-end=\"1698\">S\u1ea3n ph\u1ea9m qu\u1ea3ng c\u00e1o<\/p>\n<\/li>\n<\/ul>\n<hr data-start=\"1700\" data-end=\"1703\" \/>\n<h3 data-start=\"1705\" data-end=\"1753\">\u2705 <strong data-start=\"1711\" data-end=\"1753\">T\u01b0\u01a1ng th\u00edch v\u1edbi c\u00e1c d\u00f2ng m\u00e1y in 3D FDM<\/strong><\/h3>\n<p data-start=\"1755\" data-end=\"1881\">Creality, BIQU, FLSUN, Bambulab, Flashforge, Raise3D, JGMaker, Anycubic\u2026 v\u00e0 h\u1ea7u h\u1ebft c\u00e1c d\u00f2ng m\u00e1y in 3D DIY s\u1eed d\u1ee5ng s\u1ee3i 1.75mm.<\/p>\n<blockquote class=\"wp-embedded-content\" data-secret=\"N37cvB68Ed\"><p><a href=\"https:\/\/nge.vn\/en\/product\/may-in-3d-fdm-creality-hi-combo\/\">M\u00e1y in 3d FDM Creality Hi Combo t\u1ed1c \u0111\u1ed9 in max 500mm\/s<\/a><\/p><\/blockquote>\n<p><iframe loading=\"lazy\" class=\"wp-embedded-content\" sandbox=\"allow-scripts\" security=\"restricted\" style=\"position: absolute; visibility: hidden;\" title=\"&#8220;M\u00e1y in 3d FDM Creality Hi Combo t\u1ed1c \u0111\u1ed9 in max 500mm\/s&#8221; &#8212; NGE 3D Printers Services\" src=\"https:\/\/nge.vn\/san-pham\/may-in-3d-fdm-creality-hi-combo\/embed\/#?secret=i0O7r7Unwo#?secret=N37cvB68Ed\" data-secret=\"N37cvB68Ed\" width=\"600\" height=\"338\" frameborder=\"0\" marginwidth=\"0\" marginheight=\"0\" scrolling=\"no\"><\/iframe><\/p>\n<p data-start=\"1755\" data-end=\"1881\">-\u0110\u00e2y l\u00e0 c\u00e1c trang b\u00e1n h\u00e0ng b\u00ean m\u00ecnh NGE 3D Printer Services chuy\u00ean cung c\u1ea5p Nh\u1ef1a in 3D v\u00e0 M\u00e1y in 3D c\u1ee7a H\u00e3ng ESUN, Flsun, BIQU, Creality, eMake3d&#8230;<br \/>\n\ud83d\uded2Shopee =&gt; https:\/\/shopee.vn\/nge3dprinter<br \/>\n\ud83d\uded2Shopee =&gt; https:\/\/shopee.vn\/nge3dservices<br \/>\n\ud83d\uded2Shopee Voron v\u00e0 eMake3D =&gt; https:\/\/shopee.vn\/3dmasterpower<br \/>\n\ud83d\uded2Shopee eMake3D =&gt; https:\/\/shopee.vn\/nge3dprinting<br \/>\n\ud83d\uded2Lazada =&gt; https:\/\/www.lazada.vn\/shop\/nge-3d-printer<br \/>\n\ud83d\uded2Lazada =&gt; https:\/\/www.lazada.vn\/shop\/nge-3d-printer-services<br \/>\n\ud83d\uded2Lazada =&gt; https:\/\/www.lazada.vn\/shop\/emake3d-vn<br \/>\n\ud83d\uded2Webslite Th\u1ebf H\u1ec7 K\u1ebf Ti\u1ebfp =&gt;https:\/\/www.theheketiep.com\/<br \/>\n\ud83d\uded2Webslite NGE.VN =&gt;https:\/\/www.nge.vn\/<br \/>\nHo\u1eb7c b\u1ea1n g\u1ecdi 094.144.0951 g\u1eb7p m\u00ecnh<br \/>\nHo\u1eb7c 0913939775 g\u1eb7p anh Qu\u00e2n<br \/>\n** Price does not include VAT (+8 or 10% if VAT invoice is issued)<\/p>","protected":false},"excerpt":{"rendered":"<p data-start=\"2226\" data-end=\"2390\">S\u1ee3i nh\u1ef1a in 3D PETG \u2013 ch\u1ed1ng n\u01b0\u1edbc, kh\u00e1ng h\u00f3a ch\u1ea5t, \u0111\u1ed9 b\u1ec1n cao, d\u1ec5 in nh\u01b0 PLA, d\u1ebbo dai nh\u01b0 ABS. C\u00f3 cu\u1ed9n l\u1edbn 2.5kg\u20135kg, ti\u1ebft ki\u1ec7m th\u1eddi gian v\u00e0 chi ph\u00ed cho in li\u00ean t\u1ee5c.<\/p>","protected":false},"featured_media":6291,"comment_status":"open","ping_status":"closed","template":"","meta":{"inline_featured_image":false},"product_brand":[],"product_cat":[455,456,466],"product_tag":[619,830,663,831],"class_list":{"0":"post-6282","1":"product","2":"type-product","3":"status-publish","4":"has-post-thumbnail","6":"product_cat-nhua-in-3d","7":"product_cat-nhua-in-3d-fdm","8":"product_cat-soi-nhua-esun-fdm","9":"product_tag-esun","10":"product_tag-fdm","11":"product_tag-nge3d","12":"product_tag-petg","14":"first","15":"instock","16":"taxable","17":"shipping-taxable","18":"purchasable","19":"product-type-variable"},"yoast_head":"<!-- This site is optimized with the Yoast SEO Premium plugin v22.8 (Yoast SEO v26.9) - https:\/\/yoast.com\/product\/yoast-seo-premium-wordpress\/ -->\n<title>Nh\u1ef1a in 3d FDM eSun PETG kh\u00e1ng n\u01b0\u1edbc, h\u00f3a ch\u1ea5t v\u00e0 c\u00f3 \u0111\u1ed9 b\u1ec1n cao 2.5kg\/ Cu\u1ed9n - NGE 3D Printers Services<\/title>\n<meta name=\"description\" content=\"S\u1ee3i nh\u1ef1a in 3D PETG \u2013 ch\u1ed1ng n\u01b0\u1edbc, kh\u00e1ng h\u00f3a ch\u1ea5t, \u0111\u1ed9 b\u1ec1n cao, d\u1ec5 in nh\u01b0 PLA, d\u1ebbo dai nh\u01b0 ABS. Cu\u1ed9n l\u1edbn 2.5kg\u20135kg gi\u00fap ti\u1ebft ki\u1ec7m th\u1eddi gian v\u00e0 chi ph\u00ed.\" \/>\n<meta name=\"robots\" content=\"index, follow, max-snippet:-1, max-image-preview:large, max-video-preview:-1\" \/>\n<link rel=\"canonical\" href=\"https:\/\/nge.vn\/en\/product\/nhua-in-3d-fdm-esun-petg-khang-nuoc-hoa-chat-va-co-do-ben-cao-2-5kg-cuon\/\" \/>\n<meta property=\"og:locale\" content=\"en_US\" \/>\n<meta property=\"og:type\" content=\"article\" \/>\n<meta property=\"og:title\" content=\"Nh\u1ef1a in 3d FDM eSun PETG kh\u00e1ng n\u01b0\u1edbc, h\u00f3a ch\u1ea5t v\u00e0 c\u00f3 \u0111\u1ed9 b\u1ec1n cao 2.5kg\/ Cu\u1ed9n\" \/>\n<meta property=\"og:description\" content=\"S\u1ee3i nh\u1ef1a in 3D PETG \u2013 ch\u1ed1ng n\u01b0\u1edbc, kh\u00e1ng h\u00f3a ch\u1ea5t, \u0111\u1ed9 b\u1ec1n cao, d\u1ec5 in nh\u01b0 PLA, d\u1ebbo dai nh\u01b0 ABS. Cu\u1ed9n l\u1edbn 2.5kg\u20135kg gi\u00fap ti\u1ebft ki\u1ec7m th\u1eddi gian v\u00e0 chi ph\u00ed.\" \/>\n<meta property=\"og:url\" content=\"https:\/\/nge.vn\/en\/product\/nhua-in-3d-fdm-esun-petg-khang-nuoc-hoa-chat-va-co-do-ben-cao-2-5kg-cuon\/\" \/>\n<meta property=\"og:site_name\" content=\"NGE 3D Printers Services\" \/>\n<meta property=\"article:modified_time\" content=\"2025-08-05T10:49:55+00:00\" \/>\n<meta property=\"og:image\" content=\"https:\/\/nge.vn\/wp-content\/uploads\/2025\/08\/vn-11134207-7ra0g-m6qcm9t0veqga7_tn.jpeg\" \/>\n\t<meta property=\"og:image:width\" content=\"320\" \/>\n\t<meta property=\"og:image:height\" content=\"320\" \/>\n\t<meta property=\"og:image:type\" content=\"image\/jpeg\" \/>\n<meta name=\"twitter:card\" content=\"summary_large_image\" \/>\n<meta name=\"twitter:label1\" content=\"Est. reading time\" \/>\n\t<meta name=\"twitter:data1\" content=\"3 minutes\" \/>\n<script type=\"application\/ld+json\" class=\"yoast-schema-graph\">{\"@context\":\"https:\/\/schema.org\",\"@graph\":[{\"@type\":\"WebPage\",\"@id\":\"https:\/\/nge.vn\/san-pham\/nhua-in-3d-fdm-esun-petg-khang-nuoc-hoa-chat-va-co-do-ben-cao-2-5kg-cuon\/\",\"url\":\"https:\/\/nge.vn\/san-pham\/nhua-in-3d-fdm-esun-petg-khang-nuoc-hoa-chat-va-co-do-ben-cao-2-5kg-cuon\/\",\"name\":\"Nh\u1ef1a in 3d FDM eSun PETG kh\u00e1ng n\u01b0\u1edbc, h\u00f3a ch\u1ea5t v\u00e0 c\u00f3 \u0111\u1ed9 b\u1ec1n cao 2.5kg\/ Cu\u1ed9n - NGE 3D Printers Services\",\"isPartOf\":{\"@id\":\"https:\/\/nge.vn\/#website\"},\"primaryImageOfPage\":{\"@id\":\"https:\/\/nge.vn\/san-pham\/nhua-in-3d-fdm-esun-petg-khang-nuoc-hoa-chat-va-co-do-ben-cao-2-5kg-cuon\/#primaryimage\"},\"image\":{\"@id\":\"https:\/\/nge.vn\/san-pham\/nhua-in-3d-fdm-esun-petg-khang-nuoc-hoa-chat-va-co-do-ben-cao-2-5kg-cuon\/#primaryimage\"},\"thumbnailUrl\":\"https:\/\/nge.vn\/wp-content\/uploads\/2025\/08\/vn-11134207-7ra0g-m6qcm9t0veqga7_tn.jpeg\",\"datePublished\":\"2025-08-05T10:49:03+00:00\",\"dateModified\":\"2025-08-05T10:49:55+00:00\",\"description\":\"S\u1ee3i nh\u1ef1a in 3D PETG \u2013 ch\u1ed1ng n\u01b0\u1edbc, kh\u00e1ng h\u00f3a ch\u1ea5t, \u0111\u1ed9 b\u1ec1n cao, d\u1ec5 in nh\u01b0 PLA, d\u1ebbo dai nh\u01b0 ABS. Cu\u1ed9n l\u1edbn 2.5kg\u20135kg gi\u00fap ti\u1ebft ki\u1ec7m th\u1eddi gian v\u00e0 chi ph\u00ed.\",\"breadcrumb\":{\"@id\":\"https:\/\/nge.vn\/san-pham\/nhua-in-3d-fdm-esun-petg-khang-nuoc-hoa-chat-va-co-do-ben-cao-2-5kg-cuon\/#breadcrumb\"},\"inLanguage\":\"en-US\",\"potentialAction\":[{\"@type\":\"ReadAction\",\"target\":[\"https:\/\/nge.vn\/san-pham\/nhua-in-3d-fdm-esun-petg-khang-nuoc-hoa-chat-va-co-do-ben-cao-2-5kg-cuon\/\"]}]},{\"@type\":\"ImageObject\",\"inLanguage\":\"en-US\",\"@id\":\"https:\/\/nge.vn\/san-pham\/nhua-in-3d-fdm-esun-petg-khang-nuoc-hoa-chat-va-co-do-ben-cao-2-5kg-cuon\/#primaryimage\",\"url\":\"https:\/\/nge.vn\/wp-content\/uploads\/2025\/08\/vn-11134207-7ra0g-m6qcm9t0veqga7_tn.jpeg\",\"contentUrl\":\"https:\/\/nge.vn\/wp-content\/uploads\/2025\/08\/vn-11134207-7ra0g-m6qcm9t0veqga7_tn.jpeg\",\"width\":320,\"height\":320,\"caption\":\"esun petg 2.5kg\"},{\"@type\":\"BreadcrumbList\",\"@id\":\"https:\/\/nge.vn\/san-pham\/nhua-in-3d-fdm-esun-petg-khang-nuoc-hoa-chat-va-co-do-ben-cao-2-5kg-cuon\/#breadcrumb\",\"itemListElement\":[{\"@type\":\"ListItem\",\"position\":1,\"name\":\"Trang ch\u1ee7\",\"item\":\"https:\/\/nge.vn\/\"},{\"@type\":\"ListItem\",\"position\":2,\"name\":\"S\u1ea3n ph\u1ea9m\",\"item\":\"https:\/\/nge.vn\/san-pham\/\"},{\"@type\":\"ListItem\",\"position\":3,\"name\":\"Nh\u1ef1a in 3d FDM eSun PETG kh\u00e1ng n\u01b0\u1edbc, h\u00f3a ch\u1ea5t v\u00e0 c\u00f3 \u0111\u1ed9 b\u1ec1n cao 2.5kg\/ Cu\u1ed9n\"}]},{\"@type\":\"WebSite\",\"@id\":\"https:\/\/nge.vn\/#website\",\"url\":\"https:\/\/nge.vn\/\",\"name\":\"NGE 3D Printers Services\",\"description\":\"\",\"potentialAction\":[{\"@type\":\"SearchAction\",\"target\":{\"@type\":\"EntryPoint\",\"urlTemplate\":\"https:\/\/nge.vn\/?s={search_term_string}\"},\"query-input\":{\"@type\":\"PropertyValueSpecification\",\"valueRequired\":true,\"valueName\":\"search_term_string\"}}],\"inLanguage\":\"en-US\"}]}<\/script>\n<!-- \/ Yoast SEO Premium plugin. -->","yoast_head_json":{"title":"Nh\u1ef1a in 3d FDM eSun PETG kh\u00e1ng n\u01b0\u1edbc, h\u00f3a ch\u1ea5t v\u00e0 c\u00f3 \u0111\u1ed9 b\u1ec1n cao 2.5kg\/ Cu\u1ed9n - NGE 3D Printers Services","description":"S\u1ee3i nh\u1ef1a in 3D PETG \u2013 ch\u1ed1ng n\u01b0\u1edbc, kh\u00e1ng h\u00f3a ch\u1ea5t, \u0111\u1ed9 b\u1ec1n cao, d\u1ec5 in nh\u01b0 PLA, d\u1ebbo dai nh\u01b0 ABS. Cu\u1ed9n l\u1edbn 2.5kg\u20135kg gi\u00fap ti\u1ebft ki\u1ec7m th\u1eddi gian v\u00e0 chi ph\u00ed.","robots":{"index":"index","follow":"follow","max-snippet":"max-snippet:-1","max-image-preview":"max-image-preview:large","max-video-preview":"max-video-preview:-1"},"canonical":"https:\/\/nge.vn\/en\/product\/nhua-in-3d-fdm-esun-petg-khang-nuoc-hoa-chat-va-co-do-ben-cao-2-5kg-cuon\/","og_locale":"en_US","og_type":"article","og_title":"Nh\u1ef1a in 3d FDM eSun PETG kh\u00e1ng n\u01b0\u1edbc, h\u00f3a ch\u1ea5t v\u00e0 c\u00f3 \u0111\u1ed9 b\u1ec1n cao 2.5kg\/ Cu\u1ed9n","og_description":"S\u1ee3i nh\u1ef1a in 3D PETG \u2013 ch\u1ed1ng n\u01b0\u1edbc, kh\u00e1ng h\u00f3a ch\u1ea5t, \u0111\u1ed9 b\u1ec1n cao, d\u1ec5 in nh\u01b0 PLA, d\u1ebbo dai nh\u01b0 ABS. Cu\u1ed9n l\u1edbn 2.5kg\u20135kg gi\u00fap ti\u1ebft ki\u1ec7m th\u1eddi gian v\u00e0 chi ph\u00ed.","og_url":"https:\/\/nge.vn\/en\/product\/nhua-in-3d-fdm-esun-petg-khang-nuoc-hoa-chat-va-co-do-ben-cao-2-5kg-cuon\/","og_site_name":"NGE 3D Printers Services","article_modified_time":"2025-08-05T10:49:55+00:00","og_image":[{"width":320,"height":320,"url":"https:\/\/nge.vn\/wp-content\/uploads\/2025\/08\/vn-11134207-7ra0g-m6qcm9t0veqga7_tn.jpeg","type":"image\/jpeg"}],"twitter_card":"summary_large_image","twitter_misc":{"Est. reading time":"3 minutes"},"schema":{"@context":"https:\/\/schema.org","@graph":[{"@type":"WebPage","@id":"https:\/\/nge.vn\/san-pham\/nhua-in-3d-fdm-esun-petg-khang-nuoc-hoa-chat-va-co-do-ben-cao-2-5kg-cuon\/","url":"https:\/\/nge.vn\/san-pham\/nhua-in-3d-fdm-esun-petg-khang-nuoc-hoa-chat-va-co-do-ben-cao-2-5kg-cuon\/","name":"Nh\u1ef1a in 3d FDM eSun PETG kh\u00e1ng n\u01b0\u1edbc, h\u00f3a ch\u1ea5t v\u00e0 c\u00f3 \u0111\u1ed9 b\u1ec1n cao 2.5kg\/ Cu\u1ed9n - NGE 3D Printers Services","isPartOf":{"@id":"https:\/\/nge.vn\/#website"},"primaryImageOfPage":{"@id":"https:\/\/nge.vn\/san-pham\/nhua-in-3d-fdm-esun-petg-khang-nuoc-hoa-chat-va-co-do-ben-cao-2-5kg-cuon\/#primaryimage"},"image":{"@id":"https:\/\/nge.vn\/san-pham\/nhua-in-3d-fdm-esun-petg-khang-nuoc-hoa-chat-va-co-do-ben-cao-2-5kg-cuon\/#primaryimage"},"thumbnailUrl":"https:\/\/nge.vn\/wp-content\/uploads\/2025\/08\/vn-11134207-7ra0g-m6qcm9t0veqga7_tn.jpeg","datePublished":"2025-08-05T10:49:03+00:00","dateModified":"2025-08-05T10:49:55+00:00","description":"S\u1ee3i nh\u1ef1a in 3D PETG \u2013 ch\u1ed1ng n\u01b0\u1edbc, kh\u00e1ng h\u00f3a ch\u1ea5t, \u0111\u1ed9 b\u1ec1n cao, d\u1ec5 in nh\u01b0 PLA, d\u1ebbo dai nh\u01b0 ABS. Cu\u1ed9n l\u1edbn 2.5kg\u20135kg gi\u00fap ti\u1ebft ki\u1ec7m th\u1eddi gian v\u00e0 chi ph\u00ed.","breadcrumb":{"@id":"https:\/\/nge.vn\/san-pham\/nhua-in-3d-fdm-esun-petg-khang-nuoc-hoa-chat-va-co-do-ben-cao-2-5kg-cuon\/#breadcrumb"},"inLanguage":"en-US","potentialAction":[{"@type":"ReadAction","target":["https:\/\/nge.vn\/san-pham\/nhua-in-3d-fdm-esun-petg-khang-nuoc-hoa-chat-va-co-do-ben-cao-2-5kg-cuon\/"]}]},{"@type":"ImageObject","inLanguage":"en-US","@id":"https:\/\/nge.vn\/san-pham\/nhua-in-3d-fdm-esun-petg-khang-nuoc-hoa-chat-va-co-do-ben-cao-2-5kg-cuon\/#primaryimage","url":"https:\/\/nge.vn\/wp-content\/uploads\/2025\/08\/vn-11134207-7ra0g-m6qcm9t0veqga7_tn.jpeg","contentUrl":"https:\/\/nge.vn\/wp-content\/uploads\/2025\/08\/vn-11134207-7ra0g-m6qcm9t0veqga7_tn.jpeg","width":320,"height":320,"caption":"esun petg 2.5kg"},{"@type":"BreadcrumbList","@id":"https:\/\/nge.vn\/san-pham\/nhua-in-3d-fdm-esun-petg-khang-nuoc-hoa-chat-va-co-do-ben-cao-2-5kg-cuon\/#breadcrumb","itemListElement":[{"@type":"ListItem","position":1,"name":"Trang ch\u1ee7","item":"https:\/\/nge.vn\/"},{"@type":"ListItem","position":2,"name":"S\u1ea3n ph\u1ea9m","item":"https:\/\/nge.vn\/san-pham\/"},{"@type":"ListItem","position":3,"name":"Nh\u1ef1a in 3d FDM eSun PETG kh\u00e1ng n\u01b0\u1edbc, h\u00f3a ch\u1ea5t v\u00e0 c\u00f3 \u0111\u1ed9 b\u1ec1n cao 2.5kg\/ Cu\u1ed9n"}]},{"@type":"WebSite","@id":"https:\/\/nge.vn\/#website","url":"https:\/\/nge.vn\/","name":"NGE 3D Printers Services","description":"","potentialAction":[{"@type":"SearchAction","target":{"@type":"EntryPoint","urlTemplate":"https:\/\/nge.vn\/?s={search_term_string}"},"query-input":{"@type":"PropertyValueSpecification","valueRequired":true,"valueName":"search_term_string"}}],"inLanguage":"en-US"}]}},"_links":{"self":[{"href":"https:\/\/nge.vn\/en\/wp-json\/wp\/v2\/product\/6282","targetHints":{"allow":["GET"]}}],"collection":[{"href":"https:\/\/nge.vn\/en\/wp-json\/wp\/v2\/product"}],"about":[{"href":"https:\/\/nge.vn\/en\/wp-json\/wp\/v2\/types\/product"}],"replies":[{"embeddable":true,"href":"https:\/\/nge.vn\/en\/wp-json\/wp\/v2\/comments?post=6282"}],"wp:featuredmedia":[{"embeddable":true,"href":"https:\/\/nge.vn\/en\/wp-json\/wp\/v2\/media\/6291"}],"wp:attachment":[{"href":"https:\/\/nge.vn\/en\/wp-json\/wp\/v2\/media?parent=6282"}],"wp:term":[{"taxonomy":"product_brand","embeddable":true,"href":"https:\/\/nge.vn\/en\/wp-json\/wp\/v2\/product_brand?post=6282"},{"taxonomy":"product_cat","embeddable":true,"href":"https:\/\/nge.vn\/en\/wp-json\/wp\/v2\/product_cat?post=6282"},{"taxonomy":"product_tag","embeddable":true,"href":"https:\/\/nge.vn\/en\/wp-json\/wp\/v2\/product_tag?post=6282"}],"curies":[{"name":"wp","href":"https:\/\/api.w.org\/{rel}","templated":true}]}}