{"id":627,"date":"2024-10-25T13:06:10","date_gmt":"2024-10-25T06:06:10","guid":{"rendered":"https:\/\/nge.123websitedev.com\/san-pham\/board-dieu-khien-may-in-3d-motherboard-cr-era_v1-1-0-3-dung-cho-cr-6-se-va-cr-6-max\/"},"modified":"2024-10-29T17:24:40","modified_gmt":"2024-10-29T10:24:40","slug":"board-dieu-khien-may-in-3d-motherboard-cr-era_v1-1-0-3-dung-cho-cr-6-se-va-cr-6-max","status":"publish","type":"product","link":"https:\/\/nge.vn\/en\/product\/board-dieu-khien-may-in-3d-motherboard-cr-era_v1-1-0-3-dung-cho-cr-6-se-va-cr-6-max\/","title":{"rendered":"Board \u0111i\u1ec1u khi\u1ec3n m\u00e1y in 3d Motherboard CR-ERA_V1.1.0.3 d\u00f9ng cho CR-6 SE v\u00e0 CR-6 MAX&#8230;"},"content":{"rendered":"<p>Board \u0111i\u1ec1u khi\u1ec3n m\u00e1y in 3d im l\u1eb7ng Motherboard CR-ERA_V1.1.0.3 d\u00f9ng cho CR-6 SE v\u00e0 CR-6 MAX<br \/>\n_Im l\u1eb7ng nh\u01b0ng m\u1ea1nh m\u1ebd<br \/>\n_Hi\u1ec7u su\u1ea5t m\u1ea1nh m\u1ebd si\u00eau im l\u1eb7ng<br \/>\n_T\u1ea3n nhi\u1ec7t si\u00eau t\u1ed1c<\/p>\n<p>_IC cao c\u1ea5p cho b\u1ea1n t\u1eadn h\u01b0\u1edfng kh\u1ea3 n\u0103ng in im l\u1eb7ng<\/p>\n<p>+Tr\u00ecnh \u0111i\u1ec1u khi\u1ec3n si\u00eau im l\u1eb7ng TMC c\u1ee7a \u0110\u1ee9c<br \/>\nIn im l\u1eb7ng &lt;50dB<br \/>\n+IC ST cao c\u1ea5p<br \/>\nTruy\u1ec1n \u0111\u1ed9ng v\u00e0 \u0111i\u1ec1u khi\u1ec3n t\u00edch h\u1ee3p<\/p>\n<p>+Chip qu\u1ea3n l\u00fd \u0111i\u1ec7n n\u0103ng \u0111\u1eb7c bi\u1ec7t<br \/>\n\u0110\u1ea7u v\u00e0o ngu\u1ed3n 24V<\/p>\n<p>+V\u1eadt li\u1ec7u cao c\u1ea5p<br \/>\nMOS ch\u1ea5t l\u01b0\u1ee3ng cao<\/p>\n<p>+Nhi\u1ec1u ch\u1ee9c n\u0103ng<br \/>\nT\u1ef1 \u0111\u1ed9ng san l\u1ea5p m\u1eb7t b\u1eb1ng v\u00e0 ph\u00e1t hi\u1ec7n s\u1ee3i nh\u1ef1a<\/p>\n<p>+Thi\u1ebft k\u1ebf th\u00e2n thi\u1ec7n v\u1edbi ng\u01b0\u1eddi d\u00f9ng<br \/>\nD\u1ec5 d\u00e0ng c\u00e0i \u0111\u1eb7t<\/p>\n<p>_IC si\u00eau im l\u1eb7ng TMC c\u1ee7a \u0110\u1ee9c: Si\u00eau gi\u1ea3m ti\u1ebfng \u1ed3n, in im l\u1eb7ng<br \/>\n_Chip si\u00eau im l\u1eb7ng TMC lo\u1ea1i b\u1ecf hi\u1ec7u qu\u1ea3 ti\u1ebfng \u1ed3n; Ho\u1ea1t \u0111\u1ed9ng im l\u1eb7ng, Bo m\u1ea1ch ch\u1ee7 ch\u1ea1y v\u1edbi ti\u1ebfng \u1ed3n d\u01b0\u1edbi 50dB<br \/>\nTi\u1ebfng \u1ed3n gi\u1ea3m 25%<\/p>\n<p>TMC \u1ed4 \u0111\u0129a si\u00eau im l\u1eb7ng<br \/>\n&lt;50dB \u0110\u1ed9 \u1ed3n<br \/>\n60% hi\u1ec7u \u1ee9ng gi\u1ea3m ti\u1ebfng \u1ed3n<\/p>\n<p>_\u0110\u01b0\u1ee3c thi\u1ebft k\u1ebf b\u1edfi Creality, ho\u1ea1t \u0111\u1ed9ng \u1ed5n \u0111\u1ecbnh h\u01a1n<br \/>\nHi\u1ec7u su\u1ea5t cao v\u00e0 ti\u00eau th\u1ee5 n\u0103ng l\u01b0\u1ee3ng th\u1ea5p<\/p>\n<p>_Bo m\u1ea1ch ch\u1ee7 m\u1edbi t\u1ef1 ph\u00e1t tri\u1ec3n v\u00e0 n\u00e2ng c\u1ea5p: Kh\u1ea3 n\u0103ng ch\u1ed1ng nhi\u1ec5u m\u1ea1nh m\u1ebd<br \/>\n+\u0110\u01b0\u1ee3c trang b\u1ecb MCU 32-bit<br \/>\n+\u0110\u1ea7u v\u00e0o ngu\u1ed3n 24V<br \/>\n+C\u1ea3i thi\u1ec7n \u0111\u1ed9 \u1ed5n \u0111\u1ecbnh<br \/>\n+B\u1ea3o v\u1ec7 ESD<\/p>\n<p>_Hi\u1ec7u su\u1ea5t tuy\u1ec7t v\u1eddi<br \/>\nIC cao c\u1ea5p, t\u1ed1c \u0111\u1ed9 t\u00ednh to\u00e1n nhanh h\u01a1n, \u0111i\u1ec1u khi\u1ec3n ho\u1ea1t \u0111\u1ed9ng nh\u1ea1y h\u01a1n, in ch\u00ednh x\u00e1c cao, hi\u1ec7u su\u1ea5t m\u1ea1nh m\u1ebd h\u01a1n<\/p>\n<p>_H\u01a1n c\u1ea3 vi\u1ec7c in \u1ea5n tr\u00f4i ch\u1ea3y: B\u1ed9 vi x\u1eed l\u00fd chip \u0111\u01a1n ST 32-bit cho t\u1ed1c \u0111\u1ed9 ho\u1ea1t \u0111\u1ed9ng cao<\/p>\n<p>+T\u0103ng \u0111\u1ed9 \u1ed5n \u0111\u1ecbnh l\u00ean 48,5%<br \/>\n+Gi\u1ea3m t\u1ef7 l\u1ec7 tr\u1ec5 xu\u1ed1ng 83,7%<\/p>\n<p>_C\u1ea3m gi\u00e1c m\u00e1t m\u1ebb:\u00a0Thi\u1ebft k\u1ebf t\u1ea3n nhi\u1ec7t to\u00e0n di\u1ec7n<br \/>\nC\u00e1c gi\u1ea3i ph\u00e1p l\u00e0m m\u00e1t ti\u00ean ti\u1ebfn, cho ph\u00e9p h\u1ec7 th\u1ed1ng l\u00e0m m\u00e1t c\u00f3 th\u1ec3 d\u1ec5 d\u00e0ng \u0111\u1ed1i ph\u00f3 v\u1edbi nhi\u1ec1u t\u00ecnh hu\u1ed1ng h\u01a1n<\/p>\n<p>_Nguy\u00ean li\u1ec7u ch\u1ecdn l\u1ecdc kh\u1eaft khe, s\u1eed d\u1ee5ng l\u00e2u b\u1ec1n.<br \/>\n+S\u1eed d\u1ee5ng \u1ed1ng MOS ch\u1ea5t l\u01b0\u1ee3ng cao, tr\u1edf kh\u00e1ng \u0111\u1ea7u v\u00e0o cao, ti\u1ebfng \u1ed3n th\u1ea5p, \u1ed5n \u0111\u1ecbnh nhi\u1ec7t t\u1ed1t.<br \/>\n+V\u1eadt li\u1ec7u d\u1eabn \u0111i\u1ec7n \u0111\u01b0\u1ee3c bao b\u1ecdc ho\u00e0n to\u00e0n c\u00f3 th\u1ec3 l\u00e0m cho n\u00f3 ch\u1ed1ng oxy h\u00f3a, \u0103n m\u00f2n v\u00e0 ch\u1ecbu nhi\u1ec7t \u0111\u1ed9 cao, \u0111\u1ea3m b\u1ea3o c\u00f4ng vi\u1ec7c \u1ed5n \u0111\u1ecbnh l\u00e2u d\u00e0i<\/p>\n<p>\u1ed0ng MOS ch\u1ea5t l\u01b0\u1ee3ng cao: \u1ed4n \u0111\u1ecbnh nhi\u1ec7t t\u1ed1t<br \/>\nH\u00e0ng ng\u00e0n l\u1ea7n: Ki\u1ec3m tra \u0111\u1ed9 b\u1ec1n<\/p>\n<p>_Thi\u1ebft k\u1ebf \u0111\u1eb7c bi\u1ec7t an to\u00e0n<br \/>\nC\u1ea7u ch\u00ec c\u00f3 th\u1ec3 c\u1eafm v\u00e0o cung c\u1ea5p b\u1ea3o v\u1ec7 an to\u00e0n, d\u1ec5 thay th\u1ebf<\/p>\n<p>_Nhi\u1ec1u ch\u1ee9c n\u0103ng, c\u00e0i \u0111\u1eb7t d\u1ec5 d\u00e0ng<br \/>\nH\u1ed7 tr\u1ee3 t\u1ef1 \u0111\u1ed9ng san l\u1ea5p m\u1eb7t b\u1eb1ng, ph\u00e1t hi\u1ec7n thi\u1ebfu d\u00e2y t\u00f3c, d\u1ec5 d\u00e0ng c\u00e0i \u0111\u1eb7t v\u00e0 t\u1ef1 l\u00e0m<\/p>\n<p>+Brand\uff1aCreality<br \/>\n+Product name: 32-bit Silent Motherboard\u00a0CR-ERA_V1.1.0.3<br \/>\n+Application: CR-6 SE &amp; CR-6 Max<br \/>\n+Material technology: glass fiber<br \/>\n+Package Size\uff1a160*155*50mm<br \/>\n+N.W\uff1a80g<br \/>\n+G.W.\uff1a130g<br \/>\n+Packing Size\uff1a150\u00d7115\u00d745mm<br \/>\n+Model: 32bit<\/p>\n<p>***Board \u0111i\u1ec1u khi\u1ec3n m\u00e1y in 3d Motherboard CR-ERA_V1.1.0.3 d\u00f9ng cho m\u00e1y CR-6 SE v\u00e0 CR-6 MAX v\u00e0 c\u00e1c lo\u1ea1i m\u00e1y in 3d FDM c\u00f3 tr\u00ean th\u1ecb tr\u01b0\u1eddng hi\u1ec7n nay, nh\u01b0 c\u00e1c c\u1ee7a h\u00e3ng Creality, DIY&#8230;.\u00a0<\/p>\n<p>**\u0110\u1ec3 \u0111\u01b0\u1ee3c nh\u1eadn h\u1ed9 tr\u1ee3 th\u00eam v\u1ec1 Gi\u00e1 v\u00e0 Th\u00f4ng tin c\u1ee7a s\u1ea3n ph\u1ea9m, vui l\u00f2ng li\u00ean h\u1ec7:\u00a0<br \/>\n\u00a0 \u00a0 \u00a0 \u00a0 \u00a0 0913.939.775 contact A.Quan (for English)<br \/>\n\u00a0 \u00a0 \u00a0 \u00a0 \u00a0 094.144.0951 contact A.Quynh<br \/>\n**Selling price does not include VAT (+10% if VAT invoice is issued)<\/p>","protected":false},"excerpt":{"rendered":"<p>Board \u0111i\u1ec1u khi\u1ec3n m\u00e1y in 3d Motherboard CR-ERA_V1.1.0.3 d\u00f9ng cho CR-6 SE v\u00e0 CR-6 MAX&#8230;<\/p>","protected":false},"featured_media":618,"comment_status":"open","ping_status":"closed","template":"","meta":{"inline_featured_image":false},"product_brand":[],"product_cat":[462,40],"product_tag":[],"class_list":{"0":"post-627","1":"product","2":"type-product","3":"status-publish","4":"has-post-thumbnail","6":"product_cat-board-va-man-hinh-dieu-khien","7":"product_cat-linh-kien-va-phu-kien","9":"first","10":"instock","11":"taxable","12":"shipping-taxable","13":"purchasable","14":"product-type-simple"},"yoast_head":"<!-- This site is optimized with the Yoast SEO Premium plugin v22.8 (Yoast SEO v26.9) - https:\/\/yoast.com\/product\/yoast-seo-premium-wordpress\/ -->\n<title>Board \u0111i\u1ec1u khi\u1ec3n m\u00e1y in 3d Motherboard CR-ERA_V1.1.0.3 d\u00f9ng cho CR-6 SE v\u00e0 CR-6 MAX... - NGE 3D Printers Services<\/title>\n<meta name=\"robots\" content=\"index, follow, max-snippet:-1, max-image-preview:large, max-video-preview:-1\" \/>\n<link rel=\"canonical\" href=\"https:\/\/nge.vn\/en\/product\/board-dieu-khien-may-in-3d-motherboard-cr-era_v1-1-0-3-dung-cho-cr-6-se-va-cr-6-max\/\" \/>\n<meta property=\"og:locale\" content=\"en_US\" \/>\n<meta property=\"og:type\" content=\"article\" \/>\n<meta property=\"og:title\" content=\"Board \u0111i\u1ec1u khi\u1ec3n m\u00e1y in 3d Motherboard CR-ERA_V1.1.0.3 d\u00f9ng cho CR-6 SE v\u00e0 CR-6 MAX...\" \/>\n<meta property=\"og:description\" content=\"Board \u0111i\u1ec1u khi\u1ec3n m\u00e1y in 3d Motherboard CR-ERA_V1.1.0.3 d\u00f9ng cho CR-6 SE v\u00e0 CR-6 MAX...\" \/>\n<meta property=\"og:url\" content=\"https:\/\/nge.vn\/en\/product\/board-dieu-khien-may-in-3d-motherboard-cr-era_v1-1-0-3-dung-cho-cr-6-se-va-cr-6-max\/\" \/>\n<meta property=\"og:site_name\" content=\"NGE 3D Printers Services\" \/>\n<meta property=\"article:modified_time\" content=\"2024-10-29T10:24:40+00:00\" \/>\n<meta property=\"og:image\" content=\"https:\/\/nge.vn\/wp-content\/uploads\/2024\/10\/images-upload-woo2Fbe70b72353d703b40101aa80a4ecedb6.jpg\" \/>\n\t<meta property=\"og:image:width\" content=\"700\" \/>\n\t<meta property=\"og:image:height\" content=\"700\" \/>\n\t<meta property=\"og:image:type\" content=\"image\/jpeg\" \/>\n<meta name=\"twitter:card\" content=\"summary_large_image\" \/>\n<meta name=\"twitter:label1\" content=\"Est. reading time\" \/>\n\t<meta name=\"twitter:data1\" content=\"4 minutes\" \/>\n<script type=\"application\/ld+json\" class=\"yoast-schema-graph\">{\"@context\":\"https:\/\/schema.org\",\"@graph\":[{\"@type\":\"WebPage\",\"@id\":\"https:\/\/nge.vn\/san-pham\/board-dieu-khien-may-in-3d-motherboard-cr-era_v1-1-0-3-dung-cho-cr-6-se-va-cr-6-max\/\",\"url\":\"https:\/\/nge.vn\/san-pham\/board-dieu-khien-may-in-3d-motherboard-cr-era_v1-1-0-3-dung-cho-cr-6-se-va-cr-6-max\/\",\"name\":\"Board \u0111i\u1ec1u khi\u1ec3n m\u00e1y in 3d Motherboard CR-ERA_V1.1.0.3 d\u00f9ng cho CR-6 SE v\u00e0 CR-6 MAX... - NGE 3D Printers Services\",\"isPartOf\":{\"@id\":\"https:\/\/nge.vn\/#website\"},\"primaryImageOfPage\":{\"@id\":\"https:\/\/nge.vn\/san-pham\/board-dieu-khien-may-in-3d-motherboard-cr-era_v1-1-0-3-dung-cho-cr-6-se-va-cr-6-max\/#primaryimage\"},\"image\":{\"@id\":\"https:\/\/nge.vn\/san-pham\/board-dieu-khien-may-in-3d-motherboard-cr-era_v1-1-0-3-dung-cho-cr-6-se-va-cr-6-max\/#primaryimage\"},\"thumbnailUrl\":\"https:\/\/nge.vn\/wp-content\/uploads\/2024\/10\/images-upload-woo2Fbe70b72353d703b40101aa80a4ecedb6.jpg\",\"datePublished\":\"2024-10-25T06:06:10+00:00\",\"dateModified\":\"2024-10-29T10:24:40+00:00\",\"breadcrumb\":{\"@id\":\"https:\/\/nge.vn\/san-pham\/board-dieu-khien-may-in-3d-motherboard-cr-era_v1-1-0-3-dung-cho-cr-6-se-va-cr-6-max\/#breadcrumb\"},\"inLanguage\":\"en-US\",\"potentialAction\":[{\"@type\":\"ReadAction\",\"target\":[\"https:\/\/nge.vn\/san-pham\/board-dieu-khien-may-in-3d-motherboard-cr-era_v1-1-0-3-dung-cho-cr-6-se-va-cr-6-max\/\"]}]},{\"@type\":\"ImageObject\",\"inLanguage\":\"en-US\",\"@id\":\"https:\/\/nge.vn\/san-pham\/board-dieu-khien-may-in-3d-motherboard-cr-era_v1-1-0-3-dung-cho-cr-6-se-va-cr-6-max\/#primaryimage\",\"url\":\"https:\/\/nge.vn\/wp-content\/uploads\/2024\/10\/images-upload-woo2Fbe70b72353d703b40101aa80a4ecedb6.jpg\",\"contentUrl\":\"https:\/\/nge.vn\/wp-content\/uploads\/2024\/10\/images-upload-woo2Fbe70b72353d703b40101aa80a4ecedb6.jpg\",\"width\":700,\"height\":700},{\"@type\":\"BreadcrumbList\",\"@id\":\"https:\/\/nge.vn\/san-pham\/board-dieu-khien-may-in-3d-motherboard-cr-era_v1-1-0-3-dung-cho-cr-6-se-va-cr-6-max\/#breadcrumb\",\"itemListElement\":[{\"@type\":\"ListItem\",\"position\":1,\"name\":\"Trang ch\u1ee7\",\"item\":\"https:\/\/nge.vn\/\"},{\"@type\":\"ListItem\",\"position\":2,\"name\":\"S\u1ea3n ph\u1ea9m\",\"item\":\"https:\/\/nge.vn\/san-pham\/\"},{\"@type\":\"ListItem\",\"position\":3,\"name\":\"Board \u0111i\u1ec1u khi\u1ec3n m\u00e1y in 3d Motherboard CR-ERA_V1.1.0.3 d\u00f9ng cho CR-6 SE v\u00e0 CR-6 MAX&#8230;\"}]},{\"@type\":\"WebSite\",\"@id\":\"https:\/\/nge.vn\/#website\",\"url\":\"https:\/\/nge.vn\/\",\"name\":\"NGE 3D Printers Services\",\"description\":\"\",\"potentialAction\":[{\"@type\":\"SearchAction\",\"target\":{\"@type\":\"EntryPoint\",\"urlTemplate\":\"https:\/\/nge.vn\/?s={search_term_string}\"},\"query-input\":{\"@type\":\"PropertyValueSpecification\",\"valueRequired\":true,\"valueName\":\"search_term_string\"}}],\"inLanguage\":\"en-US\"}]}<\/script>\n<!-- \/ Yoast SEO Premium plugin. -->","yoast_head_json":{"title":"Board \u0111i\u1ec1u khi\u1ec3n m\u00e1y in 3d Motherboard CR-ERA_V1.1.0.3 d\u00f9ng cho CR-6 SE v\u00e0 CR-6 MAX... - NGE 3D Printers Services","robots":{"index":"index","follow":"follow","max-snippet":"max-snippet:-1","max-image-preview":"max-image-preview:large","max-video-preview":"max-video-preview:-1"},"canonical":"https:\/\/nge.vn\/en\/product\/board-dieu-khien-may-in-3d-motherboard-cr-era_v1-1-0-3-dung-cho-cr-6-se-va-cr-6-max\/","og_locale":"en_US","og_type":"article","og_title":"Board \u0111i\u1ec1u khi\u1ec3n m\u00e1y in 3d Motherboard CR-ERA_V1.1.0.3 d\u00f9ng cho CR-6 SE v\u00e0 CR-6 MAX...","og_description":"Board \u0111i\u1ec1u khi\u1ec3n m\u00e1y in 3d Motherboard CR-ERA_V1.1.0.3 d\u00f9ng cho CR-6 SE v\u00e0 CR-6 MAX...","og_url":"https:\/\/nge.vn\/en\/product\/board-dieu-khien-may-in-3d-motherboard-cr-era_v1-1-0-3-dung-cho-cr-6-se-va-cr-6-max\/","og_site_name":"NGE 3D Printers Services","article_modified_time":"2024-10-29T10:24:40+00:00","og_image":[{"width":700,"height":700,"url":"https:\/\/nge.vn\/wp-content\/uploads\/2024\/10\/images-upload-woo2Fbe70b72353d703b40101aa80a4ecedb6.jpg","type":"image\/jpeg"}],"twitter_card":"summary_large_image","twitter_misc":{"Est. reading time":"4 minutes"},"schema":{"@context":"https:\/\/schema.org","@graph":[{"@type":"WebPage","@id":"https:\/\/nge.vn\/san-pham\/board-dieu-khien-may-in-3d-motherboard-cr-era_v1-1-0-3-dung-cho-cr-6-se-va-cr-6-max\/","url":"https:\/\/nge.vn\/san-pham\/board-dieu-khien-may-in-3d-motherboard-cr-era_v1-1-0-3-dung-cho-cr-6-se-va-cr-6-max\/","name":"Board \u0111i\u1ec1u khi\u1ec3n m\u00e1y in 3d Motherboard CR-ERA_V1.1.0.3 d\u00f9ng cho CR-6 SE v\u00e0 CR-6 MAX... - NGE 3D Printers Services","isPartOf":{"@id":"https:\/\/nge.vn\/#website"},"primaryImageOfPage":{"@id":"https:\/\/nge.vn\/san-pham\/board-dieu-khien-may-in-3d-motherboard-cr-era_v1-1-0-3-dung-cho-cr-6-se-va-cr-6-max\/#primaryimage"},"image":{"@id":"https:\/\/nge.vn\/san-pham\/board-dieu-khien-may-in-3d-motherboard-cr-era_v1-1-0-3-dung-cho-cr-6-se-va-cr-6-max\/#primaryimage"},"thumbnailUrl":"https:\/\/nge.vn\/wp-content\/uploads\/2024\/10\/images-upload-woo2Fbe70b72353d703b40101aa80a4ecedb6.jpg","datePublished":"2024-10-25T06:06:10+00:00","dateModified":"2024-10-29T10:24:40+00:00","breadcrumb":{"@id":"https:\/\/nge.vn\/san-pham\/board-dieu-khien-may-in-3d-motherboard-cr-era_v1-1-0-3-dung-cho-cr-6-se-va-cr-6-max\/#breadcrumb"},"inLanguage":"en-US","potentialAction":[{"@type":"ReadAction","target":["https:\/\/nge.vn\/san-pham\/board-dieu-khien-may-in-3d-motherboard-cr-era_v1-1-0-3-dung-cho-cr-6-se-va-cr-6-max\/"]}]},{"@type":"ImageObject","inLanguage":"en-US","@id":"https:\/\/nge.vn\/san-pham\/board-dieu-khien-may-in-3d-motherboard-cr-era_v1-1-0-3-dung-cho-cr-6-se-va-cr-6-max\/#primaryimage","url":"https:\/\/nge.vn\/wp-content\/uploads\/2024\/10\/images-upload-woo2Fbe70b72353d703b40101aa80a4ecedb6.jpg","contentUrl":"https:\/\/nge.vn\/wp-content\/uploads\/2024\/10\/images-upload-woo2Fbe70b72353d703b40101aa80a4ecedb6.jpg","width":700,"height":700},{"@type":"BreadcrumbList","@id":"https:\/\/nge.vn\/san-pham\/board-dieu-khien-may-in-3d-motherboard-cr-era_v1-1-0-3-dung-cho-cr-6-se-va-cr-6-max\/#breadcrumb","itemListElement":[{"@type":"ListItem","position":1,"name":"Trang ch\u1ee7","item":"https:\/\/nge.vn\/"},{"@type":"ListItem","position":2,"name":"S\u1ea3n ph\u1ea9m","item":"https:\/\/nge.vn\/san-pham\/"},{"@type":"ListItem","position":3,"name":"Board \u0111i\u1ec1u khi\u1ec3n m\u00e1y in 3d Motherboard CR-ERA_V1.1.0.3 d\u00f9ng cho CR-6 SE v\u00e0 CR-6 MAX&#8230;"}]},{"@type":"WebSite","@id":"https:\/\/nge.vn\/#website","url":"https:\/\/nge.vn\/","name":"NGE 3D Printers Services","description":"","potentialAction":[{"@type":"SearchAction","target":{"@type":"EntryPoint","urlTemplate":"https:\/\/nge.vn\/?s={search_term_string}"},"query-input":{"@type":"PropertyValueSpecification","valueRequired":true,"valueName":"search_term_string"}}],"inLanguage":"en-US"}]}},"_links":{"self":[{"href":"https:\/\/nge.vn\/en\/wp-json\/wp\/v2\/product\/627","targetHints":{"allow":["GET"]}}],"collection":[{"href":"https:\/\/nge.vn\/en\/wp-json\/wp\/v2\/product"}],"about":[{"href":"https:\/\/nge.vn\/en\/wp-json\/wp\/v2\/types\/product"}],"replies":[{"embeddable":true,"href":"https:\/\/nge.vn\/en\/wp-json\/wp\/v2\/comments?post=627"}],"wp:featuredmedia":[{"embeddable":true,"href":"https:\/\/nge.vn\/en\/wp-json\/wp\/v2\/media\/618"}],"wp:attachment":[{"href":"https:\/\/nge.vn\/en\/wp-json\/wp\/v2\/media?parent=627"}],"wp:term":[{"taxonomy":"product_brand","embeddable":true,"href":"https:\/\/nge.vn\/en\/wp-json\/wp\/v2\/product_brand?post=627"},{"taxonomy":"product_cat","embeddable":true,"href":"https:\/\/nge.vn\/en\/wp-json\/wp\/v2\/product_cat?post=627"},{"taxonomy":"product_tag","embeddable":true,"href":"https:\/\/nge.vn\/en\/wp-json\/wp\/v2\/product_tag?post=627"}],"curies":[{"name":"wp","href":"https:\/\/api.w.org\/{rel}","templated":true}]}}