{"id":6267,"date":"2025-08-05T17:25:16","date_gmt":"2025-08-05T10:25:16","guid":{"rendered":"https:\/\/nge.vn\/?post_type=product&#038;p=6267"},"modified":"2025-08-05T17:25:16","modified_gmt":"2025-08-05T10:25:16","slug":"de-de-cuon-nhua-filament-roll-holder","status":"publish","type":"product","link":"https:\/\/nge.vn\/en\/product\/de-de-cuon-nhua-filament-roll-holder\/","title":{"rendered":"\u0110\u1ec3 \u0111\u1ec3 cu\u1ed9n nh\u1ef1a Filament roll holder"},"content":{"rendered":"<h2 data-start=\"105\" data-end=\"175\">\ud83c\udf00 <strong data-start=\"111\" data-end=\"175\">\u0110\u1ebf \u0111\u1ec3 cu\u1ed9n nh\u1ef1a Filament Roll Holder 1kg \/ 2.5kg \/ 3kg \/ 5kg<\/strong><\/h2>\n<p data-start=\"177\" data-end=\"443\">\u0110\u1ebf \u0111\u1ec3 cu\u1ed9n nh\u1ef1a filament gi\u00fap s\u1ee3i nh\u1ef1a \u0111\u01b0\u1ee3c k\u00e9o v\u00e0o m\u01b0\u1ee3t m\u00e0 v\u00e0 \u1ed5n \u0111\u1ecbnh trong qu\u00e1 tr\u00ecnh in, k\u1ec3 c\u1ea3 v\u1edbi cu\u1ed9n nh\u1ef1a n\u1eb7ng \u0111\u1ebfn 5kg (th\u1ef1c t\u1ebf c\u00f3 th\u1ec3 l\u00ean t\u1edbi 8kg). S\u1ea3n ph\u1ea9m s\u1eed d\u1ee5ng 4 \u1ed5 bi 608zz cho hi\u1ec7u qu\u1ea3 k\u00e9o tr\u01a1n tru v\u00e0 \u1ed5n \u0111\u1ecbnh, ph\u00f9 h\u1ee3p cho c\u1ea3 in t\u1ed1c \u0111\u1ed9 cao v\u00e0 in li\u00ean t\u1ee5c.<\/p>\n<hr data-start=\"445\" data-end=\"448\" \/>\n<h3 data-start=\"450\" data-end=\"478\">\ud83d\udd27 <strong data-start=\"457\" data-end=\"478\">T\u00ednh n\u0103ng n\u1ed5i b\u1eadt<\/strong><\/h3>\n<ul data-start=\"480\" data-end=\"893\">\n<li data-start=\"480\" data-end=\"582\">\n<p data-start=\"482\" data-end=\"582\"><strong data-start=\"482\" data-end=\"507\">4 \u1ed5 bi 608zz cao c\u1ea5p:<\/strong> Gi\u00fap k\u00e9o nh\u1ef1a m\u01b0\u1ee3t m\u00e0, h\u1ea1n ch\u1ebf t\u00ecnh tr\u1ea1ng \u0111\u1ee9t ho\u1eb7c thi\u1ebfu h\u1ee5t s\u1ee3i khi in.<\/p>\n<\/li>\n<li data-start=\"583\" data-end=\"689\">\n<p data-start=\"585\" data-end=\"689\"><strong data-start=\"585\" data-end=\"602\">Ch\u1ecbu t\u1ea3i cao:<\/strong> D\u1ec5 d\u00e0ng s\u1eed d\u1ee5ng v\u1edbi c\u00e1c cu\u1ed9n filament n\u1eb7ng t\u1eeb 1kg \u0111\u1ebfn 5kg, th\u1eadm ch\u00ed \u0111\u1ebfn 8kg th\u1ef1c t\u1ebf.<\/p>\n<\/li>\n<li data-start=\"690\" data-end=\"797\">\n<p data-start=\"692\" data-end=\"797\"><strong data-start=\"692\" data-end=\"726\">Thi\u1ebft k\u1ebf ch\u1eafc ch\u1eafn, ti\u1ec7n d\u1ee5ng:<\/strong> Ch\u1ea5t li\u1ec7u b\u1ec1n, k\u00edch th\u01b0\u1edbc t\u1ed1i \u01b0u cho h\u1ea7u h\u1ebft c\u00e1c lo\u1ea1i cu\u1ed9n filament.<\/p>\n<\/li>\n<li data-start=\"798\" data-end=\"893\">\n<p data-start=\"800\" data-end=\"893\"><strong data-start=\"800\" data-end=\"824\">T\u01b0\u01a1ng th\u00edch \u0111a d\u1ea1ng:<\/strong> Ph\u00f9 h\u1ee3p v\u1edbi nhi\u1ec1u d\u00f2ng m\u00e1y in 3D s\u1eed d\u1ee5ng filament \u0111\u01b0\u1eddng k\u00ednh 1.75mm.<\/p>\n<\/li>\n<\/ul>\n<hr data-start=\"895\" data-end=\"898\" \/>\n<h3 data-start=\"900\" data-end=\"928\">\ud83d\udce6 <strong data-start=\"907\" data-end=\"928\">Th\u00f4ng s\u1ed1 k\u1ef9 thu\u1eadt<\/strong><\/h3>\n<p data-start=\"930\" data-end=\"948\"><strong data-start=\"930\" data-end=\"946\">Tr\u1ecdng l\u01b0\u1ee3ng:<\/strong><\/p>\n<ul data-start=\"949\" data-end=\"1016\">\n<li data-start=\"949\" data-end=\"979\">\n<p data-start=\"951\" data-end=\"979\">\u0110\u1ebf 1kg \/ 2.5kg \/ 3kg: 300g<\/p>\n<\/li>\n<li data-start=\"980\" data-end=\"1016\">\n<p data-start=\"982\" data-end=\"1016\">\u0110\u1ebf 1kg \/ 2.5kg \/ 3kg \/ 5kg: 385g<\/p>\n<\/li>\n<\/ul>\n<p data-start=\"1018\" data-end=\"1035\"><strong data-start=\"1018\" data-end=\"1033\">K\u00edch th\u01b0\u1edbc:<\/strong><\/p>\n<ul data-start=\"1036\" data-end=\"1127\">\n<li data-start=\"1036\" data-end=\"1080\">\n<p data-start=\"1038\" data-end=\"1080\">\u0110\u1ebf 1kg \/ 2.5kg \/ 3kg: 24 \u00d7 16.5 \u00d7 7.5 cm<\/p>\n<\/li>\n<li data-start=\"1081\" data-end=\"1127\">\n<p data-start=\"1083\" data-end=\"1127\">\u0110\u1ebf 1kg \/ 2.5kg \/ 3kg \/ 5kg: 24 \u00d7 24 \u00d7 7.5 cm<\/p>\n<\/li>\n<\/ul>\n<p data-start=\"1129\" data-end=\"1151\"><strong data-start=\"1129\" data-end=\"1138\">\u1ed4 bi:<\/strong> 4 \u1ed5 bi 608zz<\/p>\n<hr data-start=\"1153\" data-end=\"1156\" \/>\n<p data-start=\"1158\" data-end=\"1265\">\ud83d\udce9 <strong data-start=\"1161\" data-end=\"1265\">Vui l\u00f2ng li\u00ean h\u1ec7 shop \u0111\u1ec3 \u0111\u01b0\u1ee3c t\u01b0 v\u1ea5n chi ti\u1ebft v\u1ec1 lo\u1ea1i \u0111\u1ebf ph\u00f9 h\u1ee3p v\u1edbi cu\u1ed9n filament b\u1ea1n \u0111ang s\u1eed d\u1ee5ng.<\/strong><\/p>\n<p data-start=\"1158\" data-end=\"1265\"><strong data-start=\"1161\" data-end=\"1265\"><br \/>\n<\/strong><br \/>\n-\u0110\u00e2y l\u00e0 c\u00e1c trang b\u00e1n h\u00e0ng b\u00ean m\u00ecnh NGE 3D Printer Services chuy\u00ean cung c\u1ea5p Nh\u1ef1a in 3D v\u00e0 M\u00e1y in 3D c\u1ee7a H\u00e3ng ESUN, Flsun, BIQU, Creality, eMake3d&#8230;<br \/>\n\ud83d\uded2Shopee =&gt; https:\/\/shopee.vn\/nge3dprinter<br \/>\n\ud83d\uded2Shopee =&gt; https:\/\/shopee.vn\/nge3dservices<br \/>\n\ud83d\uded2Shopee Voron v\u00e0 eMake3D =&gt; https:\/\/shopee.vn\/3dmasterpower<br \/>\n\ud83d\uded2Shopee eMake3D =&gt; https:\/\/shopee.vn\/nge3dprinting<br \/>\n\ud83d\uded2Lazada =&gt; https:\/\/www.lazada.vn\/shop\/nge-3d-printer<br \/>\n\ud83d\uded2Lazada =&gt; https:\/\/www.lazada.vn\/shop\/nge-3d-printer-services<br \/>\n\ud83d\uded2Lazada =&gt; https:\/\/www.lazada.vn\/shop\/emake3d-vn<br \/>\n\ud83d\uded2Webslite Th\u1ebf H\u1ec7 K\u1ebf Ti\u1ebfp =&gt;https:\/\/www.theheketiep.com\/<br \/>\n\ud83d\uded2Webslite NGE.VN =&gt;https:\/\/www.nge.vn\/<br \/>\nHo\u1eb7c b\u1ea1n g\u1ecdi 094.144.0951 g\u1eb7p m\u00ecnh<br \/>\nHo\u1eb7c 0913939775 g\u1eb7p anh Qu\u00e2n<br \/>\n** Price does not include VAT (+8 or 10% if VAT invoice is issued)<\/p>\n<div class=\"notranslate\" style=\"all: initial;\"><\/div>","protected":false},"excerpt":{"rendered":"<p data-start=\"1615\" data-end=\"1773\">\u0110\u1ebf \u0111\u1ec3 cu\u1ed9n nh\u1ef1a filament 1kg \u2013 5kg s\u1eed d\u1ee5ng 4 \u1ed5 bi 608zz gi\u00fap k\u00e9o nh\u1ef1a m\u01b0\u1ee3t m\u00e0 v\u00e0 \u1ed5n \u0111\u1ecbnh. Ph\u00f9 h\u1ee3p v\u1edbi m\u1ecdi lo\u1ea1i cu\u1ed9n, in \u1ea5n tr\u01a1n tru k\u1ec3 c\u1ea3 v\u1edbi cu\u1ed9n n\u1eb7ng 5\u20138kg.<\/p>","protected":false},"featured_media":6273,"comment_status":"open","ping_status":"closed","template":"","meta":{"inline_featured_image":false},"product_brand":[],"product_cat":[40],"product_tag":[828,829,663],"class_list":{"0":"post-6267","1":"product","2":"type-product","3":"status-publish","4":"has-post-thumbnail","6":"product_cat-linh-kien-va-phu-kien","7":"product_tag-filament","8":"product_tag-in3d","9":"product_tag-nge3d","11":"first","12":"instock","13":"taxable","14":"shipping-taxable","15":"purchasable","16":"product-type-variable"},"yoast_head":"<!-- This site is optimized with the Yoast SEO Premium plugin v22.8 (Yoast SEO v26.9) - https:\/\/yoast.com\/product\/yoast-seo-premium-wordpress\/ -->\n<title>\u0110\u1ec3 \u0111\u1ec3 cu\u1ed9n nh\u1ef1a Filament roll holder - NGE 3D Printers Services<\/title>\n<meta name=\"description\" content=\"\u0110\u1ebf \u0111\u1ec3 cu\u1ed9n nh\u1ef1a filament 1kg \u2013 5kg s\u1eed d\u1ee5ng 4 \u1ed5 bi 608 zz gi\u00fap k\u00e9o nh\u1ef1a m\u01b0\u1ee3t m\u00e0 v\u00e0 \u1ed5n \u0111\u1ecbnh. Ph\u00f9 h\u1ee3p v\u1edbi m\u1ecdi lo\u1ea1i cu\u1ed9n nh\u1ef1a.\" \/>\n<meta name=\"robots\" content=\"index, follow, max-snippet:-1, max-image-preview:large, max-video-preview:-1\" \/>\n<link rel=\"canonical\" href=\"https:\/\/nge.vn\/en\/product\/de-de-cuon-nhua-filament-roll-holder\/\" \/>\n<meta property=\"og:locale\" content=\"en_US\" \/>\n<meta property=\"og:type\" content=\"article\" \/>\n<meta property=\"og:title\" content=\"\u0110\u1ec3 \u0111\u1ec3 cu\u1ed9n nh\u1ef1a Filament roll holder\" \/>\n<meta property=\"og:description\" content=\"\u0110\u1ebf \u0111\u1ec3 cu\u1ed9n nh\u1ef1a filament 1kg \u2013 5kg s\u1eed d\u1ee5ng 4 \u1ed5 bi 608 zz gi\u00fap k\u00e9o nh\u1ef1a m\u01b0\u1ee3t m\u00e0 v\u00e0 \u1ed5n \u0111\u1ecbnh. Ph\u00f9 h\u1ee3p v\u1edbi m\u1ecdi lo\u1ea1i cu\u1ed9n nh\u1ef1a.\" \/>\n<meta property=\"og:url\" content=\"https:\/\/nge.vn\/en\/product\/de-de-cuon-nhua-filament-roll-holder\/\" \/>\n<meta property=\"og:site_name\" content=\"NGE 3D Printers Services\" \/>\n<meta property=\"og:image\" content=\"https:\/\/nge.vn\/wp-content\/uploads\/2025\/08\/vn-11134207-7ra0g-m729q1miuxqwe7_tn.jpeg\" \/>\n\t<meta property=\"og:image:width\" content=\"320\" \/>\n\t<meta property=\"og:image:height\" content=\"320\" \/>\n\t<meta property=\"og:image:type\" content=\"image\/jpeg\" \/>\n<meta name=\"twitter:card\" content=\"summary_large_image\" \/>\n<meta name=\"twitter:label1\" content=\"Est. reading time\" \/>\n\t<meta name=\"twitter:data1\" content=\"3 minutes\" \/>\n<script type=\"application\/ld+json\" class=\"yoast-schema-graph\">{\"@context\":\"https:\/\/schema.org\",\"@graph\":[{\"@type\":\"WebPage\",\"@id\":\"https:\/\/nge.vn\/san-pham\/de-de-cuon-nhua-filament-roll-holder\/\",\"url\":\"https:\/\/nge.vn\/san-pham\/de-de-cuon-nhua-filament-roll-holder\/\",\"name\":\"\u0110\u1ec3 \u0111\u1ec3 cu\u1ed9n nh\u1ef1a Filament roll holder - NGE 3D Printers Services\",\"isPartOf\":{\"@id\":\"https:\/\/nge.vn\/#website\"},\"primaryImageOfPage\":{\"@id\":\"https:\/\/nge.vn\/san-pham\/de-de-cuon-nhua-filament-roll-holder\/#primaryimage\"},\"image\":{\"@id\":\"https:\/\/nge.vn\/san-pham\/de-de-cuon-nhua-filament-roll-holder\/#primaryimage\"},\"thumbnailUrl\":\"https:\/\/nge.vn\/wp-content\/uploads\/2025\/08\/vn-11134207-7ra0g-m729q1miuxqwe7_tn.jpeg\",\"datePublished\":\"2025-08-05T10:25:16+00:00\",\"description\":\"\u0110\u1ebf \u0111\u1ec3 cu\u1ed9n nh\u1ef1a filament 1kg \u2013 5kg s\u1eed d\u1ee5ng 4 \u1ed5 bi 608 zz gi\u00fap k\u00e9o nh\u1ef1a m\u01b0\u1ee3t m\u00e0 v\u00e0 \u1ed5n \u0111\u1ecbnh. Ph\u00f9 h\u1ee3p v\u1edbi m\u1ecdi lo\u1ea1i cu\u1ed9n nh\u1ef1a.\",\"breadcrumb\":{\"@id\":\"https:\/\/nge.vn\/san-pham\/de-de-cuon-nhua-filament-roll-holder\/#breadcrumb\"},\"inLanguage\":\"en-US\",\"potentialAction\":[{\"@type\":\"ReadAction\",\"target\":[\"https:\/\/nge.vn\/san-pham\/de-de-cuon-nhua-filament-roll-holder\/\"]}]},{\"@type\":\"ImageObject\",\"inLanguage\":\"en-US\",\"@id\":\"https:\/\/nge.vn\/san-pham\/de-de-cuon-nhua-filament-roll-holder\/#primaryimage\",\"url\":\"https:\/\/nge.vn\/wp-content\/uploads\/2025\/08\/vn-11134207-7ra0g-m729q1miuxqwe7_tn.jpeg\",\"contentUrl\":\"https:\/\/nge.vn\/wp-content\/uploads\/2025\/08\/vn-11134207-7ra0g-m729q1miuxqwe7_tn.jpeg\",\"width\":320,\"height\":320},{\"@type\":\"BreadcrumbList\",\"@id\":\"https:\/\/nge.vn\/san-pham\/de-de-cuon-nhua-filament-roll-holder\/#breadcrumb\",\"itemListElement\":[{\"@type\":\"ListItem\",\"position\":1,\"name\":\"Trang ch\u1ee7\",\"item\":\"https:\/\/nge.vn\/\"},{\"@type\":\"ListItem\",\"position\":2,\"name\":\"S\u1ea3n ph\u1ea9m\",\"item\":\"https:\/\/nge.vn\/san-pham\/\"},{\"@type\":\"ListItem\",\"position\":3,\"name\":\"\u0110\u1ec3 \u0111\u1ec3 cu\u1ed9n nh\u1ef1a Filament roll holder\"}]},{\"@type\":\"WebSite\",\"@id\":\"https:\/\/nge.vn\/#website\",\"url\":\"https:\/\/nge.vn\/\",\"name\":\"NGE 3D Printers Services\",\"description\":\"\",\"potentialAction\":[{\"@type\":\"SearchAction\",\"target\":{\"@type\":\"EntryPoint\",\"urlTemplate\":\"https:\/\/nge.vn\/?s={search_term_string}\"},\"query-input\":{\"@type\":\"PropertyValueSpecification\",\"valueRequired\":true,\"valueName\":\"search_term_string\"}}],\"inLanguage\":\"en-US\"}]}<\/script>\n<!-- \/ Yoast SEO Premium plugin. -->","yoast_head_json":{"title":"\u0110\u1ec3 \u0111\u1ec3 cu\u1ed9n nh\u1ef1a Filament roll holder - NGE 3D Printers Services","description":"\u0110\u1ebf \u0111\u1ec3 cu\u1ed9n nh\u1ef1a filament 1kg \u2013 5kg s\u1eed d\u1ee5ng 4 \u1ed5 bi 608 zz gi\u00fap k\u00e9o nh\u1ef1a m\u01b0\u1ee3t m\u00e0 v\u00e0 \u1ed5n \u0111\u1ecbnh. Ph\u00f9 h\u1ee3p v\u1edbi m\u1ecdi lo\u1ea1i cu\u1ed9n nh\u1ef1a.","robots":{"index":"index","follow":"follow","max-snippet":"max-snippet:-1","max-image-preview":"max-image-preview:large","max-video-preview":"max-video-preview:-1"},"canonical":"https:\/\/nge.vn\/en\/product\/de-de-cuon-nhua-filament-roll-holder\/","og_locale":"en_US","og_type":"article","og_title":"\u0110\u1ec3 \u0111\u1ec3 cu\u1ed9n nh\u1ef1a Filament roll holder","og_description":"\u0110\u1ebf \u0111\u1ec3 cu\u1ed9n nh\u1ef1a filament 1kg \u2013 5kg s\u1eed d\u1ee5ng 4 \u1ed5 bi 608 zz gi\u00fap k\u00e9o nh\u1ef1a m\u01b0\u1ee3t m\u00e0 v\u00e0 \u1ed5n \u0111\u1ecbnh. Ph\u00f9 h\u1ee3p v\u1edbi m\u1ecdi lo\u1ea1i cu\u1ed9n nh\u1ef1a.","og_url":"https:\/\/nge.vn\/en\/product\/de-de-cuon-nhua-filament-roll-holder\/","og_site_name":"NGE 3D Printers Services","og_image":[{"width":320,"height":320,"url":"https:\/\/nge.vn\/wp-content\/uploads\/2025\/08\/vn-11134207-7ra0g-m729q1miuxqwe7_tn.jpeg","type":"image\/jpeg"}],"twitter_card":"summary_large_image","twitter_misc":{"Est. reading time":"3 minutes"},"schema":{"@context":"https:\/\/schema.org","@graph":[{"@type":"WebPage","@id":"https:\/\/nge.vn\/san-pham\/de-de-cuon-nhua-filament-roll-holder\/","url":"https:\/\/nge.vn\/san-pham\/de-de-cuon-nhua-filament-roll-holder\/","name":"\u0110\u1ec3 \u0111\u1ec3 cu\u1ed9n nh\u1ef1a Filament roll holder - NGE 3D Printers Services","isPartOf":{"@id":"https:\/\/nge.vn\/#website"},"primaryImageOfPage":{"@id":"https:\/\/nge.vn\/san-pham\/de-de-cuon-nhua-filament-roll-holder\/#primaryimage"},"image":{"@id":"https:\/\/nge.vn\/san-pham\/de-de-cuon-nhua-filament-roll-holder\/#primaryimage"},"thumbnailUrl":"https:\/\/nge.vn\/wp-content\/uploads\/2025\/08\/vn-11134207-7ra0g-m729q1miuxqwe7_tn.jpeg","datePublished":"2025-08-05T10:25:16+00:00","description":"\u0110\u1ebf \u0111\u1ec3 cu\u1ed9n nh\u1ef1a filament 1kg \u2013 5kg s\u1eed d\u1ee5ng 4 \u1ed5 bi 608 zz gi\u00fap k\u00e9o nh\u1ef1a m\u01b0\u1ee3t m\u00e0 v\u00e0 \u1ed5n \u0111\u1ecbnh. Ph\u00f9 h\u1ee3p v\u1edbi m\u1ecdi lo\u1ea1i cu\u1ed9n nh\u1ef1a.","breadcrumb":{"@id":"https:\/\/nge.vn\/san-pham\/de-de-cuon-nhua-filament-roll-holder\/#breadcrumb"},"inLanguage":"en-US","potentialAction":[{"@type":"ReadAction","target":["https:\/\/nge.vn\/san-pham\/de-de-cuon-nhua-filament-roll-holder\/"]}]},{"@type":"ImageObject","inLanguage":"en-US","@id":"https:\/\/nge.vn\/san-pham\/de-de-cuon-nhua-filament-roll-holder\/#primaryimage","url":"https:\/\/nge.vn\/wp-content\/uploads\/2025\/08\/vn-11134207-7ra0g-m729q1miuxqwe7_tn.jpeg","contentUrl":"https:\/\/nge.vn\/wp-content\/uploads\/2025\/08\/vn-11134207-7ra0g-m729q1miuxqwe7_tn.jpeg","width":320,"height":320},{"@type":"BreadcrumbList","@id":"https:\/\/nge.vn\/san-pham\/de-de-cuon-nhua-filament-roll-holder\/#breadcrumb","itemListElement":[{"@type":"ListItem","position":1,"name":"Trang ch\u1ee7","item":"https:\/\/nge.vn\/"},{"@type":"ListItem","position":2,"name":"S\u1ea3n ph\u1ea9m","item":"https:\/\/nge.vn\/san-pham\/"},{"@type":"ListItem","position":3,"name":"\u0110\u1ec3 \u0111\u1ec3 cu\u1ed9n nh\u1ef1a Filament roll holder"}]},{"@type":"WebSite","@id":"https:\/\/nge.vn\/#website","url":"https:\/\/nge.vn\/","name":"NGE 3D Printers Services","description":"","potentialAction":[{"@type":"SearchAction","target":{"@type":"EntryPoint","urlTemplate":"https:\/\/nge.vn\/?s={search_term_string}"},"query-input":{"@type":"PropertyValueSpecification","valueRequired":true,"valueName":"search_term_string"}}],"inLanguage":"en-US"}]}},"_links":{"self":[{"href":"https:\/\/nge.vn\/en\/wp-json\/wp\/v2\/product\/6267","targetHints":{"allow":["GET"]}}],"collection":[{"href":"https:\/\/nge.vn\/en\/wp-json\/wp\/v2\/product"}],"about":[{"href":"https:\/\/nge.vn\/en\/wp-json\/wp\/v2\/types\/product"}],"replies":[{"embeddable":true,"href":"https:\/\/nge.vn\/en\/wp-json\/wp\/v2\/comments?post=6267"}],"wp:featuredmedia":[{"embeddable":true,"href":"https:\/\/nge.vn\/en\/wp-json\/wp\/v2\/media\/6273"}],"wp:attachment":[{"href":"https:\/\/nge.vn\/en\/wp-json\/wp\/v2\/media?parent=6267"}],"wp:term":[{"taxonomy":"product_brand","embeddable":true,"href":"https:\/\/nge.vn\/en\/wp-json\/wp\/v2\/product_brand?post=6267"},{"taxonomy":"product_cat","embeddable":true,"href":"https:\/\/nge.vn\/en\/wp-json\/wp\/v2\/product_cat?post=6267"},{"taxonomy":"product_tag","embeddable":true,"href":"https:\/\/nge.vn\/en\/wp-json\/wp\/v2\/product_tag?post=6267"}],"curies":[{"name":"wp","href":"https:\/\/api.w.org\/{rel}","templated":true}]}}