{"id":6247,"date":"2025-08-05T16:46:51","date_gmt":"2025-08-05T09:46:51","guid":{"rendered":"https:\/\/nge.vn\/?post_type=product&#038;p=6247"},"modified":"2025-08-05T16:46:52","modified_gmt":"2025-08-05T09:46:52","slug":"crcc-s7-hd-1080p-web-camera-giam-sat-may-in-3d-truc-tuyen","status":"publish","type":"product","link":"https:\/\/nge.vn\/en\/product\/crcc-s7-hd-1080p-web-camera-giam-sat-may-in-3d-truc-tuyen\/","title":{"rendered":"CRCC-S7 HD 1080P Web Camera gi\u00e1m s\u00e1t m\u00e1y in 3D tr\u1ef1c tuy\u1ebfn"},"content":{"rendered":"<h2 data-start=\"300\" data-end=\"389\">\ud83d\udda5\ufe0f <strong data-start=\"307\" data-end=\"389\">Creality CRCC-S7 HD 1080P Web Camera \u2013 Gi\u1ea3i ph\u00e1p gi\u00e1m s\u00e1t m\u00e1y in 3D tr\u1ef1c tuy\u1ebfn<\/strong><\/h2>\n<p data-start=\"391\" data-end=\"706\"><strong data-start=\"391\" data-end=\"422\">CRCC-S7 HD 1080P Web Camera<\/strong> l\u00e0 thi\u1ebft b\u1ecb gi\u00e1m s\u00e1t tr\u1ef1c tuy\u1ebfn chuy\u00ean d\u1ee5ng d\u00e0nh cho m\u00e1y in 3D. H\u1ed7 tr\u1ee3 \u0111i\u1ec1u khi\u1ec3n t\u1eeb xa th\u00f4ng qua Creality Box v\u00e0 theo d\u00f5i qu\u00e1 tr\u00ecnh in \u1ea5n m\u1ecdi l\u00fac, m\u1ecdi n\u01a1i tr\u00ean \u1ee9ng d\u1ee5ng Creality Cloud. H\u00ecnh \u1ea3nh s\u1eafc n\u00e9t, c\u00e0i \u0111\u1eb7t \u0111\u01a1n gi\u1ea3n v\u00e0 thi\u1ebft k\u1ebf tinh t\u1ebf gi\u00fap t\u1ed1i \u01b0u h\u00f3a tr\u1ea3i nghi\u1ec7m in 3D c\u1ee7a b\u1ea1n.<\/p>\n<hr data-start=\"708\" data-end=\"711\" \/>\n<h3 data-start=\"713\" data-end=\"741\">\ud83d\udd27 <strong data-start=\"720\" data-end=\"741\">T\u00ednh n\u0103ng n\u1ed5i b\u1eadt<\/strong><\/h3>\n<ul data-start=\"743\" data-end=\"1225\">\n<li data-start=\"743\" data-end=\"840\">\n<p data-start=\"745\" data-end=\"840\"><strong data-start=\"745\" data-end=\"763\">Gi\u00e1m s\u00e1t t\u1eeb xa<\/strong>: K\u1ebft n\u1ed1i v\u1edbi Creality Box \u0111\u1ec3 theo d\u00f5i qu\u00e1 tr\u00ecnh in qua app Creality Cloud.<\/p>\n<\/li>\n<li data-start=\"841\" data-end=\"923\">\n<p data-start=\"843\" data-end=\"923\"><strong data-start=\"843\" data-end=\"869\">H\u00ecnh \u1ea3nh Full HD 1080P<\/strong>: \u0110\u1ed9 ph\u00e2n gi\u1ea3i cao cho h\u00ecnh \u1ea3nh r\u00f5 n\u00e9t v\u00e0 ch\u00e2n th\u1ef1c.<\/p>\n<\/li>\n<li data-start=\"924\" data-end=\"1032\">\n<p data-start=\"926\" data-end=\"1032\"><strong data-start=\"926\" data-end=\"946\">Thi\u1ebft k\u1ebf nh\u1ecf g\u1ecdn<\/strong>: Ki\u1ec3u d\u00e1ng b\u1ecf t\u00fai, ch\u00e2n m\u00e1y ti\u1ec7n d\u1ee5ng, n\u00fam \u0111i\u1ec1u ch\u1ec9nh 180\u00b0, d\u1ec5 \u0111\u1eb7t g\u00f3c quay t\u1ed1i \u01b0u.<\/p>\n<\/li>\n<li data-start=\"1033\" data-end=\"1131\">\n<p data-start=\"1035\" data-end=\"1131\"><strong data-start=\"1035\" data-end=\"1054\">K\u1ebft n\u1ed1i m\u01b0\u1ee3t m\u00e0<\/strong>: T\u01b0\u01a1ng th\u00edch v\u1edbi nhi\u1ec1u d\u00f2ng m\u00e1y in Creality v\u00e0 h\u1ed7 tr\u1ee3 ti\u00eau chu\u1ea9n UVC\/V4L2.<\/p>\n<\/li>\n<li data-start=\"1132\" data-end=\"1225\">\n<p data-start=\"1134\" data-end=\"1225\"><strong data-start=\"1134\" data-end=\"1165\">T\u1ef1 \u0111\u1ed9ng l\u1ea5y n\u00e9t v\u00e0 quay \u0111\u00eam<\/strong>: Ho\u1ea1t \u0111\u1ed9ng hi\u1ec7u qu\u1ea3 trong \u0111i\u1ec1u ki\u1ec7n \u00e1nh s\u00e1ng th\u1ea5p (&lt;10LUX).<\/p>\n<\/li>\n<\/ul>\n<hr data-start=\"1227\" data-end=\"1230\" \/>\n<h3 data-start=\"1232\" data-end=\"1260\">\ud83d\udce6 <strong data-start=\"1239\" data-end=\"1260\">Th\u00f4ng s\u1ed1 k\u1ef9 thu\u1eadt<\/strong><\/h3>\n<ul data-start=\"1262\" data-end=\"1545\">\n<li data-start=\"1262\" data-end=\"1299\">\n<p data-start=\"1264\" data-end=\"1299\">T\u00ean s\u1ea3n ph\u1ea9m: HD 1080P Web Camera<\/p>\n<\/li>\n<li data-start=\"1300\" data-end=\"1338\">\n<p data-start=\"1302\" data-end=\"1338\">K\u00edch th\u01b0\u1edbc: 69.23 \u00d7 30.7 \u00d7 24.5 mm<\/p>\n<\/li>\n<li data-start=\"1339\" data-end=\"1358\">\n<p data-start=\"1341\" data-end=\"1358\">\u0110i\u1ec7n \u00e1p v\u00e0o: 5V<\/p>\n<\/li>\n<li data-start=\"1359\" data-end=\"1399\">\n<p data-start=\"1361\" data-end=\"1399\">\u0110\u1ecbnh d\u1ea1ng video: H.265 \/ MJPG \/ YUY2<\/p>\n<\/li>\n<li data-start=\"1400\" data-end=\"1417\">\n<p data-start=\"1402\" data-end=\"1417\">Ti\u00eau c\u1ef1: 40cm<\/p>\n<\/li>\n<li data-start=\"1418\" data-end=\"1438\">\n<p data-start=\"1420\" data-end=\"1438\">B\u1ed9 x\u1eed l\u00fd: FH8852<\/p>\n<\/li>\n<li data-start=\"1439\" data-end=\"1478\">\n<p data-start=\"1441\" data-end=\"1478\">G\u00f3c nh\u00ecn: D=70.6\u00b0 \/ H=63.6\u00b0 \/ V=38\u00b0<\/p>\n<\/li>\n<li data-start=\"1479\" data-end=\"1513\">\n<p data-start=\"1481\" data-end=\"1513\">\u0110\u1ed9 nh\u1ea1y s\u00e1ng t\u1ed1i thi\u1ec3u: &lt;10LUX<\/p>\n<\/li>\n<li data-start=\"1514\" data-end=\"1545\">\n<p data-start=\"1516\" data-end=\"1545\">H\u1ed7 tr\u1ee3: ti\u00eau chu\u1ea9n UVC \/ V4L2<\/p>\n<\/li>\n<\/ul>\n<hr data-start=\"1547\" data-end=\"1550\" \/>\n<h3 data-start=\"1552\" data-end=\"1579\">\ud83d\udd0c <strong data-start=\"1559\" data-end=\"1579\">T\u01b0\u01a1ng th\u00edch v\u1edbi:<\/strong><\/h3>\n<p data-start=\"1581\" data-end=\"1706\">Creality Box, HALOT ONE, HALOT ONE PRO, HALOT ONE PLUS, HALOT SKY, HALOT LITE, RAY, HALOT MAGE PRO, CR-M4, CR-10 Smart Pro&#8230;<\/p>\n<p data-start=\"1581\" data-end=\"1706\">\n<p data-start=\"1708\" data-end=\"1786\">-\u0110\u00e2y l\u00e0 c\u00e1c trang b\u00e1n h\u00e0ng b\u00ean m\u00ecnh NGE 3D Printer Services chuy\u00ean cung c\u1ea5p Nh\u1ef1a in 3D v\u00e0 M\u00e1y in 3D c\u1ee7a H\u00e3ng ESUN, Flsun, BIQU, Creality, eMake3d&#8230;<br \/>\n\ud83d\uded2Shopee =&gt; https:\/\/shopee.vn\/nge3dprinter<br \/>\n\ud83d\uded2Shopee =&gt; https:\/\/shopee.vn\/nge3dservices<br \/>\n\ud83d\uded2Shopee Voron v\u00e0 eMake3D =&gt; https:\/\/shopee.vn\/3dmasterpower<br \/>\n\ud83d\uded2Shopee eMake3D =&gt; https:\/\/shopee.vn\/nge3dprinting<br \/>\n\ud83d\uded2Lazada =&gt; https:\/\/www.lazada.vn\/shop\/nge-3d-printer<br \/>\n\ud83d\uded2Lazada =&gt; https:\/\/www.lazada.vn\/shop\/nge-3d-printer-services<br \/>\n\ud83d\uded2Lazada =&gt; https:\/\/www.lazada.vn\/shop\/emake3d-vn<br \/>\n\ud83d\uded2Webslite Th\u1ebf H\u1ec7 K\u1ebf Ti\u1ebfp =&gt;https:\/\/www.theheketiep.com\/<br \/>\n\ud83d\uded2Webslite NGE.VN =&gt;https:\/\/www.nge.vn\/<br \/>\nHo\u1eb7c b\u1ea1n g\u1ecdi 094.144.0951 g\u1eb7p m\u00ecnh<br \/>\nHo\u1eb7c 0913939775 g\u1eb7p anh Qu\u00e2n<br \/>\n** Price does not include VAT (+8 or 10% if VAT invoice is issued)<\/p>","protected":false},"excerpt":{"rendered":"<p>Camera gi\u00e1m s\u00e1t Creality CRCC-S7 HD 1080P d\u00e0nh cho m\u00e1y in 3D, k\u1ebft n\u1ed1i qua Creality Box, xem tr\u1ef1c tuy\u1ebfn t\u1eeb xa, h\u00ecnh \u1ea3nh s\u1eafc n\u00e9t, c\u00e0i \u0111\u1eb7t d\u1ec5 d\u00e0ng v\u00e0 t\u01b0\u01a1ng th\u00edch \u0111a d\u1ea1ng thi\u1ebft b\u1ecb.<\/p>","protected":false},"featured_media":6248,"comment_status":"open","ping_status":"closed","template":"","meta":{"inline_featured_image":false},"product_brand":[],"product_cat":[40,56],"product_tag":[820,495,824,799,823,821,663,822],"class_list":{"0":"post-6247","1":"product","2":"type-product","3":"status-publish","4":"has-post-thumbnail","6":"product_cat-linh-kien-va-phu-kien","7":"product_cat-linh-phu-kien-may-in-3d-creality","8":"product_tag-camera3d","9":"product_tag-creality","10":"product_tag-crealitycr","11":"product_tag-crealityvietnam","12":"product_tag-halot","13":"product_tag-in3d-in3dvn","14":"product_tag-nge3d","15":"product_tag-pla-abs","17":"first","18":"instock","19":"taxable","20":"shipping-taxable","21":"purchasable","22":"product-type-simple"},"yoast_head":"<!-- This site is optimized with the Yoast SEO Premium plugin v22.8 (Yoast SEO v26.9) - https:\/\/yoast.com\/product\/yoast-seo-premium-wordpress\/ -->\n<title>CRCC-S7 HD 1080P Web Camera gi\u00e1m s\u00e1t m\u00e1y in 3D tr\u1ef1c tuy\u1ebfn - NGE 3D Printers Services<\/title>\n<meta name=\"description\" content=\"Camera gi\u00e1m s\u00e1t Creality CRCC-S7 HD 1080P d\u00e0nh cho m\u00e1y in 3D, k\u1ebft n\u1ed1i qua Creality Box, xem tr\u1ef1c tuy\u1ebfn t\u1eeb xa, h\u00ecnh \u1ea3nh s\u1eafc n\u00e9t, c\u00e0i \u0111\u1eb7t d\u1ec5 d\u00e0ng.\" \/>\n<meta name=\"robots\" content=\"index, follow, max-snippet:-1, max-image-preview:large, max-video-preview:-1\" \/>\n<link rel=\"canonical\" href=\"https:\/\/nge.vn\/en\/product\/crcc-s7-hd-1080p-web-camera-giam-sat-may-in-3d-truc-tuyen\/\" \/>\n<meta property=\"og:locale\" content=\"en_US\" \/>\n<meta property=\"og:type\" content=\"article\" \/>\n<meta property=\"og:title\" content=\"CRCC-S7 HD 1080P Web Camera gi\u00e1m s\u00e1t m\u00e1y in 3D tr\u1ef1c tuy\u1ebfn\" \/>\n<meta property=\"og:description\" content=\"Camera gi\u00e1m s\u00e1t Creality CRCC-S7 HD 1080P d\u00e0nh cho m\u00e1y in 3D, k\u1ebft n\u1ed1i qua Creality Box, xem tr\u1ef1c tuy\u1ebfn t\u1eeb xa, h\u00ecnh \u1ea3nh s\u1eafc n\u00e9t, c\u00e0i \u0111\u1eb7t d\u1ec5 d\u00e0ng.\" \/>\n<meta property=\"og:url\" content=\"https:\/\/nge.vn\/en\/product\/crcc-s7-hd-1080p-web-camera-giam-sat-may-in-3d-truc-tuyen\/\" \/>\n<meta property=\"og:site_name\" content=\"NGE 3D Printers Services\" \/>\n<meta property=\"article:modified_time\" content=\"2025-08-05T09:46:52+00:00\" \/>\n<meta property=\"og:image\" content=\"https:\/\/nge.vn\/wp-content\/uploads\/2025\/08\/d8f1e9858d5a944f0e6d377a28692d5c_tn.jpeg\" \/>\n\t<meta property=\"og:image:width\" content=\"320\" \/>\n\t<meta property=\"og:image:height\" content=\"320\" \/>\n\t<meta property=\"og:image:type\" content=\"image\/jpeg\" \/>\n<meta name=\"twitter:card\" content=\"summary_large_image\" \/>\n<meta name=\"twitter:label1\" content=\"Est. reading time\" \/>\n\t<meta name=\"twitter:data1\" content=\"3 minutes\" \/>\n<script type=\"application\/ld+json\" class=\"yoast-schema-graph\">{\"@context\":\"https:\/\/schema.org\",\"@graph\":[{\"@type\":\"WebPage\",\"@id\":\"https:\/\/nge.vn\/san-pham\/crcc-s7-hd-1080p-web-camera-giam-sat-may-in-3d-truc-tuyen\/\",\"url\":\"https:\/\/nge.vn\/san-pham\/crcc-s7-hd-1080p-web-camera-giam-sat-may-in-3d-truc-tuyen\/\",\"name\":\"CRCC-S7 HD 1080P Web Camera gi\u00e1m s\u00e1t m\u00e1y in 3D tr\u1ef1c tuy\u1ebfn - NGE 3D Printers Services\",\"isPartOf\":{\"@id\":\"https:\/\/nge.vn\/#website\"},\"primaryImageOfPage\":{\"@id\":\"https:\/\/nge.vn\/san-pham\/crcc-s7-hd-1080p-web-camera-giam-sat-may-in-3d-truc-tuyen\/#primaryimage\"},\"image\":{\"@id\":\"https:\/\/nge.vn\/san-pham\/crcc-s7-hd-1080p-web-camera-giam-sat-may-in-3d-truc-tuyen\/#primaryimage\"},\"thumbnailUrl\":\"https:\/\/nge.vn\/wp-content\/uploads\/2025\/08\/d8f1e9858d5a944f0e6d377a28692d5c_tn.jpeg\",\"datePublished\":\"2025-08-05T09:46:51+00:00\",\"dateModified\":\"2025-08-05T09:46:52+00:00\",\"description\":\"Camera gi\u00e1m s\u00e1t Creality CRCC-S7 HD 1080P d\u00e0nh cho m\u00e1y in 3D, k\u1ebft n\u1ed1i qua Creality Box, xem tr\u1ef1c tuy\u1ebfn t\u1eeb xa, h\u00ecnh \u1ea3nh s\u1eafc n\u00e9t, c\u00e0i \u0111\u1eb7t d\u1ec5 d\u00e0ng.\",\"breadcrumb\":{\"@id\":\"https:\/\/nge.vn\/san-pham\/crcc-s7-hd-1080p-web-camera-giam-sat-may-in-3d-truc-tuyen\/#breadcrumb\"},\"inLanguage\":\"en-US\",\"potentialAction\":[{\"@type\":\"ReadAction\",\"target\":[\"https:\/\/nge.vn\/san-pham\/crcc-s7-hd-1080p-web-camera-giam-sat-may-in-3d-truc-tuyen\/\"]}]},{\"@type\":\"ImageObject\",\"inLanguage\":\"en-US\",\"@id\":\"https:\/\/nge.vn\/san-pham\/crcc-s7-hd-1080p-web-camera-giam-sat-may-in-3d-truc-tuyen\/#primaryimage\",\"url\":\"https:\/\/nge.vn\/wp-content\/uploads\/2025\/08\/d8f1e9858d5a944f0e6d377a28692d5c_tn.jpeg\",\"contentUrl\":\"https:\/\/nge.vn\/wp-content\/uploads\/2025\/08\/d8f1e9858d5a944f0e6d377a28692d5c_tn.jpeg\",\"width\":320,\"height\":320,\"caption\":\"camera s7\"},{\"@type\":\"BreadcrumbList\",\"@id\":\"https:\/\/nge.vn\/san-pham\/crcc-s7-hd-1080p-web-camera-giam-sat-may-in-3d-truc-tuyen\/#breadcrumb\",\"itemListElement\":[{\"@type\":\"ListItem\",\"position\":1,\"name\":\"Trang ch\u1ee7\",\"item\":\"https:\/\/nge.vn\/\"},{\"@type\":\"ListItem\",\"position\":2,\"name\":\"S\u1ea3n ph\u1ea9m\",\"item\":\"https:\/\/nge.vn\/san-pham\/\"},{\"@type\":\"ListItem\",\"position\":3,\"name\":\"CRCC-S7 HD 1080P Web Camera gi\u00e1m s\u00e1t m\u00e1y in 3D tr\u1ef1c tuy\u1ebfn\"}]},{\"@type\":\"WebSite\",\"@id\":\"https:\/\/nge.vn\/#website\",\"url\":\"https:\/\/nge.vn\/\",\"name\":\"NGE 3D Printers Services\",\"description\":\"\",\"potentialAction\":[{\"@type\":\"SearchAction\",\"target\":{\"@type\":\"EntryPoint\",\"urlTemplate\":\"https:\/\/nge.vn\/?s={search_term_string}\"},\"query-input\":{\"@type\":\"PropertyValueSpecification\",\"valueRequired\":true,\"valueName\":\"search_term_string\"}}],\"inLanguage\":\"en-US\"}]}<\/script>\n<!-- \/ Yoast SEO Premium plugin. -->","yoast_head_json":{"title":"CRCC-S7 HD 1080P Web Camera gi\u00e1m s\u00e1t m\u00e1y in 3D tr\u1ef1c tuy\u1ebfn - NGE 3D Printers Services","description":"Camera gi\u00e1m s\u00e1t Creality CRCC-S7 HD 1080P d\u00e0nh cho m\u00e1y in 3D, k\u1ebft n\u1ed1i qua Creality Box, xem tr\u1ef1c tuy\u1ebfn t\u1eeb xa, h\u00ecnh \u1ea3nh s\u1eafc n\u00e9t, c\u00e0i \u0111\u1eb7t d\u1ec5 d\u00e0ng.","robots":{"index":"index","follow":"follow","max-snippet":"max-snippet:-1","max-image-preview":"max-image-preview:large","max-video-preview":"max-video-preview:-1"},"canonical":"https:\/\/nge.vn\/en\/product\/crcc-s7-hd-1080p-web-camera-giam-sat-may-in-3d-truc-tuyen\/","og_locale":"en_US","og_type":"article","og_title":"CRCC-S7 HD 1080P Web Camera gi\u00e1m s\u00e1t m\u00e1y in 3D tr\u1ef1c tuy\u1ebfn","og_description":"Camera gi\u00e1m s\u00e1t Creality CRCC-S7 HD 1080P d\u00e0nh cho m\u00e1y in 3D, k\u1ebft n\u1ed1i qua Creality Box, xem tr\u1ef1c tuy\u1ebfn t\u1eeb xa, h\u00ecnh \u1ea3nh s\u1eafc n\u00e9t, c\u00e0i \u0111\u1eb7t d\u1ec5 d\u00e0ng.","og_url":"https:\/\/nge.vn\/en\/product\/crcc-s7-hd-1080p-web-camera-giam-sat-may-in-3d-truc-tuyen\/","og_site_name":"NGE 3D Printers Services","article_modified_time":"2025-08-05T09:46:52+00:00","og_image":[{"width":320,"height":320,"url":"https:\/\/nge.vn\/wp-content\/uploads\/2025\/08\/d8f1e9858d5a944f0e6d377a28692d5c_tn.jpeg","type":"image\/jpeg"}],"twitter_card":"summary_large_image","twitter_misc":{"Est. reading time":"3 minutes"},"schema":{"@context":"https:\/\/schema.org","@graph":[{"@type":"WebPage","@id":"https:\/\/nge.vn\/san-pham\/crcc-s7-hd-1080p-web-camera-giam-sat-may-in-3d-truc-tuyen\/","url":"https:\/\/nge.vn\/san-pham\/crcc-s7-hd-1080p-web-camera-giam-sat-may-in-3d-truc-tuyen\/","name":"CRCC-S7 HD 1080P Web Camera gi\u00e1m s\u00e1t m\u00e1y in 3D tr\u1ef1c tuy\u1ebfn - NGE 3D Printers Services","isPartOf":{"@id":"https:\/\/nge.vn\/#website"},"primaryImageOfPage":{"@id":"https:\/\/nge.vn\/san-pham\/crcc-s7-hd-1080p-web-camera-giam-sat-may-in-3d-truc-tuyen\/#primaryimage"},"image":{"@id":"https:\/\/nge.vn\/san-pham\/crcc-s7-hd-1080p-web-camera-giam-sat-may-in-3d-truc-tuyen\/#primaryimage"},"thumbnailUrl":"https:\/\/nge.vn\/wp-content\/uploads\/2025\/08\/d8f1e9858d5a944f0e6d377a28692d5c_tn.jpeg","datePublished":"2025-08-05T09:46:51+00:00","dateModified":"2025-08-05T09:46:52+00:00","description":"Camera gi\u00e1m s\u00e1t Creality CRCC-S7 HD 1080P d\u00e0nh cho m\u00e1y in 3D, k\u1ebft n\u1ed1i qua Creality Box, xem tr\u1ef1c tuy\u1ebfn t\u1eeb xa, h\u00ecnh \u1ea3nh s\u1eafc n\u00e9t, c\u00e0i \u0111\u1eb7t d\u1ec5 d\u00e0ng.","breadcrumb":{"@id":"https:\/\/nge.vn\/san-pham\/crcc-s7-hd-1080p-web-camera-giam-sat-may-in-3d-truc-tuyen\/#breadcrumb"},"inLanguage":"en-US","potentialAction":[{"@type":"ReadAction","target":["https:\/\/nge.vn\/san-pham\/crcc-s7-hd-1080p-web-camera-giam-sat-may-in-3d-truc-tuyen\/"]}]},{"@type":"ImageObject","inLanguage":"en-US","@id":"https:\/\/nge.vn\/san-pham\/crcc-s7-hd-1080p-web-camera-giam-sat-may-in-3d-truc-tuyen\/#primaryimage","url":"https:\/\/nge.vn\/wp-content\/uploads\/2025\/08\/d8f1e9858d5a944f0e6d377a28692d5c_tn.jpeg","contentUrl":"https:\/\/nge.vn\/wp-content\/uploads\/2025\/08\/d8f1e9858d5a944f0e6d377a28692d5c_tn.jpeg","width":320,"height":320,"caption":"camera s7"},{"@type":"BreadcrumbList","@id":"https:\/\/nge.vn\/san-pham\/crcc-s7-hd-1080p-web-camera-giam-sat-may-in-3d-truc-tuyen\/#breadcrumb","itemListElement":[{"@type":"ListItem","position":1,"name":"Trang ch\u1ee7","item":"https:\/\/nge.vn\/"},{"@type":"ListItem","position":2,"name":"S\u1ea3n ph\u1ea9m","item":"https:\/\/nge.vn\/san-pham\/"},{"@type":"ListItem","position":3,"name":"CRCC-S7 HD 1080P Web Camera gi\u00e1m s\u00e1t m\u00e1y in 3D tr\u1ef1c tuy\u1ebfn"}]},{"@type":"WebSite","@id":"https:\/\/nge.vn\/#website","url":"https:\/\/nge.vn\/","name":"NGE 3D Printers Services","description":"","potentialAction":[{"@type":"SearchAction","target":{"@type":"EntryPoint","urlTemplate":"https:\/\/nge.vn\/?s={search_term_string}"},"query-input":{"@type":"PropertyValueSpecification","valueRequired":true,"valueName":"search_term_string"}}],"inLanguage":"en-US"}]}},"_links":{"self":[{"href":"https:\/\/nge.vn\/en\/wp-json\/wp\/v2\/product\/6247","targetHints":{"allow":["GET"]}}],"collection":[{"href":"https:\/\/nge.vn\/en\/wp-json\/wp\/v2\/product"}],"about":[{"href":"https:\/\/nge.vn\/en\/wp-json\/wp\/v2\/types\/product"}],"replies":[{"embeddable":true,"href":"https:\/\/nge.vn\/en\/wp-json\/wp\/v2\/comments?post=6247"}],"wp:featuredmedia":[{"embeddable":true,"href":"https:\/\/nge.vn\/en\/wp-json\/wp\/v2\/media\/6248"}],"wp:attachment":[{"href":"https:\/\/nge.vn\/en\/wp-json\/wp\/v2\/media?parent=6247"}],"wp:term":[{"taxonomy":"product_brand","embeddable":true,"href":"https:\/\/nge.vn\/en\/wp-json\/wp\/v2\/product_brand?post=6247"},{"taxonomy":"product_cat","embeddable":true,"href":"https:\/\/nge.vn\/en\/wp-json\/wp\/v2\/product_cat?post=6247"},{"taxonomy":"product_tag","embeddable":true,"href":"https:\/\/nge.vn\/en\/wp-json\/wp\/v2\/product_tag?post=6247"}],"curies":[{"name":"wp","href":"https:\/\/api.w.org\/{rel}","templated":true}]}}