{"id":6233,"date":"2025-08-05T16:19:14","date_gmt":"2025-08-05T09:19:14","guid":{"rendered":"https:\/\/nge.vn\/?post_type=product&#038;p=6233"},"modified":"2025-08-05T16:19:15","modified_gmt":"2025-08-05T09:19:15","slug":"bo-cum-dun-truc-tiep-sprite-extruder-se-neo","status":"publish","type":"product","link":"https:\/\/nge.vn\/en\/product\/bo-cum-dun-truc-tiep-sprite-extruder-se-neo\/","title":{"rendered":"B\u1ed9 C\u1ee5m \u0111\u00f9n tr\u1ef1c ti\u1ebfp Sprite Extruder SE-Neo"},"content":{"rendered":"<h2 data-start=\"183\" data-end=\"280\">\ud83d\udd27 B\u1ed9 C\u1ee5m \u0110\u00f9n Tr\u1ef1c Ti\u1ebfp Sprite Extruder SE \/ SE-Neo \u2013 N\u00e2ng C\u1ea5p Ho\u00e0n H\u1ea3o Cho M\u00e1y In 3D Creality<\/h2>\n<h3 data-start=\"282\" data-end=\"312\">\u2705 T\u1ed1i \u01afu Tr\u1ea3i Nghi\u1ec7m In 3D<\/h3>\n<p data-start=\"313\" data-end=\"499\">B\u1ed9 c\u1ee5m \u0111\u00f9n tr\u1ef1c ti\u1ebfp <strong data-start=\"334\" data-end=\"356\">Sprite Extruder SE<\/strong> v\u00e0 <strong data-start=\"360\" data-end=\"370\">SE-Neo<\/strong> l\u00e0 gi\u1ea3i ph\u00e1p n\u00e2ng c\u1ea5p ho\u00e0n h\u1ea3o t\u1eeb \u0111\u00f9n gi\u00e1n ti\u1ebfp sang \u0111\u00f9n tr\u1ef1c ti\u1ebfp, gi\u00fap in \u1ed5n \u0111\u1ecbnh h\u01a1n \u2013 \u0111\u1eb7c bi\u1ec7t v\u1edbi c\u00e1c lo\u1ea1i s\u1ee3i m\u1ec1m nh\u01b0 TPU.<\/p>\n<hr data-start=\"501\" data-end=\"504\" \/>\n<h3 data-start=\"506\" data-end=\"535\">\ud83d\udd0d <strong data-start=\"513\" data-end=\"535\">T\u00ednh N\u0103ng N\u1ed5i B\u1eadt:<\/strong><\/h3>\n<ul data-start=\"537\" data-end=\"1086\">\n<li data-start=\"537\" data-end=\"647\">\n<p data-start=\"539\" data-end=\"647\"><strong data-start=\"539\" data-end=\"561\">Nh\u1ecf G\u1ecdn &amp; M\u1ea1nh M\u1ebd:<\/strong><br data-start=\"561\" data-end=\"564\" \/>K\u00edch th\u01b0\u1edbc ch\u1ec9 <strong data-start=\"581\" data-end=\"601\">47.5 \u00d7 42 \u00d7 49mm<\/strong>, n\u1eb7ng <strong data-start=\"608\" data-end=\"616\">215g<\/strong>, t\u1ed1i \u01b0u cho vi\u1ec7c n\u00e2ng c\u1ea5p DIY.<\/p>\n<\/li>\n<li data-start=\"649\" data-end=\"772\">\n<p data-start=\"651\" data-end=\"772\"><strong data-start=\"651\" data-end=\"688\">M\u00f4-men Xo\u1eafn Cao \u2013 N\u1ea1p Li\u1ec7u \u00cam \u00c1i:<\/strong><br data-start=\"688\" data-end=\"691\" \/>T\u1ef7 s\u1ed1 truy\u1ec1n <strong data-start=\"706\" data-end=\"715\">3.5:1<\/strong> \u0111\u1ea3m b\u1ea3o c\u1ea5p li\u1ec7u m\u1ea1nh m\u1ebd, ch\u00ednh x\u00e1c, kh\u00f4ng b\u1ecb tr\u01b0\u1ee3t s\u1ee3i.<\/p>\n<\/li>\n<li data-start=\"774\" data-end=\"884\">\n<p data-start=\"776\" data-end=\"884\"><strong data-start=\"776\" data-end=\"809\">\u1ed4 \u0110\u0129a K\u00e9p \u2013 C\u1ea5p Li\u1ec7u \u1ed4n \u0110\u1ecbnh:<\/strong><br data-start=\"809\" data-end=\"812\" \/>B\u00e1nh r\u0103ng k\u00e9p ch\u1ed1ng tr\u01b0\u1ee3t \u2013 gi\u1eef nguy\u00ean h\u00ecnh d\u1ea1ng s\u1ee3i, gi\u00fap in m\u01b0\u1ee3t m\u00e0.<\/p>\n<\/li>\n<li data-start=\"886\" data-end=\"992\">\n<p data-start=\"888\" data-end=\"992\"><strong data-start=\"888\" data-end=\"925\">\u0110i\u1ec1u Ch\u1ec9nh \u0110\u1ed9 C\u0103ng D\u00e2y Linh Ho\u1ea1t:<\/strong><br data-start=\"925\" data-end=\"928\" \/>D\u1ec5 d\u00e0ng tinh ch\u1ec9nh \u00e1p l\u1ef1c \u0111\u00f9n, ph\u00f9 h\u1ee3p cho t\u1eebng lo\u1ea1i filament.<\/p>\n<\/li>\n<li data-start=\"994\" data-end=\"1086\">\n<p data-start=\"996\" data-end=\"1086\"><strong data-start=\"996\" data-end=\"1032\">T\u01b0\u01a1ng Th\u00edch Nhi\u1ec1u Lo\u1ea1i V\u1eadt Li\u1ec7u:<\/strong><br data-start=\"1032\" data-end=\"1035\" \/>PLA, ABS, TPU, PETG\u2026 cho ph\u00e9p b\u1ea1n t\u1ef1 do s\u00e1ng t\u1ea1o.<\/p>\n<\/li>\n<\/ul>\n<hr data-start=\"1088\" data-end=\"1091\" \/>\n<h3 data-start=\"1093\" data-end=\"1133\">\ud83d\udee0 <strong data-start=\"1100\" data-end=\"1133\">T\u01b0\u01a1ng Th\u00edch V\u1edbi C\u00e1c D\u00f2ng M\u00e1y:<\/strong><\/h3>\n<ul data-start=\"1135\" data-end=\"1399\">\n<li data-start=\"1135\" data-end=\"1273\">\n<p data-start=\"1137\" data-end=\"1273\"><strong data-start=\"1137\" data-end=\"1177\">Sprite Extruder SE (M\u00e3: 4001020069):<\/strong><br data-start=\"1177\" data-end=\"1180\" \/>T\u01b0\u01a1ng th\u00edch: Ender-3, Ender-3 V2, Ender-3 Pro, Ender-5, Ender-5 Pro, Ender-5 Plus, CR-10&#8230;<\/p>\n<\/li>\n<li data-start=\"1275\" data-end=\"1399\">\n<p data-start=\"1277\" data-end=\"1399\"><strong data-start=\"1277\" data-end=\"1321\">Sprite Extruder SE-Neo (M\u00e3: 4001020070):<\/strong><br data-start=\"1321\" data-end=\"1324\" \/>T\u01b0\u01a1ng th\u00edch: Ender-3 V2 Neo, Ender-3 Neo, Ender-3 Max Neo, Ender-2 Pro&#8230;<\/p>\n<\/li>\n<\/ul>\n<p data-start=\"1401\" data-end=\"1477\">\ud83d\udce6 <strong data-start=\"1404\" data-end=\"1421\">Packing Size:<\/strong> 110 \u00d7 80 \u00d7 65 mm<br data-start=\"1438\" data-end=\"1441\" \/>\u2696\ufe0f <strong data-start=\"1444\" data-end=\"1469\">Tr\u1ecdng l\u01b0\u1ee3ng \u0111\u00f3ng g\u00f3i:<\/strong> 0.282kg<\/p>\n<p data-start=\"1479\" data-end=\"1640\">\ud83d\udd14 <em data-start=\"1482\" data-end=\"1490\">L\u01b0u \u00fd:<\/em> M\u1ed7i b\u1ed9 \u0111i k\u00e8m c\u00e1c ph\u1ee5 ki\u1ec7n treo ph\u00f9 h\u1ee3p v\u1edbi t\u1eebng d\u00f2ng m\u00e1y. Vui l\u00f2ng <strong data-start=\"1559\" data-end=\"1595\">ki\u1ec3m tra k\u1ef9 model m\u00e1y in c\u1ee7a b\u1ea1n<\/strong> ho\u1eb7c li\u00ean h\u1ec7 \u0111\u1ec3 \u0111\u01b0\u1ee3c t\u01b0 v\u1ea5n ch\u1ecdn b\u1ed9 ph\u00f9 h\u1ee3p.<\/p>\n<blockquote class=\"wp-embedded-content\" data-secret=\"MdrVkO3VjD\"><p><a href=\"https:\/\/nge.vn\/en\/product\/may-in-3d-fdm-creality-hi-combo\/\">M\u00e1y in 3d FDM Creality Hi Combo t\u1ed1c \u0111\u1ed9 in max 500mm\/s<\/a><\/p><\/blockquote>\n<p><iframe loading=\"lazy\" class=\"wp-embedded-content\" sandbox=\"allow-scripts\" security=\"restricted\" style=\"position: absolute; visibility: hidden;\" title=\"&#8220;M\u00e1y in 3d FDM Creality Hi Combo t\u1ed1c \u0111\u1ed9 in max 500mm\/s&#8221; &#8212; NGE 3D Printers Services\" src=\"https:\/\/nge.vn\/san-pham\/may-in-3d-fdm-creality-hi-combo\/embed\/#?secret=PTYqWkRv3Q#?secret=MdrVkO3VjD\" data-secret=\"MdrVkO3VjD\" width=\"600\" height=\"338\" frameborder=\"0\" marginwidth=\"0\" marginheight=\"0\" scrolling=\"no\"><\/iframe><\/p>\n<p data-start=\"1479\" data-end=\"1640\">-\u0110\u00e2y l\u00e0 c\u00e1c trang b\u00e1n h\u00e0ng b\u00ean m\u00ecnh NGE 3D Printer Services chuy\u00ean cung c\u1ea5p Nh\u1ef1a in 3D v\u00e0 M\u00e1y in 3D c\u1ee7a H\u00e3ng ESUN, Flsun, BIQU, Creality, eMake3d&#8230;<br \/>\n\ud83d\uded2Shopee =&gt; https:\/\/shopee.vn\/nge3dprinter<br \/>\n\ud83d\uded2Shopee =&gt; https:\/\/shopee.vn\/nge3dservices<br \/>\n\ud83d\uded2Shopee Voron v\u00e0 eMake3D =&gt; https:\/\/shopee.vn\/3dmasterpower<br \/>\n\ud83d\uded2Shopee eMake3D =&gt; https:\/\/shopee.vn\/nge3dprinting<br \/>\n\ud83d\uded2Lazada =&gt; https:\/\/www.lazada.vn\/shop\/nge-3d-printer<br \/>\n\ud83d\uded2Lazada =&gt; https:\/\/www.lazada.vn\/shop\/nge-3d-printer-services<br \/>\n\ud83d\uded2Lazada =&gt; https:\/\/www.lazada.vn\/shop\/emake3d-vn<br \/>\n\ud83d\uded2Webslite Th\u1ebf H\u1ec7 K\u1ebf Ti\u1ebfp =&gt;https:\/\/www.theheketiep.com\/<br \/>\n\ud83d\uded2Webslite NGE.VN =&gt;https:\/\/www.nge.vn\/<br \/>\nHo\u1eb7c b\u1ea1n g\u1ecdi 094.144.0951 g\u1eb7p m\u00ecnh<br \/>\nHo\u1eb7c 0913939775 g\u1eb7p anh Qu\u00e2n<br \/>\n** Price does not include VAT (+8 or 10% if VAT invoice is issued)<\/p>","protected":false},"excerpt":{"rendered":"<p>N\u00e2ng c\u1ea5p m\u00e1y in 3D Creality v\u1edbi b\u1ed9 c\u1ee5m \u0111\u00f9n tr\u1ef1c ti\u1ebfp Sprite Extruder SE &amp; SE-Neo. Thi\u1ebft k\u1ebf nh\u1ecf g\u1ecdn, m\u00f4-men xo\u1eafn cao, c\u1ea5p li\u1ec7u \u1ed5n \u0111\u1ecbnh, t\u01b0\u01a1ng th\u00edch nhi\u1ec1u d\u00f2ng m\u00e1y. Ph\u00f9 h\u1ee3p in PLA, TPU, PETG, ABS&#8230;<\/p>","protected":false},"featured_media":6236,"comment_status":"open","ping_status":"closed","template":"","meta":{"inline_featured_image":false},"product_brand":[],"product_cat":[461,40,56],"product_tag":[799,819,663,818,817],"class_list":{"0":"post-6233","1":"product","2":"type-product","3":"status-publish","4":"has-post-thumbnail","6":"product_cat-linh-kien-cum-dun-va-cam-bien","7":"product_cat-linh-kien-va-phu-kien","8":"product_cat-linh-phu-kien-may-in-3d-creality","9":"product_tag-crealityvietnam","10":"product_tag-in3dchuyennghiep","11":"product_tag-nge3d","12":"product_tag-phukienin3d","13":"product_tag-spriteextruder","15":"first","16":"instock","17":"taxable","18":"shipping-taxable","19":"purchasable","20":"product-type-variable"},"yoast_head":"<!-- This site is optimized with the Yoast SEO Premium plugin v22.8 (Yoast SEO v26.9) - https:\/\/yoast.com\/product\/yoast-seo-premium-wordpress\/ -->\n<title>B\u1ed9 C\u1ee5m \u0111\u00f9n tr\u1ef1c ti\u1ebfp Sprite Extruder SE-Neo - NGE 3D Printers Services<\/title>\n<meta name=\"description\" content=\"N\u00e2ng c\u1ea5p m\u00e1y in 3D Creality v\u1edbi b\u1ed9 c\u1ee5m \u0111\u00f9n tr\u1ef1c ti\u1ebfp Sprite Extruder SE &amp; SE-Neo. Thi\u1ebft k\u1ebf nh\u1ecf g\u1ecdn, m\u00f4-men xo\u1eafn cao, \u1ed5n \u0111\u1ecbnh, t\u01b0\u01a1ng th\u00edch nhi\u1ec1u d\u00f2ng m\u00e1y.\" \/>\n<meta name=\"robots\" content=\"index, follow, max-snippet:-1, max-image-preview:large, max-video-preview:-1\" \/>\n<link rel=\"canonical\" href=\"https:\/\/nge.vn\/en\/product\/bo-cum-dun-truc-tiep-sprite-extruder-se-neo\/\" \/>\n<meta property=\"og:locale\" content=\"en_US\" \/>\n<meta property=\"og:type\" content=\"article\" \/>\n<meta property=\"og:title\" content=\"B\u1ed9 C\u1ee5m \u0111\u00f9n tr\u1ef1c ti\u1ebfp Sprite Extruder SE-Neo\" \/>\n<meta property=\"og:description\" content=\"N\u00e2ng c\u1ea5p m\u00e1y in 3D Creality v\u1edbi b\u1ed9 c\u1ee5m \u0111\u00f9n tr\u1ef1c ti\u1ebfp Sprite Extruder SE &amp; SE-Neo. Thi\u1ebft k\u1ebf nh\u1ecf g\u1ecdn, m\u00f4-men xo\u1eafn cao, \u1ed5n \u0111\u1ecbnh, t\u01b0\u01a1ng th\u00edch nhi\u1ec1u d\u00f2ng m\u00e1y.\" \/>\n<meta property=\"og:url\" content=\"https:\/\/nge.vn\/en\/product\/bo-cum-dun-truc-tiep-sprite-extruder-se-neo\/\" \/>\n<meta property=\"og:site_name\" content=\"NGE 3D Printers Services\" \/>\n<meta property=\"article:modified_time\" content=\"2025-08-05T09:19:15+00:00\" \/>\n<meta property=\"og:image\" content=\"https:\/\/nge.vn\/wp-content\/uploads\/2025\/08\/vn-11134207-7ra0g-m8g40s08d07866_tn.jpeg\" \/>\n\t<meta property=\"og:image:width\" content=\"320\" \/>\n\t<meta property=\"og:image:height\" content=\"320\" \/>\n\t<meta property=\"og:image:type\" content=\"image\/jpeg\" \/>\n<meta name=\"twitter:card\" content=\"summary_large_image\" \/>\n<meta name=\"twitter:label1\" content=\"Est. reading time\" \/>\n\t<meta name=\"twitter:data1\" content=\"3 minutes\" \/>\n<script type=\"application\/ld+json\" class=\"yoast-schema-graph\">{\"@context\":\"https:\/\/schema.org\",\"@graph\":[{\"@type\":\"WebPage\",\"@id\":\"https:\/\/nge.vn\/san-pham\/bo-cum-dun-truc-tiep-sprite-extruder-se-neo\/\",\"url\":\"https:\/\/nge.vn\/san-pham\/bo-cum-dun-truc-tiep-sprite-extruder-se-neo\/\",\"name\":\"B\u1ed9 C\u1ee5m \u0111\u00f9n tr\u1ef1c ti\u1ebfp Sprite Extruder SE-Neo - NGE 3D Printers Services\",\"isPartOf\":{\"@id\":\"https:\/\/nge.vn\/#website\"},\"primaryImageOfPage\":{\"@id\":\"https:\/\/nge.vn\/san-pham\/bo-cum-dun-truc-tiep-sprite-extruder-se-neo\/#primaryimage\"},\"image\":{\"@id\":\"https:\/\/nge.vn\/san-pham\/bo-cum-dun-truc-tiep-sprite-extruder-se-neo\/#primaryimage\"},\"thumbnailUrl\":\"https:\/\/nge.vn\/wp-content\/uploads\/2025\/08\/vn-11134207-7ra0g-m8g40s08d07866_tn.jpeg\",\"datePublished\":\"2025-08-05T09:19:14+00:00\",\"dateModified\":\"2025-08-05T09:19:15+00:00\",\"description\":\"N\u00e2ng c\u1ea5p m\u00e1y in 3D Creality v\u1edbi b\u1ed9 c\u1ee5m \u0111\u00f9n tr\u1ef1c ti\u1ebfp Sprite Extruder SE & SE-Neo. Thi\u1ebft k\u1ebf nh\u1ecf g\u1ecdn, m\u00f4-men xo\u1eafn cao, \u1ed5n \u0111\u1ecbnh, t\u01b0\u01a1ng th\u00edch nhi\u1ec1u d\u00f2ng m\u00e1y.\",\"breadcrumb\":{\"@id\":\"https:\/\/nge.vn\/san-pham\/bo-cum-dun-truc-tiep-sprite-extruder-se-neo\/#breadcrumb\"},\"inLanguage\":\"en-US\",\"potentialAction\":[{\"@type\":\"ReadAction\",\"target\":[\"https:\/\/nge.vn\/san-pham\/bo-cum-dun-truc-tiep-sprite-extruder-se-neo\/\"]}]},{\"@type\":\"ImageObject\",\"inLanguage\":\"en-US\",\"@id\":\"https:\/\/nge.vn\/san-pham\/bo-cum-dun-truc-tiep-sprite-extruder-se-neo\/#primaryimage\",\"url\":\"https:\/\/nge.vn\/wp-content\/uploads\/2025\/08\/vn-11134207-7ra0g-m8g40s08d07866_tn.jpeg\",\"contentUrl\":\"https:\/\/nge.vn\/wp-content\/uploads\/2025\/08\/vn-11134207-7ra0g-m8g40s08d07866_tn.jpeg\",\"width\":320,\"height\":320,\"caption\":\"sprite extruder se\/se-neo\"},{\"@type\":\"BreadcrumbList\",\"@id\":\"https:\/\/nge.vn\/san-pham\/bo-cum-dun-truc-tiep-sprite-extruder-se-neo\/#breadcrumb\",\"itemListElement\":[{\"@type\":\"ListItem\",\"position\":1,\"name\":\"Trang ch\u1ee7\",\"item\":\"https:\/\/nge.vn\/\"},{\"@type\":\"ListItem\",\"position\":2,\"name\":\"S\u1ea3n ph\u1ea9m\",\"item\":\"https:\/\/nge.vn\/san-pham\/\"},{\"@type\":\"ListItem\",\"position\":3,\"name\":\"B\u1ed9 C\u1ee5m \u0111\u00f9n tr\u1ef1c ti\u1ebfp Sprite Extruder SE-Neo\"}]},{\"@type\":\"WebSite\",\"@id\":\"https:\/\/nge.vn\/#website\",\"url\":\"https:\/\/nge.vn\/\",\"name\":\"NGE 3D Printers Services\",\"description\":\"\",\"potentialAction\":[{\"@type\":\"SearchAction\",\"target\":{\"@type\":\"EntryPoint\",\"urlTemplate\":\"https:\/\/nge.vn\/?s={search_term_string}\"},\"query-input\":{\"@type\":\"PropertyValueSpecification\",\"valueRequired\":true,\"valueName\":\"search_term_string\"}}],\"inLanguage\":\"en-US\"}]}<\/script>\n<!-- \/ Yoast SEO Premium plugin. -->","yoast_head_json":{"title":"B\u1ed9 C\u1ee5m \u0111\u00f9n tr\u1ef1c ti\u1ebfp Sprite Extruder SE-Neo - NGE 3D Printers Services","description":"N\u00e2ng c\u1ea5p m\u00e1y in 3D Creality v\u1edbi b\u1ed9 c\u1ee5m \u0111\u00f9n tr\u1ef1c ti\u1ebfp Sprite Extruder SE & SE-Neo. Thi\u1ebft k\u1ebf nh\u1ecf g\u1ecdn, m\u00f4-men xo\u1eafn cao, \u1ed5n \u0111\u1ecbnh, t\u01b0\u01a1ng th\u00edch nhi\u1ec1u d\u00f2ng m\u00e1y.","robots":{"index":"index","follow":"follow","max-snippet":"max-snippet:-1","max-image-preview":"max-image-preview:large","max-video-preview":"max-video-preview:-1"},"canonical":"https:\/\/nge.vn\/en\/product\/bo-cum-dun-truc-tiep-sprite-extruder-se-neo\/","og_locale":"en_US","og_type":"article","og_title":"B\u1ed9 C\u1ee5m \u0111\u00f9n tr\u1ef1c ti\u1ebfp Sprite Extruder SE-Neo","og_description":"N\u00e2ng c\u1ea5p m\u00e1y in 3D Creality v\u1edbi b\u1ed9 c\u1ee5m \u0111\u00f9n tr\u1ef1c ti\u1ebfp Sprite Extruder SE & SE-Neo. Thi\u1ebft k\u1ebf nh\u1ecf g\u1ecdn, m\u00f4-men xo\u1eafn cao, \u1ed5n \u0111\u1ecbnh, t\u01b0\u01a1ng th\u00edch nhi\u1ec1u d\u00f2ng m\u00e1y.","og_url":"https:\/\/nge.vn\/en\/product\/bo-cum-dun-truc-tiep-sprite-extruder-se-neo\/","og_site_name":"NGE 3D Printers Services","article_modified_time":"2025-08-05T09:19:15+00:00","og_image":[{"width":320,"height":320,"url":"https:\/\/nge.vn\/wp-content\/uploads\/2025\/08\/vn-11134207-7ra0g-m8g40s08d07866_tn.jpeg","type":"image\/jpeg"}],"twitter_card":"summary_large_image","twitter_misc":{"Est. reading time":"3 minutes"},"schema":{"@context":"https:\/\/schema.org","@graph":[{"@type":"WebPage","@id":"https:\/\/nge.vn\/san-pham\/bo-cum-dun-truc-tiep-sprite-extruder-se-neo\/","url":"https:\/\/nge.vn\/san-pham\/bo-cum-dun-truc-tiep-sprite-extruder-se-neo\/","name":"B\u1ed9 C\u1ee5m \u0111\u00f9n tr\u1ef1c ti\u1ebfp Sprite Extruder SE-Neo - NGE 3D Printers Services","isPartOf":{"@id":"https:\/\/nge.vn\/#website"},"primaryImageOfPage":{"@id":"https:\/\/nge.vn\/san-pham\/bo-cum-dun-truc-tiep-sprite-extruder-se-neo\/#primaryimage"},"image":{"@id":"https:\/\/nge.vn\/san-pham\/bo-cum-dun-truc-tiep-sprite-extruder-se-neo\/#primaryimage"},"thumbnailUrl":"https:\/\/nge.vn\/wp-content\/uploads\/2025\/08\/vn-11134207-7ra0g-m8g40s08d07866_tn.jpeg","datePublished":"2025-08-05T09:19:14+00:00","dateModified":"2025-08-05T09:19:15+00:00","description":"N\u00e2ng c\u1ea5p m\u00e1y in 3D Creality v\u1edbi b\u1ed9 c\u1ee5m \u0111\u00f9n tr\u1ef1c ti\u1ebfp Sprite Extruder SE & SE-Neo. Thi\u1ebft k\u1ebf nh\u1ecf g\u1ecdn, m\u00f4-men xo\u1eafn cao, \u1ed5n \u0111\u1ecbnh, t\u01b0\u01a1ng th\u00edch nhi\u1ec1u d\u00f2ng m\u00e1y.","breadcrumb":{"@id":"https:\/\/nge.vn\/san-pham\/bo-cum-dun-truc-tiep-sprite-extruder-se-neo\/#breadcrumb"},"inLanguage":"en-US","potentialAction":[{"@type":"ReadAction","target":["https:\/\/nge.vn\/san-pham\/bo-cum-dun-truc-tiep-sprite-extruder-se-neo\/"]}]},{"@type":"ImageObject","inLanguage":"en-US","@id":"https:\/\/nge.vn\/san-pham\/bo-cum-dun-truc-tiep-sprite-extruder-se-neo\/#primaryimage","url":"https:\/\/nge.vn\/wp-content\/uploads\/2025\/08\/vn-11134207-7ra0g-m8g40s08d07866_tn.jpeg","contentUrl":"https:\/\/nge.vn\/wp-content\/uploads\/2025\/08\/vn-11134207-7ra0g-m8g40s08d07866_tn.jpeg","width":320,"height":320,"caption":"sprite extruder se\/se-neo"},{"@type":"BreadcrumbList","@id":"https:\/\/nge.vn\/san-pham\/bo-cum-dun-truc-tiep-sprite-extruder-se-neo\/#breadcrumb","itemListElement":[{"@type":"ListItem","position":1,"name":"Trang ch\u1ee7","item":"https:\/\/nge.vn\/"},{"@type":"ListItem","position":2,"name":"S\u1ea3n ph\u1ea9m","item":"https:\/\/nge.vn\/san-pham\/"},{"@type":"ListItem","position":3,"name":"B\u1ed9 C\u1ee5m \u0111\u00f9n tr\u1ef1c ti\u1ebfp Sprite Extruder SE-Neo"}]},{"@type":"WebSite","@id":"https:\/\/nge.vn\/#website","url":"https:\/\/nge.vn\/","name":"NGE 3D Printers Services","description":"","potentialAction":[{"@type":"SearchAction","target":{"@type":"EntryPoint","urlTemplate":"https:\/\/nge.vn\/?s={search_term_string}"},"query-input":{"@type":"PropertyValueSpecification","valueRequired":true,"valueName":"search_term_string"}}],"inLanguage":"en-US"}]}},"_links":{"self":[{"href":"https:\/\/nge.vn\/en\/wp-json\/wp\/v2\/product\/6233","targetHints":{"allow":["GET"]}}],"collection":[{"href":"https:\/\/nge.vn\/en\/wp-json\/wp\/v2\/product"}],"about":[{"href":"https:\/\/nge.vn\/en\/wp-json\/wp\/v2\/types\/product"}],"replies":[{"embeddable":true,"href":"https:\/\/nge.vn\/en\/wp-json\/wp\/v2\/comments?post=6233"}],"wp:featuredmedia":[{"embeddable":true,"href":"https:\/\/nge.vn\/en\/wp-json\/wp\/v2\/media\/6236"}],"wp:attachment":[{"href":"https:\/\/nge.vn\/en\/wp-json\/wp\/v2\/media?parent=6233"}],"wp:term":[{"taxonomy":"product_brand","embeddable":true,"href":"https:\/\/nge.vn\/en\/wp-json\/wp\/v2\/product_brand?post=6233"},{"taxonomy":"product_cat","embeddable":true,"href":"https:\/\/nge.vn\/en\/wp-json\/wp\/v2\/product_cat?post=6233"},{"taxonomy":"product_tag","embeddable":true,"href":"https:\/\/nge.vn\/en\/wp-json\/wp\/v2\/product_tag?post=6233"}],"curies":[{"name":"wp","href":"https:\/\/api.w.org\/{rel}","templated":true}]}}