{"id":6221,"date":"2025-08-05T16:00:54","date_gmt":"2025-08-05T09:00:54","guid":{"rendered":"https:\/\/nge.vn\/?post_type=product&#038;p=6221"},"modified":"2025-08-05T16:00:55","modified_gmt":"2025-08-05T09:00:55","slug":"nhua-in-3d-fdm-creality-hp-asa-chiu-nhiet-va-chong-tia-uv","status":"publish","type":"product","link":"https:\/\/nge.vn\/en\/product\/nhua-in-3d-fdm-creality-hp-asa-chiu-nhiet-va-chong-tia-uv\/","title":{"rendered":"Nh\u1ef1a in 3d FDM Creality HP ASA ch\u1ecbu nhi\u1ec7t v\u00e0 ch\u1ed1ng tia UV"},"content":{"rendered":"<h3 data-start=\"191\" data-end=\"216\">\ud83e\uddfe <strong data-start=\"198\" data-end=\"216\">M\u00d4 T\u1ea2 S\u1ea2N PH\u1ea8M<\/strong><\/h3>\n<p data-start=\"218\" data-end=\"297\"><strong data-start=\"218\" data-end=\"297\">Nh\u1ef1a in 3D Creality HP ASA \u2013 Ch\u1ed1ng tia UV, ch\u1ecbu nhi\u1ec7t cao, b\u1ec1n b\u1ec9 v\u01b0\u1ee3t tr\u1ed9i<\/strong><\/p>\n<p data-start=\"299\" data-end=\"519\"><strong data-start=\"299\" data-end=\"318\">Creality HP ASA<\/strong> l\u00e0 lo\u1ea1i v\u1eadt li\u1ec7u in 3D chuy\u00ean d\u1ee5ng cao c\u1ea5p, \u0111\u01b0\u1ee3c t\u1ed1i \u01b0u cho <strong data-start=\"379\" data-end=\"447\">kh\u1ea3 n\u0103ng ch\u1ed1ng ch\u1ecbu th\u1eddi ti\u1ebft, tia UV v\u00e0 \u0111\u1ed9 b\u1ec1n c\u01a1 h\u1ecdc v\u01b0\u1ee3t tr\u1ed9i<\/strong>, \u0111\u1eb7c bi\u1ec7t ph\u00f9 h\u1ee3p cho c\u00e1c \u1ee9ng d\u1ee5ng <strong data-start=\"483\" data-end=\"497\">ngo\u00e0i tr\u1eddi<\/strong> v\u00e0 <strong data-start=\"501\" data-end=\"518\">in t\u1ed1c \u0111\u1ed9 cao<\/strong>.<\/p>\n<hr data-start=\"521\" data-end=\"524\" \/>\n<h3 data-start=\"526\" data-end=\"553\">\u2705 <strong data-start=\"532\" data-end=\"553\">\u0110\u1eb7c \u0111i\u1ec3m n\u1ed5i b\u1eadt:<\/strong><\/h3>\n<ul data-start=\"554\" data-end=\"934\">\n<li data-start=\"554\" data-end=\"640\">\n<p data-start=\"556\" data-end=\"640\">\ud83d\udd06 <strong data-start=\"559\" data-end=\"584\">Ch\u1ed1ng tia UV \u0111\u1eb7c bi\u1ec7t<\/strong> \u2013 Kh\u00f4ng b\u1ecb phai m\u00e0u hay gi\u00f2n g\u00e3y khi ph\u01a1i n\u1eafng l\u00e2u d\u00e0i.<\/p>\n<\/li>\n<li data-start=\"641\" data-end=\"741\">\n<p data-start=\"643\" data-end=\"741\">\ud83c\udf21\ufe0f <strong data-start=\"647\" data-end=\"665\">Ch\u1ecbu nhi\u1ec7t cao<\/strong> \u2013 \u1ed4n \u0111\u1ecbnh h\u00ecnh d\u1ea1ng \u1edf nhi\u1ec7t \u0111\u1ed9 l\u00ean t\u1edbi 100\u00b0C, v\u01b0\u1ee3t tr\u1ed9i so v\u1edbi PETG v\u00e0 ABS.<\/p>\n<\/li>\n<li data-start=\"742\" data-end=\"835\">\n<p data-start=\"744\" data-end=\"835\">\ud83e\uddf1 <strong data-start=\"747\" data-end=\"780\">B\u1ec1n ch\u1eafc v\u00e0 ch\u1ed1ng va \u0111\u1eadp m\u1ea1nh<\/strong> \u2013 L\u00fd t\u01b0\u1edfng cho c\u00e1c b\u1ed9 ph\u1eadn c\u01a1 kh\u00ed, linh ki\u1ec7n ch\u1ecbu l\u1ef1c.<\/p>\n<\/li>\n<li data-start=\"836\" data-end=\"934\">\n<p data-start=\"838\" data-end=\"934\">\ud83d\ude80 <strong data-start=\"841\" data-end=\"874\">In t\u1ed1c \u0111\u1ed9 cao l\u00ean \u0111\u1ebfn 200mm\/s<\/strong> \u2013 Duy tr\u00ec ch\u1ea5t l\u01b0\u1ee3ng \u1ed5n \u0111\u1ecbnh, kh\u00f4ng t\u1eafc ngh\u1ebdn khi in nhanh.<\/p>\n<\/li>\n<\/ul>\n<hr data-start=\"936\" data-end=\"939\" \/>\n<h3 data-start=\"941\" data-end=\"992\">\ud83c\udf26\ufe0f <strong data-start=\"949\" data-end=\"992\">Kh\u1ea3 n\u0103ng ch\u1ed1ng ch\u1ecbu th\u1eddi ti\u1ebft tuy\u1ec7t v\u1eddi<\/strong><\/h3>\n<p data-start=\"993\" data-end=\"1162\">Creality HP ASA s\u1edf h\u1eefu kh\u1ea3 n\u0103ng <strong data-start=\"1025\" data-end=\"1073\">ch\u1ed1ng \u0103n m\u00f2n, l\u00e3o h\u00f3a, b\u1ee9c x\u1ea1 UV v\u00e0 m\u01b0a n\u1eafng<\/strong>, gi\u00fap c\u00e1c s\u1ea3n ph\u1ea9m in gi\u1eef nguy\u00ean m\u00e0u s\u1eafc v\u00e0 \u0111\u1ed9 b\u1ec1n sau th\u1eddi gian d\u00e0i s\u1eed d\u1ee5ng ngo\u00e0i tr\u1eddi.<\/p>\n<hr data-start=\"1164\" data-end=\"1167\" \/>\n<h3 data-start=\"1169\" data-end=\"1198\">\ud83d\udee0\ufe0f <strong data-start=\"1177\" data-end=\"1198\">\u1ee8ng d\u1ee5ng n\u1ed5i b\u1eadt:<\/strong><\/h3>\n<ul data-start=\"1199\" data-end=\"1341\">\n<li data-start=\"1199\" data-end=\"1223\">\n<p data-start=\"1201\" data-end=\"1223\">\u0110\u1ed3 n\u1ed9i th\u1ea5t ngo\u00e0i tr\u1eddi<\/p>\n<\/li>\n<li data-start=\"1224\" data-end=\"1251\">\n<p data-start=\"1226\" data-end=\"1251\">Linh ki\u1ec7n ngo\u1ea1i th\u1ea5t \u00f4 t\u00f4<\/p>\n<\/li>\n<li data-start=\"1252\" data-end=\"1282\">\n<p data-start=\"1254\" data-end=\"1282\">V\u1eadt li\u1ec7u x\u00e2y d\u1ef1ng ngo\u00e0i tr\u1eddi<\/p>\n<\/li>\n<li data-start=\"1283\" data-end=\"1315\">\n<p data-start=\"1285\" data-end=\"1315\">V\u1eadt d\u1ee5ng k\u1ef9 thu\u1eadt, c\u00f4ng nghi\u1ec7p<\/p>\n<\/li>\n<li data-start=\"1316\" data-end=\"1341\">\n<p data-start=\"1318\" data-end=\"1341\">H\u1ed9p k\u1ef9 thu\u1eadt ch\u1ecbu nhi\u1ec7t<\/p>\n<\/li>\n<\/ul>\n<hr data-start=\"1343\" data-end=\"1346\" \/>\n<h3 data-start=\"1348\" data-end=\"1378\">\ud83d\udd0d <strong data-start=\"1355\" data-end=\"1378\">So s\u00e1nh ASA vs ABS:<\/strong><\/h3>\n<div class=\"_tableContainer_16hzy_1\">\n<div class=\"_tableWrapper_16hzy_14 group flex w-fit flex-col-reverse\" tabindex=\"-1\">\n<table class=\"w-fit min-w-(--thread-content-width)\" data-start=\"1379\" data-end=\"2001\">\n<thead data-start=\"1379\" data-end=\"1482\">\n<tr data-start=\"1379\" data-end=\"1482\">\n<th data-start=\"1379\" data-end=\"1403\" data-col-size=\"sm\">Ti\u00eau ch\u00ed<\/th>\n<th data-start=\"1403\" data-end=\"1441\" data-col-size=\"sm\"><strong data-start=\"1405\" data-end=\"1412\">ASA<\/strong><\/th>\n<th data-start=\"1441\" data-end=\"1482\" data-col-size=\"sm\"><strong data-start=\"1443\" data-end=\"1450\">ABS<\/strong><\/th>\n<\/tr>\n<\/thead>\n<tbody data-start=\"1587\" data-end=\"2001\">\n<tr data-start=\"1587\" data-end=\"1690\">\n<td data-start=\"1587\" data-end=\"1611\" data-col-size=\"sm\">Ch\u1ed1ng tia UV<\/td>\n<td data-start=\"1611\" data-end=\"1649\" data-col-size=\"sm\">R\u1ea5t t\u1ed1t \u2013 Kh\u00f4ng b\u1ecb phai m\u00e0u<\/td>\n<td data-start=\"1649\" data-end=\"1690\" data-col-size=\"sm\">Y\u1ebfu \u2013 D\u1ec5 xu\u1ed1ng c\u1ea5p khi ti\u1ebfp x\u00fac n\u1eafng<\/td>\n<\/tr>\n<tr data-start=\"1691\" data-end=\"1794\">\n<td data-start=\"1691\" data-end=\"1715\" data-col-size=\"sm\">Ch\u1ecbu th\u1eddi ti\u1ebft<\/td>\n<td data-start=\"1715\" data-end=\"1753\" data-col-size=\"sm\">Xu\u1ea5t s\u1eafc \u2013 Kh\u00f4ng l\u00e3o h\u00f3a<\/td>\n<td data-start=\"1753\" data-end=\"1794\" data-col-size=\"sm\">K\u00e9m h\u01a1n \u2013 B\u1ecb \u1ea3nh h\u01b0\u1edfng b\u1edfi m\u00f4i tr\u01b0\u1eddng<\/td>\n<\/tr>\n<tr data-start=\"1795\" data-end=\"1898\">\n<td data-start=\"1795\" data-end=\"1818\" data-col-size=\"sm\">M\u00f9i khi in<\/td>\n<td data-start=\"1818\" data-end=\"1856\" data-col-size=\"sm\">\u00cdt h\u01a1n<\/td>\n<td data-start=\"1856\" data-end=\"1898\" data-col-size=\"sm\">Nhi\u1ec1u h\u01a1n<\/td>\n<\/tr>\n<tr data-start=\"1899\" data-end=\"2001\">\n<td data-start=\"1899\" data-end=\"1922\" data-col-size=\"sm\">\u1ee8ng d\u1ee5ng l\u00fd t\u01b0\u1edfng<\/td>\n<td data-start=\"1922\" data-end=\"1960\" data-col-size=\"sm\">Ngo\u00e0i tr\u1eddi, ch\u1ecbu n\u1eafng m\u01b0a<\/td>\n<td data-start=\"1960\" data-end=\"2001\" data-col-size=\"sm\">Trong nh\u00e0, v\u1ecf \u0111i\u1ec7n t\u1eed, \u0111\u1ed3 ch\u01a1i<\/td>\n<\/tr>\n<\/tbody>\n<\/table>\n<div class=\"sticky end-(--thread-content-margin) h-0 self-end select-none\">\n<div class=\"absolute end-0 flex items-end\"><\/div>\n<\/div>\n<\/div>\n<\/div>\n<hr data-start=\"2003\" data-end=\"2006\" \/>\n<h3 data-start=\"2008\" data-end=\"2054\">\u2699\ufe0f <strong data-start=\"2015\" data-end=\"2054\">H\u01b0\u1edbng d\u1eabn s\u1eed d\u1ee5ng &amp; khuy\u1ebfn ngh\u1ecb in:<\/strong><\/h3>\n<ol data-start=\"2055\" data-end=\"2457\">\n<li data-start=\"2055\" data-end=\"2208\">\n<p data-start=\"2058\" data-end=\"2208\"><strong data-start=\"2058\" data-end=\"2082\">S\u1ea5y kh\u00f4 tr\u01b0\u1edbc khi in<\/strong>:<br data-start=\"2083\" data-end=\"2086\" \/>\u27a4 65\u00b0C trong \u00edt nh\u1ea5t 8 ti\u1ebfng \u0111\u1ec3 \u0111\u1ea3m b\u1ea3o ch\u1ea5t l\u01b0\u1ee3ng.<br data-start=\"2140\" data-end=\"2143\" \/>\u27a4 N\u00ean s\u1eed d\u1ee5ng <strong data-start=\"2160\" data-end=\"2185\">h\u1ed9p s\u1ea5y Creality eBOX<\/strong> \u0111\u1ec3 duy tr\u00ec \u0111\u1ed9 \u1ea9m th\u1ea5p.<\/p>\n<\/li>\n<li data-start=\"2213\" data-end=\"2332\">\n<p data-start=\"2216\" data-end=\"2332\"><strong data-start=\"2216\" data-end=\"2235\">Gi\u01b0\u1eddng in (bed)<\/strong>:<br data-start=\"2236\" data-end=\"2239\" \/>\u27a4 L\u00e0m n\u00f3ng n\u1ec1n \u0111\u1ec3 t\u0103ng \u0111\u1ed9 b\u00e1m.<br data-start=\"2272\" data-end=\"2275\" \/>\u27a4 C\u00f3 th\u1ec3 s\u1eed d\u1ee5ng keo d\u00e1n, PEI ho\u1eb7c b\u1ec1 m\u1eb7t chuy\u00ean d\u1ee5ng.<\/p>\n<\/li>\n<li data-start=\"2334\" data-end=\"2457\">\n<p data-start=\"2337\" data-end=\"2457\"><strong data-start=\"2337\" data-end=\"2354\">M\u00f4i tr\u01b0\u1eddng in<\/strong>:<br data-start=\"2355\" data-end=\"2358\" \/>\u27a4 In trong bu\u1ed3ng k\u00edn.<br data-start=\"2382\" data-end=\"2385\" \/>\u27a4 \u01afu ti\u00ean s\u1eed d\u1ee5ng m\u00e1y in c\u00f3 <strong data-start=\"2416\" data-end=\"2441\">b\u1ed9 l\u1ecdc than ho\u1ea1t t\u00ednh<\/strong> \u0111\u1ec3 h\u1ea1n ch\u1ebf m\u00f9i.<\/p>\n<\/li>\n<\/ol>\n<hr data-start=\"2459\" data-end=\"2462\" \/>\n<h3 data-start=\"2464\" data-end=\"2494\">\ud83d\udce6 <strong data-start=\"2471\" data-end=\"2494\">Th\u00f4ng tin s\u1ea3n ph\u1ea9m:<\/strong><\/h3>\n<ul data-start=\"2495\" data-end=\"2677\">\n<li data-start=\"2495\" data-end=\"2532\">\n<p data-start=\"2497\" data-end=\"2532\"><strong data-start=\"2497\" data-end=\"2514\">T\u00ean s\u1ea3n ph\u1ea9m:<\/strong> Creality HP ASA<\/p>\n<\/li>\n<li data-start=\"2533\" data-end=\"2562\">\n<p data-start=\"2535\" data-end=\"2562\"><strong data-start=\"2535\" data-end=\"2551\">Tr\u1ecdng l\u01b0\u1ee3ng:<\/strong> 1kg\/cu\u1ed9n<\/p>\n<\/li>\n<li data-start=\"2563\" data-end=\"2587\">\n<p data-start=\"2565\" data-end=\"2587\"><strong data-start=\"2565\" data-end=\"2577\">M\u00e0u s\u1eafc:<\/strong> Natural<\/p>\n<\/li>\n<li data-start=\"2588\" data-end=\"2622\">\n<p data-start=\"2590\" data-end=\"2622\"><strong data-start=\"2590\" data-end=\"2611\">T\u1ed1c \u0111\u1ed9 in t\u1ed1i \u0111a:<\/strong> 200 mm\/s<\/p>\n<\/li>\n<li data-start=\"2623\" data-end=\"2677\">\n<p data-start=\"2625\" data-end=\"2677\"><strong data-start=\"2625\" data-end=\"2641\">T\u01b0\u01a1ng th\u00edch:<\/strong> H\u1ea7u h\u1ebft c\u00e1c d\u00f2ng m\u00e1y in 3D Creality<\/p>\n<\/li>\n<\/ul>\n<p>&nbsp;<\/p>\n<p>&#8211; \u0110\u00e2y l\u00e0 c\u00e1c trang b\u00e1n h\u00e0ng b\u00ean m\u00ecnh NGE 3D Printer Services chuy\u00ean cung c\u1ea5p Nh\u1ef1a in 3D v\u00e0 M\u00e1y in 3D c\u1ee7a H\u00e3ng ESUN, Flsun, BIQU, Creality, eMake3d&#8230;<br \/>\n\ud83d\uded2Shopee =&gt; https:\/\/shopee.vn\/nge3dprinter<br \/>\n\ud83d\uded2Shopee =&gt; https:\/\/shopee.vn\/nge3dservices<br \/>\n\ud83d\uded2Shopee Voron v\u00e0 eMake3D =&gt; https:\/\/shopee.vn\/3dmasterpower<br \/>\n\ud83d\uded2Shopee eMake3D =&gt; https:\/\/shopee.vn\/nge3dprinting<br \/>\n\ud83d\uded2Lazada =&gt; https:\/\/www.lazada.vn\/shop\/nge-3d-printer<br \/>\n\ud83d\uded2Lazada =&gt; https:\/\/www.lazada.vn\/shop\/nge-3d-printer-services<br \/>\n\ud83d\uded2Lazada =&gt; https:\/\/www.lazada.vn\/shop\/emake3d-vn<br \/>\n\ud83d\uded2Webslite Th\u1ebf H\u1ec7 K\u1ebf Ti\u1ebfp =&gt;https:\/\/www.theheketiep.com\/<br \/>\n\ud83d\uded2Webslite NGE.VN =&gt;https:\/\/www.nge.vn\/<br \/>\nHo\u1eb7c b\u1ea1n g\u1ecdi 094.144.0951 g\u1eb7p m\u00ecnh<br \/>\nHo\u1eb7c 0913939775 g\u1eb7p anh Qu\u00e2n<br \/>\n** Price does not include VAT (+8 or 10% if VAT invoice is issued)<\/p>","protected":false},"excerpt":{"rendered":"<p data-start=\"3113\" data-end=\"3279\">Nh\u1ef1a in 3D Creality HP ASA ch\u1ed1ng tia UV, ch\u1ecbu nhi\u1ec7t cao, b\u1ec1n ch\u1eafc, l\u00fd t\u01b0\u1edfng cho \u1ee9ng d\u1ee5ng ngo\u00e0i tr\u1eddi v\u00e0 in t\u1ed1c \u0111\u1ed9 cao \u0111\u1ebfn 200mm\/s. Gi\u1ea3i ph\u00e1p thay th\u1ebf ho\u00e0n h\u1ea3o cho ABS.<\/p>","protected":false},"featured_media":6222,"comment_status":"open","ping_status":"closed","template":"","meta":{"inline_featured_image":false},"product_brand":[],"product_cat":[455,465,456],"product_tag":[814,813,811,799,812,663,697,659],"class_list":{"0":"post-6221","1":"product","2":"type-product","3":"status-publish","4":"has-post-thumbnail","6":"product_cat-nhua-in-3d","7":"product_cat-nhua-in-3d-creality","8":"product_cat-nhua-in-3d-fdm","9":"product_tag-chiunhietcao","10":"product_tag-chongtiauv","11":"product_tag-crealityhpasa","12":"product_tag-crealityvietnam","13":"product_tag-filamentasa","14":"product_tag-nge3d","15":"product_tag-nhuain3d","16":"product_tag-phukienmayin3d","18":"first","19":"instock","20":"taxable","21":"shipping-taxable","22":"purchasable","23":"product-type-simple"},"yoast_head":"<!-- This site is optimized with the Yoast SEO Premium plugin v22.8 (Yoast SEO v26.9) - https:\/\/yoast.com\/product\/yoast-seo-premium-wordpress\/ -->\n<title>Nh\u1ef1a in 3d FDM Creality HP ASA ch\u1ecbu nhi\u1ec7t v\u00e0 ch\u1ed1ng tia UV - NGE 3D Printers Services<\/title>\n<meta name=\"description\" content=\"Nh\u1ef1a in 3D Creality HP ASA ch\u1ed1ng tia UV, ch\u1ecbu nhi\u1ec7t cao, b\u1ec1n ch\u1eafc, l\u00fd t\u01b0\u1edfng cho \u1ee9ng d\u1ee5ng ngo\u00e0i tr\u1eddi v\u00e0 in t\u1ed1c \u0111\u1ed9 cao \u0111\u1ebfn 200mm\/s.\" \/>\n<meta name=\"robots\" content=\"index, follow, max-snippet:-1, max-image-preview:large, max-video-preview:-1\" \/>\n<link rel=\"canonical\" href=\"https:\/\/nge.vn\/en\/product\/nhua-in-3d-fdm-creality-hp-asa-chiu-nhiet-va-chong-tia-uv\/\" \/>\n<meta property=\"og:locale\" content=\"en_US\" \/>\n<meta property=\"og:type\" content=\"article\" \/>\n<meta property=\"og:title\" content=\"Nh\u1ef1a in 3d FDM Creality HP ASA ch\u1ecbu nhi\u1ec7t v\u00e0 ch\u1ed1ng tia UV\" \/>\n<meta property=\"og:description\" content=\"Nh\u1ef1a in 3D Creality HP ASA ch\u1ed1ng tia UV, ch\u1ecbu nhi\u1ec7t cao, b\u1ec1n ch\u1eafc, l\u00fd t\u01b0\u1edfng cho \u1ee9ng d\u1ee5ng ngo\u00e0i tr\u1eddi v\u00e0 in t\u1ed1c \u0111\u1ed9 cao \u0111\u1ebfn 200mm\/s.\" \/>\n<meta property=\"og:url\" content=\"https:\/\/nge.vn\/en\/product\/nhua-in-3d-fdm-creality-hp-asa-chiu-nhiet-va-chong-tia-uv\/\" \/>\n<meta property=\"og:site_name\" content=\"NGE 3D Printers Services\" \/>\n<meta property=\"article:modified_time\" content=\"2025-08-05T09:00:55+00:00\" \/>\n<meta property=\"og:image\" content=\"https:\/\/nge.vn\/wp-content\/uploads\/2025\/08\/vn-11134207-7ra0g-m90gnbz5jps4e7_tn.jpeg\" \/>\n\t<meta property=\"og:image:width\" content=\"320\" \/>\n\t<meta property=\"og:image:height\" content=\"320\" \/>\n\t<meta property=\"og:image:type\" content=\"image\/jpeg\" \/>\n<meta name=\"twitter:card\" content=\"summary_large_image\" \/>\n<meta name=\"twitter:label1\" content=\"Est. reading time\" \/>\n\t<meta name=\"twitter:data1\" content=\"3 minutes\" \/>\n<script type=\"application\/ld+json\" class=\"yoast-schema-graph\">{\"@context\":\"https:\/\/schema.org\",\"@graph\":[{\"@type\":\"WebPage\",\"@id\":\"https:\/\/nge.vn\/san-pham\/nhua-in-3d-fdm-creality-hp-asa-chiu-nhiet-va-chong-tia-uv\/\",\"url\":\"https:\/\/nge.vn\/san-pham\/nhua-in-3d-fdm-creality-hp-asa-chiu-nhiet-va-chong-tia-uv\/\",\"name\":\"Nh\u1ef1a in 3d FDM Creality HP ASA ch\u1ecbu nhi\u1ec7t v\u00e0 ch\u1ed1ng tia UV - NGE 3D Printers Services\",\"isPartOf\":{\"@id\":\"https:\/\/nge.vn\/#website\"},\"primaryImageOfPage\":{\"@id\":\"https:\/\/nge.vn\/san-pham\/nhua-in-3d-fdm-creality-hp-asa-chiu-nhiet-va-chong-tia-uv\/#primaryimage\"},\"image\":{\"@id\":\"https:\/\/nge.vn\/san-pham\/nhua-in-3d-fdm-creality-hp-asa-chiu-nhiet-va-chong-tia-uv\/#primaryimage\"},\"thumbnailUrl\":\"https:\/\/nge.vn\/wp-content\/uploads\/2025\/08\/vn-11134207-7ra0g-m90gnbz5jps4e7_tn.jpeg\",\"datePublished\":\"2025-08-05T09:00:54+00:00\",\"dateModified\":\"2025-08-05T09:00:55+00:00\",\"description\":\"Nh\u1ef1a in 3D Creality HP ASA ch\u1ed1ng tia UV, ch\u1ecbu nhi\u1ec7t cao, b\u1ec1n ch\u1eafc, l\u00fd t\u01b0\u1edfng cho \u1ee9ng d\u1ee5ng ngo\u00e0i tr\u1eddi v\u00e0 in t\u1ed1c \u0111\u1ed9 cao \u0111\u1ebfn 200mm\/s.\",\"breadcrumb\":{\"@id\":\"https:\/\/nge.vn\/san-pham\/nhua-in-3d-fdm-creality-hp-asa-chiu-nhiet-va-chong-tia-uv\/#breadcrumb\"},\"inLanguage\":\"en-US\",\"potentialAction\":[{\"@type\":\"ReadAction\",\"target\":[\"https:\/\/nge.vn\/san-pham\/nhua-in-3d-fdm-creality-hp-asa-chiu-nhiet-va-chong-tia-uv\/\"]}]},{\"@type\":\"ImageObject\",\"inLanguage\":\"en-US\",\"@id\":\"https:\/\/nge.vn\/san-pham\/nhua-in-3d-fdm-creality-hp-asa-chiu-nhiet-va-chong-tia-uv\/#primaryimage\",\"url\":\"https:\/\/nge.vn\/wp-content\/uploads\/2025\/08\/vn-11134207-7ra0g-m90gnbz5jps4e7_tn.jpeg\",\"contentUrl\":\"https:\/\/nge.vn\/wp-content\/uploads\/2025\/08\/vn-11134207-7ra0g-m90gnbz5jps4e7_tn.jpeg\",\"width\":320,\"height\":320,\"caption\":\"HP ASA\"},{\"@type\":\"BreadcrumbList\",\"@id\":\"https:\/\/nge.vn\/san-pham\/nhua-in-3d-fdm-creality-hp-asa-chiu-nhiet-va-chong-tia-uv\/#breadcrumb\",\"itemListElement\":[{\"@type\":\"ListItem\",\"position\":1,\"name\":\"Trang ch\u1ee7\",\"item\":\"https:\/\/nge.vn\/\"},{\"@type\":\"ListItem\",\"position\":2,\"name\":\"S\u1ea3n ph\u1ea9m\",\"item\":\"https:\/\/nge.vn\/san-pham\/\"},{\"@type\":\"ListItem\",\"position\":3,\"name\":\"Nh\u1ef1a in 3d FDM Creality HP ASA ch\u1ecbu nhi\u1ec7t v\u00e0 ch\u1ed1ng tia UV\"}]},{\"@type\":\"WebSite\",\"@id\":\"https:\/\/nge.vn\/#website\",\"url\":\"https:\/\/nge.vn\/\",\"name\":\"NGE 3D Printers Services\",\"description\":\"\",\"potentialAction\":[{\"@type\":\"SearchAction\",\"target\":{\"@type\":\"EntryPoint\",\"urlTemplate\":\"https:\/\/nge.vn\/?s={search_term_string}\"},\"query-input\":{\"@type\":\"PropertyValueSpecification\",\"valueRequired\":true,\"valueName\":\"search_term_string\"}}],\"inLanguage\":\"en-US\"}]}<\/script>\n<!-- \/ Yoast SEO Premium plugin. -->","yoast_head_json":{"title":"Nh\u1ef1a in 3d FDM Creality HP ASA ch\u1ecbu nhi\u1ec7t v\u00e0 ch\u1ed1ng tia UV - NGE 3D Printers Services","description":"Nh\u1ef1a in 3D Creality HP ASA ch\u1ed1ng tia UV, ch\u1ecbu nhi\u1ec7t cao, b\u1ec1n ch\u1eafc, l\u00fd t\u01b0\u1edfng cho \u1ee9ng d\u1ee5ng ngo\u00e0i tr\u1eddi v\u00e0 in t\u1ed1c \u0111\u1ed9 cao \u0111\u1ebfn 200mm\/s.","robots":{"index":"index","follow":"follow","max-snippet":"max-snippet:-1","max-image-preview":"max-image-preview:large","max-video-preview":"max-video-preview:-1"},"canonical":"https:\/\/nge.vn\/en\/product\/nhua-in-3d-fdm-creality-hp-asa-chiu-nhiet-va-chong-tia-uv\/","og_locale":"en_US","og_type":"article","og_title":"Nh\u1ef1a in 3d FDM Creality HP ASA ch\u1ecbu nhi\u1ec7t v\u00e0 ch\u1ed1ng tia UV","og_description":"Nh\u1ef1a in 3D Creality HP ASA ch\u1ed1ng tia UV, ch\u1ecbu nhi\u1ec7t cao, b\u1ec1n ch\u1eafc, l\u00fd t\u01b0\u1edfng cho \u1ee9ng d\u1ee5ng ngo\u00e0i tr\u1eddi v\u00e0 in t\u1ed1c \u0111\u1ed9 cao \u0111\u1ebfn 200mm\/s.","og_url":"https:\/\/nge.vn\/en\/product\/nhua-in-3d-fdm-creality-hp-asa-chiu-nhiet-va-chong-tia-uv\/","og_site_name":"NGE 3D Printers Services","article_modified_time":"2025-08-05T09:00:55+00:00","og_image":[{"width":320,"height":320,"url":"https:\/\/nge.vn\/wp-content\/uploads\/2025\/08\/vn-11134207-7ra0g-m90gnbz5jps4e7_tn.jpeg","type":"image\/jpeg"}],"twitter_card":"summary_large_image","twitter_misc":{"Est. reading time":"3 minutes"},"schema":{"@context":"https:\/\/schema.org","@graph":[{"@type":"WebPage","@id":"https:\/\/nge.vn\/san-pham\/nhua-in-3d-fdm-creality-hp-asa-chiu-nhiet-va-chong-tia-uv\/","url":"https:\/\/nge.vn\/san-pham\/nhua-in-3d-fdm-creality-hp-asa-chiu-nhiet-va-chong-tia-uv\/","name":"Nh\u1ef1a in 3d FDM Creality HP ASA ch\u1ecbu nhi\u1ec7t v\u00e0 ch\u1ed1ng tia UV - NGE 3D Printers Services","isPartOf":{"@id":"https:\/\/nge.vn\/#website"},"primaryImageOfPage":{"@id":"https:\/\/nge.vn\/san-pham\/nhua-in-3d-fdm-creality-hp-asa-chiu-nhiet-va-chong-tia-uv\/#primaryimage"},"image":{"@id":"https:\/\/nge.vn\/san-pham\/nhua-in-3d-fdm-creality-hp-asa-chiu-nhiet-va-chong-tia-uv\/#primaryimage"},"thumbnailUrl":"https:\/\/nge.vn\/wp-content\/uploads\/2025\/08\/vn-11134207-7ra0g-m90gnbz5jps4e7_tn.jpeg","datePublished":"2025-08-05T09:00:54+00:00","dateModified":"2025-08-05T09:00:55+00:00","description":"Nh\u1ef1a in 3D Creality HP ASA ch\u1ed1ng tia UV, ch\u1ecbu nhi\u1ec7t cao, b\u1ec1n ch\u1eafc, l\u00fd t\u01b0\u1edfng cho \u1ee9ng d\u1ee5ng ngo\u00e0i tr\u1eddi v\u00e0 in t\u1ed1c \u0111\u1ed9 cao \u0111\u1ebfn 200mm\/s.","breadcrumb":{"@id":"https:\/\/nge.vn\/san-pham\/nhua-in-3d-fdm-creality-hp-asa-chiu-nhiet-va-chong-tia-uv\/#breadcrumb"},"inLanguage":"en-US","potentialAction":[{"@type":"ReadAction","target":["https:\/\/nge.vn\/san-pham\/nhua-in-3d-fdm-creality-hp-asa-chiu-nhiet-va-chong-tia-uv\/"]}]},{"@type":"ImageObject","inLanguage":"en-US","@id":"https:\/\/nge.vn\/san-pham\/nhua-in-3d-fdm-creality-hp-asa-chiu-nhiet-va-chong-tia-uv\/#primaryimage","url":"https:\/\/nge.vn\/wp-content\/uploads\/2025\/08\/vn-11134207-7ra0g-m90gnbz5jps4e7_tn.jpeg","contentUrl":"https:\/\/nge.vn\/wp-content\/uploads\/2025\/08\/vn-11134207-7ra0g-m90gnbz5jps4e7_tn.jpeg","width":320,"height":320,"caption":"HP ASA"},{"@type":"BreadcrumbList","@id":"https:\/\/nge.vn\/san-pham\/nhua-in-3d-fdm-creality-hp-asa-chiu-nhiet-va-chong-tia-uv\/#breadcrumb","itemListElement":[{"@type":"ListItem","position":1,"name":"Trang ch\u1ee7","item":"https:\/\/nge.vn\/"},{"@type":"ListItem","position":2,"name":"S\u1ea3n ph\u1ea9m","item":"https:\/\/nge.vn\/san-pham\/"},{"@type":"ListItem","position":3,"name":"Nh\u1ef1a in 3d FDM Creality HP ASA ch\u1ecbu nhi\u1ec7t v\u00e0 ch\u1ed1ng tia UV"}]},{"@type":"WebSite","@id":"https:\/\/nge.vn\/#website","url":"https:\/\/nge.vn\/","name":"NGE 3D Printers Services","description":"","potentialAction":[{"@type":"SearchAction","target":{"@type":"EntryPoint","urlTemplate":"https:\/\/nge.vn\/?s={search_term_string}"},"query-input":{"@type":"PropertyValueSpecification","valueRequired":true,"valueName":"search_term_string"}}],"inLanguage":"en-US"}]}},"_links":{"self":[{"href":"https:\/\/nge.vn\/en\/wp-json\/wp\/v2\/product\/6221","targetHints":{"allow":["GET"]}}],"collection":[{"href":"https:\/\/nge.vn\/en\/wp-json\/wp\/v2\/product"}],"about":[{"href":"https:\/\/nge.vn\/en\/wp-json\/wp\/v2\/types\/product"}],"replies":[{"embeddable":true,"href":"https:\/\/nge.vn\/en\/wp-json\/wp\/v2\/comments?post=6221"}],"wp:featuredmedia":[{"embeddable":true,"href":"https:\/\/nge.vn\/en\/wp-json\/wp\/v2\/media\/6222"}],"wp:attachment":[{"href":"https:\/\/nge.vn\/en\/wp-json\/wp\/v2\/media?parent=6221"}],"wp:term":[{"taxonomy":"product_brand","embeddable":true,"href":"https:\/\/nge.vn\/en\/wp-json\/wp\/v2\/product_brand?post=6221"},{"taxonomy":"product_cat","embeddable":true,"href":"https:\/\/nge.vn\/en\/wp-json\/wp\/v2\/product_cat?post=6221"},{"taxonomy":"product_tag","embeddable":true,"href":"https:\/\/nge.vn\/en\/wp-json\/wp\/v2\/product_tag?post=6221"}],"curies":[{"name":"wp","href":"https:\/\/api.w.org\/{rel}","templated":true}]}}