{"id":6215,"date":"2025-08-05T15:40:44","date_gmt":"2025-08-05T08:40:44","guid":{"rendered":"https:\/\/nge.vn\/?post_type=product&#038;p=6215"},"modified":"2025-08-05T15:40:45","modified_gmt":"2025-08-05T08:40:45","slug":"bo-ban-nhiet-cho-may-in-3d-creality-ender-5-max-hot-bed-plate-kit","status":"publish","type":"product","link":"https:\/\/nge.vn\/en\/product\/bo-ban-nhiet-cho-may-in-3d-creality-ender-5-max-hot-bed-plate-kit\/","title":{"rendered":"B\u1ed9 b\u00e0n nhi\u1ec7t cho m\u00e1y in 3d Creality Ender-5 Max hot bed plate kit"},"content":{"rendered":"<h3 data-start=\"175\" data-end=\"200\">\ud83e\uddfe <strong data-start=\"182\" data-end=\"200\">M\u00d4 T\u1ea2 S\u1ea2N PH\u1ea8M<\/strong><\/h3>\n<p data-start=\"202\" data-end=\"325\"><strong data-start=\"202\" data-end=\"253\">B\u1ed9 b\u00e0n nhi\u1ec7t cho m\u00e1y in 3D Creality Ender-5 Max<\/strong><br data-start=\"253\" data-end=\"256\" \/>M\u00e3 s\u1ea3n ph\u1ea9m: <strong data-start=\"269\" data-end=\"325\">Ender-5 Max Hot Bed Plate Kit_110220V_1000_415\u00d7435\u00d73<\/strong><\/p>\n<p data-start=\"327\" data-end=\"542\">B\u1ed9 b\u00e0n nhi\u1ec7t (hot bed) chuy\u00ean d\u1ee5ng d\u00e0nh cho d\u00f2ng m\u00e1y in 3D <strong data-start=\"386\" data-end=\"410\">Creality Ender-5 Max<\/strong>, gi\u00fap t\u0103ng hi\u1ec7u su\u1ea5t in v\u00e0 \u0111\u1ed9 b\u00e1m d\u00ednh l\u1edbp in \u0111\u1ea7u ti\u00ean t\u1ed1t h\u01a1n, h\u1ed7 tr\u1ee3 in c\u00e1c v\u1eadt li\u1ec7u y\u00eau c\u1ea7u nhi\u1ec7t \u0111\u1ed9 n\u1ec1n cao nh\u01b0 ABS, ASA, PC&#8230;<\/p>\n<hr data-start=\"544\" data-end=\"547\" \/>\n<h4 data-start=\"549\" data-end=\"580\">\ud83d\udd27 <strong data-start=\"557\" data-end=\"580\">Th\u00f4ng tin k\u1ef9 thu\u1eadt:<\/strong><\/h4>\n<ul data-start=\"581\" data-end=\"837\">\n<li data-start=\"581\" data-end=\"622\">\n<p data-start=\"583\" data-end=\"622\"><strong data-start=\"583\" data-end=\"607\">K\u00edch th\u01b0\u1edbc s\u1ea3n ph\u1ea9m:<\/strong> 412 \u00d7 412 mm<\/p>\n<\/li>\n<li data-start=\"623\" data-end=\"681\">\n<p data-start=\"625\" data-end=\"681\"><strong data-start=\"625\" data-end=\"639\">Ch\u1ea5t li\u1ec7u:<\/strong> Nh\u00f4m d\u00e0y 3mm \u2013 ch\u1eafc ch\u1eafn, d\u1eabn nhi\u1ec7t t\u1ed1t<\/p>\n<\/li>\n<li data-start=\"682\" data-end=\"728\">\n<p data-start=\"684\" data-end=\"728\"><strong data-start=\"684\" data-end=\"708\">K\u00edch th\u01b0\u1edbc \u0111\u00f3ng g\u00f3i:<\/strong> 555 \u00d7 505 \u00d7 45 mm<\/p>\n<\/li>\n<li data-start=\"729\" data-end=\"767\">\n<p data-start=\"731\" data-end=\"767\"><strong data-start=\"731\" data-end=\"759\">Tr\u1ecdng l\u01b0\u1ee3ng t\u1ecbnh (N.W.):<\/strong> 3500g<\/p>\n<\/li>\n<li data-start=\"768\" data-end=\"811\">\n<p data-start=\"770\" data-end=\"811\"><strong data-start=\"770\" data-end=\"803\">Tr\u1ecdng l\u01b0\u1ee3ng c\u1ea3 bao b\u00ec (G.W.):<\/strong> 3900g<\/p>\n<\/li>\n<li data-start=\"812\" data-end=\"837\">\n<p data-start=\"814\" data-end=\"837\"><strong data-start=\"814\" data-end=\"826\">\u0110i\u1ec7n \u00e1p:<\/strong> 110\u2013220V<\/p>\n<\/li>\n<\/ul>\n<hr data-start=\"839\" data-end=\"842\" \/>\n<h3 data-start=\"844\" data-end=\"871\">\u2705 <strong data-start=\"850\" data-end=\"871\">\u0110\u1eb7c \u0111i\u1ec3m n\u1ed5i b\u1eadt:<\/strong><\/h3>\n<ul data-start=\"872\" data-end=\"1269\">\n<li data-start=\"872\" data-end=\"997\">\n<p data-start=\"874\" data-end=\"997\"><strong data-start=\"874\" data-end=\"903\">Gia nhi\u1ec7t nhanh &amp; \u1ed5n \u0111\u1ecbnh<\/strong>: Thi\u1ebft k\u1ebf t\u1ed1i \u01b0u gi\u00fap b\u00e0n nhi\u1ec7t \u0111\u1ea1t nhi\u1ec7t \u0111\u1ed9 in nhanh ch\u00f3ng, h\u1ed7 tr\u1ee3 in c\u00e1c v\u1eadt li\u1ec7u k\u1ef9 thu\u1eadt.<\/p>\n<\/li>\n<li data-start=\"998\" data-end=\"1088\">\n<p data-start=\"1000\" data-end=\"1088\"><strong data-start=\"1000\" data-end=\"1018\">K\u00edch th\u01b0\u1edbc l\u1edbn<\/strong>: Ph\u00f9 h\u1ee3p v\u1edbi v\u00f9ng in r\u1ed9ng c\u1ee7a Ender-5 Max, \u0111\u1ea3m b\u1ea3o ph\u00e2n b\u1ed5 nhi\u1ec7t \u0111\u1ec1u.<\/p>\n<\/li>\n<li data-start=\"1089\" data-end=\"1160\">\n<p data-start=\"1091\" data-end=\"1160\"><strong data-start=\"1091\" data-end=\"1117\">Ch\u1ea5t li\u1ec7u nh\u00f4m cao c\u1ea5p<\/strong>: D\u00e0y 3mm, b\u1ec1n b\u1ec9 v\u00e0 truy\u1ec1n nhi\u1ec7t hi\u1ec7u qu\u1ea3.<\/p>\n<\/li>\n<li data-start=\"1161\" data-end=\"1269\">\n<p data-start=\"1163\" data-end=\"1269\"><strong data-start=\"1163\" data-end=\"1183\">D\u1ec5 d\u00e0ng thay th\u1ebf<\/strong>: Thi\u1ebft k\u1ebf t\u01b0\u01a1ng th\u00edch gi\u00fap ng\u01b0\u1eddi d\u00f9ng d\u1ec5 d\u00e0ng l\u1eafp \u0111\u1eb7t ho\u1eb7c thay th\u1ebf cho b\u00e0n nhi\u1ec7t c\u0169.<\/p>\n<\/li>\n<\/ul>\n<hr data-start=\"1271\" data-end=\"1274\" \/>\n<p data-start=\"1276\" data-end=\"1332\"><strong data-start=\"1276\" data-end=\"1292\">T\u01b0\u01a1ng th\u00edch:<\/strong><br data-start=\"1292\" data-end=\"1295\" \/>\u2714\ufe0f M\u00e1y in 3D <strong data-start=\"1308\" data-end=\"1332\">Creality Ender-5 Max<\/strong><\/p>\n<blockquote class=\"wp-embedded-content\" data-secret=\"McRtzKz8B9\"><p><a href=\"https:\/\/nge.vn\/en\/product\/may-in-3d-creality-ender-5-max-toc-do-in-max-700mm-s\/\">3D printer Creality Ender 5 Max printing speed 700mm\/s<\/a><\/p><\/blockquote>\n<p><iframe loading=\"lazy\" class=\"wp-embedded-content\" sandbox=\"allow-scripts\" security=\"restricted\" style=\"position: absolute; visibility: hidden;\" title=\"&#8220;M\u00e1y in 3d Creality Ender 5 Max t\u1ed1c \u0111\u1ed9 in max 700mm\/s&#8221; &#8212; NGE 3D Printers Services\" src=\"https:\/\/nge.vn\/san-pham\/may-in-3d-creality-ender-5-max-toc-do-in-max-700mm-s\/embed\/#?secret=TTvZxxC7tv#?secret=McRtzKz8B9\" data-secret=\"McRtzKz8B9\" width=\"600\" height=\"338\" frameborder=\"0\" marginwidth=\"0\" marginheight=\"0\" scrolling=\"no\"><\/iframe><\/p>\n<p data-start=\"1276\" data-end=\"1332\">&#8211; \u0110\u00e2y l\u00e0 c\u00e1c trang b\u00e1n h\u00e0ng b\u00ean m\u00ecnh NGE 3D Printer Services chuy\u00ean cung c\u1ea5p Nh\u1ef1a in 3D v\u00e0 M\u00e1y in 3D c\u1ee7a H\u00e3ng ESUN, Flsun, BIQU, Creality, eMake3d&#8230;<br \/>\n\ud83d\uded2Shopee =&gt; https:\/\/shopee.vn\/nge3dprinter<br \/>\n\ud83d\uded2Shopee =&gt; https:\/\/shopee.vn\/nge3dservices<br \/>\n\ud83d\uded2Shopee Voron v\u00e0 eMake3D =&gt; https:\/\/shopee.vn\/3dmasterpower<br \/>\n\ud83d\uded2Shopee eMake3D =&gt; https:\/\/shopee.vn\/nge3dprinting<br \/>\n\ud83d\uded2Lazada =&gt; https:\/\/www.lazada.vn\/shop\/nge-3d-printer<br \/>\n\ud83d\uded2Lazada =&gt; https:\/\/www.lazada.vn\/shop\/nge-3d-printer-services<br \/>\n\ud83d\uded2Lazada =&gt; https:\/\/www.lazada.vn\/shop\/emake3d-vn<br \/>\n\ud83d\uded2Webslite Th\u1ebf H\u1ec7 K\u1ebf Ti\u1ebfp =&gt;https:\/\/www.theheketiep.com\/<br \/>\n\ud83d\uded2Webslite NGE.VN =&gt;https:\/\/www.nge.vn\/<br \/>\nHo\u1eb7c b\u1ea1n g\u1ecdi 094.144.0951 g\u1eb7p m\u00ecnh<br \/>\nHo\u1eb7c 0913939775 g\u1eb7p anh Qu\u00e2n<br \/>\n** Price does not include VAT (+8 or 10% if VAT invoice is issued)<\/p>\n<p data-start=\"1276\" data-end=\"1332\">","protected":false},"excerpt":{"rendered":"<p data-start=\"1450\" data-end=\"1627\">B\u1ed9 b\u00e0n nhi\u1ec7t nh\u00f4m d\u00e0y 3mm cho Creality Ender-5 Max, k\u00edch th\u01b0\u1edbc l\u1edbn, gia nhi\u1ec7t nhanh v\u00e0 \u1ed5n \u0111\u1ecbnh, gi\u00fap n\u00e2ng cao hi\u1ec7u qu\u1ea3 v\u00e0 ch\u1ea5t l\u01b0\u1ee3ng in 3D cho c\u00e1c v\u1eadt li\u1ec7u y\u00eau c\u1ea7u nhi\u1ec7t \u0111\u1ed9 cao.<\/p>","protected":false},"featured_media":6216,"comment_status":"open","ping_status":"closed","template":"","meta":{"inline_featured_image":false},"product_brand":[],"product_cat":[40,56],"product_tag":[810,753,808,799,493,809,494,663],"class_list":{"0":"post-6215","1":"product","2":"type-product","3":"status-publish","4":"has-post-thumbnail","6":"product_cat-linh-kien-va-phu-kien","7":"product_cat-linh-phu-kien-may-in-3d-creality","8":"product_tag-3dprinterupgrade","9":"product_tag-3dprintingvietnam","10":"product_tag-creality3d","11":"product_tag-crealityvietnam","12":"product_tag-ender5max","13":"product_tag-hotbedkit","14":"product_tag-mayin3d","15":"product_tag-nge3d","17":"first","18":"instock","19":"taxable","20":"shipping-taxable","21":"purchasable","22":"product-type-simple"},"yoast_head":"<!-- This site is optimized with the Yoast SEO Premium plugin v22.8 (Yoast SEO v26.9) - https:\/\/yoast.com\/product\/yoast-seo-premium-wordpress\/ -->\n<title>B\u1ed9 b\u00e0n nhi\u1ec7t cho m\u00e1y in 3d Creality Ender-5 Max hot bed plate kit - NGE 3D Printers Services<\/title>\n<meta name=\"description\" content=\"B\u1ed9 b\u00e0n nhi\u1ec7t nh\u00f4m d\u00e0y 3mm cho Creality Ender-5 Max, k\u00edch th\u01b0\u1edbc l\u1edbn, gia nhi\u1ec7t nhanh v\u00e0 \u1ed5n \u0111\u1ecbnh, gi\u00fap n\u00e2ng cao hi\u1ec7u qu\u1ea3 v\u00e0 ch\u1ea5t l\u01b0\u1ee3ng in 3D.\" \/>\n<meta name=\"robots\" content=\"index, follow, max-snippet:-1, max-image-preview:large, max-video-preview:-1\" \/>\n<link rel=\"canonical\" href=\"https:\/\/nge.vn\/en\/product\/bo-ban-nhiet-cho-may-in-3d-creality-ender-5-max-hot-bed-plate-kit\/\" \/>\n<meta property=\"og:locale\" content=\"en_US\" \/>\n<meta property=\"og:type\" content=\"article\" \/>\n<meta property=\"og:title\" content=\"B\u1ed9 b\u00e0n nhi\u1ec7t cho m\u00e1y in 3d Creality Ender-5 Max hot bed plate kit\" \/>\n<meta property=\"og:description\" content=\"B\u1ed9 b\u00e0n nhi\u1ec7t nh\u00f4m d\u00e0y 3mm cho Creality Ender-5 Max, k\u00edch th\u01b0\u1edbc l\u1edbn, gia nhi\u1ec7t nhanh v\u00e0 \u1ed5n \u0111\u1ecbnh, gi\u00fap n\u00e2ng cao hi\u1ec7u qu\u1ea3 v\u00e0 ch\u1ea5t l\u01b0\u1ee3ng in 3D.\" \/>\n<meta property=\"og:url\" content=\"https:\/\/nge.vn\/en\/product\/bo-ban-nhiet-cho-may-in-3d-creality-ender-5-max-hot-bed-plate-kit\/\" \/>\n<meta property=\"og:site_name\" content=\"NGE 3D Printers Services\" \/>\n<meta property=\"article:modified_time\" content=\"2025-08-05T08:40:45+00:00\" \/>\n<meta property=\"og:image\" content=\"https:\/\/nge.vn\/wp-content\/uploads\/2025\/08\/vn-11134207-7ra0g-m95gngzl6jpgb1_tn.jpeg\" \/>\n\t<meta property=\"og:image:width\" content=\"320\" \/>\n\t<meta property=\"og:image:height\" content=\"320\" \/>\n\t<meta property=\"og:image:type\" content=\"image\/jpeg\" \/>\n<meta name=\"twitter:card\" content=\"summary_large_image\" \/>\n<meta name=\"twitter:label1\" content=\"Est. reading time\" \/>\n\t<meta name=\"twitter:data1\" content=\"2 minutes\" \/>\n<script type=\"application\/ld+json\" class=\"yoast-schema-graph\">{\"@context\":\"https:\/\/schema.org\",\"@graph\":[{\"@type\":\"WebPage\",\"@id\":\"https:\/\/nge.vn\/san-pham\/bo-ban-nhiet-cho-may-in-3d-creality-ender-5-max-hot-bed-plate-kit\/\",\"url\":\"https:\/\/nge.vn\/san-pham\/bo-ban-nhiet-cho-may-in-3d-creality-ender-5-max-hot-bed-plate-kit\/\",\"name\":\"B\u1ed9 b\u00e0n nhi\u1ec7t cho m\u00e1y in 3d Creality Ender-5 Max hot bed plate kit - NGE 3D Printers Services\",\"isPartOf\":{\"@id\":\"https:\/\/nge.vn\/#website\"},\"primaryImageOfPage\":{\"@id\":\"https:\/\/nge.vn\/san-pham\/bo-ban-nhiet-cho-may-in-3d-creality-ender-5-max-hot-bed-plate-kit\/#primaryimage\"},\"image\":{\"@id\":\"https:\/\/nge.vn\/san-pham\/bo-ban-nhiet-cho-may-in-3d-creality-ender-5-max-hot-bed-plate-kit\/#primaryimage\"},\"thumbnailUrl\":\"https:\/\/nge.vn\/wp-content\/uploads\/2025\/08\/vn-11134207-7ra0g-m95gngzl6jpgb1_tn.jpeg\",\"datePublished\":\"2025-08-05T08:40:44+00:00\",\"dateModified\":\"2025-08-05T08:40:45+00:00\",\"description\":\"B\u1ed9 b\u00e0n nhi\u1ec7t nh\u00f4m d\u00e0y 3mm cho Creality Ender-5 Max, k\u00edch th\u01b0\u1edbc l\u1edbn, gia nhi\u1ec7t nhanh v\u00e0 \u1ed5n \u0111\u1ecbnh, gi\u00fap n\u00e2ng cao hi\u1ec7u qu\u1ea3 v\u00e0 ch\u1ea5t l\u01b0\u1ee3ng in 3D.\",\"breadcrumb\":{\"@id\":\"https:\/\/nge.vn\/san-pham\/bo-ban-nhiet-cho-may-in-3d-creality-ender-5-max-hot-bed-plate-kit\/#breadcrumb\"},\"inLanguage\":\"en-US\",\"potentialAction\":[{\"@type\":\"ReadAction\",\"target\":[\"https:\/\/nge.vn\/san-pham\/bo-ban-nhiet-cho-may-in-3d-creality-ender-5-max-hot-bed-plate-kit\/\"]}]},{\"@type\":\"ImageObject\",\"inLanguage\":\"en-US\",\"@id\":\"https:\/\/nge.vn\/san-pham\/bo-ban-nhiet-cho-may-in-3d-creality-ender-5-max-hot-bed-plate-kit\/#primaryimage\",\"url\":\"https:\/\/nge.vn\/wp-content\/uploads\/2025\/08\/vn-11134207-7ra0g-m95gngzl6jpgb1_tn.jpeg\",\"contentUrl\":\"https:\/\/nge.vn\/wp-content\/uploads\/2025\/08\/vn-11134207-7ra0g-m95gngzl6jpgb1_tn.jpeg\",\"width\":320,\"height\":320,\"caption\":\"b\u00e0n nhi\u1ec7t ender 5 max\"},{\"@type\":\"BreadcrumbList\",\"@id\":\"https:\/\/nge.vn\/san-pham\/bo-ban-nhiet-cho-may-in-3d-creality-ender-5-max-hot-bed-plate-kit\/#breadcrumb\",\"itemListElement\":[{\"@type\":\"ListItem\",\"position\":1,\"name\":\"Trang ch\u1ee7\",\"item\":\"https:\/\/nge.vn\/\"},{\"@type\":\"ListItem\",\"position\":2,\"name\":\"S\u1ea3n ph\u1ea9m\",\"item\":\"https:\/\/nge.vn\/san-pham\/\"},{\"@type\":\"ListItem\",\"position\":3,\"name\":\"B\u1ed9 b\u00e0n nhi\u1ec7t cho m\u00e1y in 3d Creality Ender-5 Max hot bed plate kit\"}]},{\"@type\":\"WebSite\",\"@id\":\"https:\/\/nge.vn\/#website\",\"url\":\"https:\/\/nge.vn\/\",\"name\":\"NGE 3D Printers Services\",\"description\":\"\",\"potentialAction\":[{\"@type\":\"SearchAction\",\"target\":{\"@type\":\"EntryPoint\",\"urlTemplate\":\"https:\/\/nge.vn\/?s={search_term_string}\"},\"query-input\":{\"@type\":\"PropertyValueSpecification\",\"valueRequired\":true,\"valueName\":\"search_term_string\"}}],\"inLanguage\":\"en-US\"}]}<\/script>\n<!-- \/ Yoast SEO Premium plugin. -->","yoast_head_json":{"title":"B\u1ed9 b\u00e0n nhi\u1ec7t cho m\u00e1y in 3d Creality Ender-5 Max hot bed plate kit - NGE 3D Printers Services","description":"B\u1ed9 b\u00e0n nhi\u1ec7t nh\u00f4m d\u00e0y 3mm cho Creality Ender-5 Max, k\u00edch th\u01b0\u1edbc l\u1edbn, gia nhi\u1ec7t nhanh v\u00e0 \u1ed5n \u0111\u1ecbnh, gi\u00fap n\u00e2ng cao hi\u1ec7u qu\u1ea3 v\u00e0 ch\u1ea5t l\u01b0\u1ee3ng in 3D.","robots":{"index":"index","follow":"follow","max-snippet":"max-snippet:-1","max-image-preview":"max-image-preview:large","max-video-preview":"max-video-preview:-1"},"canonical":"https:\/\/nge.vn\/en\/product\/bo-ban-nhiet-cho-may-in-3d-creality-ender-5-max-hot-bed-plate-kit\/","og_locale":"en_US","og_type":"article","og_title":"B\u1ed9 b\u00e0n nhi\u1ec7t cho m\u00e1y in 3d Creality Ender-5 Max hot bed plate kit","og_description":"B\u1ed9 b\u00e0n nhi\u1ec7t nh\u00f4m d\u00e0y 3mm cho Creality Ender-5 Max, k\u00edch th\u01b0\u1edbc l\u1edbn, gia nhi\u1ec7t nhanh v\u00e0 \u1ed5n \u0111\u1ecbnh, gi\u00fap n\u00e2ng cao hi\u1ec7u qu\u1ea3 v\u00e0 ch\u1ea5t l\u01b0\u1ee3ng in 3D.","og_url":"https:\/\/nge.vn\/en\/product\/bo-ban-nhiet-cho-may-in-3d-creality-ender-5-max-hot-bed-plate-kit\/","og_site_name":"NGE 3D Printers Services","article_modified_time":"2025-08-05T08:40:45+00:00","og_image":[{"width":320,"height":320,"url":"https:\/\/nge.vn\/wp-content\/uploads\/2025\/08\/vn-11134207-7ra0g-m95gngzl6jpgb1_tn.jpeg","type":"image\/jpeg"}],"twitter_card":"summary_large_image","twitter_misc":{"Est. reading time":"2 minutes"},"schema":{"@context":"https:\/\/schema.org","@graph":[{"@type":"WebPage","@id":"https:\/\/nge.vn\/san-pham\/bo-ban-nhiet-cho-may-in-3d-creality-ender-5-max-hot-bed-plate-kit\/","url":"https:\/\/nge.vn\/san-pham\/bo-ban-nhiet-cho-may-in-3d-creality-ender-5-max-hot-bed-plate-kit\/","name":"B\u1ed9 b\u00e0n nhi\u1ec7t cho m\u00e1y in 3d Creality Ender-5 Max hot bed plate kit - NGE 3D Printers Services","isPartOf":{"@id":"https:\/\/nge.vn\/#website"},"primaryImageOfPage":{"@id":"https:\/\/nge.vn\/san-pham\/bo-ban-nhiet-cho-may-in-3d-creality-ender-5-max-hot-bed-plate-kit\/#primaryimage"},"image":{"@id":"https:\/\/nge.vn\/san-pham\/bo-ban-nhiet-cho-may-in-3d-creality-ender-5-max-hot-bed-plate-kit\/#primaryimage"},"thumbnailUrl":"https:\/\/nge.vn\/wp-content\/uploads\/2025\/08\/vn-11134207-7ra0g-m95gngzl6jpgb1_tn.jpeg","datePublished":"2025-08-05T08:40:44+00:00","dateModified":"2025-08-05T08:40:45+00:00","description":"B\u1ed9 b\u00e0n nhi\u1ec7t nh\u00f4m d\u00e0y 3mm cho Creality Ender-5 Max, k\u00edch th\u01b0\u1edbc l\u1edbn, gia nhi\u1ec7t nhanh v\u00e0 \u1ed5n \u0111\u1ecbnh, gi\u00fap n\u00e2ng cao hi\u1ec7u qu\u1ea3 v\u00e0 ch\u1ea5t l\u01b0\u1ee3ng in 3D.","breadcrumb":{"@id":"https:\/\/nge.vn\/san-pham\/bo-ban-nhiet-cho-may-in-3d-creality-ender-5-max-hot-bed-plate-kit\/#breadcrumb"},"inLanguage":"en-US","potentialAction":[{"@type":"ReadAction","target":["https:\/\/nge.vn\/san-pham\/bo-ban-nhiet-cho-may-in-3d-creality-ender-5-max-hot-bed-plate-kit\/"]}]},{"@type":"ImageObject","inLanguage":"en-US","@id":"https:\/\/nge.vn\/san-pham\/bo-ban-nhiet-cho-may-in-3d-creality-ender-5-max-hot-bed-plate-kit\/#primaryimage","url":"https:\/\/nge.vn\/wp-content\/uploads\/2025\/08\/vn-11134207-7ra0g-m95gngzl6jpgb1_tn.jpeg","contentUrl":"https:\/\/nge.vn\/wp-content\/uploads\/2025\/08\/vn-11134207-7ra0g-m95gngzl6jpgb1_tn.jpeg","width":320,"height":320,"caption":"b\u00e0n nhi\u1ec7t ender 5 max"},{"@type":"BreadcrumbList","@id":"https:\/\/nge.vn\/san-pham\/bo-ban-nhiet-cho-may-in-3d-creality-ender-5-max-hot-bed-plate-kit\/#breadcrumb","itemListElement":[{"@type":"ListItem","position":1,"name":"Trang ch\u1ee7","item":"https:\/\/nge.vn\/"},{"@type":"ListItem","position":2,"name":"S\u1ea3n ph\u1ea9m","item":"https:\/\/nge.vn\/san-pham\/"},{"@type":"ListItem","position":3,"name":"B\u1ed9 b\u00e0n nhi\u1ec7t cho m\u00e1y in 3d Creality Ender-5 Max hot bed plate kit"}]},{"@type":"WebSite","@id":"https:\/\/nge.vn\/#website","url":"https:\/\/nge.vn\/","name":"NGE 3D Printers Services","description":"","potentialAction":[{"@type":"SearchAction","target":{"@type":"EntryPoint","urlTemplate":"https:\/\/nge.vn\/?s={search_term_string}"},"query-input":{"@type":"PropertyValueSpecification","valueRequired":true,"valueName":"search_term_string"}}],"inLanguage":"en-US"}]}},"_links":{"self":[{"href":"https:\/\/nge.vn\/en\/wp-json\/wp\/v2\/product\/6215","targetHints":{"allow":["GET"]}}],"collection":[{"href":"https:\/\/nge.vn\/en\/wp-json\/wp\/v2\/product"}],"about":[{"href":"https:\/\/nge.vn\/en\/wp-json\/wp\/v2\/types\/product"}],"replies":[{"embeddable":true,"href":"https:\/\/nge.vn\/en\/wp-json\/wp\/v2\/comments?post=6215"}],"wp:featuredmedia":[{"embeddable":true,"href":"https:\/\/nge.vn\/en\/wp-json\/wp\/v2\/media\/6216"}],"wp:attachment":[{"href":"https:\/\/nge.vn\/en\/wp-json\/wp\/v2\/media?parent=6215"}],"wp:term":[{"taxonomy":"product_brand","embeddable":true,"href":"https:\/\/nge.vn\/en\/wp-json\/wp\/v2\/product_brand?post=6215"},{"taxonomy":"product_cat","embeddable":true,"href":"https:\/\/nge.vn\/en\/wp-json\/wp\/v2\/product_cat?post=6215"},{"taxonomy":"product_tag","embeddable":true,"href":"https:\/\/nge.vn\/en\/wp-json\/wp\/v2\/product_tag?post=6215"}],"curies":[{"name":"wp","href":"https:\/\/api.w.org\/{rel}","templated":true}]}}