{"id":6206,"date":"2025-08-05T15:13:04","date_gmt":"2025-08-05T08:13:04","guid":{"rendered":"https:\/\/nge.vn\/?post_type=product&#038;p=6206"},"modified":"2025-08-05T15:13:05","modified_gmt":"2025-08-05T08:13:05","slug":"bo-cua-truoc-cho-may-in-3d-creality-k2-plus","status":"publish","type":"product","link":"https:\/\/nge.vn\/en\/product\/bo-cua-truoc-cho-may-in-3d-creality-k2-plus\/","title":{"rendered":"B\u1ed9 c\u1eeda tr\u01b0\u1edbc cho m\u00e1y in 3d Creality K2 Plus"},"content":{"rendered":"<h3 data-start=\"171\" data-end=\"196\">\ud83e\uddfe <strong data-start=\"178\" data-end=\"196\">M\u00d4 T\u1ea2 S\u1ea2N PH\u1ea8M<\/strong><\/h3>\n<p data-start=\"198\" data-end=\"275\"><strong data-start=\"198\" data-end=\"245\">B\u1ed9 c\u1eeda tr\u01b0\u1edbc cho m\u00e1y in 3D Creality K2 Plus<\/strong><br data-start=\"245\" data-end=\"248\" \/>M\u00e3 s\u1ea3n ph\u1ea9m: <strong data-start=\"261\" data-end=\"275\">4004010268<\/strong><\/p>\n<p data-start=\"277\" data-end=\"485\">B\u1ed9 c\u1eeda tr\u01b0\u1edbc chuy\u00ean d\u1ee5ng d\u00e0nh cho d\u00f2ng m\u00e1y in 3D <strong data-start=\"326\" data-end=\"346\">Creality K2 Plus<\/strong>, s\u1eed d\u1ee5ng ch\u1ea5t li\u1ec7u <strong data-start=\"366\" data-end=\"403\">k\u00ednh c\u01b0\u1eddng l\u1ef1c \u0111en 50% trong su\u1ed1t<\/strong>, v\u1eeba \u0111\u1ea3m b\u1ea3o th\u1ea9m m\u1ef9 v\u1eeba t\u0103ng \u0111\u1ed9 an to\u00e0n v\u00e0 gi\u1eef nhi\u1ec7t \u1ed5n \u0111\u1ecbnh trong qu\u00e1 tr\u00ecnh in.<\/p>\n<h4 data-start=\"487\" data-end=\"518\">\ud83d\udd27 <strong data-start=\"495\" data-end=\"518\">Th\u00f4ng tin k\u1ef9 thu\u1eadt:<\/strong><\/h4>\n<ul data-start=\"519\" data-end=\"754\">\n<li data-start=\"519\" data-end=\"562\">\n<p data-start=\"521\" data-end=\"562\"><strong data-start=\"521\" data-end=\"541\">K\u00edch th\u01b0\u1edbc k\u00ednh:<\/strong> 436 \u00d7 514 \u00d7 3.2 mm<\/p>\n<\/li>\n<li data-start=\"563\" data-end=\"624\">\n<p data-start=\"565\" data-end=\"624\"><strong data-start=\"565\" data-end=\"579\">Ch\u1ea5t li\u1ec7u:<\/strong> K\u00ednh c\u01b0\u1eddng l\u1ef1c, m\u00e0u \u0111en, \u0111\u1ed9 trong su\u1ed1t 50%<\/p>\n<\/li>\n<li data-start=\"625\" data-end=\"671\">\n<p data-start=\"627\" data-end=\"671\"><strong data-start=\"627\" data-end=\"651\">K\u00edch th\u01b0\u1edbc \u0111\u00f3ng g\u00f3i:<\/strong> 560 \u00d7 506 \u00d7 95 mm<\/p>\n<\/li>\n<li data-start=\"672\" data-end=\"710\">\n<p data-start=\"674\" data-end=\"710\"><strong data-start=\"674\" data-end=\"702\">Tr\u1ecdng l\u01b0\u1ee3ng t\u1ecbnh (N.W.):<\/strong> 1852g<\/p>\n<\/li>\n<li data-start=\"711\" data-end=\"754\">\n<p data-start=\"713\" data-end=\"754\"><strong data-start=\"713\" data-end=\"746\">Tr\u1ecdng l\u01b0\u1ee3ng c\u1ea3 bao b\u00ec (G.W.):<\/strong> 3190g<\/p>\n<\/li>\n<\/ul>\n<hr data-start=\"756\" data-end=\"759\" \/>\n<h3 data-start=\"761\" data-end=\"788\">\u2705 <strong data-start=\"767\" data-end=\"788\">\u0110\u1eb7c \u0111i\u1ec3m n\u1ed5i b\u1eadt:<\/strong><\/h3>\n<ul data-start=\"789\" data-end=\"1207\">\n<li data-start=\"789\" data-end=\"860\">\n<p data-start=\"791\" data-end=\"860\"><strong data-start=\"791\" data-end=\"819\">K\u00ednh c\u01b0\u1eddng l\u1ef1c d\u00e0y 3.2mm<\/strong>: B\u1ec1n b\u1ec9, ch\u1eafc ch\u1eafn, ch\u1ed1ng v\u1ee1 hi\u1ec7u qu\u1ea3.<\/p>\n<\/li>\n<li data-start=\"861\" data-end=\"943\">\n<p data-start=\"863\" data-end=\"943\"><strong data-start=\"863\" data-end=\"884\">\u0110\u1ed9 trong su\u1ed1t 50%<\/strong>: D\u1ec5 quan s\u00e1t b\u00ean trong khi in, \u0111\u1ed3ng th\u1eddi gi\u1ea3m ch\u00f3i s\u00e1ng.<\/p>\n<\/li>\n<li data-start=\"944\" data-end=\"1036\">\n<p data-start=\"946\" data-end=\"1036\"><strong data-start=\"946\" data-end=\"991\">T\u01b0\u01a1ng th\u00edch ho\u00e0n h\u1ea3o v\u1edbi Creality K2 Plus<\/strong>: L\u1eafp \u0111\u1eb7t nhanh ch\u00f3ng, kh\u00f4ng c\u1ea7n ch\u1ec9nh s\u1eeda.<\/p>\n<\/li>\n<li data-start=\"1037\" data-end=\"1143\">\n<p data-start=\"1039\" data-end=\"1143\"><strong data-start=\"1039\" data-end=\"1065\">Gi\u00fap gi\u1eef nhi\u1ec7t \u1ed5n \u0111\u1ecbnh<\/strong>: H\u1ed7 tr\u1ee3 in c\u00e1c v\u1eadt li\u1ec7u c\u1ea7n nhi\u1ec7t \u0111\u1ed9 m\u00f4i tr\u01b0\u1eddng cao h\u01a1n nh\u01b0 ABS, ASA, PC&#8230;<\/p>\n<\/li>\n<li data-start=\"1144\" data-end=\"1207\">\n<p data-start=\"1146\" data-end=\"1207\"><strong data-start=\"1146\" data-end=\"1187\">T\u0103ng \u0111\u1ed9 an to\u00e0n v\u00e0 gi\u1ea3m b\u1ee5i, ti\u1ebfng \u1ed3n<\/strong> trong qu\u00e1 tr\u00ecnh in.<\/p>\n<\/li>\n<\/ul>\n<hr data-start=\"1209\" data-end=\"1212\" \/>\n<p data-start=\"1214\" data-end=\"1266\"><strong data-start=\"1214\" data-end=\"1230\">T\u01b0\u01a1ng th\u00edch:<\/strong><br data-start=\"1230\" data-end=\"1233\" \/>\u2714\ufe0f M\u00e1y in 3D <strong data-start=\"1246\" data-end=\"1266\">Creality K2 Plus<\/p>\n<p><\/strong><\/p>\n<blockquote class=\"wp-embedded-content\" data-secret=\"pO4JpdPUXS\"><p><a href=\"https:\/\/nge.vn\/en\/product\/may-in-3d-nhieu-mau-creality-k2-plus-kho-in-35x35x35cm\/\">M\u00e1y in 3d nhi\u1ec1u m\u00e0u Creality K2 Plus kh\u1ed5 in 35*35*35cm<\/a><\/p><\/blockquote>\n<p><iframe loading=\"lazy\" class=\"wp-embedded-content\" sandbox=\"allow-scripts\" security=\"restricted\" style=\"position: absolute; visibility: hidden;\" title=\"&#8220;M\u00e1y in 3d nhi\u1ec1u m\u00e0u Creality K2 Plus kh\u1ed5 in 35*35*35cm&#8221; &#8212; NGE 3D Printers Services\" src=\"https:\/\/nge.vn\/san-pham\/may-in-3d-nhieu-mau-creality-k2-plus-kho-in-35x35x35cm\/embed\/#?secret=yBvaMmqYmI#?secret=pO4JpdPUXS\" data-secret=\"pO4JpdPUXS\" width=\"600\" height=\"338\" frameborder=\"0\" marginwidth=\"0\" marginheight=\"0\" scrolling=\"no\"><\/iframe><\/p>\n<p data-start=\"1214\" data-end=\"1266\">-\u0110\u00e2y l\u00e0 c\u00e1c trang b\u00e1n h\u00e0ng b\u00ean m\u00ecnh NGE 3D Printer Services chuy\u00ean cung c\u1ea5p Nh\u1ef1a in 3D v\u00e0 M\u00e1y in 3D c\u1ee7a H\u00e3ng ESUN, Flsun, BIQU, Creality, eMake3d&#8230;<br \/>\n\ud83d\uded2Shopee =&gt; https:\/\/shopee.vn\/nge3dprinter<br \/>\n\ud83d\uded2Shopee =&gt; https:\/\/shopee.vn\/nge3dservices<br \/>\n\ud83d\uded2Shopee Voron v\u00e0 eMake3D =&gt; https:\/\/shopee.vn\/3dmasterpower<br \/>\n\ud83d\uded2Shopee eMake3D =&gt; https:\/\/shopee.vn\/nge3dprinting<br \/>\n\ud83d\uded2Lazada =&gt; https:\/\/www.lazada.vn\/shop\/nge-3d-printer<br \/>\n\ud83d\uded2Lazada =&gt; https:\/\/www.lazada.vn\/shop\/nge-3d-printer-services<br \/>\n\ud83d\uded2Lazada =&gt; https:\/\/www.lazada.vn\/shop\/emake3d-vn<br \/>\n\ud83d\uded2Webslite Th\u1ebf H\u1ec7 K\u1ebf Ti\u1ebfp =&gt;https:\/\/www.theheketiep.com\/<br \/>\n\ud83d\uded2Webslite NGE.VN =&gt;https:\/\/www.nge.vn\/<br \/>\nHo\u1eb7c b\u1ea1n g\u1ecdi 094.144.0951 g\u1eb7p m\u00ecnh<br \/>\nHo\u1eb7c 0913939775 g\u1eb7p anh Qu\u00e2n<\/p>\n<p>** Price does not include VAT (+8 or 10% if VAT invoice is issued)<strong data-start=\"1246\" data-end=\"1266\"><br \/>\n<\/strong><\/p>","protected":false},"excerpt":{"rendered":"<p data-start=\"1384\" data-end=\"1553\">B\u1ed9 c\u1eeda tr\u01b0\u1edbc Creality K2 Plus b\u1eb1ng k\u00ednh c\u01b0\u1eddng l\u1ef1c 50% trong su\u1ed1t, gi\u00fap b\u1ea3o v\u1ec7, gi\u1eef nhi\u1ec7t v\u00e0 n\u00e2ng cao hi\u1ec7u su\u1ea5t in 3D \u2013 t\u01b0\u01a1ng th\u00edch ho\u00e0n to\u00e0n v\u1edbi m\u00e1y in Creality K2 Plus.<\/p>","protected":false},"featured_media":6207,"comment_status":"open","ping_status":"closed","template":"","meta":{"inline_featured_image":false},"product_brand":[],"product_cat":[40,56],"product_tag":[795,718,794,799,807,806,494,663,659],"class_list":{"0":"post-6206","1":"product","2":"type-product","3":"status-publish","4":"has-post-thumbnail","6":"product_cat-linh-kien-va-phu-kien","7":"product_cat-linh-phu-kien-may-in-3d-creality","8":"product_tag-3dprinteraccessories","9":"product_tag-3dprinting","10":"product_tag-crealityk2plus","11":"product_tag-crealityvietnam","12":"product_tag-frontdoorkit","13":"product_tag-kinhcuongluc","14":"product_tag-mayin3d","15":"product_tag-nge3d","16":"product_tag-phukienmayin3d","18":"first","19":"instock","20":"taxable","21":"shipping-taxable","22":"purchasable","23":"product-type-simple"},"yoast_head":"<!-- This site is optimized with the Yoast SEO Premium plugin v22.8 (Yoast SEO v26.9) - https:\/\/yoast.com\/product\/yoast-seo-premium-wordpress\/ -->\n<title>B\u1ed9 c\u1eeda tr\u01b0\u1edbc cho m\u00e1y in 3d Creality K2 Plus - NGE 3D Printers Services<\/title>\n<meta name=\"description\" content=\"B\u1ed9 c\u1eeda tr\u01b0\u1edbc Creality K2 Plus b\u1eb1ng k\u00ednh c\u01b0\u1eddng l\u1ef1c 50% trong su\u1ed1t, gi\u00fap b\u1ea3o v\u1ec7, gi\u1eef nhi\u1ec7t v\u00e0 n\u00e2ng cao hi\u1ec7u su\u1ea5t in 3D \u2013 t\u01b0\u01a1ng th\u00edch m\u00e1y in Creality K2 Plus.\" \/>\n<meta name=\"robots\" content=\"index, follow, max-snippet:-1, max-image-preview:large, max-video-preview:-1\" \/>\n<link rel=\"canonical\" href=\"https:\/\/nge.vn\/en\/product\/bo-cua-truoc-cho-may-in-3d-creality-k2-plus\/\" \/>\n<meta property=\"og:locale\" content=\"en_US\" \/>\n<meta property=\"og:type\" content=\"article\" \/>\n<meta property=\"og:title\" content=\"B\u1ed9 c\u1eeda tr\u01b0\u1edbc cho m\u00e1y in 3d Creality K2 Plus\" \/>\n<meta property=\"og:description\" content=\"B\u1ed9 c\u1eeda tr\u01b0\u1edbc Creality K2 Plus b\u1eb1ng k\u00ednh c\u01b0\u1eddng l\u1ef1c 50% trong su\u1ed1t, gi\u00fap b\u1ea3o v\u1ec7, gi\u1eef nhi\u1ec7t v\u00e0 n\u00e2ng cao hi\u1ec7u su\u1ea5t in 3D \u2013 t\u01b0\u01a1ng th\u00edch m\u00e1y in Creality K2 Plus.\" \/>\n<meta property=\"og:url\" content=\"https:\/\/nge.vn\/en\/product\/bo-cua-truoc-cho-may-in-3d-creality-k2-plus\/\" \/>\n<meta property=\"og:site_name\" content=\"NGE 3D Printers Services\" \/>\n<meta property=\"article:modified_time\" content=\"2025-08-05T08:13:05+00:00\" \/>\n<meta property=\"og:image\" content=\"https:\/\/nge.vn\/wp-content\/uploads\/2025\/08\/vn-11134207-7ra0g-m9birrvyzmo20e_tn.jpeg\" \/>\n\t<meta property=\"og:image:width\" content=\"320\" \/>\n\t<meta property=\"og:image:height\" content=\"320\" \/>\n\t<meta property=\"og:image:type\" content=\"image\/jpeg\" \/>\n<meta name=\"twitter:card\" content=\"summary_large_image\" \/>\n<meta name=\"twitter:label1\" content=\"Est. reading time\" \/>\n\t<meta name=\"twitter:data1\" content=\"2 minutes\" \/>\n<script type=\"application\/ld+json\" class=\"yoast-schema-graph\">{\"@context\":\"https:\/\/schema.org\",\"@graph\":[{\"@type\":\"WebPage\",\"@id\":\"https:\/\/nge.vn\/san-pham\/bo-cua-truoc-cho-may-in-3d-creality-k2-plus\/\",\"url\":\"https:\/\/nge.vn\/san-pham\/bo-cua-truoc-cho-may-in-3d-creality-k2-plus\/\",\"name\":\"B\u1ed9 c\u1eeda tr\u01b0\u1edbc cho m\u00e1y in 3d Creality K2 Plus - NGE 3D Printers Services\",\"isPartOf\":{\"@id\":\"https:\/\/nge.vn\/#website\"},\"primaryImageOfPage\":{\"@id\":\"https:\/\/nge.vn\/san-pham\/bo-cua-truoc-cho-may-in-3d-creality-k2-plus\/#primaryimage\"},\"image\":{\"@id\":\"https:\/\/nge.vn\/san-pham\/bo-cua-truoc-cho-may-in-3d-creality-k2-plus\/#primaryimage\"},\"thumbnailUrl\":\"https:\/\/nge.vn\/wp-content\/uploads\/2025\/08\/vn-11134207-7ra0g-m9birrvyzmo20e_tn.jpeg\",\"datePublished\":\"2025-08-05T08:13:04+00:00\",\"dateModified\":\"2025-08-05T08:13:05+00:00\",\"description\":\"B\u1ed9 c\u1eeda tr\u01b0\u1edbc Creality K2 Plus b\u1eb1ng k\u00ednh c\u01b0\u1eddng l\u1ef1c 50% trong su\u1ed1t, gi\u00fap b\u1ea3o v\u1ec7, gi\u1eef nhi\u1ec7t v\u00e0 n\u00e2ng cao hi\u1ec7u su\u1ea5t in 3D \u2013 t\u01b0\u01a1ng th\u00edch m\u00e1y in Creality K2 Plus.\",\"breadcrumb\":{\"@id\":\"https:\/\/nge.vn\/san-pham\/bo-cua-truoc-cho-may-in-3d-creality-k2-plus\/#breadcrumb\"},\"inLanguage\":\"en-US\",\"potentialAction\":[{\"@type\":\"ReadAction\",\"target\":[\"https:\/\/nge.vn\/san-pham\/bo-cua-truoc-cho-may-in-3d-creality-k2-plus\/\"]}]},{\"@type\":\"ImageObject\",\"inLanguage\":\"en-US\",\"@id\":\"https:\/\/nge.vn\/san-pham\/bo-cua-truoc-cho-may-in-3d-creality-k2-plus\/#primaryimage\",\"url\":\"https:\/\/nge.vn\/wp-content\/uploads\/2025\/08\/vn-11134207-7ra0g-m9birrvyzmo20e_tn.jpeg\",\"contentUrl\":\"https:\/\/nge.vn\/wp-content\/uploads\/2025\/08\/vn-11134207-7ra0g-m9birrvyzmo20e_tn.jpeg\",\"width\":320,\"height\":320,\"caption\":\"k2 plus front door\"},{\"@type\":\"BreadcrumbList\",\"@id\":\"https:\/\/nge.vn\/san-pham\/bo-cua-truoc-cho-may-in-3d-creality-k2-plus\/#breadcrumb\",\"itemListElement\":[{\"@type\":\"ListItem\",\"position\":1,\"name\":\"Trang ch\u1ee7\",\"item\":\"https:\/\/nge.vn\/\"},{\"@type\":\"ListItem\",\"position\":2,\"name\":\"S\u1ea3n ph\u1ea9m\",\"item\":\"https:\/\/nge.vn\/san-pham\/\"},{\"@type\":\"ListItem\",\"position\":3,\"name\":\"B\u1ed9 c\u1eeda tr\u01b0\u1edbc cho m\u00e1y in 3d Creality K2 Plus\"}]},{\"@type\":\"WebSite\",\"@id\":\"https:\/\/nge.vn\/#website\",\"url\":\"https:\/\/nge.vn\/\",\"name\":\"NGE 3D Printers Services\",\"description\":\"\",\"potentialAction\":[{\"@type\":\"SearchAction\",\"target\":{\"@type\":\"EntryPoint\",\"urlTemplate\":\"https:\/\/nge.vn\/?s={search_term_string}\"},\"query-input\":{\"@type\":\"PropertyValueSpecification\",\"valueRequired\":true,\"valueName\":\"search_term_string\"}}],\"inLanguage\":\"en-US\"}]}<\/script>\n<!-- \/ Yoast SEO Premium plugin. -->","yoast_head_json":{"title":"B\u1ed9 c\u1eeda tr\u01b0\u1edbc cho m\u00e1y in 3d Creality K2 Plus - NGE 3D Printers Services","description":"B\u1ed9 c\u1eeda tr\u01b0\u1edbc Creality K2 Plus b\u1eb1ng k\u00ednh c\u01b0\u1eddng l\u1ef1c 50% trong su\u1ed1t, gi\u00fap b\u1ea3o v\u1ec7, gi\u1eef nhi\u1ec7t v\u00e0 n\u00e2ng cao hi\u1ec7u su\u1ea5t in 3D \u2013 t\u01b0\u01a1ng th\u00edch m\u00e1y in Creality K2 Plus.","robots":{"index":"index","follow":"follow","max-snippet":"max-snippet:-1","max-image-preview":"max-image-preview:large","max-video-preview":"max-video-preview:-1"},"canonical":"https:\/\/nge.vn\/en\/product\/bo-cua-truoc-cho-may-in-3d-creality-k2-plus\/","og_locale":"en_US","og_type":"article","og_title":"B\u1ed9 c\u1eeda tr\u01b0\u1edbc cho m\u00e1y in 3d Creality K2 Plus","og_description":"B\u1ed9 c\u1eeda tr\u01b0\u1edbc Creality K2 Plus b\u1eb1ng k\u00ednh c\u01b0\u1eddng l\u1ef1c 50% trong su\u1ed1t, gi\u00fap b\u1ea3o v\u1ec7, gi\u1eef nhi\u1ec7t v\u00e0 n\u00e2ng cao hi\u1ec7u su\u1ea5t in 3D \u2013 t\u01b0\u01a1ng th\u00edch m\u00e1y in Creality K2 Plus.","og_url":"https:\/\/nge.vn\/en\/product\/bo-cua-truoc-cho-may-in-3d-creality-k2-plus\/","og_site_name":"NGE 3D Printers Services","article_modified_time":"2025-08-05T08:13:05+00:00","og_image":[{"width":320,"height":320,"url":"https:\/\/nge.vn\/wp-content\/uploads\/2025\/08\/vn-11134207-7ra0g-m9birrvyzmo20e_tn.jpeg","type":"image\/jpeg"}],"twitter_card":"summary_large_image","twitter_misc":{"Est. reading time":"2 minutes"},"schema":{"@context":"https:\/\/schema.org","@graph":[{"@type":"WebPage","@id":"https:\/\/nge.vn\/san-pham\/bo-cua-truoc-cho-may-in-3d-creality-k2-plus\/","url":"https:\/\/nge.vn\/san-pham\/bo-cua-truoc-cho-may-in-3d-creality-k2-plus\/","name":"B\u1ed9 c\u1eeda tr\u01b0\u1edbc cho m\u00e1y in 3d Creality K2 Plus - NGE 3D Printers Services","isPartOf":{"@id":"https:\/\/nge.vn\/#website"},"primaryImageOfPage":{"@id":"https:\/\/nge.vn\/san-pham\/bo-cua-truoc-cho-may-in-3d-creality-k2-plus\/#primaryimage"},"image":{"@id":"https:\/\/nge.vn\/san-pham\/bo-cua-truoc-cho-may-in-3d-creality-k2-plus\/#primaryimage"},"thumbnailUrl":"https:\/\/nge.vn\/wp-content\/uploads\/2025\/08\/vn-11134207-7ra0g-m9birrvyzmo20e_tn.jpeg","datePublished":"2025-08-05T08:13:04+00:00","dateModified":"2025-08-05T08:13:05+00:00","description":"B\u1ed9 c\u1eeda tr\u01b0\u1edbc Creality K2 Plus b\u1eb1ng k\u00ednh c\u01b0\u1eddng l\u1ef1c 50% trong su\u1ed1t, gi\u00fap b\u1ea3o v\u1ec7, gi\u1eef nhi\u1ec7t v\u00e0 n\u00e2ng cao hi\u1ec7u su\u1ea5t in 3D \u2013 t\u01b0\u01a1ng th\u00edch m\u00e1y in Creality K2 Plus.","breadcrumb":{"@id":"https:\/\/nge.vn\/san-pham\/bo-cua-truoc-cho-may-in-3d-creality-k2-plus\/#breadcrumb"},"inLanguage":"en-US","potentialAction":[{"@type":"ReadAction","target":["https:\/\/nge.vn\/san-pham\/bo-cua-truoc-cho-may-in-3d-creality-k2-plus\/"]}]},{"@type":"ImageObject","inLanguage":"en-US","@id":"https:\/\/nge.vn\/san-pham\/bo-cua-truoc-cho-may-in-3d-creality-k2-plus\/#primaryimage","url":"https:\/\/nge.vn\/wp-content\/uploads\/2025\/08\/vn-11134207-7ra0g-m9birrvyzmo20e_tn.jpeg","contentUrl":"https:\/\/nge.vn\/wp-content\/uploads\/2025\/08\/vn-11134207-7ra0g-m9birrvyzmo20e_tn.jpeg","width":320,"height":320,"caption":"k2 plus front door"},{"@type":"BreadcrumbList","@id":"https:\/\/nge.vn\/san-pham\/bo-cua-truoc-cho-may-in-3d-creality-k2-plus\/#breadcrumb","itemListElement":[{"@type":"ListItem","position":1,"name":"Trang ch\u1ee7","item":"https:\/\/nge.vn\/"},{"@type":"ListItem","position":2,"name":"S\u1ea3n ph\u1ea9m","item":"https:\/\/nge.vn\/san-pham\/"},{"@type":"ListItem","position":3,"name":"B\u1ed9 c\u1eeda tr\u01b0\u1edbc cho m\u00e1y in 3d Creality K2 Plus"}]},{"@type":"WebSite","@id":"https:\/\/nge.vn\/#website","url":"https:\/\/nge.vn\/","name":"NGE 3D Printers Services","description":"","potentialAction":[{"@type":"SearchAction","target":{"@type":"EntryPoint","urlTemplate":"https:\/\/nge.vn\/?s={search_term_string}"},"query-input":{"@type":"PropertyValueSpecification","valueRequired":true,"valueName":"search_term_string"}}],"inLanguage":"en-US"}]}},"_links":{"self":[{"href":"https:\/\/nge.vn\/en\/wp-json\/wp\/v2\/product\/6206","targetHints":{"allow":["GET"]}}],"collection":[{"href":"https:\/\/nge.vn\/en\/wp-json\/wp\/v2\/product"}],"about":[{"href":"https:\/\/nge.vn\/en\/wp-json\/wp\/v2\/types\/product"}],"replies":[{"embeddable":true,"href":"https:\/\/nge.vn\/en\/wp-json\/wp\/v2\/comments?post=6206"}],"wp:featuredmedia":[{"embeddable":true,"href":"https:\/\/nge.vn\/en\/wp-json\/wp\/v2\/media\/6207"}],"wp:attachment":[{"href":"https:\/\/nge.vn\/en\/wp-json\/wp\/v2\/media?parent=6206"}],"wp:term":[{"taxonomy":"product_brand","embeddable":true,"href":"https:\/\/nge.vn\/en\/wp-json\/wp\/v2\/product_brand?post=6206"},{"taxonomy":"product_cat","embeddable":true,"href":"https:\/\/nge.vn\/en\/wp-json\/wp\/v2\/product_cat?post=6206"},{"taxonomy":"product_tag","embeddable":true,"href":"https:\/\/nge.vn\/en\/wp-json\/wp\/v2\/product_tag?post=6206"}],"curies":[{"name":"wp","href":"https:\/\/api.w.org\/{rel}","templated":true}]}}