{"id":6196,"date":"2025-08-04T22:18:57","date_gmt":"2025-08-04T15:18:57","guid":{"rendered":"https:\/\/nge.vn\/?post_type=product&#038;p=6196"},"modified":"2025-08-04T22:18:57","modified_gmt":"2025-08-04T15:18:57","slug":"nhua-in-3d-fdm-esun-epa-cao-cap-mau-natural","status":"publish","type":"product","link":"https:\/\/nge.vn\/en\/product\/nhua-in-3d-fdm-esun-epa-cao-cap-mau-natural\/","title":{"rendered":"Nh\u1ef1a in 3d FDM eSun ePA cao c\u1ea5p (m\u00e0u Natural)"},"content":{"rendered":"<h3 data-start=\"190\" data-end=\"215\">\ud83e\uddfe <strong data-start=\"197\" data-end=\"215\">M\u00d4 T\u1ea2 S\u1ea2N PH\u1ea8M<\/strong><\/h3>\n<p data-start=\"217\" data-end=\"275\"><strong data-start=\"217\" data-end=\"275\">Nh\u1ef1a in 3D FDM eSun ePA cao c\u1ea5p m\u00e0u Natural \u2013 Cu\u1ed9n 1kg<\/strong><\/p>\n<p data-start=\"277\" data-end=\"553\">ePA l\u00e0 v\u1eadt li\u1ec7u nylon cao c\u1ea5p ph\u00e1t tri\u1ec3n t\u1eeb \u0111\u1ed3ng tr\u00f9ng h\u1ee3p nylon 6\/66, s\u1edf h\u1eefu \u0111\u1eb7c t\u00ednh t\u1ef1 b\u00f4i tr\u01a1n, \u0111\u1ed9 b\u1ec1n c\u01a1 h\u1ecdc v\u01b0\u1ee3t tr\u1ed9i v\u00e0 kh\u1ea3 n\u0103ng ch\u1ecbu va \u0111\u1eadp c\u1ef1c cao. Ph\u00f9 h\u1ee3p cho c\u00e1c \u1ee9ng d\u1ee5ng y\u00eau c\u1ea7u k\u1ef9 thu\u1eadt, linh ki\u1ec7n chuy\u1ec3n \u0111\u1ed9ng nh\u01b0 b\u00e1nh r\u0103ng, chi ti\u1ebft m\u00e1y, b\u1ed9 ph\u1eadn \u00f4 t\u00f4, h\u00e0ng kh\u00f4ng\u2026<\/p>\n<h4 data-start=\"555\" data-end=\"585\">\ud83d\udd27 <strong data-start=\"563\" data-end=\"585\">T\u00ednh n\u0103ng n\u1ed5i b\u1eadt:<\/strong><\/h4>\n<ul data-start=\"586\" data-end=\"946\">\n<li data-start=\"586\" data-end=\"674\">\n<p data-start=\"588\" data-end=\"674\"><strong data-start=\"588\" data-end=\"618\">Ch\u1ed1ng m\u00e0i m\u00f2n t\u1ef1 b\u00f4i tr\u01a1n:<\/strong> R\u1ea5t th\u00edch h\u1ee3p cho in b\u00e1nh r\u0103ng, chi ti\u1ebft chuy\u1ec3n \u0111\u1ed9ng.<\/p>\n<\/li>\n<li data-start=\"675\" data-end=\"787\">\n<p data-start=\"677\" data-end=\"787\"><strong data-start=\"677\" data-end=\"712\">\u0110\u1ed9 d\u1ebbo dai v\u00e0 ch\u1ed1ng va \u0111\u1eadp cao:<\/strong> \u0110\u1ed9 gi\u00e3n d\u00e0i khi \u0111\u1ee9t l\u00ean \u0111\u1ebfn <strong data-start=\"741\" data-end=\"749\">175%<\/strong> \u2013 cho ph\u00e9p in c\u00e1c b\u1ed9 ph\u1eadn si\u00eau b\u1ec1n.<\/p>\n<\/li>\n<li data-start=\"788\" data-end=\"857\">\n<p data-start=\"790\" data-end=\"857\"><strong data-start=\"790\" data-end=\"809\">\u0110\u1ed9 co r\u00fat th\u1ea5p:<\/strong> H\u1ea1n ch\u1ebf cong v\u00eanh, n\u1ee9t v\u1ee1 trong qu\u00e1 tr\u00ecnh in.<\/p>\n<\/li>\n<li data-start=\"858\" data-end=\"946\">\n<p data-start=\"860\" data-end=\"946\"><strong data-start=\"860\" data-end=\"897\">B\u1ec1 m\u1eb7t in m\u1ecbn, \u0111\u1ed9 b\u1ec1n c\u01a1 h\u1ecdc cao:<\/strong> Ho\u00e0n h\u1ea3o cho c\u00e1c \u1ee9ng d\u1ee5ng k\u1ef9 thu\u1eadt, c\u00f4ng nghi\u1ec7p.<\/p>\n<\/li>\n<\/ul>\n<hr data-start=\"948\" data-end=\"951\" \/>\n<h3 data-start=\"953\" data-end=\"983\">\ud83d\udce6 <strong data-start=\"960\" data-end=\"983\">\u1ee8ng d\u1ee5ng \u0111i\u1ec3n h\u00ecnh:<\/strong><\/h3>\n<p data-start=\"984\" data-end=\"1045\">M\u00e1y m\u00f3c | \u00d4 t\u00f4 | \u0110i\u1ec7n &amp; \u0111i\u1ec7n t\u1eed | H\u00e0ng kh\u00f4ng | H\u00e0ng ti\u00eau d\u00f9ng<\/p>\n<hr data-start=\"1047\" data-end=\"1050\" \/>\n<h3 data-start=\"1052\" data-end=\"1090\">\ud83d\udcca <strong data-start=\"1059\" data-end=\"1090\">B\u1ea3ng th\u00f4ng s\u1ed1 k\u1ef9 thu\u1eadt nh\u1ef1a ePA:<\/strong><\/h3>\n<div class=\"_tableContainer_16hzy_1\">\n<div class=\"_tableWrapper_16hzy_14 group flex w-fit flex-col-reverse\" tabindex=\"-1\">\n<table class=\"w-fit min-w-(--thread-content-width)\" data-start=\"1091\" data-end=\"1434\">\n<thead data-start=\"1091\" data-end=\"1115\">\n<tr data-start=\"1091\" data-end=\"1115\">\n<th data-start=\"1091\" data-end=\"1104\" data-col-size=\"sm\">Thu\u1ed9c t\u00ednh<\/th>\n<th data-start=\"1104\" data-end=\"1115\" data-col-size=\"sm\">Gi\u00e1 tr\u1ecb<\/th>\n<\/tr>\n<\/thead>\n<tbody data-start=\"1140\" data-end=\"1434\">\n<tr data-start=\"1140\" data-end=\"1163\">\n<td data-start=\"1140\" data-end=\"1149\" data-col-size=\"sm\">M\u1eadt \u0111\u1ed9<\/td>\n<td data-start=\"1149\" data-end=\"1163\" data-col-size=\"sm\">1.12 g\/cm\u00b3<\/td>\n<\/tr>\n<tr data-start=\"1164\" data-end=\"1200\">\n<td data-start=\"1164\" data-end=\"1192\" data-col-size=\"sm\">Nhi\u1ec7t bi\u1ebfn d\u1ea1ng (0.45MPa)<\/td>\n<td data-start=\"1192\" data-end=\"1200\" data-col-size=\"sm\">50\u00b0C<\/td>\n<\/tr>\n<tr data-start=\"1201\" data-end=\"1251\">\n<td data-start=\"1201\" data-end=\"1235\" data-col-size=\"sm\">Ch\u1ec9 s\u1ed1 d\u00f2ng ch\u1ea3y (230\u00b0C\/2.16kg)<\/td>\n<td data-start=\"1235\" data-end=\"1251\" data-col-size=\"sm\">12.3 g\/10min<\/td>\n<\/tr>\n<tr data-start=\"1252\" data-end=\"1280\">\n<td data-start=\"1252\" data-end=\"1267\" data-col-size=\"sm\">C\u01b0\u1eddng \u0111\u1ed9 k\u00e9o<\/td>\n<td data-start=\"1267\" data-end=\"1280\" data-col-size=\"sm\">52.45 MPa<\/td>\n<\/tr>\n<tr data-start=\"1281\" data-end=\"1314\">\n<td data-start=\"1281\" data-end=\"1303\" data-col-size=\"sm\">\u0110\u1ed9 gi\u00e3n d\u00e0i khi \u0111\u1ee9t<\/td>\n<td data-start=\"1303\" data-end=\"1314\" data-col-size=\"sm\">175.32%<\/td>\n<\/tr>\n<tr data-start=\"1315\" data-end=\"1340\">\n<td data-start=\"1315\" data-end=\"1330\" data-col-size=\"sm\">C\u01b0\u1eddng \u0111\u1ed9 u\u1ed1n<\/td>\n<td data-start=\"1330\" data-end=\"1340\" data-col-size=\"sm\">58 MPa<\/td>\n<\/tr>\n<tr data-start=\"1341\" data-end=\"1366\">\n<td data-start=\"1341\" data-end=\"1354\" data-col-size=\"sm\">M\u00f4-\u0111un u\u1ed1n<\/td>\n<td data-start=\"1354\" data-end=\"1366\" data-col-size=\"sm\">1370 MPa<\/td>\n<\/tr>\n<tr data-start=\"1367\" data-end=\"1398\">\n<td data-start=\"1367\" data-end=\"1384\" data-col-size=\"sm\">\u0110\u1ed9 va \u0111\u1eadp IZOD<\/td>\n<td data-start=\"1384\" data-end=\"1398\" data-col-size=\"sm\">18.4 kJ\/m\u00b2<\/td>\n<\/tr>\n<tr data-start=\"1399\" data-end=\"1417\">\n<td data-start=\"1399\" data-end=\"1408\" data-col-size=\"sm\">\u0110\u1ed9 b\u1ec1n<\/td>\n<td data-start=\"1408\" data-end=\"1417\" data-col-size=\"sm\">10\/10<\/td>\n<\/tr>\n<tr data-start=\"1418\" data-end=\"1434\">\n<td data-start=\"1418\" data-end=\"1426\" data-col-size=\"sm\">D\u1ec5 in<\/td>\n<td data-start=\"1426\" data-end=\"1434\" data-col-size=\"sm\">8\/10<\/td>\n<\/tr>\n<\/tbody>\n<\/table>\n<div class=\"sticky end-(--thread-content-margin) h-0 self-end select-none\">\n<div class=\"absolute end-0 flex items-end\"><\/div>\n<\/div>\n<\/div>\n<\/div>\n<hr data-start=\"1436\" data-end=\"1439\" \/>\n<h3 data-start=\"1441\" data-end=\"1476\">\ud83d\udd27 <strong data-start=\"1448\" data-end=\"1476\">Th\u00f4ng s\u1ed1 in khuy\u1ebfn ngh\u1ecb:<\/strong><\/h3>\n<ul data-start=\"1477\" data-end=\"1869\">\n<li data-start=\"1477\" data-end=\"1536\">\n<p data-start=\"1479\" data-end=\"1536\"><strong data-start=\"1479\" data-end=\"1501\">Nhi\u1ec7t \u0111\u1ed9 \u0111\u1ea7u phun:<\/strong> 250 \u2013 290\u00b0C (khuy\u00ean d\u00f9ng: 265\u00b0C)<\/p>\n<\/li>\n<li data-start=\"1537\" data-end=\"1571\">\n<p data-start=\"1539\" data-end=\"1571\"><strong data-start=\"1539\" data-end=\"1559\">Nhi\u1ec7t \u0111\u1ed9 b\u00e0n in:<\/strong> 70 \u2013 90\u00b0C<\/p>\n<\/li>\n<li data-start=\"1572\" data-end=\"1604\">\n<p data-start=\"1574\" data-end=\"1604\"><strong data-start=\"1574\" data-end=\"1588\">T\u1ed1c \u0111\u1ed9 in:<\/strong> 40 \u2013 100 mm\/s<\/p>\n<\/li>\n<li data-start=\"1605\" data-end=\"1635\">\n<p data-start=\"1607\" data-end=\"1635\"><strong data-start=\"1607\" data-end=\"1624\">Qu\u1ea1t l\u00e0m m\u00e1t:<\/strong> T\u1eaft (0%)<\/p>\n<\/li>\n<li data-start=\"1636\" data-end=\"1704\">\n<p data-start=\"1638\" data-end=\"1704\"><strong data-start=\"1638\" data-end=\"1664\">B\u1ec1 m\u1eb7t in khuy\u00ean d\u00f9ng:<\/strong> PEI, keo \u0111\u1eb7c ho\u1eb7c build plate ph\u00f9 h\u1ee3p<\/p>\n<\/li>\n<li data-start=\"1705\" data-end=\"1869\">\n<p data-start=\"1707\" data-end=\"1869\"><strong data-start=\"1707\" data-end=\"1750\">Y\u00eau c\u1ea7u b\u00e0n in nhi\u1ec7t &amp; s\u1ea5y tr\u01b0\u1edbc khi in<\/strong><br data-start=\"1750\" data-end=\"1753\" \/>\u2192 <strong data-start=\"1757\" data-end=\"1780\">S\u1ea5y \u1edf 70\u00b0C \u2265 12 gi\u1edd<\/strong> \u0111\u1ec3 tr\u00e1nh \u1ea9m v\u00e0 \u0111\u1ea1t ch\u1ea5t l\u01b0\u1ee3ng t\u1ed1t nh\u1ea5t<br data-start=\"1819\" data-end=\"1822\" \/>\u2192 Khuy\u1ebfn kh\u00edch s\u1eed d\u1ee5ng <strong data-start=\"1847\" data-end=\"1855\">eBOX<\/strong> \u0111\u1ec3 in \u1ed5n \u0111\u1ecbnh<\/p>\n<\/li>\n<\/ul>\n<p>&nbsp;<\/p>\n<blockquote class=\"wp-embedded-content\" data-secret=\"IWULdmbo5U\"><p><a href=\"https:\/\/nge.vn\/en\/product\/may-in-3d-creality-ender-3-v3-ke-printing-max-500mms\/\">Creality Ender 3 V3 KE 3d printer fully automatic table balance...high precision and speed Max 500mm\/s<\/a><\/p><\/blockquote>\n<p><iframe loading=\"lazy\" class=\"wp-embedded-content\" sandbox=\"allow-scripts\" security=\"restricted\" style=\"position: absolute; visibility: hidden;\" title=\"&#8220;M\u00e1y in 3d Creality Ender 3 V3 KE c\u00e2n b\u00e0n ho\u00e0n to\u00e0n t\u1ef1 \u0111\u1ed9ng&#8230;\u0111\u1ed9 ch\u00ednh x\u00e1c v\u00e0 t\u1ed1c \u0111\u1ed9 cao Max 500mm\/s&#8221; &#8212; NGE 3D Printers Services\" src=\"https:\/\/nge.vn\/san-pham\/may-in-3d-creality-ender-3-v3-ke-printing-max-500mms\/embed\/#?secret=o1WSWarnrT#?secret=IWULdmbo5U\" data-secret=\"IWULdmbo5U\" width=\"600\" height=\"338\" frameborder=\"0\" marginwidth=\"0\" marginheight=\"0\" scrolling=\"no\"><\/iframe><\/p>\n<p>&#8211; \u0110\u00e2y l\u00e0 c\u00e1c trang b\u00e1n h\u00e0ng b\u00ean m\u00ecnh NGE 3D Printer Services chuy\u00ean cung c\u1ea5p Nh\u1ef1a in 3D v\u00e0 M\u00e1y in 3D c\u1ee7a H\u00e3ng ESUN, Flsun, BIQU, Creality, eMake3d&#8230;<br \/>\n\ud83d\uded2Shopee =&gt; https:\/\/shopee.vn\/nge3dprinter<br \/>\n\ud83d\uded2Shopee =&gt; https:\/\/shopee.vn\/nge3dservices<br \/>\n\ud83d\uded2Shopee Voron v\u00e0 eMake3D =&gt; https:\/\/shopee.vn\/3dmasterpower<br \/>\n\ud83d\uded2Shopee eMake3D =&gt; https:\/\/shopee.vn\/nge3dprinting<br \/>\n\ud83d\uded2Lazada =&gt; https:\/\/www.lazada.vn\/shop\/nge-3d-printer<br \/>\n\ud83d\uded2Lazada =&gt; https:\/\/www.lazada.vn\/shop\/nge-3d-printer-services<br \/>\n\ud83d\uded2Lazada =&gt; https:\/\/www.lazada.vn\/shop\/emake3d-vn<br \/>\n\ud83d\uded2Webslite Th\u1ebf H\u1ec7 K\u1ebf Ti\u1ebfp =&gt;https:\/\/www.theheketiep.com\/<br \/>\n\ud83d\uded2Webslite NGE.VN =&gt;https:\/\/www.nge.vn\/<br \/>\nHo\u1eb7c b\u1ea1n g\u1ecdi 094.144.0951 g\u1eb7p m\u00ecnh<br \/>\nHo\u1eb7c 0913939775 g\u1eb7p anh Qu\u00e2n<br \/>\n** Price does not include VAT (+8 or 10% if VAT invoice is issued)<\/p>\n<div class=\"notranslate\" style=\"all: initial;\"><\/div>","protected":false},"excerpt":{"rendered":"<p data-start=\"1992\" data-end=\"2164\">Nh\u1ef1a in 3D eSun ePA cao c\u1ea5p (Nylon 6\/66) 1kg \u2013 \u0111\u1ed9 b\u1ec1n cao, t\u1ef1 b\u00f4i tr\u01a1n, ch\u1ed1ng va \u0111\u1eadp v\u00e0 ch\u1ecbu m\u00e0i m\u00f2n tuy\u1ec7t v\u1eddi, ph\u00f9 h\u1ee3p cho in chi ti\u1ebft k\u1ef9 thu\u1eadt, m\u00e1y m\u00f3c, \u00f4 t\u00f4, h\u00e0ng kh\u00f4ng.<\/p>","protected":false},"featured_media":6197,"comment_status":"open","ping_status":"closed","template":"","meta":{"inline_featured_image":false},"product_brand":[],"product_cat":[455,456,466],"product_tag":[803,802,619,805,494,663,697,804],"class_list":{"0":"post-6196","1":"product","2":"type-product","3":"status-publish","4":"has-post-thumbnail","6":"product_cat-nhua-in-3d","7":"product_cat-nhua-in-3d-fdm","8":"product_cat-soi-nhua-esun-fdm","9":"product_tag-3dprintingfilament","10":"product_tag-epa","11":"product_tag-esun","12":"product_tag-inkythuat3d","13":"product_tag-mayin3d","14":"product_tag-nge3d","15":"product_tag-nhuain3d","16":"product_tag-nylonfilament","18":"first","19":"instock","20":"taxable","21":"shipping-taxable","22":"purchasable","23":"product-type-simple"},"yoast_head":"<!-- This site is optimized with the Yoast SEO Premium plugin v22.8 (Yoast SEO v26.9) - https:\/\/yoast.com\/product\/yoast-seo-premium-wordpress\/ -->\n<title>Nh\u1ef1a in 3d FDM eSun ePA cao c\u1ea5p (m\u00e0u Natural) - NGE 3D Printers Services<\/title>\n<meta name=\"description\" content=\"Nh\u1ef1a in 3D eSun ePA cao c\u1ea5p (Nylon 6\/66) 1kg \u2013 \u0111\u1ed9 b\u1ec1n cao, t\u1ef1 b\u00f4i tr\u01a1n, ch\u1ed1ng va \u0111\u1eadp v\u00e0 ch\u1ecbu m\u00e0i m\u00f2n tuy\u1ec7t v\u1eddi, ph\u00f9 h\u1ee3p cho in chi ti\u1ebft k\u1ef9 thu\u1eadt, m\u00e1y m\u00f3c.\" \/>\n<meta name=\"robots\" content=\"index, follow, max-snippet:-1, max-image-preview:large, max-video-preview:-1\" \/>\n<link rel=\"canonical\" href=\"https:\/\/nge.vn\/en\/product\/nhua-in-3d-fdm-esun-epa-cao-cap-mau-natural\/\" \/>\n<meta property=\"og:locale\" content=\"en_US\" \/>\n<meta property=\"og:type\" content=\"article\" \/>\n<meta property=\"og:title\" content=\"Nh\u1ef1a in 3d FDM eSun ePA cao c\u1ea5p (m\u00e0u Natural)\" \/>\n<meta property=\"og:description\" content=\"Nh\u1ef1a in 3D eSun ePA cao c\u1ea5p (Nylon 6\/66) 1kg \u2013 \u0111\u1ed9 b\u1ec1n cao, t\u1ef1 b\u00f4i tr\u01a1n, ch\u1ed1ng va \u0111\u1eadp v\u00e0 ch\u1ecbu m\u00e0i m\u00f2n tuy\u1ec7t v\u1eddi, ph\u00f9 h\u1ee3p cho in chi ti\u1ebft k\u1ef9 thu\u1eadt, m\u00e1y m\u00f3c.\" \/>\n<meta property=\"og:url\" content=\"https:\/\/nge.vn\/en\/product\/nhua-in-3d-fdm-esun-epa-cao-cap-mau-natural\/\" \/>\n<meta property=\"og:site_name\" content=\"NGE 3D Printers Services\" \/>\n<meta property=\"og:image\" content=\"https:\/\/nge.vn\/wp-content\/uploads\/2025\/08\/vn-11134207-7r98o-lrzrzrs96z7off_tn.jpeg\" \/>\n\t<meta property=\"og:image:width\" content=\"320\" \/>\n\t<meta property=\"og:image:height\" content=\"320\" \/>\n\t<meta property=\"og:image:type\" content=\"image\/jpeg\" \/>\n<meta name=\"twitter:card\" content=\"summary_large_image\" \/>\n<meta name=\"twitter:label1\" content=\"Est. reading time\" \/>\n\t<meta name=\"twitter:data1\" content=\"3 minutes\" \/>\n<script type=\"application\/ld+json\" class=\"yoast-schema-graph\">{\"@context\":\"https:\/\/schema.org\",\"@graph\":[{\"@type\":\"WebPage\",\"@id\":\"https:\/\/nge.vn\/san-pham\/nhua-in-3d-fdm-esun-epa-cao-cap-mau-natural\/\",\"url\":\"https:\/\/nge.vn\/san-pham\/nhua-in-3d-fdm-esun-epa-cao-cap-mau-natural\/\",\"name\":\"Nh\u1ef1a in 3d FDM eSun ePA cao c\u1ea5p (m\u00e0u Natural) - NGE 3D Printers Services\",\"isPartOf\":{\"@id\":\"https:\/\/nge.vn\/#website\"},\"primaryImageOfPage\":{\"@id\":\"https:\/\/nge.vn\/san-pham\/nhua-in-3d-fdm-esun-epa-cao-cap-mau-natural\/#primaryimage\"},\"image\":{\"@id\":\"https:\/\/nge.vn\/san-pham\/nhua-in-3d-fdm-esun-epa-cao-cap-mau-natural\/#primaryimage\"},\"thumbnailUrl\":\"https:\/\/nge.vn\/wp-content\/uploads\/2025\/08\/vn-11134207-7r98o-lrzrzrs96z7off_tn.jpeg\",\"datePublished\":\"2025-08-04T15:18:57+00:00\",\"description\":\"Nh\u1ef1a in 3D eSun ePA cao c\u1ea5p (Nylon 6\/66) 1kg \u2013 \u0111\u1ed9 b\u1ec1n cao, t\u1ef1 b\u00f4i tr\u01a1n, ch\u1ed1ng va \u0111\u1eadp v\u00e0 ch\u1ecbu m\u00e0i m\u00f2n tuy\u1ec7t v\u1eddi, ph\u00f9 h\u1ee3p cho in chi ti\u1ebft k\u1ef9 thu\u1eadt, m\u00e1y m\u00f3c.\",\"breadcrumb\":{\"@id\":\"https:\/\/nge.vn\/san-pham\/nhua-in-3d-fdm-esun-epa-cao-cap-mau-natural\/#breadcrumb\"},\"inLanguage\":\"en-US\",\"potentialAction\":[{\"@type\":\"ReadAction\",\"target\":[\"https:\/\/nge.vn\/san-pham\/nhua-in-3d-fdm-esun-epa-cao-cap-mau-natural\/\"]}]},{\"@type\":\"ImageObject\",\"inLanguage\":\"en-US\",\"@id\":\"https:\/\/nge.vn\/san-pham\/nhua-in-3d-fdm-esun-epa-cao-cap-mau-natural\/#primaryimage\",\"url\":\"https:\/\/nge.vn\/wp-content\/uploads\/2025\/08\/vn-11134207-7r98o-lrzrzrs96z7off_tn.jpeg\",\"contentUrl\":\"https:\/\/nge.vn\/wp-content\/uploads\/2025\/08\/vn-11134207-7r98o-lrzrzrs96z7off_tn.jpeg\",\"width\":320,\"height\":320},{\"@type\":\"BreadcrumbList\",\"@id\":\"https:\/\/nge.vn\/san-pham\/nhua-in-3d-fdm-esun-epa-cao-cap-mau-natural\/#breadcrumb\",\"itemListElement\":[{\"@type\":\"ListItem\",\"position\":1,\"name\":\"Trang ch\u1ee7\",\"item\":\"https:\/\/nge.vn\/\"},{\"@type\":\"ListItem\",\"position\":2,\"name\":\"S\u1ea3n ph\u1ea9m\",\"item\":\"https:\/\/nge.vn\/san-pham\/\"},{\"@type\":\"ListItem\",\"position\":3,\"name\":\"Nh\u1ef1a in 3d FDM eSun ePA cao c\u1ea5p (m\u00e0u Natural)\"}]},{\"@type\":\"WebSite\",\"@id\":\"https:\/\/nge.vn\/#website\",\"url\":\"https:\/\/nge.vn\/\",\"name\":\"NGE 3D Printers Services\",\"description\":\"\",\"potentialAction\":[{\"@type\":\"SearchAction\",\"target\":{\"@type\":\"EntryPoint\",\"urlTemplate\":\"https:\/\/nge.vn\/?s={search_term_string}\"},\"query-input\":{\"@type\":\"PropertyValueSpecification\",\"valueRequired\":true,\"valueName\":\"search_term_string\"}}],\"inLanguage\":\"en-US\"}]}<\/script>\n<!-- \/ Yoast SEO Premium plugin. -->","yoast_head_json":{"title":"Nh\u1ef1a in 3d FDM eSun ePA cao c\u1ea5p (m\u00e0u Natural) - NGE 3D Printers Services","description":"Nh\u1ef1a in 3D eSun ePA cao c\u1ea5p (Nylon 6\/66) 1kg \u2013 \u0111\u1ed9 b\u1ec1n cao, t\u1ef1 b\u00f4i tr\u01a1n, ch\u1ed1ng va \u0111\u1eadp v\u00e0 ch\u1ecbu m\u00e0i m\u00f2n tuy\u1ec7t v\u1eddi, ph\u00f9 h\u1ee3p cho in chi ti\u1ebft k\u1ef9 thu\u1eadt, m\u00e1y m\u00f3c.","robots":{"index":"index","follow":"follow","max-snippet":"max-snippet:-1","max-image-preview":"max-image-preview:large","max-video-preview":"max-video-preview:-1"},"canonical":"https:\/\/nge.vn\/en\/product\/nhua-in-3d-fdm-esun-epa-cao-cap-mau-natural\/","og_locale":"en_US","og_type":"article","og_title":"Nh\u1ef1a in 3d FDM eSun ePA cao c\u1ea5p (m\u00e0u Natural)","og_description":"Nh\u1ef1a in 3D eSun ePA cao c\u1ea5p (Nylon 6\/66) 1kg \u2013 \u0111\u1ed9 b\u1ec1n cao, t\u1ef1 b\u00f4i tr\u01a1n, ch\u1ed1ng va \u0111\u1eadp v\u00e0 ch\u1ecbu m\u00e0i m\u00f2n tuy\u1ec7t v\u1eddi, ph\u00f9 h\u1ee3p cho in chi ti\u1ebft k\u1ef9 thu\u1eadt, m\u00e1y m\u00f3c.","og_url":"https:\/\/nge.vn\/en\/product\/nhua-in-3d-fdm-esun-epa-cao-cap-mau-natural\/","og_site_name":"NGE 3D Printers Services","og_image":[{"width":320,"height":320,"url":"https:\/\/nge.vn\/wp-content\/uploads\/2025\/08\/vn-11134207-7r98o-lrzrzrs96z7off_tn.jpeg","type":"image\/jpeg"}],"twitter_card":"summary_large_image","twitter_misc":{"Est. reading time":"3 minutes"},"schema":{"@context":"https:\/\/schema.org","@graph":[{"@type":"WebPage","@id":"https:\/\/nge.vn\/san-pham\/nhua-in-3d-fdm-esun-epa-cao-cap-mau-natural\/","url":"https:\/\/nge.vn\/san-pham\/nhua-in-3d-fdm-esun-epa-cao-cap-mau-natural\/","name":"Nh\u1ef1a in 3d FDM eSun ePA cao c\u1ea5p (m\u00e0u Natural) - NGE 3D Printers Services","isPartOf":{"@id":"https:\/\/nge.vn\/#website"},"primaryImageOfPage":{"@id":"https:\/\/nge.vn\/san-pham\/nhua-in-3d-fdm-esun-epa-cao-cap-mau-natural\/#primaryimage"},"image":{"@id":"https:\/\/nge.vn\/san-pham\/nhua-in-3d-fdm-esun-epa-cao-cap-mau-natural\/#primaryimage"},"thumbnailUrl":"https:\/\/nge.vn\/wp-content\/uploads\/2025\/08\/vn-11134207-7r98o-lrzrzrs96z7off_tn.jpeg","datePublished":"2025-08-04T15:18:57+00:00","description":"Nh\u1ef1a in 3D eSun ePA cao c\u1ea5p (Nylon 6\/66) 1kg \u2013 \u0111\u1ed9 b\u1ec1n cao, t\u1ef1 b\u00f4i tr\u01a1n, ch\u1ed1ng va \u0111\u1eadp v\u00e0 ch\u1ecbu m\u00e0i m\u00f2n tuy\u1ec7t v\u1eddi, ph\u00f9 h\u1ee3p cho in chi ti\u1ebft k\u1ef9 thu\u1eadt, m\u00e1y m\u00f3c.","breadcrumb":{"@id":"https:\/\/nge.vn\/san-pham\/nhua-in-3d-fdm-esun-epa-cao-cap-mau-natural\/#breadcrumb"},"inLanguage":"en-US","potentialAction":[{"@type":"ReadAction","target":["https:\/\/nge.vn\/san-pham\/nhua-in-3d-fdm-esun-epa-cao-cap-mau-natural\/"]}]},{"@type":"ImageObject","inLanguage":"en-US","@id":"https:\/\/nge.vn\/san-pham\/nhua-in-3d-fdm-esun-epa-cao-cap-mau-natural\/#primaryimage","url":"https:\/\/nge.vn\/wp-content\/uploads\/2025\/08\/vn-11134207-7r98o-lrzrzrs96z7off_tn.jpeg","contentUrl":"https:\/\/nge.vn\/wp-content\/uploads\/2025\/08\/vn-11134207-7r98o-lrzrzrs96z7off_tn.jpeg","width":320,"height":320},{"@type":"BreadcrumbList","@id":"https:\/\/nge.vn\/san-pham\/nhua-in-3d-fdm-esun-epa-cao-cap-mau-natural\/#breadcrumb","itemListElement":[{"@type":"ListItem","position":1,"name":"Trang ch\u1ee7","item":"https:\/\/nge.vn\/"},{"@type":"ListItem","position":2,"name":"S\u1ea3n ph\u1ea9m","item":"https:\/\/nge.vn\/san-pham\/"},{"@type":"ListItem","position":3,"name":"Nh\u1ef1a in 3d FDM eSun ePA cao c\u1ea5p (m\u00e0u Natural)"}]},{"@type":"WebSite","@id":"https:\/\/nge.vn\/#website","url":"https:\/\/nge.vn\/","name":"NGE 3D Printers Services","description":"","potentialAction":[{"@type":"SearchAction","target":{"@type":"EntryPoint","urlTemplate":"https:\/\/nge.vn\/?s={search_term_string}"},"query-input":{"@type":"PropertyValueSpecification","valueRequired":true,"valueName":"search_term_string"}}],"inLanguage":"en-US"}]}},"_links":{"self":[{"href":"https:\/\/nge.vn\/en\/wp-json\/wp\/v2\/product\/6196","targetHints":{"allow":["GET"]}}],"collection":[{"href":"https:\/\/nge.vn\/en\/wp-json\/wp\/v2\/product"}],"about":[{"href":"https:\/\/nge.vn\/en\/wp-json\/wp\/v2\/types\/product"}],"replies":[{"embeddable":true,"href":"https:\/\/nge.vn\/en\/wp-json\/wp\/v2\/comments?post=6196"}],"wp:featuredmedia":[{"embeddable":true,"href":"https:\/\/nge.vn\/en\/wp-json\/wp\/v2\/media\/6197"}],"wp:attachment":[{"href":"https:\/\/nge.vn\/en\/wp-json\/wp\/v2\/media?parent=6196"}],"wp:term":[{"taxonomy":"product_brand","embeddable":true,"href":"https:\/\/nge.vn\/en\/wp-json\/wp\/v2\/product_brand?post=6196"},{"taxonomy":"product_cat","embeddable":true,"href":"https:\/\/nge.vn\/en\/wp-json\/wp\/v2\/product_cat?post=6196"},{"taxonomy":"product_tag","embeddable":true,"href":"https:\/\/nge.vn\/en\/wp-json\/wp\/v2\/product_tag?post=6196"}],"curies":[{"name":"wp","href":"https:\/\/api.w.org\/{rel}","templated":true}]}}