{"id":6186,"date":"2025-08-04T21:48:25","date_gmt":"2025-08-04T14:48:25","guid":{"rendered":"https:\/\/nge.vn\/?post_type=product&#038;p=6186"},"modified":"2025-08-04T21:48:26","modified_gmt":"2025-08-04T14:48:26","slug":"cam-bien-soi-nhua-filament-detector-kit-cho-may-in-3d-creality-ender-3-v3-se-va-ender-3-v3-ke","status":"publish","type":"product","link":"https:\/\/nge.vn\/en\/product\/cam-bien-soi-nhua-filament-detector-kit-cho-may-in-3d-creality-ender-3-v3-se-va-ender-3-v3-ke\/","title":{"rendered":"C\u1ea3m bi\u1ebfn s\u1ee3i nh\u1ef1a Filament Detector Kit cho m\u00e1y in 3d Creality Ender-3 V3 SE v\u00e0 Ender-3 V3 KE"},"content":{"rendered":"<h3 data-start=\"201\" data-end=\"226\">\ud83e\uddfe <strong data-start=\"208\" data-end=\"226\">M\u00d4 T\u1ea2 S\u1ea2N PH\u1ea8M<\/strong><\/h3>\n<p data-start=\"228\" data-end=\"324\"><strong data-start=\"228\" data-end=\"324\">C\u1ea3m bi\u1ebfn s\u1ee3i nh\u1ef1a Filament Detector Kit cho m\u00e1y in 3D Creality Ender-3 V3 SE \/ Ender-3 V3 KE<\/strong><\/p>\n<p data-start=\"326\" data-end=\"492\">B\u1ed9 c\u1ea3m bi\u1ebfn s\u1ee3i nh\u1ef1a th\u00f4ng minh, ch\u00ednh x\u00e1c v\u00e0 \u0111\u00e1ng tin c\u1eady, gi\u00fap ph\u00e1t hi\u1ec7n khi filament b\u1ecb h\u1ebft trong qu\u00e1 tr\u00ecnh in v\u00e0 t\u1ef1 \u0111\u1ed9ng t\u1ea1m d\u1eebng in, tr\u00e1nh l\u00e3ng ph\u00ed v\u00e0 l\u1ed7i b\u1ea3n in.<\/p>\n<h4 data-start=\"494\" data-end=\"523\">\ud83d\udd27 <strong data-start=\"502\" data-end=\"523\">\u0110\u1eb7c \u0111i\u1ec3m n\u1ed5i b\u1eadt:<\/strong><\/h4>\n<ul data-start=\"524\" data-end=\"1077\">\n<li data-start=\"524\" data-end=\"608\">\n<p data-start=\"526\" data-end=\"608\"><strong data-start=\"526\" data-end=\"551\">Th\u00f4ng minh &amp; t\u1ef1 \u0111\u1ed9ng:<\/strong> T\u1ef1 \u0111\u1ed9ng ph\u00e1t hi\u1ec7n tr\u1ea1ng th\u00e1i s\u1ee3i nh\u1ef1a \u0111\u1ec3 tr\u00e1nh in l\u1ed7i.<\/p>\n<\/li>\n<li data-start=\"609\" data-end=\"692\">\n<p data-start=\"611\" data-end=\"692\"><strong data-start=\"611\" data-end=\"630\">Ph\u1ea3n h\u1ed3i nhanh:<\/strong> Nh\u1ea1y b\u00e9n v\u1edbi tr\u1ea1ng th\u00e1i filament \u2013 d\u1eebng in k\u1ecbp th\u1eddi khi h\u1ebft.<\/p>\n<\/li>\n<li data-start=\"693\" data-end=\"828\">\n<p data-start=\"695\" data-end=\"724\"><strong data-start=\"695\" data-end=\"722\">\u0110\u00e8n LED b\u00e1o tr\u1ea1ng th\u00e1i:<\/strong><\/p>\n<ul data-start=\"727\" data-end=\"828\">\n<li data-start=\"727\" data-end=\"790\">\n<p data-start=\"729\" data-end=\"790\">\u0110\u00e8n LED <strong data-start=\"737\" data-end=\"758\">m\u00e0u xanh lam s\u00e1ng<\/strong>: filament \u0111ang c\u1ea5p b\u00ecnh th\u01b0\u1eddng<\/p>\n<\/li>\n<li data-start=\"793\" data-end=\"828\">\n<p data-start=\"795\" data-end=\"828\">\u0110\u00e8n LED <strong data-start=\"803\" data-end=\"810\">t\u1eaft<\/strong>: filament \u0111\u00e3 h\u1ebft<\/p>\n<\/li>\n<\/ul>\n<\/li>\n<li data-start=\"829\" data-end=\"895\">\n<p data-start=\"831\" data-end=\"895\"><strong data-start=\"831\" data-end=\"853\">Thi\u1ebft k\u1ebf hi\u1ec7n \u0111\u1ea1i:<\/strong> V\u1ecf ngo\u00e0i l\u00e0m m\u1edd, \u0111\u1ed9c \u0111\u00e1o v\u00e0 phong c\u00e1ch.<\/p>\n<\/li>\n<li data-start=\"896\" data-end=\"977\">\n<p data-start=\"898\" data-end=\"977\"><strong data-start=\"898\" data-end=\"913\">D\u1ec5 l\u1eafp \u0111\u1eb7t:<\/strong> C\u1ea5u tr\u00fac \u0111\u01a1n gi\u1ea3n, thu\u1eadn ti\u1ec7n t\u00edch h\u1ee3p v\u1edbi d\u00f2ng m\u00e1y Creality.<\/p>\n<\/li>\n<li data-start=\"978\" data-end=\"1077\">\n<p data-start=\"980\" data-end=\"1077\"><strong data-start=\"980\" data-end=\"1004\">N\u1ea1p d\u00e2y t\u00f3c m\u01b0\u1ee3t m\u00e0:<\/strong> B\u1ed9 d\u1eabn h\u01b0\u1edbng kim lo\u1ea1i, gi\u1ea3m ma s\u00e1t \u2013 \u0111\u1ea3m b\u1ea3o filament di chuy\u1ec3n tr\u01a1n tru.<\/p>\n<\/li>\n<\/ul>\n<hr data-start=\"1079\" data-end=\"1082\" \/>\n<h3 data-start=\"1084\" data-end=\"1113\">\ud83d\udce6 <strong data-start=\"1091\" data-end=\"1113\">Th\u00f4ng s\u1ed1 s\u1ea3n ph\u1ea9m:<\/strong><\/h3>\n<ul data-start=\"1114\" data-end=\"1258\">\n<li data-start=\"1114\" data-end=\"1143\">\n<p data-start=\"1116\" data-end=\"1143\"><strong data-start=\"1116\" data-end=\"1132\">Tr\u1ecdng l\u01b0\u1ee3ng:<\/strong> G.W 180g<\/p>\n<\/li>\n<li data-start=\"1144\" data-end=\"1226\">\n<p data-start=\"1146\" data-end=\"1226\"><strong data-start=\"1146\" data-end=\"1162\">T\u01b0\u01a1ng th\u00edch:<\/strong> Creality Ender-3 V3 SE \/ Ender-3 V3 KE<\/p>\n<\/li>\n<li data-start=\"1227\" data-end=\"1258\">\n<p data-start=\"1229\" data-end=\"1258\"><strong data-start=\"1229\" data-end=\"1245\">M\u00e3 s\u1ea3n ph\u1ea9m:<\/strong> 4001090033<\/p>\n<\/li>\n<\/ul>\n<blockquote class=\"wp-embedded-content\" data-secret=\"O7hioFlcBR\"><p><a href=\"https:\/\/nge.vn\/en\/product\/may-in-3d-creality-ender-3-v3-se-the-he-moi-do-chinh-xac-va-toc-do-cao-250mm-s\/\">M\u00e1y in 3d Creality Ender 3 V3 SE th\u1ebf h\u1ec7 m\u1edbi \u0111\u1ed9 ch\u00ednh x\u00e1c v\u00e0 t\u1ed1c \u0111\u1ed9 cao 250mm\/s<\/a><\/p><\/blockquote>\n<p><iframe loading=\"lazy\" class=\"wp-embedded-content\" sandbox=\"allow-scripts\" security=\"restricted\" style=\"position: absolute; visibility: hidden;\" title=\"&#8220;M\u00e1y in 3d Creality Ender 3 V3 SE th\u1ebf h\u1ec7 m\u1edbi \u0111\u1ed9 ch\u00ednh x\u00e1c v\u00e0 t\u1ed1c \u0111\u1ed9 cao 250mm\/s&#8221; &#8212; NGE 3D Printers Services\" src=\"https:\/\/nge.vn\/san-pham\/may-in-3d-creality-ender-3-v3-se-the-he-moi-do-chinh-xac-va-toc-do-cao-250mm-s\/embed\/#?secret=ZFruZ3xh6a#?secret=O7hioFlcBR\" data-secret=\"O7hioFlcBR\" width=\"600\" height=\"338\" frameborder=\"0\" marginwidth=\"0\" marginheight=\"0\" scrolling=\"no\"><\/iframe><\/p>\n<blockquote class=\"wp-embedded-content\" data-secret=\"wlQ27xJiev\"><p><a href=\"https:\/\/nge.vn\/en\/product\/may-in-3d-creality-ender-3-v3-ke-printing-max-500mms\/\">Creality Ender 3 V3 KE 3d printer fully automatic table balance...high precision and speed Max 500mm\/s<\/a><\/p><\/blockquote>\n<p><iframe loading=\"lazy\" class=\"wp-embedded-content\" sandbox=\"allow-scripts\" security=\"restricted\" style=\"position: absolute; visibility: hidden;\" title=\"&#8220;M\u00e1y in 3d Creality Ender 3 V3 KE c\u00e2n b\u00e0n ho\u00e0n to\u00e0n t\u1ef1 \u0111\u1ed9ng&#8230;\u0111\u1ed9 ch\u00ednh x\u00e1c v\u00e0 t\u1ed1c \u0111\u1ed9 cao Max 500mm\/s&#8221; &#8212; NGE 3D Printers Services\" src=\"https:\/\/nge.vn\/san-pham\/may-in-3d-creality-ender-3-v3-ke-printing-max-500mms\/embed\/#?secret=AqTSbhgPpW#?secret=wlQ27xJiev\" data-secret=\"wlQ27xJiev\" width=\"600\" height=\"338\" frameborder=\"0\" marginwidth=\"0\" marginheight=\"0\" scrolling=\"no\"><\/iframe><\/p>\n<p>_\u0110\u00e2y l\u00e0 c\u00e1c trang b\u00e1n h\u00e0ng b\u00ean m\u00ecnh NGE 3D Printer Services chuy\u00ean cung c\u1ea5p Nh\u1ef1a in 3D v\u00e0 M\u00e1y in 3D c\u1ee7a H\u00e3ng ESUN, Flsun, BIQU, Creality, eMake3d&#8230;<br \/>\n\ud83d\uded2Shopee =&gt; https:\/\/shopee.vn\/nge3dprinter<br \/>\n\ud83d\uded2Shopee =&gt; https:\/\/shopee.vn\/nge3dservices<br \/>\n\ud83d\uded2Shopee Voron v\u00e0 eMake3D =&gt; https:\/\/shopee.vn\/3dmasterpower<br \/>\n\ud83d\uded2Shopee eMake3D =&gt; https:\/\/shopee.vn\/nge3dprinting<br \/>\n\ud83d\uded2Lazada =&gt; https:\/\/www.lazada.vn\/shop\/nge-3d-printer<br \/>\n\ud83d\uded2Lazada =&gt; https:\/\/www.lazada.vn\/shop\/nge-3d-printer-services<br \/>\n\ud83d\uded2Lazada =&gt; https:\/\/www.lazada.vn\/shop\/emake3d-vn<br \/>\n\ud83d\uded2Webslite Th\u1ebf H\u1ec7 K\u1ebf Ti\u1ebfp =&gt;https:\/\/www.theheketiep.com\/<br \/>\n\ud83d\uded2Webslite NGE.VN =&gt;https:\/\/www.nge.vn\/<br \/>\nHo\u1eb7c b\u1ea1n g\u1ecdi 094.144.0951 g\u1eb7p m\u00ecnh<br \/>\nHo\u1eb7c 0913939775 g\u1eb7p anh Qu\u00e2n<br \/>\n** Price does not include VAT (+8 or 10% if VAT invoice is issued)<\/p>","protected":false},"excerpt":{"rendered":"<p data-start=\"1381\" data-end=\"1534\">C\u1ea3m bi\u1ebfn s\u1ee3i nh\u1ef1a th\u00f4ng minh cho m\u00e1y in 3D Creality Ender-3 V3 SE v\u00e0 KE. T\u1ef1 \u0111\u1ed9ng ph\u00e1t hi\u1ec7n filament, b\u00e1o \u0111\u00e8n LED, d\u1ec5 l\u1eafp \u0111\u1eb7t, gi\u00fap in li\u00ean t\u1ee5c v\u00e0 \u1ed5n \u0111\u1ecbnh.<\/p>","protected":false},"featured_media":6187,"comment_status":"open","ping_status":"closed","template":"","meta":{"inline_featured_image":false},"product_brand":[],"product_cat":[461,40,56],"product_tag":[795,798,797,799,779,796,801,800,494,663],"class_list":{"0":"post-6186","1":"product","2":"type-product","3":"status-publish","4":"has-post-thumbnail","6":"product_cat-linh-kien-cum-dun-va-cam-bien","7":"product_cat-linh-kien-va-phu-kien","8":"product_cat-linh-phu-kien-may-in-3d-creality","9":"product_tag-3dprinteraccessories","10":"product_tag-cambiendaytoc","11":"product_tag-crealitysensor","12":"product_tag-crealityvietnam","13":"product_tag-ender3v3se","14":"product_tag-filamentdetector","15":"product_tag-filamentsensor","16":"product_tag-in3dthongminh","17":"product_tag-mayin3d","18":"product_tag-nge3d","20":"first","21":"instock","22":"taxable","23":"shipping-taxable","24":"purchasable","25":"product-type-simple"},"yoast_head":"<!-- This site is optimized with the Yoast SEO Premium plugin v22.8 (Yoast SEO v26.9) - https:\/\/yoast.com\/product\/yoast-seo-premium-wordpress\/ -->\n<title>C\u1ea3m bi\u1ebfn s\u1ee3i nh\u1ef1a Filament Detector Kit cho m\u00e1y in 3d Creality Ender-3 V3 SE v\u00e0 Ender-3 V3 KE - NGE 3D Printers Services<\/title>\n<meta name=\"description\" content=\"C\u1ea3m bi\u1ebfn s\u1ee3i nh\u1ef1a th\u00f4ng minh cho m\u00e1y in 3D Creality Ender-3 V3 SE v\u00e0 KE. T\u1ef1 \u0111\u1ed9ng ph\u00e1t hi\u1ec7n filament, b\u00e1o \u0111\u00e8n LED, d\u1ec5 l\u1eafp \u0111\u1eb7t, gi\u00fap in li\u00ean t\u1ee5c v\u00e0 \u1ed5n \u0111\u1ecbnh.\" \/>\n<meta name=\"robots\" content=\"index, follow, max-snippet:-1, max-image-preview:large, max-video-preview:-1\" \/>\n<link rel=\"canonical\" href=\"https:\/\/nge.vn\/en\/product\/cam-bien-soi-nhua-filament-detector-kit-cho-may-in-3d-creality-ender-3-v3-se-va-ender-3-v3-ke\/\" \/>\n<meta property=\"og:locale\" content=\"en_US\" \/>\n<meta property=\"og:type\" content=\"article\" \/>\n<meta property=\"og:title\" content=\"C\u1ea3m bi\u1ebfn s\u1ee3i nh\u1ef1a Filament Detector Kit cho m\u00e1y in 3d Creality Ender-3 V3 SE v\u00e0 Ender-3 V3 KE\" \/>\n<meta property=\"og:description\" content=\"C\u1ea3m bi\u1ebfn s\u1ee3i nh\u1ef1a th\u00f4ng minh cho m\u00e1y in 3D Creality Ender-3 V3 SE v\u00e0 KE. T\u1ef1 \u0111\u1ed9ng ph\u00e1t hi\u1ec7n filament, b\u00e1o \u0111\u00e8n LED, d\u1ec5 l\u1eafp \u0111\u1eb7t, gi\u00fap in li\u00ean t\u1ee5c v\u00e0 \u1ed5n \u0111\u1ecbnh.\" \/>\n<meta property=\"og:url\" content=\"https:\/\/nge.vn\/en\/product\/cam-bien-soi-nhua-filament-detector-kit-cho-may-in-3d-creality-ender-3-v3-se-va-ender-3-v3-ke\/\" \/>\n<meta property=\"og:site_name\" content=\"NGE 3D Printers Services\" \/>\n<meta property=\"article:modified_time\" content=\"2025-08-04T14:48:26+00:00\" \/>\n<meta property=\"og:image\" content=\"https:\/\/nge.vn\/wp-content\/uploads\/2025\/08\/vn-11134207-7ras8-m1tj72i0x5fj42_tn.jpeg\" \/>\n\t<meta property=\"og:image:width\" content=\"320\" \/>\n\t<meta property=\"og:image:height\" content=\"320\" \/>\n\t<meta property=\"og:image:type\" content=\"image\/jpeg\" \/>\n<meta name=\"twitter:card\" content=\"summary_large_image\" \/>\n<meta name=\"twitter:label1\" content=\"Est. reading time\" \/>\n\t<meta name=\"twitter:data1\" content=\"2 minutes\" \/>\n<script type=\"application\/ld+json\" class=\"yoast-schema-graph\">{\"@context\":\"https:\/\/schema.org\",\"@graph\":[{\"@type\":\"WebPage\",\"@id\":\"https:\/\/nge.vn\/san-pham\/cam-bien-soi-nhua-filament-detector-kit-cho-may-in-3d-creality-ender-3-v3-se-va-ender-3-v3-ke\/\",\"url\":\"https:\/\/nge.vn\/san-pham\/cam-bien-soi-nhua-filament-detector-kit-cho-may-in-3d-creality-ender-3-v3-se-va-ender-3-v3-ke\/\",\"name\":\"C\u1ea3m bi\u1ebfn s\u1ee3i nh\u1ef1a Filament Detector Kit cho m\u00e1y in 3d Creality Ender-3 V3 SE v\u00e0 Ender-3 V3 KE - NGE 3D Printers Services\",\"isPartOf\":{\"@id\":\"https:\/\/nge.vn\/#website\"},\"primaryImageOfPage\":{\"@id\":\"https:\/\/nge.vn\/san-pham\/cam-bien-soi-nhua-filament-detector-kit-cho-may-in-3d-creality-ender-3-v3-se-va-ender-3-v3-ke\/#primaryimage\"},\"image\":{\"@id\":\"https:\/\/nge.vn\/san-pham\/cam-bien-soi-nhua-filament-detector-kit-cho-may-in-3d-creality-ender-3-v3-se-va-ender-3-v3-ke\/#primaryimage\"},\"thumbnailUrl\":\"https:\/\/nge.vn\/wp-content\/uploads\/2025\/08\/vn-11134207-7ras8-m1tj72i0x5fj42_tn.jpeg\",\"datePublished\":\"2025-08-04T14:48:25+00:00\",\"dateModified\":\"2025-08-04T14:48:26+00:00\",\"description\":\"C\u1ea3m bi\u1ebfn s\u1ee3i nh\u1ef1a th\u00f4ng minh cho m\u00e1y in 3D Creality Ender-3 V3 SE v\u00e0 KE. T\u1ef1 \u0111\u1ed9ng ph\u00e1t hi\u1ec7n filament, b\u00e1o \u0111\u00e8n LED, d\u1ec5 l\u1eafp \u0111\u1eb7t, gi\u00fap in li\u00ean t\u1ee5c v\u00e0 \u1ed5n \u0111\u1ecbnh.\",\"breadcrumb\":{\"@id\":\"https:\/\/nge.vn\/san-pham\/cam-bien-soi-nhua-filament-detector-kit-cho-may-in-3d-creality-ender-3-v3-se-va-ender-3-v3-ke\/#breadcrumb\"},\"inLanguage\":\"en-US\",\"potentialAction\":[{\"@type\":\"ReadAction\",\"target\":[\"https:\/\/nge.vn\/san-pham\/cam-bien-soi-nhua-filament-detector-kit-cho-may-in-3d-creality-ender-3-v3-se-va-ender-3-v3-ke\/\"]}]},{\"@type\":\"ImageObject\",\"inLanguage\":\"en-US\",\"@id\":\"https:\/\/nge.vn\/san-pham\/cam-bien-soi-nhua-filament-detector-kit-cho-may-in-3d-creality-ender-3-v3-se-va-ender-3-v3-ke\/#primaryimage\",\"url\":\"https:\/\/nge.vn\/wp-content\/uploads\/2025\/08\/vn-11134207-7ras8-m1tj72i0x5fj42_tn.jpeg\",\"contentUrl\":\"https:\/\/nge.vn\/wp-content\/uploads\/2025\/08\/vn-11134207-7ras8-m1tj72i0x5fj42_tn.jpeg\",\"width\":320,\"height\":320,\"caption\":\"filament detector\"},{\"@type\":\"BreadcrumbList\",\"@id\":\"https:\/\/nge.vn\/san-pham\/cam-bien-soi-nhua-filament-detector-kit-cho-may-in-3d-creality-ender-3-v3-se-va-ender-3-v3-ke\/#breadcrumb\",\"itemListElement\":[{\"@type\":\"ListItem\",\"position\":1,\"name\":\"Trang ch\u1ee7\",\"item\":\"https:\/\/nge.vn\/\"},{\"@type\":\"ListItem\",\"position\":2,\"name\":\"S\u1ea3n ph\u1ea9m\",\"item\":\"https:\/\/nge.vn\/san-pham\/\"},{\"@type\":\"ListItem\",\"position\":3,\"name\":\"C\u1ea3m bi\u1ebfn s\u1ee3i nh\u1ef1a Filament Detector Kit cho m\u00e1y in 3d Creality Ender-3 V3 SE v\u00e0 Ender-3 V3 KE\"}]},{\"@type\":\"WebSite\",\"@id\":\"https:\/\/nge.vn\/#website\",\"url\":\"https:\/\/nge.vn\/\",\"name\":\"NGE 3D Printers Services\",\"description\":\"\",\"potentialAction\":[{\"@type\":\"SearchAction\",\"target\":{\"@type\":\"EntryPoint\",\"urlTemplate\":\"https:\/\/nge.vn\/?s={search_term_string}\"},\"query-input\":{\"@type\":\"PropertyValueSpecification\",\"valueRequired\":true,\"valueName\":\"search_term_string\"}}],\"inLanguage\":\"en-US\"}]}<\/script>\n<!-- \/ Yoast SEO Premium plugin. -->","yoast_head_json":{"title":"C\u1ea3m bi\u1ebfn s\u1ee3i nh\u1ef1a Filament Detector Kit cho m\u00e1y in 3d Creality Ender-3 V3 SE v\u00e0 Ender-3 V3 KE - NGE 3D Printers Services","description":"C\u1ea3m bi\u1ebfn s\u1ee3i nh\u1ef1a th\u00f4ng minh cho m\u00e1y in 3D Creality Ender-3 V3 SE v\u00e0 KE. T\u1ef1 \u0111\u1ed9ng ph\u00e1t hi\u1ec7n filament, b\u00e1o \u0111\u00e8n LED, d\u1ec5 l\u1eafp \u0111\u1eb7t, gi\u00fap in li\u00ean t\u1ee5c v\u00e0 \u1ed5n \u0111\u1ecbnh.","robots":{"index":"index","follow":"follow","max-snippet":"max-snippet:-1","max-image-preview":"max-image-preview:large","max-video-preview":"max-video-preview:-1"},"canonical":"https:\/\/nge.vn\/en\/product\/cam-bien-soi-nhua-filament-detector-kit-cho-may-in-3d-creality-ender-3-v3-se-va-ender-3-v3-ke\/","og_locale":"en_US","og_type":"article","og_title":"C\u1ea3m bi\u1ebfn s\u1ee3i nh\u1ef1a Filament Detector Kit cho m\u00e1y in 3d Creality Ender-3 V3 SE v\u00e0 Ender-3 V3 KE","og_description":"C\u1ea3m bi\u1ebfn s\u1ee3i nh\u1ef1a th\u00f4ng minh cho m\u00e1y in 3D Creality Ender-3 V3 SE v\u00e0 KE. T\u1ef1 \u0111\u1ed9ng ph\u00e1t hi\u1ec7n filament, b\u00e1o \u0111\u00e8n LED, d\u1ec5 l\u1eafp \u0111\u1eb7t, gi\u00fap in li\u00ean t\u1ee5c v\u00e0 \u1ed5n \u0111\u1ecbnh.","og_url":"https:\/\/nge.vn\/en\/product\/cam-bien-soi-nhua-filament-detector-kit-cho-may-in-3d-creality-ender-3-v3-se-va-ender-3-v3-ke\/","og_site_name":"NGE 3D Printers Services","article_modified_time":"2025-08-04T14:48:26+00:00","og_image":[{"width":320,"height":320,"url":"https:\/\/nge.vn\/wp-content\/uploads\/2025\/08\/vn-11134207-7ras8-m1tj72i0x5fj42_tn.jpeg","type":"image\/jpeg"}],"twitter_card":"summary_large_image","twitter_misc":{"Est. reading time":"2 minutes"},"schema":{"@context":"https:\/\/schema.org","@graph":[{"@type":"WebPage","@id":"https:\/\/nge.vn\/san-pham\/cam-bien-soi-nhua-filament-detector-kit-cho-may-in-3d-creality-ender-3-v3-se-va-ender-3-v3-ke\/","url":"https:\/\/nge.vn\/san-pham\/cam-bien-soi-nhua-filament-detector-kit-cho-may-in-3d-creality-ender-3-v3-se-va-ender-3-v3-ke\/","name":"C\u1ea3m bi\u1ebfn s\u1ee3i nh\u1ef1a Filament Detector Kit cho m\u00e1y in 3d Creality Ender-3 V3 SE v\u00e0 Ender-3 V3 KE - NGE 3D Printers Services","isPartOf":{"@id":"https:\/\/nge.vn\/#website"},"primaryImageOfPage":{"@id":"https:\/\/nge.vn\/san-pham\/cam-bien-soi-nhua-filament-detector-kit-cho-may-in-3d-creality-ender-3-v3-se-va-ender-3-v3-ke\/#primaryimage"},"image":{"@id":"https:\/\/nge.vn\/san-pham\/cam-bien-soi-nhua-filament-detector-kit-cho-may-in-3d-creality-ender-3-v3-se-va-ender-3-v3-ke\/#primaryimage"},"thumbnailUrl":"https:\/\/nge.vn\/wp-content\/uploads\/2025\/08\/vn-11134207-7ras8-m1tj72i0x5fj42_tn.jpeg","datePublished":"2025-08-04T14:48:25+00:00","dateModified":"2025-08-04T14:48:26+00:00","description":"C\u1ea3m bi\u1ebfn s\u1ee3i nh\u1ef1a th\u00f4ng minh cho m\u00e1y in 3D Creality Ender-3 V3 SE v\u00e0 KE. T\u1ef1 \u0111\u1ed9ng ph\u00e1t hi\u1ec7n filament, b\u00e1o \u0111\u00e8n LED, d\u1ec5 l\u1eafp \u0111\u1eb7t, gi\u00fap in li\u00ean t\u1ee5c v\u00e0 \u1ed5n \u0111\u1ecbnh.","breadcrumb":{"@id":"https:\/\/nge.vn\/san-pham\/cam-bien-soi-nhua-filament-detector-kit-cho-may-in-3d-creality-ender-3-v3-se-va-ender-3-v3-ke\/#breadcrumb"},"inLanguage":"en-US","potentialAction":[{"@type":"ReadAction","target":["https:\/\/nge.vn\/san-pham\/cam-bien-soi-nhua-filament-detector-kit-cho-may-in-3d-creality-ender-3-v3-se-va-ender-3-v3-ke\/"]}]},{"@type":"ImageObject","inLanguage":"en-US","@id":"https:\/\/nge.vn\/san-pham\/cam-bien-soi-nhua-filament-detector-kit-cho-may-in-3d-creality-ender-3-v3-se-va-ender-3-v3-ke\/#primaryimage","url":"https:\/\/nge.vn\/wp-content\/uploads\/2025\/08\/vn-11134207-7ras8-m1tj72i0x5fj42_tn.jpeg","contentUrl":"https:\/\/nge.vn\/wp-content\/uploads\/2025\/08\/vn-11134207-7ras8-m1tj72i0x5fj42_tn.jpeg","width":320,"height":320,"caption":"filament detector"},{"@type":"BreadcrumbList","@id":"https:\/\/nge.vn\/san-pham\/cam-bien-soi-nhua-filament-detector-kit-cho-may-in-3d-creality-ender-3-v3-se-va-ender-3-v3-ke\/#breadcrumb","itemListElement":[{"@type":"ListItem","position":1,"name":"Trang ch\u1ee7","item":"https:\/\/nge.vn\/"},{"@type":"ListItem","position":2,"name":"S\u1ea3n ph\u1ea9m","item":"https:\/\/nge.vn\/san-pham\/"},{"@type":"ListItem","position":3,"name":"C\u1ea3m bi\u1ebfn s\u1ee3i nh\u1ef1a Filament Detector Kit cho m\u00e1y in 3d Creality Ender-3 V3 SE v\u00e0 Ender-3 V3 KE"}]},{"@type":"WebSite","@id":"https:\/\/nge.vn\/#website","url":"https:\/\/nge.vn\/","name":"NGE 3D Printers Services","description":"","potentialAction":[{"@type":"SearchAction","target":{"@type":"EntryPoint","urlTemplate":"https:\/\/nge.vn\/?s={search_term_string}"},"query-input":{"@type":"PropertyValueSpecification","valueRequired":true,"valueName":"search_term_string"}}],"inLanguage":"en-US"}]}},"_links":{"self":[{"href":"https:\/\/nge.vn\/en\/wp-json\/wp\/v2\/product\/6186","targetHints":{"allow":["GET"]}}],"collection":[{"href":"https:\/\/nge.vn\/en\/wp-json\/wp\/v2\/product"}],"about":[{"href":"https:\/\/nge.vn\/en\/wp-json\/wp\/v2\/types\/product"}],"replies":[{"embeddable":true,"href":"https:\/\/nge.vn\/en\/wp-json\/wp\/v2\/comments?post=6186"}],"wp:featuredmedia":[{"embeddable":true,"href":"https:\/\/nge.vn\/en\/wp-json\/wp\/v2\/media\/6187"}],"wp:attachment":[{"href":"https:\/\/nge.vn\/en\/wp-json\/wp\/v2\/media?parent=6186"}],"wp:term":[{"taxonomy":"product_brand","embeddable":true,"href":"https:\/\/nge.vn\/en\/wp-json\/wp\/v2\/product_brand?post=6186"},{"taxonomy":"product_cat","embeddable":true,"href":"https:\/\/nge.vn\/en\/wp-json\/wp\/v2\/product_cat?post=6186"},{"taxonomy":"product_tag","embeddable":true,"href":"https:\/\/nge.vn\/en\/wp-json\/wp\/v2\/product_tag?post=6186"}],"curies":[{"name":"wp","href":"https:\/\/api.w.org\/{rel}","templated":true}]}}