{"id":6180,"date":"2025-08-04T21:27:17","date_gmt":"2025-08-04T14:27:17","guid":{"rendered":"https:\/\/nge.vn\/?post_type=product&#038;p=6180"},"modified":"2025-08-04T21:27:18","modified_gmt":"2025-08-04T14:27:18","slug":"bo-ket-noi-connector-kit-cho-may-in-3d-creality-k2-plus","status":"publish","type":"product","link":"https:\/\/nge.vn\/en\/product\/bo-ket-noi-connector-kit-cho-may-in-3d-creality-k2-plus\/","title":{"rendered":"B\u1ed9 k\u1ebft n\u1ed1i Connector Kit cho m\u00e1y in 3d Creality K2 Plus"},"content":{"rendered":"<h3 data-start=\"118\" data-end=\"143\">\ud83e\uddfe <strong data-start=\"125\" data-end=\"143\">M\u00d4 T\u1ea2 S\u1ea2N PH\u1ea8M<\/strong><\/h3>\n<p data-start=\"145\" data-end=\"274\"><strong data-start=\"145\" data-end=\"204\">B\u1ed9 k\u1ebft n\u1ed1i Connector Kit cho m\u00e1y in 3D Creality K2 Plus<\/strong><br data-start=\"204\" data-end=\"207\" \/><strong data-start=\"207\" data-end=\"274\">Connector Accessory Kit_HBI59-1_Black_ABS_Pneumatic Connector_2<\/strong><\/p>\n<p data-start=\"276\" data-end=\"546\">B\u1ed9 ph\u1ee5 ki\u1ec7n k\u1ebft n\u1ed1i d\u00e0nh ri\u00eang cho d\u00f2ng m\u00e1y in 3D <strong data-start=\"326\" data-end=\"346\">Creality K2 Plus<\/strong>, gi\u00fap \u0111\u1ea3m b\u1ea3o k\u1ebft n\u1ed1i \u1ed1ng d\u1eabn kh\u00ed v\u00e0 d\u00e2y d\u1eabn \u1ed5n \u0111\u1ecbnh, ch\u1eafc ch\u1eafn v\u00e0 kh\u00f4ng r\u00f2 r\u1ec9. Thi\u1ebft k\u1ebf ch\u00ednh x\u00e1c, s\u1eed d\u1ee5ng ch\u1ea5t li\u1ec7u b\u1ec1n b\u1ec9, \u0111i k\u00e8m \u1ed1ng teflon \u0111\u1ed9 d\u00e0i ti\u00eau chu\u1ea9n, d\u1ec5 d\u00e0ng l\u1eafp \u0111\u1eb7t v\u00e0 thay th\u1ebf.<\/p>\n<h4 data-start=\"548\" data-end=\"573\">\ud83d\udd27 \u0110\u1eb7c \u0111i\u1ec3m n\u1ed5i b\u1eadt:<\/h4>\n<ul data-start=\"574\" data-end=\"761\">\n<li data-start=\"603\" data-end=\"641\">\n<p data-start=\"605\" data-end=\"641\">K\u1ebft n\u1ed1i kh\u00ed n\u00e9n ch\u1eafc ch\u1eafn, an to\u00e0n<\/p>\n<\/li>\n<li data-start=\"642\" data-end=\"681\">\n<p data-start=\"644\" data-end=\"681\">\u1ed0ng teflon ch\u1ecbu nhi\u1ec7t, ch\u1ed1ng \u0103n m\u00f2n<\/p>\n<\/li>\n<li data-start=\"682\" data-end=\"717\">\n<p data-start=\"684\" data-end=\"717\">D\u1ec5 th\u00e1o l\u1eafp, b\u1ea3o tr\u00ec thu\u1eadn ti\u1ec7n<\/p>\n<\/li>\n<li data-start=\"718\" data-end=\"761\">\n<p data-start=\"720\" data-end=\"761\">Ph\u00f9 h\u1ee3p cho d\u00f2ng m\u00e1y <strong data-start=\"741\" data-end=\"761\">Creality K2 Plus<\/strong><\/p>\n<\/li>\n<\/ul>\n<hr data-start=\"763\" data-end=\"766\" \/>\n<h3 data-start=\"768\" data-end=\"797\">\ud83d\udce6 <strong data-start=\"775\" data-end=\"797\">Th\u00f4ng s\u1ed1 s\u1ea3n ph\u1ea9m:<\/strong><\/h3>\n<ul data-start=\"798\" data-end=\"926\">\n<li data-start=\"798\" data-end=\"822\">\n<p data-start=\"800\" data-end=\"822\"><strong data-start=\"800\" data-end=\"816\">Tr\u1ecdng l\u01b0\u1ee3ng:<\/strong> 24g<\/p>\n<\/li>\n<li data-start=\"823\" data-end=\"866\">\n<p data-start=\"825\" data-end=\"866\"><strong data-start=\"825\" data-end=\"849\">K\u00edch th\u01b0\u1edbc \u0111\u00f3ng g\u00f3i:<\/strong> 15 \u00d7 15 \u00d7 1 cm<\/p>\n<\/li>\n<li data-start=\"867\" data-end=\"896\">\n<p data-start=\"869\" data-end=\"896\"><strong data-start=\"869\" data-end=\"884\">\u1ed0ng teflon:<\/strong> d\u00e0i 675mm<\/p>\n<\/li>\n<li data-start=\"897\" data-end=\"926\">\n<p data-start=\"899\" data-end=\"926\"><strong data-start=\"899\" data-end=\"915\">Connector Kit:<\/strong> 4004010261<\/p>\n<\/li>\n<\/ul>\n<blockquote class=\"wp-embedded-content\" data-secret=\"4JmGo7bqZe\"><p><a href=\"https:\/\/nge.vn\/en\/product\/may-in-3d-nhieu-mau-creality-k2-plus-kho-in-35x35x35cm\/\">M\u00e1y in 3d nhi\u1ec1u m\u00e0u Creality K2 Plus kh\u1ed5 in 35*35*35cm<\/a><\/p><\/blockquote>\n<p><iframe loading=\"lazy\" class=\"wp-embedded-content\" sandbox=\"allow-scripts\" security=\"restricted\" style=\"position: absolute; visibility: hidden;\" title=\"&#8220;M\u00e1y in 3d nhi\u1ec1u m\u00e0u Creality K2 Plus kh\u1ed5 in 35*35*35cm&#8221; &#8212; NGE 3D Printers Services\" src=\"https:\/\/nge.vn\/san-pham\/may-in-3d-nhieu-mau-creality-k2-plus-kho-in-35x35x35cm\/embed\/#?secret=BJcEzuOetQ#?secret=4JmGo7bqZe\" data-secret=\"4JmGo7bqZe\" width=\"600\" height=\"338\" frameborder=\"0\" marginwidth=\"0\" marginheight=\"0\" scrolling=\"no\"><\/iframe><\/p>\n<p>&#8211; \u0110\u00e2y l\u00e0 c\u00e1c trang b\u00e1n h\u00e0ng b\u00ean m\u00ecnh NGE 3D Printer Services chuy\u00ean cung c\u1ea5p Nh\u1ef1a in 3D v\u00e0 M\u00e1y in 3D c\u1ee7a H\u00e3ng ESUN, Flsun, BIQU, Creality, eMake3d&#8230;<br \/>\n\ud83d\uded2Shopee =&gt; https:\/\/shopee.vn\/nge3dprinter<br \/>\n\ud83d\uded2Shopee =&gt; https:\/\/shopee.vn\/nge3dservices<br \/>\n\ud83d\uded2Shopee Voron v\u00e0 eMake3D =&gt; https:\/\/shopee.vn\/3dmasterpower<br \/>\n\ud83d\uded2Shopee eMake3D =&gt; https:\/\/shopee.vn\/nge3dprinting<br \/>\n\ud83d\uded2Lazada =&gt; https:\/\/www.lazada.vn\/shop\/nge-3d-printer<br \/>\n\ud83d\uded2Lazada =&gt; https:\/\/www.lazada.vn\/shop\/nge-3d-printer-services<br \/>\n\ud83d\uded2Lazada =&gt; https:\/\/www.lazada.vn\/shop\/emake3d-vn<br \/>\n\ud83d\uded2Webslite Th\u1ebf H\u1ec7 K\u1ebf Ti\u1ebfp =&gt;https:\/\/www.theheketiep.com\/<br \/>\n\ud83d\uded2Webslite NGE.VN =&gt;https:\/\/www.nge.vn\/<br \/>\nHo\u1eb7c b\u1ea1n g\u1ecdi 094.144.0951 g\u1eb7p m\u00ecnh<br \/>\nHo\u1eb7c 0913939775 g\u1eb7p anh Qu\u00e2n<br \/>\n** Price does not include VAT (+8 or 10% if VAT invoice is issued)<\/p>","protected":false},"excerpt":{"rendered":"<p data-start=\"1048\" data-end=\"1216\">B\u1ed9 k\u1ebft n\u1ed1i Connector Kit cho m\u00e1y in 3D Creality K2 Plus v\u1edbi ch\u1ea5t li\u1ec7u b\u1ec1n ch\u1eafc, k\u1ebft n\u1ed1i kh\u00ed n\u00e9n \u1ed5n \u0111\u1ecbnh, \u0111i k\u00e8m \u1ed1ng teflon d\u00e0i 675mm. D\u1ec5 d\u00e0ng l\u1eafp \u0111\u1eb7t v\u00e0 thay th\u1ebf.<\/p>","protected":false},"featured_media":6181,"comment_status":"open","ping_status":"closed","template":"","meta":{"inline_featured_image":false},"product_brand":[],"product_cat":[40,56],"product_tag":[795,753,495,794,663,659],"class_list":{"0":"post-6180","1":"product","2":"type-product","3":"status-publish","4":"has-post-thumbnail","6":"product_cat-linh-kien-va-phu-kien","7":"product_cat-linh-phu-kien-may-in-3d-creality","8":"product_tag-3dprinteraccessories","9":"product_tag-3dprintingvietnam","10":"product_tag-creality","11":"product_tag-crealityk2plus","12":"product_tag-nge3d","13":"product_tag-phukienmayin3d","15":"first","16":"instock","17":"taxable","18":"shipping-taxable","19":"purchasable","20":"product-type-simple"},"yoast_head":"<!-- This site is optimized with the Yoast SEO Premium plugin v22.8 (Yoast SEO v26.9) - https:\/\/yoast.com\/product\/yoast-seo-premium-wordpress\/ -->\n<title>B\u1ed9 k\u1ebft n\u1ed1i Connector Kit cho m\u00e1y in 3d Creality K2 Plus - NGE 3D Printers Services<\/title>\n<meta name=\"description\" content=\"B\u1ed9 k\u1ebft n\u1ed1i Connector Kit cho m\u00e1y in 3D Creality K2 Plus v\u1edbi ch\u1ea5t li\u1ec7u b\u1ec1n, k\u1ebft n\u1ed1i \u1ed5n \u0111\u1ecbnh, \u0111i k\u00e8m \u1ed1ng teflon d\u00e0i 675mm. D\u1ec5 d\u00e0ng l\u1eafp \u0111\u1eb7t v\u00e0 thay th\u1ebf.\" \/>\n<meta name=\"robots\" content=\"index, follow, max-snippet:-1, max-image-preview:large, max-video-preview:-1\" \/>\n<link rel=\"canonical\" href=\"https:\/\/nge.vn\/en\/product\/bo-ket-noi-connector-kit-cho-may-in-3d-creality-k2-plus\/\" \/>\n<meta property=\"og:locale\" content=\"en_US\" \/>\n<meta property=\"og:type\" content=\"article\" \/>\n<meta property=\"og:title\" content=\"B\u1ed9 k\u1ebft n\u1ed1i Connector Kit cho m\u00e1y in 3d Creality K2 Plus\" \/>\n<meta property=\"og:description\" content=\"B\u1ed9 k\u1ebft n\u1ed1i Connector Kit cho m\u00e1y in 3D Creality K2 Plus v\u1edbi ch\u1ea5t li\u1ec7u b\u1ec1n, k\u1ebft n\u1ed1i \u1ed5n \u0111\u1ecbnh, \u0111i k\u00e8m \u1ed1ng teflon d\u00e0i 675mm. D\u1ec5 d\u00e0ng l\u1eafp \u0111\u1eb7t v\u00e0 thay th\u1ebf.\" \/>\n<meta property=\"og:url\" content=\"https:\/\/nge.vn\/en\/product\/bo-ket-noi-connector-kit-cho-may-in-3d-creality-k2-plus\/\" \/>\n<meta property=\"og:site_name\" content=\"NGE 3D Printers Services\" \/>\n<meta property=\"article:modified_time\" content=\"2025-08-04T14:27:18+00:00\" \/>\n<meta property=\"og:image\" content=\"https:\/\/nge.vn\/wp-content\/uploads\/2025\/08\/vn-11134207-7ras8-m41nn03ovahbb2_tn.jpeg\" \/>\n\t<meta property=\"og:image:width\" content=\"320\" \/>\n\t<meta property=\"og:image:height\" content=\"320\" \/>\n\t<meta property=\"og:image:type\" content=\"image\/jpeg\" \/>\n<meta name=\"twitter:card\" content=\"summary_large_image\" \/>\n<meta name=\"twitter:label1\" content=\"Est. reading time\" \/>\n\t<meta name=\"twitter:data1\" content=\"2 minutes\" \/>\n<script type=\"application\/ld+json\" class=\"yoast-schema-graph\">{\"@context\":\"https:\/\/schema.org\",\"@graph\":[{\"@type\":\"WebPage\",\"@id\":\"https:\/\/nge.vn\/san-pham\/bo-ket-noi-connector-kit-cho-may-in-3d-creality-k2-plus\/\",\"url\":\"https:\/\/nge.vn\/san-pham\/bo-ket-noi-connector-kit-cho-may-in-3d-creality-k2-plus\/\",\"name\":\"B\u1ed9 k\u1ebft n\u1ed1i Connector Kit cho m\u00e1y in 3d Creality K2 Plus - NGE 3D Printers Services\",\"isPartOf\":{\"@id\":\"https:\/\/nge.vn\/#website\"},\"primaryImageOfPage\":{\"@id\":\"https:\/\/nge.vn\/san-pham\/bo-ket-noi-connector-kit-cho-may-in-3d-creality-k2-plus\/#primaryimage\"},\"image\":{\"@id\":\"https:\/\/nge.vn\/san-pham\/bo-ket-noi-connector-kit-cho-may-in-3d-creality-k2-plus\/#primaryimage\"},\"thumbnailUrl\":\"https:\/\/nge.vn\/wp-content\/uploads\/2025\/08\/vn-11134207-7ras8-m41nn03ovahbb2_tn.jpeg\",\"datePublished\":\"2025-08-04T14:27:17+00:00\",\"dateModified\":\"2025-08-04T14:27:18+00:00\",\"description\":\"B\u1ed9 k\u1ebft n\u1ed1i Connector Kit cho m\u00e1y in 3D Creality K2 Plus v\u1edbi ch\u1ea5t li\u1ec7u b\u1ec1n, k\u1ebft n\u1ed1i \u1ed5n \u0111\u1ecbnh, \u0111i k\u00e8m \u1ed1ng teflon d\u00e0i 675mm. D\u1ec5 d\u00e0ng l\u1eafp \u0111\u1eb7t v\u00e0 thay th\u1ebf.\",\"breadcrumb\":{\"@id\":\"https:\/\/nge.vn\/san-pham\/bo-ket-noi-connector-kit-cho-may-in-3d-creality-k2-plus\/#breadcrumb\"},\"inLanguage\":\"en-US\",\"potentialAction\":[{\"@type\":\"ReadAction\",\"target\":[\"https:\/\/nge.vn\/san-pham\/bo-ket-noi-connector-kit-cho-may-in-3d-creality-k2-plus\/\"]}]},{\"@type\":\"ImageObject\",\"inLanguage\":\"en-US\",\"@id\":\"https:\/\/nge.vn\/san-pham\/bo-ket-noi-connector-kit-cho-may-in-3d-creality-k2-plus\/#primaryimage\",\"url\":\"https:\/\/nge.vn\/wp-content\/uploads\/2025\/08\/vn-11134207-7ras8-m41nn03ovahbb2_tn.jpeg\",\"contentUrl\":\"https:\/\/nge.vn\/wp-content\/uploads\/2025\/08\/vn-11134207-7ras8-m41nn03ovahbb2_tn.jpeg\",\"width\":320,\"height\":320,\"caption\":\"k2 plus connector\"},{\"@type\":\"BreadcrumbList\",\"@id\":\"https:\/\/nge.vn\/san-pham\/bo-ket-noi-connector-kit-cho-may-in-3d-creality-k2-plus\/#breadcrumb\",\"itemListElement\":[{\"@type\":\"ListItem\",\"position\":1,\"name\":\"Trang ch\u1ee7\",\"item\":\"https:\/\/nge.vn\/\"},{\"@type\":\"ListItem\",\"position\":2,\"name\":\"S\u1ea3n ph\u1ea9m\",\"item\":\"https:\/\/nge.vn\/san-pham\/\"},{\"@type\":\"ListItem\",\"position\":3,\"name\":\"B\u1ed9 k\u1ebft n\u1ed1i Connector Kit cho m\u00e1y in 3d Creality K2 Plus\"}]},{\"@type\":\"WebSite\",\"@id\":\"https:\/\/nge.vn\/#website\",\"url\":\"https:\/\/nge.vn\/\",\"name\":\"NGE 3D Printers Services\",\"description\":\"\",\"potentialAction\":[{\"@type\":\"SearchAction\",\"target\":{\"@type\":\"EntryPoint\",\"urlTemplate\":\"https:\/\/nge.vn\/?s={search_term_string}\"},\"query-input\":{\"@type\":\"PropertyValueSpecification\",\"valueRequired\":true,\"valueName\":\"search_term_string\"}}],\"inLanguage\":\"en-US\"}]}<\/script>\n<!-- \/ Yoast SEO Premium plugin. -->","yoast_head_json":{"title":"B\u1ed9 k\u1ebft n\u1ed1i Connector Kit cho m\u00e1y in 3d Creality K2 Plus - NGE 3D Printers Services","description":"B\u1ed9 k\u1ebft n\u1ed1i Connector Kit cho m\u00e1y in 3D Creality K2 Plus v\u1edbi ch\u1ea5t li\u1ec7u b\u1ec1n, k\u1ebft n\u1ed1i \u1ed5n \u0111\u1ecbnh, \u0111i k\u00e8m \u1ed1ng teflon d\u00e0i 675mm. D\u1ec5 d\u00e0ng l\u1eafp \u0111\u1eb7t v\u00e0 thay th\u1ebf.","robots":{"index":"index","follow":"follow","max-snippet":"max-snippet:-1","max-image-preview":"max-image-preview:large","max-video-preview":"max-video-preview:-1"},"canonical":"https:\/\/nge.vn\/en\/product\/bo-ket-noi-connector-kit-cho-may-in-3d-creality-k2-plus\/","og_locale":"en_US","og_type":"article","og_title":"B\u1ed9 k\u1ebft n\u1ed1i Connector Kit cho m\u00e1y in 3d Creality K2 Plus","og_description":"B\u1ed9 k\u1ebft n\u1ed1i Connector Kit cho m\u00e1y in 3D Creality K2 Plus v\u1edbi ch\u1ea5t li\u1ec7u b\u1ec1n, k\u1ebft n\u1ed1i \u1ed5n \u0111\u1ecbnh, \u0111i k\u00e8m \u1ed1ng teflon d\u00e0i 675mm. D\u1ec5 d\u00e0ng l\u1eafp \u0111\u1eb7t v\u00e0 thay th\u1ebf.","og_url":"https:\/\/nge.vn\/en\/product\/bo-ket-noi-connector-kit-cho-may-in-3d-creality-k2-plus\/","og_site_name":"NGE 3D Printers Services","article_modified_time":"2025-08-04T14:27:18+00:00","og_image":[{"width":320,"height":320,"url":"https:\/\/nge.vn\/wp-content\/uploads\/2025\/08\/vn-11134207-7ras8-m41nn03ovahbb2_tn.jpeg","type":"image\/jpeg"}],"twitter_card":"summary_large_image","twitter_misc":{"Est. reading time":"2 minutes"},"schema":{"@context":"https:\/\/schema.org","@graph":[{"@type":"WebPage","@id":"https:\/\/nge.vn\/san-pham\/bo-ket-noi-connector-kit-cho-may-in-3d-creality-k2-plus\/","url":"https:\/\/nge.vn\/san-pham\/bo-ket-noi-connector-kit-cho-may-in-3d-creality-k2-plus\/","name":"B\u1ed9 k\u1ebft n\u1ed1i Connector Kit cho m\u00e1y in 3d Creality K2 Plus - NGE 3D Printers Services","isPartOf":{"@id":"https:\/\/nge.vn\/#website"},"primaryImageOfPage":{"@id":"https:\/\/nge.vn\/san-pham\/bo-ket-noi-connector-kit-cho-may-in-3d-creality-k2-plus\/#primaryimage"},"image":{"@id":"https:\/\/nge.vn\/san-pham\/bo-ket-noi-connector-kit-cho-may-in-3d-creality-k2-plus\/#primaryimage"},"thumbnailUrl":"https:\/\/nge.vn\/wp-content\/uploads\/2025\/08\/vn-11134207-7ras8-m41nn03ovahbb2_tn.jpeg","datePublished":"2025-08-04T14:27:17+00:00","dateModified":"2025-08-04T14:27:18+00:00","description":"B\u1ed9 k\u1ebft n\u1ed1i Connector Kit cho m\u00e1y in 3D Creality K2 Plus v\u1edbi ch\u1ea5t li\u1ec7u b\u1ec1n, k\u1ebft n\u1ed1i \u1ed5n \u0111\u1ecbnh, \u0111i k\u00e8m \u1ed1ng teflon d\u00e0i 675mm. D\u1ec5 d\u00e0ng l\u1eafp \u0111\u1eb7t v\u00e0 thay th\u1ebf.","breadcrumb":{"@id":"https:\/\/nge.vn\/san-pham\/bo-ket-noi-connector-kit-cho-may-in-3d-creality-k2-plus\/#breadcrumb"},"inLanguage":"en-US","potentialAction":[{"@type":"ReadAction","target":["https:\/\/nge.vn\/san-pham\/bo-ket-noi-connector-kit-cho-may-in-3d-creality-k2-plus\/"]}]},{"@type":"ImageObject","inLanguage":"en-US","@id":"https:\/\/nge.vn\/san-pham\/bo-ket-noi-connector-kit-cho-may-in-3d-creality-k2-plus\/#primaryimage","url":"https:\/\/nge.vn\/wp-content\/uploads\/2025\/08\/vn-11134207-7ras8-m41nn03ovahbb2_tn.jpeg","contentUrl":"https:\/\/nge.vn\/wp-content\/uploads\/2025\/08\/vn-11134207-7ras8-m41nn03ovahbb2_tn.jpeg","width":320,"height":320,"caption":"k2 plus connector"},{"@type":"BreadcrumbList","@id":"https:\/\/nge.vn\/san-pham\/bo-ket-noi-connector-kit-cho-may-in-3d-creality-k2-plus\/#breadcrumb","itemListElement":[{"@type":"ListItem","position":1,"name":"Trang ch\u1ee7","item":"https:\/\/nge.vn\/"},{"@type":"ListItem","position":2,"name":"S\u1ea3n ph\u1ea9m","item":"https:\/\/nge.vn\/san-pham\/"},{"@type":"ListItem","position":3,"name":"B\u1ed9 k\u1ebft n\u1ed1i Connector Kit cho m\u00e1y in 3d Creality K2 Plus"}]},{"@type":"WebSite","@id":"https:\/\/nge.vn\/#website","url":"https:\/\/nge.vn\/","name":"NGE 3D Printers Services","description":"","potentialAction":[{"@type":"SearchAction","target":{"@type":"EntryPoint","urlTemplate":"https:\/\/nge.vn\/?s={search_term_string}"},"query-input":{"@type":"PropertyValueSpecification","valueRequired":true,"valueName":"search_term_string"}}],"inLanguage":"en-US"}]}},"_links":{"self":[{"href":"https:\/\/nge.vn\/en\/wp-json\/wp\/v2\/product\/6180","targetHints":{"allow":["GET"]}}],"collection":[{"href":"https:\/\/nge.vn\/en\/wp-json\/wp\/v2\/product"}],"about":[{"href":"https:\/\/nge.vn\/en\/wp-json\/wp\/v2\/types\/product"}],"replies":[{"embeddable":true,"href":"https:\/\/nge.vn\/en\/wp-json\/wp\/v2\/comments?post=6180"}],"wp:featuredmedia":[{"embeddable":true,"href":"https:\/\/nge.vn\/en\/wp-json\/wp\/v2\/media\/6181"}],"wp:attachment":[{"href":"https:\/\/nge.vn\/en\/wp-json\/wp\/v2\/media?parent=6180"}],"wp:term":[{"taxonomy":"product_brand","embeddable":true,"href":"https:\/\/nge.vn\/en\/wp-json\/wp\/v2\/product_brand?post=6180"},{"taxonomy":"product_cat","embeddable":true,"href":"https:\/\/nge.vn\/en\/wp-json\/wp\/v2\/product_cat?post=6180"},{"taxonomy":"product_tag","embeddable":true,"href":"https:\/\/nge.vn\/en\/wp-json\/wp\/v2\/product_tag?post=6180"}],"curies":[{"name":"wp","href":"https:\/\/api.w.org\/{rel}","templated":true}]}}