{"id":6154,"date":"2025-08-04T21:27:40","date_gmt":"2025-08-04T14:27:40","guid":{"rendered":"https:\/\/nge.vn\/?post_type=product&#038;p=6154"},"modified":"2025-08-04T21:27:41","modified_gmt":"2025-08-04T14:27:41","slug":"nhua-in-3d-esun-easa-chong-tia-uv-do-ben-cao","status":"publish","type":"product","link":"https:\/\/nge.vn\/en\/product\/nhua-in-3d-esun-easa-chong-tia-uv-do-ben-cao\/","title":{"rendered":"Nh\u1ef1a in 3d eSun eASA+ ch\u1ed1ng tia UV, \u0111\u1ed9 b\u1ec1n cao"},"content":{"rendered":"<h2 data-start=\"145\" data-end=\"232\">\ud83c\udf24\ufe0f <strong data-start=\"152\" data-end=\"232\">Nh\u1ef1a In 3D eSun eASA+ \u2013 Ch\u1ed1ng Tia UV, Ch\u1ecbu Th\u1eddi Ti\u1ebft T\u1ed1t, B\u1ec1n Cao \u2013 Cu\u1ed9n 1KG<\/strong><\/h2>\n<p data-start=\"234\" data-end=\"682\"><strong data-start=\"234\" data-end=\"252\">M\u00f4 t\u1ea3 s\u1ea3n ph\u1ea9m<\/strong><br data-start=\"252\" data-end=\"255\" \/>eASA+ l\u00e0 d\u00f2ng v\u1eadt li\u1ec7u in 3D ch\u1ea5t l\u01b0\u1ee3ng cao c\u1ee7a eSun, \u0111\u01b0\u1ee3c ph\u00e1t tri\u1ec3n d\u1ef1a tr\u00ean n\u1ec1n t\u1ea3ng ASA truy\u1ec1n th\u1ed1ng nh\u01b0ng c\u1ea3i ti\u1ebfn v\u01b0\u1ee3t tr\u1ed9i v\u1edbi kh\u1ea3 n\u0103ng <strong data-start=\"398\" data-end=\"414\">ch\u1ed1ng tia UV<\/strong>, <strong data-start=\"416\" data-end=\"446\">ch\u1ecbu th\u1eddi ti\u1ebft kh\u1eafc nghi\u1ec7t<\/strong>, \u0111\u1ed3ng th\u1eddi v\u1eabn gi\u1eef \u0111\u01b0\u1ee3c \u0111\u1ed9 <strong data-start=\"474\" data-end=\"516\">b\u1ec1n, c\u1ee9ng v\u00e0 kh\u1ea3 n\u0103ng ch\u1ed1ng va \u0111\u1eadp cao<\/strong> nh\u01b0 ABS. V\u1edbi kh\u1ea3 n\u0103ng ch\u1ed1ng l\u00e3o h\u00f3a do m\u00f4i tr\u01b0\u1eddng, \u0111\u00e2y l\u00e0 l\u1ef1a ch\u1ecdn l\u00fd t\u01b0\u1edfng cho c\u00e1c \u1ee9ng d\u1ee5ng <strong data-start=\"610\" data-end=\"624\">ngo\u00e0i tr\u1eddi<\/strong>, <strong data-start=\"626\" data-end=\"636\">xe h\u01a1i<\/strong>, ho\u1eb7c <strong data-start=\"643\" data-end=\"681\">c\u00e1c thi\u1ebft b\u1ecb \u0111i\u1ec7n t\u1eed b\u1ec1n th\u1eddi ti\u1ebft<\/strong>.<\/p>\n<hr data-start=\"684\" data-end=\"687\" \/>\n<h3 data-start=\"689\" data-end=\"716\">\u2705 <strong data-start=\"695\" data-end=\"716\">T\u00ednh n\u0103ng n\u1ed5i b\u1eadt<\/strong><\/h3>\n<p data-start=\"718\" data-end=\"763\">\ud83d\udd39 <strong data-start=\"721\" data-end=\"761\">Ch\u1ed1ng tia UV &amp; th\u1eddi ti\u1ebft kh\u1eafc nghi\u1ec7t<\/strong><\/p>\n<ul data-start=\"764\" data-end=\"852\">\n<li data-start=\"764\" data-end=\"812\">\n<p data-start=\"766\" data-end=\"812\">Kh\u00f4ng b\u1ecb phai m\u00e0u hay gi\u00f2n g\u00e3y d\u01b0\u1edbi \u00e1nh n\u1eafng<\/p>\n<\/li>\n<li data-start=\"813\" data-end=\"852\">\n<p data-start=\"815\" data-end=\"852\">Ch\u1ed1ng l\u00e3o h\u00f3a hi\u1ec7u qu\u1ea3 theo th\u1eddi gian<\/p>\n<\/li>\n<\/ul>\n<p data-start=\"854\" data-end=\"880\">\ud83d\udd39 <strong data-start=\"857\" data-end=\"878\">C\u01a1 t\u00ednh v\u01b0\u1ee3t tr\u1ed9i<\/strong><\/p>\n<ul data-start=\"881\" data-end=\"971\">\n<li data-start=\"881\" data-end=\"912\">\n<p data-start=\"883\" data-end=\"912\">\u0110\u1ed9 b\u1ec1n, \u0111\u1ed9 c\u1ee9ng cao h\u01a1n ABS<\/p>\n<\/li>\n<li data-start=\"913\" data-end=\"971\">\n<p data-start=\"915\" data-end=\"971\">Kh\u1ea3 n\u0103ng ch\u1ed1ng va \u0111\u1eadp t\u1ed1t, in \u0111\u01b0\u1ee3c c\u00e1c chi ti\u1ebft k\u1ef9 thu\u1eadt<\/p>\n<\/li>\n<\/ul>\n<p data-start=\"973\" data-end=\"1006\">\ud83d\udd39 <strong data-start=\"976\" data-end=\"1004\">\u1ed4n \u0111\u1ecbnh h\u00ecnh d\u1ea1ng khi in<\/strong><\/p>\n<ul data-start=\"1007\" data-end=\"1103\">\n<li data-start=\"1007\" data-end=\"1057\">\n<p data-start=\"1009\" data-end=\"1057\">\u0110\u1ed9 co r\u00fat th\u1ea5p h\u01a1n ABS, d\u1ec5 ki\u1ec3m so\u00e1t bi\u1ebfn d\u1ea1ng<\/p>\n<\/li>\n<li data-start=\"1058\" data-end=\"1103\">\n<p data-start=\"1060\" data-end=\"1103\">In \u1ed5n \u0111\u1ecbnh, \u00edt cong v\u00eanh khi in m\u00f4 h\u00ecnh l\u1edbn<\/p>\n<\/li>\n<\/ul>\n<p data-start=\"1105\" data-end=\"1147\">\ud83d\udd39 <strong data-start=\"1108\" data-end=\"1145\">Th\u00edch h\u1ee3p cho \u1ee9ng d\u1ee5ng ngo\u00e0i tr\u1eddi<\/strong><\/p>\n<ul data-start=\"1148\" data-end=\"1242\">\n<li data-start=\"1148\" data-end=\"1202\">\n<p data-start=\"1150\" data-end=\"1202\">B\u1ec1n v\u1eefng l\u00e2u d\u00e0i v\u1edbi m\u01b0a, n\u1eafng, nhi\u1ec7t \u0111\u1ed9 bi\u1ebfn \u0111\u1ed9ng<\/p>\n<\/li>\n<li data-start=\"1203\" data-end=\"1242\">\n<p data-start=\"1205\" data-end=\"1242\">Kh\u00f4ng c\u1ea7n s\u01a1n ph\u1ee7 ho\u1eb7c b\u1ea3o v\u1ec7 b\u1ed5 sung<\/p>\n<\/li>\n<\/ul>\n<hr data-start=\"1244\" data-end=\"1247\" \/>\n<h3 data-start=\"1249\" data-end=\"1277\">\ud83d\udce6 <strong data-start=\"1256\" data-end=\"1277\">Th\u00f4ng s\u1ed1 s\u1ea3n ph\u1ea9m<\/strong><\/h3>\n<ul data-start=\"1278\" data-end=\"1542\">\n<li data-start=\"1278\" data-end=\"1303\">\n<p data-start=\"1280\" data-end=\"1303\">Th\u01b0\u01a1ng hi\u1ec7u: <strong data-start=\"1293\" data-end=\"1301\">eSun<\/strong><\/p>\n<\/li>\n<li data-start=\"1304\" data-end=\"1332\">\n<p data-start=\"1306\" data-end=\"1332\">D\u00f2ng s\u1ea3n ph\u1ea9m: <strong data-start=\"1321\" data-end=\"1330\">eASA+<\/strong><\/p>\n<\/li>\n<li data-start=\"1333\" data-end=\"1363\">\n<p data-start=\"1335\" data-end=\"1363\">Kh\u1ed1i l\u01b0\u1ee3ng: <strong data-start=\"1347\" data-end=\"1361\">1kg \/ cu\u1ed9n<\/strong><\/p>\n<\/li>\n<li data-start=\"1364\" data-end=\"1391\">\n<p data-start=\"1366\" data-end=\"1391\">\u0110\u01b0\u1eddng k\u00ednh s\u1ee3i: \u00d81.75mm<\/p>\n<\/li>\n<li data-start=\"1392\" data-end=\"1412\">\n<p data-start=\"1394\" data-end=\"1412\">M\u00e0u s\u1eafc: \u0110a d\u1ea1ng<\/p>\n<\/li>\n<li data-start=\"1413\" data-end=\"1447\">\n<p data-start=\"1415\" data-end=\"1447\">Nhi\u1ec7t \u0111\u1ed9 in \u0111\u1ec1 xu\u1ea5t: 240\u2013260\u00b0C<\/p>\n<\/li>\n<li data-start=\"1448\" data-end=\"1477\">\n<p data-start=\"1450\" data-end=\"1477\">Nhi\u1ec7t \u0111\u1ed9 b\u00e0n in: 90\u2013110\u00b0C<\/p>\n<\/li>\n<li data-start=\"1478\" data-end=\"1498\">\n<p data-start=\"1480\" data-end=\"1498\">\u0110\u1ed9 ch\u1ecbu l\u1ef1c: Cao<\/p>\n<\/li>\n<li data-start=\"1499\" data-end=\"1515\">\n<p data-start=\"1501\" data-end=\"1515\">Kh\u00e1ng UV: C\u00f3<\/p>\n<\/li>\n<li data-start=\"1516\" data-end=\"1542\">\n<p data-start=\"1518\" data-end=\"1542\">Kh\u00e1ng th\u1eddi ti\u1ebft: R\u1ea5t t\u1ed1t<\/p>\n<\/li>\n<\/ul>\n<hr data-start=\"1544\" data-end=\"1547\" \/>\n<p data-start=\"1549\" data-end=\"1577\">\ud83d\udca1 <strong data-start=\"1552\" data-end=\"1575\">\u1ee8ng d\u1ee5ng ti\u00eau bi\u1ec3u:<\/strong><\/p>\n<ul data-start=\"1578\" data-end=\"1786\">\n<li data-start=\"1578\" data-end=\"1614\">\n<p data-start=\"1580\" data-end=\"1614\">V\u1eadt li\u1ec7u <strong data-start=\"1589\" data-end=\"1612\">x\u00e2y d\u1ef1ng ngo\u00e0i tr\u1eddi<\/strong><\/p>\n<\/li>\n<li data-start=\"1615\" data-end=\"1652\">\n<p data-start=\"1617\" data-end=\"1652\"><strong data-start=\"1617\" data-end=\"1637\">Linh ki\u1ec7n xe h\u01a1i<\/strong>, b\u1ed9 ph\u1eadn m\u00e1y<\/p>\n<\/li>\n<li data-start=\"1653\" data-end=\"1700\">\n<p data-start=\"1655\" data-end=\"1700\"><strong data-start=\"1655\" data-end=\"1678\">V\u1ecf thi\u1ebft b\u1ecb \u0111i\u1ec7n t\u1eed<\/strong> ch\u1ecbu nhi\u1ec7t, ch\u1ecbu UV<\/p>\n<\/li>\n<li data-start=\"1701\" data-end=\"1749\">\n<p data-start=\"1703\" data-end=\"1749\">M\u00f4 h\u00ecnh d\u00f9ng <strong data-start=\"1716\" data-end=\"1747\">trong m\u00f4i tr\u01b0\u1eddng n\u1eafng \u2013 m\u01b0a<\/strong><\/p>\n<\/li>\n<li data-start=\"1750\" data-end=\"1786\">\n<p data-start=\"1752\" data-end=\"1786\">D\u1ee5ng c\u1ee5 k\u1ef9 thu\u1eadt, chi ti\u1ebft l\u1eafp r\u00e1p<\/p>\n<\/li>\n<\/ul>\n<blockquote class=\"wp-embedded-content\" data-secret=\"Mg3nX2onDU\"><p><a href=\"https:\/\/nge.vn\/en\/product\/may-in-3d-creality-ender-3-v3-se-do-chinh-xac-va-toc-do-cao-250mm-s\/\">M\u00e1y in 3d Creality Ender 3 V3 SE \u0111\u1ed9 ch\u00ednh x\u00e1c v\u00e0 t\u1ed1c \u0111\u1ed9 cao 250mm\/s<\/a><\/p><\/blockquote>\n<p><iframe loading=\"lazy\" class=\"wp-embedded-content\" sandbox=\"allow-scripts\" security=\"restricted\" style=\"position: absolute; visibility: hidden;\" title=\"&#8220;M\u00e1y in 3d Creality Ender 3 V3 SE \u0111\u1ed9 ch\u00ednh x\u00e1c v\u00e0 t\u1ed1c \u0111\u1ed9 cao 250mm\/s&#8221; &#8212; NGE 3D Printers Services\" src=\"https:\/\/nge.vn\/san-pham\/may-in-3d-creality-ender-3-v3-se-do-chinh-xac-va-toc-do-cao-250mm-s\/embed\/#?secret=3d9feZXKeA#?secret=Mg3nX2onDU\" data-secret=\"Mg3nX2onDU\" width=\"600\" height=\"338\" frameborder=\"0\" marginwidth=\"0\" marginheight=\"0\" scrolling=\"no\"><\/iframe><\/p>\n<p>-\u0110\u00e2y l\u00e0 c\u00e1c trang b\u00e1n h\u00e0ng b\u00ean m\u00ecnh NGE 3D Printer Services chuy\u00ean cung c\u1ea5p Nh\u1ef1a in 3D v\u00e0 M\u00e1y in 3D c\u1ee7a H\u00e3ng ESUN, Flsun, BIQU, Creality, eMake3d&#8230;<br \/>\n\ud83d\uded2Shopee =&gt; https:\/\/shopee.vn\/nge3dprinter<br \/>\n\ud83d\uded2Shopee =&gt; https:\/\/shopee.vn\/nge3dservices<br \/>\n\ud83d\uded2Shopee Voron v\u00e0 eMake3D =&gt; https:\/\/shopee.vn\/3dmasterpower<br \/>\n\ud83d\uded2Shopee eMake3D =&gt; https:\/\/shopee.vn\/nge3dprinting<br \/>\n\ud83d\uded2Lazada =&gt; https:\/\/www.lazada.vn\/shop\/nge-3d-printer<br \/>\n\ud83d\uded2Lazada =&gt; https:\/\/www.lazada.vn\/shop\/nge-3d-printer-services<br \/>\n\ud83d\uded2Lazada =&gt; https:\/\/www.lazada.vn\/shop\/emake3d-vn<br \/>\n\ud83d\uded2Webslite Th\u1ebf H\u1ec7 K\u1ebf Ti\u1ebfp =&gt;https:\/\/www.theheketiep.com\/<br \/>\n\ud83d\uded2Webslite NGE.VN =&gt;https:\/\/www.nge.vn\/<br \/>\nHo\u1eb7c b\u1ea1n g\u1ecdi 094.144.0951 g\u1eb7p m\u00ecnh<br \/>\nHo\u1eb7c 0913939775 g\u1eb7p anh Qu\u00e2n<\/p>\n<p>** Price does not include VAT (+8 or 10% if VAT invoice is issued)<\/p>","protected":false},"excerpt":{"rendered":"<p data-start=\"1910\" data-end=\"2057\">Nh\u1ef1a in 3D eSun eASA+ 1kg, ch\u1ed1ng tia UV, b\u1ec1n cao, ch\u1ecbu \u0111\u01b0\u1ee3c th\u1eddi ti\u1ebft ngo\u00e0i tr\u1eddi kh\u1eafc nghi\u1ec7t. L\u00fd t\u01b0\u1edfng cho xe h\u01a1i, thi\u1ebft b\u1ecb \u0111i\u1ec7n, m\u00f4 h\u00ecnh k\u1ef9 thu\u1eadt.<\/p>","protected":false},"featured_media":6155,"comment_status":"open","ping_status":"closed","template":"","meta":{"inline_featured_image":false},"product_brand":[],"product_cat":[455,456,466],"product_tag":[793,792,619,719,663,697],"class_list":{"0":"post-6154","1":"product","2":"type-product","3":"status-publish","4":"has-post-thumbnail","6":"product_cat-nhua-in-3d","7":"product_cat-nhua-in-3d-fdm","8":"product_cat-soi-nhua-esun-fdm","9":"product_tag-easa","10":"product_tag-easaplus","11":"product_tag-esun","12":"product_tag-filament3d","13":"product_tag-nge3d","14":"product_tag-nhuain3d","16":"first","17":"instock","18":"taxable","19":"shipping-taxable","20":"purchasable","21":"product-type-variable"},"yoast_head":"<!-- This site is optimized with the Yoast SEO Premium plugin v22.8 (Yoast SEO v26.9) - https:\/\/yoast.com\/product\/yoast-seo-premium-wordpress\/ -->\n<title>Nh\u1ef1a in 3d eSun eASA+ ch\u1ed1ng tia UV, \u0111\u1ed9 b\u1ec1n cao - NGE 3D Printers Services<\/title>\n<meta name=\"description\" content=\"Nh\u1ef1a in 3D eSun eASA+ 1kg, ch\u1ed1ng tia UV, b\u1ec1n cao, ch\u1ecbu \u0111\u01b0\u1ee3c th\u1eddi ti\u1ebft ngo\u00e0i tr\u1eddi kh\u1eafc nghi\u1ec7t. L\u00fd t\u01b0\u1edfng cho xe h\u01a1i, thi\u1ebft b\u1ecb \u0111i\u1ec7n, m\u00f4 h\u00ecnh k\u1ef9 thu\u1eadt.\" \/>\n<meta name=\"robots\" content=\"index, follow, max-snippet:-1, max-image-preview:large, max-video-preview:-1\" \/>\n<link rel=\"canonical\" href=\"https:\/\/nge.vn\/en\/product\/nhua-in-3d-esun-easa-chong-tia-uv-do-ben-cao\/\" \/>\n<meta property=\"og:locale\" content=\"en_US\" \/>\n<meta property=\"og:type\" content=\"article\" \/>\n<meta property=\"og:title\" content=\"Nh\u1ef1a in 3d eSun eASA+ ch\u1ed1ng tia UV, \u0111\u1ed9 b\u1ec1n cao\" \/>\n<meta property=\"og:description\" content=\"Nh\u1ef1a in 3D eSun eASA+ 1kg, ch\u1ed1ng tia UV, b\u1ec1n cao, ch\u1ecbu \u0111\u01b0\u1ee3c th\u1eddi ti\u1ebft ngo\u00e0i tr\u1eddi kh\u1eafc nghi\u1ec7t. L\u00fd t\u01b0\u1edfng cho xe h\u01a1i, thi\u1ebft b\u1ecb \u0111i\u1ec7n, m\u00f4 h\u00ecnh k\u1ef9 thu\u1eadt.\" \/>\n<meta property=\"og:url\" content=\"https:\/\/nge.vn\/en\/product\/nhua-in-3d-esun-easa-chong-tia-uv-do-ben-cao\/\" \/>\n<meta property=\"og:site_name\" content=\"NGE 3D Printers Services\" \/>\n<meta property=\"article:modified_time\" content=\"2025-08-04T14:27:41+00:00\" \/>\n<meta property=\"og:image\" content=\"https:\/\/nge.vn\/wp-content\/uploads\/2025\/08\/vn-11134207-7ra0g-m8rw6npg01hea9_tn.jpeg\" \/>\n\t<meta property=\"og:image:width\" content=\"320\" \/>\n\t<meta property=\"og:image:height\" content=\"320\" \/>\n\t<meta property=\"og:image:type\" content=\"image\/jpeg\" \/>\n<meta name=\"twitter:card\" content=\"summary_large_image\" \/>\n<meta name=\"twitter:label1\" content=\"Est. reading time\" \/>\n\t<meta name=\"twitter:data1\" content=\"3 minutes\" \/>\n<script type=\"application\/ld+json\" class=\"yoast-schema-graph\">{\"@context\":\"https:\/\/schema.org\",\"@graph\":[{\"@type\":\"WebPage\",\"@id\":\"https:\/\/nge.vn\/san-pham\/nhua-in-3d-esun-easa-chong-tia-uv-do-ben-cao\/\",\"url\":\"https:\/\/nge.vn\/san-pham\/nhua-in-3d-esun-easa-chong-tia-uv-do-ben-cao\/\",\"name\":\"Nh\u1ef1a in 3d eSun eASA+ ch\u1ed1ng tia UV, \u0111\u1ed9 b\u1ec1n cao - NGE 3D Printers Services\",\"isPartOf\":{\"@id\":\"https:\/\/nge.vn\/#website\"},\"primaryImageOfPage\":{\"@id\":\"https:\/\/nge.vn\/san-pham\/nhua-in-3d-esun-easa-chong-tia-uv-do-ben-cao\/#primaryimage\"},\"image\":{\"@id\":\"https:\/\/nge.vn\/san-pham\/nhua-in-3d-esun-easa-chong-tia-uv-do-ben-cao\/#primaryimage\"},\"thumbnailUrl\":\"https:\/\/nge.vn\/wp-content\/uploads\/2025\/08\/vn-11134207-7ra0g-m8rw6npg01hea9_tn.jpeg\",\"datePublished\":\"2025-08-04T14:27:40+00:00\",\"dateModified\":\"2025-08-04T14:27:41+00:00\",\"description\":\"Nh\u1ef1a in 3D eSun eASA+ 1kg, ch\u1ed1ng tia UV, b\u1ec1n cao, ch\u1ecbu \u0111\u01b0\u1ee3c th\u1eddi ti\u1ebft ngo\u00e0i tr\u1eddi kh\u1eafc nghi\u1ec7t. L\u00fd t\u01b0\u1edfng cho xe h\u01a1i, thi\u1ebft b\u1ecb \u0111i\u1ec7n, m\u00f4 h\u00ecnh k\u1ef9 thu\u1eadt.\",\"breadcrumb\":{\"@id\":\"https:\/\/nge.vn\/san-pham\/nhua-in-3d-esun-easa-chong-tia-uv-do-ben-cao\/#breadcrumb\"},\"inLanguage\":\"en-US\",\"potentialAction\":[{\"@type\":\"ReadAction\",\"target\":[\"https:\/\/nge.vn\/san-pham\/nhua-in-3d-esun-easa-chong-tia-uv-do-ben-cao\/\"]}]},{\"@type\":\"ImageObject\",\"inLanguage\":\"en-US\",\"@id\":\"https:\/\/nge.vn\/san-pham\/nhua-in-3d-esun-easa-chong-tia-uv-do-ben-cao\/#primaryimage\",\"url\":\"https:\/\/nge.vn\/wp-content\/uploads\/2025\/08\/vn-11134207-7ra0g-m8rw6npg01hea9_tn.jpeg\",\"contentUrl\":\"https:\/\/nge.vn\/wp-content\/uploads\/2025\/08\/vn-11134207-7ra0g-m8rw6npg01hea9_tn.jpeg\",\"width\":320,\"height\":320,\"caption\":\"easa+\"},{\"@type\":\"BreadcrumbList\",\"@id\":\"https:\/\/nge.vn\/san-pham\/nhua-in-3d-esun-easa-chong-tia-uv-do-ben-cao\/#breadcrumb\",\"itemListElement\":[{\"@type\":\"ListItem\",\"position\":1,\"name\":\"Trang ch\u1ee7\",\"item\":\"https:\/\/nge.vn\/\"},{\"@type\":\"ListItem\",\"position\":2,\"name\":\"S\u1ea3n ph\u1ea9m\",\"item\":\"https:\/\/nge.vn\/san-pham\/\"},{\"@type\":\"ListItem\",\"position\":3,\"name\":\"Nh\u1ef1a in 3d eSun eASA+ ch\u1ed1ng tia UV, \u0111\u1ed9 b\u1ec1n cao\"}]},{\"@type\":\"WebSite\",\"@id\":\"https:\/\/nge.vn\/#website\",\"url\":\"https:\/\/nge.vn\/\",\"name\":\"NGE 3D Printers Services\",\"description\":\"\",\"potentialAction\":[{\"@type\":\"SearchAction\",\"target\":{\"@type\":\"EntryPoint\",\"urlTemplate\":\"https:\/\/nge.vn\/?s={search_term_string}\"},\"query-input\":{\"@type\":\"PropertyValueSpecification\",\"valueRequired\":true,\"valueName\":\"search_term_string\"}}],\"inLanguage\":\"en-US\"}]}<\/script>\n<!-- \/ Yoast SEO Premium plugin. -->","yoast_head_json":{"title":"Nh\u1ef1a in 3d eSun eASA+ ch\u1ed1ng tia UV, \u0111\u1ed9 b\u1ec1n cao - NGE 3D Printers Services","description":"Nh\u1ef1a in 3D eSun eASA+ 1kg, ch\u1ed1ng tia UV, b\u1ec1n cao, ch\u1ecbu \u0111\u01b0\u1ee3c th\u1eddi ti\u1ebft ngo\u00e0i tr\u1eddi kh\u1eafc nghi\u1ec7t. L\u00fd t\u01b0\u1edfng cho xe h\u01a1i, thi\u1ebft b\u1ecb \u0111i\u1ec7n, m\u00f4 h\u00ecnh k\u1ef9 thu\u1eadt.","robots":{"index":"index","follow":"follow","max-snippet":"max-snippet:-1","max-image-preview":"max-image-preview:large","max-video-preview":"max-video-preview:-1"},"canonical":"https:\/\/nge.vn\/en\/product\/nhua-in-3d-esun-easa-chong-tia-uv-do-ben-cao\/","og_locale":"en_US","og_type":"article","og_title":"Nh\u1ef1a in 3d eSun eASA+ ch\u1ed1ng tia UV, \u0111\u1ed9 b\u1ec1n cao","og_description":"Nh\u1ef1a in 3D eSun eASA+ 1kg, ch\u1ed1ng tia UV, b\u1ec1n cao, ch\u1ecbu \u0111\u01b0\u1ee3c th\u1eddi ti\u1ebft ngo\u00e0i tr\u1eddi kh\u1eafc nghi\u1ec7t. L\u00fd t\u01b0\u1edfng cho xe h\u01a1i, thi\u1ebft b\u1ecb \u0111i\u1ec7n, m\u00f4 h\u00ecnh k\u1ef9 thu\u1eadt.","og_url":"https:\/\/nge.vn\/en\/product\/nhua-in-3d-esun-easa-chong-tia-uv-do-ben-cao\/","og_site_name":"NGE 3D Printers Services","article_modified_time":"2025-08-04T14:27:41+00:00","og_image":[{"width":320,"height":320,"url":"https:\/\/nge.vn\/wp-content\/uploads\/2025\/08\/vn-11134207-7ra0g-m8rw6npg01hea9_tn.jpeg","type":"image\/jpeg"}],"twitter_card":"summary_large_image","twitter_misc":{"Est. reading time":"3 minutes"},"schema":{"@context":"https:\/\/schema.org","@graph":[{"@type":"WebPage","@id":"https:\/\/nge.vn\/san-pham\/nhua-in-3d-esun-easa-chong-tia-uv-do-ben-cao\/","url":"https:\/\/nge.vn\/san-pham\/nhua-in-3d-esun-easa-chong-tia-uv-do-ben-cao\/","name":"Nh\u1ef1a in 3d eSun eASA+ ch\u1ed1ng tia UV, \u0111\u1ed9 b\u1ec1n cao - NGE 3D Printers Services","isPartOf":{"@id":"https:\/\/nge.vn\/#website"},"primaryImageOfPage":{"@id":"https:\/\/nge.vn\/san-pham\/nhua-in-3d-esun-easa-chong-tia-uv-do-ben-cao\/#primaryimage"},"image":{"@id":"https:\/\/nge.vn\/san-pham\/nhua-in-3d-esun-easa-chong-tia-uv-do-ben-cao\/#primaryimage"},"thumbnailUrl":"https:\/\/nge.vn\/wp-content\/uploads\/2025\/08\/vn-11134207-7ra0g-m8rw6npg01hea9_tn.jpeg","datePublished":"2025-08-04T14:27:40+00:00","dateModified":"2025-08-04T14:27:41+00:00","description":"Nh\u1ef1a in 3D eSun eASA+ 1kg, ch\u1ed1ng tia UV, b\u1ec1n cao, ch\u1ecbu \u0111\u01b0\u1ee3c th\u1eddi ti\u1ebft ngo\u00e0i tr\u1eddi kh\u1eafc nghi\u1ec7t. L\u00fd t\u01b0\u1edfng cho xe h\u01a1i, thi\u1ebft b\u1ecb \u0111i\u1ec7n, m\u00f4 h\u00ecnh k\u1ef9 thu\u1eadt.","breadcrumb":{"@id":"https:\/\/nge.vn\/san-pham\/nhua-in-3d-esun-easa-chong-tia-uv-do-ben-cao\/#breadcrumb"},"inLanguage":"en-US","potentialAction":[{"@type":"ReadAction","target":["https:\/\/nge.vn\/san-pham\/nhua-in-3d-esun-easa-chong-tia-uv-do-ben-cao\/"]}]},{"@type":"ImageObject","inLanguage":"en-US","@id":"https:\/\/nge.vn\/san-pham\/nhua-in-3d-esun-easa-chong-tia-uv-do-ben-cao\/#primaryimage","url":"https:\/\/nge.vn\/wp-content\/uploads\/2025\/08\/vn-11134207-7ra0g-m8rw6npg01hea9_tn.jpeg","contentUrl":"https:\/\/nge.vn\/wp-content\/uploads\/2025\/08\/vn-11134207-7ra0g-m8rw6npg01hea9_tn.jpeg","width":320,"height":320,"caption":"easa+"},{"@type":"BreadcrumbList","@id":"https:\/\/nge.vn\/san-pham\/nhua-in-3d-esun-easa-chong-tia-uv-do-ben-cao\/#breadcrumb","itemListElement":[{"@type":"ListItem","position":1,"name":"Trang ch\u1ee7","item":"https:\/\/nge.vn\/"},{"@type":"ListItem","position":2,"name":"S\u1ea3n ph\u1ea9m","item":"https:\/\/nge.vn\/san-pham\/"},{"@type":"ListItem","position":3,"name":"Nh\u1ef1a in 3d eSun eASA+ ch\u1ed1ng tia UV, \u0111\u1ed9 b\u1ec1n cao"}]},{"@type":"WebSite","@id":"https:\/\/nge.vn\/#website","url":"https:\/\/nge.vn\/","name":"NGE 3D Printers Services","description":"","potentialAction":[{"@type":"SearchAction","target":{"@type":"EntryPoint","urlTemplate":"https:\/\/nge.vn\/?s={search_term_string}"},"query-input":{"@type":"PropertyValueSpecification","valueRequired":true,"valueName":"search_term_string"}}],"inLanguage":"en-US"}]}},"_links":{"self":[{"href":"https:\/\/nge.vn\/en\/wp-json\/wp\/v2\/product\/6154","targetHints":{"allow":["GET"]}}],"collection":[{"href":"https:\/\/nge.vn\/en\/wp-json\/wp\/v2\/product"}],"about":[{"href":"https:\/\/nge.vn\/en\/wp-json\/wp\/v2\/types\/product"}],"replies":[{"embeddable":true,"href":"https:\/\/nge.vn\/en\/wp-json\/wp\/v2\/comments?post=6154"}],"wp:featuredmedia":[{"embeddable":true,"href":"https:\/\/nge.vn\/en\/wp-json\/wp\/v2\/media\/6155"}],"wp:attachment":[{"href":"https:\/\/nge.vn\/en\/wp-json\/wp\/v2\/media?parent=6154"}],"wp:term":[{"taxonomy":"product_brand","embeddable":true,"href":"https:\/\/nge.vn\/en\/wp-json\/wp\/v2\/product_brand?post=6154"},{"taxonomy":"product_cat","embeddable":true,"href":"https:\/\/nge.vn\/en\/wp-json\/wp\/v2\/product_cat?post=6154"},{"taxonomy":"product_tag","embeddable":true,"href":"https:\/\/nge.vn\/en\/wp-json\/wp\/v2\/product_tag?post=6154"}],"curies":[{"name":"wp","href":"https:\/\/api.w.org\/{rel}","templated":true}]}}