{"id":6145,"date":"2025-08-04T17:55:56","date_gmt":"2025-08-04T10:55:56","guid":{"rendered":"https:\/\/nge.vn\/?post_type=product&#038;p=6145"},"modified":"2025-08-04T17:55:57","modified_gmt":"2025-08-04T10:55:57","slug":"cum-dun-cho-may-in-3d-creality-ender-3-v3-se-ke","status":"publish","type":"product","link":"https:\/\/nge.vn\/en\/product\/cum-dun-cho-may-in-3d-creality-ender-3-v3-se-ke\/","title":{"rendered":"C\u1ee5m \u0111\u00f9n cho m\u00e1y in 3d Creality Ender-3 V3 SE\/KE"},"content":{"rendered":"<h2 data-start=\"149\" data-end=\"221\">\ud83d\udd25 <strong data-start=\"155\" data-end=\"221\">B\u1ed9 Kh\u1ed1i S\u01b0\u1edfi G\u1ed1m Ender-3 V3 SE\/KE \u2013 B\u1ed9 V\u00f2i Phun Trao \u0110\u1ed5i Nhanh<\/strong><\/h2>\n<p data-start=\"223\" data-end=\"607\"><strong data-start=\"223\" data-end=\"241\">M\u00f4 t\u1ea3 s\u1ea3n ph\u1ea9m<\/strong><br data-start=\"241\" data-end=\"244\" \/>B\u1ed9 kh\u1ed1i s\u01b0\u1edfi g\u1ed1m ch\u00ednh h\u00e3ng cho m\u00e1y in 3D Ender-3 V3 SE v\u00e0 KE, \u0111\u01b0\u1ee3c thi\u1ebft k\u1ebf t\u00edch h\u1ee3p ho\u00e0n to\u00e0n b\u1eb1ng kim lo\u1ea1i, h\u1ed7 tr\u1ee3 trao \u0111\u1ed5i v\u00f2i phun nhanh ch\u00f3ng, ch\u1ecbu nhi\u1ec7t cao t\u1edbi 300\u00b0C. Kh\u1ea3 n\u0103ng l\u00e0m n\u00f3ng nhanh, truy\u1ec1n nhi\u1ec7t hi\u1ec7u qu\u1ea3 v\u00e0 h\u1ed7 tr\u1ee3 d\u00f2ng ch\u1ea3y cao gi\u00fap t\u0103ng t\u1ed1c \u0111\u1ed9 in v\u00e0 gi\u1ea3m thi\u1ec3u t\u1eafc ngh\u1ebdn \u2013 gi\u1ea3i ph\u00e1p l\u00fd t\u01b0\u1edfng cho c\u00e1c \u1ee9ng d\u1ee5ng in t\u1ed1c \u0111\u1ed9 cao v\u00e0 v\u1eadt li\u1ec7u k\u1ef9 thu\u1eadt.<\/p>\n<hr data-start=\"609\" data-end=\"612\" \/>\n<h3 data-start=\"614\" data-end=\"642\">\u2705 <strong data-start=\"620\" data-end=\"642\">T\u00ednh n\u0103ng n\u1ed5i b\u1eadt:<\/strong><\/h3>\n<p data-start=\"644\" data-end=\"688\">\ud83d\udd39 <strong data-start=\"647\" data-end=\"686\">Gia nhi\u1ec7t nhanh, d\u1eabn nhi\u1ec7t hi\u1ec7u qu\u1ea3<\/strong><\/p>\n<ul data-start=\"689\" data-end=\"801\">\n<li data-start=\"689\" data-end=\"719\">\n<p data-start=\"691\" data-end=\"719\">L\u00f2 s\u01b0\u1edfi g\u1ed1m bao quanh 360\u00b0<\/p>\n<\/li>\n<li data-start=\"720\" data-end=\"758\">\n<p data-start=\"722\" data-end=\"758\">Nhi\u1ec7t \u0111\u1ed9 \u0111\u1ea1t 200\u00b0C ch\u1ec9 sau 40 gi\u00e2y<\/p>\n<\/li>\n<li data-start=\"759\" data-end=\"801\">\n<p data-start=\"761\" data-end=\"801\">Gia nhi\u1ec7t \u0111\u1ed3ng \u0111\u1ec1u, tr\u00e1nh sai l\u1ec7ch nhi\u1ec7t<\/p>\n<\/li>\n<\/ul>\n<p data-start=\"803\" data-end=\"847\">\ud83d\udd39 <strong data-start=\"806\" data-end=\"845\">T\u1ea3n nhi\u1ec7t hi\u1ec7u qu\u1ea3 v\u1edbi thi\u1ebft k\u1ebf k\u00e9p<\/strong><\/p>\n<ul data-start=\"848\" data-end=\"965\">\n<li data-start=\"848\" data-end=\"904\">\n<p data-start=\"850\" data-end=\"904\">Kh\u1ed1i t\u1ea3n nhi\u1ec7t b\u1eb1ng <strong data-start=\"870\" data-end=\"881\">\u0111\u1ed3ng \u0111\u1ecf<\/strong>, b\u1ec1 m\u1eb7t <strong data-start=\"890\" data-end=\"902\">m\u1ea1 niken<\/strong><\/p>\n<\/li>\n<li data-start=\"905\" data-end=\"965\">\n<p data-start=\"907\" data-end=\"965\">T\u1ea3n nhi\u1ec7t nhanh, ng\u0103n truy\u1ec1n nhi\u1ec7t ng\u01b0\u1ee3c, gi\u00fap in m\u01b0\u1ee3t h\u01a1n<\/p>\n<\/li>\n<\/ul>\n<p data-start=\"967\" data-end=\"1013\">\ud83d\udd39 <strong data-start=\"970\" data-end=\"1011\">H\u1ed7 tr\u1ee3 d\u00f2ng ch\u1ea3y cao, t\u1ed1c \u0111\u1ed9 in nhanh<\/strong><\/p>\n<ul data-start=\"1014\" data-end=\"1122\">\n<li data-start=\"1014\" data-end=\"1040\">\n<p data-start=\"1016\" data-end=\"1040\">Bu\u1ed3ng v\u00f2i phun m\u1edf r\u1ed9ng<\/p>\n<\/li>\n<li data-start=\"1041\" data-end=\"1082\">\n<p data-start=\"1043\" data-end=\"1082\">T\u1ed1c \u0111\u1ed9 d\u00f2ng ch\u1ea3y t\u1ed1i \u0111a: <strong data-start=\"1068\" data-end=\"1080\">32 mm\u00b3\/s<\/strong><\/p>\n<\/li>\n<li data-start=\"1083\" data-end=\"1122\">\n<p data-start=\"1085\" data-end=\"1122\">H\u1ed7 tr\u1ee3 t\u1ed1c \u0111\u1ed9 in l\u00ean \u0111\u1ebfn <strong data-start=\"1110\" data-end=\"1122\">600 mm\/s<\/strong><\/p>\n<\/li>\n<\/ul>\n<p data-start=\"1124\" data-end=\"1178\">\ud83d\udd39 <strong data-start=\"1127\" data-end=\"1176\">Thi\u1ebft k\u1ebf th\u00e1o l\u1eafp nhanh to\u00e0n b\u1ed9 b\u1eb1ng kim lo\u1ea1i<\/strong><\/p>\n<ul data-start=\"1179\" data-end=\"1248\">\n<li data-start=\"1179\" data-end=\"1211\">\n<p data-start=\"1181\" data-end=\"1211\">Gi\u00fap thay th\u1ebf \u0111\u1ea7u in d\u1ec5 d\u00e0ng<\/p>\n<\/li>\n<li data-start=\"1212\" data-end=\"1248\">\n<p data-start=\"1214\" data-end=\"1248\">Gi\u1ea3m th\u1eddi gian b\u1ea3o tr\u00ec v\u00e0 d\u1eebng m\u00e1y<\/p>\n<\/li>\n<\/ul>\n<p data-start=\"1250\" data-end=\"1304\">\ud83d\udd39 <strong data-start=\"1253\" data-end=\"1302\">Ch\u1ea5t li\u1ec7u cao c\u1ea5p, h\u1ed7 tr\u1ee3 nhi\u1ec1u lo\u1ea1i s\u1ee3i nh\u1ef1a<\/strong><\/p>\n<ul data-start=\"1305\" data-end=\"1514\">\n<li data-start=\"1305\" data-end=\"1357\">\n<p data-start=\"1307\" data-end=\"1357\">Ng\u1eaft nhi\u1ec7t b\u1eb1ng h\u1ee3p kim titan ch\u1ed1ng truy\u1ec1n nhi\u1ec7t<\/p>\n<\/li>\n<li data-start=\"1358\" data-end=\"1429\">\n<p data-start=\"1360\" data-end=\"1429\">\u0110\u1ea7u phun b\u1eb1ng h\u1ee3p kim <strong data-start=\"1382\" data-end=\"1409\">\u0111\u1ed3ng v\u00e0 th\u00e9p c\u1ee9ng SKD11<\/strong>, \u0111\u1ed9 c\u1ee9ng Mohs 7.8<\/p>\n<\/li>\n<li data-start=\"1430\" data-end=\"1514\">\n<p data-start=\"1432\" data-end=\"1514\">T\u01b0\u01a1ng th\u00edch \u0111a d\u1ea1ng v\u1eadt li\u1ec7u: PLA, ABS, PETG, TPU, PP, PC, PLA-CF, PA-CF, PET-CF,\u2026<\/p>\n<\/li>\n<\/ul>\n<p data-start=\"1516\" data-end=\"1573\">\ud83d\udd39 <strong data-start=\"1519\" data-end=\"1571\">Gia c\u00f4ng tinh x\u1ea3o, kh\u00f4ng r\u00f2 r\u1ec9 \u2013 kh\u00f4ng t\u1eafc ngh\u1ebdn<\/strong><\/p>\n<ul data-start=\"1574\" data-end=\"1698\">\n<li data-start=\"1574\" data-end=\"1597\">\n<p data-start=\"1576\" data-end=\"1597\">L\u1ed7 c\u1ea5p s\u1ee3i Ra &lt; 0.4<\/p>\n<\/li>\n<li data-start=\"1598\" data-end=\"1651\">\n<p data-start=\"1600\" data-end=\"1651\">Kh\u1edbp n\u1ed1i k\u00edn, h\u1ea1n ch\u1ebf t\u1ed1i \u0111a t\u00ecnh tr\u1ea1ng r\u00f2 r\u1ec9 s\u1ee3i<\/p>\n<\/li>\n<li data-start=\"1652\" data-end=\"1698\">\n<p data-start=\"1654\" data-end=\"1698\">\u0110\u1ea7u v\u00f2i kh\u00f4ng g\u1edd \u2013 \u0111\u1ea3m b\u1ea3o in \u1ed5n \u0111\u1ecbnh v\u00e0 \u0111\u1ec1u<\/p>\n<\/li>\n<\/ul>\n<hr data-start=\"1700\" data-end=\"1703\" \/>\n<h3 data-start=\"1705\" data-end=\"1733\">\ud83d\udce6 <strong data-start=\"1712\" data-end=\"1733\">Th\u00f4ng s\u1ed1 k\u1ef9 thu\u1eadt<\/strong><\/h3>\n<ul data-start=\"1735\" data-end=\"1926\">\n<li data-start=\"1735\" data-end=\"1758\">\n<p data-start=\"1737\" data-end=\"1758\">\u0110\u1ea7u phun: 0.4mm \u00d7 1<\/p>\n<\/li>\n<li data-start=\"1759\" data-end=\"1779\">\n<p data-start=\"1761\" data-end=\"1779\">Tr\u1ecdng l\u01b0\u1ee3ng: 50g<\/p>\n<\/li>\n<li data-start=\"1780\" data-end=\"1819\">\n<p data-start=\"1782\" data-end=\"1819\">\u0110\u01b0\u1eddng k\u00ednh s\u1ee3i nh\u1ef1a: \u00d81.75 \u00b1 0.05mm<\/p>\n<\/li>\n<li data-start=\"1820\" data-end=\"1847\">\n<p data-start=\"1822\" data-end=\"1847\">C\u00f4ng su\u1ea5t s\u01b0\u1edfi g\u1ed1m: 60W<\/p>\n<\/li>\n<li data-start=\"1848\" data-end=\"1879\">\n<p data-start=\"1850\" data-end=\"1879\">M\u00e3 s\u1ea3n ph\u1ea9m: <strong data-start=\"1863\" data-end=\"1877\">4001030135<\/strong><\/p>\n<\/li>\n<li data-start=\"1880\" data-end=\"1926\">\n<p data-start=\"1882\" data-end=\"1926\">T\u01b0\u01a1ng th\u00edch: Ender-3 V3 SE \/ Ender-3 V3 KE<\/p>\n<\/li>\n<\/ul>\n<hr data-start=\"1928\" data-end=\"1931\" \/>\n<p data-start=\"1933\" data-end=\"2086\">\ud83d\udca1 <strong data-start=\"1936\" data-end=\"1948\">\u1ee8ng d\u1ee5ng<\/strong>:<br data-start=\"1949\" data-end=\"1952\" \/>Ph\u00f9 h\u1ee3p cho ng\u01b0\u1eddi d\u00f9ng mu\u1ed1n n\u00e2ng c\u1ea5p hi\u1ec7u su\u1ea5t in \u1ea5n, in t\u1ed1c \u0111\u1ed9 cao, ho\u1eb7c s\u1eed d\u1ee5ng v\u1edbi s\u1ee3i k\u1ef9 thu\u1eadt (carbon fiber, polycarbonate, v.v.)<\/p>\n<blockquote class=\"wp-embedded-content\" data-secret=\"ZN9pbdgvjP\"><p><a href=\"https:\/\/nge.vn\/en\/product\/may-in-3d-creality-ender-3-v3-se-do-chinh-xac-va-toc-do-cao-250mm-s\/\">M\u00e1y in 3d Creality Ender 3 V3 SE \u0111\u1ed9 ch\u00ednh x\u00e1c v\u00e0 t\u1ed1c \u0111\u1ed9 cao 250mm\/s<\/a><\/p><\/blockquote>\n<p><iframe loading=\"lazy\" class=\"wp-embedded-content\" sandbox=\"allow-scripts\" security=\"restricted\" style=\"position: absolute; visibility: hidden;\" title=\"&#8220;M\u00e1y in 3d Creality Ender 3 V3 SE \u0111\u1ed9 ch\u00ednh x\u00e1c v\u00e0 t\u1ed1c \u0111\u1ed9 cao 250mm\/s&#8221; &#8212; NGE 3D Printers Services\" src=\"https:\/\/nge.vn\/san-pham\/may-in-3d-creality-ender-3-v3-se-do-chinh-xac-va-toc-do-cao-250mm-s\/embed\/#?secret=Y1m9buZYW1#?secret=ZN9pbdgvjP\" data-secret=\"ZN9pbdgvjP\" width=\"600\" height=\"338\" frameborder=\"0\" marginwidth=\"0\" marginheight=\"0\" scrolling=\"no\"><\/iframe><\/p>\n<blockquote class=\"wp-embedded-content\" data-secret=\"VHE3HeOmZK\"><p><a href=\"https:\/\/nge.vn\/en\/product\/may-in-3d-creality-ender-3-v3-ke-printing-max-500mms\/\">Creality Ender 3 V3 KE 3d printer fully automatic table balance...high precision and speed Max 500mm\/s<\/a><\/p><\/blockquote>\n<p><iframe loading=\"lazy\" class=\"wp-embedded-content\" sandbox=\"allow-scripts\" security=\"restricted\" style=\"position: absolute; visibility: hidden;\" title=\"&#8220;M\u00e1y in 3d Creality Ender 3 V3 KE c\u00e2n b\u00e0n ho\u00e0n to\u00e0n t\u1ef1 \u0111\u1ed9ng&#8230;\u0111\u1ed9 ch\u00ednh x\u00e1c v\u00e0 t\u1ed1c \u0111\u1ed9 cao Max 500mm\/s&#8221; &#8212; NGE 3D Printers Services\" src=\"https:\/\/nge.vn\/san-pham\/may-in-3d-creality-ender-3-v3-ke-printing-max-500mms\/embed\/#?secret=90JW6anE6M#?secret=VHE3HeOmZK\" data-secret=\"VHE3HeOmZK\" width=\"600\" height=\"338\" frameborder=\"0\" marginwidth=\"0\" marginheight=\"0\" scrolling=\"no\"><\/iframe><\/p>\n<p>-\u0110\u00e2y l\u00e0 c\u00e1c trang b\u00e1n h\u00e0ng b\u00ean m\u00ecnh NGE 3D Printer Services chuy\u00ean cung c\u1ea5p Nh\u1ef1a in 3D v\u00e0 M\u00e1y in 3D c\u1ee7a H\u00e3ng ESUN, Flsun, BIQU, Creality, eMake3d&#8230;<br \/>\n\ud83d\uded2Shopee =&gt; https:\/\/shopee.vn\/nge3dprinter<br \/>\n\ud83d\uded2Shopee =&gt; https:\/\/shopee.vn\/nge3dservices<br \/>\n\ud83d\uded2Shopee Voron v\u00e0 eMake3D =&gt; https:\/\/shopee.vn\/3dmasterpower<br \/>\n\ud83d\uded2Shopee eMake3D =&gt; https:\/\/shopee.vn\/nge3dprinting<br \/>\n\ud83d\uded2Lazada =&gt; https:\/\/www.lazada.vn\/shop\/nge-3d-printer<br \/>\n\ud83d\uded2Lazada =&gt; https:\/\/www.lazada.vn\/shop\/nge-3d-printer-services<br \/>\n\ud83d\uded2Lazada =&gt; https:\/\/www.lazada.vn\/shop\/emake3d-vn<br \/>\n\ud83d\uded2Webslite Th\u1ebf H\u1ec7 K\u1ebf Ti\u1ebfp =&gt;https:\/\/www.theheketiep.com\/<br \/>\n\ud83d\uded2Webslite NGE.VN =&gt;https:\/\/www.nge.vn\/<br \/>\nHo\u1eb7c b\u1ea1n g\u1ecdi 094.144.0951 g\u1eb7p m\u00ecnh<br \/>\nHo\u1eb7c 0913939775 g\u1eb7p anh Qu\u00e2n<\/p>\n<p>** Price does not include VAT (+8 or 10% if VAT invoice is issued)<\/p>","protected":false},"excerpt":{"rendered":"<p data-start=\"2210\" data-end=\"2361\">B\u1ed9 kh\u1ed1i s\u01b0\u1edfi g\u1ed1m Ender-3 V3 SE\/KE ch\u00ednh h\u00e3ng, h\u1ed7 tr\u1ee3 trao \u0111\u1ed5i v\u00f2i phun nhanh, ch\u1ecbu nhi\u1ec7t t\u1edbi 300\u00b0C, in t\u1ed1c \u0111\u1ed9 cao, t\u01b0\u01a1ng th\u00edch nhi\u1ec1u lo\u1ea1i s\u1ee3i k\u1ef9 thu\u1eadt.<\/p>","protected":false},"featured_media":6146,"comment_status":"open","ping_status":"closed","template":"","meta":{"inline_featured_image":false},"product_brand":[],"product_cat":[461,40,56],"product_tag":[702,495,780,781,779,663],"class_list":{"0":"post-6145","1":"product","2":"type-product","3":"status-publish","4":"has-post-thumbnail","6":"product_cat-linh-kien-cum-dun-va-cam-bien","7":"product_cat-linh-kien-va-phu-kien","8":"product_cat-linh-phu-kien-may-in-3d-creality","9":"product_tag-ceramicheatingblock","10":"product_tag-creality","11":"product_tag-ender3","12":"product_tag-ender3v3ke","13":"product_tag-ender3v3se","14":"product_tag-nge3d","16":"first","17":"instock","18":"taxable","19":"shipping-taxable","20":"purchasable","21":"product-type-simple"},"yoast_head":"<!-- This site is optimized with the Yoast SEO Premium plugin v22.8 (Yoast SEO v26.9) - https:\/\/yoast.com\/product\/yoast-seo-premium-wordpress\/ -->\n<title>C\u1ee5m \u0111\u00f9n cho m\u00e1y in 3d Creality Ender-3 V3 SE\/KE - NGE 3D Printers Services<\/title>\n<meta name=\"description\" content=\"B\u1ed9 kh\u1ed1i s\u01b0\u1edfi g\u1ed1m Ender-3 V3 SE\/KE ch\u00ednh h\u00e3ng, h\u1ed7 tr\u1ee3 trao \u0111\u1ed5i v\u00f2i phun nhanh, ch\u1ecbu nhi\u1ec7t t\u1edbi 300\u00b0C, in t\u1ed1c \u0111\u1ed9 cao, t\u01b0\u01a1ng th\u00edch nhi\u1ec1u lo\u1ea1i s\u1ee3i k\u1ef9 thu\u1eadt.\" \/>\n<meta name=\"robots\" content=\"index, follow, max-snippet:-1, max-image-preview:large, max-video-preview:-1\" \/>\n<link rel=\"canonical\" href=\"https:\/\/nge.vn\/en\/product\/cum-dun-cho-may-in-3d-creality-ender-3-v3-se-ke\/\" \/>\n<meta property=\"og:locale\" content=\"en_US\" \/>\n<meta property=\"og:type\" content=\"article\" \/>\n<meta property=\"og:title\" content=\"C\u1ee5m \u0111\u00f9n cho m\u00e1y in 3d Creality Ender-3 V3 SE\/KE\" \/>\n<meta property=\"og:description\" content=\"B\u1ed9 kh\u1ed1i s\u01b0\u1edfi g\u1ed1m Ender-3 V3 SE\/KE ch\u00ednh h\u00e3ng, h\u1ed7 tr\u1ee3 trao \u0111\u1ed5i v\u00f2i phun nhanh, ch\u1ecbu nhi\u1ec7t t\u1edbi 300\u00b0C, in t\u1ed1c \u0111\u1ed9 cao, t\u01b0\u01a1ng th\u00edch nhi\u1ec1u lo\u1ea1i s\u1ee3i k\u1ef9 thu\u1eadt.\" \/>\n<meta property=\"og:url\" content=\"https:\/\/nge.vn\/en\/product\/cum-dun-cho-may-in-3d-creality-ender-3-v3-se-ke\/\" \/>\n<meta property=\"og:site_name\" content=\"NGE 3D Printers Services\" \/>\n<meta property=\"article:modified_time\" content=\"2025-08-04T10:55:57+00:00\" \/>\n<meta property=\"og:image\" content=\"https:\/\/nge.vn\/wp-content\/uploads\/2025\/08\/vn-11134207-7ras8-m3rm6zjl6xpd5c_tn.jpeg\" \/>\n\t<meta property=\"og:image:width\" content=\"320\" \/>\n\t<meta property=\"og:image:height\" content=\"320\" \/>\n\t<meta property=\"og:image:type\" content=\"image\/jpeg\" \/>\n<meta name=\"twitter:card\" content=\"summary_large_image\" \/>\n<meta name=\"twitter:label1\" content=\"Est. reading time\" \/>\n\t<meta name=\"twitter:data1\" content=\"3 minutes\" \/>\n<script type=\"application\/ld+json\" class=\"yoast-schema-graph\">{\"@context\":\"https:\/\/schema.org\",\"@graph\":[{\"@type\":\"WebPage\",\"@id\":\"https:\/\/nge.vn\/san-pham\/cum-dun-cho-may-in-3d-creality-ender-3-v3-se-ke\/\",\"url\":\"https:\/\/nge.vn\/san-pham\/cum-dun-cho-may-in-3d-creality-ender-3-v3-se-ke\/\",\"name\":\"C\u1ee5m \u0111\u00f9n cho m\u00e1y in 3d Creality Ender-3 V3 SE\/KE - NGE 3D Printers Services\",\"isPartOf\":{\"@id\":\"https:\/\/nge.vn\/#website\"},\"primaryImageOfPage\":{\"@id\":\"https:\/\/nge.vn\/san-pham\/cum-dun-cho-may-in-3d-creality-ender-3-v3-se-ke\/#primaryimage\"},\"image\":{\"@id\":\"https:\/\/nge.vn\/san-pham\/cum-dun-cho-may-in-3d-creality-ender-3-v3-se-ke\/#primaryimage\"},\"thumbnailUrl\":\"https:\/\/nge.vn\/wp-content\/uploads\/2025\/08\/vn-11134207-7ras8-m3rm6zjl6xpd5c_tn.jpeg\",\"datePublished\":\"2025-08-04T10:55:56+00:00\",\"dateModified\":\"2025-08-04T10:55:57+00:00\",\"description\":\"B\u1ed9 kh\u1ed1i s\u01b0\u1edfi g\u1ed1m Ender-3 V3 SE\/KE ch\u00ednh h\u00e3ng, h\u1ed7 tr\u1ee3 trao \u0111\u1ed5i v\u00f2i phun nhanh, ch\u1ecbu nhi\u1ec7t t\u1edbi 300\u00b0C, in t\u1ed1c \u0111\u1ed9 cao, t\u01b0\u01a1ng th\u00edch nhi\u1ec1u lo\u1ea1i s\u1ee3i k\u1ef9 thu\u1eadt.\",\"breadcrumb\":{\"@id\":\"https:\/\/nge.vn\/san-pham\/cum-dun-cho-may-in-3d-creality-ender-3-v3-se-ke\/#breadcrumb\"},\"inLanguage\":\"en-US\",\"potentialAction\":[{\"@type\":\"ReadAction\",\"target\":[\"https:\/\/nge.vn\/san-pham\/cum-dun-cho-may-in-3d-creality-ender-3-v3-se-ke\/\"]}]},{\"@type\":\"ImageObject\",\"inLanguage\":\"en-US\",\"@id\":\"https:\/\/nge.vn\/san-pham\/cum-dun-cho-may-in-3d-creality-ender-3-v3-se-ke\/#primaryimage\",\"url\":\"https:\/\/nge.vn\/wp-content\/uploads\/2025\/08\/vn-11134207-7ras8-m3rm6zjl6xpd5c_tn.jpeg\",\"contentUrl\":\"https:\/\/nge.vn\/wp-content\/uploads\/2025\/08\/vn-11134207-7ras8-m3rm6zjl6xpd5c_tn.jpeg\",\"width\":320,\"height\":320,\"caption\":\"ceramic heating block ender 3 v3 se ke\"},{\"@type\":\"BreadcrumbList\",\"@id\":\"https:\/\/nge.vn\/san-pham\/cum-dun-cho-may-in-3d-creality-ender-3-v3-se-ke\/#breadcrumb\",\"itemListElement\":[{\"@type\":\"ListItem\",\"position\":1,\"name\":\"Trang ch\u1ee7\",\"item\":\"https:\/\/nge.vn\/\"},{\"@type\":\"ListItem\",\"position\":2,\"name\":\"S\u1ea3n ph\u1ea9m\",\"item\":\"https:\/\/nge.vn\/san-pham\/\"},{\"@type\":\"ListItem\",\"position\":3,\"name\":\"C\u1ee5m \u0111\u00f9n cho m\u00e1y in 3d Creality Ender-3 V3 SE\/KE\"}]},{\"@type\":\"WebSite\",\"@id\":\"https:\/\/nge.vn\/#website\",\"url\":\"https:\/\/nge.vn\/\",\"name\":\"NGE 3D Printers Services\",\"description\":\"\",\"potentialAction\":[{\"@type\":\"SearchAction\",\"target\":{\"@type\":\"EntryPoint\",\"urlTemplate\":\"https:\/\/nge.vn\/?s={search_term_string}\"},\"query-input\":{\"@type\":\"PropertyValueSpecification\",\"valueRequired\":true,\"valueName\":\"search_term_string\"}}],\"inLanguage\":\"en-US\"}]}<\/script>\n<!-- \/ Yoast SEO Premium plugin. -->","yoast_head_json":{"title":"C\u1ee5m \u0111\u00f9n cho m\u00e1y in 3d Creality Ender-3 V3 SE\/KE - NGE 3D Printers Services","description":"B\u1ed9 kh\u1ed1i s\u01b0\u1edfi g\u1ed1m Ender-3 V3 SE\/KE ch\u00ednh h\u00e3ng, h\u1ed7 tr\u1ee3 trao \u0111\u1ed5i v\u00f2i phun nhanh, ch\u1ecbu nhi\u1ec7t t\u1edbi 300\u00b0C, in t\u1ed1c \u0111\u1ed9 cao, t\u01b0\u01a1ng th\u00edch nhi\u1ec1u lo\u1ea1i s\u1ee3i k\u1ef9 thu\u1eadt.","robots":{"index":"index","follow":"follow","max-snippet":"max-snippet:-1","max-image-preview":"max-image-preview:large","max-video-preview":"max-video-preview:-1"},"canonical":"https:\/\/nge.vn\/en\/product\/cum-dun-cho-may-in-3d-creality-ender-3-v3-se-ke\/","og_locale":"en_US","og_type":"article","og_title":"C\u1ee5m \u0111\u00f9n cho m\u00e1y in 3d Creality Ender-3 V3 SE\/KE","og_description":"B\u1ed9 kh\u1ed1i s\u01b0\u1edfi g\u1ed1m Ender-3 V3 SE\/KE ch\u00ednh h\u00e3ng, h\u1ed7 tr\u1ee3 trao \u0111\u1ed5i v\u00f2i phun nhanh, ch\u1ecbu nhi\u1ec7t t\u1edbi 300\u00b0C, in t\u1ed1c \u0111\u1ed9 cao, t\u01b0\u01a1ng th\u00edch nhi\u1ec1u lo\u1ea1i s\u1ee3i k\u1ef9 thu\u1eadt.","og_url":"https:\/\/nge.vn\/en\/product\/cum-dun-cho-may-in-3d-creality-ender-3-v3-se-ke\/","og_site_name":"NGE 3D Printers Services","article_modified_time":"2025-08-04T10:55:57+00:00","og_image":[{"width":320,"height":320,"url":"https:\/\/nge.vn\/wp-content\/uploads\/2025\/08\/vn-11134207-7ras8-m3rm6zjl6xpd5c_tn.jpeg","type":"image\/jpeg"}],"twitter_card":"summary_large_image","twitter_misc":{"Est. reading time":"3 minutes"},"schema":{"@context":"https:\/\/schema.org","@graph":[{"@type":"WebPage","@id":"https:\/\/nge.vn\/san-pham\/cum-dun-cho-may-in-3d-creality-ender-3-v3-se-ke\/","url":"https:\/\/nge.vn\/san-pham\/cum-dun-cho-may-in-3d-creality-ender-3-v3-se-ke\/","name":"C\u1ee5m \u0111\u00f9n cho m\u00e1y in 3d Creality Ender-3 V3 SE\/KE - NGE 3D Printers Services","isPartOf":{"@id":"https:\/\/nge.vn\/#website"},"primaryImageOfPage":{"@id":"https:\/\/nge.vn\/san-pham\/cum-dun-cho-may-in-3d-creality-ender-3-v3-se-ke\/#primaryimage"},"image":{"@id":"https:\/\/nge.vn\/san-pham\/cum-dun-cho-may-in-3d-creality-ender-3-v3-se-ke\/#primaryimage"},"thumbnailUrl":"https:\/\/nge.vn\/wp-content\/uploads\/2025\/08\/vn-11134207-7ras8-m3rm6zjl6xpd5c_tn.jpeg","datePublished":"2025-08-04T10:55:56+00:00","dateModified":"2025-08-04T10:55:57+00:00","description":"B\u1ed9 kh\u1ed1i s\u01b0\u1edfi g\u1ed1m Ender-3 V3 SE\/KE ch\u00ednh h\u00e3ng, h\u1ed7 tr\u1ee3 trao \u0111\u1ed5i v\u00f2i phun nhanh, ch\u1ecbu nhi\u1ec7t t\u1edbi 300\u00b0C, in t\u1ed1c \u0111\u1ed9 cao, t\u01b0\u01a1ng th\u00edch nhi\u1ec1u lo\u1ea1i s\u1ee3i k\u1ef9 thu\u1eadt.","breadcrumb":{"@id":"https:\/\/nge.vn\/san-pham\/cum-dun-cho-may-in-3d-creality-ender-3-v3-se-ke\/#breadcrumb"},"inLanguage":"en-US","potentialAction":[{"@type":"ReadAction","target":["https:\/\/nge.vn\/san-pham\/cum-dun-cho-may-in-3d-creality-ender-3-v3-se-ke\/"]}]},{"@type":"ImageObject","inLanguage":"en-US","@id":"https:\/\/nge.vn\/san-pham\/cum-dun-cho-may-in-3d-creality-ender-3-v3-se-ke\/#primaryimage","url":"https:\/\/nge.vn\/wp-content\/uploads\/2025\/08\/vn-11134207-7ras8-m3rm6zjl6xpd5c_tn.jpeg","contentUrl":"https:\/\/nge.vn\/wp-content\/uploads\/2025\/08\/vn-11134207-7ras8-m3rm6zjl6xpd5c_tn.jpeg","width":320,"height":320,"caption":"ceramic heating block ender 3 v3 se ke"},{"@type":"BreadcrumbList","@id":"https:\/\/nge.vn\/san-pham\/cum-dun-cho-may-in-3d-creality-ender-3-v3-se-ke\/#breadcrumb","itemListElement":[{"@type":"ListItem","position":1,"name":"Trang ch\u1ee7","item":"https:\/\/nge.vn\/"},{"@type":"ListItem","position":2,"name":"S\u1ea3n ph\u1ea9m","item":"https:\/\/nge.vn\/san-pham\/"},{"@type":"ListItem","position":3,"name":"C\u1ee5m \u0111\u00f9n cho m\u00e1y in 3d Creality Ender-3 V3 SE\/KE"}]},{"@type":"WebSite","@id":"https:\/\/nge.vn\/#website","url":"https:\/\/nge.vn\/","name":"NGE 3D Printers Services","description":"","potentialAction":[{"@type":"SearchAction","target":{"@type":"EntryPoint","urlTemplate":"https:\/\/nge.vn\/?s={search_term_string}"},"query-input":{"@type":"PropertyValueSpecification","valueRequired":true,"valueName":"search_term_string"}}],"inLanguage":"en-US"}]}},"_links":{"self":[{"href":"https:\/\/nge.vn\/en\/wp-json\/wp\/v2\/product\/6145","targetHints":{"allow":["GET"]}}],"collection":[{"href":"https:\/\/nge.vn\/en\/wp-json\/wp\/v2\/product"}],"about":[{"href":"https:\/\/nge.vn\/en\/wp-json\/wp\/v2\/types\/product"}],"replies":[{"embeddable":true,"href":"https:\/\/nge.vn\/en\/wp-json\/wp\/v2\/comments?post=6145"}],"wp:featuredmedia":[{"embeddable":true,"href":"https:\/\/nge.vn\/en\/wp-json\/wp\/v2\/media\/6146"}],"wp:attachment":[{"href":"https:\/\/nge.vn\/en\/wp-json\/wp\/v2\/media?parent=6145"}],"wp:term":[{"taxonomy":"product_brand","embeddable":true,"href":"https:\/\/nge.vn\/en\/wp-json\/wp\/v2\/product_brand?post=6145"},{"taxonomy":"product_cat","embeddable":true,"href":"https:\/\/nge.vn\/en\/wp-json\/wp\/v2\/product_cat?post=6145"},{"taxonomy":"product_tag","embeddable":true,"href":"https:\/\/nge.vn\/en\/wp-json\/wp\/v2\/product_tag?post=6145"}],"curies":[{"name":"wp","href":"https:\/\/api.w.org\/{rel}","templated":true}]}}