{"id":6136,"date":"2025-08-04T20:24:05","date_gmt":"2025-08-04T13:24:05","guid":{"rendered":"https:\/\/nge.vn\/?post_type=product&#038;p=6136"},"modified":"2025-08-04T20:24:07","modified_gmt":"2025-08-04T13:24:07","slug":"day-display-cable-man-hinh-dieu-khien-may-in-3d-creality-k1-k1c-ender-3-v3-ender-3-v3-plus-va-k1-max","status":"publish","type":"product","link":"https:\/\/nge.vn\/en\/product\/day-display-cable-man-hinh-dieu-khien-may-in-3d-creality-k1-k1c-ender-3-v3-ender-3-v3-plus-va-k1-max\/","title":{"rendered":"D\u00e2y Display Cable m\u00e0n h\u00ecnh \u0111i\u1ec1u khi\u1ec3n m\u00e1y in 3d Creality K1\/ K1C\/Ender 3 V3\/ Ender 3 V3 PLus v\u00e0 K1 Max"},"content":{"rendered":"<h3 data-start=\"112\" data-end=\"209\">\ud83c\udfaf <strong data-start=\"119\" data-end=\"209\">D\u00e2y Display Cable cho m\u00e0n h\u00ecnh m\u00e1y in 3D Creality K1\/ K1C\/ Ender 3 V3\/ V3 Plus\/ K1 Max<\/strong><\/h3>\n<p data-start=\"211\" data-end=\"584\"><strong data-start=\"211\" data-end=\"229\">M\u00f4 t\u1ea3 s\u1ea3n ph\u1ea9m<\/strong><br data-start=\"229\" data-end=\"232\" \/>D\u00e2y Display Cable ch\u00ednh h\u00e3ng d\u00e0nh cho m\u00e0n h\u00ecnh \u0111i\u1ec1u khi\u1ec3n m\u00e1y in 3D Creality, \u0111\u1ea3m b\u1ea3o k\u1ebft n\u1ed1i \u1ed5n \u0111\u1ecbnh v\u00e0 truy\u1ec1n t\u00edn hi\u1ec7u m\u01b0\u1ee3t m\u00e0 gi\u1eefa m\u00e0n h\u00ecnh v\u00e0 bo m\u1ea1ch ch\u1ee7. T\u01b0\u01a1ng th\u00edch ho\u00e0n h\u1ea3o v\u1edbi c\u00e1c d\u00f2ng m\u00e1y Creality nh\u01b0 K1, K1C, Ender 3 V3, V3 Plus v\u00e0 K1 Max (No Screen). D\u1ec5 l\u1eafp \u0111\u1eb7t, tr\u1ecdng l\u01b0\u1ee3ng nh\u1eb9 v\u00e0 k\u00edch th\u01b0\u1edbc ch\u00ednh x\u00e1c gi\u00fap thay th\u1ebf nhanh ch\u00f3ng v\u00e0 hi\u1ec7u qu\u1ea3.<\/p>\n<hr data-start=\"586\" data-end=\"589\" \/>\n<h4 data-start=\"591\" data-end=\"619\">\u2705 <strong data-start=\"598\" data-end=\"619\">Chi ti\u1ebft s\u1ea3n ph\u1ea9m<\/strong><\/h4>\n<p data-start=\"621\" data-end=\"652\"><strong data-start=\"621\" data-end=\"650\"><em data-start=\"623\" data-end=\"648\">Display Cable d\u00f9ng cho:<\/em><\/strong><\/p>\n<ul data-start=\"653\" data-end=\"867\">\n<li data-start=\"653\" data-end=\"765\">\n<p data-start=\"655\" data-end=\"705\">Creality K1 \/ K1C \/ Ender 3 V3 \/ Ender 3 V3 Plus<\/p>\n<ul data-start=\"708\" data-end=\"765\">\n<li data-start=\"708\" data-end=\"743\">\n<p data-start=\"710\" data-end=\"743\">K\u00edch th\u01b0\u1edbc: 16.2 \u00d7 5.8 \u00d7 0.1 cm<\/p>\n<\/li>\n<li data-start=\"746\" data-end=\"765\">\n<p data-start=\"748\" data-end=\"765\">Tr\u1ecdng l\u01b0\u1ee3ng: 3g<\/p>\n<\/li>\n<\/ul>\n<\/li>\n<li data-start=\"767\" data-end=\"867\">\n<p data-start=\"769\" data-end=\"807\">Creality K1 Max (Kh\u00f4ng k\u00e8m m\u00e0n h\u00ecnh)<\/p>\n<ul data-start=\"810\" data-end=\"867\">\n<li data-start=\"810\" data-end=\"845\">\n<p data-start=\"812\" data-end=\"845\">K\u00edch th\u01b0\u1edbc: 12.8 \u00d7 5.6 \u00d7 0.1 cm<\/p>\n<\/li>\n<li data-start=\"848\" data-end=\"867\">\n<p data-start=\"850\" data-end=\"867\">Tr\u1ecdng l\u01b0\u1ee3ng: 3g<\/p>\n<\/li>\n<\/ul>\n<\/li>\n<\/ul>\n<p data-start=\"869\" data-end=\"893\"><strong data-start=\"869\" data-end=\"891\">T\u00ednh n\u0103ng n\u1ed5i b\u1eadt:<\/strong><\/p>\n<ul data-start=\"894\" data-end=\"1020\">\n<li data-start=\"894\" data-end=\"921\">\n<p data-start=\"896\" data-end=\"921\">Truy\u1ec1n t\u00edn hi\u1ec7u \u1ed5n \u0111\u1ecbnh<\/p>\n<\/li>\n<li data-start=\"922\" data-end=\"950\">\n<p data-start=\"924\" data-end=\"950\">D\u1ec5 thay th\u1ebf, c\u1eafm l\u00e0 ch\u1ea1y<\/p>\n<\/li>\n<li data-start=\"951\" data-end=\"981\">\n<p data-start=\"953\" data-end=\"981\">T\u01b0\u01a1ng th\u00edch nhi\u1ec1u d\u00f2ng m\u00e1y<\/p>\n<\/li>\n<li data-start=\"982\" data-end=\"1020\">\n<p data-start=\"984\" data-end=\"1020\">\u0110\u1ed9 b\u1ec1n cao, v\u1eadt li\u1ec7u ch\u1ed1ng g\u00e3y g\u1eadp<\/p>\n<\/li>\n<\/ul>\n<p data-start=\"1022\" data-end=\"1115\"><strong data-start=\"1022\" data-end=\"1035\">\u1ee8ng d\u1ee5ng:<\/strong><br data-start=\"1035\" data-end=\"1038\" \/>\u2714\ufe0f Thay th\u1ebf d\u00e2y c\u00e1p c\u0169, l\u1ed7i, h\u1ecfng<br data-start=\"1071\" data-end=\"1074\" \/>\u2714\ufe0f L\u1eafp \u0111\u1eb7t, s\u1eeda ch\u1eefa m\u00e1y in 3D Creality<\/p>\n<p data-start=\"1117\" data-end=\"1152\">\ud83d\udccc <strong data-start=\"1120\" data-end=\"1130\">L\u01b0u \u00fd:<\/strong> Kh\u00f4ng \u0111i k\u00e8m m\u00e0n h\u00ecnh<\/p>\n<blockquote class=\"wp-embedded-content\" data-secret=\"IlyjwLOlyq\"><p><a href=\"https:\/\/nge.vn\/en\/product\/may-in-3d-creality-k1c-chuyen-in-soi-carbon-toc-do-max-600mm-s-prinitng-size-222225cm\/\">Creality K1C 3D printer specializes in printing Carbon fiber with a maximum speed of 600mm\/s, printing size 22*22*25cm<\/a><\/p><\/blockquote>\n<p><iframe loading=\"lazy\" class=\"wp-embedded-content\" sandbox=\"allow-scripts\" security=\"restricted\" style=\"position: absolute; visibility: hidden;\" title=\"&#8220;M\u00e1y in 3d Creality K1C chuy\u00ean in s\u1ee3i Carbon t\u1ed1c \u0111\u1ed9 max 600mm\/s prinitng size 22*22*25cm&#8221; &#8212; NGE 3D Printers Services\" src=\"https:\/\/nge.vn\/san-pham\/may-in-3d-creality-k1c-chuyen-in-soi-carbon-toc-do-max-600mm-s-prinitng-size-222225cm\/embed\/#?secret=fgsYnKrMfA#?secret=IlyjwLOlyq\" data-secret=\"IlyjwLOlyq\" width=\"600\" height=\"338\" frameborder=\"0\" marginwidth=\"0\" marginheight=\"0\" scrolling=\"no\"><\/iframe><\/p>\n<blockquote class=\"wp-embedded-content\" data-secret=\"Fyj6K3yLFA\"><p><a href=\"https:\/\/nge.vn\/en\/product\/may-in-3d-corexz-creality-ender-3-v3-kho-in-222225cm-toc-do-in-\u2264600mm-s-2\/\">M\u00e1y in 3d Creality Ender 3 V3 t\u1ed1c \u0111\u1ed9 in \u2264600mm\/s<\/a><\/p><\/blockquote>\n<p><iframe loading=\"lazy\" class=\"wp-embedded-content\" sandbox=\"allow-scripts\" security=\"restricted\" style=\"position: absolute; visibility: hidden;\" title=\"&#8220;M\u00e1y in 3d Creality Ender 3 V3 t\u1ed1c \u0111\u1ed9 in \u2264600mm\/s&#8221; &#8212; NGE 3D Printers Services\" src=\"https:\/\/nge.vn\/san-pham\/may-in-3d-corexz-creality-ender-3-v3-kho-in-222225cm-toc-do-in-%e2%89%a4600mm-s-2\/embed\/#?secret=VkkqOvNrrT#?secret=Fyj6K3yLFA\" data-secret=\"Fyj6K3yLFA\" width=\"600\" height=\"338\" frameborder=\"0\" marginwidth=\"0\" marginheight=\"0\" scrolling=\"no\"><\/iframe><\/p>\n<p data-start=\"1117\" data-end=\"1152\">-\u0110\u00e2y l\u00e0 c\u00e1c trang b\u00e1n h\u00e0ng b\u00ean m\u00ecnh NGE 3D Printer Services chuy\u00ean cung c\u1ea5p Nh\u1ef1a in 3D v\u00e0 M\u00e1y in 3D c\u1ee7a H\u00e3ng ESUN, Flsun, BIQU, Creality, eMake3d&#8230;<br \/>\n\ud83d\uded2Shopee =&gt; https:\/\/shopee.vn\/nge3dprinter<br \/>\n\ud83d\uded2Shopee =&gt; https:\/\/shopee.vn\/nge3dservices<br \/>\n\ud83d\uded2Shopee Voron v\u00e0 eMake3D =&gt; https:\/\/shopee.vn\/3dmasterpower<br \/>\n\ud83d\uded2Shopee eMake3D =&gt; https:\/\/shopee.vn\/nge3dprinting<br \/>\n\ud83d\uded2Lazada =&gt; https:\/\/www.lazada.vn\/shop\/nge-3d-printer<br \/>\n\ud83d\uded2Lazada =&gt; https:\/\/www.lazada.vn\/shop\/nge-3d-printer-services<br \/>\n\ud83d\uded2Lazada =&gt; https:\/\/www.lazada.vn\/shop\/emake3d-vn<br \/>\n\ud83d\uded2Webslite Th\u1ebf H\u1ec7 K\u1ebf Ti\u1ebfp =&gt;https:\/\/www.theheketiep.com\/<br \/>\n\ud83d\uded2Webslite NGE.VN =&gt;https:\/\/www.nge.vn\/<br \/>\nHo\u1eb7c b\u1ea1n g\u1ecdi 094.144.0951 g\u1eb7p m\u00ecnh<br \/>\nHo\u1eb7c 0913939775 g\u1eb7p anh Qu\u00e2n<br \/>\n** Price does not include VAT (+8 or 10% if VAT invoice is issued)<\/p>\n<p data-start=\"1022\" data-end=\"1115\">","protected":false},"excerpt":{"rendered":"<p data-start=\"1276\" data-end=\"1415\">D\u00e2y Display Cable cho m\u00e0n h\u00ecnh m\u00e1y in 3D Creality K1, K1C, Ender 3 V3, V3 Plus v\u00e0 K1 Max. Truy\u1ec1n t\u00edn hi\u1ec7u \u1ed5n \u0111\u1ecbnh, d\u1ec5 thay th\u1ebf, ch\u00ednh h\u00e3ng.<\/p>","protected":false},"featured_media":6141,"comment_status":"open","ping_status":"closed","template":"","meta":{"inline_featured_image":false},"product_brand":[],"product_cat":[462,40,56],"product_tag":[495,773,775,652,774,776,515,663],"class_list":{"0":"post-6136","1":"product","2":"type-product","3":"status-publish","4":"has-post-thumbnail","6":"product_cat-board-va-man-hinh-dieu-khien","7":"product_cat-linh-kien-va-phu-kien","8":"product_cat-linh-phu-kien-may-in-3d-creality","9":"product_tag-creality","10":"product_tag-displaycable","11":"product_tag-ender3plus","12":"product_tag-ender3v3","13":"product_tag-k1","14":"product_tag-k1c","15":"product_tag-k1max","16":"product_tag-nge3d","18":"first","19":"instock","20":"taxable","21":"shipping-taxable","22":"purchasable","23":"product-type-variable"},"yoast_head":"<!-- This site is optimized with the Yoast SEO Premium plugin v22.8 (Yoast SEO v26.9) - https:\/\/yoast.com\/product\/yoast-seo-premium-wordpress\/ -->\n<title>D\u00e2y Display Cable m\u00e0n h\u00ecnh \u0111i\u1ec1u khi\u1ec3n m\u00e1y in 3d Creality K1\/ K1C\/Ender 3 V3\/ Ender 3 V3 PLus v\u00e0 K1 Max - NGE 3D Printers Services<\/title>\n<meta name=\"description\" content=\"D\u00e2y Display Cable cho m\u00e0n h\u00ecnh m\u00e1y in 3D Creality K1, K1C, Ender 3 V3, V3 Plus v\u00e0 K1 Max. Truy\u1ec1n t\u00edn hi\u1ec7u \u1ed5n \u0111\u1ecbnh, d\u1ec5 thay th\u1ebf, ch\u00ednh h\u00e3ng.\" \/>\n<meta name=\"robots\" content=\"index, follow, max-snippet:-1, max-image-preview:large, max-video-preview:-1\" \/>\n<link rel=\"canonical\" href=\"https:\/\/nge.vn\/en\/product\/day-display-cable-man-hinh-dieu-khien-may-in-3d-creality-k1-k1c-ender-3-v3-ender-3-v3-plus-va-k1-max\/\" \/>\n<meta property=\"og:locale\" content=\"en_US\" \/>\n<meta property=\"og:type\" content=\"article\" \/>\n<meta property=\"og:title\" content=\"D\u00e2y Display Cable m\u00e0n h\u00ecnh \u0111i\u1ec1u khi\u1ec3n m\u00e1y in 3d Creality K1\/ K1C\/Ender 3 V3\/ Ender 3 V3 PLus v\u00e0 K1 Max\" \/>\n<meta property=\"og:description\" content=\"D\u00e2y Display Cable cho m\u00e0n h\u00ecnh m\u00e1y in 3D Creality K1, K1C, Ender 3 V3, V3 Plus v\u00e0 K1 Max. Truy\u1ec1n t\u00edn hi\u1ec7u \u1ed5n \u0111\u1ecbnh, d\u1ec5 thay th\u1ebf, ch\u00ednh h\u00e3ng.\" \/>\n<meta property=\"og:url\" content=\"https:\/\/nge.vn\/en\/product\/day-display-cable-man-hinh-dieu-khien-may-in-3d-creality-k1-k1c-ender-3-v3-ender-3-v3-plus-va-k1-max\/\" \/>\n<meta property=\"og:site_name\" content=\"NGE 3D Printers Services\" \/>\n<meta property=\"article:modified_time\" content=\"2025-08-04T13:24:07+00:00\" \/>\n<meta property=\"og:image\" content=\"https:\/\/nge.vn\/wp-content\/uploads\/2025\/08\/vn-11134207-7ras8-m430pqn88zpr32_tn.jpeg\" \/>\n\t<meta property=\"og:image:width\" content=\"320\" \/>\n\t<meta property=\"og:image:height\" content=\"320\" \/>\n\t<meta property=\"og:image:type\" content=\"image\/jpeg\" \/>\n<meta name=\"twitter:card\" content=\"summary_large_image\" \/>\n<meta name=\"twitter:label1\" content=\"Est. reading time\" \/>\n\t<meta name=\"twitter:data1\" content=\"2 minutes\" \/>\n<script type=\"application\/ld+json\" class=\"yoast-schema-graph\">{\"@context\":\"https:\/\/schema.org\",\"@graph\":[{\"@type\":\"WebPage\",\"@id\":\"https:\/\/nge.vn\/san-pham\/day-display-cable-man-hinh-dieu-khien-may-in-3d-creality-k1-k1c-ender-3-v3-ender-3-v3-plus-va-k1-max\/\",\"url\":\"https:\/\/nge.vn\/san-pham\/day-display-cable-man-hinh-dieu-khien-may-in-3d-creality-k1-k1c-ender-3-v3-ender-3-v3-plus-va-k1-max\/\",\"name\":\"D\u00e2y Display Cable m\u00e0n h\u00ecnh \u0111i\u1ec1u khi\u1ec3n m\u00e1y in 3d Creality K1\/ K1C\/Ender 3 V3\/ Ender 3 V3 PLus v\u00e0 K1 Max - NGE 3D Printers Services\",\"isPartOf\":{\"@id\":\"https:\/\/nge.vn\/#website\"},\"primaryImageOfPage\":{\"@id\":\"https:\/\/nge.vn\/san-pham\/day-display-cable-man-hinh-dieu-khien-may-in-3d-creality-k1-k1c-ender-3-v3-ender-3-v3-plus-va-k1-max\/#primaryimage\"},\"image\":{\"@id\":\"https:\/\/nge.vn\/san-pham\/day-display-cable-man-hinh-dieu-khien-may-in-3d-creality-k1-k1c-ender-3-v3-ender-3-v3-plus-va-k1-max\/#primaryimage\"},\"thumbnailUrl\":\"https:\/\/nge.vn\/wp-content\/uploads\/2025\/08\/vn-11134207-7ras8-m430pqn88zpr32_tn.jpeg\",\"datePublished\":\"2025-08-04T13:24:05+00:00\",\"dateModified\":\"2025-08-04T13:24:07+00:00\",\"description\":\"D\u00e2y Display Cable cho m\u00e0n h\u00ecnh m\u00e1y in 3D Creality K1, K1C, Ender 3 V3, V3 Plus v\u00e0 K1 Max. Truy\u1ec1n t\u00edn hi\u1ec7u \u1ed5n \u0111\u1ecbnh, d\u1ec5 thay th\u1ebf, ch\u00ednh h\u00e3ng.\",\"breadcrumb\":{\"@id\":\"https:\/\/nge.vn\/san-pham\/day-display-cable-man-hinh-dieu-khien-may-in-3d-creality-k1-k1c-ender-3-v3-ender-3-v3-plus-va-k1-max\/#breadcrumb\"},\"inLanguage\":\"en-US\",\"potentialAction\":[{\"@type\":\"ReadAction\",\"target\":[\"https:\/\/nge.vn\/san-pham\/day-display-cable-man-hinh-dieu-khien-may-in-3d-creality-k1-k1c-ender-3-v3-ender-3-v3-plus-va-k1-max\/\"]}]},{\"@type\":\"ImageObject\",\"inLanguage\":\"en-US\",\"@id\":\"https:\/\/nge.vn\/san-pham\/day-display-cable-man-hinh-dieu-khien-may-in-3d-creality-k1-k1c-ender-3-v3-ender-3-v3-plus-va-k1-max\/#primaryimage\",\"url\":\"https:\/\/nge.vn\/wp-content\/uploads\/2025\/08\/vn-11134207-7ras8-m430pqn88zpr32_tn.jpeg\",\"contentUrl\":\"https:\/\/nge.vn\/wp-content\/uploads\/2025\/08\/vn-11134207-7ras8-m430pqn88zpr32_tn.jpeg\",\"width\":320,\"height\":320},{\"@type\":\"BreadcrumbList\",\"@id\":\"https:\/\/nge.vn\/san-pham\/day-display-cable-man-hinh-dieu-khien-may-in-3d-creality-k1-k1c-ender-3-v3-ender-3-v3-plus-va-k1-max\/#breadcrumb\",\"itemListElement\":[{\"@type\":\"ListItem\",\"position\":1,\"name\":\"Trang ch\u1ee7\",\"item\":\"https:\/\/nge.vn\/\"},{\"@type\":\"ListItem\",\"position\":2,\"name\":\"S\u1ea3n ph\u1ea9m\",\"item\":\"https:\/\/nge.vn\/san-pham\/\"},{\"@type\":\"ListItem\",\"position\":3,\"name\":\"D\u00e2y Display Cable m\u00e0n h\u00ecnh \u0111i\u1ec1u khi\u1ec3n m\u00e1y in 3d Creality K1\/ K1C\/Ender 3 V3\/ Ender 3 V3 PLus v\u00e0 K1 Max\"}]},{\"@type\":\"WebSite\",\"@id\":\"https:\/\/nge.vn\/#website\",\"url\":\"https:\/\/nge.vn\/\",\"name\":\"NGE 3D Printers Services\",\"description\":\"\",\"potentialAction\":[{\"@type\":\"SearchAction\",\"target\":{\"@type\":\"EntryPoint\",\"urlTemplate\":\"https:\/\/nge.vn\/?s={search_term_string}\"},\"query-input\":{\"@type\":\"PropertyValueSpecification\",\"valueRequired\":true,\"valueName\":\"search_term_string\"}}],\"inLanguage\":\"en-US\"}]}<\/script>\n<!-- \/ Yoast SEO Premium plugin. -->","yoast_head_json":{"title":"D\u00e2y Display Cable m\u00e0n h\u00ecnh \u0111i\u1ec1u khi\u1ec3n m\u00e1y in 3d Creality K1\/ K1C\/Ender 3 V3\/ Ender 3 V3 PLus v\u00e0 K1 Max - NGE 3D Printers Services","description":"D\u00e2y Display Cable cho m\u00e0n h\u00ecnh m\u00e1y in 3D Creality K1, K1C, Ender 3 V3, V3 Plus v\u00e0 K1 Max. Truy\u1ec1n t\u00edn hi\u1ec7u \u1ed5n \u0111\u1ecbnh, d\u1ec5 thay th\u1ebf, ch\u00ednh h\u00e3ng.","robots":{"index":"index","follow":"follow","max-snippet":"max-snippet:-1","max-image-preview":"max-image-preview:large","max-video-preview":"max-video-preview:-1"},"canonical":"https:\/\/nge.vn\/en\/product\/day-display-cable-man-hinh-dieu-khien-may-in-3d-creality-k1-k1c-ender-3-v3-ender-3-v3-plus-va-k1-max\/","og_locale":"en_US","og_type":"article","og_title":"D\u00e2y Display Cable m\u00e0n h\u00ecnh \u0111i\u1ec1u khi\u1ec3n m\u00e1y in 3d Creality K1\/ K1C\/Ender 3 V3\/ Ender 3 V3 PLus v\u00e0 K1 Max","og_description":"D\u00e2y Display Cable cho m\u00e0n h\u00ecnh m\u00e1y in 3D Creality K1, K1C, Ender 3 V3, V3 Plus v\u00e0 K1 Max. Truy\u1ec1n t\u00edn hi\u1ec7u \u1ed5n \u0111\u1ecbnh, d\u1ec5 thay th\u1ebf, ch\u00ednh h\u00e3ng.","og_url":"https:\/\/nge.vn\/en\/product\/day-display-cable-man-hinh-dieu-khien-may-in-3d-creality-k1-k1c-ender-3-v3-ender-3-v3-plus-va-k1-max\/","og_site_name":"NGE 3D Printers Services","article_modified_time":"2025-08-04T13:24:07+00:00","og_image":[{"width":320,"height":320,"url":"https:\/\/nge.vn\/wp-content\/uploads\/2025\/08\/vn-11134207-7ras8-m430pqn88zpr32_tn.jpeg","type":"image\/jpeg"}],"twitter_card":"summary_large_image","twitter_misc":{"Est. reading time":"2 minutes"},"schema":{"@context":"https:\/\/schema.org","@graph":[{"@type":"WebPage","@id":"https:\/\/nge.vn\/san-pham\/day-display-cable-man-hinh-dieu-khien-may-in-3d-creality-k1-k1c-ender-3-v3-ender-3-v3-plus-va-k1-max\/","url":"https:\/\/nge.vn\/san-pham\/day-display-cable-man-hinh-dieu-khien-may-in-3d-creality-k1-k1c-ender-3-v3-ender-3-v3-plus-va-k1-max\/","name":"D\u00e2y Display Cable m\u00e0n h\u00ecnh \u0111i\u1ec1u khi\u1ec3n m\u00e1y in 3d Creality K1\/ K1C\/Ender 3 V3\/ Ender 3 V3 PLus v\u00e0 K1 Max - NGE 3D Printers Services","isPartOf":{"@id":"https:\/\/nge.vn\/#website"},"primaryImageOfPage":{"@id":"https:\/\/nge.vn\/san-pham\/day-display-cable-man-hinh-dieu-khien-may-in-3d-creality-k1-k1c-ender-3-v3-ender-3-v3-plus-va-k1-max\/#primaryimage"},"image":{"@id":"https:\/\/nge.vn\/san-pham\/day-display-cable-man-hinh-dieu-khien-may-in-3d-creality-k1-k1c-ender-3-v3-ender-3-v3-plus-va-k1-max\/#primaryimage"},"thumbnailUrl":"https:\/\/nge.vn\/wp-content\/uploads\/2025\/08\/vn-11134207-7ras8-m430pqn88zpr32_tn.jpeg","datePublished":"2025-08-04T13:24:05+00:00","dateModified":"2025-08-04T13:24:07+00:00","description":"D\u00e2y Display Cable cho m\u00e0n h\u00ecnh m\u00e1y in 3D Creality K1, K1C, Ender 3 V3, V3 Plus v\u00e0 K1 Max. Truy\u1ec1n t\u00edn hi\u1ec7u \u1ed5n \u0111\u1ecbnh, d\u1ec5 thay th\u1ebf, ch\u00ednh h\u00e3ng.","breadcrumb":{"@id":"https:\/\/nge.vn\/san-pham\/day-display-cable-man-hinh-dieu-khien-may-in-3d-creality-k1-k1c-ender-3-v3-ender-3-v3-plus-va-k1-max\/#breadcrumb"},"inLanguage":"en-US","potentialAction":[{"@type":"ReadAction","target":["https:\/\/nge.vn\/san-pham\/day-display-cable-man-hinh-dieu-khien-may-in-3d-creality-k1-k1c-ender-3-v3-ender-3-v3-plus-va-k1-max\/"]}]},{"@type":"ImageObject","inLanguage":"en-US","@id":"https:\/\/nge.vn\/san-pham\/day-display-cable-man-hinh-dieu-khien-may-in-3d-creality-k1-k1c-ender-3-v3-ender-3-v3-plus-va-k1-max\/#primaryimage","url":"https:\/\/nge.vn\/wp-content\/uploads\/2025\/08\/vn-11134207-7ras8-m430pqn88zpr32_tn.jpeg","contentUrl":"https:\/\/nge.vn\/wp-content\/uploads\/2025\/08\/vn-11134207-7ras8-m430pqn88zpr32_tn.jpeg","width":320,"height":320},{"@type":"BreadcrumbList","@id":"https:\/\/nge.vn\/san-pham\/day-display-cable-man-hinh-dieu-khien-may-in-3d-creality-k1-k1c-ender-3-v3-ender-3-v3-plus-va-k1-max\/#breadcrumb","itemListElement":[{"@type":"ListItem","position":1,"name":"Trang ch\u1ee7","item":"https:\/\/nge.vn\/"},{"@type":"ListItem","position":2,"name":"S\u1ea3n ph\u1ea9m","item":"https:\/\/nge.vn\/san-pham\/"},{"@type":"ListItem","position":3,"name":"D\u00e2y Display Cable m\u00e0n h\u00ecnh \u0111i\u1ec1u khi\u1ec3n m\u00e1y in 3d Creality K1\/ K1C\/Ender 3 V3\/ Ender 3 V3 PLus v\u00e0 K1 Max"}]},{"@type":"WebSite","@id":"https:\/\/nge.vn\/#website","url":"https:\/\/nge.vn\/","name":"NGE 3D Printers Services","description":"","potentialAction":[{"@type":"SearchAction","target":{"@type":"EntryPoint","urlTemplate":"https:\/\/nge.vn\/?s={search_term_string}"},"query-input":{"@type":"PropertyValueSpecification","valueRequired":true,"valueName":"search_term_string"}}],"inLanguage":"en-US"}]}},"_links":{"self":[{"href":"https:\/\/nge.vn\/en\/wp-json\/wp\/v2\/product\/6136","targetHints":{"allow":["GET"]}}],"collection":[{"href":"https:\/\/nge.vn\/en\/wp-json\/wp\/v2\/product"}],"about":[{"href":"https:\/\/nge.vn\/en\/wp-json\/wp\/v2\/types\/product"}],"replies":[{"embeddable":true,"href":"https:\/\/nge.vn\/en\/wp-json\/wp\/v2\/comments?post=6136"}],"wp:featuredmedia":[{"embeddable":true,"href":"https:\/\/nge.vn\/en\/wp-json\/wp\/v2\/media\/6141"}],"wp:attachment":[{"href":"https:\/\/nge.vn\/en\/wp-json\/wp\/v2\/media?parent=6136"}],"wp:term":[{"taxonomy":"product_brand","embeddable":true,"href":"https:\/\/nge.vn\/en\/wp-json\/wp\/v2\/product_brand?post=6136"},{"taxonomy":"product_cat","embeddable":true,"href":"https:\/\/nge.vn\/en\/wp-json\/wp\/v2\/product_cat?post=6136"},{"taxonomy":"product_tag","embeddable":true,"href":"https:\/\/nge.vn\/en\/wp-json\/wp\/v2\/product_tag?post=6136"}],"curies":[{"name":"wp","href":"https:\/\/api.w.org\/{rel}","templated":true}]}}