{"id":613,"date":"2024-10-25T13:04:29","date_gmt":"2024-10-25T06:04:29","guid":{"rendered":"https:\/\/nge.123websitedev.com\/san-pham\/board-dieu-khien-motherboard-pcba-v2-2-cho-may-in-3d-ender-5-plus-va-cr-10-series\/"},"modified":"2024-10-29T15:02:39","modified_gmt":"2024-10-29T08:02:39","slug":"board-dieu-khien-motherboard-pcba-v2-2-cho-may-in-3d-ender-5-plus-va-cr-10-series","status":"publish","type":"product","link":"https:\/\/nge.vn\/en\/product\/board-dieu-khien-motherboard-pcba-v2-2-cho-may-in-3d-ender-5-plus-va-cr-10-series\/","title":{"rendered":"Board \u0111i\u1ec1u khi\u1ec3n Motherboard PCBA V2.2 cho m\u00e1y in 3d Ender 5 Plus v\u00e0 CR-10 series.."},"content":{"rendered":"<p>Board m\u1ea1ch \u0111i\u1ec1u khi\u1ec3n Motherboard PCBA V2.2 cho m\u00e1y in 3d Ender 5 Plus v\u00e0 CR-10 series..<br \/>\n_Th\u00f4ng tin s\u1ea3n ph\u1ea9m:<br \/>\n+Th\u01b0\u01a1ng hi\u1ec7u\uff1aCreality<br \/>\n+K\u00edch th\u01b0\u1edbc s\u1ea3n ph\u1ea9m\uff1a105*85*20mm<br \/>\n+K\u00edch th\u01b0\u1edbc \u0111\u00f3ng g\u00f3i\uff1a150\u00d7115\u00d745mm<br \/>\n+N.W.\uff1a83g<br \/>\n+G.W.\uff1a143g<br \/>\n+S\u1eed d\u1ee5ng cho c\u00e1c m\u00e1y: Ender-5 Plus, CR-X, CR-XB, CR-10S, CR-10 S4, CR-10 S5, CR-20, CR-20 Pro, CV01<\/p>\n<p>**\u0110\u1ec3 \u0111\u01b0\u1ee3c nh\u1eadn h\u1ed9 tr\u1ee3 th\u00eam v\u1ec1 Gi\u00e1 v\u00e0 Th\u00f4ng tin c\u1ee7a s\u1ea3n ph\u1ea9m, vui l\u00f2ng li\u00ean h\u1ec7:<br \/>\n0913.939.775 g\u1eb7p A. Qu\u00e2n (for English)<br \/>\n094.144.0951 contact A.Quynh<br \/>\n**Selling price does not include VAT (+10% if VAT invoice is issued)<\/p>","protected":false},"excerpt":{"rendered":"<p>Board \u0111i\u1ec1u khi\u1ec3n Motherboard PCBA V2.2 cho m\u00e1y in 3d Ender 5 Plus v\u00e0 CR-10 series..<\/p>","protected":false},"featured_media":604,"comment_status":"open","ping_status":"closed","template":"","meta":{"inline_featured_image":false},"product_brand":[],"product_cat":[462,40],"product_tag":[],"class_list":{"0":"post-613","1":"product","2":"type-product","3":"status-publish","4":"has-post-thumbnail","6":"product_cat-board-va-man-hinh-dieu-khien","7":"product_cat-linh-kien-va-phu-kien","9":"first","10":"instock","11":"taxable","12":"shipping-taxable","13":"purchasable","14":"product-type-variable"},"yoast_head":"<!-- This site is optimized with the Yoast SEO Premium plugin v22.8 (Yoast SEO v26.9) - https:\/\/yoast.com\/product\/yoast-seo-premium-wordpress\/ -->\n<title>Board \u0111i\u1ec1u khi\u1ec3n Motherboard PCBA V2.2 cho m\u00e1y in 3d Ender 5 Plus v\u00e0 CR-10 series.. - NGE 3D Printers Services<\/title>\n<meta name=\"robots\" content=\"index, follow, max-snippet:-1, max-image-preview:large, max-video-preview:-1\" \/>\n<link rel=\"canonical\" href=\"https:\/\/nge.vn\/en\/product\/board-dieu-khien-motherboard-pcba-v2-2-cho-may-in-3d-ender-5-plus-va-cr-10-series\/\" \/>\n<meta property=\"og:locale\" content=\"en_US\" \/>\n<meta property=\"og:type\" content=\"article\" \/>\n<meta property=\"og:title\" content=\"Board \u0111i\u1ec1u khi\u1ec3n Motherboard PCBA V2.2 cho m\u00e1y in 3d Ender 5 Plus v\u00e0 CR-10 series..\" \/>\n<meta property=\"og:description\" content=\"Board \u0111i\u1ec1u khi\u1ec3n Motherboard PCBA V2.2 cho m\u00e1y in 3d Ender 5 Plus v\u00e0 CR-10 series..\" \/>\n<meta property=\"og:url\" content=\"https:\/\/nge.vn\/en\/product\/board-dieu-khien-motherboard-pcba-v2-2-cho-may-in-3d-ender-5-plus-va-cr-10-series\/\" \/>\n<meta property=\"og:site_name\" content=\"NGE 3D Printers Services\" \/>\n<meta property=\"article:modified_time\" content=\"2024-10-29T08:02:39+00:00\" \/>\n<meta property=\"og:image\" content=\"https:\/\/nge.vn\/wp-content\/uploads\/2024\/10\/images-upload-woo2Fb660bb401125d8f620c49d3f0587c37c.jpg\" \/>\n\t<meta property=\"og:image:width\" content=\"628\" \/>\n\t<meta property=\"og:image:height\" content=\"628\" \/>\n\t<meta property=\"og:image:type\" content=\"image\/jpeg\" \/>\n<meta name=\"twitter:card\" content=\"summary_large_image\" \/>\n<meta name=\"twitter:label1\" content=\"Est. reading time\" \/>\n\t<meta name=\"twitter:data1\" content=\"1 minute\" \/>\n<script type=\"application\/ld+json\" class=\"yoast-schema-graph\">{\"@context\":\"https:\/\/schema.org\",\"@graph\":[{\"@type\":\"WebPage\",\"@id\":\"https:\/\/nge.vn\/san-pham\/board-dieu-khien-motherboard-pcba-v2-2-cho-may-in-3d-ender-5-plus-va-cr-10-series\/\",\"url\":\"https:\/\/nge.vn\/san-pham\/board-dieu-khien-motherboard-pcba-v2-2-cho-may-in-3d-ender-5-plus-va-cr-10-series\/\",\"name\":\"Board \u0111i\u1ec1u khi\u1ec3n Motherboard PCBA V2.2 cho m\u00e1y in 3d Ender 5 Plus v\u00e0 CR-10 series.. - NGE 3D Printers Services\",\"isPartOf\":{\"@id\":\"https:\/\/nge.vn\/#website\"},\"primaryImageOfPage\":{\"@id\":\"https:\/\/nge.vn\/san-pham\/board-dieu-khien-motherboard-pcba-v2-2-cho-may-in-3d-ender-5-plus-va-cr-10-series\/#primaryimage\"},\"image\":{\"@id\":\"https:\/\/nge.vn\/san-pham\/board-dieu-khien-motherboard-pcba-v2-2-cho-may-in-3d-ender-5-plus-va-cr-10-series\/#primaryimage\"},\"thumbnailUrl\":\"https:\/\/nge.vn\/wp-content\/uploads\/2024\/10\/images-upload-woo2Fb660bb401125d8f620c49d3f0587c37c.jpg\",\"datePublished\":\"2024-10-25T06:04:29+00:00\",\"dateModified\":\"2024-10-29T08:02:39+00:00\",\"breadcrumb\":{\"@id\":\"https:\/\/nge.vn\/san-pham\/board-dieu-khien-motherboard-pcba-v2-2-cho-may-in-3d-ender-5-plus-va-cr-10-series\/#breadcrumb\"},\"inLanguage\":\"en-US\",\"potentialAction\":[{\"@type\":\"ReadAction\",\"target\":[\"https:\/\/nge.vn\/san-pham\/board-dieu-khien-motherboard-pcba-v2-2-cho-may-in-3d-ender-5-plus-va-cr-10-series\/\"]}]},{\"@type\":\"ImageObject\",\"inLanguage\":\"en-US\",\"@id\":\"https:\/\/nge.vn\/san-pham\/board-dieu-khien-motherboard-pcba-v2-2-cho-may-in-3d-ender-5-plus-va-cr-10-series\/#primaryimage\",\"url\":\"https:\/\/nge.vn\/wp-content\/uploads\/2024\/10\/images-upload-woo2Fb660bb401125d8f620c49d3f0587c37c.jpg\",\"contentUrl\":\"https:\/\/nge.vn\/wp-content\/uploads\/2024\/10\/images-upload-woo2Fb660bb401125d8f620c49d3f0587c37c.jpg\",\"width\":628,\"height\":628},{\"@type\":\"BreadcrumbList\",\"@id\":\"https:\/\/nge.vn\/san-pham\/board-dieu-khien-motherboard-pcba-v2-2-cho-may-in-3d-ender-5-plus-va-cr-10-series\/#breadcrumb\",\"itemListElement\":[{\"@type\":\"ListItem\",\"position\":1,\"name\":\"Trang ch\u1ee7\",\"item\":\"https:\/\/nge.vn\/\"},{\"@type\":\"ListItem\",\"position\":2,\"name\":\"S\u1ea3n ph\u1ea9m\",\"item\":\"https:\/\/nge.vn\/san-pham\/\"},{\"@type\":\"ListItem\",\"position\":3,\"name\":\"Board \u0111i\u1ec1u khi\u1ec3n Motherboard PCBA V2.2 cho m\u00e1y in 3d Ender 5 Plus v\u00e0 CR-10 series..\"}]},{\"@type\":\"WebSite\",\"@id\":\"https:\/\/nge.vn\/#website\",\"url\":\"https:\/\/nge.vn\/\",\"name\":\"NGE 3D Printers Services\",\"description\":\"\",\"potentialAction\":[{\"@type\":\"SearchAction\",\"target\":{\"@type\":\"EntryPoint\",\"urlTemplate\":\"https:\/\/nge.vn\/?s={search_term_string}\"},\"query-input\":{\"@type\":\"PropertyValueSpecification\",\"valueRequired\":true,\"valueName\":\"search_term_string\"}}],\"inLanguage\":\"en-US\"}]}<\/script>\n<!-- \/ Yoast SEO Premium plugin. -->","yoast_head_json":{"title":"Board \u0111i\u1ec1u khi\u1ec3n Motherboard PCBA V2.2 cho m\u00e1y in 3d Ender 5 Plus v\u00e0 CR-10 series.. - NGE 3D Printers Services","robots":{"index":"index","follow":"follow","max-snippet":"max-snippet:-1","max-image-preview":"max-image-preview:large","max-video-preview":"max-video-preview:-1"},"canonical":"https:\/\/nge.vn\/en\/product\/board-dieu-khien-motherboard-pcba-v2-2-cho-may-in-3d-ender-5-plus-va-cr-10-series\/","og_locale":"en_US","og_type":"article","og_title":"Board \u0111i\u1ec1u khi\u1ec3n Motherboard PCBA V2.2 cho m\u00e1y in 3d Ender 5 Plus v\u00e0 CR-10 series..","og_description":"Board \u0111i\u1ec1u khi\u1ec3n Motherboard PCBA V2.2 cho m\u00e1y in 3d Ender 5 Plus v\u00e0 CR-10 series..","og_url":"https:\/\/nge.vn\/en\/product\/board-dieu-khien-motherboard-pcba-v2-2-cho-may-in-3d-ender-5-plus-va-cr-10-series\/","og_site_name":"NGE 3D Printers Services","article_modified_time":"2024-10-29T08:02:39+00:00","og_image":[{"width":628,"height":628,"url":"https:\/\/nge.vn\/wp-content\/uploads\/2024\/10\/images-upload-woo2Fb660bb401125d8f620c49d3f0587c37c.jpg","type":"image\/jpeg"}],"twitter_card":"summary_large_image","twitter_misc":{"Est. reading time":"1 minute"},"schema":{"@context":"https:\/\/schema.org","@graph":[{"@type":"WebPage","@id":"https:\/\/nge.vn\/san-pham\/board-dieu-khien-motherboard-pcba-v2-2-cho-may-in-3d-ender-5-plus-va-cr-10-series\/","url":"https:\/\/nge.vn\/san-pham\/board-dieu-khien-motherboard-pcba-v2-2-cho-may-in-3d-ender-5-plus-va-cr-10-series\/","name":"Board \u0111i\u1ec1u khi\u1ec3n Motherboard PCBA V2.2 cho m\u00e1y in 3d Ender 5 Plus v\u00e0 CR-10 series.. - NGE 3D Printers Services","isPartOf":{"@id":"https:\/\/nge.vn\/#website"},"primaryImageOfPage":{"@id":"https:\/\/nge.vn\/san-pham\/board-dieu-khien-motherboard-pcba-v2-2-cho-may-in-3d-ender-5-plus-va-cr-10-series\/#primaryimage"},"image":{"@id":"https:\/\/nge.vn\/san-pham\/board-dieu-khien-motherboard-pcba-v2-2-cho-may-in-3d-ender-5-plus-va-cr-10-series\/#primaryimage"},"thumbnailUrl":"https:\/\/nge.vn\/wp-content\/uploads\/2024\/10\/images-upload-woo2Fb660bb401125d8f620c49d3f0587c37c.jpg","datePublished":"2024-10-25T06:04:29+00:00","dateModified":"2024-10-29T08:02:39+00:00","breadcrumb":{"@id":"https:\/\/nge.vn\/san-pham\/board-dieu-khien-motherboard-pcba-v2-2-cho-may-in-3d-ender-5-plus-va-cr-10-series\/#breadcrumb"},"inLanguage":"en-US","potentialAction":[{"@type":"ReadAction","target":["https:\/\/nge.vn\/san-pham\/board-dieu-khien-motherboard-pcba-v2-2-cho-may-in-3d-ender-5-plus-va-cr-10-series\/"]}]},{"@type":"ImageObject","inLanguage":"en-US","@id":"https:\/\/nge.vn\/san-pham\/board-dieu-khien-motherboard-pcba-v2-2-cho-may-in-3d-ender-5-plus-va-cr-10-series\/#primaryimage","url":"https:\/\/nge.vn\/wp-content\/uploads\/2024\/10\/images-upload-woo2Fb660bb401125d8f620c49d3f0587c37c.jpg","contentUrl":"https:\/\/nge.vn\/wp-content\/uploads\/2024\/10\/images-upload-woo2Fb660bb401125d8f620c49d3f0587c37c.jpg","width":628,"height":628},{"@type":"BreadcrumbList","@id":"https:\/\/nge.vn\/san-pham\/board-dieu-khien-motherboard-pcba-v2-2-cho-may-in-3d-ender-5-plus-va-cr-10-series\/#breadcrumb","itemListElement":[{"@type":"ListItem","position":1,"name":"Trang ch\u1ee7","item":"https:\/\/nge.vn\/"},{"@type":"ListItem","position":2,"name":"S\u1ea3n ph\u1ea9m","item":"https:\/\/nge.vn\/san-pham\/"},{"@type":"ListItem","position":3,"name":"Board \u0111i\u1ec1u khi\u1ec3n Motherboard PCBA V2.2 cho m\u00e1y in 3d Ender 5 Plus v\u00e0 CR-10 series.."}]},{"@type":"WebSite","@id":"https:\/\/nge.vn\/#website","url":"https:\/\/nge.vn\/","name":"NGE 3D Printers Services","description":"","potentialAction":[{"@type":"SearchAction","target":{"@type":"EntryPoint","urlTemplate":"https:\/\/nge.vn\/?s={search_term_string}"},"query-input":{"@type":"PropertyValueSpecification","valueRequired":true,"valueName":"search_term_string"}}],"inLanguage":"en-US"}]}},"_links":{"self":[{"href":"https:\/\/nge.vn\/en\/wp-json\/wp\/v2\/product\/613","targetHints":{"allow":["GET"]}}],"collection":[{"href":"https:\/\/nge.vn\/en\/wp-json\/wp\/v2\/product"}],"about":[{"href":"https:\/\/nge.vn\/en\/wp-json\/wp\/v2\/types\/product"}],"replies":[{"embeddable":true,"href":"https:\/\/nge.vn\/en\/wp-json\/wp\/v2\/comments?post=613"}],"wp:featuredmedia":[{"embeddable":true,"href":"https:\/\/nge.vn\/en\/wp-json\/wp\/v2\/media\/604"}],"wp:attachment":[{"href":"https:\/\/nge.vn\/en\/wp-json\/wp\/v2\/media?parent=613"}],"wp:term":[{"taxonomy":"product_brand","embeddable":true,"href":"https:\/\/nge.vn\/en\/wp-json\/wp\/v2\/product_brand?post=613"},{"taxonomy":"product_cat","embeddable":true,"href":"https:\/\/nge.vn\/en\/wp-json\/wp\/v2\/product_cat?post=613"},{"taxonomy":"product_tag","embeddable":true,"href":"https:\/\/nge.vn\/en\/wp-json\/wp\/v2\/product_tag?post=613"}],"curies":[{"name":"wp","href":"https:\/\/api.w.org\/{rel}","templated":true}]}}