{"id":6126,"date":"2025-08-04T20:20:41","date_gmt":"2025-08-04T13:20:41","guid":{"rendered":"https:\/\/nge.vn\/?post_type=product&#038;p=6126"},"modified":"2025-08-04T20:20:42","modified_gmt":"2025-08-04T13:20:42","slug":"bo-cum-dun-k1-series-ceramic-heating-block-kit","status":"publish","type":"product","link":"https:\/\/nge.vn\/en\/product\/bo-cum-dun-k1-series-ceramic-heating-block-kit\/","title":{"rendered":"B\u1ed9 c\u1ee5m \u0111\u00f9n K1 Series Ceramic Heating Block Kit"},"content":{"rendered":"<h3 data-start=\"215\" data-end=\"315\">\ud83d\udd25 <strong data-start=\"222\" data-end=\"315\">B\u1ed9 Kh\u1ed1i S\u01b0\u1edfi G\u1ed1m Creality K1 \u2013 V\u00f2i Phun Ho\u00e1n \u0110\u1ed5i Nhanh, In T\u1ed1c \u0110\u1ed9 Cao, B\u1ec1n B\u1ec9 &amp; Ch\u00ednh X\u00e1c<\/strong><\/h3>\n<p data-start=\"317\" data-end=\"626\">B\u1ed9 kh\u1ed1i s\u01b0\u1edfi g\u1ed1m d\u00f2ng <strong data-start=\"339\" data-end=\"345\">K1<\/strong> l\u00e0 gi\u1ea3i ph\u00e1p n\u00e2ng c\u1ea5p l\u00fd t\u01b0\u1edfng cho c\u00e1c d\u00f2ng m\u00e1y in <strong data-start=\"397\" data-end=\"427\">Creality K1 \/ K1 Max \/ K1C<\/strong> m\u1edbi v\u00e0 c\u0169. \u0110\u01b0\u1ee3c thi\u1ebft k\u1ebf \u0111\u1ec3 <strong data-start=\"456\" data-end=\"488\">t\u0103ng hi\u1ec7u su\u1ea5t in t\u1ed1c \u0111\u1ed9 cao<\/strong>, <strong data-start=\"490\" data-end=\"518\">duy tr\u00ec \u0111\u1ed9 \u1ed5n \u0111\u1ecbnh nhi\u1ec7t<\/strong>, v\u00e0 <strong data-start=\"523\" data-end=\"553\">h\u1ed7 tr\u1ee3 nhi\u1ec1u lo\u1ea1i v\u1eadt li\u1ec7u<\/strong>, \u0111\u00e2y l\u00e0 s\u1ef1 l\u1ef1a ch\u1ecdn h\u00e0ng \u0111\u1ea7u cho ng\u01b0\u1eddi d\u00f9ng c\u1ea7n in ch\u00ednh x\u00e1c v\u00e0 m\u1ea1nh m\u1ebd.<\/p>\n<hr data-start=\"628\" data-end=\"631\" \/>\n<h3 data-start=\"633\" data-end=\"661\">\u2699\ufe0f <strong data-start=\"640\" data-end=\"661\">T\u00ednh N\u0103ng N\u1ed5i B\u1eadt<\/strong><\/h3>\n<p data-start=\"663\" data-end=\"775\">\u2705 <strong data-start=\"665\" data-end=\"694\">Gia nhi\u1ec7t nhanh, \u0111\u1ed3ng \u0111\u1ec1u<\/strong><br data-start=\"694\" data-end=\"697\" \/>\u2022 L\u00f2 s\u01b0\u1edfi g\u1ed1m 360\u00b0 gi\u00fap truy\u1ec1n nhi\u1ec7t nhanh h\u01a1n, \u0111\u1ea1t 200\u00b0C ch\u1ec9 trong 40 gi\u00e2y.<\/p>\n<p data-start=\"777\" data-end=\"917\">\u2705 <strong data-start=\"779\" data-end=\"818\">L\u00e0m m\u00e1t hi\u1ec7u qu\u1ea3, h\u1ea1n ch\u1ebf t\u1eafc ngh\u1ebdn<\/strong><br data-start=\"818\" data-end=\"821\" \/>\u2022 T\u1ea3n nhi\u1ec7t b\u1eb1ng <strong data-start=\"838\" data-end=\"875\">\u0111\u1ed3ng \u0111\u1ecf + thi\u1ebft k\u1ebf ng\u1eaft nhi\u1ec7t k\u00e9p<\/strong>, t\u1ed1i \u01b0u h\u00f3a l\u00e0m m\u00e1t, gi\u1ea3m truy\u1ec1n nhi\u1ec7t.<\/p>\n<p data-start=\"919\" data-end=\"1054\">\u2705 <strong data-start=\"921\" data-end=\"953\">In t\u1ed1c \u0111\u1ed9 cao, l\u01b0u l\u01b0\u1ee3ng l\u1edbn<\/strong><br data-start=\"953\" data-end=\"956\" \/>\u2022 Bu\u1ed3ng phun m\u1edf r\u1ed9ng, h\u1ed7 tr\u1ee3 t\u1ed1c \u0111\u1ed9 d\u00f2ng ch\u1ea3y l\u00ean t\u1edbi <strong data-start=\"1010\" data-end=\"1021\">32mm\u00b3\/s<\/strong>, t\u1ed1c \u0111\u1ed9 in t\u1ed1i \u0111a <strong data-start=\"1040\" data-end=\"1051\">600mm\/s<\/strong>.<\/p>\n<p data-start=\"1056\" data-end=\"1195\">\u2705 <strong data-start=\"1058\" data-end=\"1108\">Thi\u1ebft k\u1ebf ho\u00e1n \u0111\u1ed5i nhanh, to\u00e0n b\u1ed9 b\u1eb1ng kim lo\u1ea1i<\/strong><br data-start=\"1108\" data-end=\"1111\" \/>\u2022 \u0110\u1ea7u phun + b\u1ed9 ng\u1eaft nhi\u1ec7t t\u00edch h\u1ee3p, th\u00e1o l\u1eafp d\u1ec5 d\u00e0ng \u2013 ti\u1ebft ki\u1ec7m th\u1eddi gian b\u1ea3o tr\u00ec.<\/p>\n<p data-start=\"1197\" data-end=\"1404\">\u2705 <strong data-start=\"1199\" data-end=\"1235\">V\u1eadt li\u1ec7u cao c\u1ea5p, ch\u1ecbu nhi\u1ec7t t\u1ed1t<\/strong><br data-start=\"1235\" data-end=\"1238\" \/>\u2022 \u0110\u1ea7u phun b\u1eb1ng <strong data-start=\"1254\" data-end=\"1288\">h\u1ee3p kim \u0111\u1ed3ng + th\u00e9p c\u1ee9ng SKD11<\/strong>, ch\u1ed1ng m\u00e0i m\u00f2n, tu\u1ed5i th\u1ecd cao g\u1ea5p 6 l\u1ea7n.<br data-start=\"1328\" data-end=\"1331\" \/>\u2022 Ng\u1eaft nhi\u1ec7t b\u1eb1ng <strong data-start=\"1349\" data-end=\"1366\">h\u1ee3p kim titan<\/strong>, c\u00e1ch nhi\u1ec7t t\u1ed1t \u2013 in \u1ed5n \u0111\u1ecbnh d\u00e0i h\u1ea1n.<\/p>\n<p data-start=\"1406\" data-end=\"1541\">\u2705 <strong data-start=\"1408\" data-end=\"1456\">Th\u1ee7 c\u00f4ng ch\u00ednh x\u00e1c \u2013 In \u1ed5n \u0111\u1ecbnh, kh\u00f4ng r\u00f2 r\u1ec9<\/strong><br data-start=\"1456\" data-end=\"1459\" \/>\u2022 L\u1eafp kh\u00edt, kh\u00f4ng r\u00f2 r\u1ec9, \u0111\u1ed9 nh\u00e1m trong &lt;0.4 Ra gi\u00fap n\u1ea1p s\u1ee3i tr\u01a1n tru, h\u1ea1n ch\u1ebf t\u1eafc.<\/p>\n<hr data-start=\"1543\" data-end=\"1546\" \/>\n<h3 data-start=\"1548\" data-end=\"1576\">\ud83d\udce6 <strong data-start=\"1555\" data-end=\"1576\">Th\u00f4ng S\u1ed1 K\u1ef9 Thu\u1eadt<\/strong><\/h3>\n<ul data-start=\"1578\" data-end=\"1922\">\n<li data-start=\"1578\" data-end=\"1601\">\n<p data-start=\"1580\" data-end=\"1601\"><strong data-start=\"1580\" data-end=\"1593\">\u0110\u1ea7u phun:<\/strong> 0.4mm<\/p>\n<\/li>\n<li data-start=\"1602\" data-end=\"1626\">\n<p data-start=\"1604\" data-end=\"1626\"><strong data-start=\"1604\" data-end=\"1620\">Tr\u1ecdng l\u01b0\u1ee3ng:<\/strong> 40g<\/p>\n<\/li>\n<li data-start=\"1627\" data-end=\"1665\">\n<p data-start=\"1629\" data-end=\"1665\"><strong data-start=\"1629\" data-end=\"1648\">\u0110\u01b0\u1eddng k\u00ednh s\u1ee3i:<\/strong> \u00d81.75 \u00b1 0.05mm<\/p>\n<\/li>\n<li data-start=\"1666\" data-end=\"1702\">\n<p data-start=\"1668\" data-end=\"1702\"><strong data-start=\"1668\" data-end=\"1696\">C\u00f4ng su\u1ea5t gia nhi\u1ec7t g\u1ed1m:<\/strong> 60W<\/p>\n<\/li>\n<li data-start=\"1703\" data-end=\"1751\">\n<p data-start=\"1705\" data-end=\"1751\"><strong data-start=\"1705\" data-end=\"1723\">Ch\u1ea5t li\u1ec7u v\u00f2i:<\/strong> H\u1ee3p kim \u0111\u1ed3ng + th\u00e9p SKD11<\/p>\n<\/li>\n<li data-start=\"1752\" data-end=\"1785\">\n<p data-start=\"1754\" data-end=\"1785\"><strong data-start=\"1754\" data-end=\"1772\">Code s\u1ea3n ph\u1ea9m:<\/strong> 4001030132<\/p>\n<\/li>\n<li data-start=\"1786\" data-end=\"1867\">\n<p data-start=\"1788\" data-end=\"1867\"><strong data-start=\"1788\" data-end=\"1808\">T\u01b0\u01a1ng th\u00edch s\u1ee3i:<\/strong> PLA, ABS, PETG, TPU, PP, PC, PLA-CF, PA-CF, PET-CF, v.v.<\/p>\n<\/li>\n<li data-start=\"1868\" data-end=\"1922\">\n<p data-start=\"1870\" data-end=\"1922\"><strong data-start=\"1870\" data-end=\"1883\">D\u00f9ng cho:<\/strong> M\u00e1y in 3D Creality K1 \/ K1 Max \/ K1C<\/p>\n<\/li>\n<\/ul>\n<hr data-start=\"1924\" data-end=\"1927\" \/>\n<h3 data-start=\"1929\" data-end=\"1948\">\ud83c\udfaf <strong data-start=\"1936\" data-end=\"1948\">\u1ee8ng D\u1ee5ng<\/strong><\/h3>\n<p data-start=\"1949\" data-end=\"2075\">\u2022 In c\u00e1c m\u00f4 h\u00ecnh t\u1ed1c \u0111\u1ed9 cao<br data-start=\"1976\" data-end=\"1979\" \/>\u2022 X\u1eed l\u00fd v\u1eadt li\u1ec7u k\u1ef9 thu\u1eadt v\u00e0 s\u1ee3i carbon<br data-start=\"2018\" data-end=\"2021\" \/>\u2022 N\u00e2ng c\u1ea5p \u0111\u1ea7u in hi\u1ec7u su\u1ea5t cao cho d\u00f2ng Creality K1<\/p>\n<blockquote class=\"wp-embedded-content\" data-secret=\"XiJ541NoUi\"><p><a href=\"https:\/\/nge.vn\/en\/product\/may-in-3d-creality-k1c-chuyen-in-soi-carbon-toc-do-max-600mm-s-prinitng-size-222225cm\/\">Creality K1C 3D printer specializes in printing Carbon fiber with a maximum speed of 600mm\/s, printing size 22*22*25cm<\/a><\/p><\/blockquote>\n<p><iframe loading=\"lazy\" class=\"wp-embedded-content\" sandbox=\"allow-scripts\" security=\"restricted\" style=\"position: absolute; visibility: hidden;\" title=\"&#8220;M\u00e1y in 3d Creality K1C chuy\u00ean in s\u1ee3i Carbon t\u1ed1c \u0111\u1ed9 max 600mm\/s prinitng size 22*22*25cm&#8221; &#8212; NGE 3D Printers Services\" src=\"https:\/\/nge.vn\/san-pham\/may-in-3d-creality-k1c-chuyen-in-soi-carbon-toc-do-max-600mm-s-prinitng-size-222225cm\/embed\/#?secret=aBDmTo0SMd#?secret=XiJ541NoUi\" data-secret=\"XiJ541NoUi\" width=\"600\" height=\"338\" frameborder=\"0\" marginwidth=\"0\" marginheight=\"0\" scrolling=\"no\"><\/iframe><\/p>\n<p data-start=\"1949\" data-end=\"2075\">_\u0110\u00e2y l\u00e0 c\u00e1c trang b\u00e1n h\u00e0ng b\u00ean m\u00ecnh NGE 3D Printer Services chuy\u00ean cung c\u1ea5p Nh\u1ef1a in 3D v\u00e0 M\u00e1y in 3D c\u1ee7a H\u00e3ng ESUN, Flsun, BIQU, Creality, eMake3d&#8230;<br \/>\n\ud83d\uded2Shopee =&gt; https:\/\/shopee.vn\/nge3dprinter<br \/>\n\ud83d\uded2Shopee =&gt; https:\/\/shopee.vn\/nge3dservices<br \/>\n\ud83d\uded2Shopee Voron v\u00e0 eMake3D =&gt; https:\/\/shopee.vn\/3dmasterpower<br \/>\n\ud83d\uded2Shopee eMake3D =&gt; https:\/\/shopee.vn\/nge3dprinting<br \/>\n\ud83d\uded2Lazada =&gt; https:\/\/www.lazada.vn\/shop\/nge-3d-printer<br \/>\n\ud83d\uded2Lazada =&gt; https:\/\/www.lazada.vn\/shop\/nge-3d-printer-services<br \/>\n\ud83d\uded2Lazada =&gt; https:\/\/www.lazada.vn\/shop\/emake3d-vn<br \/>\n\ud83d\uded2Webslite Th\u1ebf H\u1ec7 K\u1ebf Ti\u1ebfp =&gt;https:\/\/www.theheketiep.com\/<br \/>\n\ud83d\uded2Webslite NGE.VN =&gt;https:\/\/www.nge.vn\/<br \/>\nHo\u1eb7c b\u1ea1n g\u1ecdi 094.144.0951 g\u1eb7p m\u00ecnh<br \/>\nHo\u1eb7c 0913939775 g\u1eb7p anh Qu\u00e2n<br \/>\n** Price does not include VAT (+8 or 10% if VAT invoice is issued)<\/p>","protected":false},"excerpt":{"rendered":"<p>N\u00e2ng c\u1ea5p m\u00e1y in 3D Creality v\u1edbi kh\u1ed1i s\u01b0\u1edfi g\u1ed1m d\u00f2ng m\u00e1y K1. Gia nhi\u1ec7t nhanh, in t\u1ed1c \u0111\u1ed9 cao 600mm\/s, h\u1ed7 tr\u1ee3 \u0111a d\u1ea1ng v\u1eadt li\u1ec7u, b\u1ec1n b\u1ec9 v\u00e0 d\u1ec5 th\u00e1o l\u1eafp.<\/p>","protected":false},"featured_media":6127,"comment_status":"open","ping_status":"closed","template":"","meta":{"inline_featured_image":false},"product_brand":[],"product_cat":[461,40,56],"product_tag":[772,771,768,769,770,663],"class_list":{"0":"post-6126","1":"product","2":"type-product","3":"status-publish","4":"has-post-thumbnail","6":"product_cat-linh-kien-cum-dun-va-cam-bien","7":"product_cat-linh-kien-va-phu-kien","8":"product_cat-linh-phu-kien-may-in-3d-creality","9":"product_tag-3dprinteraccessory","10":"product_tag-3dprintingparts","11":"product_tag-crealityk1","12":"product_tag-hotendk1","13":"product_tag-in3dtocdocao","14":"product_tag-nge3d","16":"first","17":"instock","18":"taxable","19":"shipping-taxable","20":"purchasable","21":"product-type-simple"},"yoast_head":"<!-- This site is optimized with the Yoast SEO Premium plugin v22.8 (Yoast SEO v26.9) - https:\/\/yoast.com\/product\/yoast-seo-premium-wordpress\/ -->\n<title>B\u1ed9 c\u1ee5m \u0111\u00f9n K1 Series Ceramic Heating Block Kit - NGE 3D Printers Services<\/title>\n<meta name=\"description\" content=\"N\u00e2ng c\u1ea5p m\u00e1y in 3D Creality v\u1edbi kh\u1ed1i s\u01b0\u1edfi g\u1ed1m d\u00f2ng m\u00e1y K1. Gia nhi\u1ec7t nhanh, in t\u1ed1c \u0111\u1ed9 cao 600mm\/s, h\u1ed7 tr\u1ee3 \u0111a d\u1ea1ng v\u1eadt li\u1ec7u, b\u1ec1n b\u1ec9 v\u00e0 d\u1ec5 th\u00e1o l\u1eafp.\" \/>\n<meta name=\"robots\" content=\"index, follow, max-snippet:-1, max-image-preview:large, max-video-preview:-1\" \/>\n<link rel=\"canonical\" href=\"https:\/\/nge.vn\/en\/product\/bo-cum-dun-k1-series-ceramic-heating-block-kit\/\" \/>\n<meta property=\"og:locale\" content=\"en_US\" \/>\n<meta property=\"og:type\" content=\"article\" \/>\n<meta property=\"og:title\" content=\"B\u1ed9 c\u1ee5m \u0111\u00f9n K1 Series Ceramic Heating Block Kit\" \/>\n<meta property=\"og:description\" content=\"N\u00e2ng c\u1ea5p m\u00e1y in 3D Creality v\u1edbi kh\u1ed1i s\u01b0\u1edfi g\u1ed1m d\u00f2ng m\u00e1y K1. Gia nhi\u1ec7t nhanh, in t\u1ed1c \u0111\u1ed9 cao 600mm\/s, h\u1ed7 tr\u1ee3 \u0111a d\u1ea1ng v\u1eadt li\u1ec7u, b\u1ec1n b\u1ec9 v\u00e0 d\u1ec5 th\u00e1o l\u1eafp.\" \/>\n<meta property=\"og:url\" content=\"https:\/\/nge.vn\/en\/product\/bo-cum-dun-k1-series-ceramic-heating-block-kit\/\" \/>\n<meta property=\"og:site_name\" content=\"NGE 3D Printers Services\" \/>\n<meta property=\"article:modified_time\" content=\"2025-08-04T13:20:42+00:00\" \/>\n<meta property=\"og:image\" content=\"https:\/\/nge.vn\/wp-content\/uploads\/2025\/08\/vn-11134207-7ras8-m1qxgnmalby75f_tn.jpeg\" \/>\n\t<meta property=\"og:image:width\" content=\"320\" \/>\n\t<meta property=\"og:image:height\" content=\"320\" \/>\n\t<meta property=\"og:image:type\" content=\"image\/jpeg\" \/>\n<meta name=\"twitter:card\" content=\"summary_large_image\" \/>\n<meta name=\"twitter:label1\" content=\"Est. reading time\" \/>\n\t<meta name=\"twitter:data1\" content=\"3 minutes\" \/>\n<script type=\"application\/ld+json\" class=\"yoast-schema-graph\">{\"@context\":\"https:\/\/schema.org\",\"@graph\":[{\"@type\":\"WebPage\",\"@id\":\"https:\/\/nge.vn\/san-pham\/bo-cum-dun-k1-series-ceramic-heating-block-kit\/\",\"url\":\"https:\/\/nge.vn\/san-pham\/bo-cum-dun-k1-series-ceramic-heating-block-kit\/\",\"name\":\"B\u1ed9 c\u1ee5m \u0111\u00f9n K1 Series Ceramic Heating Block Kit - NGE 3D Printers Services\",\"isPartOf\":{\"@id\":\"https:\/\/nge.vn\/#website\"},\"primaryImageOfPage\":{\"@id\":\"https:\/\/nge.vn\/san-pham\/bo-cum-dun-k1-series-ceramic-heating-block-kit\/#primaryimage\"},\"image\":{\"@id\":\"https:\/\/nge.vn\/san-pham\/bo-cum-dun-k1-series-ceramic-heating-block-kit\/#primaryimage\"},\"thumbnailUrl\":\"https:\/\/nge.vn\/wp-content\/uploads\/2025\/08\/vn-11134207-7ras8-m1qxgnmalby75f_tn.jpeg\",\"datePublished\":\"2025-08-04T13:20:41+00:00\",\"dateModified\":\"2025-08-04T13:20:42+00:00\",\"description\":\"N\u00e2ng c\u1ea5p m\u00e1y in 3D Creality v\u1edbi kh\u1ed1i s\u01b0\u1edfi g\u1ed1m d\u00f2ng m\u00e1y K1. Gia nhi\u1ec7t nhanh, in t\u1ed1c \u0111\u1ed9 cao 600mm\/s, h\u1ed7 tr\u1ee3 \u0111a d\u1ea1ng v\u1eadt li\u1ec7u, b\u1ec1n b\u1ec9 v\u00e0 d\u1ec5 th\u00e1o l\u1eafp.\",\"breadcrumb\":{\"@id\":\"https:\/\/nge.vn\/san-pham\/bo-cum-dun-k1-series-ceramic-heating-block-kit\/#breadcrumb\"},\"inLanguage\":\"en-US\",\"potentialAction\":[{\"@type\":\"ReadAction\",\"target\":[\"https:\/\/nge.vn\/san-pham\/bo-cum-dun-k1-series-ceramic-heating-block-kit\/\"]}]},{\"@type\":\"ImageObject\",\"inLanguage\":\"en-US\",\"@id\":\"https:\/\/nge.vn\/san-pham\/bo-cum-dun-k1-series-ceramic-heating-block-kit\/#primaryimage\",\"url\":\"https:\/\/nge.vn\/wp-content\/uploads\/2025\/08\/vn-11134207-7ras8-m1qxgnmalby75f_tn.jpeg\",\"contentUrl\":\"https:\/\/nge.vn\/wp-content\/uploads\/2025\/08\/vn-11134207-7ras8-m1qxgnmalby75f_tn.jpeg\",\"width\":320,\"height\":320,\"caption\":\"k1 ceramic \u0111\u1ea7u \u0111\u00f9n\"},{\"@type\":\"BreadcrumbList\",\"@id\":\"https:\/\/nge.vn\/san-pham\/bo-cum-dun-k1-series-ceramic-heating-block-kit\/#breadcrumb\",\"itemListElement\":[{\"@type\":\"ListItem\",\"position\":1,\"name\":\"Trang ch\u1ee7\",\"item\":\"https:\/\/nge.vn\/\"},{\"@type\":\"ListItem\",\"position\":2,\"name\":\"S\u1ea3n ph\u1ea9m\",\"item\":\"https:\/\/nge.vn\/san-pham\/\"},{\"@type\":\"ListItem\",\"position\":3,\"name\":\"B\u1ed9 c\u1ee5m \u0111\u00f9n K1 Series Ceramic Heating Block Kit\"}]},{\"@type\":\"WebSite\",\"@id\":\"https:\/\/nge.vn\/#website\",\"url\":\"https:\/\/nge.vn\/\",\"name\":\"NGE 3D Printers Services\",\"description\":\"\",\"potentialAction\":[{\"@type\":\"SearchAction\",\"target\":{\"@type\":\"EntryPoint\",\"urlTemplate\":\"https:\/\/nge.vn\/?s={search_term_string}\"},\"query-input\":{\"@type\":\"PropertyValueSpecification\",\"valueRequired\":true,\"valueName\":\"search_term_string\"}}],\"inLanguage\":\"en-US\"}]}<\/script>\n<!-- \/ Yoast SEO Premium plugin. -->","yoast_head_json":{"title":"B\u1ed9 c\u1ee5m \u0111\u00f9n K1 Series Ceramic Heating Block Kit - NGE 3D Printers Services","description":"N\u00e2ng c\u1ea5p m\u00e1y in 3D Creality v\u1edbi kh\u1ed1i s\u01b0\u1edfi g\u1ed1m d\u00f2ng m\u00e1y K1. Gia nhi\u1ec7t nhanh, in t\u1ed1c \u0111\u1ed9 cao 600mm\/s, h\u1ed7 tr\u1ee3 \u0111a d\u1ea1ng v\u1eadt li\u1ec7u, b\u1ec1n b\u1ec9 v\u00e0 d\u1ec5 th\u00e1o l\u1eafp.","robots":{"index":"index","follow":"follow","max-snippet":"max-snippet:-1","max-image-preview":"max-image-preview:large","max-video-preview":"max-video-preview:-1"},"canonical":"https:\/\/nge.vn\/en\/product\/bo-cum-dun-k1-series-ceramic-heating-block-kit\/","og_locale":"en_US","og_type":"article","og_title":"B\u1ed9 c\u1ee5m \u0111\u00f9n K1 Series Ceramic Heating Block Kit","og_description":"N\u00e2ng c\u1ea5p m\u00e1y in 3D Creality v\u1edbi kh\u1ed1i s\u01b0\u1edfi g\u1ed1m d\u00f2ng m\u00e1y K1. Gia nhi\u1ec7t nhanh, in t\u1ed1c \u0111\u1ed9 cao 600mm\/s, h\u1ed7 tr\u1ee3 \u0111a d\u1ea1ng v\u1eadt li\u1ec7u, b\u1ec1n b\u1ec9 v\u00e0 d\u1ec5 th\u00e1o l\u1eafp.","og_url":"https:\/\/nge.vn\/en\/product\/bo-cum-dun-k1-series-ceramic-heating-block-kit\/","og_site_name":"NGE 3D Printers Services","article_modified_time":"2025-08-04T13:20:42+00:00","og_image":[{"width":320,"height":320,"url":"https:\/\/nge.vn\/wp-content\/uploads\/2025\/08\/vn-11134207-7ras8-m1qxgnmalby75f_tn.jpeg","type":"image\/jpeg"}],"twitter_card":"summary_large_image","twitter_misc":{"Est. reading time":"3 minutes"},"schema":{"@context":"https:\/\/schema.org","@graph":[{"@type":"WebPage","@id":"https:\/\/nge.vn\/san-pham\/bo-cum-dun-k1-series-ceramic-heating-block-kit\/","url":"https:\/\/nge.vn\/san-pham\/bo-cum-dun-k1-series-ceramic-heating-block-kit\/","name":"B\u1ed9 c\u1ee5m \u0111\u00f9n K1 Series Ceramic Heating Block Kit - NGE 3D Printers Services","isPartOf":{"@id":"https:\/\/nge.vn\/#website"},"primaryImageOfPage":{"@id":"https:\/\/nge.vn\/san-pham\/bo-cum-dun-k1-series-ceramic-heating-block-kit\/#primaryimage"},"image":{"@id":"https:\/\/nge.vn\/san-pham\/bo-cum-dun-k1-series-ceramic-heating-block-kit\/#primaryimage"},"thumbnailUrl":"https:\/\/nge.vn\/wp-content\/uploads\/2025\/08\/vn-11134207-7ras8-m1qxgnmalby75f_tn.jpeg","datePublished":"2025-08-04T13:20:41+00:00","dateModified":"2025-08-04T13:20:42+00:00","description":"N\u00e2ng c\u1ea5p m\u00e1y in 3D Creality v\u1edbi kh\u1ed1i s\u01b0\u1edfi g\u1ed1m d\u00f2ng m\u00e1y K1. Gia nhi\u1ec7t nhanh, in t\u1ed1c \u0111\u1ed9 cao 600mm\/s, h\u1ed7 tr\u1ee3 \u0111a d\u1ea1ng v\u1eadt li\u1ec7u, b\u1ec1n b\u1ec9 v\u00e0 d\u1ec5 th\u00e1o l\u1eafp.","breadcrumb":{"@id":"https:\/\/nge.vn\/san-pham\/bo-cum-dun-k1-series-ceramic-heating-block-kit\/#breadcrumb"},"inLanguage":"en-US","potentialAction":[{"@type":"ReadAction","target":["https:\/\/nge.vn\/san-pham\/bo-cum-dun-k1-series-ceramic-heating-block-kit\/"]}]},{"@type":"ImageObject","inLanguage":"en-US","@id":"https:\/\/nge.vn\/san-pham\/bo-cum-dun-k1-series-ceramic-heating-block-kit\/#primaryimage","url":"https:\/\/nge.vn\/wp-content\/uploads\/2025\/08\/vn-11134207-7ras8-m1qxgnmalby75f_tn.jpeg","contentUrl":"https:\/\/nge.vn\/wp-content\/uploads\/2025\/08\/vn-11134207-7ras8-m1qxgnmalby75f_tn.jpeg","width":320,"height":320,"caption":"k1 ceramic \u0111\u1ea7u \u0111\u00f9n"},{"@type":"BreadcrumbList","@id":"https:\/\/nge.vn\/san-pham\/bo-cum-dun-k1-series-ceramic-heating-block-kit\/#breadcrumb","itemListElement":[{"@type":"ListItem","position":1,"name":"Trang ch\u1ee7","item":"https:\/\/nge.vn\/"},{"@type":"ListItem","position":2,"name":"S\u1ea3n ph\u1ea9m","item":"https:\/\/nge.vn\/san-pham\/"},{"@type":"ListItem","position":3,"name":"B\u1ed9 c\u1ee5m \u0111\u00f9n K1 Series Ceramic Heating Block Kit"}]},{"@type":"WebSite","@id":"https:\/\/nge.vn\/#website","url":"https:\/\/nge.vn\/","name":"NGE 3D Printers Services","description":"","potentialAction":[{"@type":"SearchAction","target":{"@type":"EntryPoint","urlTemplate":"https:\/\/nge.vn\/?s={search_term_string}"},"query-input":{"@type":"PropertyValueSpecification","valueRequired":true,"valueName":"search_term_string"}}],"inLanguage":"en-US"}]}},"_links":{"self":[{"href":"https:\/\/nge.vn\/en\/wp-json\/wp\/v2\/product\/6126","targetHints":{"allow":["GET"]}}],"collection":[{"href":"https:\/\/nge.vn\/en\/wp-json\/wp\/v2\/product"}],"about":[{"href":"https:\/\/nge.vn\/en\/wp-json\/wp\/v2\/types\/product"}],"replies":[{"embeddable":true,"href":"https:\/\/nge.vn\/en\/wp-json\/wp\/v2\/comments?post=6126"}],"wp:featuredmedia":[{"embeddable":true,"href":"https:\/\/nge.vn\/en\/wp-json\/wp\/v2\/media\/6127"}],"wp:attachment":[{"href":"https:\/\/nge.vn\/en\/wp-json\/wp\/v2\/media?parent=6126"}],"wp:term":[{"taxonomy":"product_brand","embeddable":true,"href":"https:\/\/nge.vn\/en\/wp-json\/wp\/v2\/product_brand?post=6126"},{"taxonomy":"product_cat","embeddable":true,"href":"https:\/\/nge.vn\/en\/wp-json\/wp\/v2\/product_cat?post=6126"},{"taxonomy":"product_tag","embeddable":true,"href":"https:\/\/nge.vn\/en\/wp-json\/wp\/v2\/product_tag?post=6126"}],"curies":[{"name":"wp","href":"https:\/\/api.w.org\/{rel}","templated":true}]}}