{"id":6101,"date":"2025-08-04T16:46:23","date_gmt":"2025-08-04T09:46:23","guid":{"rendered":"https:\/\/nge.vn\/?post_type=product&#038;p=6101"},"modified":"2025-08-04T16:46:24","modified_gmt":"2025-08-04T09:46:24","slug":"nhua-in-3d-thay-doi-mau-sac-esun-pla-uv-color-change","status":"publish","type":"product","link":"https:\/\/nge.vn\/en\/product\/nhua-in-3d-thay-doi-mau-sac-esun-pla-uv-color-change\/","title":{"rendered":"Nh\u1ef1a in 3d thay \u0111\u1ed5i m\u00e0u s\u1eafc eSun PLA-UV Color Change"},"content":{"rendered":"<h3 data-start=\"170\" data-end=\"255\"><strong data-start=\"174\" data-end=\"255\">Nh\u1ef1a In 3D eSun PLA-UV Color Change \u2013 \u0110\u1ed5i M\u00e0u D\u01b0\u1edbi \u00c1nh S\u00e1ng, Hi\u1ec7u \u1ee8ng C\u1ef1c \u0110\u1eb9p<\/strong><\/h3>\n<p data-start=\"257\" data-end=\"557\"><strong data-start=\"257\" data-end=\"285\">eSun PLA-UV Color Change<\/strong> l\u00e0 lo\u1ea1i s\u1ee3i nh\u1ef1a in 3D c\u00f3 kh\u1ea3 n\u0103ng <strong data-start=\"321\" data-end=\"370\">thay \u0111\u1ed5i m\u00e0u s\u1eafc khi ti\u1ebfp x\u00fac v\u1edbi \u00e1nh s\u00e1ng UV<\/strong> (nh\u01b0 \u00e1nh n\u1eafng m\u1eb7t tr\u1eddi), t\u1ea1o n\u00ean hi\u1ec7u \u1ee9ng quang s\u1eafc s\u1ed1ng \u0111\u1ed9ng v\u00e0 b\u1eaft m\u1eaft. \u0110\u00e2y l\u00e0 v\u1eadt li\u1ec7u l\u00fd t\u01b0\u1edfng cho c\u00e1c s\u1ea3n ph\u1ea9m s\u00e1ng t\u1ea1o, m\u00f4 h\u00ecnh ngh\u1ec7 thu\u1eadt, ho\u1eb7c \u0111\u1ea1o c\u1ee5 c\u00f3 y\u1ebfu t\u1ed1 th\u1ecb gi\u00e1c \u0111\u1eb7c bi\u1ec7t.<\/p>\n<hr data-start=\"559\" data-end=\"562\" \/>\n<h3 data-start=\"564\" data-end=\"589\"><strong data-start=\"568\" data-end=\"589\">T\u00ednh N\u0103ng N\u1ed5i B\u1eadt<\/strong><\/h3>\n<p data-start=\"591\" data-end=\"708\">\u2705 <strong data-start=\"593\" data-end=\"621\">\u0110\u1ed5i m\u00e0u khi g\u1eb7p \u00e1nh s\u00e1ng<\/strong><br data-start=\"621\" data-end=\"624\" \/>\u2022 S\u1eafc t\u1ed1 quang h\u1ecdc \u0111\u1ed9c \u0111\u00e1o gi\u00fap s\u1ee3i nh\u1ef1a thay \u0111\u1ed5i m\u00e0u s\u1eafc r\u00f5 r\u1ec7t d\u01b0\u1edbi \u00e1nh s\u00e1ng UV.<\/p>\n<p data-start=\"710\" data-end=\"819\">\u2705 <strong data-start=\"712\" data-end=\"739\">B\u1ec1 m\u1eb7t m\u1ecbn, in tr\u01a1n tru<\/strong><br data-start=\"739\" data-end=\"742\" \/>\u2022 V\u1eadt li\u1ec7u v\u1eabn gi\u1eef nguy\u00ean \u01b0u \u0111i\u1ec3m c\u1ee7a PLA: in d\u1ec5, kh\u00f4ng warping, kh\u00f4ng n\u1ee9t.<\/p>\n<p data-start=\"821\" data-end=\"928\">\u2705 <strong data-start=\"823\" data-end=\"848\">Th\u00e2n thi\u1ec7n m\u00f4i tr\u01b0\u1eddng<\/strong><br data-start=\"848\" data-end=\"851\" \/>\u2022 Th\u00e0nh ph\u1ea7n sinh h\u1ecdc an to\u00e0n, ph\u00f9 h\u1ee3p cho c\u00e1c \u1ee9ng d\u1ee5ng gi\u00e1o d\u1ee5c v\u00e0 s\u00e1ng t\u1ea1o.<\/p>\n<p data-start=\"930\" data-end=\"1039\">\u2705 <strong data-start=\"932\" data-end=\"959\">H\u1ed7 tr\u1ee3 d\u1ec5 th\u00e1o, \u00edt gi\u00f2n<\/strong><br data-start=\"959\" data-end=\"962\" \/>\u2022 D\u1ec5 th\u00e1o ph\u1ea7n h\u1ed7 tr\u1ee3 kh\u1ecfi m\u00f4 h\u00ecnh, nh\u1ef1a b\u1ec1n v\u00e0 \u00edt v\u1ee1 h\u01a1n PLA th\u00f4ng th\u01b0\u1eddng.<\/p>\n<p data-start=\"1041\" data-end=\"1162\">\u2705 <strong data-start=\"1043\" data-end=\"1072\">T\u01b0\u01a1ng th\u00edch in t\u1ed1c \u0111\u1ed9 cao<\/strong><br data-start=\"1072\" data-end=\"1075\" \/>\u2022 C\u00f3 th\u1ec3 s\u1eed d\u1ee5ng tr\u00ean h\u1ea7u h\u1ebft c\u00e1c m\u00e1y in FDM, h\u1ed7 tr\u1ee3 in nhanh m\u00e0 kh\u00f4ng gi\u1ea3m ch\u1ea5t l\u01b0\u1ee3ng.<\/p>\n<hr data-start=\"1164\" data-end=\"1167\" \/>\n<h3 data-start=\"1169\" data-end=\"1194\"><strong data-start=\"1173\" data-end=\"1194\">\u1ee8ng D\u1ee5ng Ph\u1ed5 Bi\u1ebfn<\/strong><\/h3>\n<p data-start=\"1195\" data-end=\"1307\">\u2022 M\u00f4 h\u00ecnh s\u00e1ng t\u1ea1o, s\u1ea3n ph\u1ea9m v\u0103n h\u00f3a<br data-start=\"1231\" data-end=\"1234\" \/>\u2022 \u0110\u1ea1o c\u1ee5 phim \u1ea3nh, cosplay<br data-start=\"1260\" data-end=\"1263\" \/>\u2022 M\u00f4 h\u00ecnh ho\u1ea1t h\u00ecnh v\u00e0 thi\u1ebft k\u1ebf ngh\u1ec7 thu\u1eadt<\/p>\n<hr data-start=\"1309\" data-end=\"1312\" \/>\n<h3 data-start=\"1314\" data-end=\"1340\"><strong data-start=\"1318\" data-end=\"1340\">Th\u00f4ng Tin S\u1ea3n Ph\u1ea9m<\/strong><\/h3>\n<ul data-start=\"1341\" data-end=\"1585\">\n<li data-start=\"1341\" data-end=\"1387\">\n<p data-start=\"1343\" data-end=\"1387\"><strong data-start=\"1343\" data-end=\"1360\">T\u00ean s\u1ea3n ph\u1ea9m:<\/strong> eSun PLA-UV Color Change<\/p>\n<\/li>\n<li data-start=\"1388\" data-end=\"1442\">\n<p data-start=\"1390\" data-end=\"1442\"><strong data-start=\"1390\" data-end=\"1404\">Lo\u1ea1i nh\u1ef1a:<\/strong> PLA c\u1ea3i ti\u1ebfn c\u00f3 kh\u1ea3 n\u0103ng \u0111\u1ed5i m\u00e0u UV<\/p>\n<\/li>\n<li data-start=\"1443\" data-end=\"1496\">\n<p data-start=\"1445\" data-end=\"1496\"><strong data-start=\"1445\" data-end=\"1461\">T\u01b0\u01a1ng th\u00edch:<\/strong> M\u00e1y in 3D FDM s\u1eed d\u1ee5ng s\u1ee3i 1.75mm<\/p>\n<\/li>\n<li data-start=\"1497\" data-end=\"1541\">\n<p data-start=\"1499\" data-end=\"1541\"><strong data-start=\"1499\" data-end=\"1512\">Hi\u1ec7u \u1ee9ng:<\/strong> \u0110\u1ed5i m\u00e0u d\u01b0\u1edbi \u00e1nh s\u00e1ng (UV)<\/p>\n<\/li>\n<\/ul>\n<blockquote class=\"wp-embedded-content\" data-secret=\"W9pXMob5EP\"><p><a href=\"https:\/\/nge.vn\/en\/product\/may-in-3d-fdm-creality-hi-combo\/\">M\u00e1y in 3d FDM Creality Hi Combo t\u1ed1c \u0111\u1ed9 in max 500mm\/s<\/a><\/p><\/blockquote>\n<p><iframe loading=\"lazy\" class=\"wp-embedded-content\" sandbox=\"allow-scripts\" security=\"restricted\" style=\"position: absolute; visibility: hidden;\" title=\"&#8220;M\u00e1y in 3d FDM Creality Hi Combo t\u1ed1c \u0111\u1ed9 in max 500mm\/s&#8221; &#8212; NGE 3D Printers Services\" src=\"https:\/\/nge.vn\/san-pham\/may-in-3d-fdm-creality-hi-combo\/embed\/#?secret=1mqleO2xYm#?secret=W9pXMob5EP\" data-secret=\"W9pXMob5EP\" width=\"600\" height=\"338\" frameborder=\"0\" marginwidth=\"0\" marginheight=\"0\" scrolling=\"no\"><\/iframe><\/p>\n<p>-\u0110\u00e2y l\u00e0 c\u00e1c trang b\u00e1n h\u00e0ng b\u00ean m\u00ecnh NGE 3D Printer Services chuy\u00ean cung c\u1ea5p Nh\u1ef1a in 3D v\u00e0 M\u00e1y in 3D c\u1ee7a H\u00e3ng ESUN, Flsun, BIQU, Creality, eMake3d&#8230;<br \/>\n\ud83d\uded2Shopee =&gt; https:\/\/shopee.vn\/nge3dprinter<br \/>\n\ud83d\uded2Shopee =&gt; https:\/\/shopee.vn\/nge3dservices<br \/>\n\ud83d\uded2Shopee Voron v\u00e0 eMake3D =&gt; https:\/\/shopee.vn\/3dmasterpower<br \/>\n\ud83d\uded2Shopee eMake3D =&gt; https:\/\/shopee.vn\/nge3dprinting<br \/>\n\ud83d\uded2Lazada =&gt; https:\/\/www.lazada.vn\/shop\/nge-3d-printer<br \/>\n\ud83d\uded2Lazada =&gt; https:\/\/www.lazada.vn\/shop\/nge-3d-printer-services<br \/>\n\ud83d\uded2Lazada =&gt; https:\/\/www.lazada.vn\/shop\/emake3d-vn<br \/>\n\ud83d\uded2Webslite Th\u1ebf H\u1ec7 K\u1ebf Ti\u1ebfp =&gt;https:\/\/www.theheketiep.com\/<br \/>\n\ud83d\uded2Webslite NGE.VN =&gt;https:\/\/www.nge.vn\/<br \/>\nHo\u1eb7c b\u1ea1n g\u1ecdi 094.144.0951 g\u1eb7p m\u00ecnh<br \/>\nHo\u1eb7c 0913939775 g\u1eb7p anh Qu\u00e2n<\/p>\n<p>** Price does not include VAT (+8 or 10% if VAT invoice is issued)<\/p>","protected":false},"excerpt":{"rendered":"<p data-start=\"1625\" data-end=\"1773\">Nh\u1ef1a in 3D eSun PLA-UV \u0111\u1ed5i m\u00e0u d\u01b0\u1edbi \u00e1nh s\u00e1ng, in d\u1ec5, b\u1ec1 m\u1eb7t m\u1ecbn, hi\u1ec7u \u1ee9ng \u0111\u1eb9p m\u1eaft cho m\u00f4 h\u00ecnh, cosplay, \u0111\u1ea1o c\u1ee5 phim \u1ea3nh. Ph\u00f9 h\u1ee3p m\u1ecdi m\u00e1y FDM 1.75mm.<\/p>","protected":false},"featured_media":6102,"comment_status":"open","ping_status":"closed","template":"","meta":{"inline_featured_image":false},"product_brand":[],"product_cat":[455,456,466],"product_tag":[766,619,765,767,663,697,764],"class_list":{"0":"post-6101","1":"product","2":"type-product","3":"status-publish","4":"has-post-thumbnail","6":"product_cat-nhua-in-3d","7":"product_cat-nhua-in-3d-fdm","8":"product_cat-soi-nhua-esun-fdm","9":"product_tag-3dprintingmaterial","10":"product_tag-esun","11":"product_tag-esunpla","12":"product_tag-in3dthaydoimau","13":"product_tag-nge3d","14":"product_tag-nhuain3d","15":"product_tag-plauv","17":"first","18":"instock","19":"taxable","20":"shipping-taxable","21":"purchasable","22":"product-type-variable"},"yoast_head":"<!-- This site is optimized with the Yoast SEO Premium plugin v22.8 (Yoast SEO v26.9) - https:\/\/yoast.com\/product\/yoast-seo-premium-wordpress\/ -->\n<title>Nh\u1ef1a in 3d thay \u0111\u1ed5i m\u00e0u s\u1eafc eSun PLA-UV Color Change - NGE 3D Printers Services<\/title>\n<meta name=\"description\" content=\"Nh\u1ef1a in 3D eSun PLA-UV \u0111\u1ed5i m\u00e0u d\u01b0\u1edbi \u00e1nh s\u00e1ng, in d\u1ec5, b\u1ec1 m\u1eb7t m\u1ecbn, hi\u1ec7u \u1ee9ng \u0111\u1eb9p m\u1eaft cho m\u00f4 h\u00ecnh, \u0111\u1ea1o c\u1ee5 phim \u1ea3nh. Ph\u00f9 h\u1ee3p m\u1ecdi m\u00e1y FDM 1.75mm.\" \/>\n<meta name=\"robots\" content=\"index, follow, max-snippet:-1, max-image-preview:large, max-video-preview:-1\" \/>\n<link rel=\"canonical\" href=\"https:\/\/nge.vn\/en\/product\/nhua-in-3d-thay-doi-mau-sac-esun-pla-uv-color-change\/\" \/>\n<meta property=\"og:locale\" content=\"en_US\" \/>\n<meta property=\"og:type\" content=\"article\" \/>\n<meta property=\"og:title\" content=\"Nh\u1ef1a in 3d thay \u0111\u1ed5i m\u00e0u s\u1eafc eSun PLA-UV Color Change\" \/>\n<meta property=\"og:description\" content=\"Nh\u1ef1a in 3D eSun PLA-UV \u0111\u1ed5i m\u00e0u d\u01b0\u1edbi \u00e1nh s\u00e1ng, in d\u1ec5, b\u1ec1 m\u1eb7t m\u1ecbn, hi\u1ec7u \u1ee9ng \u0111\u1eb9p m\u1eaft cho m\u00f4 h\u00ecnh, \u0111\u1ea1o c\u1ee5 phim \u1ea3nh. Ph\u00f9 h\u1ee3p m\u1ecdi m\u00e1y FDM 1.75mm.\" \/>\n<meta property=\"og:url\" content=\"https:\/\/nge.vn\/en\/product\/nhua-in-3d-thay-doi-mau-sac-esun-pla-uv-color-change\/\" \/>\n<meta property=\"og:site_name\" content=\"NGE 3D Printers Services\" \/>\n<meta property=\"article:modified_time\" content=\"2025-08-04T09:46:24+00:00\" \/>\n<meta property=\"og:image\" content=\"https:\/\/nge.vn\/wp-content\/uploads\/2025\/08\/vn-11134207-7ra0g-m80rvwxy3ukn5f_tn.jpeg\" \/>\n\t<meta property=\"og:image:width\" content=\"320\" \/>\n\t<meta property=\"og:image:height\" content=\"320\" \/>\n\t<meta property=\"og:image:type\" content=\"image\/jpeg\" \/>\n<meta name=\"twitter:card\" content=\"summary_large_image\" \/>\n<meta name=\"twitter:label1\" content=\"Est. reading time\" \/>\n\t<meta name=\"twitter:data1\" content=\"3 minutes\" \/>\n<script type=\"application\/ld+json\" class=\"yoast-schema-graph\">{\"@context\":\"https:\/\/schema.org\",\"@graph\":[{\"@type\":\"WebPage\",\"@id\":\"https:\/\/nge.vn\/san-pham\/nhua-in-3d-thay-doi-mau-sac-esun-pla-uv-color-change\/\",\"url\":\"https:\/\/nge.vn\/san-pham\/nhua-in-3d-thay-doi-mau-sac-esun-pla-uv-color-change\/\",\"name\":\"Nh\u1ef1a in 3d thay \u0111\u1ed5i m\u00e0u s\u1eafc eSun PLA-UV Color Change - NGE 3D Printers Services\",\"isPartOf\":{\"@id\":\"https:\/\/nge.vn\/#website\"},\"primaryImageOfPage\":{\"@id\":\"https:\/\/nge.vn\/san-pham\/nhua-in-3d-thay-doi-mau-sac-esun-pla-uv-color-change\/#primaryimage\"},\"image\":{\"@id\":\"https:\/\/nge.vn\/san-pham\/nhua-in-3d-thay-doi-mau-sac-esun-pla-uv-color-change\/#primaryimage\"},\"thumbnailUrl\":\"https:\/\/nge.vn\/wp-content\/uploads\/2025\/08\/vn-11134207-7ra0g-m80rvwxy3ukn5f_tn.jpeg\",\"datePublished\":\"2025-08-04T09:46:23+00:00\",\"dateModified\":\"2025-08-04T09:46:24+00:00\",\"description\":\"Nh\u1ef1a in 3D eSun PLA-UV \u0111\u1ed5i m\u00e0u d\u01b0\u1edbi \u00e1nh s\u00e1ng, in d\u1ec5, b\u1ec1 m\u1eb7t m\u1ecbn, hi\u1ec7u \u1ee9ng \u0111\u1eb9p m\u1eaft cho m\u00f4 h\u00ecnh, \u0111\u1ea1o c\u1ee5 phim \u1ea3nh. Ph\u00f9 h\u1ee3p m\u1ecdi m\u00e1y FDM 1.75mm.\",\"breadcrumb\":{\"@id\":\"https:\/\/nge.vn\/san-pham\/nhua-in-3d-thay-doi-mau-sac-esun-pla-uv-color-change\/#breadcrumb\"},\"inLanguage\":\"en-US\",\"potentialAction\":[{\"@type\":\"ReadAction\",\"target\":[\"https:\/\/nge.vn\/san-pham\/nhua-in-3d-thay-doi-mau-sac-esun-pla-uv-color-change\/\"]}]},{\"@type\":\"ImageObject\",\"inLanguage\":\"en-US\",\"@id\":\"https:\/\/nge.vn\/san-pham\/nhua-in-3d-thay-doi-mau-sac-esun-pla-uv-color-change\/#primaryimage\",\"url\":\"https:\/\/nge.vn\/wp-content\/uploads\/2025\/08\/vn-11134207-7ra0g-m80rvwxy3ukn5f_tn.jpeg\",\"contentUrl\":\"https:\/\/nge.vn\/wp-content\/uploads\/2025\/08\/vn-11134207-7ra0g-m80rvwxy3ukn5f_tn.jpeg\",\"width\":320,\"height\":320,\"caption\":\"pla uv\"},{\"@type\":\"BreadcrumbList\",\"@id\":\"https:\/\/nge.vn\/san-pham\/nhua-in-3d-thay-doi-mau-sac-esun-pla-uv-color-change\/#breadcrumb\",\"itemListElement\":[{\"@type\":\"ListItem\",\"position\":1,\"name\":\"Trang ch\u1ee7\",\"item\":\"https:\/\/nge.vn\/\"},{\"@type\":\"ListItem\",\"position\":2,\"name\":\"S\u1ea3n ph\u1ea9m\",\"item\":\"https:\/\/nge.vn\/san-pham\/\"},{\"@type\":\"ListItem\",\"position\":3,\"name\":\"Nh\u1ef1a in 3d thay \u0111\u1ed5i m\u00e0u s\u1eafc eSun PLA-UV Color Change\"}]},{\"@type\":\"WebSite\",\"@id\":\"https:\/\/nge.vn\/#website\",\"url\":\"https:\/\/nge.vn\/\",\"name\":\"NGE 3D Printers Services\",\"description\":\"\",\"potentialAction\":[{\"@type\":\"SearchAction\",\"target\":{\"@type\":\"EntryPoint\",\"urlTemplate\":\"https:\/\/nge.vn\/?s={search_term_string}\"},\"query-input\":{\"@type\":\"PropertyValueSpecification\",\"valueRequired\":true,\"valueName\":\"search_term_string\"}}],\"inLanguage\":\"en-US\"}]}<\/script>\n<!-- \/ Yoast SEO Premium plugin. -->","yoast_head_json":{"title":"Nh\u1ef1a in 3d thay \u0111\u1ed5i m\u00e0u s\u1eafc eSun PLA-UV Color Change - NGE 3D Printers Services","description":"Nh\u1ef1a in 3D eSun PLA-UV \u0111\u1ed5i m\u00e0u d\u01b0\u1edbi \u00e1nh s\u00e1ng, in d\u1ec5, b\u1ec1 m\u1eb7t m\u1ecbn, hi\u1ec7u \u1ee9ng \u0111\u1eb9p m\u1eaft cho m\u00f4 h\u00ecnh, \u0111\u1ea1o c\u1ee5 phim \u1ea3nh. Ph\u00f9 h\u1ee3p m\u1ecdi m\u00e1y FDM 1.75mm.","robots":{"index":"index","follow":"follow","max-snippet":"max-snippet:-1","max-image-preview":"max-image-preview:large","max-video-preview":"max-video-preview:-1"},"canonical":"https:\/\/nge.vn\/en\/product\/nhua-in-3d-thay-doi-mau-sac-esun-pla-uv-color-change\/","og_locale":"en_US","og_type":"article","og_title":"Nh\u1ef1a in 3d thay \u0111\u1ed5i m\u00e0u s\u1eafc eSun PLA-UV Color Change","og_description":"Nh\u1ef1a in 3D eSun PLA-UV \u0111\u1ed5i m\u00e0u d\u01b0\u1edbi \u00e1nh s\u00e1ng, in d\u1ec5, b\u1ec1 m\u1eb7t m\u1ecbn, hi\u1ec7u \u1ee9ng \u0111\u1eb9p m\u1eaft cho m\u00f4 h\u00ecnh, \u0111\u1ea1o c\u1ee5 phim \u1ea3nh. Ph\u00f9 h\u1ee3p m\u1ecdi m\u00e1y FDM 1.75mm.","og_url":"https:\/\/nge.vn\/en\/product\/nhua-in-3d-thay-doi-mau-sac-esun-pla-uv-color-change\/","og_site_name":"NGE 3D Printers Services","article_modified_time":"2025-08-04T09:46:24+00:00","og_image":[{"width":320,"height":320,"url":"https:\/\/nge.vn\/wp-content\/uploads\/2025\/08\/vn-11134207-7ra0g-m80rvwxy3ukn5f_tn.jpeg","type":"image\/jpeg"}],"twitter_card":"summary_large_image","twitter_misc":{"Est. reading time":"3 minutes"},"schema":{"@context":"https:\/\/schema.org","@graph":[{"@type":"WebPage","@id":"https:\/\/nge.vn\/san-pham\/nhua-in-3d-thay-doi-mau-sac-esun-pla-uv-color-change\/","url":"https:\/\/nge.vn\/san-pham\/nhua-in-3d-thay-doi-mau-sac-esun-pla-uv-color-change\/","name":"Nh\u1ef1a in 3d thay \u0111\u1ed5i m\u00e0u s\u1eafc eSun PLA-UV Color Change - NGE 3D Printers Services","isPartOf":{"@id":"https:\/\/nge.vn\/#website"},"primaryImageOfPage":{"@id":"https:\/\/nge.vn\/san-pham\/nhua-in-3d-thay-doi-mau-sac-esun-pla-uv-color-change\/#primaryimage"},"image":{"@id":"https:\/\/nge.vn\/san-pham\/nhua-in-3d-thay-doi-mau-sac-esun-pla-uv-color-change\/#primaryimage"},"thumbnailUrl":"https:\/\/nge.vn\/wp-content\/uploads\/2025\/08\/vn-11134207-7ra0g-m80rvwxy3ukn5f_tn.jpeg","datePublished":"2025-08-04T09:46:23+00:00","dateModified":"2025-08-04T09:46:24+00:00","description":"Nh\u1ef1a in 3D eSun PLA-UV \u0111\u1ed5i m\u00e0u d\u01b0\u1edbi \u00e1nh s\u00e1ng, in d\u1ec5, b\u1ec1 m\u1eb7t m\u1ecbn, hi\u1ec7u \u1ee9ng \u0111\u1eb9p m\u1eaft cho m\u00f4 h\u00ecnh, \u0111\u1ea1o c\u1ee5 phim \u1ea3nh. Ph\u00f9 h\u1ee3p m\u1ecdi m\u00e1y FDM 1.75mm.","breadcrumb":{"@id":"https:\/\/nge.vn\/san-pham\/nhua-in-3d-thay-doi-mau-sac-esun-pla-uv-color-change\/#breadcrumb"},"inLanguage":"en-US","potentialAction":[{"@type":"ReadAction","target":["https:\/\/nge.vn\/san-pham\/nhua-in-3d-thay-doi-mau-sac-esun-pla-uv-color-change\/"]}]},{"@type":"ImageObject","inLanguage":"en-US","@id":"https:\/\/nge.vn\/san-pham\/nhua-in-3d-thay-doi-mau-sac-esun-pla-uv-color-change\/#primaryimage","url":"https:\/\/nge.vn\/wp-content\/uploads\/2025\/08\/vn-11134207-7ra0g-m80rvwxy3ukn5f_tn.jpeg","contentUrl":"https:\/\/nge.vn\/wp-content\/uploads\/2025\/08\/vn-11134207-7ra0g-m80rvwxy3ukn5f_tn.jpeg","width":320,"height":320,"caption":"pla uv"},{"@type":"BreadcrumbList","@id":"https:\/\/nge.vn\/san-pham\/nhua-in-3d-thay-doi-mau-sac-esun-pla-uv-color-change\/#breadcrumb","itemListElement":[{"@type":"ListItem","position":1,"name":"Trang ch\u1ee7","item":"https:\/\/nge.vn\/"},{"@type":"ListItem","position":2,"name":"S\u1ea3n ph\u1ea9m","item":"https:\/\/nge.vn\/san-pham\/"},{"@type":"ListItem","position":3,"name":"Nh\u1ef1a in 3d thay \u0111\u1ed5i m\u00e0u s\u1eafc eSun PLA-UV Color Change"}]},{"@type":"WebSite","@id":"https:\/\/nge.vn\/#website","url":"https:\/\/nge.vn\/","name":"NGE 3D Printers Services","description":"","potentialAction":[{"@type":"SearchAction","target":{"@type":"EntryPoint","urlTemplate":"https:\/\/nge.vn\/?s={search_term_string}"},"query-input":{"@type":"PropertyValueSpecification","valueRequired":true,"valueName":"search_term_string"}}],"inLanguage":"en-US"}]}},"_links":{"self":[{"href":"https:\/\/nge.vn\/en\/wp-json\/wp\/v2\/product\/6101","targetHints":{"allow":["GET"]}}],"collection":[{"href":"https:\/\/nge.vn\/en\/wp-json\/wp\/v2\/product"}],"about":[{"href":"https:\/\/nge.vn\/en\/wp-json\/wp\/v2\/types\/product"}],"replies":[{"embeddable":true,"href":"https:\/\/nge.vn\/en\/wp-json\/wp\/v2\/comments?post=6101"}],"wp:featuredmedia":[{"embeddable":true,"href":"https:\/\/nge.vn\/en\/wp-json\/wp\/v2\/media\/6102"}],"wp:attachment":[{"href":"https:\/\/nge.vn\/en\/wp-json\/wp\/v2\/media?parent=6101"}],"wp:term":[{"taxonomy":"product_brand","embeddable":true,"href":"https:\/\/nge.vn\/en\/wp-json\/wp\/v2\/product_brand?post=6101"},{"taxonomy":"product_cat","embeddable":true,"href":"https:\/\/nge.vn\/en\/wp-json\/wp\/v2\/product_cat?post=6101"},{"taxonomy":"product_tag","embeddable":true,"href":"https:\/\/nge.vn\/en\/wp-json\/wp\/v2\/product_tag?post=6101"}],"curies":[{"name":"wp","href":"https:\/\/api.w.org\/{rel}","templated":true}]}}