{"id":6034,"date":"2025-08-01T17:59:58","date_gmt":"2025-08-01T10:59:58","guid":{"rendered":"https:\/\/nge.vn\/?post_type=product&#038;p=6034"},"modified":"2025-08-01T17:59:59","modified_gmt":"2025-08-01T10:59:59","slug":"dau-dun-nhua-e3d-volcano-hotend-cho-may-in-3d-artillery-sidewinder-x1-x2-genius-pro-vyper-anycubic-kobra-plus-max-3d","status":"publish","type":"product","link":"https:\/\/nge.vn\/en\/product\/dau-dun-nhua-e3d-volcano-hotend-cho-may-in-3d-artillery-sidewinder-x1-x2-genius-pro-vyper-anycubic-kobra-plus-max-3d\/","title":{"rendered":"\u0110\u1ea7u \u0111\u00f9n nh\u1ef1a E3D Volcano Hotend cho m\u00e1y in 3d Artillery Sidewinder X1 &#038; X2 Genius Pro Vyper Anycubic Kobra PLUS, MAX 3D"},"content":{"rendered":"<h3 data-start=\"120\" data-end=\"203\"><strong data-start=\"124\" data-end=\"203\">\u0110\u1ea7u \u0110\u00f9n nh\u1ef1a Volcano E3D V6 \u2013 Gia C\u00f4ng CNC Ch\u00ednh X\u00e1c, T\u01b0\u01a1ng Th\u00edch Nhi\u1ec1u M\u00e1y In 3D<\/strong><\/h3>\n<p data-start=\"205\" data-end=\"395\">\u0110\u1ea7u \u0111\u00f9n nh\u1ef1a <strong data-start=\"218\" data-end=\"236\">Volcano E3D V6<\/strong> l\u00e0 l\u1ef1a ch\u1ecdn l\u00fd t\u01b0\u1edfng cho nh\u1eefng ai mu\u1ed1n n\u00e2ng c\u1ea5p ch\u1ea5t l\u01b0\u1ee3ng in 3D. Gia c\u00f4ng CNC \u0111\u1ed9 ch\u00ednh x\u00e1c cao gi\u00fap t\u0103ng hi\u1ec7u su\u1ea5t in, h\u1ea1n ch\u1ebf l\u1ed7i v\u00e0 t\u1ea1o b\u1ec1 m\u1eb7t m\u1ecbn \u0111\u1eb9p h\u01a1n.<\/p>\n<hr data-start=\"397\" data-end=\"400\" \/>\n<h3 data-start=\"402\" data-end=\"427\"><strong data-start=\"406\" data-end=\"427\">T\u00ednh N\u0103ng N\u1ed5i B\u1eadt<\/strong><\/h3>\n<p data-start=\"429\" data-end=\"539\">\u2705 <strong data-start=\"431\" data-end=\"466\">Gia c\u00f4ng CNC \u2013 \u0110\u1ed9 ch\u00ednh x\u00e1c cao<\/strong><br data-start=\"466\" data-end=\"469\" \/>\u2022 Thi\u1ebft k\u1ebf chu\u1ea9n, ch\u1ed1ng r\u00f2 r\u1ec9 v\u00e0 \u1ed5n \u0111\u1ecbnh trong qu\u00e1 tr\u00ecnh in l\u00e2u d\u00e0i.<\/p>\n<p data-start=\"541\" data-end=\"669\">\u2705 <strong data-start=\"543\" data-end=\"572\">\u0110a d\u1ea1ng k\u00edch th\u01b0\u1edbc \u0111\u1ea7u in<\/strong><br data-start=\"572\" data-end=\"575\" \/>\u2022 C\u00f3 c\u00e1c size: 0.2 \u2013 1.2mm, \u0111\u00e1p \u1ee9ng nhu c\u1ea7u t\u1eeb chi ti\u1ebft si\u00eau nh\u1ecf \u0111\u1ebfn in t\u1ed1c \u0111\u1ed9 cao, l\u1edbp d\u00e0y.<\/p>\n<p data-start=\"671\" data-end=\"767\">\u2705 <strong data-start=\"673\" data-end=\"692\">T\u01b0\u01a1ng th\u00edch t\u1ed1t<\/strong><br data-start=\"692\" data-end=\"695\" \/>\u2022 S\u1eed d\u1ee5ng cho c\u00e1c m\u00e1y in c\u00f3 c\u1ee5m \u0111\u00f9n Volcano nh\u01b0: FLSUN Super Racer, v.v.<\/p>\n<hr data-start=\"769\" data-end=\"772\" \/>\n<h3 data-start=\"774\" data-end=\"799\"><strong data-start=\"778\" data-end=\"799\">Th\u00f4ng S\u1ed1 K\u1ef9 Thu\u1eadt<\/strong><\/h3>\n<ul data-start=\"801\" data-end=\"1065\">\n<li data-start=\"801\" data-end=\"841\">\n<p data-start=\"803\" data-end=\"841\"><strong data-start=\"803\" data-end=\"820\">T\u00ean s\u1ea3n ph\u1ea9m:<\/strong> Nozzle E3D Volcano<\/p>\n<\/li>\n<li data-start=\"842\" data-end=\"870\">\n<p data-start=\"844\" data-end=\"870\"><strong data-start=\"844\" data-end=\"863\">Chi\u1ec1u d\u00e0i t\u1ed5ng:<\/strong> 21mm<\/p>\n<\/li>\n<li data-start=\"871\" data-end=\"898\">\n<p data-start=\"873\" data-end=\"898\"><strong data-start=\"873\" data-end=\"891\">Chi\u1ec1u d\u00e0i ren:<\/strong> 16mm<\/p>\n<\/li>\n<li data-start=\"899\" data-end=\"925\">\n<p data-start=\"901\" data-end=\"925\"><strong data-start=\"901\" data-end=\"919\">Chi\u1ec1u d\u00e0i \u0111\u1ea7u:<\/strong> 5mm<\/p>\n<\/li>\n<li data-start=\"926\" data-end=\"953\">\n<p data-start=\"928\" data-end=\"953\"><strong data-start=\"928\" data-end=\"947\">\u0110\u01b0\u1eddng k\u00ednh ren:<\/strong> 6mm<\/p>\n<\/li>\n<li data-start=\"954\" data-end=\"983\">\n<p data-start=\"956\" data-end=\"983\"><strong data-start=\"956\" data-end=\"972\">Tr\u1ecdng l\u01b0\u1ee3ng:<\/strong> 3g\/1 c\u00e1i<\/p>\n<\/li>\n<li data-start=\"984\" data-end=\"1065\">\n<p data-start=\"986\" data-end=\"1065\"><strong data-start=\"986\" data-end=\"1008\">K\u00edch th\u01b0\u1edbc \u0111\u1ea7u in:<\/strong> 0.2 \/ 0.25 \/ 0.3 \/ 0.4 \/ 0.5 \/ 0.6 \/ 0.8 \/ 1.0 \/ 1.2mm<\/p>\n<\/li>\n<\/ul>\n<p>&nbsp;<\/p>\n<blockquote class=\"wp-embedded-content\" data-secret=\"PDj5VdiCy9\"><p><a href=\"https:\/\/nge.vn\/en\/product\/may-in-3d-delta-flsun-super-racer-kho-in-\u03c6260330mm\/\">M\u00e1y in 3d Delta FLSUN Super Racer kh\u1ed5 in \u03a6260*330mm<\/a><\/p><\/blockquote>\n<p><iframe loading=\"lazy\" class=\"wp-embedded-content\" sandbox=\"allow-scripts\" security=\"restricted\" style=\"position: absolute; visibility: hidden;\" title=\"&#8220;M\u00e1y in 3d Delta FLSUN Super Racer kh\u1ed5 in \u03a6260*330mm&#8221; &#8212; NGE 3D Printers Services\" src=\"https:\/\/nge.vn\/san-pham\/may-in-3d-delta-flsun-super-racer-kho-in-%cf%86260330mm\/embed\/#?secret=5KxFoXiIss#?secret=PDj5VdiCy9\" data-secret=\"PDj5VdiCy9\" width=\"600\" height=\"338\" frameborder=\"0\" marginwidth=\"0\" marginheight=\"0\" scrolling=\"no\"><\/iframe><\/p>\n<p>_\u0110\u00e2y l\u00e0 c\u00e1c trang b\u00e1n h\u00e0ng b\u00ean m\u00ecnh NGE 3D Printer Services chuy\u00ean cung c\u1ea5p Nh\u1ef1a in 3D v\u00e0 M\u00e1y in 3D c\u1ee7a H\u00e3ng ESUN, Flsun, BIQU, Creality, eMake3d&#8230;<br \/>\n\ud83d\uded2Shopee =&gt; https:\/\/shopee.vn\/nge3dprinter<br \/>\n\ud83d\uded2Shopee =&gt; https:\/\/shopee.vn\/nge3dservices<br \/>\n\ud83d\uded2Shopee Voron v\u00e0 eMake3D =&gt; https:\/\/shopee.vn\/3dmasterpower<br \/>\n\ud83d\uded2Shopee eMake3D =&gt; https:\/\/shopee.vn\/nge3dprinting<br \/>\n\ud83d\uded2Lazada =&gt; https:\/\/www.lazada.vn\/shop\/nge-3d-printer<br \/>\n\ud83d\uded2Lazada =&gt; https:\/\/www.lazada.vn\/shop\/nge-3d-printer-services<br \/>\n\ud83d\uded2Lazada =&gt; https:\/\/www.lazada.vn\/shop\/emake3d-vn<br \/>\n\ud83d\uded2Webslite Th\u1ebf H\u1ec7 K\u1ebf Ti\u1ebfp =&gt;https:\/\/www.theheketiep.com\/<br \/>\n\ud83d\uded2Webslite NGE.VN =&gt;<a href=\"https:\/\/nge.vn\/en\/\">https:\/\/www.nge.vn\/<\/a><br \/>\nHo\u1eb7c b\u1ea1n g\u1ecdi 094.144.0951 g\u1eb7p m\u00ecnh<br \/>\nHo\u1eb7c 0913939775 g\u1eb7p anh Qu\u00e2n<\/p>\n<p>** Price does not include VAT (+8 or 10% if VAT invoice is issued)<\/p>","protected":false},"excerpt":{"rendered":"<p data-start=\"1105\" data-end=\"1260\">\u0110\u1ea7u in Volcano E3D V6 gia c\u00f4ng CNC ch\u00ednh x\u00e1c, t\u01b0\u01a1ng th\u00edch m\u00e1y in 3D c\u1ee5m \u0111\u00f9n Volcano. Nhi\u1ec1u k\u00edch th\u01b0\u1edbc l\u1ef1a ch\u1ecdn, cho b\u1ea3n in m\u01b0\u1ee3t v\u00e0 \u0111\u1ec1u, ph\u00f9 h\u1ee3p FLSUN, v.v.<\/p>","protected":false},"featured_media":6035,"comment_status":"open","ping_status":"closed","template":"","meta":{"inline_featured_image":false},"product_brand":[],"product_cat":[461,57,40],"product_tag":[752,753,751,494,663,750,749],"class_list":{"0":"post-6034","1":"product","2":"type-product","3":"status-publish","4":"has-post-thumbnail","6":"product_cat-linh-kien-cum-dun-va-cam-bien","7":"product_cat-linh-kien-may-in-3d-flsun","8":"product_cat-linh-kien-va-phu-kien","9":"product_tag-3dprinterparts","10":"product_tag-3dprintingvietnam","11":"product_tag-dauin3d","12":"product_tag-mayin3d","13":"product_tag-nge3d","14":"product_tag-nozzlee3d","15":"product_tag-volcanoe3d","17":"first","18":"instock","19":"taxable","20":"shipping-taxable","21":"purchasable","22":"product-type-variable"},"yoast_head":"<!-- This site is optimized with the Yoast SEO Premium plugin v22.8 (Yoast SEO v26.9) - https:\/\/yoast.com\/product\/yoast-seo-premium-wordpress\/ -->\n<title>\u0110\u1ea7u \u0111\u00f9n nh\u1ef1a E3D Volcano Hotend cho m\u00e1y in 3d Artillery Sidewinder X1 &amp; X2 Genius Pro Vyper Anycubic Kobra PLUS, MAX 3D - NGE 3D Printers Services<\/title>\n<meta name=\"description\" content=\"\u0110\u1ea7u in Volcano E3D V6 gia c\u00f4ng CNC ch\u00ednh x\u00e1c, t\u01b0\u01a1ng th\u00edch m\u00e1y in 3D c\u1ee5m \u0111\u00f9n Volcano. Nhi\u1ec1u k\u00edch th\u01b0\u1edbc l\u1ef1a ch\u1ecdn, cho b\u1ea3n in m\u01b0\u1ee3t v\u00e0 \u0111\u1ec1u, ph\u00f9 h\u1ee3p FLSUN, v.v.\" \/>\n<meta name=\"robots\" content=\"index, follow, max-snippet:-1, max-image-preview:large, max-video-preview:-1\" \/>\n<link rel=\"canonical\" href=\"https:\/\/nge.vn\/en\/product\/dau-dun-nhua-e3d-volcano-hotend-cho-may-in-3d-artillery-sidewinder-x1-x2-genius-pro-vyper-anycubic-kobra-plus-max-3d\/\" \/>\n<meta property=\"og:locale\" content=\"en_US\" \/>\n<meta property=\"og:type\" content=\"article\" \/>\n<meta property=\"og:title\" content=\"\u0110\u1ea7u \u0111\u00f9n nh\u1ef1a E3D Volcano Hotend cho m\u00e1y in 3d Artillery Sidewinder X1 &amp; X2 Genius Pro Vyper Anycubic Kobra PLUS, MAX 3D\" \/>\n<meta property=\"og:description\" content=\"\u0110\u1ea7u in Volcano E3D V6 gia c\u00f4ng CNC ch\u00ednh x\u00e1c, t\u01b0\u01a1ng th\u00edch m\u00e1y in 3D c\u1ee5m \u0111\u00f9n Volcano. Nhi\u1ec1u k\u00edch th\u01b0\u1edbc l\u1ef1a ch\u1ecdn, cho b\u1ea3n in m\u01b0\u1ee3t v\u00e0 \u0111\u1ec1u, ph\u00f9 h\u1ee3p FLSUN, v.v.\" \/>\n<meta property=\"og:url\" content=\"https:\/\/nge.vn\/en\/product\/dau-dun-nhua-e3d-volcano-hotend-cho-may-in-3d-artillery-sidewinder-x1-x2-genius-pro-vyper-anycubic-kobra-plus-max-3d\/\" \/>\n<meta property=\"og:site_name\" content=\"NGE 3D Printers Services\" \/>\n<meta property=\"article:modified_time\" content=\"2025-08-01T10:59:59+00:00\" \/>\n<meta property=\"og:image\" content=\"https:\/\/nge.vn\/wp-content\/uploads\/2025\/08\/vn-11134207-7ras8-m1jfz5mzgmdv40_tn.jpeg\" \/>\n\t<meta property=\"og:image:width\" content=\"320\" \/>\n\t<meta property=\"og:image:height\" content=\"320\" \/>\n\t<meta property=\"og:image:type\" content=\"image\/jpeg\" \/>\n<meta name=\"twitter:card\" content=\"summary_large_image\" \/>\n<meta name=\"twitter:label1\" content=\"Est. reading time\" \/>\n\t<meta name=\"twitter:data1\" content=\"2 minutes\" \/>\n<script type=\"application\/ld+json\" class=\"yoast-schema-graph\">{\"@context\":\"https:\/\/schema.org\",\"@graph\":[{\"@type\":\"WebPage\",\"@id\":\"https:\/\/nge.vn\/san-pham\/dau-dun-nhua-e3d-volcano-hotend-cho-may-in-3d-artillery-sidewinder-x1-x2-genius-pro-vyper-anycubic-kobra-plus-max-3d\/\",\"url\":\"https:\/\/nge.vn\/san-pham\/dau-dun-nhua-e3d-volcano-hotend-cho-may-in-3d-artillery-sidewinder-x1-x2-genius-pro-vyper-anycubic-kobra-plus-max-3d\/\",\"name\":\"\u0110\u1ea7u \u0111\u00f9n nh\u1ef1a E3D Volcano Hotend cho m\u00e1y in 3d Artillery Sidewinder X1 & X2 Genius Pro Vyper Anycubic Kobra PLUS, MAX 3D - NGE 3D Printers Services\",\"isPartOf\":{\"@id\":\"https:\/\/nge.vn\/#website\"},\"primaryImageOfPage\":{\"@id\":\"https:\/\/nge.vn\/san-pham\/dau-dun-nhua-e3d-volcano-hotend-cho-may-in-3d-artillery-sidewinder-x1-x2-genius-pro-vyper-anycubic-kobra-plus-max-3d\/#primaryimage\"},\"image\":{\"@id\":\"https:\/\/nge.vn\/san-pham\/dau-dun-nhua-e3d-volcano-hotend-cho-may-in-3d-artillery-sidewinder-x1-x2-genius-pro-vyper-anycubic-kobra-plus-max-3d\/#primaryimage\"},\"thumbnailUrl\":\"https:\/\/nge.vn\/wp-content\/uploads\/2025\/08\/vn-11134207-7ras8-m1jfz5mzgmdv40_tn.jpeg\",\"datePublished\":\"2025-08-01T10:59:58+00:00\",\"dateModified\":\"2025-08-01T10:59:59+00:00\",\"description\":\"\u0110\u1ea7u in Volcano E3D V6 gia c\u00f4ng CNC ch\u00ednh x\u00e1c, t\u01b0\u01a1ng th\u00edch m\u00e1y in 3D c\u1ee5m \u0111\u00f9n Volcano. Nhi\u1ec1u k\u00edch th\u01b0\u1edbc l\u1ef1a ch\u1ecdn, cho b\u1ea3n in m\u01b0\u1ee3t v\u00e0 \u0111\u1ec1u, ph\u00f9 h\u1ee3p FLSUN, v.v.\",\"breadcrumb\":{\"@id\":\"https:\/\/nge.vn\/san-pham\/dau-dun-nhua-e3d-volcano-hotend-cho-may-in-3d-artillery-sidewinder-x1-x2-genius-pro-vyper-anycubic-kobra-plus-max-3d\/#breadcrumb\"},\"inLanguage\":\"en-US\",\"potentialAction\":[{\"@type\":\"ReadAction\",\"target\":[\"https:\/\/nge.vn\/san-pham\/dau-dun-nhua-e3d-volcano-hotend-cho-may-in-3d-artillery-sidewinder-x1-x2-genius-pro-vyper-anycubic-kobra-plus-max-3d\/\"]}]},{\"@type\":\"ImageObject\",\"inLanguage\":\"en-US\",\"@id\":\"https:\/\/nge.vn\/san-pham\/dau-dun-nhua-e3d-volcano-hotend-cho-may-in-3d-artillery-sidewinder-x1-x2-genius-pro-vyper-anycubic-kobra-plus-max-3d\/#primaryimage\",\"url\":\"https:\/\/nge.vn\/wp-content\/uploads\/2025\/08\/vn-11134207-7ras8-m1jfz5mzgmdv40_tn.jpeg\",\"contentUrl\":\"https:\/\/nge.vn\/wp-content\/uploads\/2025\/08\/vn-11134207-7ras8-m1jfz5mzgmdv40_tn.jpeg\",\"width\":320,\"height\":320,\"caption\":\"volcano e3d hotend\"},{\"@type\":\"BreadcrumbList\",\"@id\":\"https:\/\/nge.vn\/san-pham\/dau-dun-nhua-e3d-volcano-hotend-cho-may-in-3d-artillery-sidewinder-x1-x2-genius-pro-vyper-anycubic-kobra-plus-max-3d\/#breadcrumb\",\"itemListElement\":[{\"@type\":\"ListItem\",\"position\":1,\"name\":\"Trang ch\u1ee7\",\"item\":\"https:\/\/nge.vn\/\"},{\"@type\":\"ListItem\",\"position\":2,\"name\":\"S\u1ea3n ph\u1ea9m\",\"item\":\"https:\/\/nge.vn\/san-pham\/\"},{\"@type\":\"ListItem\",\"position\":3,\"name\":\"\u0110\u1ea7u \u0111\u00f9n nh\u1ef1a E3D Volcano Hotend cho m\u00e1y in 3d Artillery Sidewinder X1 &#038; X2 Genius Pro Vyper Anycubic Kobra PLUS, MAX 3D\"}]},{\"@type\":\"WebSite\",\"@id\":\"https:\/\/nge.vn\/#website\",\"url\":\"https:\/\/nge.vn\/\",\"name\":\"NGE 3D Printers Services\",\"description\":\"\",\"potentialAction\":[{\"@type\":\"SearchAction\",\"target\":{\"@type\":\"EntryPoint\",\"urlTemplate\":\"https:\/\/nge.vn\/?s={search_term_string}\"},\"query-input\":{\"@type\":\"PropertyValueSpecification\",\"valueRequired\":true,\"valueName\":\"search_term_string\"}}],\"inLanguage\":\"en-US\"}]}<\/script>\n<!-- \/ Yoast SEO Premium plugin. -->","yoast_head_json":{"title":"\u0110\u1ea7u \u0111\u00f9n nh\u1ef1a E3D Volcano Hotend cho m\u00e1y in 3d Artillery Sidewinder X1 & X2 Genius Pro Vyper Anycubic Kobra PLUS, MAX 3D - NGE 3D Printers Services","description":"\u0110\u1ea7u in Volcano E3D V6 gia c\u00f4ng CNC ch\u00ednh x\u00e1c, t\u01b0\u01a1ng th\u00edch m\u00e1y in 3D c\u1ee5m \u0111\u00f9n Volcano. Nhi\u1ec1u k\u00edch th\u01b0\u1edbc l\u1ef1a ch\u1ecdn, cho b\u1ea3n in m\u01b0\u1ee3t v\u00e0 \u0111\u1ec1u, ph\u00f9 h\u1ee3p FLSUN, v.v.","robots":{"index":"index","follow":"follow","max-snippet":"max-snippet:-1","max-image-preview":"max-image-preview:large","max-video-preview":"max-video-preview:-1"},"canonical":"https:\/\/nge.vn\/en\/product\/dau-dun-nhua-e3d-volcano-hotend-cho-may-in-3d-artillery-sidewinder-x1-x2-genius-pro-vyper-anycubic-kobra-plus-max-3d\/","og_locale":"en_US","og_type":"article","og_title":"\u0110\u1ea7u \u0111\u00f9n nh\u1ef1a E3D Volcano Hotend cho m\u00e1y in 3d Artillery Sidewinder X1 & X2 Genius Pro Vyper Anycubic Kobra PLUS, MAX 3D","og_description":"\u0110\u1ea7u in Volcano E3D V6 gia c\u00f4ng CNC ch\u00ednh x\u00e1c, t\u01b0\u01a1ng th\u00edch m\u00e1y in 3D c\u1ee5m \u0111\u00f9n Volcano. Nhi\u1ec1u k\u00edch th\u01b0\u1edbc l\u1ef1a ch\u1ecdn, cho b\u1ea3n in m\u01b0\u1ee3t v\u00e0 \u0111\u1ec1u, ph\u00f9 h\u1ee3p FLSUN, v.v.","og_url":"https:\/\/nge.vn\/en\/product\/dau-dun-nhua-e3d-volcano-hotend-cho-may-in-3d-artillery-sidewinder-x1-x2-genius-pro-vyper-anycubic-kobra-plus-max-3d\/","og_site_name":"NGE 3D Printers Services","article_modified_time":"2025-08-01T10:59:59+00:00","og_image":[{"width":320,"height":320,"url":"https:\/\/nge.vn\/wp-content\/uploads\/2025\/08\/vn-11134207-7ras8-m1jfz5mzgmdv40_tn.jpeg","type":"image\/jpeg"}],"twitter_card":"summary_large_image","twitter_misc":{"Est. reading time":"2 minutes"},"schema":{"@context":"https:\/\/schema.org","@graph":[{"@type":"WebPage","@id":"https:\/\/nge.vn\/san-pham\/dau-dun-nhua-e3d-volcano-hotend-cho-may-in-3d-artillery-sidewinder-x1-x2-genius-pro-vyper-anycubic-kobra-plus-max-3d\/","url":"https:\/\/nge.vn\/san-pham\/dau-dun-nhua-e3d-volcano-hotend-cho-may-in-3d-artillery-sidewinder-x1-x2-genius-pro-vyper-anycubic-kobra-plus-max-3d\/","name":"\u0110\u1ea7u \u0111\u00f9n nh\u1ef1a E3D Volcano Hotend cho m\u00e1y in 3d Artillery Sidewinder X1 & X2 Genius Pro Vyper Anycubic Kobra PLUS, MAX 3D - NGE 3D Printers Services","isPartOf":{"@id":"https:\/\/nge.vn\/#website"},"primaryImageOfPage":{"@id":"https:\/\/nge.vn\/san-pham\/dau-dun-nhua-e3d-volcano-hotend-cho-may-in-3d-artillery-sidewinder-x1-x2-genius-pro-vyper-anycubic-kobra-plus-max-3d\/#primaryimage"},"image":{"@id":"https:\/\/nge.vn\/san-pham\/dau-dun-nhua-e3d-volcano-hotend-cho-may-in-3d-artillery-sidewinder-x1-x2-genius-pro-vyper-anycubic-kobra-plus-max-3d\/#primaryimage"},"thumbnailUrl":"https:\/\/nge.vn\/wp-content\/uploads\/2025\/08\/vn-11134207-7ras8-m1jfz5mzgmdv40_tn.jpeg","datePublished":"2025-08-01T10:59:58+00:00","dateModified":"2025-08-01T10:59:59+00:00","description":"\u0110\u1ea7u in Volcano E3D V6 gia c\u00f4ng CNC ch\u00ednh x\u00e1c, t\u01b0\u01a1ng th\u00edch m\u00e1y in 3D c\u1ee5m \u0111\u00f9n Volcano. Nhi\u1ec1u k\u00edch th\u01b0\u1edbc l\u1ef1a ch\u1ecdn, cho b\u1ea3n in m\u01b0\u1ee3t v\u00e0 \u0111\u1ec1u, ph\u00f9 h\u1ee3p FLSUN, v.v.","breadcrumb":{"@id":"https:\/\/nge.vn\/san-pham\/dau-dun-nhua-e3d-volcano-hotend-cho-may-in-3d-artillery-sidewinder-x1-x2-genius-pro-vyper-anycubic-kobra-plus-max-3d\/#breadcrumb"},"inLanguage":"en-US","potentialAction":[{"@type":"ReadAction","target":["https:\/\/nge.vn\/san-pham\/dau-dun-nhua-e3d-volcano-hotend-cho-may-in-3d-artillery-sidewinder-x1-x2-genius-pro-vyper-anycubic-kobra-plus-max-3d\/"]}]},{"@type":"ImageObject","inLanguage":"en-US","@id":"https:\/\/nge.vn\/san-pham\/dau-dun-nhua-e3d-volcano-hotend-cho-may-in-3d-artillery-sidewinder-x1-x2-genius-pro-vyper-anycubic-kobra-plus-max-3d\/#primaryimage","url":"https:\/\/nge.vn\/wp-content\/uploads\/2025\/08\/vn-11134207-7ras8-m1jfz5mzgmdv40_tn.jpeg","contentUrl":"https:\/\/nge.vn\/wp-content\/uploads\/2025\/08\/vn-11134207-7ras8-m1jfz5mzgmdv40_tn.jpeg","width":320,"height":320,"caption":"volcano e3d hotend"},{"@type":"BreadcrumbList","@id":"https:\/\/nge.vn\/san-pham\/dau-dun-nhua-e3d-volcano-hotend-cho-may-in-3d-artillery-sidewinder-x1-x2-genius-pro-vyper-anycubic-kobra-plus-max-3d\/#breadcrumb","itemListElement":[{"@type":"ListItem","position":1,"name":"Trang ch\u1ee7","item":"https:\/\/nge.vn\/"},{"@type":"ListItem","position":2,"name":"S\u1ea3n ph\u1ea9m","item":"https:\/\/nge.vn\/san-pham\/"},{"@type":"ListItem","position":3,"name":"\u0110\u1ea7u \u0111\u00f9n nh\u1ef1a E3D Volcano Hotend cho m\u00e1y in 3d Artillery Sidewinder X1 &#038; X2 Genius Pro Vyper Anycubic Kobra PLUS, MAX 3D"}]},{"@type":"WebSite","@id":"https:\/\/nge.vn\/#website","url":"https:\/\/nge.vn\/","name":"NGE 3D Printers Services","description":"","potentialAction":[{"@type":"SearchAction","target":{"@type":"EntryPoint","urlTemplate":"https:\/\/nge.vn\/?s={search_term_string}"},"query-input":{"@type":"PropertyValueSpecification","valueRequired":true,"valueName":"search_term_string"}}],"inLanguage":"en-US"}]}},"_links":{"self":[{"href":"https:\/\/nge.vn\/en\/wp-json\/wp\/v2\/product\/6034","targetHints":{"allow":["GET"]}}],"collection":[{"href":"https:\/\/nge.vn\/en\/wp-json\/wp\/v2\/product"}],"about":[{"href":"https:\/\/nge.vn\/en\/wp-json\/wp\/v2\/types\/product"}],"replies":[{"embeddable":true,"href":"https:\/\/nge.vn\/en\/wp-json\/wp\/v2\/comments?post=6034"}],"wp:featuredmedia":[{"embeddable":true,"href":"https:\/\/nge.vn\/en\/wp-json\/wp\/v2\/media\/6035"}],"wp:attachment":[{"href":"https:\/\/nge.vn\/en\/wp-json\/wp\/v2\/media?parent=6034"}],"wp:term":[{"taxonomy":"product_brand","embeddable":true,"href":"https:\/\/nge.vn\/en\/wp-json\/wp\/v2\/product_brand?post=6034"},{"taxonomy":"product_cat","embeddable":true,"href":"https:\/\/nge.vn\/en\/wp-json\/wp\/v2\/product_cat?post=6034"},{"taxonomy":"product_tag","embeddable":true,"href":"https:\/\/nge.vn\/en\/wp-json\/wp\/v2\/product_tag?post=6034"}],"curies":[{"name":"wp","href":"https:\/\/api.w.org\/{rel}","templated":true}]}}