{"id":6023,"date":"2025-08-01T17:03:17","date_gmt":"2025-08-01T10:03:17","guid":{"rendered":"https:\/\/nge.vn\/?post_type=product&#038;p=6023"},"modified":"2025-08-01T17:03:18","modified_gmt":"2025-08-01T10:03:18","slug":"tam-ban-pei-co-ket-cau-mau-den-hai-mat-double-sided-black-textured-pei-build-plate-cho-may-creality-hi","status":"publish","type":"product","link":"https:\/\/nge.vn\/en\/product\/tam-ban-pei-co-ket-cau-mau-den-hai-mat-double-sided-black-textured-pei-build-plate-cho-may-creality-hi\/","title":{"rendered":"T\u1ea5m b\u00e0n PEI c\u00f3 k\u1ebft c\u1ea5u m\u00e0u \u0111en hai m\u1eb7t Double Sided Black Textured PEI Build Plate cho m\u00e1y Creality Hi"},"content":{"rendered":"<h3 data-start=\"131\" data-end=\"224\"><strong data-start=\"135\" data-end=\"224\">T\u1ea5m B\u00e0n PEI Hai M\u1eb7t M\u00e0u \u0110en Cho M\u00e1y In 3D Creality Hi \u2013 B\u1ec1n, B\u00e1m D\u00ednh Cao, In Hai M\u1eb7t<\/strong><\/h3>\n<p data-start=\"226\" data-end=\"440\">T\u1ea5m t\u1ea1o h\u00ecnh PEI hai m\u1eb7t m\u00e0u \u0111en d\u00e0nh cho m\u00e1y in 3D Creality Hi, gi\u00fap c\u1ea3i thi\u1ec7n \u0111\u1ed9 b\u00e1m d\u00ednh, \u0111\u1ed9 b\u1ec1n v\u00e0 ti\u1ebft ki\u1ec7m chi ph\u00ed. B\u1ec1 m\u1eb7t c\u00f3 h\u1ecda ti\u1ebft gi\u00fap b\u00e1m t\u1ed1t h\u01a1n, d\u1ec5 d\u00e0ng th\u00e1o m\u00f4 h\u00ecnh sau khi in m\u00e0 kh\u00f4ng l\u00e0m h\u01b0 b\u1ec1 m\u1eb7t.<\/p>\n<hr data-start=\"442\" data-end=\"445\" \/>\n<h3 data-start=\"447\" data-end=\"472\"><strong data-start=\"451\" data-end=\"472\">T\u00ednh N\u0103ng N\u1ed5i B\u1eadt<\/strong><\/h3>\n<p data-start=\"474\" data-end=\"600\">\u2705 <strong data-start=\"476\" data-end=\"524\">PEI hai m\u1eb7t \u2013 In ti\u1ec7n l\u1ee3i, ti\u1ebft ki\u1ec7m chi ph\u00ed<\/strong><br data-start=\"524\" data-end=\"527\" \/>\u2022 C\u1ea3 hai m\u1eb7t \u0111\u1ec1u \u0111\u01b0\u1ee3c ph\u1ee7 PEI m\u00e0u \u0111en cao c\u1ea5p, b\u00e1m t\u1ed1t v\u00e0 ch\u1ed1ng cong v\u00eanh<\/p>\n<p data-start=\"602\" data-end=\"760\">\u2705 <strong data-start=\"604\" data-end=\"641\">B\u00e1m d\u00ednh m\u1ea1nh m\u1ebd, ch\u1ed1ng tr\u1ea7y x\u01b0\u1edbc<\/strong><br data-start=\"641\" data-end=\"644\" \/>\u2022 L\u1edbp ph\u1ee7 PEI c\u00f3 h\u1ecda ti\u1ebft gi\u00fap m\u00f4 h\u00ecnh in kh\u00f4ng b\u1ecb bong khi in<br data-start=\"706\" data-end=\"709\" \/>\u2022 Ch\u1ed1ng m\u00e0i m\u00f2n, h\u1ea1n ch\u1ebf cong v\u00eanh, s\u1eed d\u1ee5ng l\u00e2u d\u00e0i<\/p>\n<p data-start=\"762\" data-end=\"905\">\u2705 <strong data-start=\"764\" data-end=\"798\">\u0110\u1ed9 ph\u1eb3ng cao \u2013 D\u1ec5 th\u00e1o m\u00f4 h\u00ecnh<\/strong><br data-start=\"798\" data-end=\"801\" \/>\u2022 L\u00f5i l\u00e0 th\u00e9p l\u00f2 xo \u0111\u00e0n h\u1ed3i cao, kh\u00f4ng bi\u1ebfn d\u1ea1ng<br data-start=\"849\" data-end=\"852\" \/>\u2022 Gi\u00fap th\u00e1o m\u00f4 h\u00ecnh in d\u1ec5 d\u00e0ng, kh\u00f4ng l\u00e0m h\u1ecfng b\u1ea3n in<\/p>\n<p data-start=\"907\" data-end=\"932\">\u2705 <strong data-start=\"909\" data-end=\"930\">Th\u00f4ng s\u1ed1 k\u1ef9 thu\u1eadt<\/strong><\/p>\n<ul data-start=\"933\" data-end=\"1094\">\n<li data-start=\"933\" data-end=\"972\">\n<p data-start=\"935\" data-end=\"972\"><strong data-start=\"935\" data-end=\"954\">K\u00edch th\u01b0\u1edbc g\u00f3i:<\/strong> 285 \u00d7 275 \u00d7 9mm<\/p>\n<\/li>\n<li data-start=\"973\" data-end=\"998\">\n<p data-start=\"975\" data-end=\"998\"><strong data-start=\"975\" data-end=\"991\">Tr\u1ecdng l\u01b0\u1ee3ng:<\/strong> 422g<\/p>\n<\/li>\n<li data-start=\"999\" data-end=\"1041\">\n<p data-start=\"1001\" data-end=\"1041\"><strong data-start=\"1001\" data-end=\"1017\">T\u01b0\u01a1ng th\u00edch:<\/strong> M\u00e1y in 3D Creality Hi<\/p>\n<\/li>\n<li data-start=\"1042\" data-end=\"1094\">\n<p data-start=\"1044\" data-end=\"1094\"><strong data-start=\"1044\" data-end=\"1058\">Ch\u1ea5t li\u1ec7u:<\/strong> Th\u00e9p l\u00f2 xo ph\u1ee7 PEI \u0111en m\u1edd hai m\u1eb7t<\/p>\n<\/li>\n<\/ul>\n<p>&nbsp;<\/p>\n<blockquote class=\"wp-embedded-content\" data-secret=\"7kvgtPsYpb\"><p><a href=\"https:\/\/nge.vn\/en\/product\/may-in-3d-fdm-creality-hi-combo\/\">M\u00e1y in 3d FDM Creality Hi Combo t\u1ed1c \u0111\u1ed9 in max 500mm\/s<\/a><\/p><\/blockquote>\n<p><iframe loading=\"lazy\" class=\"wp-embedded-content\" sandbox=\"allow-scripts\" security=\"restricted\" style=\"position: absolute; visibility: hidden;\" title=\"&#8220;M\u00e1y in 3d FDM Creality Hi Combo t\u1ed1c \u0111\u1ed9 in max 500mm\/s&#8221; &#8212; NGE 3D Printers Services\" src=\"https:\/\/nge.vn\/san-pham\/may-in-3d-fdm-creality-hi-combo\/embed\/#?secret=3GpSvNrWGU#?secret=7kvgtPsYpb\" data-secret=\"7kvgtPsYpb\" width=\"600\" height=\"338\" frameborder=\"0\" marginwidth=\"0\" marginheight=\"0\" scrolling=\"no\"><\/iframe><\/p>\n<p>_\u0110\u00e2y l\u00e0 c\u00e1c trang b\u00e1n h\u00e0ng b\u00ean m\u00ecnh NGE 3D Printer Services chuy\u00ean cung c\u1ea5p Nh\u1ef1a in 3D v\u00e0 M\u00e1y in 3D c\u1ee7a H\u00e3ng ESUN, Flsun, BIQU, Creality, eMake3d&#8230;<br \/>\n\ud83d\uded2Shopee =&gt; https:\/\/shopee.vn\/nge3dprinter<br \/>\n\ud83d\uded2Shopee =&gt; https:\/\/shopee.vn\/nge3dservices<br \/>\n\ud83d\uded2Shopee Voron v\u00e0 eMake3D =&gt; https:\/\/shopee.vn\/3dmasterpower<br \/>\n\ud83d\uded2Shopee eMake3D =&gt; https:\/\/shopee.vn\/nge3dprinting<br \/>\n\ud83d\uded2Lazada =&gt; https:\/\/www.lazada.vn\/shop\/nge-3d-printer<br \/>\n\ud83d\uded2Lazada =&gt; https:\/\/www.lazada.vn\/shop\/nge-3d-printer-services<br \/>\n\ud83d\uded2Lazada =&gt; https:\/\/www.lazada.vn\/shop\/emake3d-vn<br \/>\n\ud83d\uded2Webslite Th\u1ebf H\u1ec7 K\u1ebf Ti\u1ebfp =&gt;https:\/\/www.theheketiep.com\/<br \/>\n\ud83d\uded2Webslite NGE.VN =&gt;https:\/\/www.nge.vn\/<br \/>\nHo\u1eb7c b\u1ea1n g\u1ecdi 094.144.0951 g\u1eb7p m\u00ecnh<br \/>\nHo\u1eb7c 0913939775 g\u1eb7p anh Qu\u00e2n<br \/>\n** Price does not include VAT (+8 or 10% if VAT invoice is issued)<\/p>","protected":false},"excerpt":{"rendered":"<p data-start=\"1140\" data-end=\"1307\">T\u1ea5m b\u00e0n PEI hai m\u1eb7t m\u00e0u \u0111en cho m\u00e1y in 3D Creality Hi, ph\u1ee7 PEI hai m\u1eb7t b\u1ec1n b\u1ec9, \u0111\u1ed9 b\u00e1m d\u00ednh cao, d\u1ec5 th\u00e1o m\u00f4 h\u00ecnh, \u0111\u1ed9 ph\u1eb3ng tuy\u1ec7t v\u1eddi, ti\u1ebft ki\u1ec7m chi ph\u00ed v\u00e0 th\u1eddi gian in.<\/p>","protected":false},"featured_media":6024,"comment_status":"open","ping_status":"closed","template":"","meta":{"inline_featured_image":false},"product_brand":[],"product_cat":[40,56],"product_tag":[737,718,738,497,494,663,736,735],"class_list":{"0":"post-6023","1":"product","2":"type-product","3":"status-publish","4":"has-post-thumbnail","6":"product_cat-linh-kien-va-phu-kien","7":"product_cat-linh-phu-kien-may-in-3d-creality","8":"product_tag-3dprintaccessories","9":"product_tag-3dprinting","10":"product_tag-buildplatepei","11":"product_tag-crealityhi","12":"product_tag-mayin3d","13":"product_tag-nge3d","14":"product_tag-peibuildplate","15":"product_tag-tambanpei","17":"first","18":"instock","19":"taxable","20":"shipping-taxable","21":"purchasable","22":"product-type-simple"},"yoast_head":"<!-- This site is optimized with the Yoast SEO Premium plugin v22.8 (Yoast SEO v26.9) - https:\/\/yoast.com\/product\/yoast-seo-premium-wordpress\/ -->\n<title>T\u1ea5m b\u00e0n PEI c\u00f3 k\u1ebft c\u1ea5u m\u00e0u \u0111en hai m\u1eb7t Double Sided Black Textured PEI Build Plate cho m\u00e1y Creality Hi - NGE 3D Printers Services<\/title>\n<meta name=\"description\" content=\"T\u1ea5m b\u00e0n PEI hai m\u1eb7t m\u00e0u \u0111en cho m\u00e1y in 3D Creality Hi, ph\u1ee7 PEI hai m\u1eb7t b\u1ec1n b\u1ec9, \u0111\u1ed9 b\u00e1m d\u00ednh cao, d\u1ec5 th\u00e1o m\u00f4 h\u00ecnh v\u00e0 support, ch\u1ed1ng tr\u1ea7y x\u01b0\u1edbc t\u1ed1t\" \/>\n<meta name=\"robots\" content=\"index, follow, max-snippet:-1, max-image-preview:large, max-video-preview:-1\" \/>\n<link rel=\"canonical\" href=\"https:\/\/nge.vn\/en\/product\/tam-ban-pei-co-ket-cau-mau-den-hai-mat-double-sided-black-textured-pei-build-plate-cho-may-creality-hi\/\" \/>\n<meta property=\"og:locale\" content=\"en_US\" \/>\n<meta property=\"og:type\" content=\"article\" \/>\n<meta property=\"og:title\" content=\"T\u1ea5m b\u00e0n PEI c\u00f3 k\u1ebft c\u1ea5u m\u00e0u \u0111en hai m\u1eb7t Double Sided Black Textured PEI Build Plate cho m\u00e1y Creality Hi\" \/>\n<meta property=\"og:description\" content=\"T\u1ea5m b\u00e0n PEI hai m\u1eb7t m\u00e0u \u0111en cho m\u00e1y in 3D Creality Hi, ph\u1ee7 PEI hai m\u1eb7t b\u1ec1n b\u1ec9, \u0111\u1ed9 b\u00e1m d\u00ednh cao, d\u1ec5 th\u00e1o m\u00f4 h\u00ecnh v\u00e0 support, ch\u1ed1ng tr\u1ea7y x\u01b0\u1edbc t\u1ed1t\" \/>\n<meta property=\"og:url\" content=\"https:\/\/nge.vn\/en\/product\/tam-ban-pei-co-ket-cau-mau-den-hai-mat-double-sided-black-textured-pei-build-plate-cho-may-creality-hi\/\" \/>\n<meta property=\"og:site_name\" content=\"NGE 3D Printers Services\" \/>\n<meta property=\"article:modified_time\" content=\"2025-08-01T10:03:18+00:00\" \/>\n<meta property=\"og:image\" content=\"https:\/\/nge.vn\/wp-content\/uploads\/2025\/08\/vn-11134207-7ra0g-m9zb95zzcpky2d_tn.jpeg\" \/>\n\t<meta property=\"og:image:width\" content=\"320\" \/>\n\t<meta property=\"og:image:height\" content=\"320\" \/>\n\t<meta property=\"og:image:type\" content=\"image\/jpeg\" \/>\n<meta name=\"twitter:card\" content=\"summary_large_image\" \/>\n<meta name=\"twitter:label1\" content=\"Est. reading time\" \/>\n\t<meta name=\"twitter:data1\" content=\"2 minutes\" \/>\n<script type=\"application\/ld+json\" class=\"yoast-schema-graph\">{\"@context\":\"https:\/\/schema.org\",\"@graph\":[{\"@type\":\"WebPage\",\"@id\":\"https:\/\/nge.vn\/san-pham\/tam-ban-pei-co-ket-cau-mau-den-hai-mat-double-sided-black-textured-pei-build-plate-cho-may-creality-hi\/\",\"url\":\"https:\/\/nge.vn\/san-pham\/tam-ban-pei-co-ket-cau-mau-den-hai-mat-double-sided-black-textured-pei-build-plate-cho-may-creality-hi\/\",\"name\":\"T\u1ea5m b\u00e0n PEI c\u00f3 k\u1ebft c\u1ea5u m\u00e0u \u0111en hai m\u1eb7t Double Sided Black Textured PEI Build Plate cho m\u00e1y Creality Hi - NGE 3D Printers Services\",\"isPartOf\":{\"@id\":\"https:\/\/nge.vn\/#website\"},\"primaryImageOfPage\":{\"@id\":\"https:\/\/nge.vn\/san-pham\/tam-ban-pei-co-ket-cau-mau-den-hai-mat-double-sided-black-textured-pei-build-plate-cho-may-creality-hi\/#primaryimage\"},\"image\":{\"@id\":\"https:\/\/nge.vn\/san-pham\/tam-ban-pei-co-ket-cau-mau-den-hai-mat-double-sided-black-textured-pei-build-plate-cho-may-creality-hi\/#primaryimage\"},\"thumbnailUrl\":\"https:\/\/nge.vn\/wp-content\/uploads\/2025\/08\/vn-11134207-7ra0g-m9zb95zzcpky2d_tn.jpeg\",\"datePublished\":\"2025-08-01T10:03:17+00:00\",\"dateModified\":\"2025-08-01T10:03:18+00:00\",\"description\":\"T\u1ea5m b\u00e0n PEI hai m\u1eb7t m\u00e0u \u0111en cho m\u00e1y in 3D Creality Hi, ph\u1ee7 PEI hai m\u1eb7t b\u1ec1n b\u1ec9, \u0111\u1ed9 b\u00e1m d\u00ednh cao, d\u1ec5 th\u00e1o m\u00f4 h\u00ecnh v\u00e0 support, ch\u1ed1ng tr\u1ea7y x\u01b0\u1edbc t\u1ed1t\",\"breadcrumb\":{\"@id\":\"https:\/\/nge.vn\/san-pham\/tam-ban-pei-co-ket-cau-mau-den-hai-mat-double-sided-black-textured-pei-build-plate-cho-may-creality-hi\/#breadcrumb\"},\"inLanguage\":\"en-US\",\"potentialAction\":[{\"@type\":\"ReadAction\",\"target\":[\"https:\/\/nge.vn\/san-pham\/tam-ban-pei-co-ket-cau-mau-den-hai-mat-double-sided-black-textured-pei-build-plate-cho-may-creality-hi\/\"]}]},{\"@type\":\"ImageObject\",\"inLanguage\":\"en-US\",\"@id\":\"https:\/\/nge.vn\/san-pham\/tam-ban-pei-co-ket-cau-mau-den-hai-mat-double-sided-black-textured-pei-build-plate-cho-may-creality-hi\/#primaryimage\",\"url\":\"https:\/\/nge.vn\/wp-content\/uploads\/2025\/08\/vn-11134207-7ra0g-m9zb95zzcpky2d_tn.jpeg\",\"contentUrl\":\"https:\/\/nge.vn\/wp-content\/uploads\/2025\/08\/vn-11134207-7ra0g-m9zb95zzcpky2d_tn.jpeg\",\"width\":320,\"height\":320,\"caption\":\"creality hi double side plate\"},{\"@type\":\"BreadcrumbList\",\"@id\":\"https:\/\/nge.vn\/san-pham\/tam-ban-pei-co-ket-cau-mau-den-hai-mat-double-sided-black-textured-pei-build-plate-cho-may-creality-hi\/#breadcrumb\",\"itemListElement\":[{\"@type\":\"ListItem\",\"position\":1,\"name\":\"Trang ch\u1ee7\",\"item\":\"https:\/\/nge.vn\/\"},{\"@type\":\"ListItem\",\"position\":2,\"name\":\"S\u1ea3n ph\u1ea9m\",\"item\":\"https:\/\/nge.vn\/san-pham\/\"},{\"@type\":\"ListItem\",\"position\":3,\"name\":\"T\u1ea5m b\u00e0n PEI c\u00f3 k\u1ebft c\u1ea5u m\u00e0u \u0111en hai m\u1eb7t Double Sided Black Textured PEI Build Plate cho m\u00e1y Creality Hi\"}]},{\"@type\":\"WebSite\",\"@id\":\"https:\/\/nge.vn\/#website\",\"url\":\"https:\/\/nge.vn\/\",\"name\":\"NGE 3D Printers Services\",\"description\":\"\",\"potentialAction\":[{\"@type\":\"SearchAction\",\"target\":{\"@type\":\"EntryPoint\",\"urlTemplate\":\"https:\/\/nge.vn\/?s={search_term_string}\"},\"query-input\":{\"@type\":\"PropertyValueSpecification\",\"valueRequired\":true,\"valueName\":\"search_term_string\"}}],\"inLanguage\":\"en-US\"}]}<\/script>\n<!-- \/ Yoast SEO Premium plugin. -->","yoast_head_json":{"title":"T\u1ea5m b\u00e0n PEI c\u00f3 k\u1ebft c\u1ea5u m\u00e0u \u0111en hai m\u1eb7t Double Sided Black Textured PEI Build Plate cho m\u00e1y Creality Hi - NGE 3D Printers Services","description":"T\u1ea5m b\u00e0n PEI hai m\u1eb7t m\u00e0u \u0111en cho m\u00e1y in 3D Creality Hi, ph\u1ee7 PEI hai m\u1eb7t b\u1ec1n b\u1ec9, \u0111\u1ed9 b\u00e1m d\u00ednh cao, d\u1ec5 th\u00e1o m\u00f4 h\u00ecnh v\u00e0 support, ch\u1ed1ng tr\u1ea7y x\u01b0\u1edbc t\u1ed1t","robots":{"index":"index","follow":"follow","max-snippet":"max-snippet:-1","max-image-preview":"max-image-preview:large","max-video-preview":"max-video-preview:-1"},"canonical":"https:\/\/nge.vn\/en\/product\/tam-ban-pei-co-ket-cau-mau-den-hai-mat-double-sided-black-textured-pei-build-plate-cho-may-creality-hi\/","og_locale":"en_US","og_type":"article","og_title":"T\u1ea5m b\u00e0n PEI c\u00f3 k\u1ebft c\u1ea5u m\u00e0u \u0111en hai m\u1eb7t Double Sided Black Textured PEI Build Plate cho m\u00e1y Creality Hi","og_description":"T\u1ea5m b\u00e0n PEI hai m\u1eb7t m\u00e0u \u0111en cho m\u00e1y in 3D Creality Hi, ph\u1ee7 PEI hai m\u1eb7t b\u1ec1n b\u1ec9, \u0111\u1ed9 b\u00e1m d\u00ednh cao, d\u1ec5 th\u00e1o m\u00f4 h\u00ecnh v\u00e0 support, ch\u1ed1ng tr\u1ea7y x\u01b0\u1edbc t\u1ed1t","og_url":"https:\/\/nge.vn\/en\/product\/tam-ban-pei-co-ket-cau-mau-den-hai-mat-double-sided-black-textured-pei-build-plate-cho-may-creality-hi\/","og_site_name":"NGE 3D Printers Services","article_modified_time":"2025-08-01T10:03:18+00:00","og_image":[{"width":320,"height":320,"url":"https:\/\/nge.vn\/wp-content\/uploads\/2025\/08\/vn-11134207-7ra0g-m9zb95zzcpky2d_tn.jpeg","type":"image\/jpeg"}],"twitter_card":"summary_large_image","twitter_misc":{"Est. reading time":"2 minutes"},"schema":{"@context":"https:\/\/schema.org","@graph":[{"@type":"WebPage","@id":"https:\/\/nge.vn\/san-pham\/tam-ban-pei-co-ket-cau-mau-den-hai-mat-double-sided-black-textured-pei-build-plate-cho-may-creality-hi\/","url":"https:\/\/nge.vn\/san-pham\/tam-ban-pei-co-ket-cau-mau-den-hai-mat-double-sided-black-textured-pei-build-plate-cho-may-creality-hi\/","name":"T\u1ea5m b\u00e0n PEI c\u00f3 k\u1ebft c\u1ea5u m\u00e0u \u0111en hai m\u1eb7t Double Sided Black Textured PEI Build Plate cho m\u00e1y Creality Hi - NGE 3D Printers Services","isPartOf":{"@id":"https:\/\/nge.vn\/#website"},"primaryImageOfPage":{"@id":"https:\/\/nge.vn\/san-pham\/tam-ban-pei-co-ket-cau-mau-den-hai-mat-double-sided-black-textured-pei-build-plate-cho-may-creality-hi\/#primaryimage"},"image":{"@id":"https:\/\/nge.vn\/san-pham\/tam-ban-pei-co-ket-cau-mau-den-hai-mat-double-sided-black-textured-pei-build-plate-cho-may-creality-hi\/#primaryimage"},"thumbnailUrl":"https:\/\/nge.vn\/wp-content\/uploads\/2025\/08\/vn-11134207-7ra0g-m9zb95zzcpky2d_tn.jpeg","datePublished":"2025-08-01T10:03:17+00:00","dateModified":"2025-08-01T10:03:18+00:00","description":"T\u1ea5m b\u00e0n PEI hai m\u1eb7t m\u00e0u \u0111en cho m\u00e1y in 3D Creality Hi, ph\u1ee7 PEI hai m\u1eb7t b\u1ec1n b\u1ec9, \u0111\u1ed9 b\u00e1m d\u00ednh cao, d\u1ec5 th\u00e1o m\u00f4 h\u00ecnh v\u00e0 support, ch\u1ed1ng tr\u1ea7y x\u01b0\u1edbc t\u1ed1t","breadcrumb":{"@id":"https:\/\/nge.vn\/san-pham\/tam-ban-pei-co-ket-cau-mau-den-hai-mat-double-sided-black-textured-pei-build-plate-cho-may-creality-hi\/#breadcrumb"},"inLanguage":"en-US","potentialAction":[{"@type":"ReadAction","target":["https:\/\/nge.vn\/san-pham\/tam-ban-pei-co-ket-cau-mau-den-hai-mat-double-sided-black-textured-pei-build-plate-cho-may-creality-hi\/"]}]},{"@type":"ImageObject","inLanguage":"en-US","@id":"https:\/\/nge.vn\/san-pham\/tam-ban-pei-co-ket-cau-mau-den-hai-mat-double-sided-black-textured-pei-build-plate-cho-may-creality-hi\/#primaryimage","url":"https:\/\/nge.vn\/wp-content\/uploads\/2025\/08\/vn-11134207-7ra0g-m9zb95zzcpky2d_tn.jpeg","contentUrl":"https:\/\/nge.vn\/wp-content\/uploads\/2025\/08\/vn-11134207-7ra0g-m9zb95zzcpky2d_tn.jpeg","width":320,"height":320,"caption":"creality hi double side plate"},{"@type":"BreadcrumbList","@id":"https:\/\/nge.vn\/san-pham\/tam-ban-pei-co-ket-cau-mau-den-hai-mat-double-sided-black-textured-pei-build-plate-cho-may-creality-hi\/#breadcrumb","itemListElement":[{"@type":"ListItem","position":1,"name":"Trang ch\u1ee7","item":"https:\/\/nge.vn\/"},{"@type":"ListItem","position":2,"name":"S\u1ea3n ph\u1ea9m","item":"https:\/\/nge.vn\/san-pham\/"},{"@type":"ListItem","position":3,"name":"T\u1ea5m b\u00e0n PEI c\u00f3 k\u1ebft c\u1ea5u m\u00e0u \u0111en hai m\u1eb7t Double Sided Black Textured PEI Build Plate cho m\u00e1y Creality Hi"}]},{"@type":"WebSite","@id":"https:\/\/nge.vn\/#website","url":"https:\/\/nge.vn\/","name":"NGE 3D Printers Services","description":"","potentialAction":[{"@type":"SearchAction","target":{"@type":"EntryPoint","urlTemplate":"https:\/\/nge.vn\/?s={search_term_string}"},"query-input":{"@type":"PropertyValueSpecification","valueRequired":true,"valueName":"search_term_string"}}],"inLanguage":"en-US"}]}},"_links":{"self":[{"href":"https:\/\/nge.vn\/en\/wp-json\/wp\/v2\/product\/6023","targetHints":{"allow":["GET"]}}],"collection":[{"href":"https:\/\/nge.vn\/en\/wp-json\/wp\/v2\/product"}],"about":[{"href":"https:\/\/nge.vn\/en\/wp-json\/wp\/v2\/types\/product"}],"replies":[{"embeddable":true,"href":"https:\/\/nge.vn\/en\/wp-json\/wp\/v2\/comments?post=6023"}],"wp:featuredmedia":[{"embeddable":true,"href":"https:\/\/nge.vn\/en\/wp-json\/wp\/v2\/media\/6024"}],"wp:attachment":[{"href":"https:\/\/nge.vn\/en\/wp-json\/wp\/v2\/media?parent=6023"}],"wp:term":[{"taxonomy":"product_brand","embeddable":true,"href":"https:\/\/nge.vn\/en\/wp-json\/wp\/v2\/product_brand?post=6023"},{"taxonomy":"product_cat","embeddable":true,"href":"https:\/\/nge.vn\/en\/wp-json\/wp\/v2\/product_cat?post=6023"},{"taxonomy":"product_tag","embeddable":true,"href":"https:\/\/nge.vn\/en\/wp-json\/wp\/v2\/product_tag?post=6023"}],"curies":[{"name":"wp","href":"https:\/\/api.w.org\/{rel}","templated":true}]}}