{"id":600,"date":"2024-10-25T13:02:25","date_gmt":"2024-10-25T06:02:25","guid":{"rendered":"https:\/\/nge.123websitedev.com\/san-pham\/ong-dan-nhua-capricorn-teflon-tube-cho-may-in-3d\/"},"modified":"2024-10-29T17:19:22","modified_gmt":"2024-10-29T10:19:22","slug":"ong-dan-nhua-capricorn-teflon-tube-cho-may-in-3d","status":"publish","type":"product","link":"https:\/\/nge.vn\/en\/product\/ong-dan-nhua-capricorn-teflon-tube-cho-may-in-3d\/","title":{"rendered":"Capricorn Teflon Tube for 3d printer"},"content":{"rendered":"<p>Capricorn Teflon Tube for 3d printer<br \/>\n_Nh\u1ef1a PTFE nh\u1eadp kh\u1ea9u t\u1eeb Nh\u1eadt B\u1ea3n. \u0110\u01b0\u1eddng k\u00ednh trong nh\u1ea5t qu\u00e1n<br \/>\n_Ch\u1ecbu nhi\u1ec7t \u0111\u1ebfn 260\u2103. H\u1ec7 s\u1ed1 ma s\u00e1t th\u1ea5p b\u00f4i tr\u01a1n cao.<br \/>\n_\u1ed0ng teflon ch\u00ednh h\u00e3ng: Truy\u1ec1n ch\u00ednh x\u00e1c c\u1ee7a s\u1ee3i nh\u1ef1a n\u00f3ng ch\u1ea3y<br \/>\n_Nh\u1ef1a PTFE nh\u1eadp kh\u1ea9u t\u1eeb Nh\u1eadt B\u1ea3n<br \/>\n_\u0110\u01b0\u1eddng k\u00ednh trong nh\u1ea5t qu\u00e1n<br \/>\n_Ch\u1ecbu nhi\u1ec7t \u0111\u1ebfn 260\u2103<br \/>\n_H\u1ec7 s\u1ed1 ma s\u00e1t th\u1ea5p b\u00f4i tr\u01a1n cao<br \/>\n_Kh\u00f4ng \u0111\u1ed9c h\u1ea1i<br \/>\n_Ch\u1ed1ng \u0103n m\u00f2n v\u00e0 \u0111\u1ed9 b\u1ec1n cao v\u00e0 Ki\u1ec1m chua<br \/>\n_Ch\u1ed1ng l\u00e3o h\u00f3a<br \/>\n_Kh\u00f4ng d\u00ednh tr\u00ean b\u1ec1 m\u1eb7t.<\/p>\n<p>_\u1ed0ng Teflon ch\u00ednh h\u00e3ng<br \/>\n+Ch\u1ecbu nhi\u1ec7t, kh\u00f3 cacbon h\u00f3a<br \/>\n+\u0110i\u1ec3m n\u00f3ng ch\u1ea3y cao v\u00e0 h\u1ec7 s\u1ed1 ma s\u00e1t th\u1ea5p<\/p>\n<p>_\u1ed0ng teflon th\u00f4ng th\u01b0\u1eddng:<br \/>\n+D\u1ec5 d\u00e0ng cacbon h\u00f3a d\u01b0\u1edbi nhi\u1ec7t \u0111\u1ed9 cao<\/p>\n<p>_Genuine Teflon Tube it is specially developed for 1.75mm filament, with extremely precise inner diameter. There are uniform tube shape, inner diameter and foerfect round shape, which ensures smooth filament-pushing<br \/>\n_The inner diameter of 1.99mm is suitable for even filaments with larger diameter<\/p>\n<p>_Nh\u1ef1a PTFE nh\u1eadp kh\u1ea9u t\u1eeb Nh\u1eadt B\u1ea3n:<br \/>\n+Nh\u1ef1a PTFE (polytetrafluoroethylen) nh\u1eadp kh\u1ea9u t\u1eeb Nh\u1eadt B\u1ea3n, lo\u1ea1i nh\u1ef1a m\u1ecbn nh\u1ea5t m\u00e0 con ng\u01b0\u1eddi bi\u1ebft \u0111\u1ebfn, m\u1ec1m h\u01a1n m\u1ed9t ch\u00fat so v\u1edbi nh\u1ef1a PTFE th\u00f4ng th\u01b0\u1eddng, linh ho\u1ea1t h\u01a1n, ch\u1ecbu nhi\u1ec7t, ch\u1ed1ng \u1ea9m, ch\u1ed1ng m\u00e0i m\u00f2n, ch\u1ed1ng \u0103n m\u00f2n v\u00e0 kh\u00f4ng b\u1ecb d\u00ednh tr\u00ean b\u1ec1 m\u1eb7t . \u0110\u01b0\u1eddng d\u1eabn s\u1ee3i m\u1ecbn kh\u00f4ng th\u1ec3 tin \u0111\u01b0\u1ee3c v\u00e0 t\u1ed1c \u0111\u1ed9 \u0111\u00f9n nhanh h\u01a1n kh\u00f4ng th\u1ec3 tin \u0111\u01b0\u1ee3c.<\/p>\n<p>_\u0110i\u1ec3m n\u00f3ng ch\u1ea3y cao: kh\u00f4ng b\u1ecb cacbon h\u00f3a ho\u1eb7c \u0103n m\u00f2n d\u01b0\u1edbi nhi\u1ec7t \u0111\u1ed9 cao (l\u00ean \u0111\u1ebfn 260\u2103)<br \/>\n_B\u00f4i tr\u01a1n cao: Lo\u1ea1i nh\u1ef1a m\u1ecbn nh\u1ea5t m\u00e0 con ng\u01b0\u1eddi bi\u1ebft \u0111\u1ebfn. H\u1ec7 s\u1ed1 ma s\u00e1t t\u1ed1i thi\u1ec3u l\u00e0 0,04<br \/>\n_ Ch\u1ed1ng \u0103n m\u00f2n: Ch\u1ecbu \u0111\u01b0\u1ee3c ki\u1ec1m n\u00f3ng ch\u1ea3y, m\u00f4i tr\u01b0\u1eddng flo h\u00f3a, ch\u1ea5t oxy h\u00f3a m\u1ea1nh, ch\u1ea5t kh\u1eed v\u00e0 c\u00e1c dung m\u00f4i h\u1eefu c\u01a1 kh\u00e1c nhau.<br \/>\n_\u0110\u1ed9 b\u1ec1n: Ch\u1ed1ng b\u1ee9c x\u1ea1 v\u00e0 \u0111\u1ed9 th\u1ea9m th\u1ea5u th\u1ea5p. Kh\u00f4ng b\u1ecb bi\u1ebfn d\u1ea1ng v\u00e0 kh\u00f4ng thay \u0111\u1ed5i t\u00ednh ch\u1ea5t khi ti\u1ebfp x\u00fac l\u00e2u d\u00e0i v\u1edbi khi\u0341 tr\u01a1\u0340i<\/p>\n<p>_Ph\u1ee5 ki\u1ec7n ch\u1ea5t l\u01b0\u1ee3ng cao c\u00f3 t\u00ednh \u1ee9ng d\u1ee5ng m\u1ea1nh m\u1ebd:<br \/>\n+\u1ed0ng teflon ch\u00ednh h\u00e3ng c\u1ee7a Creality 3D \u0111\u01b0\u1ee3c l\u1ef1a ch\u1ecdn v\u1edbi ch\u1ea5t l\u01b0\u1ee3ng cao v\u00e0 t\u1ef7 l\u1ec7 hao h\u1ee5t th\u1ea5p, c\u00f3 th\u1ec3 \u00e1p d\u1ee5ng cho t\u1ea5t c\u1ea3 c\u00e1c m\u00e1y in c\u1ee7a Creality 3d<\/p>\n<p>***Hi\u1ec7n tr\u00ean th\u1ecb tr\u01b0\u1eddng c\u00f3 r\u1ea5t nhi\u1ec1u lo\u1ea1i \u1ed0ng teflon c\u00f3 th\u01b0\u01a1ng hi\u1ec7u v\u00e0 kh\u00f4ng th\u01b0\u01a1ng hi\u1ec7u gi\u00e1 r\u1ebb k\u00e9m ch\u1ea5t l\u01b0\u1ee3ng, \u0111\u01b0\u1eddng k\u00ednh trong kh\u00f4ng \u0111\u1ed3ng \u0111\u1ec1u nh\u1ea5t qu\u00e1n v\u00e0 ch\u1ecbu nhi\u1ec7t k\u00e9m d\u1eabn \u0111\u1ebfn d\u1ec5 k\u1eb9t t\u1eaft nh\u1ef1a. V\u00e0 nh\u01b0 b\u1ea1n c\u0169ng \u0111\u00e3 bi\u1ebft s\u1ee3i nh\u1ef1a \u0111\u01b0\u1ee3c b\u00e1n tr\u00ean th\u1ecb tr\u01b0\u1eddng hi\u1ec7n nay c\u0169ng c\u00f3 r\u1ea5t nhi\u1ec1u th\u01b0\u01a1ng hi\u1ec7u&#8230; n\u1ebfu nh\u1ef1a c\u00f3 th\u01b0\u01a1ng hi\u1ec7u nh\u01b0 ESUN v\u00e0 Flashforge&#8230;\u0111\u01b0\u1ee3c m\u1ecdi ng\u01b0\u1eddi s\u1eed d\u1ee5ng nhi\u1ec1u v\u00e0 t\u00edn nhi\u1ec7m v\u00ec s\u1ee3i nh\u1ef1a h\u1ecd s\u1ea3n xu\u1ea5t c\u00f3 \u0111\u1ed9 \u0111\u1ed3ng \u0111\u1ec1u nh\u1ea5t qu\u00e1n v\u00e0 ti\u00eau chu\u1ea9n sai l\u1ec7ch cho ph\u00e9p, c\u00f2n s\u1ee3i nh\u1ef1a kh\u00f4ng c\u00f3 th\u01b0\u1eddng hi\u1ec7u (no brand) th\u00ec c\u00f3 \u0111\u01b0\u1eddng k\u00ednh kh\u00f4ng \u0111\u1ea1t chu\u1ea9n n\u00ean khi s\u1eed d\u1ee5ng v\u1edbi \u1ed0ng teflon k\u00e9m ch\u1ea5t l\u01b0\u1ee3ng \u0111\u01b0\u1eddng k\u00ednh trong kh\u00f4ng nh\u1ea5t qu\u00e1n \u0111\u1ec1u th\u00ec ch\u1eafc ch\u1eafn s\u1ebd kh\u00f4ng d\u1eabn nh\u1ef1a \u0111\u01b0\u1ee3c g\u00e2y t\u1eaft ngh\u1eb9t \u1ed1ng, nh\u01b0 v\u1eady r\u1ea5t m\u1ea5t th\u1eddi gian ti\u1ec1n b\u1ea1c v\u00e0 c\u00f4ng s\u1ee9c c\u1ee7a ch\u00fang ta<\/p>\n<p>**D\u00e2y c\u00f3 3 k\u00edch th\u01b0\u1edbc:<br \/>\n+D\u00e2y 100cm (102-103cm)<br \/>\n+D\u00e2y 100cm (102-103cm)<br \/>\n+D\u00e2y 200cm (201-102cm)<\/p>\n<p>**\u0110\u1ec3 \u0111\u01b0\u1ee3c nh\u1eadn h\u1ed9 tr\u1ee3 th\u00eam v\u1ec1 Gi\u00e1 v\u00e0 Th\u00f4ng tin c\u1ee7a s\u1ea3n ph\u1ea9m, vui l\u00f2ng li\u00ean h\u1ec7:<br \/>\n0913.939.775 g\u1eb7p A. Qu\u00e2n (for English)<br \/>\n094.144.0951 contact A.Quynh<br \/>\n**Selling price does not include VAT (+10% if VAT invoice is issued)<\/p>","protected":false},"excerpt":{"rendered":"<p>Capricorn Teflon Tube for 3d printer<\/p>","protected":false},"featured_media":591,"comment_status":"open","ping_status":"closed","template":"","meta":{"inline_featured_image":false},"product_brand":[],"product_cat":[40],"product_tag":[],"class_list":{"0":"post-600","1":"product","2":"type-product","3":"status-publish","4":"has-post-thumbnail","6":"product_cat-linh-kien-va-phu-kien","8":"first","9":"instock","10":"taxable","11":"shipping-taxable","12":"purchasable","13":"product-type-variable"},"yoast_head":"<!-- This site is optimized with the Yoast SEO Premium plugin v22.8 (Yoast SEO v26.9) - https:\/\/yoast.com\/product\/yoast-seo-premium-wordpress\/ -->\n<title>\u1ed0ng d\u1eabn nh\u1ef1a Capricorn Teflon Tube cho m\u00e1y in 3d - NGE 3D Printers Services<\/title>\n<meta name=\"robots\" content=\"index, follow, max-snippet:-1, max-image-preview:large, max-video-preview:-1\" \/>\n<link rel=\"canonical\" href=\"https:\/\/nge.vn\/en\/product\/ong-dan-nhua-capricorn-teflon-tube-cho-may-in-3d\/\" \/>\n<meta property=\"og:locale\" content=\"en_US\" \/>\n<meta property=\"og:type\" content=\"article\" \/>\n<meta property=\"og:title\" content=\"\u1ed0ng d\u1eabn nh\u1ef1a Capricorn Teflon Tube cho m\u00e1y in 3d\" \/>\n<meta property=\"og:description\" content=\"\u1ed0ng d\u1eabn nh\u1ef1a Capricorn Teflon Tube cho m\u00e1y in 3d\" \/>\n<meta property=\"og:url\" content=\"https:\/\/nge.vn\/en\/product\/ong-dan-nhua-capricorn-teflon-tube-cho-may-in-3d\/\" \/>\n<meta property=\"og:site_name\" content=\"NGE 3D Printers Services\" \/>\n<meta property=\"article:modified_time\" content=\"2024-10-29T10:19:22+00:00\" \/>\n<meta property=\"og:image\" content=\"https:\/\/nge.vn\/wp-content\/uploads\/2024\/10\/images-upload-woo2F2a2697fc7a0e70d5b08aadee75567870.jpg\" \/>\n\t<meta property=\"og:image:width\" content=\"880\" \/>\n\t<meta property=\"og:image:height\" content=\"880\" \/>\n\t<meta property=\"og:image:type\" content=\"image\/jpeg\" \/>\n<meta name=\"twitter:card\" content=\"summary_large_image\" \/>\n<meta name=\"twitter:label1\" content=\"Est. reading time\" \/>\n\t<meta name=\"twitter:data1\" content=\"4 minutes\" \/>\n<script type=\"application\/ld+json\" class=\"yoast-schema-graph\">{\"@context\":\"https:\/\/schema.org\",\"@graph\":[{\"@type\":\"WebPage\",\"@id\":\"https:\/\/nge.vn\/san-pham\/ong-dan-nhua-capricorn-teflon-tube-cho-may-in-3d\/\",\"url\":\"https:\/\/nge.vn\/san-pham\/ong-dan-nhua-capricorn-teflon-tube-cho-may-in-3d\/\",\"name\":\"\u1ed0ng d\u1eabn nh\u1ef1a Capricorn Teflon Tube cho m\u00e1y in 3d - NGE 3D Printers Services\",\"isPartOf\":{\"@id\":\"https:\/\/nge.vn\/#website\"},\"primaryImageOfPage\":{\"@id\":\"https:\/\/nge.vn\/san-pham\/ong-dan-nhua-capricorn-teflon-tube-cho-may-in-3d\/#primaryimage\"},\"image\":{\"@id\":\"https:\/\/nge.vn\/san-pham\/ong-dan-nhua-capricorn-teflon-tube-cho-may-in-3d\/#primaryimage\"},\"thumbnailUrl\":\"https:\/\/nge.vn\/wp-content\/uploads\/2024\/10\/images-upload-woo2F2a2697fc7a0e70d5b08aadee75567870.jpg\",\"datePublished\":\"2024-10-25T06:02:25+00:00\",\"dateModified\":\"2024-10-29T10:19:22+00:00\",\"breadcrumb\":{\"@id\":\"https:\/\/nge.vn\/san-pham\/ong-dan-nhua-capricorn-teflon-tube-cho-may-in-3d\/#breadcrumb\"},\"inLanguage\":\"en-US\",\"potentialAction\":[{\"@type\":\"ReadAction\",\"target\":[\"https:\/\/nge.vn\/san-pham\/ong-dan-nhua-capricorn-teflon-tube-cho-may-in-3d\/\"]}]},{\"@type\":\"ImageObject\",\"inLanguage\":\"en-US\",\"@id\":\"https:\/\/nge.vn\/san-pham\/ong-dan-nhua-capricorn-teflon-tube-cho-may-in-3d\/#primaryimage\",\"url\":\"https:\/\/nge.vn\/wp-content\/uploads\/2024\/10\/images-upload-woo2F2a2697fc7a0e70d5b08aadee75567870.jpg\",\"contentUrl\":\"https:\/\/nge.vn\/wp-content\/uploads\/2024\/10\/images-upload-woo2F2a2697fc7a0e70d5b08aadee75567870.jpg\",\"width\":880,\"height\":880},{\"@type\":\"BreadcrumbList\",\"@id\":\"https:\/\/nge.vn\/san-pham\/ong-dan-nhua-capricorn-teflon-tube-cho-may-in-3d\/#breadcrumb\",\"itemListElement\":[{\"@type\":\"ListItem\",\"position\":1,\"name\":\"Trang ch\u1ee7\",\"item\":\"https:\/\/nge.vn\/\"},{\"@type\":\"ListItem\",\"position\":2,\"name\":\"S\u1ea3n ph\u1ea9m\",\"item\":\"https:\/\/nge.vn\/san-pham\/\"},{\"@type\":\"ListItem\",\"position\":3,\"name\":\"\u1ed0ng d\u1eabn nh\u1ef1a Capricorn Teflon Tube cho m\u00e1y in 3d\"}]},{\"@type\":\"WebSite\",\"@id\":\"https:\/\/nge.vn\/#website\",\"url\":\"https:\/\/nge.vn\/\",\"name\":\"NGE 3D Printers Services\",\"description\":\"\",\"potentialAction\":[{\"@type\":\"SearchAction\",\"target\":{\"@type\":\"EntryPoint\",\"urlTemplate\":\"https:\/\/nge.vn\/?s={search_term_string}\"},\"query-input\":{\"@type\":\"PropertyValueSpecification\",\"valueRequired\":true,\"valueName\":\"search_term_string\"}}],\"inLanguage\":\"en-US\"}]}<\/script>\n<!-- \/ Yoast SEO Premium plugin. -->","yoast_head_json":{"title":"\u1ed0ng d\u1eabn nh\u1ef1a Capricorn Teflon Tube cho m\u00e1y in 3d - NGE 3D Printers Services","robots":{"index":"index","follow":"follow","max-snippet":"max-snippet:-1","max-image-preview":"max-image-preview:large","max-video-preview":"max-video-preview:-1"},"canonical":"https:\/\/nge.vn\/en\/product\/ong-dan-nhua-capricorn-teflon-tube-cho-may-in-3d\/","og_locale":"en_US","og_type":"article","og_title":"\u1ed0ng d\u1eabn nh\u1ef1a Capricorn Teflon Tube cho m\u00e1y in 3d","og_description":"\u1ed0ng d\u1eabn nh\u1ef1a Capricorn Teflon Tube cho m\u00e1y in 3d","og_url":"https:\/\/nge.vn\/en\/product\/ong-dan-nhua-capricorn-teflon-tube-cho-may-in-3d\/","og_site_name":"NGE 3D Printers Services","article_modified_time":"2024-10-29T10:19:22+00:00","og_image":[{"width":880,"height":880,"url":"https:\/\/nge.vn\/wp-content\/uploads\/2024\/10\/images-upload-woo2F2a2697fc7a0e70d5b08aadee75567870.jpg","type":"image\/jpeg"}],"twitter_card":"summary_large_image","twitter_misc":{"Est. reading time":"4 minutes"},"schema":{"@context":"https:\/\/schema.org","@graph":[{"@type":"WebPage","@id":"https:\/\/nge.vn\/san-pham\/ong-dan-nhua-capricorn-teflon-tube-cho-may-in-3d\/","url":"https:\/\/nge.vn\/san-pham\/ong-dan-nhua-capricorn-teflon-tube-cho-may-in-3d\/","name":"\u1ed0ng d\u1eabn nh\u1ef1a Capricorn Teflon Tube cho m\u00e1y in 3d - NGE 3D Printers Services","isPartOf":{"@id":"https:\/\/nge.vn\/#website"},"primaryImageOfPage":{"@id":"https:\/\/nge.vn\/san-pham\/ong-dan-nhua-capricorn-teflon-tube-cho-may-in-3d\/#primaryimage"},"image":{"@id":"https:\/\/nge.vn\/san-pham\/ong-dan-nhua-capricorn-teflon-tube-cho-may-in-3d\/#primaryimage"},"thumbnailUrl":"https:\/\/nge.vn\/wp-content\/uploads\/2024\/10\/images-upload-woo2F2a2697fc7a0e70d5b08aadee75567870.jpg","datePublished":"2024-10-25T06:02:25+00:00","dateModified":"2024-10-29T10:19:22+00:00","breadcrumb":{"@id":"https:\/\/nge.vn\/san-pham\/ong-dan-nhua-capricorn-teflon-tube-cho-may-in-3d\/#breadcrumb"},"inLanguage":"en-US","potentialAction":[{"@type":"ReadAction","target":["https:\/\/nge.vn\/san-pham\/ong-dan-nhua-capricorn-teflon-tube-cho-may-in-3d\/"]}]},{"@type":"ImageObject","inLanguage":"en-US","@id":"https:\/\/nge.vn\/san-pham\/ong-dan-nhua-capricorn-teflon-tube-cho-may-in-3d\/#primaryimage","url":"https:\/\/nge.vn\/wp-content\/uploads\/2024\/10\/images-upload-woo2F2a2697fc7a0e70d5b08aadee75567870.jpg","contentUrl":"https:\/\/nge.vn\/wp-content\/uploads\/2024\/10\/images-upload-woo2F2a2697fc7a0e70d5b08aadee75567870.jpg","width":880,"height":880},{"@type":"BreadcrumbList","@id":"https:\/\/nge.vn\/san-pham\/ong-dan-nhua-capricorn-teflon-tube-cho-may-in-3d\/#breadcrumb","itemListElement":[{"@type":"ListItem","position":1,"name":"Trang ch\u1ee7","item":"https:\/\/nge.vn\/"},{"@type":"ListItem","position":2,"name":"S\u1ea3n ph\u1ea9m","item":"https:\/\/nge.vn\/san-pham\/"},{"@type":"ListItem","position":3,"name":"\u1ed0ng d\u1eabn nh\u1ef1a Capricorn Teflon Tube cho m\u00e1y in 3d"}]},{"@type":"WebSite","@id":"https:\/\/nge.vn\/#website","url":"https:\/\/nge.vn\/","name":"NGE 3D Printers Services","description":"","potentialAction":[{"@type":"SearchAction","target":{"@type":"EntryPoint","urlTemplate":"https:\/\/nge.vn\/?s={search_term_string}"},"query-input":{"@type":"PropertyValueSpecification","valueRequired":true,"valueName":"search_term_string"}}],"inLanguage":"en-US"}]}},"_links":{"self":[{"href":"https:\/\/nge.vn\/en\/wp-json\/wp\/v2\/product\/600","targetHints":{"allow":["GET"]}}],"collection":[{"href":"https:\/\/nge.vn\/en\/wp-json\/wp\/v2\/product"}],"about":[{"href":"https:\/\/nge.vn\/en\/wp-json\/wp\/v2\/types\/product"}],"replies":[{"embeddable":true,"href":"https:\/\/nge.vn\/en\/wp-json\/wp\/v2\/comments?post=600"}],"wp:featuredmedia":[{"embeddable":true,"href":"https:\/\/nge.vn\/en\/wp-json\/wp\/v2\/media\/591"}],"wp:attachment":[{"href":"https:\/\/nge.vn\/en\/wp-json\/wp\/v2\/media?parent=600"}],"wp:term":[{"taxonomy":"product_brand","embeddable":true,"href":"https:\/\/nge.vn\/en\/wp-json\/wp\/v2\/product_brand?post=600"},{"taxonomy":"product_cat","embeddable":true,"href":"https:\/\/nge.vn\/en\/wp-json\/wp\/v2\/product_cat?post=600"},{"taxonomy":"product_tag","embeddable":true,"href":"https:\/\/nge.vn\/en\/wp-json\/wp\/v2\/product_tag?post=600"}],"curies":[{"name":"wp","href":"https:\/\/api.w.org\/{rel}","templated":true}]}}