{"id":5995,"date":"2025-08-01T16:17:15","date_gmt":"2025-08-01T09:17:15","guid":{"rendered":"https:\/\/nge.vn\/?post_type=product&#038;p=5995"},"modified":"2025-08-01T16:17:17","modified_gmt":"2025-08-01T09:17:17","slug":"bo-dung-cu-hut-chan-khong-nhua-in-3d-evacuum-kit-pro-3","status":"publish","type":"product","link":"https:\/\/nge.vn\/en\/product\/bo-dung-cu-hut-chan-khong-nhua-in-3d-evacuum-kit-pro-3\/","title":{"rendered":"B\u1ed9 d\u1ee5ng c\u1ee5 h\u00fat ch\u00e2n kh\u00f4ng nh\u1ef1a in 3d eVacuum Kit Pro 3"},"content":{"rendered":"<h3 data-start=\"184\" data-end=\"276\"><strong data-start=\"188\" data-end=\"276\">B\u1ed9 H\u00fat Ch\u00e2n Kh\u00f4ng eSUN eVacuum \u2013 B\u1ea3o Qu\u1ea3n S\u1ee3i In 3D Ch\u1ed1ng \u1ea8m, Ch\u1ed1ng B\u1ee5i, T\u00e1i S\u1eed D\u1ee5ng<\/strong><\/h3>\n<p data-start=\"278\" data-end=\"459\">B\u1ed9 eVacuum c\u1ee7a eSUN l\u00e0 gi\u1ea3i ph\u00e1p l\u00fd t\u01b0\u1edfng \u0111\u1ec3 b\u1ea3o qu\u1ea3n cu\u1ed9n s\u1ee3i m\u00e1y in 3D. Gi\u00fap ch\u1ed1ng \u1ea9m, ch\u1ed1ng b\u1ee5i v\u00e0 ng\u0103n s\u1ee3i b\u1ecb oxy h\u00f3a, \u0111\u1ea3m b\u1ea3o hi\u1ec7u su\u1ea5t in \u1ed5n \u0111\u1ecbnh v\u00e0 k\u00e9o d\u00e0i tu\u1ed5i th\u1ecd cu\u1ed9n s\u1ee3i.<\/p>\n<hr data-start=\"461\" data-end=\"464\" \/>\n<h3 data-start=\"466\" data-end=\"493\"><strong data-start=\"470\" data-end=\"491\">T\u00ednh n\u0103ng n\u1ed5i b\u1eadt<\/strong><\/h3>\n<p data-start=\"494\" data-end=\"891\">\u2705 <strong data-start=\"496\" data-end=\"530\">Ch\u1ed1ng \u1ea9m &amp; ch\u1ed1ng b\u1ee5i v\u01b0\u1ee3t tr\u1ed9i<\/strong> \u2013 b\u1ea3o v\u1ec7 s\u1ee3i kh\u1ecfi t\u00e1c \u0111\u1ed9ng m\u00f4i tr\u01b0\u1eddng<br data-start=\"568\" data-end=\"571\" \/>\u2705 <strong data-start=\"573\" data-end=\"607\">B\u01a1m \u0111i\u1ec7n USB n\u00e2ng c\u1ea5p (-50kPa)<\/strong> \u2013 h\u00fat nhanh, ti\u1ebft ki\u1ec7m th\u1eddi gian<br data-start=\"640\" data-end=\"643\" \/>\u2705 <strong data-start=\"645\" data-end=\"694\">V\u1eadt li\u1ec7u d\u00e0y, si\u00eau b\u1ec1n, t\u00e1i s\u1eed d\u1ee5ng nhi\u1ec1u l\u1ea7n<\/strong><br data-start=\"694\" data-end=\"697\" \/>\u2705 <strong data-start=\"699\" data-end=\"753\">Ch\u1ee9ng nh\u1eadn an to\u00e0n: Kh\u00f4ng ch\u1ee9a BPA &amp; \u0111\u1ea1t chu\u1ea9n FDA<\/strong><br data-start=\"753\" data-end=\"756\" \/>\u2705 <strong data-start=\"758\" data-end=\"791\">Thi\u1ebft k\u1ebf t\u00fai l\u1edbn (33 x 38 cm)<\/strong> \u2013 ph\u00f9 h\u1ee3p v\u1edbi 99% cu\u1ed9n s\u1ee3i 3D th\u00f4ng d\u1ee5ng<br data-start=\"832\" data-end=\"835\" \/>\u2705 <strong data-start=\"837\" data-end=\"891\">D\u1ec5 d\u00f9ng \u2013 B\u1eaft \u0111\u1ea7u h\u00fat ch\u00e2n kh\u00f4ng ch\u1ec9 v\u1edbi 1 n\u00fat b\u1ea5m<\/strong><\/p>\n<hr data-start=\"893\" data-end=\"896\" \/>\n<h3 data-start=\"898\" data-end=\"934\"><strong data-start=\"902\" data-end=\"932\">So s\u00e1nh b\u01a1m tay v\u00e0 b\u01a1m USB<\/strong><\/h3>\n<ul data-start=\"935\" data-end=\"1065\">\n<li data-start=\"935\" data-end=\"1005\">\n<p data-start=\"937\" data-end=\"1005\">\ud83d\udd0b <strong data-start=\"940\" data-end=\"958\">B\u01a1m USB (\u0111i\u1ec7n)<\/strong>: L\u1ef1c h\u00fat m\u1ea1nh m\u1ebd, ti\u1ebft ki\u1ec7m s\u1ee9c, nhanh ch\u00f3ng<\/p>\n<\/li>\n<li data-start=\"1006\" data-end=\"1065\">\n<p data-start=\"1008\" data-end=\"1065\">\ud83e\udd32 <strong data-start=\"1011\" data-end=\"1022\">B\u01a1m tay<\/strong>: Gi\u00e1 th\u00e0nh r\u1ebb h\u01a1n nh\u01b0ng th\u1eddi gian h\u00fat ch\u1eadm h\u01a1n<\/p>\n<\/li>\n<\/ul>\n<hr data-start=\"1067\" data-end=\"1070\" \/>\n<h3 data-start=\"1072\" data-end=\"1105\"><strong data-start=\"1076\" data-end=\"1103\">Thi\u1ebft k\u1ebf t\u00fai th\u00f4ng minh<\/strong><\/h3>\n<ul data-start=\"1106\" data-end=\"1289\">\n<li data-start=\"1106\" data-end=\"1148\">\n<p data-start=\"1108\" data-end=\"1148\"><strong data-start=\"1108\" data-end=\"1123\">D\u00e2y k\u00e9o \u0111\u00f4i<\/strong>: Ch\u1ed1ng \u1ea9m hi\u1ec7u qu\u1ea3 h\u01a1n<\/p>\n<\/li>\n<li data-start=\"1149\" data-end=\"1214\">\n<p data-start=\"1151\" data-end=\"1214\"><strong data-start=\"1151\" data-end=\"1179\">Van h\u00fat c\u1ea3i ti\u1ebfn &amp; vi l\u1ed7<\/strong>: Ni\u00eam phong k\u00edn, kh\u00f4ng r\u00f2 r\u1ec9 kh\u00ed<\/p>\n<\/li>\n<li data-start=\"1215\" data-end=\"1289\">\n<p data-start=\"1217\" data-end=\"1289\"><strong data-start=\"1217\" data-end=\"1243\">T\u00fai d\u00e0y ch\u1ea5t l\u01b0\u1ee3ng cao<\/strong>: B\u1ec1n ch\u1eafc, kh\u00f4ng d\u1ec5 r\u00e1ch, s\u1eed d\u1ee5ng nhi\u1ec1u l\u1ea7n<\/p>\n<\/li>\n<\/ul>\n<hr data-start=\"1291\" data-end=\"1294\" \/>\n<h3 data-start=\"1296\" data-end=\"1325\"><strong data-start=\"188\" data-end=\"276\">B\u1ed9 H\u00fat Ch\u00e2n Kh\u00f4ng eSUN eVacuum <\/strong><strong data-start=\"1300\" data-end=\"1323\">bao g\u1ed3m\u00a0<\/strong><\/h3>\n<ul data-start=\"1326\" data-end=\"1442\">\n<li data-start=\"1326\" data-end=\"1352\">\n<p data-start=\"1328\" data-end=\"1352\">10x t\u00fai h\u00fat ch\u00e2n kh\u00f4ng<\/p>\n<\/li>\n<li data-start=\"1353\" data-end=\"1374\">\n<p data-start=\"1355\" data-end=\"1374\">2x k\u1eb9p ni\u00eam phong<\/p>\n<\/li>\n<li data-start=\"1375\" data-end=\"1406\">\n<p data-start=\"1377\" data-end=\"1406\">15x g\u00f3i ch\u1ea5t l\u00e0m kh\u00f4 m\u1ea5t m\u00e0u<\/p>\n<\/li>\n<li data-start=\"1407\" data-end=\"1442\">\n<p data-start=\"1409\" data-end=\"1442\">1x b\u01a1m \u0111i\u1ec7n USB (nh\u1ecf g\u1ecdn ch\u1ec9 75g)<\/p>\n<\/li>\n<\/ul>\n<hr data-start=\"1444\" data-end=\"1447\" \/>\n<h3 data-start=\"1449\" data-end=\"1476\"><strong data-start=\"1453\" data-end=\"1474\">Th\u00f4ng s\u1ed1 k\u1ef9 thu\u1eadt<\/strong><\/h3>\n<ul data-start=\"1477\" data-end=\"1674\">\n<li data-start=\"1477\" data-end=\"1504\">\n<p data-start=\"1479\" data-end=\"1504\">\u00c1p su\u1ea5t h\u00fat: <strong data-start=\"1492\" data-end=\"1502\">-50kPa<\/strong><\/p>\n<\/li>\n<li data-start=\"1505\" data-end=\"1539\">\n<p data-start=\"1507\" data-end=\"1539\">K\u00edch th\u01b0\u1edbc t\u00fai: <strong data-start=\"1523\" data-end=\"1537\">33 x 38 cm<\/strong><\/p>\n<\/li>\n<li data-start=\"1540\" data-end=\"1573\">\n<p data-start=\"1542\" data-end=\"1573\">Tr\u1ecdng l\u01b0\u1ee3ng b\u01a1m \u0111i\u1ec7n: <strong data-start=\"1564\" data-end=\"1571\">75g<\/strong><\/p>\n<\/li>\n<li data-start=\"1574\" data-end=\"1597\">\n<p data-start=\"1576\" data-end=\"1597\">\u0110i\u1ec7n \u00e1p: <strong data-start=\"1585\" data-end=\"1595\">USB 5V<\/strong><\/p>\n<\/li>\n<li data-start=\"1598\" data-end=\"1621\">\n<p data-start=\"1600\" data-end=\"1621\">T\u00e1i s\u1eed d\u1ee5ng: <strong data-start=\"1613\" data-end=\"1619\">C\u00f3<\/strong><\/p>\n<\/li>\n<li data-start=\"1622\" data-end=\"1674\">\n<p data-start=\"1624\" data-end=\"1674\">T\u01b0\u01a1ng th\u00edch: <strong data-start=\"1637\" data-end=\"1672\">99% c\u00e1c lo\u1ea1i nh\u1ef1a in 3D 1kg\/750g\/500g<\/strong><\/p>\n<p>&nbsp;<\/li>\n<\/ul>\n<p>_\u0110\u00e2y l\u00e0 c\u00e1c trang b\u00e1n h\u00e0ng b\u00ean m\u00ecnh NGE 3D Printer Services chuy\u00ean cung c\u1ea5p Nh\u1ef1a in 3D v\u00e0 M\u00e1y in 3D c\u1ee7a H\u00e3ng ESUN, Flsun, BIQU, Creality, eMake3d&#8230;<br \/>\n\ud83d\uded2Shopee =&gt; <a href=\"https:\/\/shopee.vn\/nge3dprinter\">https:\/\/shopee.vn\/nge3dprinter<\/a><br \/>\n\ud83d\uded2Shopee =&gt; <a href=\"https:\/\/shopee.vn\/nge3dservices\">https:\/\/shopee.vn\/nge3dservices<\/a><br \/>\n\ud83d\uded2Shopee Voron v\u00e0 eMake3D =&gt; https:\/\/shopee.vn\/3dmasterpower<br \/>\n\ud83d\uded2Shopee eMake3D =&gt; https:\/\/shopee.vn\/nge3dprinting<br \/>\n\ud83d\uded2Lazada =&gt; https:\/\/www.lazada.vn\/shop\/nge-3d-printer<br \/>\n\ud83d\uded2Lazada =&gt; https:\/\/www.lazada.vn\/shop\/nge-3d-printer-services<br \/>\n\ud83d\uded2Lazada =&gt; https:\/\/www.lazada.vn\/shop\/emake3d-vn<br \/>\n\ud83d\uded2Webslite Th\u1ebf H\u1ec7 K\u1ebf Ti\u1ebfp =&gt;https:\/\/www.theheketiep.com\/<br \/>\n\ud83d\uded2Webslite NGE.VN =&gt;https:\/\/www.nge.vn\/<br \/>\nHo\u1eb7c b\u1ea1n g\u1ecdi 094.144.0951 g\u1eb7p m\u00ecnh<br \/>\nHo\u1eb7c 0913939775 g\u1eb7p anh Qu\u00e2n<br \/>\n** Price does not include VAT (+8 or 10% if VAT invoice is issued)<\/p>","protected":false},"excerpt":{"rendered":"<p data-start=\"1714\" data-end=\"1863\">B\u1ed9 h\u00fat ch\u00e2n kh\u00f4ng eSUN eVacuum b\u1ea3o qu\u1ea3n s\u1ee3i in 3D hi\u1ec7u qu\u1ea3 \u2013 ch\u1ed1ng \u1ea9m, ch\u1ed1ng b\u1ee5i, c\u00f3 b\u01a1m \u0111i\u1ec7n USB m\u1ea1nh m\u1ebd. Bao g\u1ed3m t\u00fai, k\u1eb9p v\u00e0 b\u01a1m \u0111i\u1ec7n.<\/p>","protected":false},"featured_media":5996,"comment_status":"open","ping_status":"closed","template":"","meta":{"inline_featured_image":false},"product_brand":[],"product_cat":[40,455],"product_tag":[726,725,724,663],"class_list":{"0":"post-5995","1":"product","2":"type-product","3":"status-publish","4":"has-post-thumbnail","6":"product_cat-linh-kien-va-phu-kien","7":"product_cat-nhua-in-3d","8":"product_tag-3dprintingtools","9":"product_tag-esun3d","10":"product_tag-evacuum","11":"product_tag-nge3d","13":"first","14":"instock","15":"taxable","16":"shipping-taxable","17":"purchasable","18":"product-type-simple"},"yoast_head":"<!-- This site is optimized with the Yoast SEO Premium plugin v22.8 (Yoast SEO v26.9) - https:\/\/yoast.com\/product\/yoast-seo-premium-wordpress\/ -->\n<title>B\u1ed9 d\u1ee5ng c\u1ee5 h\u00fat ch\u00e2n kh\u00f4ng nh\u1ef1a in 3d eVacuum Kit Pro 3 - NGE 3D Printers Services<\/title>\n<meta name=\"description\" content=\"B\u1ed9 h\u00fat ch\u00e2n kh\u00f4ng eSUN eVacuum b\u1ea3o qu\u1ea3n s\u1ee3i in 3D hi\u1ec7u qu\u1ea3 \u2013 ch\u1ed1ng \u1ea9m, ch\u1ed1ng b\u1ee5i, c\u00f3 b\u01a1m \u0111i\u1ec7n USB m\u1ea1nh m\u1ebd. Bao g\u1ed3m t\u00fai, k\u1eb9p v\u00e0 b\u01a1m \u0111i\u1ec7n.\" \/>\n<meta name=\"robots\" content=\"index, follow, max-snippet:-1, max-image-preview:large, max-video-preview:-1\" \/>\n<link rel=\"canonical\" href=\"https:\/\/nge.vn\/en\/product\/bo-dung-cu-hut-chan-khong-nhua-in-3d-evacuum-kit-pro-3\/\" \/>\n<meta property=\"og:locale\" content=\"en_US\" \/>\n<meta property=\"og:type\" content=\"article\" \/>\n<meta property=\"og:title\" content=\"B\u1ed9 d\u1ee5ng c\u1ee5 h\u00fat ch\u00e2n kh\u00f4ng nh\u1ef1a in 3d eVacuum Kit Pro 3\" \/>\n<meta property=\"og:description\" content=\"B\u1ed9 h\u00fat ch\u00e2n kh\u00f4ng eSUN eVacuum b\u1ea3o qu\u1ea3n s\u1ee3i in 3D hi\u1ec7u qu\u1ea3 \u2013 ch\u1ed1ng \u1ea9m, ch\u1ed1ng b\u1ee5i, c\u00f3 b\u01a1m \u0111i\u1ec7n USB m\u1ea1nh m\u1ebd. Bao g\u1ed3m t\u00fai, k\u1eb9p v\u00e0 b\u01a1m \u0111i\u1ec7n.\" \/>\n<meta property=\"og:url\" content=\"https:\/\/nge.vn\/en\/product\/bo-dung-cu-hut-chan-khong-nhua-in-3d-evacuum-kit-pro-3\/\" \/>\n<meta property=\"og:site_name\" content=\"NGE 3D Printers Services\" \/>\n<meta property=\"article:modified_time\" content=\"2025-08-01T09:17:17+00:00\" \/>\n<meta property=\"og:image\" content=\"https:\/\/nge.vn\/wp-content\/uploads\/2025\/08\/vn-11134207-7ra0g-ma2hun9q9t8k75_tn.jpeg\" \/>\n\t<meta property=\"og:image:width\" content=\"320\" \/>\n\t<meta property=\"og:image:height\" content=\"320\" \/>\n\t<meta property=\"og:image:type\" content=\"image\/jpeg\" \/>\n<meta name=\"twitter:card\" content=\"summary_large_image\" \/>\n<meta name=\"twitter:label1\" content=\"Est. reading time\" \/>\n\t<meta name=\"twitter:data1\" content=\"3 minutes\" \/>\n<script type=\"application\/ld+json\" class=\"yoast-schema-graph\">{\"@context\":\"https:\/\/schema.org\",\"@graph\":[{\"@type\":\"WebPage\",\"@id\":\"https:\/\/nge.vn\/san-pham\/bo-dung-cu-hut-chan-khong-nhua-in-3d-evacuum-kit-pro-3\/\",\"url\":\"https:\/\/nge.vn\/san-pham\/bo-dung-cu-hut-chan-khong-nhua-in-3d-evacuum-kit-pro-3\/\",\"name\":\"B\u1ed9 d\u1ee5ng c\u1ee5 h\u00fat ch\u00e2n kh\u00f4ng nh\u1ef1a in 3d eVacuum Kit Pro 3 - NGE 3D Printers Services\",\"isPartOf\":{\"@id\":\"https:\/\/nge.vn\/#website\"},\"primaryImageOfPage\":{\"@id\":\"https:\/\/nge.vn\/san-pham\/bo-dung-cu-hut-chan-khong-nhua-in-3d-evacuum-kit-pro-3\/#primaryimage\"},\"image\":{\"@id\":\"https:\/\/nge.vn\/san-pham\/bo-dung-cu-hut-chan-khong-nhua-in-3d-evacuum-kit-pro-3\/#primaryimage\"},\"thumbnailUrl\":\"https:\/\/nge.vn\/wp-content\/uploads\/2025\/08\/vn-11134207-7ra0g-ma2hun9q9t8k75_tn.jpeg\",\"datePublished\":\"2025-08-01T09:17:15+00:00\",\"dateModified\":\"2025-08-01T09:17:17+00:00\",\"description\":\"B\u1ed9 h\u00fat ch\u00e2n kh\u00f4ng eSUN eVacuum b\u1ea3o qu\u1ea3n s\u1ee3i in 3D hi\u1ec7u qu\u1ea3 \u2013 ch\u1ed1ng \u1ea9m, ch\u1ed1ng b\u1ee5i, c\u00f3 b\u01a1m \u0111i\u1ec7n USB m\u1ea1nh m\u1ebd. Bao g\u1ed3m t\u00fai, k\u1eb9p v\u00e0 b\u01a1m \u0111i\u1ec7n.\",\"breadcrumb\":{\"@id\":\"https:\/\/nge.vn\/san-pham\/bo-dung-cu-hut-chan-khong-nhua-in-3d-evacuum-kit-pro-3\/#breadcrumb\"},\"inLanguage\":\"en-US\",\"potentialAction\":[{\"@type\":\"ReadAction\",\"target\":[\"https:\/\/nge.vn\/san-pham\/bo-dung-cu-hut-chan-khong-nhua-in-3d-evacuum-kit-pro-3\/\"]}]},{\"@type\":\"ImageObject\",\"inLanguage\":\"en-US\",\"@id\":\"https:\/\/nge.vn\/san-pham\/bo-dung-cu-hut-chan-khong-nhua-in-3d-evacuum-kit-pro-3\/#primaryimage\",\"url\":\"https:\/\/nge.vn\/wp-content\/uploads\/2025\/08\/vn-11134207-7ra0g-ma2hun9q9t8k75_tn.jpeg\",\"contentUrl\":\"https:\/\/nge.vn\/wp-content\/uploads\/2025\/08\/vn-11134207-7ra0g-ma2hun9q9t8k75_tn.jpeg\",\"width\":320,\"height\":320,\"caption\":\"esun evacuum\"},{\"@type\":\"BreadcrumbList\",\"@id\":\"https:\/\/nge.vn\/san-pham\/bo-dung-cu-hut-chan-khong-nhua-in-3d-evacuum-kit-pro-3\/#breadcrumb\",\"itemListElement\":[{\"@type\":\"ListItem\",\"position\":1,\"name\":\"Trang ch\u1ee7\",\"item\":\"https:\/\/nge.vn\/\"},{\"@type\":\"ListItem\",\"position\":2,\"name\":\"S\u1ea3n ph\u1ea9m\",\"item\":\"https:\/\/nge.vn\/san-pham\/\"},{\"@type\":\"ListItem\",\"position\":3,\"name\":\"B\u1ed9 d\u1ee5ng c\u1ee5 h\u00fat ch\u00e2n kh\u00f4ng nh\u1ef1a in 3d eVacuum Kit Pro 3\"}]},{\"@type\":\"WebSite\",\"@id\":\"https:\/\/nge.vn\/#website\",\"url\":\"https:\/\/nge.vn\/\",\"name\":\"NGE 3D Printers Services\",\"description\":\"\",\"potentialAction\":[{\"@type\":\"SearchAction\",\"target\":{\"@type\":\"EntryPoint\",\"urlTemplate\":\"https:\/\/nge.vn\/?s={search_term_string}\"},\"query-input\":{\"@type\":\"PropertyValueSpecification\",\"valueRequired\":true,\"valueName\":\"search_term_string\"}}],\"inLanguage\":\"en-US\"}]}<\/script>\n<!-- \/ Yoast SEO Premium plugin. -->","yoast_head_json":{"title":"B\u1ed9 d\u1ee5ng c\u1ee5 h\u00fat ch\u00e2n kh\u00f4ng nh\u1ef1a in 3d eVacuum Kit Pro 3 - NGE 3D Printers Services","description":"B\u1ed9 h\u00fat ch\u00e2n kh\u00f4ng eSUN eVacuum b\u1ea3o qu\u1ea3n s\u1ee3i in 3D hi\u1ec7u qu\u1ea3 \u2013 ch\u1ed1ng \u1ea9m, ch\u1ed1ng b\u1ee5i, c\u00f3 b\u01a1m \u0111i\u1ec7n USB m\u1ea1nh m\u1ebd. Bao g\u1ed3m t\u00fai, k\u1eb9p v\u00e0 b\u01a1m \u0111i\u1ec7n.","robots":{"index":"index","follow":"follow","max-snippet":"max-snippet:-1","max-image-preview":"max-image-preview:large","max-video-preview":"max-video-preview:-1"},"canonical":"https:\/\/nge.vn\/en\/product\/bo-dung-cu-hut-chan-khong-nhua-in-3d-evacuum-kit-pro-3\/","og_locale":"en_US","og_type":"article","og_title":"B\u1ed9 d\u1ee5ng c\u1ee5 h\u00fat ch\u00e2n kh\u00f4ng nh\u1ef1a in 3d eVacuum Kit Pro 3","og_description":"B\u1ed9 h\u00fat ch\u00e2n kh\u00f4ng eSUN eVacuum b\u1ea3o qu\u1ea3n s\u1ee3i in 3D hi\u1ec7u qu\u1ea3 \u2013 ch\u1ed1ng \u1ea9m, ch\u1ed1ng b\u1ee5i, c\u00f3 b\u01a1m \u0111i\u1ec7n USB m\u1ea1nh m\u1ebd. Bao g\u1ed3m t\u00fai, k\u1eb9p v\u00e0 b\u01a1m \u0111i\u1ec7n.","og_url":"https:\/\/nge.vn\/en\/product\/bo-dung-cu-hut-chan-khong-nhua-in-3d-evacuum-kit-pro-3\/","og_site_name":"NGE 3D Printers Services","article_modified_time":"2025-08-01T09:17:17+00:00","og_image":[{"width":320,"height":320,"url":"https:\/\/nge.vn\/wp-content\/uploads\/2025\/08\/vn-11134207-7ra0g-ma2hun9q9t8k75_tn.jpeg","type":"image\/jpeg"}],"twitter_card":"summary_large_image","twitter_misc":{"Est. reading time":"3 minutes"},"schema":{"@context":"https:\/\/schema.org","@graph":[{"@type":"WebPage","@id":"https:\/\/nge.vn\/san-pham\/bo-dung-cu-hut-chan-khong-nhua-in-3d-evacuum-kit-pro-3\/","url":"https:\/\/nge.vn\/san-pham\/bo-dung-cu-hut-chan-khong-nhua-in-3d-evacuum-kit-pro-3\/","name":"B\u1ed9 d\u1ee5ng c\u1ee5 h\u00fat ch\u00e2n kh\u00f4ng nh\u1ef1a in 3d eVacuum Kit Pro 3 - NGE 3D Printers Services","isPartOf":{"@id":"https:\/\/nge.vn\/#website"},"primaryImageOfPage":{"@id":"https:\/\/nge.vn\/san-pham\/bo-dung-cu-hut-chan-khong-nhua-in-3d-evacuum-kit-pro-3\/#primaryimage"},"image":{"@id":"https:\/\/nge.vn\/san-pham\/bo-dung-cu-hut-chan-khong-nhua-in-3d-evacuum-kit-pro-3\/#primaryimage"},"thumbnailUrl":"https:\/\/nge.vn\/wp-content\/uploads\/2025\/08\/vn-11134207-7ra0g-ma2hun9q9t8k75_tn.jpeg","datePublished":"2025-08-01T09:17:15+00:00","dateModified":"2025-08-01T09:17:17+00:00","description":"B\u1ed9 h\u00fat ch\u00e2n kh\u00f4ng eSUN eVacuum b\u1ea3o qu\u1ea3n s\u1ee3i in 3D hi\u1ec7u qu\u1ea3 \u2013 ch\u1ed1ng \u1ea9m, ch\u1ed1ng b\u1ee5i, c\u00f3 b\u01a1m \u0111i\u1ec7n USB m\u1ea1nh m\u1ebd. Bao g\u1ed3m t\u00fai, k\u1eb9p v\u00e0 b\u01a1m \u0111i\u1ec7n.","breadcrumb":{"@id":"https:\/\/nge.vn\/san-pham\/bo-dung-cu-hut-chan-khong-nhua-in-3d-evacuum-kit-pro-3\/#breadcrumb"},"inLanguage":"en-US","potentialAction":[{"@type":"ReadAction","target":["https:\/\/nge.vn\/san-pham\/bo-dung-cu-hut-chan-khong-nhua-in-3d-evacuum-kit-pro-3\/"]}]},{"@type":"ImageObject","inLanguage":"en-US","@id":"https:\/\/nge.vn\/san-pham\/bo-dung-cu-hut-chan-khong-nhua-in-3d-evacuum-kit-pro-3\/#primaryimage","url":"https:\/\/nge.vn\/wp-content\/uploads\/2025\/08\/vn-11134207-7ra0g-ma2hun9q9t8k75_tn.jpeg","contentUrl":"https:\/\/nge.vn\/wp-content\/uploads\/2025\/08\/vn-11134207-7ra0g-ma2hun9q9t8k75_tn.jpeg","width":320,"height":320,"caption":"esun evacuum"},{"@type":"BreadcrumbList","@id":"https:\/\/nge.vn\/san-pham\/bo-dung-cu-hut-chan-khong-nhua-in-3d-evacuum-kit-pro-3\/#breadcrumb","itemListElement":[{"@type":"ListItem","position":1,"name":"Trang ch\u1ee7","item":"https:\/\/nge.vn\/"},{"@type":"ListItem","position":2,"name":"S\u1ea3n ph\u1ea9m","item":"https:\/\/nge.vn\/san-pham\/"},{"@type":"ListItem","position":3,"name":"B\u1ed9 d\u1ee5ng c\u1ee5 h\u00fat ch\u00e2n kh\u00f4ng nh\u1ef1a in 3d eVacuum Kit Pro 3"}]},{"@type":"WebSite","@id":"https:\/\/nge.vn\/#website","url":"https:\/\/nge.vn\/","name":"NGE 3D Printers Services","description":"","potentialAction":[{"@type":"SearchAction","target":{"@type":"EntryPoint","urlTemplate":"https:\/\/nge.vn\/?s={search_term_string}"},"query-input":{"@type":"PropertyValueSpecification","valueRequired":true,"valueName":"search_term_string"}}],"inLanguage":"en-US"}]}},"_links":{"self":[{"href":"https:\/\/nge.vn\/en\/wp-json\/wp\/v2\/product\/5995","targetHints":{"allow":["GET"]}}],"collection":[{"href":"https:\/\/nge.vn\/en\/wp-json\/wp\/v2\/product"}],"about":[{"href":"https:\/\/nge.vn\/en\/wp-json\/wp\/v2\/types\/product"}],"replies":[{"embeddable":true,"href":"https:\/\/nge.vn\/en\/wp-json\/wp\/v2\/comments?post=5995"}],"wp:featuredmedia":[{"embeddable":true,"href":"https:\/\/nge.vn\/en\/wp-json\/wp\/v2\/media\/5996"}],"wp:attachment":[{"href":"https:\/\/nge.vn\/en\/wp-json\/wp\/v2\/media?parent=5995"}],"wp:term":[{"taxonomy":"product_brand","embeddable":true,"href":"https:\/\/nge.vn\/en\/wp-json\/wp\/v2\/product_brand?post=5995"},{"taxonomy":"product_cat","embeddable":true,"href":"https:\/\/nge.vn\/en\/wp-json\/wp\/v2\/product_cat?post=5995"},{"taxonomy":"product_tag","embeddable":true,"href":"https:\/\/nge.vn\/en\/wp-json\/wp\/v2\/product_tag?post=5995"}],"curies":[{"name":"wp","href":"https:\/\/api.w.org\/{rel}","templated":true}]}}