{"id":5994,"date":"2025-08-02T09:39:11","date_gmt":"2025-08-02T02:39:11","guid":{"rendered":"https:\/\/nge.vn\/?post_type=product&#038;p=5994"},"modified":"2025-08-02T09:39:12","modified_gmt":"2025-08-02T02:39:12","slug":"day-cam-bien-nhiet-dien-tro-hotend-thermistor-cho-may-in-3d-creality-ender-3-s1-ntc100k%cf%89-3950k","status":"publish","type":"product","link":"https:\/\/nge.vn\/en\/product\/day-cam-bien-nhiet-dien-tro-hotend-thermistor-cho-may-in-3d-creality-ender-3-s1-ntc100k%cf%89-3950k\/","title":{"rendered":"D\u00e2y c\u1ea3m bi\u1ebfn nhi\u1ec7t \u0111i\u1ec7n tr\u1edf Hotend Thermistor cho m\u00e1y in 3d Creality Ender 3 S1 NTC100K\u03a9 3950K"},"content":{"rendered":"<h3 data-start=\"200\" data-end=\"315\"><strong data-start=\"204\" data-end=\"315\">C\u1ea3m Bi\u1ebfn Nhi\u1ec7t \u0110i\u1ec7n Tr\u1edf Hotend Thermistor NTC100K\u03a9 3950K \u2013 D\u00e0nh Cho M\u00e1y In 3D Creality Ender 3 S1 \/ S1 Plus<\/strong><\/h3>\n<p data-start=\"317\" data-end=\"542\">C\u1ea3m bi\u1ebfn nhi\u1ec7t chuy\u00ean d\u1ee5ng cho kh\u1ed1i gia nhi\u1ec7t \u0111\u1ea7u \u0111\u00f9n Sprite c\u1ee7a d\u00f2ng <strong data-start=\"387\" data-end=\"410\">Creality Ender 3 S1<\/strong> \u2013 \u0111\u1ea3m b\u1ea3o kh\u1ea3 n\u0103ng \u0111o nhi\u1ec7t \u0111\u1ed9 ch\u00ednh x\u00e1c, \u1ed5n \u0111\u1ecbnh v\u00e0 \u0111\u1ed9 b\u1ec1n cao. Ph\u00f9 h\u1ee3p cho ng\u01b0\u1eddi d\u00f9ng c\u1ea7n thay th\u1ebf ho\u1eb7c n\u00e2ng c\u1ea5p linh ki\u1ec7n in 3D.<\/p>\n<hr data-start=\"544\" data-end=\"547\" \/>\n<h3 data-start=\"549\" data-end=\"576\"><strong data-start=\"553\" data-end=\"574\">T\u00ednh n\u0103ng n\u1ed5i b\u1eadt<\/strong><\/h3>\n<p data-start=\"577\" data-end=\"927\">\u2705 <strong data-start=\"579\" data-end=\"611\">C\u1ea3m bi\u1ebfn NTC 100K\u03a9 3950K \u00b11%<\/strong> \u2013 \u0111\u1ed9 nh\u1ea1y cao, ch\u00ednh x\u00e1c nhi\u1ec7t \u0111\u1ed9<br data-start=\"645\" data-end=\"648\" \/>\u2705 <strong data-start=\"650\" data-end=\"676\">Ph\u1ea1m vi ho\u1ea1t \u0111\u1ed9ng r\u1ed9ng<\/strong>: t\u1eeb -30\u2103 \u0111\u1ebfn 300\u2103<br data-start=\"694\" data-end=\"697\" \/>\u2705 <strong data-start=\"699\" data-end=\"730\">K\u00edch th\u01b0\u1edbc nh\u1ecf g\u1ecdn \u03c63*5.5mm<\/strong>, c\u1eafm v\u00e0 d\u00f9ng ngay (plug-and-play)<br data-start=\"764\" data-end=\"767\" \/>\u2705 <strong data-start=\"769\" data-end=\"803\">C\u00e1ch nhi\u1ec7t v\u00e0 ch\u1ed1ng va \u0111\u1eadp t\u1ed1t<\/strong>, b\u1ec1n b\u1ec9 trong m\u00f4i tr\u01b0\u1eddng in 3D kh\u1eafc nghi\u1ec7t<br data-start=\"846\" data-end=\"849\" \/>\u2705 <strong data-start=\"851\" data-end=\"925\">T\u01b0\u01a1ng th\u00edch ho\u00e0n to\u00e0n v\u1edbi m\u00e1y in Creality Ender 3 S1 \/ Ender 3 S1 Plus<\/strong><\/p>\n<hr data-start=\"929\" data-end=\"932\" \/>\n<h3 data-start=\"934\" data-end=\"961\"><strong data-start=\"938\" data-end=\"959\">Th\u00f4ng s\u1ed1 k\u1ef9 thu\u1eadt c\u1ee7a <\/strong><strong data-start=\"204\" data-end=\"315\">C\u1ea3m Bi\u1ebfn Nhi\u1ec7t \u0110i\u1ec7n Tr\u1edf Hotend Thermistor NTC100K\u03a9 3950K:<\/strong><\/h3>\n<ul data-start=\"962\" data-end=\"1208\">\n<li data-start=\"962\" data-end=\"990\">\n<p data-start=\"964\" data-end=\"990\">Lo\u1ea1i c\u1ea3m bi\u1ebfn: NTC 100K\u03a9<\/p>\n<\/li>\n<li data-start=\"991\" data-end=\"1012\">\n<p data-start=\"993\" data-end=\"1012\">B25\/50: 3950K \u00b11%<\/p>\n<\/li>\n<li data-start=\"1013\" data-end=\"1050\">\n<p data-start=\"1015\" data-end=\"1050\">K\u00edch th\u01b0\u1edbc \u0111\u1ea7u c\u1ea3m bi\u1ebfn: \u03c63*5.5mm<\/p>\n<\/li>\n<li data-start=\"1051\" data-end=\"1075\">\n<p data-start=\"1053\" data-end=\"1075\">Chi\u1ec1u d\u00e0i d\u00e2y: ~45mm<\/p>\n<\/li>\n<li data-start=\"1076\" data-end=\"1107\">\n<p data-start=\"1078\" data-end=\"1107\">D\u1ea3i nhi\u1ec7t \u0111o: -30\u00b0C ~ 300\u00b0C<\/p>\n<\/li>\n<li data-start=\"1108\" data-end=\"1157\">\n<p data-start=\"1110\" data-end=\"1157\">S\u1eed d\u1ee5ng cho: <strong data-start=\"1123\" data-end=\"1155\">Ender 3 S1 \/ Ender 3 S1 Plus<\/strong><\/p>\n<\/li>\n<li data-start=\"1158\" data-end=\"1208\">\n<p data-start=\"1160\" data-end=\"1208\">\u1ee8ng d\u1ee5ng: Kh\u1ed1i gia nhi\u1ec7t \u0111\u1ea7u \u0111\u00f9n Sprite \/ Hotend<\/p>\n<\/li>\n<\/ul>\n<blockquote class=\"wp-embedded-content\" data-secret=\"0FAm7nDcFT\"><p><a href=\"https:\/\/nge.vn\/en\/product\/may-in-3d-creality-ender-3-s1-kho-in-222227cm-can-ban-tu-dong-voi-cr-touch\/\">M\u00e1y in 3d Creality Ender 3 S1 kh\u1ed5 in 22*22*27cm c\u00e2n b\u00e0n t\u1ef1 \u0111\u1ed9ng v\u1edbi CR-Touch<\/a><\/p><\/blockquote>\n<p><iframe loading=\"lazy\" class=\"wp-embedded-content\" sandbox=\"allow-scripts\" security=\"restricted\" style=\"position: absolute; visibility: hidden;\" title=\"&#8220;M\u00e1y in 3d Creality Ender 3 S1 kh\u1ed5 in 22*22*27cm c\u00e2n b\u00e0n t\u1ef1 \u0111\u1ed9ng v\u1edbi CR-Touch&#8221; &#8212; NGE 3D Printers Services\" src=\"https:\/\/nge.vn\/san-pham\/may-in-3d-creality-ender-3-s1-kho-in-222227cm-can-ban-tu-dong-voi-cr-touch\/embed\/#?secret=MwOoKKHgj7#?secret=0FAm7nDcFT\" data-secret=\"0FAm7nDcFT\" width=\"600\" height=\"338\" frameborder=\"0\" marginwidth=\"0\" marginheight=\"0\" scrolling=\"no\"><\/iframe><\/p>\n<p>_\u0110\u00e2y l\u00e0 c\u00e1c trang b\u00e1n h\u00e0ng b\u00ean m\u00ecnh NGE 3D Printer Services chuy\u00ean cung c\u1ea5p Nh\u1ef1a in 3D v\u00e0 M\u00e1y in 3D c\u1ee7a H\u00e3ng ESUN, Flsun, BIQU, Creality, eMake3d&#8230;<br \/>\n\ud83d\uded2Shopee =&gt; https:\/\/shopee.vn\/nge3dprinter<br \/>\n\ud83d\uded2Shopee =&gt; https:\/\/shopee.vn\/nge3dservices<br \/>\n\ud83d\uded2Shopee Voron v\u00e0 eMake3D =&gt; https:\/\/shopee.vn\/3dmasterpower<br \/>\n\ud83d\uded2Shopee eMake3D =&gt; https:\/\/shopee.vn\/nge3dprinting<br \/>\n\ud83d\uded2Lazada =&gt; https:\/\/www.lazada.vn\/shop\/nge-3d-printer<br \/>\n\ud83d\uded2Lazada =&gt; https:\/\/www.lazada.vn\/shop\/nge-3d-printer-services<br \/>\n\ud83d\uded2Lazada =&gt; https:\/\/www.lazada.vn\/shop\/emake3d-vn<br \/>\n\ud83d\uded2Webslite Th\u1ebf H\u1ec7 K\u1ebf Ti\u1ebfp =&gt;https:\/\/www.theheketiep.com\/<br \/>\n\ud83d\uded2Webslite NGE.VN =&gt;https:\/\/www.nge.vn\/<br \/>\nHo\u1eb7c b\u1ea1n g\u1ecdi 094.144.0951 g\u1eb7p m\u00ecnh<br \/>\nHo\u1eb7c 0913939775 g\u1eb7p anh Qu\u00e2n<br \/>\n** Price does not include VAT (+8 or 10% if VAT invoice is issued)<\/p>","protected":false},"excerpt":{"rendered":"<p>C\u1ea3m Bi\u1ebfn Nhi\u1ec7t \u0110i\u1ec7n Tr\u1edf Hotend Thermistor NTC100K\u03a9 3950K \u2013 D\u00e0nh Cho M\u00e1y In 3D Creality Ender 3 S1 \/ S1 Plus C\u1ea3m bi\u1ebfn nhi\u1ec7t chuy\u00ean d\u1ee5ng cho kh\u1ed1i gia nhi\u1ec7t \u0111\u1ea7u \u0111\u00f9n Sprite c\u1ee7a d\u00f2ng Creality Ender 3 S1 \u2013 \u0111\u1ea3m b\u1ea3o kh\u1ea3 n\u0103ng \u0111o nhi\u1ec7t \u0111\u1ed9 ch\u00ednh x\u00e1c, \u1ed5n \u0111\u1ecbnh v\u00e0 \u0111\u1ed9 b\u1ec1n&#8230;<\/p>","protected":false},"featured_media":6081,"comment_status":"open","ping_status":"closed","template":"","meta":{"inline_featured_image":false},"product_brand":[],"product_cat":[461,40,56],"product_tag":[756,755,754],"class_list":{"0":"post-5994","1":"product","2":"type-product","3":"status-publish","4":"has-post-thumbnail","6":"product_cat-linh-kien-cum-dun-va-cam-bien","7":"product_cat-linh-kien-va-phu-kien","8":"product_cat-linh-phu-kien-may-in-3d-creality","9":"product_tag-day-cam-bien-cum-dun","10":"product_tag-day-cam-bien-hotend-thermistor","11":"product_tag-hotend-thermistor","13":"first","14":"instock","15":"taxable","16":"shipping-taxable","17":"purchasable","18":"product-type-simple"},"yoast_head":"<!-- This site is optimized with the Yoast SEO Premium plugin v22.8 (Yoast SEO v26.9) - https:\/\/yoast.com\/product\/yoast-seo-premium-wordpress\/ -->\n<title>D\u00e2y c\u1ea3m bi\u1ebfn nhi\u1ec7t \u0111i\u1ec7n tr\u1edf Hotend Thermistor cho m\u00e1y in 3d Creality Ender 3 S1 NTC100K\u03a9 3950K - NGE 3D Printers Services<\/title>\n<meta name=\"robots\" content=\"index, follow, max-snippet:-1, max-image-preview:large, max-video-preview:-1\" \/>\n<link rel=\"canonical\" href=\"https:\/\/nge.vn\/en\/product\/day-cam-bien-nhiet-dien-tro-hotend-thermistor-cho-may-in-3d-creality-ender-3-s1-ntc100k\u03c9-3950k\/\" \/>\n<meta property=\"og:locale\" content=\"en_US\" \/>\n<meta property=\"og:type\" content=\"article\" \/>\n<meta property=\"og:title\" content=\"D\u00e2y c\u1ea3m bi\u1ebfn nhi\u1ec7t \u0111i\u1ec7n tr\u1edf Hotend Thermistor cho m\u00e1y in 3d Creality Ender 3 S1 NTC100K\u03a9 3950K\" \/>\n<meta property=\"og:description\" content=\"C\u1ea3m Bi\u1ebfn Nhi\u1ec7t \u0110i\u1ec7n Tr\u1edf Hotend Thermistor NTC100K\u03a9 3950K \u2013 D\u00e0nh Cho M\u00e1y In 3D Creality Ender 3 S1 \/ S1 Plus C\u1ea3m bi\u1ebfn nhi\u1ec7t chuy\u00ean d\u1ee5ng cho kh\u1ed1i gia nhi\u1ec7t \u0111\u1ea7u \u0111\u00f9n Sprite c\u1ee7a d\u00f2ng Creality Ender 3 S1 \u2013 \u0111\u1ea3m b\u1ea3o kh\u1ea3 n\u0103ng \u0111o nhi\u1ec7t \u0111\u1ed9 ch\u00ednh x\u00e1c, \u1ed5n \u0111\u1ecbnh v\u00e0 \u0111\u1ed9 b\u1ec1n...\" \/>\n<meta property=\"og:url\" content=\"https:\/\/nge.vn\/en\/product\/day-cam-bien-nhiet-dien-tro-hotend-thermistor-cho-may-in-3d-creality-ender-3-s1-ntc100k\u03c9-3950k\/\" \/>\n<meta property=\"og:site_name\" content=\"NGE 3D Printers Services\" \/>\n<meta property=\"article:modified_time\" content=\"2025-08-02T02:39:12+00:00\" \/>\n<meta property=\"og:image\" content=\"https:\/\/nge.vn\/wp-content\/uploads\/2025\/08\/ezgif.com-gif-maker-3.png\" \/>\n\t<meta property=\"og:image:width\" content=\"1000\" \/>\n\t<meta property=\"og:image:height\" content=\"1000\" \/>\n\t<meta property=\"og:image:type\" content=\"image\/png\" \/>\n<meta name=\"twitter:card\" content=\"summary_large_image\" \/>\n<meta name=\"twitter:label1\" content=\"Est. reading time\" \/>\n\t<meta name=\"twitter:data1\" content=\"2 minutes\" \/>\n<script type=\"application\/ld+json\" class=\"yoast-schema-graph\">{\"@context\":\"https:\/\/schema.org\",\"@graph\":[{\"@type\":\"WebPage\",\"@id\":\"https:\/\/nge.vn\/san-pham\/day-cam-bien-nhiet-dien-tro-hotend-thermistor-cho-may-in-3d-creality-ender-3-s1-ntc100k%cf%89-3950k\/\",\"url\":\"https:\/\/nge.vn\/san-pham\/day-cam-bien-nhiet-dien-tro-hotend-thermistor-cho-may-in-3d-creality-ender-3-s1-ntc100k%cf%89-3950k\/\",\"name\":\"D\u00e2y c\u1ea3m bi\u1ebfn nhi\u1ec7t \u0111i\u1ec7n tr\u1edf Hotend Thermistor cho m\u00e1y in 3d Creality Ender 3 S1 NTC100K\u03a9 3950K - NGE 3D Printers Services\",\"isPartOf\":{\"@id\":\"https:\/\/nge.vn\/#website\"},\"primaryImageOfPage\":{\"@id\":\"https:\/\/nge.vn\/san-pham\/day-cam-bien-nhiet-dien-tro-hotend-thermistor-cho-may-in-3d-creality-ender-3-s1-ntc100k%cf%89-3950k\/#primaryimage\"},\"image\":{\"@id\":\"https:\/\/nge.vn\/san-pham\/day-cam-bien-nhiet-dien-tro-hotend-thermistor-cho-may-in-3d-creality-ender-3-s1-ntc100k%cf%89-3950k\/#primaryimage\"},\"thumbnailUrl\":\"https:\/\/nge.vn\/wp-content\/uploads\/2025\/08\/ezgif.com-gif-maker-3.png\",\"datePublished\":\"2025-08-02T02:39:11+00:00\",\"dateModified\":\"2025-08-02T02:39:12+00:00\",\"breadcrumb\":{\"@id\":\"https:\/\/nge.vn\/san-pham\/day-cam-bien-nhiet-dien-tro-hotend-thermistor-cho-may-in-3d-creality-ender-3-s1-ntc100k%cf%89-3950k\/#breadcrumb\"},\"inLanguage\":\"en-US\",\"potentialAction\":[{\"@type\":\"ReadAction\",\"target\":[\"https:\/\/nge.vn\/san-pham\/day-cam-bien-nhiet-dien-tro-hotend-thermistor-cho-may-in-3d-creality-ender-3-s1-ntc100k%cf%89-3950k\/\"]}]},{\"@type\":\"ImageObject\",\"inLanguage\":\"en-US\",\"@id\":\"https:\/\/nge.vn\/san-pham\/day-cam-bien-nhiet-dien-tro-hotend-thermistor-cho-may-in-3d-creality-ender-3-s1-ntc100k%cf%89-3950k\/#primaryimage\",\"url\":\"https:\/\/nge.vn\/wp-content\/uploads\/2025\/08\/ezgif.com-gif-maker-3.png\",\"contentUrl\":\"https:\/\/nge.vn\/wp-content\/uploads\/2025\/08\/ezgif.com-gif-maker-3.png\",\"width\":1000,\"height\":1000,\"caption\":\"D\u00e2y c\u1ea3m bi\u1ebfn nhi\u1ec7t \u0111i\u1ec7n tr\u1edf Hotend Thermistor cho m\u00e1y in 3d Creality Ender 3 S1 NTC100K\u03a9 3950K\"},{\"@type\":\"BreadcrumbList\",\"@id\":\"https:\/\/nge.vn\/san-pham\/day-cam-bien-nhiet-dien-tro-hotend-thermistor-cho-may-in-3d-creality-ender-3-s1-ntc100k%cf%89-3950k\/#breadcrumb\",\"itemListElement\":[{\"@type\":\"ListItem\",\"position\":1,\"name\":\"Trang ch\u1ee7\",\"item\":\"https:\/\/nge.vn\/\"},{\"@type\":\"ListItem\",\"position\":2,\"name\":\"S\u1ea3n ph\u1ea9m\",\"item\":\"https:\/\/nge.vn\/san-pham\/\"},{\"@type\":\"ListItem\",\"position\":3,\"name\":\"D\u00e2y c\u1ea3m bi\u1ebfn nhi\u1ec7t \u0111i\u1ec7n tr\u1edf Hotend Thermistor cho m\u00e1y in 3d Creality Ender 3 S1 NTC100K\u03a9 3950K\"}]},{\"@type\":\"WebSite\",\"@id\":\"https:\/\/nge.vn\/#website\",\"url\":\"https:\/\/nge.vn\/\",\"name\":\"NGE 3D Printers Services\",\"description\":\"\",\"potentialAction\":[{\"@type\":\"SearchAction\",\"target\":{\"@type\":\"EntryPoint\",\"urlTemplate\":\"https:\/\/nge.vn\/?s={search_term_string}\"},\"query-input\":{\"@type\":\"PropertyValueSpecification\",\"valueRequired\":true,\"valueName\":\"search_term_string\"}}],\"inLanguage\":\"en-US\"}]}<\/script>\n<!-- \/ Yoast SEO Premium plugin. -->","yoast_head_json":{"title":"D\u00e2y c\u1ea3m bi\u1ebfn nhi\u1ec7t \u0111i\u1ec7n tr\u1edf Hotend Thermistor cho m\u00e1y in 3d Creality Ender 3 S1 NTC100K\u03a9 3950K - NGE 3D Printers Services","robots":{"index":"index","follow":"follow","max-snippet":"max-snippet:-1","max-image-preview":"max-image-preview:large","max-video-preview":"max-video-preview:-1"},"canonical":"https:\/\/nge.vn\/en\/product\/day-cam-bien-nhiet-dien-tro-hotend-thermistor-cho-may-in-3d-creality-ender-3-s1-ntc100k\u03c9-3950k\/","og_locale":"en_US","og_type":"article","og_title":"D\u00e2y c\u1ea3m bi\u1ebfn nhi\u1ec7t \u0111i\u1ec7n tr\u1edf Hotend Thermistor cho m\u00e1y in 3d Creality Ender 3 S1 NTC100K\u03a9 3950K","og_description":"C\u1ea3m Bi\u1ebfn Nhi\u1ec7t \u0110i\u1ec7n Tr\u1edf Hotend Thermistor NTC100K\u03a9 3950K \u2013 D\u00e0nh Cho M\u00e1y In 3D Creality Ender 3 S1 \/ S1 Plus C\u1ea3m bi\u1ebfn nhi\u1ec7t chuy\u00ean d\u1ee5ng cho kh\u1ed1i gia nhi\u1ec7t \u0111\u1ea7u \u0111\u00f9n Sprite c\u1ee7a d\u00f2ng Creality Ender 3 S1 \u2013 \u0111\u1ea3m b\u1ea3o kh\u1ea3 n\u0103ng \u0111o nhi\u1ec7t \u0111\u1ed9 ch\u00ednh x\u00e1c, \u1ed5n \u0111\u1ecbnh v\u00e0 \u0111\u1ed9 b\u1ec1n...","og_url":"https:\/\/nge.vn\/en\/product\/day-cam-bien-nhiet-dien-tro-hotend-thermistor-cho-may-in-3d-creality-ender-3-s1-ntc100k\u03c9-3950k\/","og_site_name":"NGE 3D Printers Services","article_modified_time":"2025-08-02T02:39:12+00:00","og_image":[{"width":1000,"height":1000,"url":"https:\/\/nge.vn\/wp-content\/uploads\/2025\/08\/ezgif.com-gif-maker-3.png","type":"image\/png"}],"twitter_card":"summary_large_image","twitter_misc":{"Est. reading time":"2 minutes"},"schema":{"@context":"https:\/\/schema.org","@graph":[{"@type":"WebPage","@id":"https:\/\/nge.vn\/san-pham\/day-cam-bien-nhiet-dien-tro-hotend-thermistor-cho-may-in-3d-creality-ender-3-s1-ntc100k%cf%89-3950k\/","url":"https:\/\/nge.vn\/san-pham\/day-cam-bien-nhiet-dien-tro-hotend-thermistor-cho-may-in-3d-creality-ender-3-s1-ntc100k%cf%89-3950k\/","name":"D\u00e2y c\u1ea3m bi\u1ebfn nhi\u1ec7t \u0111i\u1ec7n tr\u1edf Hotend Thermistor cho m\u00e1y in 3d Creality Ender 3 S1 NTC100K\u03a9 3950K - NGE 3D Printers Services","isPartOf":{"@id":"https:\/\/nge.vn\/#website"},"primaryImageOfPage":{"@id":"https:\/\/nge.vn\/san-pham\/day-cam-bien-nhiet-dien-tro-hotend-thermistor-cho-may-in-3d-creality-ender-3-s1-ntc100k%cf%89-3950k\/#primaryimage"},"image":{"@id":"https:\/\/nge.vn\/san-pham\/day-cam-bien-nhiet-dien-tro-hotend-thermistor-cho-may-in-3d-creality-ender-3-s1-ntc100k%cf%89-3950k\/#primaryimage"},"thumbnailUrl":"https:\/\/nge.vn\/wp-content\/uploads\/2025\/08\/ezgif.com-gif-maker-3.png","datePublished":"2025-08-02T02:39:11+00:00","dateModified":"2025-08-02T02:39:12+00:00","breadcrumb":{"@id":"https:\/\/nge.vn\/san-pham\/day-cam-bien-nhiet-dien-tro-hotend-thermistor-cho-may-in-3d-creality-ender-3-s1-ntc100k%cf%89-3950k\/#breadcrumb"},"inLanguage":"en-US","potentialAction":[{"@type":"ReadAction","target":["https:\/\/nge.vn\/san-pham\/day-cam-bien-nhiet-dien-tro-hotend-thermistor-cho-may-in-3d-creality-ender-3-s1-ntc100k%cf%89-3950k\/"]}]},{"@type":"ImageObject","inLanguage":"en-US","@id":"https:\/\/nge.vn\/san-pham\/day-cam-bien-nhiet-dien-tro-hotend-thermistor-cho-may-in-3d-creality-ender-3-s1-ntc100k%cf%89-3950k\/#primaryimage","url":"https:\/\/nge.vn\/wp-content\/uploads\/2025\/08\/ezgif.com-gif-maker-3.png","contentUrl":"https:\/\/nge.vn\/wp-content\/uploads\/2025\/08\/ezgif.com-gif-maker-3.png","width":1000,"height":1000,"caption":"D\u00e2y c\u1ea3m bi\u1ebfn nhi\u1ec7t \u0111i\u1ec7n tr\u1edf Hotend Thermistor cho m\u00e1y in 3d Creality Ender 3 S1 NTC100K\u03a9 3950K"},{"@type":"BreadcrumbList","@id":"https:\/\/nge.vn\/san-pham\/day-cam-bien-nhiet-dien-tro-hotend-thermistor-cho-may-in-3d-creality-ender-3-s1-ntc100k%cf%89-3950k\/#breadcrumb","itemListElement":[{"@type":"ListItem","position":1,"name":"Trang ch\u1ee7","item":"https:\/\/nge.vn\/"},{"@type":"ListItem","position":2,"name":"S\u1ea3n ph\u1ea9m","item":"https:\/\/nge.vn\/san-pham\/"},{"@type":"ListItem","position":3,"name":"D\u00e2y c\u1ea3m bi\u1ebfn nhi\u1ec7t \u0111i\u1ec7n tr\u1edf Hotend Thermistor cho m\u00e1y in 3d Creality Ender 3 S1 NTC100K\u03a9 3950K"}]},{"@type":"WebSite","@id":"https:\/\/nge.vn\/#website","url":"https:\/\/nge.vn\/","name":"NGE 3D Printers Services","description":"","potentialAction":[{"@type":"SearchAction","target":{"@type":"EntryPoint","urlTemplate":"https:\/\/nge.vn\/?s={search_term_string}"},"query-input":{"@type":"PropertyValueSpecification","valueRequired":true,"valueName":"search_term_string"}}],"inLanguage":"en-US"}]}},"_links":{"self":[{"href":"https:\/\/nge.vn\/en\/wp-json\/wp\/v2\/product\/5994","targetHints":{"allow":["GET"]}}],"collection":[{"href":"https:\/\/nge.vn\/en\/wp-json\/wp\/v2\/product"}],"about":[{"href":"https:\/\/nge.vn\/en\/wp-json\/wp\/v2\/types\/product"}],"replies":[{"embeddable":true,"href":"https:\/\/nge.vn\/en\/wp-json\/wp\/v2\/comments?post=5994"}],"wp:featuredmedia":[{"embeddable":true,"href":"https:\/\/nge.vn\/en\/wp-json\/wp\/v2\/media\/6081"}],"wp:attachment":[{"href":"https:\/\/nge.vn\/en\/wp-json\/wp\/v2\/media?parent=5994"}],"wp:term":[{"taxonomy":"product_brand","embeddable":true,"href":"https:\/\/nge.vn\/en\/wp-json\/wp\/v2\/product_brand?post=5994"},{"taxonomy":"product_cat","embeddable":true,"href":"https:\/\/nge.vn\/en\/wp-json\/wp\/v2\/product_cat?post=5994"},{"taxonomy":"product_tag","embeddable":true,"href":"https:\/\/nge.vn\/en\/wp-json\/wp\/v2\/product_tag?post=5994"}],"curies":[{"name":"wp","href":"https:\/\/api.w.org\/{rel}","templated":true}]}}