{"id":5986,"date":"2025-08-01T15:36:20","date_gmt":"2025-08-01T08:36:20","guid":{"rendered":"https:\/\/nge.vn\/?post_type=product&#038;p=5986"},"modified":"2025-08-01T15:36:21","modified_gmt":"2025-08-01T08:36:21","slug":"k1-series-cfs-upgrade-accessory-kit-bo-nang-cap-nhieu-mau","status":"publish","type":"product","link":"https:\/\/nge.vn\/en\/product\/k1-series-cfs-upgrade-accessory-kit-bo-nang-cap-nhieu-mau\/","title":{"rendered":"K1 Series CFS upgrade accessory kit B\u1ed9 n\u00e2ng c\u1ea5p nhi\u1ec1u m\u00e0u cho d\u00f2ng m\u00e1y K1"},"content":{"rendered":"<h3 data-start=\"151\" data-end=\"224\"><strong data-start=\"155\" data-end=\"224\">B\u1ed9 N\u00e2ng C\u1ea5p CFS In 3D Nhi\u1ec1u M\u00e0u Cho K1 Series \u2013 CFS Upgrade Accessory Kit<\/strong><\/h3>\n<p data-start=\"226\" data-end=\"455\">Bi\u1ebfn chi\u1ebfc m\u00e1y in K1 c\u1ee7a b\u1ea1n th\u00e0nh <strong data-start=\"261\" data-end=\"298\">c\u1ed7 m\u00e1y in nhi\u1ec1u m\u00e0u chuy\u00ean nghi\u1ec7p<\/strong> v\u1edbi <strong data-start=\"303\" data-end=\"345\">b\u1ed9 n\u00e2ng c\u1ea5p CFS ch\u00ednh h\u00e3ng t\u1eeb Creality<\/strong>. H\u1ed7 tr\u1ee3 \u0111\u1ebfn 16 m\u00e0u nh\u1edd kh\u1ea3 n\u0103ng m\u1edf r\u1ed9ng \u2013 ho\u00e0n h\u1ea3o cho nh\u1eefng ai mu\u1ed1n \u0111\u1ed9t ph\u00e1 s\u00e1ng t\u1ea1o v\u00e0 m\u00e0u s\u1eafc trong in 3D!<\/p>\n<hr data-start=\"457\" data-end=\"460\" \/>\n<h3 data-start=\"462\" data-end=\"489\"><strong data-start=\"466\" data-end=\"487\">T\u00ednh n\u0103ng n\u1ed5i b\u1eadt<\/strong><\/h3>\n<p data-start=\"490\" data-end=\"848\">\u2705 <strong data-start=\"492\" data-end=\"526\">In 3D nhi\u1ec1u m\u00e0u l\u00ean \u0111\u1ebfn 16 m\u00e0u<\/strong> (4 khe CFS x 4 b\u1ed9)<br data-start=\"545\" data-end=\"548\" \/>\u2705 <strong data-start=\"550\" data-end=\"606\">T\u01b0\u01a1ng th\u00edch c\u00e1c d\u00f2ng Creality K1, K1C, K1 SE, K1 Max<\/strong><br data-start=\"606\" data-end=\"609\" \/>\u2705 <strong data-start=\"611\" data-end=\"670\">M\u00e1y \u0111\u00f9n chuy\u00ean d\u1ee5ng t\u00edch h\u1ee3p c\u1ea3m bi\u1ebfn d\u00e2y t\u00f3c &amp; dao c\u1eaft<\/strong><br data-start=\"670\" data-end=\"673\" \/>\u2705 <strong data-start=\"722\" data-end=\"767\">C\u1eadp nh\u1eadt firmware OTA sau l\u1ea7n \u0111\u1ea7u qua USB<\/strong><br data-start=\"767\" data-end=\"770\" \/>\u2705 <strong data-start=\"772\" data-end=\"848\">H\u1ed7 tr\u1ee3 ph\u1ea7n m\u1ec1m Creality Print 5.1+ v\u00e0 \u0111i\u1ec1u khi\u1ec3n qua Creality Cloud App<\/strong><\/p>\n<hr data-start=\"850\" data-end=\"853\" \/>\n<h3 data-start=\"855\" data-end=\"882\"><strong data-start=\"859\" data-end=\"880\">Th\u00f4ng s\u1ed1 k\u1ef9 thu\u1eadt<\/strong><\/h3>\n<ul data-start=\"883\" data-end=\"1333\">\n<li data-start=\"883\" data-end=\"916\">\n<p data-start=\"885\" data-end=\"916\">\u0110i\u1ec7n \u00e1p \u0111\u1ecbnh m\u1ee9c: AC 100\u2013240V<\/p>\n<\/li>\n<li data-start=\"917\" data-end=\"951\">\n<p data-start=\"919\" data-end=\"951\">C\u00f4ng su\u1ea5t: 42W (adapter ngo\u00e0i)<\/p>\n<\/li>\n<li data-start=\"952\" data-end=\"981\">\n<p data-start=\"954\" data-end=\"981\">Ti\u00eau chu\u1ea9n adapter: EU\/US<\/p>\n<\/li>\n<li data-start=\"982\" data-end=\"1005\">\n<p data-start=\"984\" data-end=\"1005\">K\u1ebft n\u1ed1i: USB to 485<\/p>\n<\/li>\n<li data-start=\"1006\" data-end=\"1049\">\n<p data-start=\"1008\" data-end=\"1049\">\u0110i\u1ec1u khi\u1ec3n: Qua m\u00e0n h\u00ecnh c\u1ea3m \u1ee9ng m\u00e1y in<\/p>\n<\/li>\n<li data-start=\"1050\" data-end=\"1093\">\n<p data-start=\"1052\" data-end=\"1093\">H\u1ec7 \u0111i\u1ec1u h\u00e0nh: C\u1eadp nh\u1eadt UI h\u1ed7 tr\u1ee3 \u0111a m\u00e0u<\/p>\n<\/li>\n<li data-start=\"1094\" data-end=\"1161\">\n<p data-start=\"1096\" data-end=\"1161\">T\u01b0\u01a1ng th\u00edch: Creality K1 \/ K1C \/ K1 SE \/ K1 Max (<em data-start=\"1145\" data-end=\"1158\">\u0111\u1ea7u \u0111\u00f9n d\u00e0i<\/em>)<\/p>\n<\/li>\n<li data-start=\"1162\" data-end=\"1193\">\n<p data-start=\"1164\" data-end=\"1193\">Ph\u01b0\u01a1ng ph\u00e1p in: Wi-Fi \/ LAN<\/p>\n<\/li>\n<li data-start=\"1194\" data-end=\"1238\">\n<p data-start=\"1196\" data-end=\"1238\">Ph\u1ea7n m\u1ec1m c\u1eaft: Creality Print 5.1 tr\u1edf l\u00ean<\/p>\n<\/li>\n<li data-start=\"1239\" data-end=\"1333\">\n<p data-start=\"1241\" data-end=\"1333\">App \u0111i\u1ec1u khi\u1ec3n: Creality Cloud (H\u1ed7 tr\u1ee3 G-code \u0111a m\u00e0u \u2013 ch\u01b0a h\u1ed7 tr\u1ee3 c\u1eaft file cloud nhi\u1ec1u m\u00e0u)<\/p>\n<\/li>\n<\/ul>\n<hr data-start=\"1335\" data-end=\"1338\" \/>\n<p data-start=\"1340\" data-end=\"1436\"><strong data-start=\"1340\" data-end=\"1350\">L\u01b0u \u00fd:<\/strong><\/p>\n<p data-start=\"1340\" data-end=\"1436\">\u2757 <em data-start=\"1355\" data-end=\"1436\">Ch\u1ec9 t\u01b0\u01a1ng th\u00edch v\u1edbi \u0111\u1ea7u \u0111\u00f9n d\u00e0i \u2013 kh\u00f4ng ph\u00f9 h\u1ee3p v\u1edbi \u0111\u1ea7u \u0111\u00f9n ng\u1eafn (phi\u00ean b\u1ea3n c\u0169)<\/em><\/p>\n<p>&nbsp;<\/p>\n<blockquote class=\"wp-embedded-content\" data-secret=\"elNfO9XjW9\"><p><a href=\"https:\/\/nge.vn\/en\/product\/may-in-3d-creality-k1c-chuyen-in-soi-carbon-toc-do-max-600mm-s-prinitng-size-222225cm\/\">Creality K1C 3D printer specializes in printing Carbon fiber with a maximum speed of 600mm\/s, printing size 22*22*25cm<\/a><\/p><\/blockquote>\n<p><iframe loading=\"lazy\" class=\"wp-embedded-content\" sandbox=\"allow-scripts\" security=\"restricted\" style=\"position: absolute; visibility: hidden;\" title=\"&#8220;M\u00e1y in 3d Creality K1C chuy\u00ean in s\u1ee3i Carbon t\u1ed1c \u0111\u1ed9 max 600mm\/s prinitng size 22*22*25cm&#8221; &#8212; NGE 3D Printers Services\" src=\"https:\/\/nge.vn\/san-pham\/may-in-3d-creality-k1c-chuyen-in-soi-carbon-toc-do-max-600mm-s-prinitng-size-222225cm\/embed\/#?secret=dZpBWbvq5O#?secret=elNfO9XjW9\" data-secret=\"elNfO9XjW9\" width=\"600\" height=\"338\" frameborder=\"0\" marginwidth=\"0\" marginheight=\"0\" scrolling=\"no\"><\/iframe><\/p>\n<p data-start=\"1340\" data-end=\"1436\">_\u0110\u00e2y l\u00e0 c\u00e1c trang b\u00e1n h\u00e0ng b\u00ean m\u00ecnh NGE 3D Printer Services chuy\u00ean cung c\u1ea5p Nh\u1ef1a in 3D v\u00e0 M\u00e1y in 3D c\u1ee7a H\u00e3ng ESUN, Flsun, BIQU, Creality, eMake3d&#8230;<br \/>\n\ud83d\uded2Shopee =&gt; https:\/\/shopee.vn\/nge3dprinter<br \/>\n\ud83d\uded2Shopee =&gt; https:\/\/shopee.vn\/nge3dservices<br \/>\n\ud83d\uded2Shopee Voron v\u00e0 eMake3D =&gt; https:\/\/shopee.vn\/3dmasterpower<br \/>\n\ud83d\uded2Shopee eMake3D =&gt; https:\/\/shopee.vn\/nge3dprinting<br \/>\n\ud83d\uded2Lazada =&gt; https:\/\/www.lazada.vn\/shop\/nge-3d-printer<br \/>\n\ud83d\uded2Lazada =&gt; https:\/\/www.lazada.vn\/shop\/nge-3d-printer-services<br \/>\n\ud83d\uded2Lazada =&gt; https:\/\/www.lazada.vn\/shop\/emake3d-vn<br \/>\n\ud83d\uded2Webslite Th\u1ebf H\u1ec7 K\u1ebf Ti\u1ebfp =&gt;https:\/\/www.theheketiep.com\/<br \/>\n\ud83d\uded2Webslite NGE.VN =&gt;https:\/\/www.nge.vn\/<br \/>\nHo\u1eb7c b\u1ea1n g\u1ecdi 094.144.0951 g\u1eb7p m\u00ecnh<br \/>\nHo\u1eb7c 0913939775 g\u1eb7p anh Qu\u00e2n<br \/>\n** Price does not include VAT (+8 or 10% if VAT invoice is issued)<\/p>","protected":false},"excerpt":{"rendered":"<p>B\u1ed9 n\u00e2ng c\u1ea5p CFS in 3D nhi\u1ec1u m\u00e0u ch\u00ednh h\u00e3ng cho d\u00f2ng m\u00e1y K1 Series \u2013 h\u1ed7 tr\u1ee3 t\u1edbi 16 m\u00e0u, k\u1ebft n\u1ed1i t\u1ef1 \u0111\u1ed9ng, k\u1ebft n\u1ed1i nhanh v\u1edbi CFS.<\/p>","protected":false},"featured_media":5987,"comment_status":"open","ping_status":"closed","template":"","meta":{"inline_featured_image":false},"product_brand":[],"product_cat":[40,56],"product_tag":[],"class_list":{"0":"post-5986","1":"product","2":"type-product","3":"status-publish","4":"has-post-thumbnail","6":"product_cat-linh-kien-va-phu-kien","7":"product_cat-linh-phu-kien-may-in-3d-creality","9":"first","10":"instock","11":"taxable","12":"shipping-taxable","13":"purchasable","14":"product-type-simple"},"yoast_head":"<!-- This site is optimized with the Yoast SEO Premium plugin v22.8 (Yoast SEO v26.9) - https:\/\/yoast.com\/product\/yoast-seo-premium-wordpress\/ -->\n<title>K1 Series CFS upgrade accessory kit B\u1ed9 n\u00e2ng c\u1ea5p nhi\u1ec1u m\u00e0u cho d\u00f2ng m\u00e1y K1 - NGE 3D Printers Services<\/title>\n<meta name=\"description\" content=\"B\u1ed9 n\u00e2ng c\u1ea5p CFS in 3D nhi\u1ec1u m\u00e0u ch\u00ednh h\u00e3ng cho d\u00f2ng m\u00e1y K1 Series \u2013 h\u1ed7 tr\u1ee3 t\u1edbi 16 m\u00e0u, k\u1ebft n\u1ed1i t\u1ef1 \u0111\u1ed9ng, h\u1ed7 tr\u1ee3 ph\u1ea7n m\u1ec1m Creality Print v\u00e0 Cloud App.\" \/>\n<meta name=\"robots\" content=\"index, follow, max-snippet:-1, max-image-preview:large, max-video-preview:-1\" \/>\n<link rel=\"canonical\" href=\"https:\/\/nge.vn\/en\/product\/k1-series-cfs-upgrade-accessory-kit-bo-nang-cap-nhieu-mau\/\" \/>\n<meta property=\"og:locale\" content=\"en_US\" \/>\n<meta property=\"og:type\" content=\"article\" \/>\n<meta property=\"og:title\" content=\"K1 Series CFS upgrade accessory kit B\u1ed9 n\u00e2ng c\u1ea5p nhi\u1ec1u m\u00e0u cho d\u00f2ng m\u00e1y K1\" \/>\n<meta property=\"og:description\" content=\"B\u1ed9 n\u00e2ng c\u1ea5p CFS in 3D nhi\u1ec1u m\u00e0u ch\u00ednh h\u00e3ng cho d\u00f2ng m\u00e1y K1 Series \u2013 h\u1ed7 tr\u1ee3 t\u1edbi 16 m\u00e0u, k\u1ebft n\u1ed1i t\u1ef1 \u0111\u1ed9ng, h\u1ed7 tr\u1ee3 ph\u1ea7n m\u1ec1m Creality Print v\u00e0 Cloud App.\" \/>\n<meta property=\"og:url\" content=\"https:\/\/nge.vn\/en\/product\/k1-series-cfs-upgrade-accessory-kit-bo-nang-cap-nhieu-mau\/\" \/>\n<meta property=\"og:site_name\" content=\"NGE 3D Printers Services\" \/>\n<meta property=\"article:modified_time\" content=\"2025-08-01T08:36:21+00:00\" \/>\n<meta property=\"og:image\" content=\"https:\/\/nge.vn\/wp-content\/uploads\/2025\/08\/vn-11134207-7ra0g-ma2nv7wmu6my15_tn.jpeg\" \/>\n\t<meta property=\"og:image:width\" content=\"320\" \/>\n\t<meta property=\"og:image:height\" content=\"320\" \/>\n\t<meta property=\"og:image:type\" content=\"image\/jpeg\" \/>\n<meta name=\"twitter:card\" content=\"summary_large_image\" \/>\n<meta name=\"twitter:label1\" content=\"Est. reading time\" \/>\n\t<meta name=\"twitter:data1\" content=\"3 minutes\" \/>\n<script type=\"application\/ld+json\" class=\"yoast-schema-graph\">{\"@context\":\"https:\/\/schema.org\",\"@graph\":[{\"@type\":\"WebPage\",\"@id\":\"https:\/\/nge.vn\/san-pham\/k1-series-cfs-upgrade-accessory-kit-bo-nang-cap-nhieu-mau\/\",\"url\":\"https:\/\/nge.vn\/san-pham\/k1-series-cfs-upgrade-accessory-kit-bo-nang-cap-nhieu-mau\/\",\"name\":\"K1 Series CFS upgrade accessory kit B\u1ed9 n\u00e2ng c\u1ea5p nhi\u1ec1u m\u00e0u cho d\u00f2ng m\u00e1y K1 - NGE 3D Printers Services\",\"isPartOf\":{\"@id\":\"https:\/\/nge.vn\/#website\"},\"primaryImageOfPage\":{\"@id\":\"https:\/\/nge.vn\/san-pham\/k1-series-cfs-upgrade-accessory-kit-bo-nang-cap-nhieu-mau\/#primaryimage\"},\"image\":{\"@id\":\"https:\/\/nge.vn\/san-pham\/k1-series-cfs-upgrade-accessory-kit-bo-nang-cap-nhieu-mau\/#primaryimage\"},\"thumbnailUrl\":\"https:\/\/nge.vn\/wp-content\/uploads\/2025\/08\/vn-11134207-7ra0g-ma2nv7wmu6my15_tn.jpeg\",\"datePublished\":\"2025-08-01T08:36:20+00:00\",\"dateModified\":\"2025-08-01T08:36:21+00:00\",\"description\":\"B\u1ed9 n\u00e2ng c\u1ea5p CFS in 3D nhi\u1ec1u m\u00e0u ch\u00ednh h\u00e3ng cho d\u00f2ng m\u00e1y K1 Series \u2013 h\u1ed7 tr\u1ee3 t\u1edbi 16 m\u00e0u, k\u1ebft n\u1ed1i t\u1ef1 \u0111\u1ed9ng, h\u1ed7 tr\u1ee3 ph\u1ea7n m\u1ec1m Creality Print v\u00e0 Cloud App.\",\"breadcrumb\":{\"@id\":\"https:\/\/nge.vn\/san-pham\/k1-series-cfs-upgrade-accessory-kit-bo-nang-cap-nhieu-mau\/#breadcrumb\"},\"inLanguage\":\"en-US\",\"potentialAction\":[{\"@type\":\"ReadAction\",\"target\":[\"https:\/\/nge.vn\/san-pham\/k1-series-cfs-upgrade-accessory-kit-bo-nang-cap-nhieu-mau\/\"]}]},{\"@type\":\"ImageObject\",\"inLanguage\":\"en-US\",\"@id\":\"https:\/\/nge.vn\/san-pham\/k1-series-cfs-upgrade-accessory-kit-bo-nang-cap-nhieu-mau\/#primaryimage\",\"url\":\"https:\/\/nge.vn\/wp-content\/uploads\/2025\/08\/vn-11134207-7ra0g-ma2nv7wmu6my15_tn.jpeg\",\"contentUrl\":\"https:\/\/nge.vn\/wp-content\/uploads\/2025\/08\/vn-11134207-7ra0g-ma2nv7wmu6my15_tn.jpeg\",\"width\":320,\"height\":320,\"caption\":\"CFS Upgrade Kit\"},{\"@type\":\"BreadcrumbList\",\"@id\":\"https:\/\/nge.vn\/san-pham\/k1-series-cfs-upgrade-accessory-kit-bo-nang-cap-nhieu-mau\/#breadcrumb\",\"itemListElement\":[{\"@type\":\"ListItem\",\"position\":1,\"name\":\"Trang ch\u1ee7\",\"item\":\"https:\/\/nge.vn\/\"},{\"@type\":\"ListItem\",\"position\":2,\"name\":\"S\u1ea3n ph\u1ea9m\",\"item\":\"https:\/\/nge.vn\/san-pham\/\"},{\"@type\":\"ListItem\",\"position\":3,\"name\":\"K1 Series CFS upgrade accessory kit B\u1ed9 n\u00e2ng c\u1ea5p nhi\u1ec1u m\u00e0u cho d\u00f2ng m\u00e1y K1\"}]},{\"@type\":\"WebSite\",\"@id\":\"https:\/\/nge.vn\/#website\",\"url\":\"https:\/\/nge.vn\/\",\"name\":\"NGE 3D Printers Services\",\"description\":\"\",\"potentialAction\":[{\"@type\":\"SearchAction\",\"target\":{\"@type\":\"EntryPoint\",\"urlTemplate\":\"https:\/\/nge.vn\/?s={search_term_string}\"},\"query-input\":{\"@type\":\"PropertyValueSpecification\",\"valueRequired\":true,\"valueName\":\"search_term_string\"}}],\"inLanguage\":\"en-US\"}]}<\/script>\n<!-- \/ Yoast SEO Premium plugin. -->","yoast_head_json":{"title":"K1 Series CFS upgrade accessory kit B\u1ed9 n\u00e2ng c\u1ea5p nhi\u1ec1u m\u00e0u cho d\u00f2ng m\u00e1y K1 - NGE 3D Printers Services","description":"B\u1ed9 n\u00e2ng c\u1ea5p CFS in 3D nhi\u1ec1u m\u00e0u ch\u00ednh h\u00e3ng cho d\u00f2ng m\u00e1y K1 Series \u2013 h\u1ed7 tr\u1ee3 t\u1edbi 16 m\u00e0u, k\u1ebft n\u1ed1i t\u1ef1 \u0111\u1ed9ng, h\u1ed7 tr\u1ee3 ph\u1ea7n m\u1ec1m Creality Print v\u00e0 Cloud App.","robots":{"index":"index","follow":"follow","max-snippet":"max-snippet:-1","max-image-preview":"max-image-preview:large","max-video-preview":"max-video-preview:-1"},"canonical":"https:\/\/nge.vn\/en\/product\/k1-series-cfs-upgrade-accessory-kit-bo-nang-cap-nhieu-mau\/","og_locale":"en_US","og_type":"article","og_title":"K1 Series CFS upgrade accessory kit B\u1ed9 n\u00e2ng c\u1ea5p nhi\u1ec1u m\u00e0u cho d\u00f2ng m\u00e1y K1","og_description":"B\u1ed9 n\u00e2ng c\u1ea5p CFS in 3D nhi\u1ec1u m\u00e0u ch\u00ednh h\u00e3ng cho d\u00f2ng m\u00e1y K1 Series \u2013 h\u1ed7 tr\u1ee3 t\u1edbi 16 m\u00e0u, k\u1ebft n\u1ed1i t\u1ef1 \u0111\u1ed9ng, h\u1ed7 tr\u1ee3 ph\u1ea7n m\u1ec1m Creality Print v\u00e0 Cloud App.","og_url":"https:\/\/nge.vn\/en\/product\/k1-series-cfs-upgrade-accessory-kit-bo-nang-cap-nhieu-mau\/","og_site_name":"NGE 3D Printers Services","article_modified_time":"2025-08-01T08:36:21+00:00","og_image":[{"width":320,"height":320,"url":"https:\/\/nge.vn\/wp-content\/uploads\/2025\/08\/vn-11134207-7ra0g-ma2nv7wmu6my15_tn.jpeg","type":"image\/jpeg"}],"twitter_card":"summary_large_image","twitter_misc":{"Est. reading time":"3 minutes"},"schema":{"@context":"https:\/\/schema.org","@graph":[{"@type":"WebPage","@id":"https:\/\/nge.vn\/san-pham\/k1-series-cfs-upgrade-accessory-kit-bo-nang-cap-nhieu-mau\/","url":"https:\/\/nge.vn\/san-pham\/k1-series-cfs-upgrade-accessory-kit-bo-nang-cap-nhieu-mau\/","name":"K1 Series CFS upgrade accessory kit B\u1ed9 n\u00e2ng c\u1ea5p nhi\u1ec1u m\u00e0u cho d\u00f2ng m\u00e1y K1 - NGE 3D Printers Services","isPartOf":{"@id":"https:\/\/nge.vn\/#website"},"primaryImageOfPage":{"@id":"https:\/\/nge.vn\/san-pham\/k1-series-cfs-upgrade-accessory-kit-bo-nang-cap-nhieu-mau\/#primaryimage"},"image":{"@id":"https:\/\/nge.vn\/san-pham\/k1-series-cfs-upgrade-accessory-kit-bo-nang-cap-nhieu-mau\/#primaryimage"},"thumbnailUrl":"https:\/\/nge.vn\/wp-content\/uploads\/2025\/08\/vn-11134207-7ra0g-ma2nv7wmu6my15_tn.jpeg","datePublished":"2025-08-01T08:36:20+00:00","dateModified":"2025-08-01T08:36:21+00:00","description":"B\u1ed9 n\u00e2ng c\u1ea5p CFS in 3D nhi\u1ec1u m\u00e0u ch\u00ednh h\u00e3ng cho d\u00f2ng m\u00e1y K1 Series \u2013 h\u1ed7 tr\u1ee3 t\u1edbi 16 m\u00e0u, k\u1ebft n\u1ed1i t\u1ef1 \u0111\u1ed9ng, h\u1ed7 tr\u1ee3 ph\u1ea7n m\u1ec1m Creality Print v\u00e0 Cloud App.","breadcrumb":{"@id":"https:\/\/nge.vn\/san-pham\/k1-series-cfs-upgrade-accessory-kit-bo-nang-cap-nhieu-mau\/#breadcrumb"},"inLanguage":"en-US","potentialAction":[{"@type":"ReadAction","target":["https:\/\/nge.vn\/san-pham\/k1-series-cfs-upgrade-accessory-kit-bo-nang-cap-nhieu-mau\/"]}]},{"@type":"ImageObject","inLanguage":"en-US","@id":"https:\/\/nge.vn\/san-pham\/k1-series-cfs-upgrade-accessory-kit-bo-nang-cap-nhieu-mau\/#primaryimage","url":"https:\/\/nge.vn\/wp-content\/uploads\/2025\/08\/vn-11134207-7ra0g-ma2nv7wmu6my15_tn.jpeg","contentUrl":"https:\/\/nge.vn\/wp-content\/uploads\/2025\/08\/vn-11134207-7ra0g-ma2nv7wmu6my15_tn.jpeg","width":320,"height":320,"caption":"CFS Upgrade Kit"},{"@type":"BreadcrumbList","@id":"https:\/\/nge.vn\/san-pham\/k1-series-cfs-upgrade-accessory-kit-bo-nang-cap-nhieu-mau\/#breadcrumb","itemListElement":[{"@type":"ListItem","position":1,"name":"Trang ch\u1ee7","item":"https:\/\/nge.vn\/"},{"@type":"ListItem","position":2,"name":"S\u1ea3n ph\u1ea9m","item":"https:\/\/nge.vn\/san-pham\/"},{"@type":"ListItem","position":3,"name":"K1 Series CFS upgrade accessory kit B\u1ed9 n\u00e2ng c\u1ea5p nhi\u1ec1u m\u00e0u cho d\u00f2ng m\u00e1y K1"}]},{"@type":"WebSite","@id":"https:\/\/nge.vn\/#website","url":"https:\/\/nge.vn\/","name":"NGE 3D Printers Services","description":"","potentialAction":[{"@type":"SearchAction","target":{"@type":"EntryPoint","urlTemplate":"https:\/\/nge.vn\/?s={search_term_string}"},"query-input":{"@type":"PropertyValueSpecification","valueRequired":true,"valueName":"search_term_string"}}],"inLanguage":"en-US"}]}},"_links":{"self":[{"href":"https:\/\/nge.vn\/en\/wp-json\/wp\/v2\/product\/5986","targetHints":{"allow":["GET"]}}],"collection":[{"href":"https:\/\/nge.vn\/en\/wp-json\/wp\/v2\/product"}],"about":[{"href":"https:\/\/nge.vn\/en\/wp-json\/wp\/v2\/types\/product"}],"replies":[{"embeddable":true,"href":"https:\/\/nge.vn\/en\/wp-json\/wp\/v2\/comments?post=5986"}],"wp:featuredmedia":[{"embeddable":true,"href":"https:\/\/nge.vn\/en\/wp-json\/wp\/v2\/media\/5987"}],"wp:attachment":[{"href":"https:\/\/nge.vn\/en\/wp-json\/wp\/v2\/media?parent=5986"}],"wp:term":[{"taxonomy":"product_brand","embeddable":true,"href":"https:\/\/nge.vn\/en\/wp-json\/wp\/v2\/product_brand?post=5986"},{"taxonomy":"product_cat","embeddable":true,"href":"https:\/\/nge.vn\/en\/wp-json\/wp\/v2\/product_cat?post=5986"},{"taxonomy":"product_tag","embeddable":true,"href":"https:\/\/nge.vn\/en\/wp-json\/wp\/v2\/product_tag?post=5986"}],"curies":[{"name":"wp","href":"https:\/\/api.w.org\/{rel}","templated":true}]}}