{"id":5948,"date":"2025-08-01T12:52:19","date_gmt":"2025-08-01T05:52:19","guid":{"rendered":"https:\/\/nge.vn\/?post_type=product&#038;p=5948"},"modified":"2025-08-01T13:00:15","modified_gmt":"2025-08-01T06:00:15","slug":"nhua-resin-duc-nu-trang-esun-castable-resin-for-jewelry-mau-green","status":"publish","type":"product","link":"https:\/\/nge.vn\/en\/product\/nhua-resin-duc-nu-trang-esun-castable-resin-for-jewelry-mau-green\/","title":{"rendered":"Nh\u1ef1a resin \u0111\u00fac n\u1eef trang ESUN Castable resin for Jewelry (Green)"},"content":{"rendered":"<h3 data-start=\"146\" data-end=\"216\"><strong data-start=\"150\" data-end=\"214\">Nh\u1ef1a in 3D eSUN Castable Resin for Jewelry \u2013 M\u00e0u Green (1kg)<\/strong><\/h3>\n<p data-start=\"217\" data-end=\"329\"><strong data-start=\"217\" data-end=\"329\">Nh\u1ef1a \u0111\u00fac chuy\u00ean d\u1ee5ng cho n\u1eef trang, \u0111\u1ed9 n\u00e9t cao, b\u1ec1 m\u1eb7t nh\u1eb5n m\u1ecbn, tro ch\u00e1y th\u1ea5p \u2013 ho\u00e0n h\u1ea3o cho \u0111\u00fac s\u00e1p b\u1ecb m\u1ea5t.<\/strong><\/p>\n<h4 data-start=\"331\" data-end=\"359\"><strong data-start=\"336\" data-end=\"357\">T\u00ednh n\u0103ng n\u1ed5i b\u1eadt<\/strong><\/h4>\n<ul data-start=\"360\" data-end=\"752\">\n<li data-start=\"360\" data-end=\"418\">\n<p data-start=\"362\" data-end=\"418\">\u0110\u1ed9 chi ti\u1ebft cao, ph\u00f9 h\u1ee3p v\u1edbi c\u00e1c m\u1eabu n\u1eef trang tinh x\u1ea3o<\/p>\n<\/li>\n<li data-start=\"419\" data-end=\"485\">\n<p data-start=\"421\" data-end=\"485\">H\u00e0m l\u01b0\u1ee3ng s\u00e1p cao \u2013 <strong data-start=\"441\" data-end=\"461\">\u00edt tro, \u0111\u00fac s\u1ea1ch<\/strong>, kh\u00f4ng \u0111\u1ec3 l\u1ea1i d\u01b0 ch\u1ea5t<\/p>\n<\/li>\n<li data-start=\"486\" data-end=\"542\">\n<p data-start=\"488\" data-end=\"542\"><strong data-start=\"488\" data-end=\"504\">Co ng\u00f3t th\u1ea5p<\/strong>, \u1ed5n \u0111\u1ecbnh h\u00ecnh d\u00e1ng, d\u1ec5 x\u1eed l\u00fd h\u1eadu k\u1ef3<\/p>\n<\/li>\n<li data-start=\"543\" data-end=\"619\">\n<p data-start=\"545\" data-end=\"619\"><strong data-start=\"545\" data-end=\"585\">T\u01b0\u01a1ng th\u00edch t\u1ed1t v\u1edbi m\u00e1y in LCD 405nm<\/strong> (Creality, Anycubic, Elegoo&#8230;)<\/p>\n<\/li>\n<li data-start=\"620\" data-end=\"655\">\n<p data-start=\"622\" data-end=\"655\">C\u00f3 th\u1ec3 \u0111\u00fac b\u1eb1ng v\u00e0ng, b\u1ea1c, \u0111\u1ed3ng<\/p>\n<\/li>\n<li data-start=\"656\" data-end=\"713\">\n<p data-start=\"658\" data-end=\"713\">\u0110\u1ed9 c\u1ee9ng v\u1eeba ph\u1ea3i, d\u1ec5 m\u00e0i v\u00e0 \u0111i\u1ec1u ch\u1ec9nh m\u1eabu sau khi in<\/p>\n<\/li>\n<li data-start=\"714\" data-end=\"752\">\n<p data-start=\"716\" data-end=\"752\"><strong data-start=\"716\" data-end=\"752\">Nhi\u1ec7t \u0111\u1ed9 \u0111\u00fac l\u00fd t\u01b0\u1edfng: 730\u2013780\u00b0C<\/strong><\/p>\n<\/li>\n<\/ul>\n<hr data-start=\"754\" data-end=\"757\" \/>\n<h3 data-start=\"759\" data-end=\"786\"><strong data-start=\"763\" data-end=\"784\">Th\u00f4ng s\u1ed1 k\u1ef9 thu\u1eadt<\/strong><\/h3>\n<ul data-start=\"787\" data-end=\"1195\">\n<li data-start=\"787\" data-end=\"832\">\n<p data-start=\"789\" data-end=\"832\"><strong data-start=\"789\" data-end=\"803\">Lo\u1ea1i nh\u1ef1a:<\/strong> Castable Resin for Jewelry<\/p>\n<\/li>\n<li data-start=\"833\" data-end=\"855\">\n<p data-start=\"835\" data-end=\"855\"><strong data-start=\"835\" data-end=\"847\">M\u00e0u s\u1eafc:<\/strong> Green<\/p>\n<\/li>\n<li data-start=\"856\" data-end=\"886\">\n<p data-start=\"858\" data-end=\"886\"><strong data-start=\"858\" data-end=\"872\">Dung t\u00edch:<\/strong> 1000g (1kg)<\/p>\n<\/li>\n<li data-start=\"887\" data-end=\"924\">\n<p data-start=\"889\" data-end=\"924\"><strong data-start=\"889\" data-end=\"908\">\u0110\u1ed9 nh\u1edbt @ 25\u00b0C:<\/strong> 100\u2013150 mPa-s<\/p>\n<\/li>\n<li data-start=\"925\" data-end=\"958\">\n<p data-start=\"927\" data-end=\"958\"><strong data-start=\"927\" data-end=\"940\">T\u1ec9 tr\u1ecdng:<\/strong> 1.05\u20131.12 g\/cm\u00b3<\/p>\n<\/li>\n<li data-start=\"959\" data-end=\"989\">\n<p data-start=\"961\" data-end=\"989\"><strong data-start=\"961\" data-end=\"976\">\u0110\u1ed9 co ng\u00f3t:<\/strong> 1.88\u20132.45%<\/p>\n<\/li>\n<li data-start=\"990\" data-end=\"1017\">\n<p data-start=\"992\" data-end=\"1017\"><strong data-start=\"992\" data-end=\"1004\">\u0110\u1ed9 c\u1ee9ng:<\/strong> Shore D 81<\/p>\n<\/li>\n<li data-start=\"1018\" data-end=\"1049\">\n<p data-start=\"1020\" data-end=\"1049\"><strong data-start=\"1020\" data-end=\"1037\">C\u01b0\u1eddng \u0111\u1ed9 k\u00e9o:<\/strong> 42\u201346 MPa<\/p>\n<\/li>\n<li data-start=\"1050\" data-end=\"1081\">\n<p data-start=\"1052\" data-end=\"1081\"><strong data-start=\"1052\" data-end=\"1069\">C\u01b0\u1eddng \u0111\u1ed9 u\u1ed1n:<\/strong> 49\u201358 MPa<\/p>\n<\/li>\n<li data-start=\"1082\" data-end=\"1125\">\n<p data-start=\"1084\" data-end=\"1125\"><strong data-start=\"1084\" data-end=\"1115\">Nhi\u1ec7t \u0111\u1ed9 b\u1ea3o qu\u1ea3n l\u00fd t\u01b0\u1edfng:<\/strong> 15\u201335\u00b0C<\/p>\n<\/li>\n<li data-start=\"1126\" data-end=\"1164\">\n<p data-start=\"1128\" data-end=\"1164\"><strong data-start=\"1128\" data-end=\"1152\">B\u01b0\u1edbc s\u00f3ng ho\u1ea1t \u0111\u1ed9ng:<\/strong> 395\u2013405nm<\/p>\n<\/li>\n<li data-start=\"1165\" data-end=\"1195\">\n<p data-start=\"1167\" data-end=\"1195\"><strong data-start=\"1167\" data-end=\"1191\">Lo\u1ea1i m\u00e1y in ph\u00f9 h\u1ee3p:<\/strong> LCD<\/p>\n<\/li>\n<\/ul>\n<p>&nbsp;<\/p>\n<p><span style=\"font-size: 160%;\"><strong>***Mua t\u1eeb 3-20 chai <\/strong><strong data-start=\"150\" data-end=\"214\">Nh\u1ef1a in 3D eSUN Castable Resin for Jewelry <\/strong><strong>gi\u1ea3m t\u1eeb 5-10% (Vui l\u00f2ng li\u00ean h\u1ec7 tr\u1ef1c ti\u1ebfp shop)<\/strong><\/span><\/p>\n<p>&nbsp;<\/p>\n<p><strong><span style=\"font-size: 170%;\"><br \/>\n<\/span><\/strong><span style=\"font-size: 110%;\">_\u0110\u00e2y l\u00e0 c\u00e1c trang b\u00e1n h\u00e0ng b\u00ean m\u00ecnh NGE 3D Printer Services chuy\u00ean cung c\u1ea5p Nh\u1ef1a in 3D v\u00e0 M\u00e1y in 3D c\u1ee7a H\u00e3ng ESUN, Flsun, BIQU, Creality, eMake3d&#8230;<br \/>\n\ud83d\uded2Shopee =&gt; https:\/\/shopee.vn\/nge3dprinter<br \/>\n\ud83d\uded2Shopee =&gt; https:\/\/shopee.vn\/nge3dservices<br \/>\n\ud83d\uded2Shopee Voron v\u00e0 eMake3D =&gt; https:\/\/shopee.vn\/3dmasterpower<br \/>\n\ud83d\uded2Shopee eMake3D =&gt; https:\/\/shopee.vn\/nge3dprinting<br \/>\n\ud83d\uded2Lazada =&gt; https:\/\/www.lazada.vn\/shop\/nge-3d-printer<br \/>\n\ud83d\uded2Lazada =&gt; https:\/\/www.lazada.vn\/shop\/nge-3d-printer-services<br \/>\n\ud83d\uded2Lazada =&gt; https:\/\/www.lazada.vn\/shop\/emake3d-vn<br \/>\n\ud83d\uded2Webslite Th\u1ebf H\u1ec7 K\u1ebf Ti\u1ebfp =&gt;https:\/\/www.theheketiep.com\/<br \/>\n\ud83d\uded2Webslite NGE.VN =&gt;https:\/\/www.nge.vn\/<br \/>\nHo\u1eb7c b\u1ea1n g\u1ecdi 094.144.0951 g\u1eb7p m\u00ecnh<br \/>\nHo\u1eb7c 0913939775 g\u1eb7p anh Qu\u00e2n<br \/>\n** Price does not include VAT (+8 or 10% if VAT invoice is issued)<\/span><strong><span style=\"font-size: 170%;\"><br \/>\n<\/span><\/strong><\/p>","protected":false},"excerpt":{"rendered":"<p data-start=\"1227\" data-end=\"1397\">Nh\u1ef1a in 3D eSUN Castable Resin m\u00e0u xanh l\u00e1 c\u00e2y chuy\u00ean d\u1ee5ng cho \u0111\u00fac n\u1eef trang. \u0110\u1ed9 chi ti\u1ebft cao, tro ch\u00e1y th\u1ea5p, t\u01b0\u01a1ng th\u00edch m\u00e1y in LCD 405nm, \u0111\u00fac v\u00e0ng b\u1ea1c s\u1ea1ch s\u1ebd, d\u1ec5 x\u1eed l\u00fd.<\/p>","protected":false},"featured_media":5949,"comment_status":"open","ping_status":"closed","template":"","meta":{"inline_featured_image":false},"product_brand":[],"product_cat":[455,43,464],"product_tag":[648,705,704,619,663,697],"class_list":{"0":"post-5948","1":"product","2":"type-product","3":"status-publish","4":"has-post-thumbnail","6":"product_cat-nhua-in-3d","7":"product_cat-nhua-in-3d-resin","8":"product_cat-nhua-in-3d-resin-esun","9":"product_tag-3dprint","10":"product_tag-3dprintingresin","11":"product_tag-castableresin","12":"product_tag-esun","13":"product_tag-nge3d","14":"product_tag-nhuain3d","16":"first","17":"instock","18":"taxable","19":"shipping-taxable","20":"purchasable","21":"product-type-simple"},"yoast_head":"<!-- This site is optimized with the Yoast SEO Premium plugin v22.8 (Yoast SEO v26.9) - https:\/\/yoast.com\/product\/yoast-seo-premium-wordpress\/ -->\n<title>Nh\u1ef1a resin \u0111\u00fac n\u1eef trang ESUN Castable resin for Jewelry (Green) - NGE 3D Printers Services<\/title>\n<meta name=\"description\" content=\"Nh\u1ef1a in 3D eSUN Castable Resin m\u00e0u xanh chuy\u00ean d\u00f9ng cho n\u1eef trang. \u0110\u1ed9 chi ti\u1ebft cao, \u0111\u1ed9 tro ch\u00e1y th\u1ea5p, t\u01b0\u01a1ng th\u00edch m\u00e1y in LCD, in s\u1ea1ch s\u1ebd, d\u1ec5 x\u1eed l\u00fd.\" \/>\n<meta name=\"robots\" content=\"index, follow, max-snippet:-1, max-image-preview:large, max-video-preview:-1\" \/>\n<link rel=\"canonical\" href=\"https:\/\/nge.vn\/en\/product\/nhua-resin-duc-nu-trang-esun-castable-resin-for-jewelry-mau-green\/\" \/>\n<meta property=\"og:locale\" content=\"en_US\" \/>\n<meta property=\"og:type\" content=\"article\" \/>\n<meta property=\"og:title\" content=\"Nh\u1ef1a resin \u0111\u00fac n\u1eef trang ESUN Castable resin for Jewelry (Green)\" \/>\n<meta property=\"og:description\" content=\"Nh\u1ef1a in 3D eSUN Castable Resin m\u00e0u xanh chuy\u00ean d\u00f9ng cho n\u1eef trang. \u0110\u1ed9 chi ti\u1ebft cao, \u0111\u1ed9 tro ch\u00e1y th\u1ea5p, t\u01b0\u01a1ng th\u00edch m\u00e1y in LCD, in s\u1ea1ch s\u1ebd, d\u1ec5 x\u1eed l\u00fd.\" \/>\n<meta property=\"og:url\" content=\"https:\/\/nge.vn\/en\/product\/nhua-resin-duc-nu-trang-esun-castable-resin-for-jewelry-mau-green\/\" \/>\n<meta property=\"og:site_name\" content=\"NGE 3D Printers Services\" \/>\n<meta property=\"article:modified_time\" content=\"2025-08-01T06:00:15+00:00\" \/>\n<meta property=\"og:image\" content=\"https:\/\/nge.vn\/wp-content\/uploads\/2025\/08\/11e34c947f5663c2ec1b2a9ff7c5db8c_tn.jpeg\" \/>\n\t<meta property=\"og:image:width\" content=\"320\" \/>\n\t<meta property=\"og:image:height\" content=\"320\" \/>\n\t<meta property=\"og:image:type\" content=\"image\/jpeg\" \/>\n<meta name=\"twitter:card\" content=\"summary_large_image\" \/>\n<meta name=\"twitter:label1\" content=\"Est. reading time\" \/>\n\t<meta name=\"twitter:data1\" content=\"2 minutes\" \/>\n<script type=\"application\/ld+json\" class=\"yoast-schema-graph\">{\"@context\":\"https:\/\/schema.org\",\"@graph\":[{\"@type\":\"WebPage\",\"@id\":\"https:\/\/nge.vn\/san-pham\/nhua-resin-duc-nu-trang-esun-castable-resin-for-jewelry-mau-green\/\",\"url\":\"https:\/\/nge.vn\/san-pham\/nhua-resin-duc-nu-trang-esun-castable-resin-for-jewelry-mau-green\/\",\"name\":\"Nh\u1ef1a resin \u0111\u00fac n\u1eef trang ESUN Castable resin for Jewelry (Green) - NGE 3D Printers Services\",\"isPartOf\":{\"@id\":\"https:\/\/nge.vn\/#website\"},\"primaryImageOfPage\":{\"@id\":\"https:\/\/nge.vn\/san-pham\/nhua-resin-duc-nu-trang-esun-castable-resin-for-jewelry-mau-green\/#primaryimage\"},\"image\":{\"@id\":\"https:\/\/nge.vn\/san-pham\/nhua-resin-duc-nu-trang-esun-castable-resin-for-jewelry-mau-green\/#primaryimage\"},\"thumbnailUrl\":\"https:\/\/nge.vn\/wp-content\/uploads\/2025\/08\/11e34c947f5663c2ec1b2a9ff7c5db8c_tn.jpeg\",\"datePublished\":\"2025-08-01T05:52:19+00:00\",\"dateModified\":\"2025-08-01T06:00:15+00:00\",\"description\":\"Nh\u1ef1a in 3D eSUN Castable Resin m\u00e0u xanh chuy\u00ean d\u00f9ng cho n\u1eef trang. \u0110\u1ed9 chi ti\u1ebft cao, \u0111\u1ed9 tro ch\u00e1y th\u1ea5p, t\u01b0\u01a1ng th\u00edch m\u00e1y in LCD, in s\u1ea1ch s\u1ebd, d\u1ec5 x\u1eed l\u00fd.\",\"breadcrumb\":{\"@id\":\"https:\/\/nge.vn\/san-pham\/nhua-resin-duc-nu-trang-esun-castable-resin-for-jewelry-mau-green\/#breadcrumb\"},\"inLanguage\":\"en-US\",\"potentialAction\":[{\"@type\":\"ReadAction\",\"target\":[\"https:\/\/nge.vn\/san-pham\/nhua-resin-duc-nu-trang-esun-castable-resin-for-jewelry-mau-green\/\"]}]},{\"@type\":\"ImageObject\",\"inLanguage\":\"en-US\",\"@id\":\"https:\/\/nge.vn\/san-pham\/nhua-resin-duc-nu-trang-esun-castable-resin-for-jewelry-mau-green\/#primaryimage\",\"url\":\"https:\/\/nge.vn\/wp-content\/uploads\/2025\/08\/11e34c947f5663c2ec1b2a9ff7c5db8c_tn.jpeg\",\"contentUrl\":\"https:\/\/nge.vn\/wp-content\/uploads\/2025\/08\/11e34c947f5663c2ec1b2a9ff7c5db8c_tn.jpeg\",\"width\":320,\"height\":320,\"caption\":\"green jewelery resin\"},{\"@type\":\"BreadcrumbList\",\"@id\":\"https:\/\/nge.vn\/san-pham\/nhua-resin-duc-nu-trang-esun-castable-resin-for-jewelry-mau-green\/#breadcrumb\",\"itemListElement\":[{\"@type\":\"ListItem\",\"position\":1,\"name\":\"Trang ch\u1ee7\",\"item\":\"https:\/\/nge.vn\/\"},{\"@type\":\"ListItem\",\"position\":2,\"name\":\"S\u1ea3n ph\u1ea9m\",\"item\":\"https:\/\/nge.vn\/san-pham\/\"},{\"@type\":\"ListItem\",\"position\":3,\"name\":\"Nh\u1ef1a resin \u0111\u00fac n\u1eef trang ESUN Castable resin for Jewelry (Green)\"}]},{\"@type\":\"WebSite\",\"@id\":\"https:\/\/nge.vn\/#website\",\"url\":\"https:\/\/nge.vn\/\",\"name\":\"NGE 3D Printers Services\",\"description\":\"\",\"potentialAction\":[{\"@type\":\"SearchAction\",\"target\":{\"@type\":\"EntryPoint\",\"urlTemplate\":\"https:\/\/nge.vn\/?s={search_term_string}\"},\"query-input\":{\"@type\":\"PropertyValueSpecification\",\"valueRequired\":true,\"valueName\":\"search_term_string\"}}],\"inLanguage\":\"en-US\"}]}<\/script>\n<!-- \/ Yoast SEO Premium plugin. -->","yoast_head_json":{"title":"Nh\u1ef1a resin \u0111\u00fac n\u1eef trang ESUN Castable resin for Jewelry (Green) - NGE 3D Printers Services","description":"Nh\u1ef1a in 3D eSUN Castable Resin m\u00e0u xanh chuy\u00ean d\u00f9ng cho n\u1eef trang. \u0110\u1ed9 chi ti\u1ebft cao, \u0111\u1ed9 tro ch\u00e1y th\u1ea5p, t\u01b0\u01a1ng th\u00edch m\u00e1y in LCD, in s\u1ea1ch s\u1ebd, d\u1ec5 x\u1eed l\u00fd.","robots":{"index":"index","follow":"follow","max-snippet":"max-snippet:-1","max-image-preview":"max-image-preview:large","max-video-preview":"max-video-preview:-1"},"canonical":"https:\/\/nge.vn\/en\/product\/nhua-resin-duc-nu-trang-esun-castable-resin-for-jewelry-mau-green\/","og_locale":"en_US","og_type":"article","og_title":"Nh\u1ef1a resin \u0111\u00fac n\u1eef trang ESUN Castable resin for Jewelry (Green)","og_description":"Nh\u1ef1a in 3D eSUN Castable Resin m\u00e0u xanh chuy\u00ean d\u00f9ng cho n\u1eef trang. \u0110\u1ed9 chi ti\u1ebft cao, \u0111\u1ed9 tro ch\u00e1y th\u1ea5p, t\u01b0\u01a1ng th\u00edch m\u00e1y in LCD, in s\u1ea1ch s\u1ebd, d\u1ec5 x\u1eed l\u00fd.","og_url":"https:\/\/nge.vn\/en\/product\/nhua-resin-duc-nu-trang-esun-castable-resin-for-jewelry-mau-green\/","og_site_name":"NGE 3D Printers Services","article_modified_time":"2025-08-01T06:00:15+00:00","og_image":[{"width":320,"height":320,"url":"https:\/\/nge.vn\/wp-content\/uploads\/2025\/08\/11e34c947f5663c2ec1b2a9ff7c5db8c_tn.jpeg","type":"image\/jpeg"}],"twitter_card":"summary_large_image","twitter_misc":{"Est. reading time":"2 minutes"},"schema":{"@context":"https:\/\/schema.org","@graph":[{"@type":"WebPage","@id":"https:\/\/nge.vn\/san-pham\/nhua-resin-duc-nu-trang-esun-castable-resin-for-jewelry-mau-green\/","url":"https:\/\/nge.vn\/san-pham\/nhua-resin-duc-nu-trang-esun-castable-resin-for-jewelry-mau-green\/","name":"Nh\u1ef1a resin \u0111\u00fac n\u1eef trang ESUN Castable resin for Jewelry (Green) - NGE 3D Printers Services","isPartOf":{"@id":"https:\/\/nge.vn\/#website"},"primaryImageOfPage":{"@id":"https:\/\/nge.vn\/san-pham\/nhua-resin-duc-nu-trang-esun-castable-resin-for-jewelry-mau-green\/#primaryimage"},"image":{"@id":"https:\/\/nge.vn\/san-pham\/nhua-resin-duc-nu-trang-esun-castable-resin-for-jewelry-mau-green\/#primaryimage"},"thumbnailUrl":"https:\/\/nge.vn\/wp-content\/uploads\/2025\/08\/11e34c947f5663c2ec1b2a9ff7c5db8c_tn.jpeg","datePublished":"2025-08-01T05:52:19+00:00","dateModified":"2025-08-01T06:00:15+00:00","description":"Nh\u1ef1a in 3D eSUN Castable Resin m\u00e0u xanh chuy\u00ean d\u00f9ng cho n\u1eef trang. \u0110\u1ed9 chi ti\u1ebft cao, \u0111\u1ed9 tro ch\u00e1y th\u1ea5p, t\u01b0\u01a1ng th\u00edch m\u00e1y in LCD, in s\u1ea1ch s\u1ebd, d\u1ec5 x\u1eed l\u00fd.","breadcrumb":{"@id":"https:\/\/nge.vn\/san-pham\/nhua-resin-duc-nu-trang-esun-castable-resin-for-jewelry-mau-green\/#breadcrumb"},"inLanguage":"en-US","potentialAction":[{"@type":"ReadAction","target":["https:\/\/nge.vn\/san-pham\/nhua-resin-duc-nu-trang-esun-castable-resin-for-jewelry-mau-green\/"]}]},{"@type":"ImageObject","inLanguage":"en-US","@id":"https:\/\/nge.vn\/san-pham\/nhua-resin-duc-nu-trang-esun-castable-resin-for-jewelry-mau-green\/#primaryimage","url":"https:\/\/nge.vn\/wp-content\/uploads\/2025\/08\/11e34c947f5663c2ec1b2a9ff7c5db8c_tn.jpeg","contentUrl":"https:\/\/nge.vn\/wp-content\/uploads\/2025\/08\/11e34c947f5663c2ec1b2a9ff7c5db8c_tn.jpeg","width":320,"height":320,"caption":"green jewelery resin"},{"@type":"BreadcrumbList","@id":"https:\/\/nge.vn\/san-pham\/nhua-resin-duc-nu-trang-esun-castable-resin-for-jewelry-mau-green\/#breadcrumb","itemListElement":[{"@type":"ListItem","position":1,"name":"Trang ch\u1ee7","item":"https:\/\/nge.vn\/"},{"@type":"ListItem","position":2,"name":"S\u1ea3n ph\u1ea9m","item":"https:\/\/nge.vn\/san-pham\/"},{"@type":"ListItem","position":3,"name":"Nh\u1ef1a resin \u0111\u00fac n\u1eef trang ESUN Castable resin for Jewelry (Green)"}]},{"@type":"WebSite","@id":"https:\/\/nge.vn\/#website","url":"https:\/\/nge.vn\/","name":"NGE 3D Printers Services","description":"","potentialAction":[{"@type":"SearchAction","target":{"@type":"EntryPoint","urlTemplate":"https:\/\/nge.vn\/?s={search_term_string}"},"query-input":{"@type":"PropertyValueSpecification","valueRequired":true,"valueName":"search_term_string"}}],"inLanguage":"en-US"}]}},"_links":{"self":[{"href":"https:\/\/nge.vn\/en\/wp-json\/wp\/v2\/product\/5948","targetHints":{"allow":["GET"]}}],"collection":[{"href":"https:\/\/nge.vn\/en\/wp-json\/wp\/v2\/product"}],"about":[{"href":"https:\/\/nge.vn\/en\/wp-json\/wp\/v2\/types\/product"}],"replies":[{"embeddable":true,"href":"https:\/\/nge.vn\/en\/wp-json\/wp\/v2\/comments?post=5948"}],"wp:featuredmedia":[{"embeddable":true,"href":"https:\/\/nge.vn\/en\/wp-json\/wp\/v2\/media\/5949"}],"wp:attachment":[{"href":"https:\/\/nge.vn\/en\/wp-json\/wp\/v2\/media?parent=5948"}],"wp:term":[{"taxonomy":"product_brand","embeddable":true,"href":"https:\/\/nge.vn\/en\/wp-json\/wp\/v2\/product_brand?post=5948"},{"taxonomy":"product_cat","embeddable":true,"href":"https:\/\/nge.vn\/en\/wp-json\/wp\/v2\/product_cat?post=5948"},{"taxonomy":"product_tag","embeddable":true,"href":"https:\/\/nge.vn\/en\/wp-json\/wp\/v2\/product_tag?post=5948"}],"curies":[{"name":"wp","href":"https:\/\/api.w.org\/{rel}","templated":true}]}}