{"id":5937,"date":"2025-08-01T12:40:37","date_gmt":"2025-08-01T05:40:37","guid":{"rendered":"https:\/\/nge.vn\/?post_type=product&#038;p=5937"},"modified":"2026-02-27T17:39:57","modified_gmt":"2026-02-27T10:39:57","slug":"cum-dun-nhua-cho-may-in-3d-creality-ender-5-max","status":"publish","type":"product","link":"https:\/\/nge.vn\/en\/product\/cum-dun-nhua-cho-may-in-3d-creality-ender-5-max\/","title":{"rendered":"C\u1ee5m \u0111\u00f9n nh\u1ef1a cho m\u00e1y in 3d Creality Ender 5 Max"},"content":{"rendered":"<h3 data-start=\"189\" data-end=\"271\"><strong data-start=\"193\" data-end=\"271\">C\u1ee5m \u0110\u00f9n Cho M\u00e1y In 3D Creality Ender-5 Max \u2013 Ceramic Heating Block Kit<\/strong><\/h3>\n<p data-start=\"273\" data-end=\"467\"><strong data-start=\"273\" data-end=\"302\">Ceramic Heating Block Kit<\/strong>\u00a0l\u00e0 gi\u1ea3i ph\u00e1p c\u1ee5m \u0111\u00f9n cao c\u1ea5p d\u00e0nh cho <strong data-start=\"355\" data-end=\"370\">Ender-5 Max<\/strong>, h\u1ed7 tr\u1ee3 in t\u1ed1c \u0111\u1ed9 cao, l\u01b0u l\u01b0\u1ee3ng l\u1edbn, ch\u1ecbu nhi\u1ec7t t\u1edbi <strong data-start=\"424\" data-end=\"433\">300\u00b0C<\/strong> v\u00e0 thay th\u1ebf v\u00f2i phun nhanh ch\u00f3ng.<\/p>\n<h4 data-start=\"469\" data-end=\"495\"><strong data-start=\"474\" data-end=\"495\">T\u00ednh n\u0103ng n\u1ed5i b\u1eadt<\/strong><\/h4>\n<ul data-start=\"496\" data-end=\"849\">\n<li data-start=\"496\" data-end=\"558\">\n<p data-start=\"498\" data-end=\"558\">Gia nhi\u1ec7t nhanh v\u00e0 \u0111\u1ec1u nh\u1edd thi\u1ebft k\u1ebf <strong data-start=\"534\" data-end=\"556\">g\u1ed1m bao quanh 360\u00b0<\/strong><\/p>\n<\/li>\n<li data-start=\"559\" data-end=\"613\">\n<p data-start=\"561\" data-end=\"613\"><strong data-start=\"561\" data-end=\"581\">In l\u01b0u l\u01b0\u1ee3ng cao<\/strong>, h\u1ed7 tr\u1ee3 t\u1ed1c \u0111\u1ed9 in \u0111\u1ebfn 700mm\/s<\/p>\n<\/li>\n<li data-start=\"614\" data-end=\"669\">\n<p data-start=\"616\" data-end=\"669\"><strong data-start=\"616\" data-end=\"643\">V\u00f2i phun ho\u00e1n \u0111\u1ed5i nhanh<\/strong>, d\u1ec5 b\u1ea3o tr\u00ec v\u00e0 thay th\u1ebf<\/p>\n<\/li>\n<li data-start=\"670\" data-end=\"769\">\n<p data-start=\"672\" data-end=\"769\">Ch\u1ecbu nhi\u1ec7t \u0111\u1ebfn <strong data-start=\"687\" data-end=\"696\">300\u00b0C<\/strong>, t\u01b0\u01a1ng th\u00edch nhi\u1ec1u lo\u1ea1i s\u1ee3i: PLA, ABS, PETG, TPU, PA, PC, PLA-CF, v.v.<\/p>\n<\/li>\n<li data-start=\"770\" data-end=\"849\">\n<p data-start=\"772\" data-end=\"849\">Gia c\u00f4ng ch\u00ednh x\u00e1c, l\u00f2ng trong nh\u1eb5n m\u1ecbn <strong data-start=\"812\" data-end=\"823\">Ra &lt;0.4<\/strong>, ch\u1ed1ng t\u1eafc v\u00e0 r\u00f2 r\u1ec9 s\u1ee3i<\/p>\n<\/li>\n<\/ul>\n<hr data-start=\"851\" data-end=\"854\" \/>\n<h4 data-start=\"856\" data-end=\"882\"><strong data-start=\"861\" data-end=\"882\">Th\u00f4ng s\u1ed1 k\u1ef9 thu\u1eadt<\/strong><\/h4>\n<ul data-start=\"883\" data-end=\"1130\">\n<li data-start=\"883\" data-end=\"914\">\n<p data-start=\"885\" data-end=\"914\"><strong data-start=\"885\" data-end=\"901\">M\u00e3 s\u1ea3n ph\u1ea9m:<\/strong> 4001030151<\/p>\n<\/li>\n<li data-start=\"915\" data-end=\"941\">\n<p data-start=\"917\" data-end=\"941\"><strong data-start=\"917\" data-end=\"930\">\u0110\u1ea7u phun:<\/strong> 0.4mm x1<\/p>\n<\/li>\n<li data-start=\"942\" data-end=\"966\">\n<p data-start=\"944\" data-end=\"966\"><strong data-start=\"944\" data-end=\"960\">Tr\u1ecdng l\u01b0\u1ee3ng:<\/strong> 45g<\/p>\n<\/li>\n<li data-start=\"967\" data-end=\"999\">\n<p data-start=\"969\" data-end=\"999\"><strong data-start=\"969\" data-end=\"993\">C\u00f4ng su\u1ea5t gia nhi\u1ec7t:<\/strong> 70W<\/p>\n<\/li>\n<li data-start=\"1000\" data-end=\"1044\">\n<p data-start=\"1002\" data-end=\"1044\"><strong data-start=\"1002\" data-end=\"1028\">\u0110\u01b0\u1eddng k\u00ednh s\u1ee3i h\u1ed7 tr\u1ee3:<\/strong> 1.75 \u00b1 0.05mm<\/p>\n<\/li>\n<li data-start=\"1045\" data-end=\"1130\">\n<p data-start=\"1047\" data-end=\"1130\"><strong data-start=\"1047\" data-end=\"1075\">V\u1eadt li\u1ec7u in t\u01b0\u01a1ng th\u00edch:<\/strong> PLA, ABS, PETG, TPU, PA, PC, PLA-CF, PA-CF, PET-CF,&#8230;<\/p>\n<\/li>\n<\/ul>\n<blockquote class=\"wp-embedded-content\" data-secret=\"NUoxYS3TKg\"><p><a href=\"https:\/\/nge.vn\/en\/product\/may-in-3d-creality-ender-5-max-toc-do-in-max-700mm-s\/\">3D printer Creality Ender 5 Max printing speed 700mm\/s<\/a><\/p><\/blockquote>\n<p><iframe loading=\"lazy\" class=\"wp-embedded-content\" sandbox=\"allow-scripts\" security=\"restricted\" style=\"position: absolute; visibility: hidden;\" title=\"&#8220;M\u00e1y in 3d Creality Ender 5 Max t\u1ed1c \u0111\u1ed9 in max 700mm\/s&#8221; &#8212; NGE 3D Printers Services\" src=\"https:\/\/nge.vn\/san-pham\/may-in-3d-creality-ender-5-max-toc-do-in-max-700mm-s\/embed\/#?secret=umUVW7yAxy#?secret=NUoxYS3TKg\" data-secret=\"NUoxYS3TKg\" width=\"600\" height=\"338\" frameborder=\"0\" marginwidth=\"0\" marginheight=\"0\" scrolling=\"no\"><\/iframe><\/p>\n<p>-\u0110\u00e2y l\u00e0 c\u00e1c trang b\u00e1n h\u00e0ng b\u00ean m\u00ecnh NGE 3D Printer Services chuy\u00ean cung c\u1ea5p Nh\u1ef1a in 3D v\u00e0 M\u00e1y in 3D c\u1ee7a H\u00e3ng ESUN, Flsun, BIQU, Creality, eMake3d&#8230;<br \/>\n\ud83d\uded2Shopee =&gt; https:\/\/shopee.vn\/nge3dprinter<br \/>\n\ud83d\uded2Shopee =&gt; https:\/\/shopee.vn\/nge3dservices<br \/>\n\ud83d\uded2Shopee Voron v\u00e0 eMake3D =&gt; https:\/\/shopee.vn\/3dmasterpower<br \/>\n\ud83d\uded2Shopee eMake3D =&gt; https:\/\/shopee.vn\/nge3dprinting<br \/>\n\ud83d\uded2Lazada =&gt; https:\/\/www.lazada.vn\/shop\/nge-3d-printer<br \/>\n\ud83d\uded2Lazada =&gt; https:\/\/www.lazada.vn\/shop\/nge-3d-printer-services<br \/>\n\ud83d\uded2Lazada =&gt; https:\/\/www.lazada.vn\/shop\/emake3d-vn<br \/>\n\ud83d\uded2Webslite Th\u1ebf H\u1ec7 K\u1ebf Ti\u1ebfp =&gt;https:\/\/www.theheketiep.com\/<br \/>\n\ud83d\uded2Webslite NGE.VN =&gt; <a href=\"https:\/\/nge.vn\/en\/\">https:\/\/www.nge.vn\/<\/a><br \/>\nHo\u1eb7c b\u1ea1n g\u1ecdi 094.144.0951 g\u1eb7p m\u00ecnh<br \/>\nHo\u1eb7c 0913939775 g\u1eb7p anh Qu\u00e2n<\/p>\n<p>** Price does not include VAT (+8 or 10% if VAT invoice is issued)<\/p>","protected":false},"excerpt":{"rendered":"<p>C\u1ee5m \u0110\u00f9n Cho M\u00e1y In 3D Creality Ender-5 Max \u2013 Ceramic Heating Block Kit Ceramic Heating Block Kit\u00a0l\u00e0 gi\u1ea3i ph\u00e1p c\u1ee5m \u0111\u00f9n cao c\u1ea5p d\u00e0nh cho Ender-5 Max, h\u1ed7 tr\u1ee3 in t\u1ed1c \u0111\u1ed9 cao, l\u01b0u l\u01b0\u1ee3ng l\u1edbn, ch\u1ecbu nhi\u1ec7t t\u1edbi 300\u00b0C v\u00e0 thay th\u1ebf v\u00f2i phun nhanh ch\u00f3ng. T\u00ednh n\u0103ng n\u1ed5i b\u1eadt Gia nhi\u1ec7t nhanh&#8230;<\/p>","protected":false},"featured_media":5938,"comment_status":"open","ping_status":"closed","template":"","meta":{"inline_featured_image":false},"product_brand":[],"product_cat":[461,40,56],"product_tag":[702,495,703,493,663],"class_list":{"0":"post-5937","1":"product","2":"type-product","3":"status-publish","4":"has-post-thumbnail","6":"product_cat-linh-kien-cum-dun-va-cam-bien","7":"product_cat-linh-kien-va-phu-kien","8":"product_cat-linh-phu-kien-may-in-3d-creality","9":"product_tag-ceramicheatingblock","10":"product_tag-creality","11":"product_tag-cumdun3d","12":"product_tag-ender5max","13":"product_tag-nge3d","15":"first","16":"instock","17":"taxable","18":"shipping-taxable","19":"purchasable","20":"product-type-simple"},"yoast_head":"<!-- This site is optimized with the Yoast SEO Premium plugin v22.8 (Yoast SEO v26.9) - https:\/\/yoast.com\/product\/yoast-seo-premium-wordpress\/ -->\n<title>C\u1ee5m \u0111\u00f9n nh\u1ef1a cho m\u00e1y in 3d Creality Ender 5 Max - NGE 3D Printers Services<\/title>\n<meta name=\"description\" content=\"C\u1ee5m \u0111\u00f9n Ender-5 Max Ceramic Heating Block Kit, ch\u1ecbu nhi\u1ec7t 300\u00b0C, l\u00ean nhi\u1ec7t nhanh, h\u1ed7 tr\u1ee3 in t\u1ed1c \u0111\u1ed9 cao, thay th\u1ebf v\u00f2i phun nhanh, ph\u00f9 h\u1ee3p nhi\u1ec1u lo\u1ea1i nh\u1ef1a.\" \/>\n<meta name=\"robots\" content=\"index, follow, max-snippet:-1, max-image-preview:large, max-video-preview:-1\" \/>\n<link rel=\"canonical\" href=\"https:\/\/nge.vn\/en\/product\/cum-dun-nhua-cho-may-in-3d-creality-ender-5-max\/\" \/>\n<meta property=\"og:locale\" content=\"en_US\" \/>\n<meta property=\"og:type\" content=\"article\" \/>\n<meta property=\"og:title\" content=\"C\u1ee5m \u0111\u00f9n nh\u1ef1a cho m\u00e1y in 3d Creality Ender 5 Max\" \/>\n<meta property=\"og:description\" content=\"C\u1ee5m \u0111\u00f9n Ender-5 Max Ceramic Heating Block Kit, ch\u1ecbu nhi\u1ec7t 300\u00b0C, l\u00ean nhi\u1ec7t nhanh, h\u1ed7 tr\u1ee3 in t\u1ed1c \u0111\u1ed9 cao, thay th\u1ebf v\u00f2i phun nhanh, ph\u00f9 h\u1ee3p nhi\u1ec1u lo\u1ea1i nh\u1ef1a.\" \/>\n<meta property=\"og:url\" content=\"https:\/\/nge.vn\/en\/product\/cum-dun-nhua-cho-may-in-3d-creality-ender-5-max\/\" \/>\n<meta property=\"og:site_name\" content=\"NGE 3D Printers Services\" \/>\n<meta property=\"article:modified_time\" content=\"2026-02-27T10:39:57+00:00\" \/>\n<meta property=\"og:image\" content=\"https:\/\/nge.vn\/wp-content\/uploads\/2025\/08\/vn-11134207-7ras8-mawgavw1n55kc0_tn.jpeg\" \/>\n\t<meta property=\"og:image:width\" content=\"320\" \/>\n\t<meta property=\"og:image:height\" content=\"320\" \/>\n\t<meta property=\"og:image:type\" content=\"image\/jpeg\" \/>\n<meta name=\"twitter:card\" content=\"summary_large_image\" \/>\n<meta name=\"twitter:label1\" content=\"Est. reading time\" \/>\n\t<meta name=\"twitter:data1\" content=\"2 minutes\" \/>\n<script type=\"application\/ld+json\" class=\"yoast-schema-graph\">{\"@context\":\"https:\/\/schema.org\",\"@graph\":[{\"@type\":\"WebPage\",\"@id\":\"https:\/\/nge.vn\/san-pham\/cum-dun-nhua-cho-may-in-3d-creality-ender-5-max\/\",\"url\":\"https:\/\/nge.vn\/san-pham\/cum-dun-nhua-cho-may-in-3d-creality-ender-5-max\/\",\"name\":\"C\u1ee5m \u0111\u00f9n nh\u1ef1a cho m\u00e1y in 3d Creality Ender 5 Max - NGE 3D Printers Services\",\"isPartOf\":{\"@id\":\"https:\/\/nge.vn\/#website\"},\"primaryImageOfPage\":{\"@id\":\"https:\/\/nge.vn\/san-pham\/cum-dun-nhua-cho-may-in-3d-creality-ender-5-max\/#primaryimage\"},\"image\":{\"@id\":\"https:\/\/nge.vn\/san-pham\/cum-dun-nhua-cho-may-in-3d-creality-ender-5-max\/#primaryimage\"},\"thumbnailUrl\":\"https:\/\/nge.vn\/wp-content\/uploads\/2025\/08\/vn-11134207-7ras8-mawgavw1n55kc0_tn.jpeg\",\"datePublished\":\"2025-08-01T05:40:37+00:00\",\"dateModified\":\"2026-02-27T10:39:57+00:00\",\"description\":\"C\u1ee5m \u0111\u00f9n Ender-5 Max Ceramic Heating Block Kit, ch\u1ecbu nhi\u1ec7t 300\u00b0C, l\u00ean nhi\u1ec7t nhanh, h\u1ed7 tr\u1ee3 in t\u1ed1c \u0111\u1ed9 cao, thay th\u1ebf v\u00f2i phun nhanh, ph\u00f9 h\u1ee3p nhi\u1ec1u lo\u1ea1i nh\u1ef1a.\",\"breadcrumb\":{\"@id\":\"https:\/\/nge.vn\/san-pham\/cum-dun-nhua-cho-may-in-3d-creality-ender-5-max\/#breadcrumb\"},\"inLanguage\":\"en-US\",\"potentialAction\":[{\"@type\":\"ReadAction\",\"target\":[\"https:\/\/nge.vn\/san-pham\/cum-dun-nhua-cho-may-in-3d-creality-ender-5-max\/\"]}]},{\"@type\":\"ImageObject\",\"inLanguage\":\"en-US\",\"@id\":\"https:\/\/nge.vn\/san-pham\/cum-dun-nhua-cho-may-in-3d-creality-ender-5-max\/#primaryimage\",\"url\":\"https:\/\/nge.vn\/wp-content\/uploads\/2025\/08\/vn-11134207-7ras8-mawgavw1n55kc0_tn.jpeg\",\"contentUrl\":\"https:\/\/nge.vn\/wp-content\/uploads\/2025\/08\/vn-11134207-7ras8-mawgavw1n55kc0_tn.jpeg\",\"width\":320,\"height\":320,\"caption\":\"C\u1ee5m \u0111\u00f9n nh\u1ef1a cho m\u00e1y in 3d Creality Ender 5 Max Ceramic Heating Block Kit\"},{\"@type\":\"BreadcrumbList\",\"@id\":\"https:\/\/nge.vn\/san-pham\/cum-dun-nhua-cho-may-in-3d-creality-ender-5-max\/#breadcrumb\",\"itemListElement\":[{\"@type\":\"ListItem\",\"position\":1,\"name\":\"Trang ch\u1ee7\",\"item\":\"https:\/\/nge.vn\/\"},{\"@type\":\"ListItem\",\"position\":2,\"name\":\"S\u1ea3n ph\u1ea9m\",\"item\":\"https:\/\/nge.vn\/san-pham\/\"},{\"@type\":\"ListItem\",\"position\":3,\"name\":\"C\u1ee5m \u0111\u00f9n nh\u1ef1a cho m\u00e1y in 3d Creality Ender 5 Max\"}]},{\"@type\":\"WebSite\",\"@id\":\"https:\/\/nge.vn\/#website\",\"url\":\"https:\/\/nge.vn\/\",\"name\":\"NGE 3D Printers Services\",\"description\":\"\",\"potentialAction\":[{\"@type\":\"SearchAction\",\"target\":{\"@type\":\"EntryPoint\",\"urlTemplate\":\"https:\/\/nge.vn\/?s={search_term_string}\"},\"query-input\":{\"@type\":\"PropertyValueSpecification\",\"valueRequired\":true,\"valueName\":\"search_term_string\"}}],\"inLanguage\":\"en-US\"}]}<\/script>\n<!-- \/ Yoast SEO Premium plugin. -->","yoast_head_json":{"title":"C\u1ee5m \u0111\u00f9n nh\u1ef1a cho m\u00e1y in 3d Creality Ender 5 Max - NGE 3D Printers Services","description":"C\u1ee5m \u0111\u00f9n Ender-5 Max Ceramic Heating Block Kit, ch\u1ecbu nhi\u1ec7t 300\u00b0C, l\u00ean nhi\u1ec7t nhanh, h\u1ed7 tr\u1ee3 in t\u1ed1c \u0111\u1ed9 cao, thay th\u1ebf v\u00f2i phun nhanh, ph\u00f9 h\u1ee3p nhi\u1ec1u lo\u1ea1i nh\u1ef1a.","robots":{"index":"index","follow":"follow","max-snippet":"max-snippet:-1","max-image-preview":"max-image-preview:large","max-video-preview":"max-video-preview:-1"},"canonical":"https:\/\/nge.vn\/en\/product\/cum-dun-nhua-cho-may-in-3d-creality-ender-5-max\/","og_locale":"en_US","og_type":"article","og_title":"C\u1ee5m \u0111\u00f9n nh\u1ef1a cho m\u00e1y in 3d Creality Ender 5 Max","og_description":"C\u1ee5m \u0111\u00f9n Ender-5 Max Ceramic Heating Block Kit, ch\u1ecbu nhi\u1ec7t 300\u00b0C, l\u00ean nhi\u1ec7t nhanh, h\u1ed7 tr\u1ee3 in t\u1ed1c \u0111\u1ed9 cao, thay th\u1ebf v\u00f2i phun nhanh, ph\u00f9 h\u1ee3p nhi\u1ec1u lo\u1ea1i nh\u1ef1a.","og_url":"https:\/\/nge.vn\/en\/product\/cum-dun-nhua-cho-may-in-3d-creality-ender-5-max\/","og_site_name":"NGE 3D Printers Services","article_modified_time":"2026-02-27T10:39:57+00:00","og_image":[{"width":320,"height":320,"url":"https:\/\/nge.vn\/wp-content\/uploads\/2025\/08\/vn-11134207-7ras8-mawgavw1n55kc0_tn.jpeg","type":"image\/jpeg"}],"twitter_card":"summary_large_image","twitter_misc":{"Est. reading time":"2 minutes"},"schema":{"@context":"https:\/\/schema.org","@graph":[{"@type":"WebPage","@id":"https:\/\/nge.vn\/san-pham\/cum-dun-nhua-cho-may-in-3d-creality-ender-5-max\/","url":"https:\/\/nge.vn\/san-pham\/cum-dun-nhua-cho-may-in-3d-creality-ender-5-max\/","name":"C\u1ee5m \u0111\u00f9n nh\u1ef1a cho m\u00e1y in 3d Creality Ender 5 Max - NGE 3D Printers Services","isPartOf":{"@id":"https:\/\/nge.vn\/#website"},"primaryImageOfPage":{"@id":"https:\/\/nge.vn\/san-pham\/cum-dun-nhua-cho-may-in-3d-creality-ender-5-max\/#primaryimage"},"image":{"@id":"https:\/\/nge.vn\/san-pham\/cum-dun-nhua-cho-may-in-3d-creality-ender-5-max\/#primaryimage"},"thumbnailUrl":"https:\/\/nge.vn\/wp-content\/uploads\/2025\/08\/vn-11134207-7ras8-mawgavw1n55kc0_tn.jpeg","datePublished":"2025-08-01T05:40:37+00:00","dateModified":"2026-02-27T10:39:57+00:00","description":"C\u1ee5m \u0111\u00f9n Ender-5 Max Ceramic Heating Block Kit, ch\u1ecbu nhi\u1ec7t 300\u00b0C, l\u00ean nhi\u1ec7t nhanh, h\u1ed7 tr\u1ee3 in t\u1ed1c \u0111\u1ed9 cao, thay th\u1ebf v\u00f2i phun nhanh, ph\u00f9 h\u1ee3p nhi\u1ec1u lo\u1ea1i nh\u1ef1a.","breadcrumb":{"@id":"https:\/\/nge.vn\/san-pham\/cum-dun-nhua-cho-may-in-3d-creality-ender-5-max\/#breadcrumb"},"inLanguage":"en-US","potentialAction":[{"@type":"ReadAction","target":["https:\/\/nge.vn\/san-pham\/cum-dun-nhua-cho-may-in-3d-creality-ender-5-max\/"]}]},{"@type":"ImageObject","inLanguage":"en-US","@id":"https:\/\/nge.vn\/san-pham\/cum-dun-nhua-cho-may-in-3d-creality-ender-5-max\/#primaryimage","url":"https:\/\/nge.vn\/wp-content\/uploads\/2025\/08\/vn-11134207-7ras8-mawgavw1n55kc0_tn.jpeg","contentUrl":"https:\/\/nge.vn\/wp-content\/uploads\/2025\/08\/vn-11134207-7ras8-mawgavw1n55kc0_tn.jpeg","width":320,"height":320,"caption":"C\u1ee5m \u0111\u00f9n nh\u1ef1a cho m\u00e1y in 3d Creality Ender 5 Max Ceramic Heating Block Kit"},{"@type":"BreadcrumbList","@id":"https:\/\/nge.vn\/san-pham\/cum-dun-nhua-cho-may-in-3d-creality-ender-5-max\/#breadcrumb","itemListElement":[{"@type":"ListItem","position":1,"name":"Trang ch\u1ee7","item":"https:\/\/nge.vn\/"},{"@type":"ListItem","position":2,"name":"S\u1ea3n ph\u1ea9m","item":"https:\/\/nge.vn\/san-pham\/"},{"@type":"ListItem","position":3,"name":"C\u1ee5m \u0111\u00f9n nh\u1ef1a cho m\u00e1y in 3d Creality Ender 5 Max"}]},{"@type":"WebSite","@id":"https:\/\/nge.vn\/#website","url":"https:\/\/nge.vn\/","name":"NGE 3D Printers Services","description":"","potentialAction":[{"@type":"SearchAction","target":{"@type":"EntryPoint","urlTemplate":"https:\/\/nge.vn\/?s={search_term_string}"},"query-input":{"@type":"PropertyValueSpecification","valueRequired":true,"valueName":"search_term_string"}}],"inLanguage":"en-US"}]}},"_links":{"self":[{"href":"https:\/\/nge.vn\/en\/wp-json\/wp\/v2\/product\/5937","targetHints":{"allow":["GET"]}}],"collection":[{"href":"https:\/\/nge.vn\/en\/wp-json\/wp\/v2\/product"}],"about":[{"href":"https:\/\/nge.vn\/en\/wp-json\/wp\/v2\/types\/product"}],"replies":[{"embeddable":true,"href":"https:\/\/nge.vn\/en\/wp-json\/wp\/v2\/comments?post=5937"}],"wp:featuredmedia":[{"embeddable":true,"href":"https:\/\/nge.vn\/en\/wp-json\/wp\/v2\/media\/5938"}],"wp:attachment":[{"href":"https:\/\/nge.vn\/en\/wp-json\/wp\/v2\/media?parent=5937"}],"wp:term":[{"taxonomy":"product_brand","embeddable":true,"href":"https:\/\/nge.vn\/en\/wp-json\/wp\/v2\/product_brand?post=5937"},{"taxonomy":"product_cat","embeddable":true,"href":"https:\/\/nge.vn\/en\/wp-json\/wp\/v2\/product_cat?post=5937"},{"taxonomy":"product_tag","embeddable":true,"href":"https:\/\/nge.vn\/en\/wp-json\/wp\/v2\/product_tag?post=5937"}],"curies":[{"name":"wp","href":"https:\/\/api.w.org\/{rel}","templated":true}]}}