{"id":590,"date":"2024-10-25T12:59:42","date_gmt":"2024-10-25T05:59:42","guid":{"rendered":"https:\/\/nge.123websitedev.com\/san-pham\/nguon-meanwell-350w-24v-ultra-thin-switching-power-supply\/"},"modified":"2024-10-29T17:19:02","modified_gmt":"2024-10-29T10:19:02","slug":"nguon-meanwell-350w-24v-ultra-thin-switching-power-supply","status":"publish","type":"product","link":"https:\/\/nge.vn\/en\/product\/nguon-meanwell-350w-24v-ultra-thin-switching-power-supply\/","title":{"rendered":"Ngu\u1ed3n Meanwell 350W 24V Ultra-thin Switching Power Supply"},"content":{"rendered":"<p>Ngu\u1ed3n Meanwell 350W 24V Ultra-thin Switching Power Supply<br \/>\n_V\u1ecf d\u00e0y v\u00e0 b\u1ea3o v\u1ec7 hi\u1ec7u qu\u1ea3:<br \/>\n+V\u1ecf \u0111\u01b0\u1ee3c l\u00e0m b\u1eb1ng h\u1ee3p kim nh\u00f4m, c\u00f3 kh\u1ea3 n\u0103ng ch\u1ecbu n\u00e9n t\u1ed1t v\u00e0 kh\u00f4ng d\u1ec5 bi\u1ebfn d\u1ea1ng, b\u1ea3o v\u1ec7 hi\u1ec7u qu\u1ea3 c\u00e1c b\u1ed9 ph\u1eadn b\u00ean trong v\u00e0 k\u00e9o d\u00e0i tu\u1ed5i th\u1ecd.<\/p>\n<p>_B\u1ea3o v\u1ec7 ba an to\u00e0n v\u00e0 \u0111\u00e1ng tin c\u1eady:<br \/>\nV\u1edbi c\u00e1ch \u0111i\u1ec7n t\u1ed1t v\u00e0 c\u01b0\u1eddng \u0111\u1ed9 n\u00e9n cao, n\u00f3 \u0111\u01b0\u1ee3c trang b\u1ecb m\u1ea1ch kh\u1edfi \u0111\u1ed9ng m\u1ec1m, gi\u00fap gi\u1ea3m hi\u1ec7u qu\u1ea3 \u0111\u1ea7u v\u00e0o AC.<br \/>\n+B\u1ea3o v\u1ec7 ng\u1eafn m\u1ea1ch<br \/>\n+B\u1ea3o v\u1ec7 qu\u00e1 \u00e1p<br \/>\n+B\u1ea3o v\u1ec7 qu\u00e1 t\u1ea3i<\/p>\n<p>_Thi\u1ebft k\u1ebf r\u1ed7ng v\u00e0 t\u1ea3n nhi\u1ec7t \u1ed5n \u0111\u1ecbnh:<br \/>\nV\u1edbi thi\u1ebft k\u1ebf r\u1ed7ng, qu\u1ea1t t\u1ea3n nhi\u1ec7t hi\u1ec7u qu\u1ea3, an to\u00e0n v\u00e0 \u1ed5n \u0111\u1ecbnh h\u01a1n<\/p>\n<p>_V\u1eadt li\u1ec7u ch\u1ecdn l\u1ecdc v\u00e0 ngu\u1ed3n \u0111i\u1ec7n \u0111\u1ea7y \u0111\u1ee7 \u1ed5n \u0111\u1ecbnh:<br \/>\n\u0110\u01b0\u1ee3c trang b\u1ecb ngu\u1ed3n nguy\u00ean li\u1ec7u ch\u1ea5t l\u01b0\u1ee3ng cao, \u0111\u1ea7y \u0111\u1ee7 bi\u1ebfn \u00e1p ngu\u1ed3n v\u00e0 chip IC ch\u00ednh h\u00e3ng, gi\u00fap gi\u1ea3m t\u1ef7 l\u1ec7 h\u1ecfng h\u00f3c v\u00e0 \u0111\u1ea3m b\u1ea3o ngu\u1ed3n \u0111i\u1ec7n ho\u1ea1t \u0111\u1ed9ng \u1ed5n \u0111\u1ecbnh.<\/p>\n<p>_T\u00ednh n\u0103ng:<br \/>\n+\u0110\u1ea7u v\u00e0o AC thay \u0111\u1ed5i b\u1eb1ng n\u00fat g\u1ea1t<br \/>\n+Ch\u1ecbu \u0111\u1ea7u v\u00e0o \u0111\u1ed9t bi\u1ebfn 300VAC trong 5 gi\u00e2y<br \/>\n+Kh\u00f4ng t\u1ea3i \u0111i\u1ec7n ti\u00eau th\u1ee5 &lt;0.75W<br \/>\n+K\u00edch th\u01b0\u1edbc nh\u1ecf g\u1ecdn<br \/>\n+C\u00f3 th\u1ec3 ho\u1ea1t \u0111\u1ed9ng v\u1edbi nhi\u1ec7t \u0111\u1ed9 cao l\u00ean \u0111\u1ebfn 70\u00b0C<br \/>\n+B\u1ea3o v\u1ec7: Ng\u1eafn m\u1ea1ch \/ Qu\u00e1 \u00e1p \/ Qu\u00e1 t\u1ea3i<br \/>\n+T\u1ea3n nhi\u1ec7t b\u1eb1ng qu\u1ea1t<br \/>\n+\u0110\u00e3 test ch\u1ed1ng ch\u1ecbu \u0111\u01b0\u1ee3c rung v\u1edbi c\u01b0\u1eddng \u0111\u1ed9 5G<br \/>\n+T\u00edch h\u1ee3p \u0111\u00e8n b\u00e1o ngu\u1ed3n b\u1eadt<\/p>\n<p>_C\u00e1c \u1ee9ng d\u1ee5ng:<br \/>\n+M\u00e1y m\u00f3c t\u1ef1 \u0111\u1ed9ng h\u00f3a c\u00f4ng nghi\u1ec7p<br \/>\n+H\u1ec7 th\u1ed1ng \u0111i\u1ec1u khi\u1ec3n c\u00f4ng nghi\u1ec7p<br \/>\n+Thi\u1ebft b\u1ecb c\u01a1 \u0111i\u1ec7n<br \/>\n+D\u1ee5ng c\u1ee5, thi\u1ebft b\u1ecb ho\u1eb7c d\u1ee5ng c\u1ee5 \u0111i\u1ec7n t\u1eed<\/p>\n<p>_Th\u00f4ng s\u1ed1 k\u0129 thu\u1eadt chi ti\u1ebft:<br \/>\n+Primary Output Voltage (VDC): 24<br \/>\n +Output Current (A): 14.6<br \/>\n +Maximum Output Power (W):350<br \/>\n +Family: LRS-350<br \/>\n +Input Voltage (VAC): 90 to 132, 180 to 264<br \/>\n +Input Frequency: 47 to 63<br \/>\n +Maximum Input Current (A): 6.8A\/115VAC 3.4A\/230VAC<br \/>\n +Output Connector Type: Screw Terminal Block<br \/>\n +Number of Outputs: 1<br \/>\n +Product Type: AC to DC Power Supply<br \/>\n +Efficiency (%): 89.5<br \/>\n +Minimum Isolation Voltage: 3000V<br \/>\n +Operating Temperature-Min (Cel): -25<br \/>\n +Operating Temperature-Max (Cel): 70<br \/>\n +Length (inch): 8.5<br \/>\n +Width (inch): 4.5<br \/>\n +Height (inch): 1.2<br \/>\n +Agency Approvals: UL\/CUL<br \/>\n +Color: Silver<br \/>\n +Style: Enclosed<\/p>\n<p>**\u0110\u1ec3 \u0111\u01b0\u1ee3c nh\u1eadn h\u1ed9 tr\u1ee3 th\u00eam v\u1ec1 Gi\u00e1 v\u00e0 Th\u00f4ng tin c\u1ee7a s\u1ea3n ph\u1ea9m, vui l\u00f2ng li\u00ean h\u1ec7:<br \/>\n      0913.939.775 g\u1eb7p A. Qu\u00e2n (for English)<br \/>\n      094.144.0951 contact A.Quynh<br \/>\n**Selling price does not include VAT (+10% if VAT invoice is issued)<\/p>","protected":false},"excerpt":{"rendered":"<p>Ngu\u1ed3n Meanwell 350W 24V Ultra-thin Switching Power Supply<\/p>","protected":false},"featured_media":581,"comment_status":"open","ping_status":"closed","template":"","meta":{"inline_featured_image":false},"product_brand":[],"product_cat":[40,460],"product_tag":[],"class_list":{"0":"post-590","1":"product","2":"type-product","3":"status-publish","4":"has-post-thumbnail","6":"product_cat-linh-kien-va-phu-kien","7":"product_cat-motor-va-nguon-dien-may-in-3d","9":"first","10":"instock","11":"taxable","12":"shipping-taxable","13":"purchasable","14":"product-type-simple"},"yoast_head":"<!-- This site is optimized with the Yoast SEO Premium plugin v22.8 (Yoast SEO v26.9) - https:\/\/yoast.com\/product\/yoast-seo-premium-wordpress\/ -->\n<title>Ngu\u1ed3n Meanwell 350W 24V Ultra-thin Switching Power Supply - NGE 3D Printers Services<\/title>\n<meta name=\"robots\" content=\"index, follow, max-snippet:-1, max-image-preview:large, max-video-preview:-1\" \/>\n<link rel=\"canonical\" href=\"https:\/\/nge.vn\/en\/product\/nguon-meanwell-350w-24v-ultra-thin-switching-power-supply\/\" \/>\n<meta property=\"og:locale\" content=\"en_US\" \/>\n<meta property=\"og:type\" content=\"article\" \/>\n<meta property=\"og:title\" content=\"Ngu\u1ed3n Meanwell 350W 24V Ultra-thin Switching Power Supply\" \/>\n<meta property=\"og:description\" content=\"Ngu\u1ed3n Meanwell 350W 24V Ultra-thin Switching Power Supply\" \/>\n<meta property=\"og:url\" content=\"https:\/\/nge.vn\/en\/product\/nguon-meanwell-350w-24v-ultra-thin-switching-power-supply\/\" \/>\n<meta property=\"og:site_name\" content=\"NGE 3D Printers Services\" \/>\n<meta property=\"article:modified_time\" content=\"2024-10-29T10:19:02+00:00\" \/>\n<meta property=\"og:image\" content=\"https:\/\/nge.vn\/wp-content\/uploads\/2024\/10\/images-upload-woo2F818ff92b3946457487dac4a72b5c29a8.jpg\" \/>\n\t<meta property=\"og:image:width\" content=\"1024\" \/>\n\t<meta property=\"og:image:height\" content=\"1024\" \/>\n\t<meta property=\"og:image:type\" content=\"image\/jpeg\" \/>\n<meta name=\"twitter:card\" content=\"summary_large_image\" \/>\n<meta name=\"twitter:label1\" content=\"Est. reading time\" \/>\n\t<meta name=\"twitter:data1\" content=\"3 minutes\" \/>\n<script type=\"application\/ld+json\" class=\"yoast-schema-graph\">{\"@context\":\"https:\/\/schema.org\",\"@graph\":[{\"@type\":\"WebPage\",\"@id\":\"https:\/\/nge.vn\/san-pham\/nguon-meanwell-350w-24v-ultra-thin-switching-power-supply\/\",\"url\":\"https:\/\/nge.vn\/san-pham\/nguon-meanwell-350w-24v-ultra-thin-switching-power-supply\/\",\"name\":\"Ngu\u1ed3n Meanwell 350W 24V Ultra-thin Switching Power Supply - NGE 3D Printers Services\",\"isPartOf\":{\"@id\":\"https:\/\/nge.vn\/#website\"},\"primaryImageOfPage\":{\"@id\":\"https:\/\/nge.vn\/san-pham\/nguon-meanwell-350w-24v-ultra-thin-switching-power-supply\/#primaryimage\"},\"image\":{\"@id\":\"https:\/\/nge.vn\/san-pham\/nguon-meanwell-350w-24v-ultra-thin-switching-power-supply\/#primaryimage\"},\"thumbnailUrl\":\"https:\/\/nge.vn\/wp-content\/uploads\/2024\/10\/images-upload-woo2F818ff92b3946457487dac4a72b5c29a8.jpg\",\"datePublished\":\"2024-10-25T05:59:42+00:00\",\"dateModified\":\"2024-10-29T10:19:02+00:00\",\"breadcrumb\":{\"@id\":\"https:\/\/nge.vn\/san-pham\/nguon-meanwell-350w-24v-ultra-thin-switching-power-supply\/#breadcrumb\"},\"inLanguage\":\"en-US\",\"potentialAction\":[{\"@type\":\"ReadAction\",\"target\":[\"https:\/\/nge.vn\/san-pham\/nguon-meanwell-350w-24v-ultra-thin-switching-power-supply\/\"]}]},{\"@type\":\"ImageObject\",\"inLanguage\":\"en-US\",\"@id\":\"https:\/\/nge.vn\/san-pham\/nguon-meanwell-350w-24v-ultra-thin-switching-power-supply\/#primaryimage\",\"url\":\"https:\/\/nge.vn\/wp-content\/uploads\/2024\/10\/images-upload-woo2F818ff92b3946457487dac4a72b5c29a8.jpg\",\"contentUrl\":\"https:\/\/nge.vn\/wp-content\/uploads\/2024\/10\/images-upload-woo2F818ff92b3946457487dac4a72b5c29a8.jpg\",\"width\":1024,\"height\":1024},{\"@type\":\"BreadcrumbList\",\"@id\":\"https:\/\/nge.vn\/san-pham\/nguon-meanwell-350w-24v-ultra-thin-switching-power-supply\/#breadcrumb\",\"itemListElement\":[{\"@type\":\"ListItem\",\"position\":1,\"name\":\"Trang ch\u1ee7\",\"item\":\"https:\/\/nge.vn\/\"},{\"@type\":\"ListItem\",\"position\":2,\"name\":\"S\u1ea3n ph\u1ea9m\",\"item\":\"https:\/\/nge.vn\/san-pham\/\"},{\"@type\":\"ListItem\",\"position\":3,\"name\":\"Ngu\u1ed3n Meanwell 350W 24V Ultra-thin Switching Power Supply\"}]},{\"@type\":\"WebSite\",\"@id\":\"https:\/\/nge.vn\/#website\",\"url\":\"https:\/\/nge.vn\/\",\"name\":\"NGE 3D Printers Services\",\"description\":\"\",\"potentialAction\":[{\"@type\":\"SearchAction\",\"target\":{\"@type\":\"EntryPoint\",\"urlTemplate\":\"https:\/\/nge.vn\/?s={search_term_string}\"},\"query-input\":{\"@type\":\"PropertyValueSpecification\",\"valueRequired\":true,\"valueName\":\"search_term_string\"}}],\"inLanguage\":\"en-US\"}]}<\/script>\n<!-- \/ Yoast SEO Premium plugin. -->","yoast_head_json":{"title":"Ngu\u1ed3n Meanwell 350W 24V Ultra-thin Switching Power Supply - NGE 3D Printers Services","robots":{"index":"index","follow":"follow","max-snippet":"max-snippet:-1","max-image-preview":"max-image-preview:large","max-video-preview":"max-video-preview:-1"},"canonical":"https:\/\/nge.vn\/en\/product\/nguon-meanwell-350w-24v-ultra-thin-switching-power-supply\/","og_locale":"en_US","og_type":"article","og_title":"Ngu\u1ed3n Meanwell 350W 24V Ultra-thin Switching Power Supply","og_description":"Ngu\u1ed3n Meanwell 350W 24V Ultra-thin Switching Power Supply","og_url":"https:\/\/nge.vn\/en\/product\/nguon-meanwell-350w-24v-ultra-thin-switching-power-supply\/","og_site_name":"NGE 3D Printers Services","article_modified_time":"2024-10-29T10:19:02+00:00","og_image":[{"width":1024,"height":1024,"url":"https:\/\/nge.vn\/wp-content\/uploads\/2024\/10\/images-upload-woo2F818ff92b3946457487dac4a72b5c29a8.jpg","type":"image\/jpeg"}],"twitter_card":"summary_large_image","twitter_misc":{"Est. reading time":"3 minutes"},"schema":{"@context":"https:\/\/schema.org","@graph":[{"@type":"WebPage","@id":"https:\/\/nge.vn\/san-pham\/nguon-meanwell-350w-24v-ultra-thin-switching-power-supply\/","url":"https:\/\/nge.vn\/san-pham\/nguon-meanwell-350w-24v-ultra-thin-switching-power-supply\/","name":"Ngu\u1ed3n Meanwell 350W 24V Ultra-thin Switching Power Supply - NGE 3D Printers Services","isPartOf":{"@id":"https:\/\/nge.vn\/#website"},"primaryImageOfPage":{"@id":"https:\/\/nge.vn\/san-pham\/nguon-meanwell-350w-24v-ultra-thin-switching-power-supply\/#primaryimage"},"image":{"@id":"https:\/\/nge.vn\/san-pham\/nguon-meanwell-350w-24v-ultra-thin-switching-power-supply\/#primaryimage"},"thumbnailUrl":"https:\/\/nge.vn\/wp-content\/uploads\/2024\/10\/images-upload-woo2F818ff92b3946457487dac4a72b5c29a8.jpg","datePublished":"2024-10-25T05:59:42+00:00","dateModified":"2024-10-29T10:19:02+00:00","breadcrumb":{"@id":"https:\/\/nge.vn\/san-pham\/nguon-meanwell-350w-24v-ultra-thin-switching-power-supply\/#breadcrumb"},"inLanguage":"en-US","potentialAction":[{"@type":"ReadAction","target":["https:\/\/nge.vn\/san-pham\/nguon-meanwell-350w-24v-ultra-thin-switching-power-supply\/"]}]},{"@type":"ImageObject","inLanguage":"en-US","@id":"https:\/\/nge.vn\/san-pham\/nguon-meanwell-350w-24v-ultra-thin-switching-power-supply\/#primaryimage","url":"https:\/\/nge.vn\/wp-content\/uploads\/2024\/10\/images-upload-woo2F818ff92b3946457487dac4a72b5c29a8.jpg","contentUrl":"https:\/\/nge.vn\/wp-content\/uploads\/2024\/10\/images-upload-woo2F818ff92b3946457487dac4a72b5c29a8.jpg","width":1024,"height":1024},{"@type":"BreadcrumbList","@id":"https:\/\/nge.vn\/san-pham\/nguon-meanwell-350w-24v-ultra-thin-switching-power-supply\/#breadcrumb","itemListElement":[{"@type":"ListItem","position":1,"name":"Trang ch\u1ee7","item":"https:\/\/nge.vn\/"},{"@type":"ListItem","position":2,"name":"S\u1ea3n ph\u1ea9m","item":"https:\/\/nge.vn\/san-pham\/"},{"@type":"ListItem","position":3,"name":"Ngu\u1ed3n Meanwell 350W 24V Ultra-thin Switching Power Supply"}]},{"@type":"WebSite","@id":"https:\/\/nge.vn\/#website","url":"https:\/\/nge.vn\/","name":"NGE 3D Printers Services","description":"","potentialAction":[{"@type":"SearchAction","target":{"@type":"EntryPoint","urlTemplate":"https:\/\/nge.vn\/?s={search_term_string}"},"query-input":{"@type":"PropertyValueSpecification","valueRequired":true,"valueName":"search_term_string"}}],"inLanguage":"en-US"}]}},"_links":{"self":[{"href":"https:\/\/nge.vn\/en\/wp-json\/wp\/v2\/product\/590","targetHints":{"allow":["GET"]}}],"collection":[{"href":"https:\/\/nge.vn\/en\/wp-json\/wp\/v2\/product"}],"about":[{"href":"https:\/\/nge.vn\/en\/wp-json\/wp\/v2\/types\/product"}],"replies":[{"embeddable":true,"href":"https:\/\/nge.vn\/en\/wp-json\/wp\/v2\/comments?post=590"}],"wp:featuredmedia":[{"embeddable":true,"href":"https:\/\/nge.vn\/en\/wp-json\/wp\/v2\/media\/581"}],"wp:attachment":[{"href":"https:\/\/nge.vn\/en\/wp-json\/wp\/v2\/media?parent=590"}],"wp:term":[{"taxonomy":"product_brand","embeddable":true,"href":"https:\/\/nge.vn\/en\/wp-json\/wp\/v2\/product_brand?post=590"},{"taxonomy":"product_cat","embeddable":true,"href":"https:\/\/nge.vn\/en\/wp-json\/wp\/v2\/product_cat?post=590"},{"taxonomy":"product_tag","embeddable":true,"href":"https:\/\/nge.vn\/en\/wp-json\/wp\/v2\/product_tag?post=590"}],"curies":[{"name":"wp","href":"https:\/\/api.w.org\/{rel}","templated":true}]}}