{"id":5881,"date":"2025-08-01T11:21:58","date_gmt":"2025-08-01T04:21:58","guid":{"rendered":"https:\/\/nge.vn\/?post_type=product&#038;p=5881"},"modified":"2025-08-01T11:23:37","modified_gmt":"2025-08-01T04:23:37","slug":"dong-co-buoc-xy-axis-motor-for-k1c-k1-max-new-42-48","status":"publish","type":"product","link":"https:\/\/nge.vn\/en\/product\/dong-co-buoc-xy-axis-motor-for-k1c-k1-max-new-42-48\/","title":{"rendered":"\u0110\u1ed9ng c\u01a1 b\u01b0\u1edbc X,Y Axis Motor for K1C, K1 Max (New) 42-48"},"content":{"rendered":"<h3 data-start=\"861\" data-end=\"898\">\u2705 <strong data-start=\"867\" data-end=\"898\">Th\u00f4ng s\u1ed1 k\u1ef9 thu\u1eadt chi ti\u1ebft c\u1ee7a \u0110\u1ed9ng c\u01a1 b\u01b0\u1edbc X,Y Axis Motor for K1C, K1 Max (New) 42-48:<\/strong><\/h3>\n<ul data-start=\"900\" data-end=\"1282\">\n<li data-start=\"900\" data-end=\"937\">\n<p data-start=\"902\" data-end=\"937\"><strong data-start=\"902\" data-end=\"910\">Lo\u1ea1i<\/strong>: \u0110\u1ed9ng c\u01a1 b\u01b0\u1edbc tr\u1ee5c X \/ Y<\/p>\n<\/li>\n<li data-start=\"938\" data-end=\"1004\">\n<p data-start=\"940\" data-end=\"1004\"><strong data-start=\"940\" data-end=\"964\">D\u00f2ng m\u00e1y t\u01b0\u01a1ng th\u00edch<\/strong>: Creality K1C, K1 Max (phi\u00ean b\u1ea3n m\u1edbi)<\/p>\n<\/li>\n<li data-start=\"1005\" data-end=\"1036\">\n<p data-start=\"1007\" data-end=\"1036\"><strong data-start=\"1007\" data-end=\"1027\">K\u00edch th\u01b0\u1edbc motor<\/strong>: 42-48<\/p>\n<\/li>\n<li data-start=\"1037\" data-end=\"1062\">\n<p data-start=\"1039\" data-end=\"1062\"><strong data-start=\"1039\" data-end=\"1054\">Tr\u1ecdng l\u01b0\u1ee3ng<\/strong>: 358g<\/p>\n<\/li>\n<li data-start=\"1063\" data-end=\"1092\">\n<p data-start=\"1065\" data-end=\"1092\"><strong data-start=\"1065\" data-end=\"1084\">\u0110\u01b0\u1eddng k\u00ednh puly<\/strong>: 16mm<\/p>\n<\/li>\n<li data-start=\"1093\" data-end=\"1121\">\n<p data-start=\"1095\" data-end=\"1121\"><strong data-start=\"1095\" data-end=\"1113\">Chi\u1ec1u cao puly<\/strong>: 10mm<\/p>\n<\/li>\n<li data-start=\"1122\" data-end=\"1150\">\n<p data-start=\"1124\" data-end=\"1150\"><strong data-start=\"1124\" data-end=\"1142\">Chi\u1ec1u cao tr\u1ee5c<\/strong>: 40mm<\/p>\n<\/li>\n<li data-start=\"1151\" data-end=\"1179\">\n<p data-start=\"1153\" data-end=\"1179\"><strong data-start=\"1153\" data-end=\"1172\">\u0110\u01b0\u1eddng k\u00ednh tr\u1ee5c<\/strong>: 5mm<\/p>\n<\/li>\n<li data-start=\"1205\" data-end=\"1243\">\n<p data-start=\"1207\" data-end=\"1243\"><strong data-start=\"1207\" data-end=\"1229\">M\u00e3 s\u1ea3n ph\u1ea9m tr\u1ee5c X<\/strong>: 3204120209<\/p>\n<\/li>\n<li data-start=\"1244\" data-end=\"1282\">\n<p data-start=\"1246\" data-end=\"1282\"><strong data-start=\"1246\" data-end=\"1268\">M\u00e3 s\u1ea3n ph\u1ea9m tr\u1ee5c Y<\/strong>: 3204120208<\/p>\n<p>-\u0110\u00e2y l\u00e0 c\u00e1c trang b\u00e1n h\u00e0ng b\u00ean m\u00ecnh NGE 3D Printer Services chuy\u00ean cung c\u1ea5p Nh\u1ef1a in 3D v\u00e0 M\u00e1y in 3D c\u1ee7a H\u00e3ng ESUN, Flsun, BIQU, Creality, eMake3d&#8230;<br \/>\n\ud83d\uded2Shopee =&gt; https:\/\/shopee.vn\/nge3dprinter<br \/>\n\ud83d\uded2Shopee =&gt; https:\/\/shopee.vn\/nge3dservices<br \/>\n\ud83d\uded2Shopee Voron v\u00e0 eMake3D =&gt; https:\/\/shopee.vn\/3dmasterpower<br \/>\n\ud83d\uded2Shopee eMake3D =&gt; https:\/\/shopee.vn\/nge3dprinting<br \/>\n\ud83d\uded2Lazada =&gt; https:\/\/www.lazada.vn\/shop\/nge-3d-printer<br \/>\n\ud83d\uded2Lazada =&gt; https:\/\/www.lazada.vn\/shop\/nge-3d-printer-services<br \/>\n\ud83d\uded2Lazada =&gt; https:\/\/www.lazada.vn\/shop\/emake3d-vn<br \/>\n\ud83d\uded2Webslite Th\u1ebf H\u1ec7 K\u1ebf Ti\u1ebfp =&gt;https:\/\/www.theheketiep.com\/<br \/>\n\ud83d\uded2Webslite NGE.VN =&gt;https:\/\/www.nge.vn\/<br \/>\nHo\u1eb7c b\u1ea1n g\u1ecdi 094.144.0951 g\u1eb7p m\u00ecnh<br \/>\nHo\u1eb7c 0913939775 g\u1eb7p anh Qu\u00e2n<\/p>\n<p>** Price does not include VAT (+8 or 10% if VAT invoice is issued)<\/li>\n<\/ul>","protected":false},"excerpt":{"rendered":"<p data-start=\"239\" data-end=\"411\">\u0110\u1ed9ng c\u01a1 b\u01b0\u1edbc tr\u1ee5c X\/Y cho m\u00e1y in 3D Creality K1C, K1 Max (phi\u00ean b\u1ea3n m\u1edbi) \u2013 size 42-48, puly 16mm, 19 r\u0103ng, tr\u1ee5c 5mm. Nh\u1eb9 h\u01a1n, truy\u1ec1n \u0111\u1ed9ng m\u01b0\u1ee3t h\u01a1n, ph\u00f9 h\u1ee3p v\u1edbi K1C K1 Max \u0111\u1eddi m\u1edbi.<\/p>","protected":false},"featured_media":5884,"comment_status":"open","ping_status":"closed","template":"","meta":{"inline_featured_image":false},"product_brand":[],"product_cat":[40,56],"product_tag":[679,495,680,681,684,658,685,663,683,682],"class_list":{"0":"post-5881","1":"product","2":"type-product","3":"status-publish","4":"has-post-thumbnail","6":"product_cat-linh-kien-va-phu-kien","7":"product_cat-linh-phu-kien-may-in-3d-creality","8":"product_tag-3dprintermotor","9":"product_tag-creality","10":"product_tag-crealityparts","11":"product_tag-dongcobuock1c","12":"product_tag-k1max2025","13":"product_tag-linhkien3d","14":"product_tag-motor4248","15":"product_tag-nge3d","16":"product_tag-steppermotor3d","17":"product_tag-xymotork1max","19":"first","20":"instock","21":"taxable","22":"shipping-taxable","23":"purchasable","24":"product-type-variable"},"yoast_head":"<!-- This site is optimized with the Yoast SEO Premium plugin v22.8 (Yoast SEO v26.9) - https:\/\/yoast.com\/product\/yoast-seo-premium-wordpress\/ -->\n<title>\u0110\u1ed9ng c\u01a1 b\u01b0\u1edbc X,Y Axis Motor for K1C, K1 Max (New) 42-48 - NGE 3D Printers Services<\/title>\n<meta name=\"description\" content=\"\u0110\u1ed9ng c\u01a1 b\u01b0\u1edbc tr\u1ee5c X\/Y 42-48 cho Creality K1C, K1 Max phi\u00ean b\u1ea3n m\u1edbi. Puly 16mm, 19 r\u0103ng, tr\u1ee5c 5mm, tr\u1ecdng l\u01b0\u1ee3ng nh\u1eb9, truy\u1ec1n \u0111\u1ed9ng ch\u00ednh x\u00e1c.\" \/>\n<meta name=\"robots\" content=\"index, follow, max-snippet:-1, max-image-preview:large, max-video-preview:-1\" \/>\n<link rel=\"canonical\" href=\"https:\/\/nge.vn\/en\/product\/dong-co-buoc-xy-axis-motor-for-k1c-k1-max-new-42-48\/\" \/>\n<meta property=\"og:locale\" content=\"en_US\" \/>\n<meta property=\"og:type\" content=\"article\" \/>\n<meta property=\"og:title\" content=\"\u0110\u1ed9ng c\u01a1 b\u01b0\u1edbc X,Y Axis Motor for K1C, K1 Max (New) 42-48\" \/>\n<meta property=\"og:description\" content=\"\u0110\u1ed9ng c\u01a1 b\u01b0\u1edbc tr\u1ee5c X\/Y 42-48 cho Creality K1C, K1 Max phi\u00ean b\u1ea3n m\u1edbi. Puly 16mm, 19 r\u0103ng, tr\u1ee5c 5mm, tr\u1ecdng l\u01b0\u1ee3ng nh\u1eb9, truy\u1ec1n \u0111\u1ed9ng ch\u00ednh x\u00e1c.\" \/>\n<meta property=\"og:url\" content=\"https:\/\/nge.vn\/en\/product\/dong-co-buoc-xy-axis-motor-for-k1c-k1-max-new-42-48\/\" \/>\n<meta property=\"og:site_name\" content=\"NGE 3D Printers Services\" \/>\n<meta property=\"article:modified_time\" content=\"2025-08-01T04:23:37+00:00\" \/>\n<meta property=\"og:image\" content=\"https:\/\/nge.vn\/wp-content\/uploads\/2025\/08\/vn-11134207-7ras8-m1w83xf63y67c8_tn.jpeg\" \/>\n\t<meta property=\"og:image:width\" content=\"320\" \/>\n\t<meta property=\"og:image:height\" content=\"320\" \/>\n\t<meta property=\"og:image:type\" content=\"image\/jpeg\" \/>\n<meta name=\"twitter:card\" content=\"summary_large_image\" \/>\n<meta name=\"twitter:label1\" content=\"Est. reading time\" \/>\n\t<meta name=\"twitter:data1\" content=\"2 minutes\" \/>\n<script type=\"application\/ld+json\" class=\"yoast-schema-graph\">{\"@context\":\"https:\/\/schema.org\",\"@graph\":[{\"@type\":\"WebPage\",\"@id\":\"https:\/\/nge.vn\/san-pham\/dong-co-buoc-xy-axis-motor-for-k1c-k1-max-new-42-48\/\",\"url\":\"https:\/\/nge.vn\/san-pham\/dong-co-buoc-xy-axis-motor-for-k1c-k1-max-new-42-48\/\",\"name\":\"\u0110\u1ed9ng c\u01a1 b\u01b0\u1edbc X,Y Axis Motor for K1C, K1 Max (New) 42-48 - NGE 3D Printers Services\",\"isPartOf\":{\"@id\":\"https:\/\/nge.vn\/#website\"},\"primaryImageOfPage\":{\"@id\":\"https:\/\/nge.vn\/san-pham\/dong-co-buoc-xy-axis-motor-for-k1c-k1-max-new-42-48\/#primaryimage\"},\"image\":{\"@id\":\"https:\/\/nge.vn\/san-pham\/dong-co-buoc-xy-axis-motor-for-k1c-k1-max-new-42-48\/#primaryimage\"},\"thumbnailUrl\":\"https:\/\/nge.vn\/wp-content\/uploads\/2025\/08\/vn-11134207-7ras8-m1w83xf63y67c8_tn.jpeg\",\"datePublished\":\"2025-08-01T04:21:58+00:00\",\"dateModified\":\"2025-08-01T04:23:37+00:00\",\"description\":\"\u0110\u1ed9ng c\u01a1 b\u01b0\u1edbc tr\u1ee5c X\/Y 42-48 cho Creality K1C, K1 Max phi\u00ean b\u1ea3n m\u1edbi. Puly 16mm, 19 r\u0103ng, tr\u1ee5c 5mm, tr\u1ecdng l\u01b0\u1ee3ng nh\u1eb9, truy\u1ec1n \u0111\u1ed9ng ch\u00ednh x\u00e1c.\",\"breadcrumb\":{\"@id\":\"https:\/\/nge.vn\/san-pham\/dong-co-buoc-xy-axis-motor-for-k1c-k1-max-new-42-48\/#breadcrumb\"},\"inLanguage\":\"en-US\",\"potentialAction\":[{\"@type\":\"ReadAction\",\"target\":[\"https:\/\/nge.vn\/san-pham\/dong-co-buoc-xy-axis-motor-for-k1c-k1-max-new-42-48\/\"]}]},{\"@type\":\"ImageObject\",\"inLanguage\":\"en-US\",\"@id\":\"https:\/\/nge.vn\/san-pham\/dong-co-buoc-xy-axis-motor-for-k1c-k1-max-new-42-48\/#primaryimage\",\"url\":\"https:\/\/nge.vn\/wp-content\/uploads\/2025\/08\/vn-11134207-7ras8-m1w83xf63y67c8_tn.jpeg\",\"contentUrl\":\"https:\/\/nge.vn\/wp-content\/uploads\/2025\/08\/vn-11134207-7ras8-m1w83xf63y67c8_tn.jpeg\",\"width\":320,\"height\":320,\"caption\":\"\u0110\u1ed9ng c\u01a1 b\u01b0\u1edbc X,Y Axis Motor for K1C, K1 Max (New version) 42-48\"},{\"@type\":\"BreadcrumbList\",\"@id\":\"https:\/\/nge.vn\/san-pham\/dong-co-buoc-xy-axis-motor-for-k1c-k1-max-new-42-48\/#breadcrumb\",\"itemListElement\":[{\"@type\":\"ListItem\",\"position\":1,\"name\":\"Trang ch\u1ee7\",\"item\":\"https:\/\/nge.vn\/\"},{\"@type\":\"ListItem\",\"position\":2,\"name\":\"S\u1ea3n ph\u1ea9m\",\"item\":\"https:\/\/nge.vn\/san-pham\/\"},{\"@type\":\"ListItem\",\"position\":3,\"name\":\"\u0110\u1ed9ng c\u01a1 b\u01b0\u1edbc X,Y Axis Motor for K1C, K1 Max (New) 42-48\"}]},{\"@type\":\"WebSite\",\"@id\":\"https:\/\/nge.vn\/#website\",\"url\":\"https:\/\/nge.vn\/\",\"name\":\"NGE 3D Printers Services\",\"description\":\"\",\"potentialAction\":[{\"@type\":\"SearchAction\",\"target\":{\"@type\":\"EntryPoint\",\"urlTemplate\":\"https:\/\/nge.vn\/?s={search_term_string}\"},\"query-input\":{\"@type\":\"PropertyValueSpecification\",\"valueRequired\":true,\"valueName\":\"search_term_string\"}}],\"inLanguage\":\"en-US\"}]}<\/script>\n<!-- \/ Yoast SEO Premium plugin. -->","yoast_head_json":{"title":"\u0110\u1ed9ng c\u01a1 b\u01b0\u1edbc X,Y Axis Motor for K1C, K1 Max (New) 42-48 - NGE 3D Printers Services","description":"\u0110\u1ed9ng c\u01a1 b\u01b0\u1edbc tr\u1ee5c X\/Y 42-48 cho Creality K1C, K1 Max phi\u00ean b\u1ea3n m\u1edbi. Puly 16mm, 19 r\u0103ng, tr\u1ee5c 5mm, tr\u1ecdng l\u01b0\u1ee3ng nh\u1eb9, truy\u1ec1n \u0111\u1ed9ng ch\u00ednh x\u00e1c.","robots":{"index":"index","follow":"follow","max-snippet":"max-snippet:-1","max-image-preview":"max-image-preview:large","max-video-preview":"max-video-preview:-1"},"canonical":"https:\/\/nge.vn\/en\/product\/dong-co-buoc-xy-axis-motor-for-k1c-k1-max-new-42-48\/","og_locale":"en_US","og_type":"article","og_title":"\u0110\u1ed9ng c\u01a1 b\u01b0\u1edbc X,Y Axis Motor for K1C, K1 Max (New) 42-48","og_description":"\u0110\u1ed9ng c\u01a1 b\u01b0\u1edbc tr\u1ee5c X\/Y 42-48 cho Creality K1C, K1 Max phi\u00ean b\u1ea3n m\u1edbi. Puly 16mm, 19 r\u0103ng, tr\u1ee5c 5mm, tr\u1ecdng l\u01b0\u1ee3ng nh\u1eb9, truy\u1ec1n \u0111\u1ed9ng ch\u00ednh x\u00e1c.","og_url":"https:\/\/nge.vn\/en\/product\/dong-co-buoc-xy-axis-motor-for-k1c-k1-max-new-42-48\/","og_site_name":"NGE 3D Printers Services","article_modified_time":"2025-08-01T04:23:37+00:00","og_image":[{"width":320,"height":320,"url":"https:\/\/nge.vn\/wp-content\/uploads\/2025\/08\/vn-11134207-7ras8-m1w83xf63y67c8_tn.jpeg","type":"image\/jpeg"}],"twitter_card":"summary_large_image","twitter_misc":{"Est. reading time":"2 minutes"},"schema":{"@context":"https:\/\/schema.org","@graph":[{"@type":"WebPage","@id":"https:\/\/nge.vn\/san-pham\/dong-co-buoc-xy-axis-motor-for-k1c-k1-max-new-42-48\/","url":"https:\/\/nge.vn\/san-pham\/dong-co-buoc-xy-axis-motor-for-k1c-k1-max-new-42-48\/","name":"\u0110\u1ed9ng c\u01a1 b\u01b0\u1edbc X,Y Axis Motor for K1C, K1 Max (New) 42-48 - NGE 3D Printers Services","isPartOf":{"@id":"https:\/\/nge.vn\/#website"},"primaryImageOfPage":{"@id":"https:\/\/nge.vn\/san-pham\/dong-co-buoc-xy-axis-motor-for-k1c-k1-max-new-42-48\/#primaryimage"},"image":{"@id":"https:\/\/nge.vn\/san-pham\/dong-co-buoc-xy-axis-motor-for-k1c-k1-max-new-42-48\/#primaryimage"},"thumbnailUrl":"https:\/\/nge.vn\/wp-content\/uploads\/2025\/08\/vn-11134207-7ras8-m1w83xf63y67c8_tn.jpeg","datePublished":"2025-08-01T04:21:58+00:00","dateModified":"2025-08-01T04:23:37+00:00","description":"\u0110\u1ed9ng c\u01a1 b\u01b0\u1edbc tr\u1ee5c X\/Y 42-48 cho Creality K1C, K1 Max phi\u00ean b\u1ea3n m\u1edbi. Puly 16mm, 19 r\u0103ng, tr\u1ee5c 5mm, tr\u1ecdng l\u01b0\u1ee3ng nh\u1eb9, truy\u1ec1n \u0111\u1ed9ng ch\u00ednh x\u00e1c.","breadcrumb":{"@id":"https:\/\/nge.vn\/san-pham\/dong-co-buoc-xy-axis-motor-for-k1c-k1-max-new-42-48\/#breadcrumb"},"inLanguage":"en-US","potentialAction":[{"@type":"ReadAction","target":["https:\/\/nge.vn\/san-pham\/dong-co-buoc-xy-axis-motor-for-k1c-k1-max-new-42-48\/"]}]},{"@type":"ImageObject","inLanguage":"en-US","@id":"https:\/\/nge.vn\/san-pham\/dong-co-buoc-xy-axis-motor-for-k1c-k1-max-new-42-48\/#primaryimage","url":"https:\/\/nge.vn\/wp-content\/uploads\/2025\/08\/vn-11134207-7ras8-m1w83xf63y67c8_tn.jpeg","contentUrl":"https:\/\/nge.vn\/wp-content\/uploads\/2025\/08\/vn-11134207-7ras8-m1w83xf63y67c8_tn.jpeg","width":320,"height":320,"caption":"\u0110\u1ed9ng c\u01a1 b\u01b0\u1edbc X,Y Axis Motor for K1C, K1 Max (New version) 42-48"},{"@type":"BreadcrumbList","@id":"https:\/\/nge.vn\/san-pham\/dong-co-buoc-xy-axis-motor-for-k1c-k1-max-new-42-48\/#breadcrumb","itemListElement":[{"@type":"ListItem","position":1,"name":"Trang ch\u1ee7","item":"https:\/\/nge.vn\/"},{"@type":"ListItem","position":2,"name":"S\u1ea3n ph\u1ea9m","item":"https:\/\/nge.vn\/san-pham\/"},{"@type":"ListItem","position":3,"name":"\u0110\u1ed9ng c\u01a1 b\u01b0\u1edbc X,Y Axis Motor for K1C, K1 Max (New) 42-48"}]},{"@type":"WebSite","@id":"https:\/\/nge.vn\/#website","url":"https:\/\/nge.vn\/","name":"NGE 3D Printers Services","description":"","potentialAction":[{"@type":"SearchAction","target":{"@type":"EntryPoint","urlTemplate":"https:\/\/nge.vn\/?s={search_term_string}"},"query-input":{"@type":"PropertyValueSpecification","valueRequired":true,"valueName":"search_term_string"}}],"inLanguage":"en-US"}]}},"_links":{"self":[{"href":"https:\/\/nge.vn\/en\/wp-json\/wp\/v2\/product\/5881","targetHints":{"allow":["GET"]}}],"collection":[{"href":"https:\/\/nge.vn\/en\/wp-json\/wp\/v2\/product"}],"about":[{"href":"https:\/\/nge.vn\/en\/wp-json\/wp\/v2\/types\/product"}],"replies":[{"embeddable":true,"href":"https:\/\/nge.vn\/en\/wp-json\/wp\/v2\/comments?post=5881"}],"wp:featuredmedia":[{"embeddable":true,"href":"https:\/\/nge.vn\/en\/wp-json\/wp\/v2\/media\/5884"}],"wp:attachment":[{"href":"https:\/\/nge.vn\/en\/wp-json\/wp\/v2\/media?parent=5881"}],"wp:term":[{"taxonomy":"product_brand","embeddable":true,"href":"https:\/\/nge.vn\/en\/wp-json\/wp\/v2\/product_brand?post=5881"},{"taxonomy":"product_cat","embeddable":true,"href":"https:\/\/nge.vn\/en\/wp-json\/wp\/v2\/product_cat?post=5881"},{"taxonomy":"product_tag","embeddable":true,"href":"https:\/\/nge.vn\/en\/wp-json\/wp\/v2\/product_tag?post=5881"}],"curies":[{"name":"wp","href":"https:\/\/api.w.org\/{rel}","templated":true}]}}