{"id":5865,"date":"2025-08-01T01:34:38","date_gmt":"2025-07-31T18:34:38","guid":{"rendered":"https:\/\/nge.vn\/?post_type=product&#038;p=5865"},"modified":"2025-08-01T01:40:42","modified_gmt":"2025-07-31T18:40:42","slug":"dong-co-buoc-x-y-axis-motor-cho-k1c-k1-max-cu-42-60","status":"publish","type":"product","link":"https:\/\/nge.vn\/en\/product\/dong-co-buoc-x-y-axis-motor-cho-k1c-k1-max-cu-42-60\/","title":{"rendered":"\u0110\u1ed9ng c\u01a1 b\u01b0\u1edbc X\/Y Axis Motor cho K1C, K1 Max (c\u0169) 42-60"},"content":{"rendered":"<h3 data-start=\"872\" data-end=\"918\">\u2705 <strong data-start=\"878\" data-end=\"918\">Th\u00f4ng s\u1ed1 k\u1ef9 thu\u1eadt c\u1ee7a \u0111\u1ed9ng c\u01a1 b\u01b0\u1edbc X\/Y Axis Motor cho K1C, K1 Max (c\u0169) 42-60:<\/strong><\/h3>\n<ul data-start=\"920\" data-end=\"1235\">\n<li data-start=\"920\" data-end=\"957\">\n<p data-start=\"922\" data-end=\"957\"><strong data-start=\"922\" data-end=\"930\">Lo\u1ea1i<\/strong>: \u0110\u1ed9ng c\u01a1 b\u01b0\u1edbc tr\u1ee5c X \/ Y<\/p>\n<\/li>\n<li data-start=\"958\" data-end=\"989\">\n<p data-start=\"960\" data-end=\"989\"><strong data-start=\"960\" data-end=\"980\">K\u00edch th\u01b0\u1edbc motor<\/strong>: 42-60<\/p>\n<\/li>\n<li data-start=\"990\" data-end=\"1019\">\n<p data-start=\"992\" data-end=\"1019\"><strong data-start=\"992\" data-end=\"1011\">\u0110\u01b0\u1eddng k\u00ednh puly<\/strong>: 26mm<\/p>\n<\/li>\n<li data-start=\"1020\" data-end=\"1048\">\n<p data-start=\"1022\" data-end=\"1048\"><strong data-start=\"1022\" data-end=\"1040\">Chi\u1ec1u cao puly<\/strong>: 11mm<\/p>\n<\/li>\n<li data-start=\"1049\" data-end=\"1077\">\n<p data-start=\"1051\" data-end=\"1077\"><strong data-start=\"1051\" data-end=\"1069\">Chi\u1ec1u cao tr\u1ee5c<\/strong>: 40mm<\/p>\n<\/li>\n<li data-start=\"1078\" data-end=\"1106\">\n<p data-start=\"1080\" data-end=\"1106\"><strong data-start=\"1080\" data-end=\"1099\">\u0110\u01b0\u1eddng k\u00ednh tr\u1ee5c<\/strong>: 5mm<\/p>\n<\/li>\n<li data-start=\"1107\" data-end=\"1131\">35 <strong>Gear<\/strong><\/li>\n<li data-start=\"1132\" data-end=\"1157\">\n<p data-start=\"1134\" data-end=\"1157\"><strong data-start=\"1134\" data-end=\"1149\">Tr\u1ecdng l\u01b0\u1ee3ng<\/strong>: 503g<\/p>\n<\/li>\n<li data-start=\"1158\" data-end=\"1196\">\n<p data-start=\"1160\" data-end=\"1196\"><strong data-start=\"1160\" data-end=\"1182\">M\u00e3 s\u1ea3n ph\u1ea9m tr\u1ee5c X<\/strong>: 3204120166<\/p>\n<\/li>\n<li data-start=\"1197\" data-end=\"1235\">\n<p data-start=\"1199\" data-end=\"1235\"><strong data-start=\"1199\" data-end=\"1221\">M\u00e3 s\u1ea3n ph\u1ea9m tr\u1ee5c Y<\/strong>: 3204120167<\/p>\n<\/li>\n<\/ul>\n<hr data-start=\"1237\" data-end=\"1240\" \/>\n<p>\ud83d\udccc <strong data-start=\"1245\" data-end=\"1257\">D\u00f9ng cho<\/strong>: M\u00e1y in 3D <strong data-start=\"1269\" data-end=\"1285\">Creality K1C<\/strong> v\u00e0 <strong data-start=\"1289\" data-end=\"1314\">K1 Max (phi\u00ean b\u1ea3n c\u0169)<\/strong><\/p>\n<p>S\u1ea3n ph\u1ea9m c\u00f3 li\u00ean quan \u0111\u1ebfn \u0111\u1ed9ng c\u01a1 b\u01b0\u1edbc X\/Y Axis Motor cho K1C, K1 Max (cho phi\u00ean b\u1ea3n c\u0169) 42-60:<\/p>\n<p>&nbsp;<\/p>\n<ul>\n<li data-start=\"1242\" data-end=\"1417\"><strong data-start=\"1289\" data-end=\"1314\">\u00a0 \u00a0 \u00a0 \u00a0M\u00e1y in 3d K1C: <a href=\"https:\/\/nge.vn\/en\/product\/may-in-3d-creality-k1c-chuyen-in-soi-carbon-toc-do-max-600mm-s-prinitng-size-222225cm\/\">https:\/\/nge.vn\/san-pham\/may-in-3d-creality-k1c-chuyen-in-soi-carbon-toc-do-max-600mm-s-prinitng-size-222225cm<\/a><br \/>\n<\/strong><\/li>\n<li data-start=\"1242\" data-end=\"1417\"><strong data-start=\"1289\" data-end=\"1314\">\u00a0 \u00a0 \u00a0 \u00a0M\u00e1y in 3d K1 Max: <a href=\"https:\/\/nge.vn\/en\/product\/may-in-3d-creality-k1-max-toc-do-cao-va-do-chinh-xac-cao-vung-in-303030cm\/\">https:\/\/nge.vn\/san-pham\/may-in-3d-creality-k1-max-toc-do-cao-va-do-chinh-xac-cao-vung-in-303030cm<\/a><\/strong><\/li>\n<\/ul>\n<p><img loading=\"lazy\" decoding=\"async\" class=\"size-full wp-image-5142\" src=\"https:\/\/nge.123websitedev.com\/wp-content\/uploads\/2025\/07\/k1series.png\" alt=\"3d printer creality k1 series\" width=\"1200\" height=\"500\" \/><\/p>\n<p>\u0110\u00e2y l\u00e0 c\u00e1c trang b\u00e1n h\u00e0ng b\u00ean m\u00ecnh NGE 3D Printer Services chuy\u00ean cung c\u1ea5p Nh\u1ef1a in 3D v\u00e0 M\u00e1y in 3D c\u1ee7a H\u00e3ng ESUN, Flsun, BIQU, Creality, eMake3d&#8230;<br \/>\n\ud83d\uded2Shopee =&gt; https:\/\/shopee.vn\/nge3dprinter<br \/>\n\ud83d\uded2Shopee =&gt; https:\/\/shopee.vn\/nge3dservices<br \/>\n\ud83d\uded2Shopee Voron v\u00e0 eMake3D =&gt; https:\/\/shopee.vn\/3dmasterpower<br \/>\n\ud83d\uded2Shopee eMake3D =&gt; https:\/\/shopee.vn\/nge3dprinting<br \/>\n\ud83d\uded2Lazada =&gt; https:\/\/www.lazada.vn\/shop\/nge-3d-printer<br \/>\n\ud83d\uded2Lazada =&gt; https:\/\/www.lazada.vn\/shop\/nge-3d-printer-services<br \/>\n\ud83d\uded2Lazada =&gt; https:\/\/www.lazada.vn\/shop\/emake3d-vn<br \/>\n\ud83d\uded2Webslite Th\u1ebf H\u1ec7 K\u1ebf Ti\u1ebfp =&gt;https:\/\/www.theheketiep.com\/<br \/>\n\ud83d\uded2Webslite NGE.VN =&gt;https:\/\/www.nge.vn\/<br \/>\nHo\u1eb7c b\u1ea1n g\u1ecdi 094.144.0951 g\u1eb7p m\u00ecnh<br \/>\nHo\u1eb7c 0913939775 g\u1eb7p anh Qu\u00e2n<\/p>\n<p>** Price does not include VAT (+8 or 10% if VAT invoice is issued)<strong data-start=\"1289\" data-end=\"1314\"><br \/>\n<\/strong><\/p>\n<div class=\"notranslate\" style=\"all: initial;\"><\/div>\n<div class=\"notranslate\" style=\"all: initial;\"><\/div>","protected":false},"excerpt":{"rendered":"<p data-start=\"239\" data-end=\"435\"><strong data-start=\"239\" data-end=\"435\">\u0110\u1ed9ng c\u01a1 b\u01b0\u1edbc tr\u1ee5c X\/Y cho m\u00e1y in 3D Creality K1C, K1 Max (phi\u00ean b\u1ea3n c\u0169) \u2013 size 42-60, puly 26mm, tr\u1ee5c 5mm, 35 gear. \u0110\u1ea3m b\u1ea3o truy\u1ec1n \u0111\u1ed9ng ch\u00ednh x\u00e1c, s\u1eed d\u1ee5ng cho d\u00f2ng K1C\/K1 Max \u0111\u1eddi tr\u01b0\u1edbc.<\/strong><\/p>","protected":false},"featured_media":5868,"comment_status":"open","ping_status":"closed","template":"","meta":{"inline_featured_image":false},"product_brand":[],"product_cat":[40,56],"product_tag":[679,656,655,680,675,678,677,663,676],"class_list":{"0":"post-5865","1":"product","2":"type-product","3":"status-publish","4":"has-post-thumbnail","6":"product_cat-linh-kien-va-phu-kien","7":"product_cat-linh-phu-kien-may-in-3d-creality","8":"product_tag-3dprintermotor","9":"product_tag-crealityk1c","10":"product_tag-crealityk1max","11":"product_tag-crealityparts","12":"product_tag-dongcobuoc","13":"product_tag-linhkienmayin3d","14":"product_tag-motor42_60","15":"product_tag-nge3d","16":"product_tag-xymotor","18":"first","19":"instock","20":"taxable","21":"shipping-taxable","22":"purchasable","23":"product-type-variable"},"yoast_head":"<!-- This site is optimized with the Yoast SEO Premium plugin v22.8 (Yoast SEO v26.9) - https:\/\/yoast.com\/product\/yoast-seo-premium-wordpress\/ -->\n<title>\u0110\u1ed9ng c\u01a1 b\u01b0\u1edbc X\/Y Axis Motor cho K1C, K1 Max (c\u0169) 42-60 - NGE 3D Printers Services<\/title>\n<meta name=\"description\" content=\"\u0110\u1ed9ng c\u01a1 b\u01b0\u1edbc tr\u1ee5c X\/Y cho Creality K1C, K1 Max (phi\u00ean b\u1ea3n c\u0169). Size 42-60, puly 26mm, 35 gear, tr\u1ee5c 5mm. \u0110\u1ea3m b\u1ea3o truy\u1ec1n \u0111\u1ed9ng ch\u00ednh x\u00e1c cho m\u00e1y in 3D.\" \/>\n<meta name=\"robots\" content=\"index, follow, max-snippet:-1, max-image-preview:large, max-video-preview:-1\" \/>\n<link rel=\"canonical\" href=\"https:\/\/nge.vn\/en\/product\/dong-co-buoc-x-y-axis-motor-cho-k1c-k1-max-cu-42-60\/\" \/>\n<meta property=\"og:locale\" content=\"en_US\" \/>\n<meta property=\"og:type\" content=\"article\" \/>\n<meta property=\"og:title\" content=\"\u0110\u1ed9ng c\u01a1 b\u01b0\u1edbc X\/Y Axis Motor cho K1C, K1 Max (c\u0169) 42-60\" \/>\n<meta property=\"og:description\" content=\"\u0110\u1ed9ng c\u01a1 b\u01b0\u1edbc tr\u1ee5c X\/Y cho Creality K1C, K1 Max (phi\u00ean b\u1ea3n c\u0169). Size 42-60, puly 26mm, 35 gear, tr\u1ee5c 5mm. \u0110\u1ea3m b\u1ea3o truy\u1ec1n \u0111\u1ed9ng ch\u00ednh x\u00e1c cho m\u00e1y in 3D.\" \/>\n<meta property=\"og:url\" content=\"https:\/\/nge.vn\/en\/product\/dong-co-buoc-x-y-axis-motor-cho-k1c-k1-max-cu-42-60\/\" \/>\n<meta property=\"og:site_name\" content=\"NGE 3D Printers Services\" \/>\n<meta property=\"article:modified_time\" content=\"2025-07-31T18:40:42+00:00\" \/>\n<meta property=\"og:image\" content=\"https:\/\/nge.vn\/wp-content\/uploads\/2025\/08\/vn-11134207-7ras8-m1w8pt7n9tq7ef_tn.jpeg\" \/>\n\t<meta property=\"og:image:width\" content=\"320\" \/>\n\t<meta property=\"og:image:height\" content=\"320\" \/>\n\t<meta property=\"og:image:type\" content=\"image\/jpeg\" \/>\n<meta name=\"twitter:card\" content=\"summary_large_image\" \/>\n<meta name=\"twitter:label1\" content=\"Est. reading time\" \/>\n\t<meta name=\"twitter:data1\" content=\"2 minutes\" \/>\n<script type=\"application\/ld+json\" class=\"yoast-schema-graph\">{\"@context\":\"https:\/\/schema.org\",\"@graph\":[{\"@type\":\"WebPage\",\"@id\":\"https:\/\/nge.vn\/san-pham\/dong-co-buoc-x-y-axis-motor-cho-k1c-k1-max-cu-42-60\/\",\"url\":\"https:\/\/nge.vn\/san-pham\/dong-co-buoc-x-y-axis-motor-cho-k1c-k1-max-cu-42-60\/\",\"name\":\"\u0110\u1ed9ng c\u01a1 b\u01b0\u1edbc X\/Y Axis Motor cho K1C, K1 Max (c\u0169) 42-60 - NGE 3D Printers Services\",\"isPartOf\":{\"@id\":\"https:\/\/nge.vn\/#website\"},\"primaryImageOfPage\":{\"@id\":\"https:\/\/nge.vn\/san-pham\/dong-co-buoc-x-y-axis-motor-cho-k1c-k1-max-cu-42-60\/#primaryimage\"},\"image\":{\"@id\":\"https:\/\/nge.vn\/san-pham\/dong-co-buoc-x-y-axis-motor-cho-k1c-k1-max-cu-42-60\/#primaryimage\"},\"thumbnailUrl\":\"https:\/\/nge.vn\/wp-content\/uploads\/2025\/08\/vn-11134207-7ras8-m1w8pt7n9tq7ef_tn.jpeg\",\"datePublished\":\"2025-07-31T18:34:38+00:00\",\"dateModified\":\"2025-07-31T18:40:42+00:00\",\"description\":\"\u0110\u1ed9ng c\u01a1 b\u01b0\u1edbc tr\u1ee5c X\/Y cho Creality K1C, K1 Max (phi\u00ean b\u1ea3n c\u0169). Size 42-60, puly 26mm, 35 gear, tr\u1ee5c 5mm. \u0110\u1ea3m b\u1ea3o truy\u1ec1n \u0111\u1ed9ng ch\u00ednh x\u00e1c cho m\u00e1y in 3D.\",\"breadcrumb\":{\"@id\":\"https:\/\/nge.vn\/san-pham\/dong-co-buoc-x-y-axis-motor-cho-k1c-k1-max-cu-42-60\/#breadcrumb\"},\"inLanguage\":\"en-US\",\"potentialAction\":[{\"@type\":\"ReadAction\",\"target\":[\"https:\/\/nge.vn\/san-pham\/dong-co-buoc-x-y-axis-motor-cho-k1c-k1-max-cu-42-60\/\"]}]},{\"@type\":\"ImageObject\",\"inLanguage\":\"en-US\",\"@id\":\"https:\/\/nge.vn\/san-pham\/dong-co-buoc-x-y-axis-motor-cho-k1c-k1-max-cu-42-60\/#primaryimage\",\"url\":\"https:\/\/nge.vn\/wp-content\/uploads\/2025\/08\/vn-11134207-7ras8-m1w8pt7n9tq7ef_tn.jpeg\",\"contentUrl\":\"https:\/\/nge.vn\/wp-content\/uploads\/2025\/08\/vn-11134207-7ras8-m1w8pt7n9tq7ef_tn.jpeg\",\"width\":320,\"height\":320,\"caption\":\"Motor X,Y Axis Old version K1c\/K1Max\"},{\"@type\":\"BreadcrumbList\",\"@id\":\"https:\/\/nge.vn\/san-pham\/dong-co-buoc-x-y-axis-motor-cho-k1c-k1-max-cu-42-60\/#breadcrumb\",\"itemListElement\":[{\"@type\":\"ListItem\",\"position\":1,\"name\":\"Trang ch\u1ee7\",\"item\":\"https:\/\/nge.vn\/\"},{\"@type\":\"ListItem\",\"position\":2,\"name\":\"S\u1ea3n ph\u1ea9m\",\"item\":\"https:\/\/nge.vn\/san-pham\/\"},{\"@type\":\"ListItem\",\"position\":3,\"name\":\"\u0110\u1ed9ng c\u01a1 b\u01b0\u1edbc X\/Y Axis Motor cho K1C, K1 Max (c\u0169) 42-60\"}]},{\"@type\":\"WebSite\",\"@id\":\"https:\/\/nge.vn\/#website\",\"url\":\"https:\/\/nge.vn\/\",\"name\":\"NGE 3D Printers Services\",\"description\":\"\",\"potentialAction\":[{\"@type\":\"SearchAction\",\"target\":{\"@type\":\"EntryPoint\",\"urlTemplate\":\"https:\/\/nge.vn\/?s={search_term_string}\"},\"query-input\":{\"@type\":\"PropertyValueSpecification\",\"valueRequired\":true,\"valueName\":\"search_term_string\"}}],\"inLanguage\":\"en-US\"}]}<\/script>\n<!-- \/ Yoast SEO Premium plugin. -->","yoast_head_json":{"title":"\u0110\u1ed9ng c\u01a1 b\u01b0\u1edbc X\/Y Axis Motor cho K1C, K1 Max (c\u0169) 42-60 - NGE 3D Printers Services","description":"\u0110\u1ed9ng c\u01a1 b\u01b0\u1edbc tr\u1ee5c X\/Y cho Creality K1C, K1 Max (phi\u00ean b\u1ea3n c\u0169). Size 42-60, puly 26mm, 35 gear, tr\u1ee5c 5mm. \u0110\u1ea3m b\u1ea3o truy\u1ec1n \u0111\u1ed9ng ch\u00ednh x\u00e1c cho m\u00e1y in 3D.","robots":{"index":"index","follow":"follow","max-snippet":"max-snippet:-1","max-image-preview":"max-image-preview:large","max-video-preview":"max-video-preview:-1"},"canonical":"https:\/\/nge.vn\/en\/product\/dong-co-buoc-x-y-axis-motor-cho-k1c-k1-max-cu-42-60\/","og_locale":"en_US","og_type":"article","og_title":"\u0110\u1ed9ng c\u01a1 b\u01b0\u1edbc X\/Y Axis Motor cho K1C, K1 Max (c\u0169) 42-60","og_description":"\u0110\u1ed9ng c\u01a1 b\u01b0\u1edbc tr\u1ee5c X\/Y cho Creality K1C, K1 Max (phi\u00ean b\u1ea3n c\u0169). Size 42-60, puly 26mm, 35 gear, tr\u1ee5c 5mm. \u0110\u1ea3m b\u1ea3o truy\u1ec1n \u0111\u1ed9ng ch\u00ednh x\u00e1c cho m\u00e1y in 3D.","og_url":"https:\/\/nge.vn\/en\/product\/dong-co-buoc-x-y-axis-motor-cho-k1c-k1-max-cu-42-60\/","og_site_name":"NGE 3D Printers Services","article_modified_time":"2025-07-31T18:40:42+00:00","og_image":[{"width":320,"height":320,"url":"https:\/\/nge.vn\/wp-content\/uploads\/2025\/08\/vn-11134207-7ras8-m1w8pt7n9tq7ef_tn.jpeg","type":"image\/jpeg"}],"twitter_card":"summary_large_image","twitter_misc":{"Est. reading time":"2 minutes"},"schema":{"@context":"https:\/\/schema.org","@graph":[{"@type":"WebPage","@id":"https:\/\/nge.vn\/san-pham\/dong-co-buoc-x-y-axis-motor-cho-k1c-k1-max-cu-42-60\/","url":"https:\/\/nge.vn\/san-pham\/dong-co-buoc-x-y-axis-motor-cho-k1c-k1-max-cu-42-60\/","name":"\u0110\u1ed9ng c\u01a1 b\u01b0\u1edbc X\/Y Axis Motor cho K1C, K1 Max (c\u0169) 42-60 - NGE 3D Printers Services","isPartOf":{"@id":"https:\/\/nge.vn\/#website"},"primaryImageOfPage":{"@id":"https:\/\/nge.vn\/san-pham\/dong-co-buoc-x-y-axis-motor-cho-k1c-k1-max-cu-42-60\/#primaryimage"},"image":{"@id":"https:\/\/nge.vn\/san-pham\/dong-co-buoc-x-y-axis-motor-cho-k1c-k1-max-cu-42-60\/#primaryimage"},"thumbnailUrl":"https:\/\/nge.vn\/wp-content\/uploads\/2025\/08\/vn-11134207-7ras8-m1w8pt7n9tq7ef_tn.jpeg","datePublished":"2025-07-31T18:34:38+00:00","dateModified":"2025-07-31T18:40:42+00:00","description":"\u0110\u1ed9ng c\u01a1 b\u01b0\u1edbc tr\u1ee5c X\/Y cho Creality K1C, K1 Max (phi\u00ean b\u1ea3n c\u0169). Size 42-60, puly 26mm, 35 gear, tr\u1ee5c 5mm. \u0110\u1ea3m b\u1ea3o truy\u1ec1n \u0111\u1ed9ng ch\u00ednh x\u00e1c cho m\u00e1y in 3D.","breadcrumb":{"@id":"https:\/\/nge.vn\/san-pham\/dong-co-buoc-x-y-axis-motor-cho-k1c-k1-max-cu-42-60\/#breadcrumb"},"inLanguage":"en-US","potentialAction":[{"@type":"ReadAction","target":["https:\/\/nge.vn\/san-pham\/dong-co-buoc-x-y-axis-motor-cho-k1c-k1-max-cu-42-60\/"]}]},{"@type":"ImageObject","inLanguage":"en-US","@id":"https:\/\/nge.vn\/san-pham\/dong-co-buoc-x-y-axis-motor-cho-k1c-k1-max-cu-42-60\/#primaryimage","url":"https:\/\/nge.vn\/wp-content\/uploads\/2025\/08\/vn-11134207-7ras8-m1w8pt7n9tq7ef_tn.jpeg","contentUrl":"https:\/\/nge.vn\/wp-content\/uploads\/2025\/08\/vn-11134207-7ras8-m1w8pt7n9tq7ef_tn.jpeg","width":320,"height":320,"caption":"Motor X,Y Axis Old version K1c\/K1Max"},{"@type":"BreadcrumbList","@id":"https:\/\/nge.vn\/san-pham\/dong-co-buoc-x-y-axis-motor-cho-k1c-k1-max-cu-42-60\/#breadcrumb","itemListElement":[{"@type":"ListItem","position":1,"name":"Trang ch\u1ee7","item":"https:\/\/nge.vn\/"},{"@type":"ListItem","position":2,"name":"S\u1ea3n ph\u1ea9m","item":"https:\/\/nge.vn\/san-pham\/"},{"@type":"ListItem","position":3,"name":"\u0110\u1ed9ng c\u01a1 b\u01b0\u1edbc X\/Y Axis Motor cho K1C, K1 Max (c\u0169) 42-60"}]},{"@type":"WebSite","@id":"https:\/\/nge.vn\/#website","url":"https:\/\/nge.vn\/","name":"NGE 3D Printers Services","description":"","potentialAction":[{"@type":"SearchAction","target":{"@type":"EntryPoint","urlTemplate":"https:\/\/nge.vn\/?s={search_term_string}"},"query-input":{"@type":"PropertyValueSpecification","valueRequired":true,"valueName":"search_term_string"}}],"inLanguage":"en-US"}]}},"_links":{"self":[{"href":"https:\/\/nge.vn\/en\/wp-json\/wp\/v2\/product\/5865","targetHints":{"allow":["GET"]}}],"collection":[{"href":"https:\/\/nge.vn\/en\/wp-json\/wp\/v2\/product"}],"about":[{"href":"https:\/\/nge.vn\/en\/wp-json\/wp\/v2\/types\/product"}],"replies":[{"embeddable":true,"href":"https:\/\/nge.vn\/en\/wp-json\/wp\/v2\/comments?post=5865"}],"wp:featuredmedia":[{"embeddable":true,"href":"https:\/\/nge.vn\/en\/wp-json\/wp\/v2\/media\/5868"}],"wp:attachment":[{"href":"https:\/\/nge.vn\/en\/wp-json\/wp\/v2\/media?parent=5865"}],"wp:term":[{"taxonomy":"product_brand","embeddable":true,"href":"https:\/\/nge.vn\/en\/wp-json\/wp\/v2\/product_brand?post=5865"},{"taxonomy":"product_cat","embeddable":true,"href":"https:\/\/nge.vn\/en\/wp-json\/wp\/v2\/product_cat?post=5865"},{"taxonomy":"product_tag","embeddable":true,"href":"https:\/\/nge.vn\/en\/wp-json\/wp\/v2\/product_tag?post=5865"}],"curies":[{"name":"wp","href":"https:\/\/api.w.org\/{rel}","templated":true}]}}