{"id":5847,"date":"2025-07-31T18:39:14","date_gmt":"2025-07-31T11:39:14","guid":{"rendered":"https:\/\/nge.vn\/?post_type=product&#038;p=5847"},"modified":"2025-07-31T18:42:46","modified_gmt":"2025-07-31T11:42:46","slug":"board-dieu-khien-may-in-3d-creality-k1c-mainboard-kit","status":"publish","type":"product","link":"https:\/\/nge.vn\/en\/product\/board-dieu-khien-may-in-3d-creality-k1c-mainboard-kit\/","title":{"rendered":"Board \u0111i\u1ec1u khi\u1ec3n m\u00e1y in 3d Creality K1C Mainboard Kit"},"content":{"rendered":"<h3 data-start=\"792\" data-end=\"836\">\u2705 <strong data-start=\"798\" data-end=\"836\">Th\u00f4ng s\u1ed1 k\u1ef9 thu\u1eadt Board \u0111i\u1ec1u khi\u1ec3n m\u00e1y in 3d Creality K1C Mainboard Kit:<\/strong><\/h3>\n<ul data-start=\"838\" data-end=\"1084\">\n<li data-start=\"838\" data-end=\"867\">\n<p data-start=\"840\" data-end=\"867\"><strong data-start=\"840\" data-end=\"855\">Th\u01b0\u01a1ng hi\u1ec7u<\/strong>: Creality<\/p>\n<\/li>\n<li data-start=\"868\" data-end=\"934\">\n<p data-start=\"870\" data-end=\"934\"><strong data-start=\"870\" data-end=\"879\">Model<\/strong>: Silent Mainboard Kit_CR4CU220812S12_32_T2209_X2000E<\/p>\n<\/li>\n<li data-start=\"935\" data-end=\"959\">\n<p data-start=\"937\" data-end=\"959\"><strong data-start=\"937\" data-end=\"947\">Driver<\/strong>: TMC 2209<\/p>\n<\/li>\n<li data-start=\"960\" data-end=\"992\">\n<p data-start=\"962\" data-end=\"992\"><strong data-start=\"962\" data-end=\"974\">Vi x\u1eed l\u00fd<\/strong>: Ingenic X2000E<\/p>\n<\/li>\n<li data-start=\"993\" data-end=\"1034\">\n<p data-start=\"995\" data-end=\"1034\"><strong data-start=\"995\" data-end=\"1014\">Chip \u0111i\u1ec1u khi\u1ec3n<\/strong>: ARM GD32F303RET6<\/p>\n<\/li>\n<li data-start=\"1035\" data-end=\"1062\">\n<p data-start=\"1037\" data-end=\"1062\"><strong data-start=\"1037\" data-end=\"1047\">B\u1ed9 nh\u1edb<\/strong>: Sandisk 8GB<\/p>\n<\/li>\n<li data-start=\"1063\" data-end=\"1084\">\n<p data-start=\"1065\" data-end=\"1084\"><strong data-start=\"1065\" data-end=\"1074\">Board<\/strong>: 32-bit<\/p>\n<\/li>\n<\/ul>\n<hr data-start=\"1086\" data-end=\"1089\" \/>\n<h3 data-start=\"1091\" data-end=\"1127\">\ud83d\udce6 <strong data-start=\"1098\" data-end=\"1127\">K\u00edch th\u01b0\u1edbc &amp; Tr\u1ecdng l\u01b0\u1ee3ng:<\/strong><\/h3>\n<ul data-start=\"1128\" data-end=\"1300\">\n<li data-start=\"1128\" data-end=\"1174\">\n<p data-start=\"1130\" data-end=\"1174\"><strong data-start=\"1130\" data-end=\"1153\">K\u00edch th\u01b0\u1edbc \u0111\u00f3ng g\u00f3i<\/strong>: 185 \u00d7 130 \u00d7 55 mm<\/p>\n<\/li>\n<li data-start=\"1175\" data-end=\"1211\">\n<p data-start=\"1177\" data-end=\"1211\"><strong data-start=\"1177\" data-end=\"1204\">Tr\u1ecdng l\u01b0\u1ee3ng t\u1ecbnh (N.W.)<\/strong>: 96g<\/p>\n<\/li>\n<li data-start=\"1212\" data-end=\"1249\">\n<p data-start=\"1214\" data-end=\"1249\"><strong data-start=\"1214\" data-end=\"1241\">Tr\u1ecdng l\u01b0\u1ee3ng t\u1ed5ng (G.W.)<\/strong>: 186g<\/p>\n<\/li>\n<li data-start=\"1250\" data-end=\"1300\">\n<p data-start=\"1252\" data-end=\"1300\"><strong data-start=\"1252\" data-end=\"1267\">M\u00e3 s\u1ea3n ph\u1ea9m<\/strong>: Silent Mainboard Kit 4002020069<\/p>\n<\/li>\n<\/ul>\n<hr data-start=\"1302\" data-end=\"1305\" \/>\n<p data-start=\"1307\" data-end=\"1444\" data-is-last-node=\"\" data-is-only-node=\"\">\ud83d\udccc <strong data-start=\"1310\" data-end=\"1345\">D\u00f9ng cho m\u00e1y in 3D Creality K1C: <a href=\"https:\/\/nge.vn\/en\/product\/may-in-3d-creality-k1c-chuyen-in-soi-carbon-toc-do-max-600mm-s-prinitng-size-222225cm\/\">https:\/\/nge.vn\/san-pham\/may-in-3d-creality-k1c-chuyen-in-soi-carbon-toc-do-max-600mm-s-prinitng-size-222225cm<\/a><\/strong><\/p>\n<p>&nbsp;<\/p>\n<p data-start=\"1307\" data-end=\"1444\" data-is-last-node=\"\" data-is-only-node=\"\">_\u0110\u00e2y l\u00e0 c\u00e1c trang b\u00e1n h\u00e0ng b\u00ean m\u00ecnh NGE 3D Printer Services chuy\u00ean cung c\u1ea5p Nh\u1ef1a in 3D v\u00e0 M\u00e1y in 3D c\u1ee7a H\u00e3ng ESUN, Flsun, BIQU, Creality, eMake3d&#8230;<br \/>\n\ud83d\uded2Shopee =&gt; https:\/\/shopee.vn\/nge3dprinter<br \/>\n\ud83d\uded2Shopee =&gt; https:\/\/shopee.vn\/nge3dservices<br \/>\n\ud83d\uded2Shopee Voron v\u00e0 eMake3D =&gt; https:\/\/shopee.vn\/3dmasterpower<br \/>\n\ud83d\uded2Shopee eMake3D =&gt; https:\/\/shopee.vn\/nge3dprinting<br \/>\n\ud83d\uded2Lazada =&gt; https:\/\/www.lazada.vn\/shop\/nge-3d-printer<br \/>\n\ud83d\uded2Lazada =&gt; https:\/\/www.lazada.vn\/shop\/nge-3d-printer-services<br \/>\n\ud83d\uded2Lazada =&gt; https:\/\/www.lazada.vn\/shop\/emake3d-vn<br \/>\n\ud83d\uded2Webslite Th\u1ebf H\u1ec7 K\u1ebf Ti\u1ebfp =&gt;https:\/\/www.theheketiep.com\/<br \/>\n\ud83d\uded2Webslite NGE.VN =&gt;https:\/\/www.nge.vn\/<br \/>\nHo\u1eb7c b\u1ea1n g\u1ecdi 094.144.0951 g\u1eb7p m\u00ecnh<br \/>\nHo\u1eb7c 0913939775 g\u1eb7p anh Qu\u00e2n<br \/>\n** Price does not include VAT (+8 or 10% if VAT invoice is issued)<\/p>","protected":false},"excerpt":{"rendered":"<p data-start=\"167\" data-end=\"362\">Mainboard Kit Silent cho m\u00e1y in 3D Creality K1C \u2013 d\u00f9ng chip ARM GD32F303RET6, vi x\u1eed l\u00fd X2000E, driver TMC2209, board 32-bit. Ho\u1ea1t \u0111\u1ed9ng \u00eam \u00e1i, \u1ed5n \u0111\u1ecbnh, ch\u00ednh h\u00e3ng Creality.<\/p>","protected":false},"featured_media":5848,"comment_status":"open","ping_status":"closed","template":"","meta":{"inline_featured_image":false},"product_brand":[],"product_cat":[462,40,56],"product_tag":[668,495,656,669,670,666,667,663],"class_list":{"0":"post-5847","1":"product","2":"type-product","3":"status-publish","4":"has-post-thumbnail","6":"product_cat-board-va-man-hinh-dieu-khien","7":"product_cat-linh-kien-va-phu-kien","8":"product_cat-linh-phu-kien-may-in-3d-creality","9":"product_tag-bomachin3d","10":"product_tag-creality","11":"product_tag-crealityk1c","12":"product_tag-crealityoriginal","13":"product_tag-linhkienin3d","14":"product_tag-mainboard","15":"product_tag-mainboardkitk1c","16":"product_tag-nge3d","18":"first","19":"instock","20":"taxable","21":"shipping-taxable","22":"purchasable","23":"product-type-simple"},"yoast_head":"<!-- This site is optimized with the Yoast SEO Premium plugin v22.8 (Yoast SEO v26.9) - https:\/\/yoast.com\/product\/yoast-seo-premium-wordpress\/ -->\n<title>Board \u0111i\u1ec1u khi\u1ec3n m\u00e1y in 3d Creality K1C Mainboard Kit - NGE 3D Printers Services<\/title>\n<meta name=\"description\" content=\"Mainboard Kit Silent cho Creality K1C, d\u00f9ng chip ARM GD32F303RET6, X2000E, driver TMC2209. Board 32bit ch\u00ednh h\u00e3ng, ho\u1ea1t \u0111\u1ed9ng \u1ed5n \u0111\u1ecbnh v\u00e0 \u00eam \u00e1i.\" \/>\n<meta name=\"robots\" content=\"index, follow, max-snippet:-1, max-image-preview:large, max-video-preview:-1\" \/>\n<link rel=\"canonical\" href=\"https:\/\/nge.vn\/en\/product\/board-dieu-khien-may-in-3d-creality-k1c-mainboard-kit\/\" \/>\n<meta property=\"og:locale\" content=\"en_US\" \/>\n<meta property=\"og:type\" content=\"article\" \/>\n<meta property=\"og:title\" content=\"Board \u0111i\u1ec1u khi\u1ec3n m\u00e1y in 3d Creality K1C Mainboard Kit\" \/>\n<meta property=\"og:description\" content=\"Mainboard Kit Silent cho Creality K1C, d\u00f9ng chip ARM GD32F303RET6, X2000E, driver TMC2209. Board 32bit ch\u00ednh h\u00e3ng, ho\u1ea1t \u0111\u1ed9ng \u1ed5n \u0111\u1ecbnh v\u00e0 \u00eam \u00e1i.\" \/>\n<meta property=\"og:url\" content=\"https:\/\/nge.vn\/en\/product\/board-dieu-khien-may-in-3d-creality-k1c-mainboard-kit\/\" \/>\n<meta property=\"og:site_name\" content=\"NGE 3D Printers Services\" \/>\n<meta property=\"article:modified_time\" content=\"2025-07-31T11:42:46+00:00\" \/>\n<meta property=\"og:image\" content=\"https:\/\/nge.vn\/wp-content\/uploads\/2025\/07\/vn-11134207-7ras8-mcd1qrduvrr92e_tn.jpeg\" \/>\n\t<meta property=\"og:image:width\" content=\"320\" \/>\n\t<meta property=\"og:image:height\" content=\"320\" \/>\n\t<meta property=\"og:image:type\" content=\"image\/jpeg\" \/>\n<meta name=\"twitter:card\" content=\"summary_large_image\" \/>\n<meta name=\"twitter:label1\" content=\"Est. reading time\" \/>\n\t<meta name=\"twitter:data1\" content=\"2 minutes\" \/>\n<script type=\"application\/ld+json\" class=\"yoast-schema-graph\">{\"@context\":\"https:\/\/schema.org\",\"@graph\":[{\"@type\":\"WebPage\",\"@id\":\"https:\/\/nge.vn\/san-pham\/board-dieu-khien-may-in-3d-creality-k1c-mainboard-kit\/\",\"url\":\"https:\/\/nge.vn\/san-pham\/board-dieu-khien-may-in-3d-creality-k1c-mainboard-kit\/\",\"name\":\"Board \u0111i\u1ec1u khi\u1ec3n m\u00e1y in 3d Creality K1C Mainboard Kit - NGE 3D Printers Services\",\"isPartOf\":{\"@id\":\"https:\/\/nge.vn\/#website\"},\"primaryImageOfPage\":{\"@id\":\"https:\/\/nge.vn\/san-pham\/board-dieu-khien-may-in-3d-creality-k1c-mainboard-kit\/#primaryimage\"},\"image\":{\"@id\":\"https:\/\/nge.vn\/san-pham\/board-dieu-khien-may-in-3d-creality-k1c-mainboard-kit\/#primaryimage\"},\"thumbnailUrl\":\"https:\/\/nge.vn\/wp-content\/uploads\/2025\/07\/vn-11134207-7ras8-mcd1qrduvrr92e_tn.jpeg\",\"datePublished\":\"2025-07-31T11:39:14+00:00\",\"dateModified\":\"2025-07-31T11:42:46+00:00\",\"description\":\"Mainboard Kit Silent cho Creality K1C, d\u00f9ng chip ARM GD32F303RET6, X2000E, driver TMC2209. Board 32bit ch\u00ednh h\u00e3ng, ho\u1ea1t \u0111\u1ed9ng \u1ed5n \u0111\u1ecbnh v\u00e0 \u00eam \u00e1i.\",\"breadcrumb\":{\"@id\":\"https:\/\/nge.vn\/san-pham\/board-dieu-khien-may-in-3d-creality-k1c-mainboard-kit\/#breadcrumb\"},\"inLanguage\":\"en-US\",\"potentialAction\":[{\"@type\":\"ReadAction\",\"target\":[\"https:\/\/nge.vn\/san-pham\/board-dieu-khien-may-in-3d-creality-k1c-mainboard-kit\/\"]}]},{\"@type\":\"ImageObject\",\"inLanguage\":\"en-US\",\"@id\":\"https:\/\/nge.vn\/san-pham\/board-dieu-khien-may-in-3d-creality-k1c-mainboard-kit\/#primaryimage\",\"url\":\"https:\/\/nge.vn\/wp-content\/uploads\/2025\/07\/vn-11134207-7ras8-mcd1qrduvrr92e_tn.jpeg\",\"contentUrl\":\"https:\/\/nge.vn\/wp-content\/uploads\/2025\/07\/vn-11134207-7ras8-mcd1qrduvrr92e_tn.jpeg\",\"width\":320,\"height\":320,\"caption\":\"board k1c\"},{\"@type\":\"BreadcrumbList\",\"@id\":\"https:\/\/nge.vn\/san-pham\/board-dieu-khien-may-in-3d-creality-k1c-mainboard-kit\/#breadcrumb\",\"itemListElement\":[{\"@type\":\"ListItem\",\"position\":1,\"name\":\"Trang ch\u1ee7\",\"item\":\"https:\/\/nge.vn\/\"},{\"@type\":\"ListItem\",\"position\":2,\"name\":\"S\u1ea3n ph\u1ea9m\",\"item\":\"https:\/\/nge.vn\/san-pham\/\"},{\"@type\":\"ListItem\",\"position\":3,\"name\":\"Board \u0111i\u1ec1u khi\u1ec3n m\u00e1y in 3d Creality K1C Mainboard Kit\"}]},{\"@type\":\"WebSite\",\"@id\":\"https:\/\/nge.vn\/#website\",\"url\":\"https:\/\/nge.vn\/\",\"name\":\"NGE 3D Printers Services\",\"description\":\"\",\"potentialAction\":[{\"@type\":\"SearchAction\",\"target\":{\"@type\":\"EntryPoint\",\"urlTemplate\":\"https:\/\/nge.vn\/?s={search_term_string}\"},\"query-input\":{\"@type\":\"PropertyValueSpecification\",\"valueRequired\":true,\"valueName\":\"search_term_string\"}}],\"inLanguage\":\"en-US\"}]}<\/script>\n<!-- \/ Yoast SEO Premium plugin. -->","yoast_head_json":{"title":"Board \u0111i\u1ec1u khi\u1ec3n m\u00e1y in 3d Creality K1C Mainboard Kit - NGE 3D Printers Services","description":"Mainboard Kit Silent cho Creality K1C, d\u00f9ng chip ARM GD32F303RET6, X2000E, driver TMC2209. Board 32bit ch\u00ednh h\u00e3ng, ho\u1ea1t \u0111\u1ed9ng \u1ed5n \u0111\u1ecbnh v\u00e0 \u00eam \u00e1i.","robots":{"index":"index","follow":"follow","max-snippet":"max-snippet:-1","max-image-preview":"max-image-preview:large","max-video-preview":"max-video-preview:-1"},"canonical":"https:\/\/nge.vn\/en\/product\/board-dieu-khien-may-in-3d-creality-k1c-mainboard-kit\/","og_locale":"en_US","og_type":"article","og_title":"Board \u0111i\u1ec1u khi\u1ec3n m\u00e1y in 3d Creality K1C Mainboard Kit","og_description":"Mainboard Kit Silent cho Creality K1C, d\u00f9ng chip ARM GD32F303RET6, X2000E, driver TMC2209. Board 32bit ch\u00ednh h\u00e3ng, ho\u1ea1t \u0111\u1ed9ng \u1ed5n \u0111\u1ecbnh v\u00e0 \u00eam \u00e1i.","og_url":"https:\/\/nge.vn\/en\/product\/board-dieu-khien-may-in-3d-creality-k1c-mainboard-kit\/","og_site_name":"NGE 3D Printers Services","article_modified_time":"2025-07-31T11:42:46+00:00","og_image":[{"width":320,"height":320,"url":"https:\/\/nge.vn\/wp-content\/uploads\/2025\/07\/vn-11134207-7ras8-mcd1qrduvrr92e_tn.jpeg","type":"image\/jpeg"}],"twitter_card":"summary_large_image","twitter_misc":{"Est. reading time":"2 minutes"},"schema":{"@context":"https:\/\/schema.org","@graph":[{"@type":"WebPage","@id":"https:\/\/nge.vn\/san-pham\/board-dieu-khien-may-in-3d-creality-k1c-mainboard-kit\/","url":"https:\/\/nge.vn\/san-pham\/board-dieu-khien-may-in-3d-creality-k1c-mainboard-kit\/","name":"Board \u0111i\u1ec1u khi\u1ec3n m\u00e1y in 3d Creality K1C Mainboard Kit - NGE 3D Printers Services","isPartOf":{"@id":"https:\/\/nge.vn\/#website"},"primaryImageOfPage":{"@id":"https:\/\/nge.vn\/san-pham\/board-dieu-khien-may-in-3d-creality-k1c-mainboard-kit\/#primaryimage"},"image":{"@id":"https:\/\/nge.vn\/san-pham\/board-dieu-khien-may-in-3d-creality-k1c-mainboard-kit\/#primaryimage"},"thumbnailUrl":"https:\/\/nge.vn\/wp-content\/uploads\/2025\/07\/vn-11134207-7ras8-mcd1qrduvrr92e_tn.jpeg","datePublished":"2025-07-31T11:39:14+00:00","dateModified":"2025-07-31T11:42:46+00:00","description":"Mainboard Kit Silent cho Creality K1C, d\u00f9ng chip ARM GD32F303RET6, X2000E, driver TMC2209. Board 32bit ch\u00ednh h\u00e3ng, ho\u1ea1t \u0111\u1ed9ng \u1ed5n \u0111\u1ecbnh v\u00e0 \u00eam \u00e1i.","breadcrumb":{"@id":"https:\/\/nge.vn\/san-pham\/board-dieu-khien-may-in-3d-creality-k1c-mainboard-kit\/#breadcrumb"},"inLanguage":"en-US","potentialAction":[{"@type":"ReadAction","target":["https:\/\/nge.vn\/san-pham\/board-dieu-khien-may-in-3d-creality-k1c-mainboard-kit\/"]}]},{"@type":"ImageObject","inLanguage":"en-US","@id":"https:\/\/nge.vn\/san-pham\/board-dieu-khien-may-in-3d-creality-k1c-mainboard-kit\/#primaryimage","url":"https:\/\/nge.vn\/wp-content\/uploads\/2025\/07\/vn-11134207-7ras8-mcd1qrduvrr92e_tn.jpeg","contentUrl":"https:\/\/nge.vn\/wp-content\/uploads\/2025\/07\/vn-11134207-7ras8-mcd1qrduvrr92e_tn.jpeg","width":320,"height":320,"caption":"board k1c"},{"@type":"BreadcrumbList","@id":"https:\/\/nge.vn\/san-pham\/board-dieu-khien-may-in-3d-creality-k1c-mainboard-kit\/#breadcrumb","itemListElement":[{"@type":"ListItem","position":1,"name":"Trang ch\u1ee7","item":"https:\/\/nge.vn\/"},{"@type":"ListItem","position":2,"name":"S\u1ea3n ph\u1ea9m","item":"https:\/\/nge.vn\/san-pham\/"},{"@type":"ListItem","position":3,"name":"Board \u0111i\u1ec1u khi\u1ec3n m\u00e1y in 3d Creality K1C Mainboard Kit"}]},{"@type":"WebSite","@id":"https:\/\/nge.vn\/#website","url":"https:\/\/nge.vn\/","name":"NGE 3D Printers Services","description":"","potentialAction":[{"@type":"SearchAction","target":{"@type":"EntryPoint","urlTemplate":"https:\/\/nge.vn\/?s={search_term_string}"},"query-input":{"@type":"PropertyValueSpecification","valueRequired":true,"valueName":"search_term_string"}}],"inLanguage":"en-US"}]}},"_links":{"self":[{"href":"https:\/\/nge.vn\/en\/wp-json\/wp\/v2\/product\/5847","targetHints":{"allow":["GET"]}}],"collection":[{"href":"https:\/\/nge.vn\/en\/wp-json\/wp\/v2\/product"}],"about":[{"href":"https:\/\/nge.vn\/en\/wp-json\/wp\/v2\/types\/product"}],"replies":[{"embeddable":true,"href":"https:\/\/nge.vn\/en\/wp-json\/wp\/v2\/comments?post=5847"}],"wp:featuredmedia":[{"embeddable":true,"href":"https:\/\/nge.vn\/en\/wp-json\/wp\/v2\/media\/5848"}],"wp:attachment":[{"href":"https:\/\/nge.vn\/en\/wp-json\/wp\/v2\/media?parent=5847"}],"wp:term":[{"taxonomy":"product_brand","embeddable":true,"href":"https:\/\/nge.vn\/en\/wp-json\/wp\/v2\/product_brand?post=5847"},{"taxonomy":"product_cat","embeddable":true,"href":"https:\/\/nge.vn\/en\/wp-json\/wp\/v2\/product_cat?post=5847"},{"taxonomy":"product_tag","embeddable":true,"href":"https:\/\/nge.vn\/en\/wp-json\/wp\/v2\/product_tag?post=5847"}],"curies":[{"name":"wp","href":"https:\/\/api.w.org\/{rel}","templated":true}]}}