{"id":5832,"date":"2025-07-31T17:48:45","date_gmt":"2025-07-31T10:48:45","guid":{"rendered":"https:\/\/nge.vn\/?post_type=product&#038;p=5832"},"modified":"2025-08-16T16:17:33","modified_gmt":"2025-08-16T09:17:33","slug":"hotend-adapter-plate-k1-nozzle-c-v13","status":"publish","type":"product","link":"https:\/\/nge.vn\/en\/product\/hotend-adapter-plate-k1-nozzle-c-v13\/","title":{"rendered":"Hotend Adapter Plate c\u1ee5m \u0111\u00f9n K1_NOZZLE-C-V13 cho m\u00e1y in 3d"},"content":{"rendered":"<h2 data-start=\"193\" data-end=\"256\">\ud83d\udd39 Hotend Adapter Plate \u2013 D\u00f9ng cho c\u1ee5m \u0111\u00f9n K1_NOZZLE-C-V13<\/h2>\n<p data-start=\"257\" data-end=\"326\"><strong data-start=\"257\" data-end=\"326\">T\u01b0\u01a1ng th\u00edch c\u00e1c d\u00f2ng m\u00e1y in 3D Creality K1 \/ K1C \/ K1 SE \/ K1 Max<\/strong><\/p>\n<p data-start=\"257\" data-end=\"326\"><strong>Version m\u1edbi 2025 v\u00e0 version c\u0169 2023-2024 s\u1ebd kh\u00e1c nhau ph\u1ea7n \u0111\u1ea7u jack c\u1eafm n\u00ean Anh\/Ch\u1ecb vui l\u00f2ng xem k\u1ef9 ho\u1eb7c li\u00ean h\u1ec7 shop \u0111\u1ec3 \u0111\u01b0\u1ee3c t\u01b0 v\u1ea5n tr\u01b0\u1edbc khi \u0111\u1eb7t. C\u00e1c linh ki\u1ec7n c\u1ee5m \u0111\u00f9n c\u0169ng v\u1eady !<\/strong><\/p>\n<h3 data-start=\"328\" data-end=\"352\">\u2705 Phi\u00ean b\u1ea3n s\u1ea3n ph\u1ea9m c\u1ee5m \u0111\u00f9n K1_NOZZLE-C-V13<\/h3>\n<ul data-start=\"353\" data-end=\"554\">\n<li data-start=\"353\" data-end=\"429\">\n<p data-start=\"355\" data-end=\"429\"><strong data-start=\"355\" data-end=\"376\">Version 2023\u20132024<\/strong><br data-start=\"376\" data-end=\"379\" \/>\u27a4 <em data-start=\"383\" data-end=\"388\">SKU<\/em>: 2101010163<br data-start=\"400\" data-end=\"403\" \/>\u27a4 \u0110\u1ea7u jack c\u1eafm ki\u1ec3u c\u0169<\/p>\n<\/li>\n<li data-start=\"430\" data-end=\"554\">\n<p data-start=\"432\" data-end=\"554\"><strong data-start=\"432\" data-end=\"454\">Version 2025 (m\u1edbi)<\/strong><br data-start=\"454\" data-end=\"457\" \/>\u27a4 <em data-start=\"461\" data-end=\"466\">SKU<\/em>: 2101020308<br data-start=\"478\" data-end=\"481\" \/>\u27a4 \u0110\u1ea7u jack c\u1eafm thi\u1ebft k\u1ebf m\u1edbi \u2013 anh ch\u1ecb vui l\u00f2ng ki\u1ec3m tra k\u1ef9 tr\u01b0\u1edbc khi \u0111\u1eb7t h\u00e0ng<\/p>\n<\/li>\n<\/ul>\n<p data-start=\"556\" data-end=\"830\">\ud83d\udccc <strong data-start=\"559\" data-end=\"580\">L\u01b0u \u00fd quan tr\u1ecdng:<\/strong><br data-start=\"580\" data-end=\"583\" \/>C\u00e1c phi\u00ean b\u1ea3n <em data-start=\"597\" data-end=\"608\">2023\u20132024<\/em> v\u00e0 <em data-start=\"612\" data-end=\"618\">2025<\/em> <strong data-start=\"619\" data-end=\"656\">kh\u00e1c nhau \u1edf ph\u1ea7n \u0111\u1ea7u jack k\u1ebft n\u1ed1i<\/strong>.<br data-start=\"657\" data-end=\"660\" \/>Vui l\u00f2ng ki\u1ec3m tra k\u1ef9 model m\u00e1y in ho\u1eb7c <strong data-start=\"699\" data-end=\"744\">li\u00ean h\u1ec7 shop \u0111\u1ec3 \u0111\u01b0\u1ee3c t\u01b0 v\u1ea5n tr\u01b0\u1edbc khi mua<\/strong>.<br data-start=\"745\" data-end=\"748\" \/>(C\u00e1c linh ki\u1ec7n trong c\u1ee5m \u0111\u00f9n kh\u00e1c c\u0169ng c\u00f3 th\u1ec3 kh\u00f4ng t\u01b0\u01a1ng th\u00edch gi\u1eefa 2 phi\u00ean b\u1ea3n.)<\/p>\n<hr data-start=\"832\" data-end=\"835\" \/>\n<h3 data-start=\"837\" data-end=\"862\">\ud83d\udee0 Th\u00f4ng tin k\u1ef9 thu\u1eadt<\/h3>\n<ul data-start=\"863\" data-end=\"1018\">\n<li data-start=\"863\" data-end=\"887\">\n<p data-start=\"865\" data-end=\"887\"><strong data-start=\"865\" data-end=\"880\">Tr\u1ecdng l\u01b0\u1ee3ng<\/strong>: 15g<\/p>\n<\/li>\n<li data-start=\"888\" data-end=\"922\">\n<p data-start=\"890\" data-end=\"922\"><strong data-start=\"890\" data-end=\"904\">K\u00edch th\u01b0\u1edbc<\/strong>: 5 \u00d7 4.5 \u00d7 2 cm<\/p>\n<\/li>\n<li data-start=\"923\" data-end=\"993\">\n<p data-start=\"925\" data-end=\"993\"><strong data-start=\"925\" data-end=\"942\">Vi x\u1eed l\u00fd (IC)<\/strong>: T9_GD32F303CBT6 A041707 PJ2429 (Cigodevice ARM)<\/p>\n<\/li>\n<li data-start=\"994\" data-end=\"1018\">\n<p data-start=\"996\" data-end=\"1018\"><strong data-start=\"996\" data-end=\"1006\">Driver<\/strong>: TMC 2209<\/p>\n<\/li>\n<\/ul>\n<hr data-start=\"1020\" data-end=\"1023\" \/>\n<h3 data-start=\"1025\" data-end=\"1053\">\u2699\ufe0f T\u01b0\u01a1ng th\u00edch m\u00e1y in 3D<\/h3>\n<ul data-start=\"1054\" data-end=\"1123\">\n<li data-start=\"1054\" data-end=\"1069\">\n<p data-start=\"1056\" data-end=\"1069\">Creality K1<\/p>\n<\/li>\n<li data-start=\"1070\" data-end=\"1086\">\n<p data-start=\"1072\" data-end=\"1086\">Creality K1C<\/p>\n<\/li>\n<li data-start=\"1087\" data-end=\"1105\">\n<p data-start=\"1089\" data-end=\"1105\">Creality K1 SE<\/p>\n<\/li>\n<li data-start=\"1106\" data-end=\"1123\">\n<p data-start=\"1108\" data-end=\"1123\">Creality K1 Max<\/p>\n<p>Website: <a href=\"https:\/\/nge.vn\/en\/\">nge.vn<\/a><br \/>\nM\u00e1y in K1C: <a href=\"https:\/\/nge.vn\/en\/product\/may-in-3d-creality-k1c-chuyen-in-soi-carbon-toc-do-max-600mm-s-prinitng-size-222225cm\/\">https:\/\/nge.vn\/san-pham\/may-in-3d-creality-k1c-chuyen-in-soi-carbon-toc-do-max-600mm-s-prinitng-size-222225cm<\/a><\/p>\n<p>_\u0110\u00e2y l\u00e0 c\u00e1c trang b\u00e1n h\u00e0ng b\u00ean m\u00ecnh NGE 3D Printer Services chuy\u00ean cung c\u1ea5p Nh\u1ef1a in 3D v\u00e0 M\u00e1y in 3D c\u1ee7a H\u00e3ng ESUN, Flsun, BIQU, Creality, eMake3d&#8230;<\/p>\n<p>\ud83d\uded2Shopee =&gt; <a href=\"https:\/\/shopee.vn\/nge3dprinter\">https:\/\/shopee.vn\/nge3dprinter<\/a><br \/>\n\ud83d\uded2Shopee =&gt; <a href=\"https:\/\/shopee.vn\/nge3dservices\">https:\/\/shopee.vn\/nge3dservices<\/a><br \/>\n\ud83d\uded2Shopee Voron v\u00e0 eMake3D =&gt; <a href=\"https:\/\/shopee.vn\/3dmasterpower\">https:\/\/shopee.vn\/3dmasterpower<\/a><br \/>\n\ud83d\uded2Shopee eMake3D =&gt; <a href=\"https:\/\/shopee.vn\/nge3dprinting\">https:\/\/shopee.vn\/nge3dprinting<\/a><br \/>\n\ud83d\uded2Lazada =&gt; <a href=\"https:\/\/www.lazada.vn\/shop\/nge-3d-printer\">https:\/\/www.lazada.vn\/shop\/nge-3d-printer<\/a><br \/>\n\ud83d\uded2Lazada =&gt; <a href=\"https:\/\/www.lazada.vn\/shop\/nge-3d-printer-services\">https:\/\/www.lazada.vn\/shop\/nge-3d-printer-services<\/a><br \/>\n\ud83d\uded2Lazada =&gt; <a href=\"https:\/\/www.lazada.vn\/shop\/emake3d-vn\">https:\/\/www.lazada.vn\/shop\/emake3d-vn<\/a><br \/>\n\ud83d\uded2Webslite Th\u1ebf H\u1ec7 K\u1ebf Ti\u1ebfp =&gt;<a href=\"https:\/\/www.theheketiep.com\/\">https:\/\/www.theheketiep.com\/<\/a><br \/>\n\ud83d\uded2Webslite NGE.VN =&gt;<a href=\"https:\/\/nge.vn\/en\/\">https:\/\/www.nge.vn\/<\/a><br \/>\nHo\u1eb7c b\u1ea1n g\u1ecdi 094.144.0951 g\u1eb7p m\u00ecnh<br \/>\nHo\u1eb7c 0913939775 g\u1eb7p anh Qu\u00e2n<br \/>\n** Price does not include VAT (+8 or 10% if VAT invoice is issued)<\/li>\n<\/ul>","protected":false},"excerpt":{"rendered":"<p data-start=\"98\" data-end=\"299\">Hotend Adapter Plate K1_NOZZLE-C-V13 d\u00f9ng cho Creality K1\/K1C\/K1 SE\/K1 Max, version 2023-2024 v\u00e0 version 2025<\/p>","protected":false},"featured_media":5836,"comment_status":"open","ping_status":"closed","template":"","meta":{"inline_featured_image":false},"product_brand":[],"product_cat":[40,56],"product_tag":[654,656,655,657,653,662,660,658,661,663,659],"class_list":{"0":"post-5832","1":"product","2":"type-product","3":"status-publish","4":"has-post-thumbnail","6":"product_cat-linh-kien-va-phu-kien","7":"product_cat-linh-phu-kien-may-in-3d-creality","8":"product_tag-creality-k1","9":"product_tag-crealityk1c","10":"product_tag-crealityk1max","11":"product_tag-crealityk1se","12":"product_tag-hotendadapterplate","13":"product_tag-in3dchinhxac","14":"product_tag-k1nozzlecv13","15":"product_tag-linhkien3d","16":"product_tag-linhkienthaythe","17":"product_tag-nge3d","18":"product_tag-phukienmayin3d","20":"first","21":"instock","22":"taxable","23":"shipping-taxable","24":"purchasable","25":"product-type-variable"},"yoast_head":"<!-- This site is optimized with the Yoast SEO Premium plugin v22.8 (Yoast SEO v26.9) - https:\/\/yoast.com\/product\/yoast-seo-premium-wordpress\/ -->\n<title>Hotend Adapter Plate c\u1ee5m \u0111\u00f9n K1_NOZZLE-C-V13 cho m\u00e1y in 3d - NGE 3D Printers Services<\/title>\n<meta name=\"description\" content=\"Hotend Adapter Plate K1_NOZZLE-C-V13 d\u00f9ng cho Creality K1\/K1 Max\/K1C\/K1 SE. Version 2023-2024 v\u00e0 2025. T\u01b0\u01a1ng th\u00edch v\u1edbi c\u00e1c m\u00e1y In 3D Creality.\" \/>\n<meta name=\"robots\" content=\"index, follow, max-snippet:-1, max-image-preview:large, max-video-preview:-1\" \/>\n<link rel=\"canonical\" href=\"https:\/\/nge.vn\/en\/product\/hotend-adapter-plate-k1-nozzle-c-v13\/\" \/>\n<meta property=\"og:locale\" content=\"en_US\" \/>\n<meta property=\"og:type\" content=\"article\" \/>\n<meta property=\"og:title\" content=\"Hotend Adapter Plate c\u1ee5m \u0111\u00f9n K1_NOZZLE-C-V13 cho m\u00e1y in 3d\" \/>\n<meta property=\"og:description\" content=\"Hotend Adapter Plate K1_NOZZLE-C-V13 d\u00f9ng cho Creality K1\/K1 Max\/K1C\/K1 SE. Version 2023-2024 v\u00e0 2025. T\u01b0\u01a1ng th\u00edch v\u1edbi c\u00e1c m\u00e1y In 3D Creality.\" \/>\n<meta property=\"og:url\" content=\"https:\/\/nge.vn\/en\/product\/hotend-adapter-plate-k1-nozzle-c-v13\/\" \/>\n<meta property=\"og:site_name\" content=\"NGE 3D Printers Services\" \/>\n<meta property=\"article:modified_time\" content=\"2025-08-16T09:17:33+00:00\" \/>\n<meta property=\"og:image\" content=\"https:\/\/nge.vn\/wp-content\/uploads\/2025\/07\/vn-11134207-7ras8-m432qqum6sfk47.jpeg\" \/>\n\t<meta property=\"og:image:width\" content=\"960\" \/>\n\t<meta property=\"og:image:height\" content=\"960\" \/>\n\t<meta property=\"og:image:type\" content=\"image\/jpeg\" \/>\n<meta name=\"twitter:card\" content=\"summary_large_image\" \/>\n<meta name=\"twitter:label1\" content=\"Est. reading time\" \/>\n\t<meta name=\"twitter:data1\" content=\"2 minutes\" \/>\n<script type=\"application\/ld+json\" class=\"yoast-schema-graph\">{\"@context\":\"https:\/\/schema.org\",\"@graph\":[{\"@type\":\"WebPage\",\"@id\":\"https:\/\/nge.vn\/san-pham\/hotend-adapter-plate-k1-nozzle-c-v13\/\",\"url\":\"https:\/\/nge.vn\/san-pham\/hotend-adapter-plate-k1-nozzle-c-v13\/\",\"name\":\"Hotend Adapter Plate c\u1ee5m \u0111\u00f9n K1_NOZZLE-C-V13 cho m\u00e1y in 3d - NGE 3D Printers Services\",\"isPartOf\":{\"@id\":\"https:\/\/nge.vn\/#website\"},\"primaryImageOfPage\":{\"@id\":\"https:\/\/nge.vn\/san-pham\/hotend-adapter-plate-k1-nozzle-c-v13\/#primaryimage\"},\"image\":{\"@id\":\"https:\/\/nge.vn\/san-pham\/hotend-adapter-plate-k1-nozzle-c-v13\/#primaryimage\"},\"thumbnailUrl\":\"https:\/\/nge.vn\/wp-content\/uploads\/2025\/07\/vn-11134207-7ras8-m432qqum6sfk47.jpeg\",\"datePublished\":\"2025-07-31T10:48:45+00:00\",\"dateModified\":\"2025-08-16T09:17:33+00:00\",\"description\":\"Hotend Adapter Plate K1_NOZZLE-C-V13 d\u00f9ng cho Creality K1\/K1 Max\/K1C\/K1 SE. Version 2023-2024 v\u00e0 2025. T\u01b0\u01a1ng th\u00edch v\u1edbi c\u00e1c m\u00e1y In 3D Creality.\",\"breadcrumb\":{\"@id\":\"https:\/\/nge.vn\/san-pham\/hotend-adapter-plate-k1-nozzle-c-v13\/#breadcrumb\"},\"inLanguage\":\"en-US\",\"potentialAction\":[{\"@type\":\"ReadAction\",\"target\":[\"https:\/\/nge.vn\/san-pham\/hotend-adapter-plate-k1-nozzle-c-v13\/\"]}]},{\"@type\":\"ImageObject\",\"inLanguage\":\"en-US\",\"@id\":\"https:\/\/nge.vn\/san-pham\/hotend-adapter-plate-k1-nozzle-c-v13\/#primaryimage\",\"url\":\"https:\/\/nge.vn\/wp-content\/uploads\/2025\/07\/vn-11134207-7ras8-m432qqum6sfk47.jpeg\",\"contentUrl\":\"https:\/\/nge.vn\/wp-content\/uploads\/2025\/07\/vn-11134207-7ras8-m432qqum6sfk47.jpeg\",\"width\":960,\"height\":960,\"caption\":\"Hotend Adapter Plate c\u1ee5m \u0111\u00f9n K1_NOZZLE-C-V13 cho m\u00e1y in 3d Creality K1\/ K1C\/K1 SE v\u00e0 K1 Max...\"},{\"@type\":\"BreadcrumbList\",\"@id\":\"https:\/\/nge.vn\/san-pham\/hotend-adapter-plate-k1-nozzle-c-v13\/#breadcrumb\",\"itemListElement\":[{\"@type\":\"ListItem\",\"position\":1,\"name\":\"Trang ch\u1ee7\",\"item\":\"https:\/\/nge.vn\/\"},{\"@type\":\"ListItem\",\"position\":2,\"name\":\"S\u1ea3n ph\u1ea9m\",\"item\":\"https:\/\/nge.vn\/san-pham\/\"},{\"@type\":\"ListItem\",\"position\":3,\"name\":\"Hotend Adapter Plate c\u1ee5m \u0111\u00f9n K1_NOZZLE-C-V13 cho m\u00e1y in 3d\"}]},{\"@type\":\"WebSite\",\"@id\":\"https:\/\/nge.vn\/#website\",\"url\":\"https:\/\/nge.vn\/\",\"name\":\"NGE 3D Printers Services\",\"description\":\"\",\"potentialAction\":[{\"@type\":\"SearchAction\",\"target\":{\"@type\":\"EntryPoint\",\"urlTemplate\":\"https:\/\/nge.vn\/?s={search_term_string}\"},\"query-input\":{\"@type\":\"PropertyValueSpecification\",\"valueRequired\":true,\"valueName\":\"search_term_string\"}}],\"inLanguage\":\"en-US\"}]}<\/script>\n<!-- \/ Yoast SEO Premium plugin. -->","yoast_head_json":{"title":"Hotend Adapter Plate c\u1ee5m \u0111\u00f9n K1_NOZZLE-C-V13 cho m\u00e1y in 3d - NGE 3D Printers Services","description":"Hotend Adapter Plate K1_NOZZLE-C-V13 d\u00f9ng cho Creality K1\/K1 Max\/K1C\/K1 SE. Version 2023-2024 v\u00e0 2025. T\u01b0\u01a1ng th\u00edch v\u1edbi c\u00e1c m\u00e1y In 3D Creality.","robots":{"index":"index","follow":"follow","max-snippet":"max-snippet:-1","max-image-preview":"max-image-preview:large","max-video-preview":"max-video-preview:-1"},"canonical":"https:\/\/nge.vn\/en\/product\/hotend-adapter-plate-k1-nozzle-c-v13\/","og_locale":"en_US","og_type":"article","og_title":"Hotend Adapter Plate c\u1ee5m \u0111\u00f9n K1_NOZZLE-C-V13 cho m\u00e1y in 3d","og_description":"Hotend Adapter Plate K1_NOZZLE-C-V13 d\u00f9ng cho Creality K1\/K1 Max\/K1C\/K1 SE. Version 2023-2024 v\u00e0 2025. T\u01b0\u01a1ng th\u00edch v\u1edbi c\u00e1c m\u00e1y In 3D Creality.","og_url":"https:\/\/nge.vn\/en\/product\/hotend-adapter-plate-k1-nozzle-c-v13\/","og_site_name":"NGE 3D Printers Services","article_modified_time":"2025-08-16T09:17:33+00:00","og_image":[{"width":960,"height":960,"url":"https:\/\/nge.vn\/wp-content\/uploads\/2025\/07\/vn-11134207-7ras8-m432qqum6sfk47.jpeg","type":"image\/jpeg"}],"twitter_card":"summary_large_image","twitter_misc":{"Est. reading time":"2 minutes"},"schema":{"@context":"https:\/\/schema.org","@graph":[{"@type":"WebPage","@id":"https:\/\/nge.vn\/san-pham\/hotend-adapter-plate-k1-nozzle-c-v13\/","url":"https:\/\/nge.vn\/san-pham\/hotend-adapter-plate-k1-nozzle-c-v13\/","name":"Hotend Adapter Plate c\u1ee5m \u0111\u00f9n K1_NOZZLE-C-V13 cho m\u00e1y in 3d - NGE 3D Printers Services","isPartOf":{"@id":"https:\/\/nge.vn\/#website"},"primaryImageOfPage":{"@id":"https:\/\/nge.vn\/san-pham\/hotend-adapter-plate-k1-nozzle-c-v13\/#primaryimage"},"image":{"@id":"https:\/\/nge.vn\/san-pham\/hotend-adapter-plate-k1-nozzle-c-v13\/#primaryimage"},"thumbnailUrl":"https:\/\/nge.vn\/wp-content\/uploads\/2025\/07\/vn-11134207-7ras8-m432qqum6sfk47.jpeg","datePublished":"2025-07-31T10:48:45+00:00","dateModified":"2025-08-16T09:17:33+00:00","description":"Hotend Adapter Plate K1_NOZZLE-C-V13 d\u00f9ng cho Creality K1\/K1 Max\/K1C\/K1 SE. Version 2023-2024 v\u00e0 2025. T\u01b0\u01a1ng th\u00edch v\u1edbi c\u00e1c m\u00e1y In 3D Creality.","breadcrumb":{"@id":"https:\/\/nge.vn\/san-pham\/hotend-adapter-plate-k1-nozzle-c-v13\/#breadcrumb"},"inLanguage":"en-US","potentialAction":[{"@type":"ReadAction","target":["https:\/\/nge.vn\/san-pham\/hotend-adapter-plate-k1-nozzle-c-v13\/"]}]},{"@type":"ImageObject","inLanguage":"en-US","@id":"https:\/\/nge.vn\/san-pham\/hotend-adapter-plate-k1-nozzle-c-v13\/#primaryimage","url":"https:\/\/nge.vn\/wp-content\/uploads\/2025\/07\/vn-11134207-7ras8-m432qqum6sfk47.jpeg","contentUrl":"https:\/\/nge.vn\/wp-content\/uploads\/2025\/07\/vn-11134207-7ras8-m432qqum6sfk47.jpeg","width":960,"height":960,"caption":"Hotend Adapter Plate c\u1ee5m \u0111\u00f9n K1_NOZZLE-C-V13 cho m\u00e1y in 3d Creality K1\/ K1C\/K1 SE v\u00e0 K1 Max..."},{"@type":"BreadcrumbList","@id":"https:\/\/nge.vn\/san-pham\/hotend-adapter-plate-k1-nozzle-c-v13\/#breadcrumb","itemListElement":[{"@type":"ListItem","position":1,"name":"Trang ch\u1ee7","item":"https:\/\/nge.vn\/"},{"@type":"ListItem","position":2,"name":"S\u1ea3n ph\u1ea9m","item":"https:\/\/nge.vn\/san-pham\/"},{"@type":"ListItem","position":3,"name":"Hotend Adapter Plate c\u1ee5m \u0111\u00f9n K1_NOZZLE-C-V13 cho m\u00e1y in 3d"}]},{"@type":"WebSite","@id":"https:\/\/nge.vn\/#website","url":"https:\/\/nge.vn\/","name":"NGE 3D Printers Services","description":"","potentialAction":[{"@type":"SearchAction","target":{"@type":"EntryPoint","urlTemplate":"https:\/\/nge.vn\/?s={search_term_string}"},"query-input":{"@type":"PropertyValueSpecification","valueRequired":true,"valueName":"search_term_string"}}],"inLanguage":"en-US"}]}},"_links":{"self":[{"href":"https:\/\/nge.vn\/en\/wp-json\/wp\/v2\/product\/5832","targetHints":{"allow":["GET"]}}],"collection":[{"href":"https:\/\/nge.vn\/en\/wp-json\/wp\/v2\/product"}],"about":[{"href":"https:\/\/nge.vn\/en\/wp-json\/wp\/v2\/types\/product"}],"replies":[{"embeddable":true,"href":"https:\/\/nge.vn\/en\/wp-json\/wp\/v2\/comments?post=5832"}],"wp:featuredmedia":[{"embeddable":true,"href":"https:\/\/nge.vn\/en\/wp-json\/wp\/v2\/media\/5836"}],"wp:attachment":[{"href":"https:\/\/nge.vn\/en\/wp-json\/wp\/v2\/media?parent=5832"}],"wp:term":[{"taxonomy":"product_brand","embeddable":true,"href":"https:\/\/nge.vn\/en\/wp-json\/wp\/v2\/product_brand?post=5832"},{"taxonomy":"product_cat","embeddable":true,"href":"https:\/\/nge.vn\/en\/wp-json\/wp\/v2\/product_cat?post=5832"},{"taxonomy":"product_tag","embeddable":true,"href":"https:\/\/nge.vn\/en\/wp-json\/wp\/v2\/product_tag?post=5832"}],"curies":[{"name":"wp","href":"https:\/\/api.w.org\/{rel}","templated":true}]}}