{"id":5822,"date":"2025-07-31T17:04:37","date_gmt":"2025-07-31T10:04:37","guid":{"rendered":"https:\/\/nge.vn\/?post_type=product&#038;p=5822"},"modified":"2025-07-31T17:04:38","modified_gmt":"2025-07-31T10:04:38","slug":"dual-sided-printing-platform-board","status":"publish","type":"product","link":"https:\/\/nge.vn\/en\/product\/dual-sided-printing-platform-board\/","title":{"rendered":"T\u1ea5m b\u00e0n 2 m\u1eb7t Dual-Sided Printing PET &#8220;Phantom&#8221; Platform Board-315*310 cho m\u00e1y in 3d Creality K1 Max &#038; Ender 3 V3 PLus"},"content":{"rendered":"<div>\n<h2 data-start=\"157\" data-end=\"241\">\ud83d\udd39 T\u1ea5m N\u1ec1n PET &#8220;Phantom&#8221; Hai M\u1eb7t \u2013 Cho M\u00e1y In 3D Creality K1 Max, Ender-3 V3 Plus<\/h2>\n<h3 data-start=\"243\" data-end=\"268\">\u2705 T\u00ednh N\u0103ng N\u1ed5i B\u1eadt<\/h3>\n<ul data-start=\"269\" data-end=\"532\">\n<li data-start=\"269\" data-end=\"331\">\n<p data-start=\"271\" data-end=\"331\"><strong data-start=\"271\" data-end=\"296\">Ch\u1ee9c n\u0103ng s\u1eed d\u1ee5ng k\u00e9p<\/strong>, chuy\u1ec3n \u0111\u1ed5i linh ho\u1ea1t gi\u1eefa 2 m\u1eb7t<\/p>\n<\/li>\n<li data-start=\"332\" data-end=\"380\">\n<p data-start=\"334\" data-end=\"380\"><strong data-start=\"334\" data-end=\"355\">Ti\u1ebft ki\u1ec7m chi ph\u00ed<\/strong>, t\u0103ng hi\u1ec7u qu\u1ea3 s\u1eed d\u1ee5ng<\/p>\n<\/li>\n<li data-start=\"381\" data-end=\"430\">\n<p data-start=\"383\" data-end=\"430\"><strong data-start=\"383\" data-end=\"405\">D\u1ec5 d\u00e0ng th\u00e1o khu\u00f4n<\/strong>, kh\u00f4ng lo h\u1ecfng m\u00f4 h\u00ecnh<\/p>\n<\/li>\n<li data-start=\"431\" data-end=\"472\">\n<p data-start=\"433\" data-end=\"472\"><strong data-start=\"433\" data-end=\"449\">\u0110\u1ed9 ph\u1eb3ng cao<\/strong>, h\u1ed7 tr\u1ee3 in chu\u1ea9n x\u00e1c<\/p>\n<\/li>\n<li data-start=\"473\" data-end=\"532\">\n<p data-start=\"475\" data-end=\"532\"><strong data-start=\"475\" data-end=\"506\">Hoa v\u0103n PET m\u00e0u s\u1eafc \u0111\u1ed9c \u0111\u00e1o<\/strong>, n\u00e2ng t\u1ea7m th\u1ea9m m\u1ef9 m\u00f4 h\u00ecnh<\/p>\n<\/li>\n<\/ul>\n<hr data-start=\"534\" data-end=\"537\" \/>\n<h3 data-start=\"539\" data-end=\"575\">\ud83c\udf00 Thi\u1ebft K\u1ebf Hai M\u1eb7t Th\u00f4ng Minh<\/h3>\n<p data-start=\"576\" data-end=\"627\">K\u1ebft h\u1ee3p hai b\u1ec1 m\u1eb7t in \u0111\u1ec3 \u0111\u00e1p \u1ee9ng \u0111a d\u1ea1ng nhu c\u1ea7u:<\/p>\n<ul data-start=\"628\" data-end=\"768\">\n<li data-start=\"628\" data-end=\"705\">\n<p data-start=\"630\" data-end=\"705\"><strong data-start=\"630\" data-end=\"664\">PET b\u00f3ng v\u1edbi hoa v\u0103n &#8220;Phantom&#8221;<\/strong> \u2013 t\u1ea1o hi\u1ec7u \u1ee9ng \u0111\u1ed9c \u0111\u00e1o cho \u0111\u00e1y m\u00f4 h\u00ecnh<\/p>\n<\/li>\n<li data-start=\"706\" data-end=\"768\">\n<p data-start=\"708\" data-end=\"768\"><strong data-start=\"708\" data-end=\"722\">PEI \u0111en m\u1edd<\/strong> \u2013 \u0111\u1ed9 b\u00e1m d\u00ednh cao, ch\u1ed1ng cong v\u00eanh hi\u1ec7u qu\u1ea3<\/p>\n<\/li>\n<\/ul>\n<p data-start=\"770\" data-end=\"843\">\ud83d\udccc Chuy\u1ec3n \u0111\u1ed5i d\u1ec5 d\u00e0ng gi\u1eefa hai m\u1eb7t \u0111\u1ec3 linh ho\u1ea1t theo v\u1eadt li\u1ec7u v\u00e0 lo\u1ea1i in.<\/p>\n<hr data-start=\"845\" data-end=\"848\" \/>\n<h3 data-start=\"850\" data-end=\"889\">\ud83c\udf08 M\u00e0u S\u1eafc B\u1eaft M\u1eaft \u2013 H\u1ecda Ti\u1ebft \u0110\u1eb9p<\/h3>\n<p data-start=\"890\" data-end=\"980\">H\u1ecda ti\u1ebft \u1ea3o tr\u00ean l\u1edbp PET ph\u1ea3n chi\u1ebfu nhi\u1ec1u m\u00e0u s\u1eafc s\u1ed1ng \u0111\u1ed9ng d\u01b0\u1edbi \u00e1nh s\u00e1ng, l\u00fd t\u01b0\u1edfng cho:<\/p>\n<ul data-start=\"981\" data-end=\"1059\">\n<li data-start=\"981\" data-end=\"994\">\n<p data-start=\"983\" data-end=\"994\">\u0110\u1ebf l\u00f3t ly<\/p>\n<\/li>\n<li data-start=\"995\" data-end=\"1021\">\n<p data-start=\"997\" data-end=\"1021\">\u0110\u1ebf t\u00e1c ph\u1ea9m ngh\u1ec7 thu\u1eadt<\/p>\n<\/li>\n<li data-start=\"1022\" data-end=\"1059\">\n<p data-start=\"1024\" data-end=\"1059\">DIY nh\u1ea1c c\u1ee5 nh\u01b0 \u0111\u00e0n piano \u0111i\u1ec7n t\u1eed<\/p>\n<\/li>\n<\/ul>\n<hr data-start=\"1061\" data-end=\"1064\" \/>\n<h3 data-start=\"1066\" data-end=\"1100\">\ud83e\uddf2 B\u00e1m D\u00ednh T\u1ed1t \u2013 In \u1ed4n \u0110\u1ecbnh<\/h3>\n<ul data-start=\"1101\" data-end=\"1256\">\n<li data-start=\"1101\" data-end=\"1137\">\n<p data-start=\"1103\" data-end=\"1137\">T\u1ea5m th\u00e9p l\u00f2 xo m\u1ecfng, \u0111\u00e0n h\u1ed3i cao<\/p>\n<\/li>\n<li data-start=\"1138\" data-end=\"1199\">\n<p data-start=\"1140\" data-end=\"1199\"><strong data-start=\"1140\" data-end=\"1154\">B\u1ec1 m\u1eb7t PET<\/strong>: ch\u1ecbu nhi\u1ec7t ~80\u00b0C \u2013 ph\u00f9 h\u1ee3p PLA, PETG, TPU<\/p>\n<\/li>\n<li data-start=\"1200\" data-end=\"1256\">\n<p data-start=\"1202\" data-end=\"1256\"><strong data-start=\"1202\" data-end=\"1216\">B\u1ec1 m\u1eb7t PEI<\/strong>: b\u00e1m t\u1ed1t, h\u1ed7 tr\u1ee3 c\u1ea3 ABS, ASA, PA, PC&#8230;<\/p>\n<\/li>\n<\/ul>\n<hr data-start=\"1258\" data-end=\"1261\" \/>\n<h3 data-start=\"1263\" data-end=\"1303\">\ud83d\udd27 D\u1ec5 Th\u00e1o Khu\u00f4n \u2013 Kh\u00f4ng Bi\u1ebfn D\u1ea1ng<\/h3>\n<ul data-start=\"1304\" data-end=\"1425\">\n<li data-start=\"1304\" data-end=\"1337\">\n<p data-start=\"1306\" data-end=\"1337\">\u0110\u1ed9 ph\u1eb3ng cao, kh\u00f4ng cong v\u00eanh<\/p>\n<\/li>\n<li data-start=\"1338\" data-end=\"1380\">\n<p data-start=\"1340\" data-end=\"1380\">D\u1ec5 d\u00e0ng u\u1ed1n nh\u1eb9 \u0111\u1ec3 t\u00e1ch m\u00f4 h\u00ecnh sau in<\/p>\n<\/li>\n<li data-start=\"1381\" data-end=\"1425\">\n<p data-start=\"1383\" data-end=\"1425\">Gi\u00fap ti\u1ebft ki\u1ec7m th\u1eddi gian v\u00e0 h\u1ea1n ch\u1ebf l\u1ed7i in<\/p>\n<\/li>\n<\/ul>\n<hr data-start=\"1427\" data-end=\"1430\" \/>\n<h3 data-start=\"1432\" data-end=\"1458\">\ud83d\udce6 Th\u00f4ng S\u1ed1 S\u1ea3n Ph\u1ea9m<\/h3>\n<ul data-start=\"1459\" data-end=\"1799\">\n<li data-start=\"1459\" data-end=\"1510\">\n<p data-start=\"1461\" data-end=\"1510\"><strong data-start=\"1461\" data-end=\"1477\">T\u00ean s\u1ea3n ph\u1ea9m<\/strong>: T\u1ea5m n\u1ec1n PET \u201cPhantom\u201d hai m\u1eb7t<\/p>\n<\/li>\n<li data-start=\"1511\" data-end=\"1543\">\n<p data-start=\"1513\" data-end=\"1543\"><strong data-start=\"1513\" data-end=\"1527\">K\u00edch th\u01b0\u1edbc<\/strong>: 315 \u00d7 310 mm<\/p>\n<\/li>\n<li data-start=\"1544\" data-end=\"1601\">\n<p data-start=\"1546\" data-end=\"1601\"><strong data-start=\"1546\" data-end=\"1558\">D\u00e0nh cho<\/strong>: M\u00e1y in Creality K1 Max, Ender-3 V3 Plus<\/p>\n<\/li>\n<li data-start=\"1602\" data-end=\"1655\">\n<p data-start=\"1604\" data-end=\"1655\"><strong data-start=\"1604\" data-end=\"1617\">Ch\u1ea5t li\u1ec7u<\/strong>: PET b\u00f3ng + PEI m\u1edd + T\u1ea5m th\u00e9p l\u00f2 xo<\/p>\n<\/li>\n<li data-start=\"1656\" data-end=\"1693\">\n<p data-start=\"1658\" data-end=\"1693\"><strong data-start=\"1658\" data-end=\"1684\">Tr\u1ecdng l\u01b0\u1ee3ng t\u1ecbnh (G.W)<\/strong>: 0.6kg<\/p>\n<\/li>\n<li data-start=\"1694\" data-end=\"1731\">\n<p data-start=\"1696\" data-end=\"1731\"><strong data-start=\"1696\" data-end=\"1712\">Packing size<\/strong>: 330 \u00d7 345 \u00d7 8mm<\/p>\n<\/li>\n<li data-start=\"1732\" data-end=\"1799\">\n<p data-start=\"1734\" data-end=\"1799\"><strong data-start=\"1734\" data-end=\"1755\">S\u1ed1 l\u01b0\u1ee3ng \u0111\u00f3ng g\u00f3i<\/strong>: 20 chi\u1ebfc\/th\u00f9ng (carton: 395 \u00d7 380 \u00d7 245mm)<\/p>\n<\/li>\n<\/ul>\n<\/div>\n<div><\/div>\n<div>_Th\u00f4ng s\u1ed1 k\u1ef9 thu\u1eadt s\u1ea3n ph\u1ea9m<\/div>\n<div>+T\u00ean s\u1ea3n ph\u1ea9m: T\u1ea5m n\u1ec1n PET &#8220;Phantom&#8221; in hai m\u1eb7t<\/div>\n<div>+C\u00e1c model t\u01b0\u01a1ng th\u00edch: K1 Max, Ender-3 V3 Plus<\/div>\n<div>+K\u00edch th\u01b0\u1edbc: 315\u00d7310mm<\/div>\n<div>+ M\u00e1y in 3d K1 Max:<a href=\"https:\/\/nge.vn\/en\/product\/may-in-3d-creality-k1-max-toc-do-cao-va-do-chinh-xac-cao-vung-in-303030cm\/\"> https:\/\/nge.vn\/san-pham\/may-in-3d-creality-k1-max-toc-do-cao-va-do-chinh-xac-cao-vung-in-303030cm<\/a><\/p>\n<\/div>\n<div>_\u0110\u00e2y l\u00e0 c\u00e1c trang b\u00e1n h\u00e0ng b\u00ean m\u00ecnh NGE 3D Printer Services chuy\u00ean cung c\u1ea5p Nh\u1ef1a in 3D v\u00e0 M\u00e1y in 3D c\u1ee7a H\u00e3ng ESUN, Flsun, BIQU, Creality, eMake3d&#8230;<br \/>\n\ud83d\uded2Shopee =&gt; https:\/\/shopee.vn\/nge3dprinter<br \/>\n\ud83d\uded2Shopee =&gt; https:\/\/shopee.vn\/nge3dservices<br \/>\n\ud83d\uded2Shopee Voron v\u00e0 eMake3D =&gt; https:\/\/shopee.vn\/3dmasterpower<br \/>\n\ud83d\uded2Shopee eMake3D =&gt; https:\/\/shopee.vn\/nge3dprinting<br \/>\n\ud83d\uded2Lazada =&gt; https:\/\/www.lazada.vn\/shop\/nge-3d-printer<br \/>\n\ud83d\uded2Lazada =&gt; https:\/\/www.lazada.vn\/shop\/nge-3d-printer-services<br \/>\n\ud83d\uded2Lazada =&gt; https:\/\/www.lazada.vn\/shop\/emake3d-vn<br \/>\n\ud83d\uded2Webslite Th\u1ebf H\u1ec7 K\u1ebf Ti\u1ebfp =&gt;https:\/\/www.theheketiep.com\/<br \/>\n\ud83d\uded2Webslite NGE.VN =&gt;https:\/\/www.nge.vn\/<br \/>\nHo\u1eb7c b\u1ea1n g\u1ecdi 094.144.0951 g\u1eb7p m\u00ecnh<br \/>\nHo\u1eb7c 0913939775 g\u1eb7p anh Qu\u00e2n<br \/>\n** Price does not include VAT (+8 or 10% if VAT invoice is issued)<\/div>","protected":false},"excerpt":{"rendered":"<p>T\u1ea5m b\u00e0n 2 m\u1eb7t Dual-Sided Printing PET &#8220;Phantom&#8221; Platform Board<\/p>","protected":false},"featured_media":5823,"comment_status":"open","ping_status":"closed","template":"","meta":{"inline_featured_image":false},"product_brand":[],"product_cat":[40,56],"product_tag":[648,495,652,515,650,651],"class_list":{"0":"post-5822","1":"product","2":"type-product","3":"status-publish","4":"has-post-thumbnail","6":"product_cat-linh-kien-va-phu-kien","7":"product_cat-linh-phu-kien-may-in-3d-creality","8":"product_tag-3dprint","9":"product_tag-creality","10":"product_tag-ender3v3","11":"product_tag-k1max","12":"product_tag-phukien","13":"product_tag-platformboard","15":"first","16":"instock","17":"taxable","18":"shipping-taxable","19":"purchasable","20":"product-type-simple"},"yoast_head":"<!-- This site is optimized with the Yoast SEO Premium plugin v22.8 (Yoast SEO v26.9) - https:\/\/yoast.com\/product\/yoast-seo-premium-wordpress\/ -->\n<title>T\u1ea5m b\u00e0n 2 m\u1eb7t Dual-Sided Printing PET &quot;Phantom&quot; Platform Board-315*310 cho m\u00e1y in 3d Creality K1 Max &amp; Ender 3 V3 PLus - NGE 3D Printers Services<\/title>\n<meta name=\"description\" content=\"T\u1ea5m n\u1ec1n in 3D PET &#039;Phantom&#039; hai m\u1eb7t cho K1 Max, Ender-3 V3 Plus. Thi\u1ebft k\u1ebf PET + PEI, b\u00e1m d\u00ednh cao, th\u00e1o khu\u00f4n d\u1ec5, in \u1ed5n \u0111\u1ecbnh, h\u1ecda ti\u1ebft \u0111\u1eb9p, d\u1ec5 chuy\u1ec3n \u0111\u1ed5i.\" \/>\n<meta name=\"robots\" content=\"index, follow, max-snippet:-1, max-image-preview:large, max-video-preview:-1\" \/>\n<link rel=\"canonical\" href=\"https:\/\/nge.vn\/en\/product\/dual-sided-printing-platform-board\/\" \/>\n<meta property=\"og:locale\" content=\"en_US\" \/>\n<meta property=\"og:type\" content=\"article\" \/>\n<meta property=\"og:title\" content=\"T\u1ea5m b\u00e0n 2 m\u1eb7t Dual-Sided Printing PET &quot;Phantom&quot; Platform Board-315*310 cho m\u00e1y in 3d Creality K1 Max &amp; Ender 3 V3 PLus\" \/>\n<meta property=\"og:description\" content=\"T\u1ea5m n\u1ec1n in 3D PET &#039;Phantom&#039; hai m\u1eb7t cho K1 Max, Ender-3 V3 Plus. Thi\u1ebft k\u1ebf PET + PEI, b\u00e1m d\u00ednh cao, th\u00e1o khu\u00f4n d\u1ec5, in \u1ed5n \u0111\u1ecbnh, h\u1ecda ti\u1ebft \u0111\u1eb9p, d\u1ec5 chuy\u1ec3n \u0111\u1ed5i.\" \/>\n<meta property=\"og:url\" content=\"https:\/\/nge.vn\/en\/product\/dual-sided-printing-platform-board\/\" \/>\n<meta property=\"og:site_name\" content=\"NGE 3D Printers Services\" \/>\n<meta property=\"article:modified_time\" content=\"2025-07-31T10:04:38+00:00\" \/>\n<meta property=\"og:image\" content=\"https:\/\/nge.vn\/wp-content\/uploads\/2025\/07\/sg-11134201-7rdxu-mcku9lahy79c54_tn.jpeg\" \/>\n\t<meta property=\"og:image:width\" content=\"320\" \/>\n\t<meta property=\"og:image:height\" content=\"320\" \/>\n\t<meta property=\"og:image:type\" content=\"image\/jpeg\" \/>\n<meta name=\"twitter:card\" content=\"summary_large_image\" \/>\n<meta name=\"twitter:label1\" content=\"Est. reading time\" \/>\n\t<meta name=\"twitter:data1\" content=\"3 minutes\" \/>\n<script type=\"application\/ld+json\" class=\"yoast-schema-graph\">{\"@context\":\"https:\/\/schema.org\",\"@graph\":[{\"@type\":\"WebPage\",\"@id\":\"https:\/\/nge.vn\/san-pham\/dual-sided-printing-platform-board\/\",\"url\":\"https:\/\/nge.vn\/san-pham\/dual-sided-printing-platform-board\/\",\"name\":\"T\u1ea5m b\u00e0n 2 m\u1eb7t Dual-Sided Printing PET \\\"Phantom\\\" Platform Board-315*310 cho m\u00e1y in 3d Creality K1 Max & Ender 3 V3 PLus - NGE 3D Printers Services\",\"isPartOf\":{\"@id\":\"https:\/\/nge.vn\/#website\"},\"primaryImageOfPage\":{\"@id\":\"https:\/\/nge.vn\/san-pham\/dual-sided-printing-platform-board\/#primaryimage\"},\"image\":{\"@id\":\"https:\/\/nge.vn\/san-pham\/dual-sided-printing-platform-board\/#primaryimage\"},\"thumbnailUrl\":\"https:\/\/nge.vn\/wp-content\/uploads\/2025\/07\/sg-11134201-7rdxu-mcku9lahy79c54_tn.jpeg\",\"datePublished\":\"2025-07-31T10:04:37+00:00\",\"dateModified\":\"2025-07-31T10:04:38+00:00\",\"description\":\"T\u1ea5m n\u1ec1n in 3D PET 'Phantom' hai m\u1eb7t cho K1 Max, Ender-3 V3 Plus. Thi\u1ebft k\u1ebf PET + PEI, b\u00e1m d\u00ednh cao, th\u00e1o khu\u00f4n d\u1ec5, in \u1ed5n \u0111\u1ecbnh, h\u1ecda ti\u1ebft \u0111\u1eb9p, d\u1ec5 chuy\u1ec3n \u0111\u1ed5i.\",\"breadcrumb\":{\"@id\":\"https:\/\/nge.vn\/san-pham\/dual-sided-printing-platform-board\/#breadcrumb\"},\"inLanguage\":\"en-US\",\"potentialAction\":[{\"@type\":\"ReadAction\",\"target\":[\"https:\/\/nge.vn\/san-pham\/dual-sided-printing-platform-board\/\"]}]},{\"@type\":\"ImageObject\",\"inLanguage\":\"en-US\",\"@id\":\"https:\/\/nge.vn\/san-pham\/dual-sided-printing-platform-board\/#primaryimage\",\"url\":\"https:\/\/nge.vn\/wp-content\/uploads\/2025\/07\/sg-11134201-7rdxu-mcku9lahy79c54_tn.jpeg\",\"contentUrl\":\"https:\/\/nge.vn\/wp-content\/uploads\/2025\/07\/sg-11134201-7rdxu-mcku9lahy79c54_tn.jpeg\",\"width\":320,\"height\":320,\"caption\":\"T\u1ea5m b\u00e0n 2 m\u1eb7t Dual-Sided Printing PET \\\"Phantom\\\" Platform Board-315*310 cho m\u00e1y in 3d Creality K1 Max & Ender 3 V3 PLus\"},{\"@type\":\"BreadcrumbList\",\"@id\":\"https:\/\/nge.vn\/san-pham\/dual-sided-printing-platform-board\/#breadcrumb\",\"itemListElement\":[{\"@type\":\"ListItem\",\"position\":1,\"name\":\"Trang ch\u1ee7\",\"item\":\"https:\/\/nge.vn\/\"},{\"@type\":\"ListItem\",\"position\":2,\"name\":\"S\u1ea3n ph\u1ea9m\",\"item\":\"https:\/\/nge.vn\/san-pham\/\"},{\"@type\":\"ListItem\",\"position\":3,\"name\":\"T\u1ea5m b\u00e0n 2 m\u1eb7t Dual-Sided Printing PET &#8220;Phantom&#8221; Platform Board-315*310 cho m\u00e1y in 3d Creality K1 Max &#038; Ender 3 V3 PLus\"}]},{\"@type\":\"WebSite\",\"@id\":\"https:\/\/nge.vn\/#website\",\"url\":\"https:\/\/nge.vn\/\",\"name\":\"NGE 3D Printers Services\",\"description\":\"\",\"potentialAction\":[{\"@type\":\"SearchAction\",\"target\":{\"@type\":\"EntryPoint\",\"urlTemplate\":\"https:\/\/nge.vn\/?s={search_term_string}\"},\"query-input\":{\"@type\":\"PropertyValueSpecification\",\"valueRequired\":true,\"valueName\":\"search_term_string\"}}],\"inLanguage\":\"en-US\"}]}<\/script>\n<!-- \/ Yoast SEO Premium plugin. -->","yoast_head_json":{"title":"T\u1ea5m b\u00e0n 2 m\u1eb7t Dual-Sided Printing PET \"Phantom\" Platform Board-315*310 cho m\u00e1y in 3d Creality K1 Max & Ender 3 V3 PLus - NGE 3D Printers Services","description":"T\u1ea5m n\u1ec1n in 3D PET 'Phantom' hai m\u1eb7t cho K1 Max, Ender-3 V3 Plus. Thi\u1ebft k\u1ebf PET + PEI, b\u00e1m d\u00ednh cao, th\u00e1o khu\u00f4n d\u1ec5, in \u1ed5n \u0111\u1ecbnh, h\u1ecda ti\u1ebft \u0111\u1eb9p, d\u1ec5 chuy\u1ec3n \u0111\u1ed5i.","robots":{"index":"index","follow":"follow","max-snippet":"max-snippet:-1","max-image-preview":"max-image-preview:large","max-video-preview":"max-video-preview:-1"},"canonical":"https:\/\/nge.vn\/en\/product\/dual-sided-printing-platform-board\/","og_locale":"en_US","og_type":"article","og_title":"T\u1ea5m b\u00e0n 2 m\u1eb7t Dual-Sided Printing PET \"Phantom\" Platform Board-315*310 cho m\u00e1y in 3d Creality K1 Max & Ender 3 V3 PLus","og_description":"T\u1ea5m n\u1ec1n in 3D PET 'Phantom' hai m\u1eb7t cho K1 Max, Ender-3 V3 Plus. Thi\u1ebft k\u1ebf PET + PEI, b\u00e1m d\u00ednh cao, th\u00e1o khu\u00f4n d\u1ec5, in \u1ed5n \u0111\u1ecbnh, h\u1ecda ti\u1ebft \u0111\u1eb9p, d\u1ec5 chuy\u1ec3n \u0111\u1ed5i.","og_url":"https:\/\/nge.vn\/en\/product\/dual-sided-printing-platform-board\/","og_site_name":"NGE 3D Printers Services","article_modified_time":"2025-07-31T10:04:38+00:00","og_image":[{"width":320,"height":320,"url":"https:\/\/nge.vn\/wp-content\/uploads\/2025\/07\/sg-11134201-7rdxu-mcku9lahy79c54_tn.jpeg","type":"image\/jpeg"}],"twitter_card":"summary_large_image","twitter_misc":{"Est. reading time":"3 minutes"},"schema":{"@context":"https:\/\/schema.org","@graph":[{"@type":"WebPage","@id":"https:\/\/nge.vn\/san-pham\/dual-sided-printing-platform-board\/","url":"https:\/\/nge.vn\/san-pham\/dual-sided-printing-platform-board\/","name":"T\u1ea5m b\u00e0n 2 m\u1eb7t Dual-Sided Printing PET \"Phantom\" Platform Board-315*310 cho m\u00e1y in 3d Creality K1 Max & Ender 3 V3 PLus - NGE 3D Printers Services","isPartOf":{"@id":"https:\/\/nge.vn\/#website"},"primaryImageOfPage":{"@id":"https:\/\/nge.vn\/san-pham\/dual-sided-printing-platform-board\/#primaryimage"},"image":{"@id":"https:\/\/nge.vn\/san-pham\/dual-sided-printing-platform-board\/#primaryimage"},"thumbnailUrl":"https:\/\/nge.vn\/wp-content\/uploads\/2025\/07\/sg-11134201-7rdxu-mcku9lahy79c54_tn.jpeg","datePublished":"2025-07-31T10:04:37+00:00","dateModified":"2025-07-31T10:04:38+00:00","description":"T\u1ea5m n\u1ec1n in 3D PET 'Phantom' hai m\u1eb7t cho K1 Max, Ender-3 V3 Plus. Thi\u1ebft k\u1ebf PET + PEI, b\u00e1m d\u00ednh cao, th\u00e1o khu\u00f4n d\u1ec5, in \u1ed5n \u0111\u1ecbnh, h\u1ecda ti\u1ebft \u0111\u1eb9p, d\u1ec5 chuy\u1ec3n \u0111\u1ed5i.","breadcrumb":{"@id":"https:\/\/nge.vn\/san-pham\/dual-sided-printing-platform-board\/#breadcrumb"},"inLanguage":"en-US","potentialAction":[{"@type":"ReadAction","target":["https:\/\/nge.vn\/san-pham\/dual-sided-printing-platform-board\/"]}]},{"@type":"ImageObject","inLanguage":"en-US","@id":"https:\/\/nge.vn\/san-pham\/dual-sided-printing-platform-board\/#primaryimage","url":"https:\/\/nge.vn\/wp-content\/uploads\/2025\/07\/sg-11134201-7rdxu-mcku9lahy79c54_tn.jpeg","contentUrl":"https:\/\/nge.vn\/wp-content\/uploads\/2025\/07\/sg-11134201-7rdxu-mcku9lahy79c54_tn.jpeg","width":320,"height":320,"caption":"T\u1ea5m b\u00e0n 2 m\u1eb7t Dual-Sided Printing PET \"Phantom\" Platform Board-315*310 cho m\u00e1y in 3d Creality K1 Max & Ender 3 V3 PLus"},{"@type":"BreadcrumbList","@id":"https:\/\/nge.vn\/san-pham\/dual-sided-printing-platform-board\/#breadcrumb","itemListElement":[{"@type":"ListItem","position":1,"name":"Trang ch\u1ee7","item":"https:\/\/nge.vn\/"},{"@type":"ListItem","position":2,"name":"S\u1ea3n ph\u1ea9m","item":"https:\/\/nge.vn\/san-pham\/"},{"@type":"ListItem","position":3,"name":"T\u1ea5m b\u00e0n 2 m\u1eb7t Dual-Sided Printing PET &#8220;Phantom&#8221; Platform Board-315*310 cho m\u00e1y in 3d Creality K1 Max &#038; Ender 3 V3 PLus"}]},{"@type":"WebSite","@id":"https:\/\/nge.vn\/#website","url":"https:\/\/nge.vn\/","name":"NGE 3D Printers Services","description":"","potentialAction":[{"@type":"SearchAction","target":{"@type":"EntryPoint","urlTemplate":"https:\/\/nge.vn\/?s={search_term_string}"},"query-input":{"@type":"PropertyValueSpecification","valueRequired":true,"valueName":"search_term_string"}}],"inLanguage":"en-US"}]}},"_links":{"self":[{"href":"https:\/\/nge.vn\/en\/wp-json\/wp\/v2\/product\/5822","targetHints":{"allow":["GET"]}}],"collection":[{"href":"https:\/\/nge.vn\/en\/wp-json\/wp\/v2\/product"}],"about":[{"href":"https:\/\/nge.vn\/en\/wp-json\/wp\/v2\/types\/product"}],"replies":[{"embeddable":true,"href":"https:\/\/nge.vn\/en\/wp-json\/wp\/v2\/comments?post=5822"}],"wp:featuredmedia":[{"embeddable":true,"href":"https:\/\/nge.vn\/en\/wp-json\/wp\/v2\/media\/5823"}],"wp:attachment":[{"href":"https:\/\/nge.vn\/en\/wp-json\/wp\/v2\/media?parent=5822"}],"wp:term":[{"taxonomy":"product_brand","embeddable":true,"href":"https:\/\/nge.vn\/en\/wp-json\/wp\/v2\/product_brand?post=5822"},{"taxonomy":"product_cat","embeddable":true,"href":"https:\/\/nge.vn\/en\/wp-json\/wp\/v2\/product_cat?post=5822"},{"taxonomy":"product_tag","embeddable":true,"href":"https:\/\/nge.vn\/en\/wp-json\/wp\/v2\/product_tag?post=5822"}],"curies":[{"name":"wp","href":"https:\/\/api.w.org\/{rel}","templated":true}]}}