{"id":580,"date":"2024-10-25T12:57:23","date_gmt":"2024-10-25T05:57:23","guid":{"rendered":"https:\/\/nge.123websitedev.com\/san-pham\/nguon-dien-meanwell-power-supply-75w-24v-cho-may-in-3d-cr-10-max\/"},"modified":"2024-10-29T17:18:52","modified_gmt":"2024-10-29T10:18:52","slug":"nguon-dien-meanwell-power-supply-75w-24v-cho-may-in-3d-cr-10-max","status":"publish","type":"product","link":"https:\/\/nge.vn\/en\/product\/nguon-dien-meanwell-power-supply-75w-24v-cho-may-in-3d-cr-10-max\/","title":{"rendered":"Ngu\u1ed3n \u0111i\u1ec7n Meanwell Power Supply 75W 24V cho m\u00e1y in 3d CR-10 Max&#8230;"},"content":{"rendered":"<p>Ngu\u1ed3n \u0111i\u1ec7n Meanwell Power Supply 75W 24V for CR-10 Max<br \/>\nLRS-75-24<br \/>\n_Meanwell LRS 75W 24V M\u1ed9t \u0111\u1ea7u ra k\u00e8m theo C\u00e1c t\u00ednh n\u0103ng:<br \/>\n* \u0110\u1ea7u v\u00e0o AC \u0111a n\u0103ng \/ To\u00e0n d\u1ea3i<br \/>\n* Ch\u1ecbu \u0111\u01b0\u1ee3c \u0111\u1ea7u v\u00e0o \u0111\u1ed9t bi\u1ebfn 300VAC trong 5 gi\u00e2y<br \/>\n* Kh\u00f4ng t\u1ea3i \u0111i\u1ec7n n\u0103ng ti\u00eau th\u1ee5 0,2W<br \/>\n* K\u00edch th\u01b0\u1edbc thu nh\u1ecf v\u00e0 c\u1ea5u h\u00ecnh th\u1ea5p 1U<br \/>\n* Nhi\u1ec7t \u0111\u1ed9 ho\u1ea1t \u0111\u1ed9ng cao l\u00ean \u0111\u1ebfn 70 \u2103<br \/>\n* B\u1ea3o v\u1ec7: Ng\u1eafn m\u1ea1ch \/ Qu\u00e1 t\u1ea3i \/ Qu\u00e1 \u0111i\u1ec7n \u00e1p<br \/>\n* L\u00e0m m\u00e1t b\u1eb1ng \u0111\u1ed1i l\u01b0u kh\u00f4ng kh\u00ed t\u1ef1 do<br \/>\n* Tu\u00e2n th\u1ee7 theo ch\u1ee9ng ch\u1ec9 IEC \/ EN 60335-1 (PD3) v\u00e0 IEC \/ EN61558-1, -2-16 cho c\u00e1c thi\u1ebft b\u1ecb gia d\u1ee5ng<br \/>\n* \u0110\u1ed9 cao ho\u1ea1t \u0111\u1ed9ng l\u00ean \u0111\u1ebfn 5000 m\u00e9t (L\u01b0u \u00fd 8)<br \/>\n* \u0110\u00e3 test ch\u1ed1ng ch\u1ecbu \u0111\u01b0\u1ee3c rung v\u1edbi c\u01b0\u1eddng \u0111\u1ed9 5G<br \/>\n* Hi\u1ec7u qu\u1ea3 cao, tu\u1ed5i th\u1ecd cao v\u00e0 \u0111\u1ed9 tin c\u1eady cao<br \/>\n* T\u00edch h\u1ee3p \u0111\u00e8n LED b\u00e1o ngu\u1ed3n b\u1eadt<br \/>\n* Qu\u00e1 \u0111i\u1ec7n \u00e1p lo\u1ea1i III<br \/>\n* Ki\u1ec3m tra ghi trong to\u00e0n t\u1ea3i 100%<br \/>\n* Hi\u1ec7u qu\u1ea3 cao, tu\u1ed5i th\u1ecd cao, \u0111\u1ed9 tin c\u1eady cao<\/p>\n<p>_Meanwell LRS-75-24 l\u00e0 B\u1ed9 ngu\u1ed3n \u0111i k\u00e8m m\u1ed9t \u0111\u1ea7u ra 75W 24V M\u00f4 t\u1ea3:<br \/>\n+S\u00ea-ri LRS l\u00e0 b\u1ed9 c\u1ea5p ngu\u1ed3n ki\u1ec3u kh\u00e9p k\u00edn m\u1ed9t \u0111\u1ea7u ra v\u1edbi thi\u1ebft k\u1ebf th\u1ea5p 30mm.<br \/>\n+Ngo\u00e0i hi\u1ec7u su\u1ea5t cao l\u00ean \u0111\u1ebfn 90%, thi\u1ebft k\u1ebf v\u1ecf l\u01b0\u1edbi kim lo\u1ea1i gi\u00fap t\u0103ng c\u01b0\u1eddng kh\u1ea3 n\u0103ng t\u1ea3n nhi\u1ec7t c\u1ee7a LRS-50 m\u00e0 to\u00e0n b\u1ed9 s\u00ea-ri ho\u1ea1t \u0111\u1ed9ng t\u1eeb -30\u00b0C \u0111\u1ebfn 70\u00b0C trong \u0111i\u1ec1u ki\u1ec7n \u0111\u1ed1i l\u01b0u kh\u00f4ng kh\u00ed m\u00e0 kh\u00f4ng c\u1ea7n qu\u1ea1t.<br \/>\n+Cung c\u1ea5p m\u1ee9c ti\u00eau th\u1ee5 \u0111i\u1ec7n n\u0103ng kh\u00f4ng t\u1ea3i c\u1ef1c k\u1ef3 th\u1ea5p (d\u01b0\u1edbi 0,2W), n\u00f3 cho ph\u00e9p h\u1ec7 th\u1ed1ng cu\u1ed1i<br \/>\n+D\u1ec5 d\u00e0ng \u0111\u00e1p \u1ee9ng y\u00eau c\u1ea7u n\u0103ng l\u01b0\u1ee3ng tr\u00ean to\u00e0n th\u1ebf gi\u1edbi. LRS-50 c\u00f3 c\u00e1c ch\u1ee9c n\u0103ng b\u1ea3o v\u1ec7 ho\u00e0n ch\u1ec9nh v\u00e0 ch\u1ed1ng 5G<br \/>\nKh\u1ea3 n\u0103ng rung \u0111\u1ed9ng; N\u00f3 \u0111\u01b0\u1ee3c tu\u00e2n th\u1ee7 c\u00e1c quy \u0111\u1ecbnh an to\u00e0n qu\u1ed1c t\u1ebf nh\u01b0 TUV EN62368-1<\/p>\n<p>+input voltage: 100-240VAC<br \/>\n+Output voltage: 24VDC<br \/>\n+Output current: 3.2A<br \/>\n+Output power: 76.8w<br \/>\n+Weight: 318g<\/p>\n<p>**\u0110\u1ec3 \u0111\u01b0\u1ee3c nh\u1eadn h\u1ed9 tr\u1ee3 th\u00eam v\u1ec1 Gi\u00e1 v\u00e0 Th\u00f4ng tin c\u1ee7a s\u1ea3n ph\u1ea9m, vui l\u00f2ng li\u00ean h\u1ec7:<br \/>\n\u00a0 \u00a0 \u00a0 \u00a0 0913.939.775 g\u1eb7p A. Qu\u00e2n (for English)<br \/>\n\u00a0 \u00a0 \u00a0 \u00a0 094.144.0951 contact A.Quynh<br \/>\n**Selling price does not include VAT (+10% if VAT invoice is issued)<\/p>","protected":false},"excerpt":{"rendered":"<p>Ngu\u1ed3n \u0111i\u1ec7n Meanwell Power Supply 75W 24V cho m\u00e1y in 3d CR-10 Max&#8230;<\/p>","protected":false},"featured_media":571,"comment_status":"open","ping_status":"closed","template":"","meta":{"inline_featured_image":false},"product_brand":[],"product_cat":[40,460],"product_tag":[],"class_list":{"0":"post-580","1":"product","2":"type-product","3":"status-publish","4":"has-post-thumbnail","6":"product_cat-linh-kien-va-phu-kien","7":"product_cat-motor-va-nguon-dien-may-in-3d","9":"first","10":"instock","11":"taxable","12":"shipping-taxable","13":"purchasable","14":"product-type-simple"},"yoast_head":"<!-- This site is optimized with the Yoast SEO Premium plugin v22.8 (Yoast SEO v26.9) - https:\/\/yoast.com\/product\/yoast-seo-premium-wordpress\/ -->\n<title>Ngu\u1ed3n \u0111i\u1ec7n Meanwell Power Supply 75W 24V cho m\u00e1y in 3d CR-10 Max... - NGE 3D Printers Services<\/title>\n<meta name=\"robots\" content=\"index, follow, max-snippet:-1, max-image-preview:large, max-video-preview:-1\" \/>\n<link rel=\"canonical\" href=\"https:\/\/nge.vn\/en\/product\/nguon-dien-meanwell-power-supply-75w-24v-cho-may-in-3d-cr-10-max\/\" \/>\n<meta property=\"og:locale\" content=\"en_US\" \/>\n<meta property=\"og:type\" content=\"article\" \/>\n<meta property=\"og:title\" content=\"Ngu\u1ed3n \u0111i\u1ec7n Meanwell Power Supply 75W 24V cho m\u00e1y in 3d CR-10 Max...\" \/>\n<meta property=\"og:description\" content=\"Ngu\u1ed3n \u0111i\u1ec7n Meanwell Power Supply 75W 24V cho m\u00e1y in 3d CR-10 Max...\" \/>\n<meta property=\"og:url\" content=\"https:\/\/nge.vn\/en\/product\/nguon-dien-meanwell-power-supply-75w-24v-cho-may-in-3d-cr-10-max\/\" \/>\n<meta property=\"og:site_name\" content=\"NGE 3D Printers Services\" \/>\n<meta property=\"article:modified_time\" content=\"2024-10-29T10:18:52+00:00\" \/>\n<meta property=\"og:image\" content=\"https:\/\/nge.vn\/wp-content\/uploads\/2024\/10\/images-upload-woo2F00a6babed010aae775c2fac1d383bc44.jpg\" \/>\n\t<meta property=\"og:image:width\" content=\"815\" \/>\n\t<meta property=\"og:image:height\" content=\"815\" \/>\n\t<meta property=\"og:image:type\" content=\"image\/jpeg\" \/>\n<meta name=\"twitter:card\" content=\"summary_large_image\" \/>\n<meta name=\"twitter:label1\" content=\"Est. reading time\" \/>\n\t<meta name=\"twitter:data1\" content=\"2 minutes\" \/>\n<script type=\"application\/ld+json\" class=\"yoast-schema-graph\">{\"@context\":\"https:\/\/schema.org\",\"@graph\":[{\"@type\":\"WebPage\",\"@id\":\"https:\/\/nge.vn\/san-pham\/nguon-dien-meanwell-power-supply-75w-24v-cho-may-in-3d-cr-10-max\/\",\"url\":\"https:\/\/nge.vn\/san-pham\/nguon-dien-meanwell-power-supply-75w-24v-cho-may-in-3d-cr-10-max\/\",\"name\":\"Ngu\u1ed3n \u0111i\u1ec7n Meanwell Power Supply 75W 24V cho m\u00e1y in 3d CR-10 Max... - NGE 3D Printers Services\",\"isPartOf\":{\"@id\":\"https:\/\/nge.vn\/#website\"},\"primaryImageOfPage\":{\"@id\":\"https:\/\/nge.vn\/san-pham\/nguon-dien-meanwell-power-supply-75w-24v-cho-may-in-3d-cr-10-max\/#primaryimage\"},\"image\":{\"@id\":\"https:\/\/nge.vn\/san-pham\/nguon-dien-meanwell-power-supply-75w-24v-cho-may-in-3d-cr-10-max\/#primaryimage\"},\"thumbnailUrl\":\"https:\/\/nge.vn\/wp-content\/uploads\/2024\/10\/images-upload-woo2F00a6babed010aae775c2fac1d383bc44.jpg\",\"datePublished\":\"2024-10-25T05:57:23+00:00\",\"dateModified\":\"2024-10-29T10:18:52+00:00\",\"breadcrumb\":{\"@id\":\"https:\/\/nge.vn\/san-pham\/nguon-dien-meanwell-power-supply-75w-24v-cho-may-in-3d-cr-10-max\/#breadcrumb\"},\"inLanguage\":\"en-US\",\"potentialAction\":[{\"@type\":\"ReadAction\",\"target\":[\"https:\/\/nge.vn\/san-pham\/nguon-dien-meanwell-power-supply-75w-24v-cho-may-in-3d-cr-10-max\/\"]}]},{\"@type\":\"ImageObject\",\"inLanguage\":\"en-US\",\"@id\":\"https:\/\/nge.vn\/san-pham\/nguon-dien-meanwell-power-supply-75w-24v-cho-may-in-3d-cr-10-max\/#primaryimage\",\"url\":\"https:\/\/nge.vn\/wp-content\/uploads\/2024\/10\/images-upload-woo2F00a6babed010aae775c2fac1d383bc44.jpg\",\"contentUrl\":\"https:\/\/nge.vn\/wp-content\/uploads\/2024\/10\/images-upload-woo2F00a6babed010aae775c2fac1d383bc44.jpg\",\"width\":815,\"height\":815},{\"@type\":\"BreadcrumbList\",\"@id\":\"https:\/\/nge.vn\/san-pham\/nguon-dien-meanwell-power-supply-75w-24v-cho-may-in-3d-cr-10-max\/#breadcrumb\",\"itemListElement\":[{\"@type\":\"ListItem\",\"position\":1,\"name\":\"Trang ch\u1ee7\",\"item\":\"https:\/\/nge.vn\/\"},{\"@type\":\"ListItem\",\"position\":2,\"name\":\"S\u1ea3n ph\u1ea9m\",\"item\":\"https:\/\/nge.vn\/san-pham\/\"},{\"@type\":\"ListItem\",\"position\":3,\"name\":\"Ngu\u1ed3n \u0111i\u1ec7n Meanwell Power Supply 75W 24V cho m\u00e1y in 3d CR-10 Max&#8230;\"}]},{\"@type\":\"WebSite\",\"@id\":\"https:\/\/nge.vn\/#website\",\"url\":\"https:\/\/nge.vn\/\",\"name\":\"NGE 3D Printers Services\",\"description\":\"\",\"potentialAction\":[{\"@type\":\"SearchAction\",\"target\":{\"@type\":\"EntryPoint\",\"urlTemplate\":\"https:\/\/nge.vn\/?s={search_term_string}\"},\"query-input\":{\"@type\":\"PropertyValueSpecification\",\"valueRequired\":true,\"valueName\":\"search_term_string\"}}],\"inLanguage\":\"en-US\"}]}<\/script>\n<!-- \/ Yoast SEO Premium plugin. -->","yoast_head_json":{"title":"Ngu\u1ed3n \u0111i\u1ec7n Meanwell Power Supply 75W 24V cho m\u00e1y in 3d CR-10 Max... - NGE 3D Printers Services","robots":{"index":"index","follow":"follow","max-snippet":"max-snippet:-1","max-image-preview":"max-image-preview:large","max-video-preview":"max-video-preview:-1"},"canonical":"https:\/\/nge.vn\/en\/product\/nguon-dien-meanwell-power-supply-75w-24v-cho-may-in-3d-cr-10-max\/","og_locale":"en_US","og_type":"article","og_title":"Ngu\u1ed3n \u0111i\u1ec7n Meanwell Power Supply 75W 24V cho m\u00e1y in 3d CR-10 Max...","og_description":"Ngu\u1ed3n \u0111i\u1ec7n Meanwell Power Supply 75W 24V cho m\u00e1y in 3d CR-10 Max...","og_url":"https:\/\/nge.vn\/en\/product\/nguon-dien-meanwell-power-supply-75w-24v-cho-may-in-3d-cr-10-max\/","og_site_name":"NGE 3D Printers Services","article_modified_time":"2024-10-29T10:18:52+00:00","og_image":[{"width":815,"height":815,"url":"https:\/\/nge.vn\/wp-content\/uploads\/2024\/10\/images-upload-woo2F00a6babed010aae775c2fac1d383bc44.jpg","type":"image\/jpeg"}],"twitter_card":"summary_large_image","twitter_misc":{"Est. reading time":"2 minutes"},"schema":{"@context":"https:\/\/schema.org","@graph":[{"@type":"WebPage","@id":"https:\/\/nge.vn\/san-pham\/nguon-dien-meanwell-power-supply-75w-24v-cho-may-in-3d-cr-10-max\/","url":"https:\/\/nge.vn\/san-pham\/nguon-dien-meanwell-power-supply-75w-24v-cho-may-in-3d-cr-10-max\/","name":"Ngu\u1ed3n \u0111i\u1ec7n Meanwell Power Supply 75W 24V cho m\u00e1y in 3d CR-10 Max... - NGE 3D Printers Services","isPartOf":{"@id":"https:\/\/nge.vn\/#website"},"primaryImageOfPage":{"@id":"https:\/\/nge.vn\/san-pham\/nguon-dien-meanwell-power-supply-75w-24v-cho-may-in-3d-cr-10-max\/#primaryimage"},"image":{"@id":"https:\/\/nge.vn\/san-pham\/nguon-dien-meanwell-power-supply-75w-24v-cho-may-in-3d-cr-10-max\/#primaryimage"},"thumbnailUrl":"https:\/\/nge.vn\/wp-content\/uploads\/2024\/10\/images-upload-woo2F00a6babed010aae775c2fac1d383bc44.jpg","datePublished":"2024-10-25T05:57:23+00:00","dateModified":"2024-10-29T10:18:52+00:00","breadcrumb":{"@id":"https:\/\/nge.vn\/san-pham\/nguon-dien-meanwell-power-supply-75w-24v-cho-may-in-3d-cr-10-max\/#breadcrumb"},"inLanguage":"en-US","potentialAction":[{"@type":"ReadAction","target":["https:\/\/nge.vn\/san-pham\/nguon-dien-meanwell-power-supply-75w-24v-cho-may-in-3d-cr-10-max\/"]}]},{"@type":"ImageObject","inLanguage":"en-US","@id":"https:\/\/nge.vn\/san-pham\/nguon-dien-meanwell-power-supply-75w-24v-cho-may-in-3d-cr-10-max\/#primaryimage","url":"https:\/\/nge.vn\/wp-content\/uploads\/2024\/10\/images-upload-woo2F00a6babed010aae775c2fac1d383bc44.jpg","contentUrl":"https:\/\/nge.vn\/wp-content\/uploads\/2024\/10\/images-upload-woo2F00a6babed010aae775c2fac1d383bc44.jpg","width":815,"height":815},{"@type":"BreadcrumbList","@id":"https:\/\/nge.vn\/san-pham\/nguon-dien-meanwell-power-supply-75w-24v-cho-may-in-3d-cr-10-max\/#breadcrumb","itemListElement":[{"@type":"ListItem","position":1,"name":"Trang ch\u1ee7","item":"https:\/\/nge.vn\/"},{"@type":"ListItem","position":2,"name":"S\u1ea3n ph\u1ea9m","item":"https:\/\/nge.vn\/san-pham\/"},{"@type":"ListItem","position":3,"name":"Ngu\u1ed3n \u0111i\u1ec7n Meanwell Power Supply 75W 24V cho m\u00e1y in 3d CR-10 Max&#8230;"}]},{"@type":"WebSite","@id":"https:\/\/nge.vn\/#website","url":"https:\/\/nge.vn\/","name":"NGE 3D Printers Services","description":"","potentialAction":[{"@type":"SearchAction","target":{"@type":"EntryPoint","urlTemplate":"https:\/\/nge.vn\/?s={search_term_string}"},"query-input":{"@type":"PropertyValueSpecification","valueRequired":true,"valueName":"search_term_string"}}],"inLanguage":"en-US"}]}},"_links":{"self":[{"href":"https:\/\/nge.vn\/en\/wp-json\/wp\/v2\/product\/580","targetHints":{"allow":["GET"]}}],"collection":[{"href":"https:\/\/nge.vn\/en\/wp-json\/wp\/v2\/product"}],"about":[{"href":"https:\/\/nge.vn\/en\/wp-json\/wp\/v2\/types\/product"}],"replies":[{"embeddable":true,"href":"https:\/\/nge.vn\/en\/wp-json\/wp\/v2\/comments?post=580"}],"wp:featuredmedia":[{"embeddable":true,"href":"https:\/\/nge.vn\/en\/wp-json\/wp\/v2\/media\/571"}],"wp:attachment":[{"href":"https:\/\/nge.vn\/en\/wp-json\/wp\/v2\/media?parent=580"}],"wp:term":[{"taxonomy":"product_brand","embeddable":true,"href":"https:\/\/nge.vn\/en\/wp-json\/wp\/v2\/product_brand?post=580"},{"taxonomy":"product_cat","embeddable":true,"href":"https:\/\/nge.vn\/en\/wp-json\/wp\/v2\/product_cat?post=580"},{"taxonomy":"product_tag","embeddable":true,"href":"https:\/\/nge.vn\/en\/wp-json\/wp\/v2\/product_tag?post=580"}],"curies":[{"name":"wp","href":"https:\/\/api.w.org\/{rel}","templated":true}]}}