{"id":5677,"date":"2025-07-20T17:15:00","date_gmt":"2025-07-20T10:15:00","guid":{"rendered":"https:\/\/nge.vn\/?post_type=product&#038;p=5677"},"modified":"2025-07-20T17:15:30","modified_gmt":"2025-07-20T10:15:30","slug":"nhua-in-3d-esun-pa12cf-carbon-co-do-ben-cung-cao-1kg-cuon","status":"publish","type":"product","link":"https:\/\/nge.vn\/en\/product\/nhua-in-3d-esun-pa12cf-carbon-co-do-ben-cung-cao-1kg-cuon\/","title":{"rendered":"Nh\u1ef1a in 3d ESUN PA12+CF carbon c\u00f3 \u0111\u1ed9 b\u1ec1n c\u1ee9ng cao 1kg\/Cu\u1ed9n"},"content":{"rendered":"<div>Nh\u1ef1a in 3d ESUN PA12+CF carbon c\u00f3 \u0111\u1ed9 b\u1ec1n c\u1ee9ng cao 1kg\/Cu\u1ed9n<\/div>\n<div>_PA12+CF l\u00e0 m\u1ed9t v\u1eadt li\u1ec7u t\u1ef1 ph\u00e1t tri\u1ec3n ESUN d\u1ef1a tr\u00ean PA12, n\u00f3 \u0111\u00e3 th\u00eam 15% s\u1ee3i carbon, t\u0103ng c\u01b0\u1eddng \u0111\u00e1ng k\u1ec3 s\u1ee9c m\u1ea1nh, \u0111\u1ed9 c\u1ee9ng, \u0111\u1ed9 b\u1ec1n c\u1ee7a nylon v\u00e0 c\u00f3 th\u1ec3 \u0111\u01b0\u1ee3c s\u1eed d\u1ee5ng trong nhi\u1ec1u \u1ee9ng d\u1ee5ng thay v\u00ec kim lo\u1ea1i.<\/div>\n<div>_PA12+CF c\u00f3 t\u1ed1c \u0111\u1ed9 h\u1ea5p th\u1ee5 n\u01b0\u1edbc th\u1ea5p, k\u00edch th\u01b0\u1edbc c\u1ee7a ph\u1ea7n in \u00edt b\u1ecb \u1ea3nh h\u01b0\u1edfng b\u1edfi \u0111\u1ed9 \u1ea9m v\u00e0 nhi\u1ec7t \u0111\u1ed9.<\/div>\n<div>_T\u1ef1 b\u00f4i tr\u01a1n v\u00e0 ch\u1ed1ng m\u00e0i m\u00f2n l\u00e0m cho n\u00f3 ph\u00f9 h\u1ee3p \u0111\u1ec3 in b\u00e1nh r\u0103ng.<\/div>\n<div>_PA12+CF c\u00f3 \u0111i\u1ec7n tr\u1edf nhi\u1ec7t \u0111\u1ed9 cao, gi\u00fap n\u00f3 t\u1ed3n t\u1ea1i t\u1eeb vi\u1ec7c s\u1eed d\u1ee5ng li\u00ean t\u1ee5c (nhi\u1ec7t \u0111\u1ed9 c\u00f3 th\u1ec3 \u0111\u1ea1t 120) v\u00e0 in ng\u1eafn h\u1ea1n (nhi\u1ec7t \u0111\u1ed9 c\u00f3 th\u1ec3 \u0111\u1ea1t t\u1edbi 160).<\/div>\n<div>_T\u1ed1c \u0111\u1ed9 co ng\u00f3t th\u1ea5p, in kh\u00f4ng d\u1ec5 d\u00e0ng \u0111\u1ec3 l\u00e0m cong c\u1ea1nh v\u00e0 n\u1ee9t, in c\u00e1c v\u1eadt ph\u1ea9m b\u1ec1 m\u1eb7t m\u1edd m\u1ecbn.<\/div>\n<div><\/div>\n<div>+\u0110\u1ed9 h\u1ea5p th\u1ee5 \u0111\u1ed9 \u1ea9m th\u1ea5p<\/div>\n<div>+\u0110\u1ed9 b\u1ec1n cao<\/div>\n<div>+\u0110\u1ed9 d\u1ebbo dai cao<\/div>\n<div>+\u0110\u1ed9 c\u1ee9ng cao<\/div>\n<div>+Kh\u1ea3 n\u0103ng ch\u1ecbu va \u0111\u1eadp cao<\/div>\n<div>+Kh\u1ea3 n\u0103ng ch\u1ecbu h\u00f3a ch\u1ea5t<\/div>\n<div>+Kh\u1ea3 n\u0103ng ch\u1ecbu nhi\u1ec7t<\/div>\n<div>+Kh\u1ea3 n\u0103ng ch\u1ed1ng m\u00e0i m\u00f2n<\/div>\n<div>+\u0110\u1ed9 \u1ed5n \u0111\u1ecbnh k\u00edch th\u01b0\u1edbc cao<\/div>\n<div>+B\u1ec1 m\u1eb7t m\u1edd<\/div>\n<div>+Ch\u1ed1ng t\u0129nh \u0111i\u1ec7n<\/div>\n<div>+Kh\u1ea3 n\u0103ng in \u1ea5n tuy\u1ec7t v\u1eddi<\/div>\n<div>+In nhanh<\/div>\n<div><\/div>\n<div>***\u1ee8ng d\u1ee5ng: M\u00e1y m\u00f3c, Ng\u00e0nh c\u00f4ng nghi\u1ec7p h\u00f3a ch\u1ea5t, \u0110i\u1ec7n v\u00e0 \u0110i\u1ec7n t\u1eed, Robot, M\u00e1y bay kh\u00f4ng ng\u01b0\u1eddi l\u00e1i, Ng\u00e0nh c\u00f4ng nghi\u1ec7p \u00f4 t\u00f4, D\u1ec7t may, Ng\u00e0nh h\u00e0ng kh\u00f4ng v\u0169 tr\u1ee5&#8230;<\/div>\n<div><\/div>\n<div>_Ghi Ch\u00fa:<\/div>\n<div>+PA12+CF n\u00ean \u0111\u01b0\u1ee3c s\u1ea5y kh\u00f4 \u1edf 70\u00b0C trong h\u01a1n 12 gi\u1edd tr\u01b0\u1edbc khi in \u0111\u1ec3 \u0111\u1ea1t \u0111\u01b0\u1ee3c k\u1ebft qu\u1ea3 t\u1ed1i \u01b0u. Khuy\u1ebfn ngh\u1ecb s\u1eed d\u1ee5ng v\u1edbi c\u00e1c h\u1ed9p \u0111\u1ef1ng s\u1ea5y s\u1ee3i nh\u1ef1a trong qu\u00e1 tr\u00ecnh in nh\u01b0: M\u00e1y s\u1ea5y s\u1ee3i nh\u1ef1a Creality Space Pi Filament Dryer Plus, eBox&#8230;.<\/div>\n<div>+S\u1ee3i nh\u1ef1a PA12+CF kh\u00e1 c\u1ee9ng v\u00e0 kh\u00f4ng d\u1ec5 u\u1ed1n cong. \u0110\u1ec3 tr\u00e1nh b\u1ecb u\u1ed1n cong qu\u00e1 m\u1ee9c, h\u00e3y \u0111\u1ea3m b\u1ea3o \u0111\u01b0\u1eddng \u0111i c\u1ee7a s\u1ee3i nh\u1ef1a trong \u1ed1ng c\u1ea5p li\u1ec7u c\u00e0ng th\u1eb3ng c\u00e0ng t\u1ed1t.<\/div>\n<div>+PA12+CF c\u00f3 t\u00ednh m\u00e0i m\u00f2n cao v\u00e0 c\u00f3 th\u1ec3 l\u00e0m m\u00f2n c\u00e1c v\u00f2i phun v\u00e0 b\u00e1nh r\u0103ng \u0111\u00f9n m\u1ed9t c\u00e1ch nhanh ch\u00f3ng. N\u00ean s\u1eed d\u1ee5ng v\u00f2i phun th\u00e9p c\u1ee9ng ho\u1eb7c v\u00f2i ruby, v\u00e0 n\u1ebfu c\u00f3 th\u1ec3, c\u00e1c b\u00e1nh r\u0103ng \u0111\u00f9n th\u00e9p c\u1ee9ng. N\u1ebfu b\u1ea3n in d\u00e0i v\u00e0 b\u1ecb t\u1eafc, h\u00e3y c\u00e2n nh\u1eafc thay th\u1ebf \u0111\u1ea7u phun v\u00e0 v\u00f2i phun.<\/div>\n<div>+N\u00ean \u0111\u1eb7t skirt \u0111\u1ec3 d\u1ec5 d\u00e0ng l\u1ea5y m\u00f4 h\u00ecnh ra kh\u1ecfi t\u1ea5m d\u1ef1ng.<\/div>\n<div>+\u0110\u1ec3 m\u00f4 h\u00ecnh c\u00f3 \u0111\u1ed9 b\u1ec1n t\u1ed1t h\u01a1n, b\u1ea1n n\u00ean in trong h\u1ed9p gia nhi\u1ec7t ho\u1eb7c m\u00e1y in 3D bu\u1ed3ng k\u00edn \u0111\u1ec3 duy tr\u00ec nhi\u1ec7t \u0111\u1ed9 \u1ed5n \u0111\u1ecbnh.<\/div>\n<div><\/div>\n<div>\u2015Parameter Information:<\/div>\n<div>+3D Printer Filament : PA12+CF<\/div>\n<div>+Density(g\/cm3): 1.07<\/div>\n<div>+Melt Flow Index(g\/10min): 2.8 ((230\u00b0C\/10kg))<\/div>\n<div>+Heat Distortion Temp(\u00b0C,0.45MPa): 131.9<\/div>\n<div>+Glass Transition Temperature:<\/div>\n<div>+Tensile Strength(MPa) (XY): \/<\/div>\n<div>+Tensile Strength(MPa) (Z) : 38.2<\/div>\n<div>+Elongation at Break(%)(XY) : \/<\/div>\n<div>+Elongation at Break(%) (Z): 18.2<\/div>\n<div>+Flexural Strength(MPa)(XY) : 64.1<\/div>\n<div>+Flexural Strength(MPa)(Z) : \/<\/div>\n<div>+Flexural Modulus(MPa)(XY): 2092.3<\/div>\n<div>+IZOD Impact Strength(kJ\/m2)(XY): 7<\/div>\n<div>+Extruder Temperature(\u00b0C): 250-290\u00b0C<\/div>\n<div>+Bed temperature(\u00b0C) : 60-100\u00b0C<\/div>\n<div>+Fan Speed (%): 0%<\/div>\n<div>+Printing Speed (mm\/S): &lt; 200mm\/s<\/div>\n<div>+Heated Bed: Need<\/div>\n<div>+Printing Advice: Dry at 70\u00b0C\/&gt;12h, use hardened steel nozzle, seal and print<\/div>\n<div><\/div>\n<div>0913.939.775 contact A.Quan (for English)<br \/>\n094.144.0951 contact A.Quynh<br \/>\n** Price does not include VAT (+8 or 10% if VAT invoice is issued)<\/div>\n<div>\n<p>&nbsp;<\/p>\n<figure id=\"attachment_5678\" aria-describedby=\"caption-attachment-5678\" style=\"width: 1000px\" class=\"wp-caption aligncenter\"><img loading=\"lazy\" decoding=\"async\" class=\"size-full wp-image-5678\" src=\"https:\/\/nge.123websitedev.com\/wp-content\/uploads\/2025\/07\/PA12CF-BLACK1.png\" alt=\"Nh\u1ef1a in 3d ESUN PA12+CF carbon c\u00f3 \u0111\u1ed9 b\u1ec1n c\u1ee9ng cao 1kg\/Cu\u1ed9n\" width=\"1000\" height=\"1000\" srcset=\"https:\/\/nge.vn\/wp-content\/uploads\/2025\/07\/PA12CF-BLACK1.png 1000w, https:\/\/nge.vn\/wp-content\/uploads\/2025\/07\/PA12CF-BLACK1-300x300.png 300w, https:\/\/nge.vn\/wp-content\/uploads\/2025\/07\/PA12CF-BLACK1-150x150.png 150w, https:\/\/nge.vn\/wp-content\/uploads\/2025\/07\/PA12CF-BLACK1-768x768.png 768w, https:\/\/nge.vn\/wp-content\/uploads\/2025\/07\/PA12CF-BLACK1-12x12.png 12w, https:\/\/nge.vn\/wp-content\/uploads\/2025\/07\/PA12CF-BLACK1-247x247.png 247w, https:\/\/nge.vn\/wp-content\/uploads\/2025\/07\/PA12CF-BLACK1-510x510.png 510w, https:\/\/nge.vn\/wp-content\/uploads\/2025\/07\/PA12CF-BLACK1-100x100.png 100w\" sizes=\"auto, (max-width: 1000px) 100vw, 1000px\" \/><figcaption id=\"caption-attachment-5678\" class=\"wp-caption-text\">Nh\u1ef1a in 3d ESUN PA12+CF carbon c\u00f3 \u0111\u1ed9 b\u1ec1n c\u1ee9ng cao 1kg\/Cu\u1ed9n<\/figcaption><\/figure>\n<p>&nbsp;<\/p>\n<figure id=\"attachment_5679\" aria-describedby=\"caption-attachment-5679\" style=\"width: 1000px\" class=\"wp-caption aligncenter\"><img loading=\"lazy\" decoding=\"async\" class=\"size-full wp-image-5679\" src=\"https:\/\/nge.123websitedev.com\/wp-content\/uploads\/2025\/07\/PA12CF-model.png\" alt=\"Nh\u1ef1a in 3d ESUN PA12+CF carbon c\u00f3 \u0111\u1ed9 b\u1ec1n c\u1ee9ng cao 1kg\/Cu\u1ed9n\" width=\"1000\" height=\"667\" srcset=\"https:\/\/nge.vn\/wp-content\/uploads\/2025\/07\/PA12CF-model.png 1000w, https:\/\/nge.vn\/wp-content\/uploads\/2025\/07\/PA12CF-model-300x200.png 300w, https:\/\/nge.vn\/wp-content\/uploads\/2025\/07\/PA12CF-model-768x512.png 768w, https:\/\/nge.vn\/wp-content\/uploads\/2025\/07\/PA12CF-model-18x12.png 18w, https:\/\/nge.vn\/wp-content\/uploads\/2025\/07\/PA12CF-model-247x165.png 247w, https:\/\/nge.vn\/wp-content\/uploads\/2025\/07\/PA12CF-model-510x340.png 510w\" sizes=\"auto, (max-width: 1000px) 100vw, 1000px\" \/><figcaption id=\"caption-attachment-5679\" class=\"wp-caption-text\">Nh\u1ef1a in 3d ESUN PA12+CF carbon c\u00f3 \u0111\u1ed9 b\u1ec1n c\u1ee9ng cao 1kg\/Cu\u1ed9n<\/figcaption><\/figure>\n<figure id=\"attachment_5680\" aria-describedby=\"caption-attachment-5680\" style=\"width: 1000px\" class=\"wp-caption aligncenter\"><img loading=\"lazy\" decoding=\"async\" class=\"size-full wp-image-5680\" src=\"https:\/\/nge.123websitedev.com\/wp-content\/uploads\/2025\/07\/PA12CF-model2.png\" alt=\"Nh\u1ef1a in 3d ESUN PA12+CF carbon c\u00f3 \u0111\u1ed9 b\u1ec1n c\u1ee9ng cao 1kg\/Cu\u1ed9n\" width=\"1000\" height=\"667\" srcset=\"https:\/\/nge.vn\/wp-content\/uploads\/2025\/07\/PA12CF-model2.png 1000w, https:\/\/nge.vn\/wp-content\/uploads\/2025\/07\/PA12CF-model2-300x200.png 300w, https:\/\/nge.vn\/wp-content\/uploads\/2025\/07\/PA12CF-model2-768x512.png 768w, https:\/\/nge.vn\/wp-content\/uploads\/2025\/07\/PA12CF-model2-18x12.png 18w, https:\/\/nge.vn\/wp-content\/uploads\/2025\/07\/PA12CF-model2-247x165.png 247w, https:\/\/nge.vn\/wp-content\/uploads\/2025\/07\/PA12CF-model2-510x340.png 510w\" sizes=\"auto, (max-width: 1000px) 100vw, 1000px\" \/><figcaption id=\"caption-attachment-5680\" class=\"wp-caption-text\">Nh\u1ef1a in 3d ESUN PA12+CF carbon c\u00f3 \u0111\u1ed9 b\u1ec1n c\u1ee9ng cao 1kg\/Cu\u1ed9n<\/figcaption><\/figure>\n<figure id=\"attachment_5681\" aria-describedby=\"caption-attachment-5681\" style=\"width: 1000px\" class=\"wp-caption aligncenter\"><img loading=\"lazy\" decoding=\"async\" class=\"size-full wp-image-5681\" src=\"https:\/\/nge.123websitedev.com\/wp-content\/uploads\/2025\/07\/PA12CF-model3.png\" alt=\"Nh\u1ef1a in 3d ESUN PA12+CF carbon c\u00f3 \u0111\u1ed9 b\u1ec1n c\u1ee9ng cao 1kg\/Cu\u1ed9n\" width=\"1000\" height=\"667\" srcset=\"https:\/\/nge.vn\/wp-content\/uploads\/2025\/07\/PA12CF-model3.png 1000w, https:\/\/nge.vn\/wp-content\/uploads\/2025\/07\/PA12CF-model3-300x200.png 300w, https:\/\/nge.vn\/wp-content\/uploads\/2025\/07\/PA12CF-model3-768x512.png 768w, https:\/\/nge.vn\/wp-content\/uploads\/2025\/07\/PA12CF-model3-18x12.png 18w, https:\/\/nge.vn\/wp-content\/uploads\/2025\/07\/PA12CF-model3-247x165.png 247w, https:\/\/nge.vn\/wp-content\/uploads\/2025\/07\/PA12CF-model3-510x340.png 510w\" sizes=\"auto, (max-width: 1000px) 100vw, 1000px\" \/><figcaption id=\"caption-attachment-5681\" class=\"wp-caption-text\">Nh\u1ef1a in 3d ESUN PA12+CF carbon c\u00f3 \u0111\u1ed9 b\u1ec1n c\u1ee9ng cao 1kg\/Cu\u1ed9n<\/figcaption><\/figure>\n<figure id=\"attachment_5683\" aria-describedby=\"caption-attachment-5683\" style=\"width: 927px\" class=\"wp-caption aligncenter\"><img loading=\"lazy\" decoding=\"async\" class=\"size-full wp-image-5683\" src=\"https:\/\/nge.123websitedev.com\/wp-content\/uploads\/2025\/07\/PA12CF-parameter-Information.png\" alt=\"Nh\u1ef1a in 3d ESUN PA12+CF carbon c\u00f3 \u0111\u1ed9 b\u1ec1n c\u1ee9ng cao 1kg\/Cu\u1ed9n\" width=\"927\" height=\"701\" srcset=\"https:\/\/nge.vn\/wp-content\/uploads\/2025\/07\/PA12CF-parameter-Information.png 927w, https:\/\/nge.vn\/wp-content\/uploads\/2025\/07\/PA12CF-parameter-Information-300x227.png 300w, https:\/\/nge.vn\/wp-content\/uploads\/2025\/07\/PA12CF-parameter-Information-768x581.png 768w, https:\/\/nge.vn\/wp-content\/uploads\/2025\/07\/PA12CF-parameter-Information-16x12.png 16w, https:\/\/nge.vn\/wp-content\/uploads\/2025\/07\/PA12CF-parameter-Information-247x187.png 247w, https:\/\/nge.vn\/wp-content\/uploads\/2025\/07\/PA12CF-parameter-Information-510x386.png 510w\" sizes=\"auto, (max-width: 927px) 100vw, 927px\" \/><figcaption id=\"caption-attachment-5683\" class=\"wp-caption-text\">Nh\u1ef1a in 3d ESUN PA12+CF carbon c\u00f3 \u0111\u1ed9 b\u1ec1n c\u1ee9ng cao 1kg\/Cu\u1ed9n<\/figcaption><\/figure>\n<\/div>","protected":false},"excerpt":{"rendered":"<p>Nh\u1ef1a in 3d ESUN PA12+CF carbon c\u00f3 \u0111\u1ed9 b\u1ec1n c\u1ee9ng cao 1kg\/Cu\u1ed9n _PA12+CF l\u00e0 m\u1ed9t v\u1eadt li\u1ec7u t\u1ef1 ph\u00e1t tri\u1ec3n ESUN d\u1ef1a tr\u00ean PA12, n\u00f3 \u0111\u00e3 th\u00eam 15% s\u1ee3i carbon, t\u0103ng c\u01b0\u1eddng \u0111\u00e1ng k\u1ec3 s\u1ee9c m\u1ea1nh, \u0111\u1ed9 c\u1ee9ng, \u0111\u1ed9 b\u1ec1n c\u1ee7a nylon v\u00e0 c\u00f3 th\u1ec3 \u0111\u01b0\u1ee3c s\u1eed d\u1ee5ng trong nhi\u1ec1u \u1ee9ng d\u1ee5ng thay v\u00ec kim&#8230;<\/p>","protected":false},"featured_media":5678,"comment_status":"open","ping_status":"closed","template":"","meta":{"inline_featured_image":false},"product_brand":[],"product_cat":[455,456,466],"product_tag":[620,630,621,632,631,633],"class_list":{"0":"post-5677","1":"product","2":"type-product","3":"status-publish","4":"has-post-thumbnail","6":"product_cat-nhua-in-3d","7":"product_cat-nhua-in-3d-fdm","8":"product_cat-soi-nhua-esun-fdm","9":"product_tag-epa12","10":"product_tag-epa12cf","11":"product_tag-pa12","12":"product_tag-pa12-cf","13":"product_tag-pa12cf","14":"product_tag-esun_pa12cf","16":"first","17":"instock","18":"taxable","19":"shipping-taxable","20":"purchasable","21":"product-type-simple"},"yoast_head":"<!-- This site is optimized with the Yoast SEO Premium plugin v22.8 (Yoast SEO v26.9) - https:\/\/yoast.com\/product\/yoast-seo-premium-wordpress\/ -->\n<title>Nh\u1ef1a in 3d ESUN PA12+CF carbon c\u00f3 \u0111\u1ed9 b\u1ec1n c\u1ee9ng cao 1kg\/Cu\u1ed9n - NGE 3D Printers Services<\/title>\n<meta name=\"description\" content=\"PA12+CF do ESUN ph\u00e1t tri\u1ec3n d\u1ef1a tr\u00ean PA12, th\u00eam 15% s\u1ee3i carbon, t\u0103ng s\u1ee9c m\u1ea1nh, \u0111\u1ed9 c\u1ee9ng, \u0111\u1ed9 b\u1ec1n c\u1ee7a nylon, c\u00f3 th\u1ec3 s\u1eed d\u1ee5ng trong nhi\u1ec1u \u1ee9ng d\u1ee5ng thay kim lo\u1ea1i\" \/>\n<meta name=\"robots\" content=\"index, follow, max-snippet:-1, max-image-preview:large, max-video-preview:-1\" \/>\n<link rel=\"canonical\" href=\"https:\/\/nge.vn\/en\/product\/nhua-in-3d-esun-pa12cf-carbon-co-do-ben-cung-cao-1kg-cuon\/\" \/>\n<meta property=\"og:locale\" content=\"en_US\" \/>\n<meta property=\"og:type\" content=\"article\" \/>\n<meta property=\"og:title\" content=\"Nh\u1ef1a in 3d ESUN PA12+CF carbon c\u00f3 \u0111\u1ed9 b\u1ec1n c\u1ee9ng cao 1kg\/Cu\u1ed9n\" \/>\n<meta property=\"og:description\" content=\"PA12+CF do ESUN ph\u00e1t tri\u1ec3n d\u1ef1a tr\u00ean PA12, th\u00eam 15% s\u1ee3i carbon, t\u0103ng s\u1ee9c m\u1ea1nh, \u0111\u1ed9 c\u1ee9ng, \u0111\u1ed9 b\u1ec1n c\u1ee7a nylon, c\u00f3 th\u1ec3 s\u1eed d\u1ee5ng trong nhi\u1ec1u \u1ee9ng d\u1ee5ng thay kim lo\u1ea1i\" \/>\n<meta property=\"og:url\" content=\"https:\/\/nge.vn\/en\/product\/nhua-in-3d-esun-pa12cf-carbon-co-do-ben-cung-cao-1kg-cuon\/\" \/>\n<meta property=\"og:site_name\" content=\"NGE 3D Printers Services\" \/>\n<meta property=\"article:modified_time\" content=\"2025-07-20T10:15:30+00:00\" \/>\n<meta property=\"og:image\" content=\"https:\/\/nge.vn\/wp-content\/uploads\/2025\/07\/PA12CF-BLACK1.png\" \/>\n\t<meta property=\"og:image:width\" content=\"1000\" \/>\n\t<meta property=\"og:image:height\" content=\"1000\" \/>\n\t<meta property=\"og:image:type\" content=\"image\/png\" \/>\n<meta name=\"twitter:card\" content=\"summary_large_image\" \/>\n<meta name=\"twitter:label1\" content=\"Est. reading time\" \/>\n\t<meta name=\"twitter:data1\" content=\"5 minutes\" \/>\n<script type=\"application\/ld+json\" class=\"yoast-schema-graph\">{\"@context\":\"https:\/\/schema.org\",\"@graph\":[{\"@type\":\"WebPage\",\"@id\":\"https:\/\/nge.vn\/san-pham\/nhua-in-3d-esun-pa12cf-carbon-co-do-ben-cung-cao-1kg-cuon\/\",\"url\":\"https:\/\/nge.vn\/san-pham\/nhua-in-3d-esun-pa12cf-carbon-co-do-ben-cung-cao-1kg-cuon\/\",\"name\":\"Nh\u1ef1a in 3d ESUN PA12+CF carbon c\u00f3 \u0111\u1ed9 b\u1ec1n c\u1ee9ng cao 1kg\/Cu\u1ed9n - NGE 3D Printers Services\",\"isPartOf\":{\"@id\":\"https:\/\/nge.vn\/#website\"},\"primaryImageOfPage\":{\"@id\":\"https:\/\/nge.vn\/san-pham\/nhua-in-3d-esun-pa12cf-carbon-co-do-ben-cung-cao-1kg-cuon\/#primaryimage\"},\"image\":{\"@id\":\"https:\/\/nge.vn\/san-pham\/nhua-in-3d-esun-pa12cf-carbon-co-do-ben-cung-cao-1kg-cuon\/#primaryimage\"},\"thumbnailUrl\":\"https:\/\/nge.vn\/wp-content\/uploads\/2025\/07\/PA12CF-BLACK1.png\",\"datePublished\":\"2025-07-20T10:15:00+00:00\",\"dateModified\":\"2025-07-20T10:15:30+00:00\",\"description\":\"PA12+CF do ESUN ph\u00e1t tri\u1ec3n d\u1ef1a tr\u00ean PA12, th\u00eam 15% s\u1ee3i carbon, t\u0103ng s\u1ee9c m\u1ea1nh, \u0111\u1ed9 c\u1ee9ng, \u0111\u1ed9 b\u1ec1n c\u1ee7a nylon, c\u00f3 th\u1ec3 s\u1eed d\u1ee5ng trong nhi\u1ec1u \u1ee9ng d\u1ee5ng thay kim lo\u1ea1i\",\"breadcrumb\":{\"@id\":\"https:\/\/nge.vn\/san-pham\/nhua-in-3d-esun-pa12cf-carbon-co-do-ben-cung-cao-1kg-cuon\/#breadcrumb\"},\"inLanguage\":\"en-US\",\"potentialAction\":[{\"@type\":\"ReadAction\",\"target\":[\"https:\/\/nge.vn\/san-pham\/nhua-in-3d-esun-pa12cf-carbon-co-do-ben-cung-cao-1kg-cuon\/\"]}]},{\"@type\":\"ImageObject\",\"inLanguage\":\"en-US\",\"@id\":\"https:\/\/nge.vn\/san-pham\/nhua-in-3d-esun-pa12cf-carbon-co-do-ben-cung-cao-1kg-cuon\/#primaryimage\",\"url\":\"https:\/\/nge.vn\/wp-content\/uploads\/2025\/07\/PA12CF-BLACK1.png\",\"contentUrl\":\"https:\/\/nge.vn\/wp-content\/uploads\/2025\/07\/PA12CF-BLACK1.png\",\"width\":1000,\"height\":1000,\"caption\":\"Nh\u1ef1a in 3d ESUN PA12+CF carbon c\u00f3 \u0111\u1ed9 b\u1ec1n c\u1ee9ng cao 1kg\/Cu\u1ed9n\"},{\"@type\":\"BreadcrumbList\",\"@id\":\"https:\/\/nge.vn\/san-pham\/nhua-in-3d-esun-pa12cf-carbon-co-do-ben-cung-cao-1kg-cuon\/#breadcrumb\",\"itemListElement\":[{\"@type\":\"ListItem\",\"position\":1,\"name\":\"Trang ch\u1ee7\",\"item\":\"https:\/\/nge.vn\/\"},{\"@type\":\"ListItem\",\"position\":2,\"name\":\"S\u1ea3n ph\u1ea9m\",\"item\":\"https:\/\/nge.vn\/san-pham\/\"},{\"@type\":\"ListItem\",\"position\":3,\"name\":\"Nh\u1ef1a in 3d ESUN PA12+CF carbon c\u00f3 \u0111\u1ed9 b\u1ec1n c\u1ee9ng cao 1kg\/Cu\u1ed9n\"}]},{\"@type\":\"WebSite\",\"@id\":\"https:\/\/nge.vn\/#website\",\"url\":\"https:\/\/nge.vn\/\",\"name\":\"NGE 3D Printers Services\",\"description\":\"\",\"potentialAction\":[{\"@type\":\"SearchAction\",\"target\":{\"@type\":\"EntryPoint\",\"urlTemplate\":\"https:\/\/nge.vn\/?s={search_term_string}\"},\"query-input\":{\"@type\":\"PropertyValueSpecification\",\"valueRequired\":true,\"valueName\":\"search_term_string\"}}],\"inLanguage\":\"en-US\"}]}<\/script>\n<!-- \/ Yoast SEO Premium plugin. -->","yoast_head_json":{"title":"Nh\u1ef1a in 3d ESUN PA12+CF carbon c\u00f3 \u0111\u1ed9 b\u1ec1n c\u1ee9ng cao 1kg\/Cu\u1ed9n - NGE 3D Printers Services","description":"PA12+CF do ESUN ph\u00e1t tri\u1ec3n d\u1ef1a tr\u00ean PA12, th\u00eam 15% s\u1ee3i carbon, t\u0103ng s\u1ee9c m\u1ea1nh, \u0111\u1ed9 c\u1ee9ng, \u0111\u1ed9 b\u1ec1n c\u1ee7a nylon, c\u00f3 th\u1ec3 s\u1eed d\u1ee5ng trong nhi\u1ec1u \u1ee9ng d\u1ee5ng thay kim lo\u1ea1i","robots":{"index":"index","follow":"follow","max-snippet":"max-snippet:-1","max-image-preview":"max-image-preview:large","max-video-preview":"max-video-preview:-1"},"canonical":"https:\/\/nge.vn\/en\/product\/nhua-in-3d-esun-pa12cf-carbon-co-do-ben-cung-cao-1kg-cuon\/","og_locale":"en_US","og_type":"article","og_title":"Nh\u1ef1a in 3d ESUN PA12+CF carbon c\u00f3 \u0111\u1ed9 b\u1ec1n c\u1ee9ng cao 1kg\/Cu\u1ed9n","og_description":"PA12+CF do ESUN ph\u00e1t tri\u1ec3n d\u1ef1a tr\u00ean PA12, th\u00eam 15% s\u1ee3i carbon, t\u0103ng s\u1ee9c m\u1ea1nh, \u0111\u1ed9 c\u1ee9ng, \u0111\u1ed9 b\u1ec1n c\u1ee7a nylon, c\u00f3 th\u1ec3 s\u1eed d\u1ee5ng trong nhi\u1ec1u \u1ee9ng d\u1ee5ng thay kim lo\u1ea1i","og_url":"https:\/\/nge.vn\/en\/product\/nhua-in-3d-esun-pa12cf-carbon-co-do-ben-cung-cao-1kg-cuon\/","og_site_name":"NGE 3D Printers Services","article_modified_time":"2025-07-20T10:15:30+00:00","og_image":[{"width":1000,"height":1000,"url":"https:\/\/nge.vn\/wp-content\/uploads\/2025\/07\/PA12CF-BLACK1.png","type":"image\/png"}],"twitter_card":"summary_large_image","twitter_misc":{"Est. reading time":"5 minutes"},"schema":{"@context":"https:\/\/schema.org","@graph":[{"@type":"WebPage","@id":"https:\/\/nge.vn\/san-pham\/nhua-in-3d-esun-pa12cf-carbon-co-do-ben-cung-cao-1kg-cuon\/","url":"https:\/\/nge.vn\/san-pham\/nhua-in-3d-esun-pa12cf-carbon-co-do-ben-cung-cao-1kg-cuon\/","name":"Nh\u1ef1a in 3d ESUN PA12+CF carbon c\u00f3 \u0111\u1ed9 b\u1ec1n c\u1ee9ng cao 1kg\/Cu\u1ed9n - NGE 3D Printers Services","isPartOf":{"@id":"https:\/\/nge.vn\/#website"},"primaryImageOfPage":{"@id":"https:\/\/nge.vn\/san-pham\/nhua-in-3d-esun-pa12cf-carbon-co-do-ben-cung-cao-1kg-cuon\/#primaryimage"},"image":{"@id":"https:\/\/nge.vn\/san-pham\/nhua-in-3d-esun-pa12cf-carbon-co-do-ben-cung-cao-1kg-cuon\/#primaryimage"},"thumbnailUrl":"https:\/\/nge.vn\/wp-content\/uploads\/2025\/07\/PA12CF-BLACK1.png","datePublished":"2025-07-20T10:15:00+00:00","dateModified":"2025-07-20T10:15:30+00:00","description":"PA12+CF do ESUN ph\u00e1t tri\u1ec3n d\u1ef1a tr\u00ean PA12, th\u00eam 15% s\u1ee3i carbon, t\u0103ng s\u1ee9c m\u1ea1nh, \u0111\u1ed9 c\u1ee9ng, \u0111\u1ed9 b\u1ec1n c\u1ee7a nylon, c\u00f3 th\u1ec3 s\u1eed d\u1ee5ng trong nhi\u1ec1u \u1ee9ng d\u1ee5ng thay kim lo\u1ea1i","breadcrumb":{"@id":"https:\/\/nge.vn\/san-pham\/nhua-in-3d-esun-pa12cf-carbon-co-do-ben-cung-cao-1kg-cuon\/#breadcrumb"},"inLanguage":"en-US","potentialAction":[{"@type":"ReadAction","target":["https:\/\/nge.vn\/san-pham\/nhua-in-3d-esun-pa12cf-carbon-co-do-ben-cung-cao-1kg-cuon\/"]}]},{"@type":"ImageObject","inLanguage":"en-US","@id":"https:\/\/nge.vn\/san-pham\/nhua-in-3d-esun-pa12cf-carbon-co-do-ben-cung-cao-1kg-cuon\/#primaryimage","url":"https:\/\/nge.vn\/wp-content\/uploads\/2025\/07\/PA12CF-BLACK1.png","contentUrl":"https:\/\/nge.vn\/wp-content\/uploads\/2025\/07\/PA12CF-BLACK1.png","width":1000,"height":1000,"caption":"Nh\u1ef1a in 3d ESUN PA12+CF carbon c\u00f3 \u0111\u1ed9 b\u1ec1n c\u1ee9ng cao 1kg\/Cu\u1ed9n"},{"@type":"BreadcrumbList","@id":"https:\/\/nge.vn\/san-pham\/nhua-in-3d-esun-pa12cf-carbon-co-do-ben-cung-cao-1kg-cuon\/#breadcrumb","itemListElement":[{"@type":"ListItem","position":1,"name":"Trang ch\u1ee7","item":"https:\/\/nge.vn\/"},{"@type":"ListItem","position":2,"name":"S\u1ea3n ph\u1ea9m","item":"https:\/\/nge.vn\/san-pham\/"},{"@type":"ListItem","position":3,"name":"Nh\u1ef1a in 3d ESUN PA12+CF carbon c\u00f3 \u0111\u1ed9 b\u1ec1n c\u1ee9ng cao 1kg\/Cu\u1ed9n"}]},{"@type":"WebSite","@id":"https:\/\/nge.vn\/#website","url":"https:\/\/nge.vn\/","name":"NGE 3D Printers Services","description":"","potentialAction":[{"@type":"SearchAction","target":{"@type":"EntryPoint","urlTemplate":"https:\/\/nge.vn\/?s={search_term_string}"},"query-input":{"@type":"PropertyValueSpecification","valueRequired":true,"valueName":"search_term_string"}}],"inLanguage":"en-US"}]}},"_links":{"self":[{"href":"https:\/\/nge.vn\/en\/wp-json\/wp\/v2\/product\/5677","targetHints":{"allow":["GET"]}}],"collection":[{"href":"https:\/\/nge.vn\/en\/wp-json\/wp\/v2\/product"}],"about":[{"href":"https:\/\/nge.vn\/en\/wp-json\/wp\/v2\/types\/product"}],"replies":[{"embeddable":true,"href":"https:\/\/nge.vn\/en\/wp-json\/wp\/v2\/comments?post=5677"}],"wp:featuredmedia":[{"embeddable":true,"href":"https:\/\/nge.vn\/en\/wp-json\/wp\/v2\/media\/5678"}],"wp:attachment":[{"href":"https:\/\/nge.vn\/en\/wp-json\/wp\/v2\/media?parent=5677"}],"wp:term":[{"taxonomy":"product_brand","embeddable":true,"href":"https:\/\/nge.vn\/en\/wp-json\/wp\/v2\/product_brand?post=5677"},{"taxonomy":"product_cat","embeddable":true,"href":"https:\/\/nge.vn\/en\/wp-json\/wp\/v2\/product_cat?post=5677"},{"taxonomy":"product_tag","embeddable":true,"href":"https:\/\/nge.vn\/en\/wp-json\/wp\/v2\/product_tag?post=5677"}],"curies":[{"name":"wp","href":"https:\/\/api.w.org\/{rel}","templated":true}]}}