{"id":5638,"date":"2025-05-27T15:25:52","date_gmt":"2025-05-27T08:25:52","guid":{"rendered":"https:\/\/nge.vn\/?post_type=product&#038;p=5638"},"modified":"2025-05-27T15:31:02","modified_gmt":"2025-05-27T08:31:02","slug":"nhua-in-3d-nylon-esun-epa12-cuon-1kg","status":"publish","type":"product","link":"https:\/\/nge.vn\/en\/product\/nhua-in-3d-nylon-esun-epa12-cuon-1kg\/","title":{"rendered":"Nh\u1ef1a in 3d Nylon eSun ePA12 cu\u1ed9n 1kg"},"content":{"rendered":"<div>_\u0110\u01b0\u1ee3c ph\u00e1t tri\u1ec3n d\u1ef1a tr\u00ean PA12; \u0111\u1ed9 h\u1ea5p th\u1ee5 n\u01b0\u1edbc th\u1ea5p, k\u00edch th\u01b0\u1edbc c\u1ee7a c\u00e1c b\u1ed9 ph\u1eadn in \u00edt b\u1ecb \u1ea3nh h\u01b0\u1edfng b\u1edfi \u0111\u1ed9 \u1ea9m v\u00e0 nhi\u1ec7t \u0111\u1ed9.<\/div>\n<div>_ePA12 c\u00f3 \u0111\u1ed9 d\u1ebbo dai cao, kh\u1ea3 n\u0103ng ch\u1ed1ng va \u0111\u1eadp cao, c\u00f3 th\u1ec3 \u0111\u01b0\u1ee3c s\u1eed d\u1ee5ng \u0111\u1ec3 in c\u00e1c b\u1ed9 ph\u1eadn b\u1ec1n; n\u00f3 c\u00f3 \u0111\u1ed9 gi\u00e3n d\u00e0i l\u00ean \u0111\u1ebfn 165% khi \u0111\u1ee9t v\u00e0 kh\u1ea3 n\u0103ng ch\u1ed1ng m\u1ecfi tuy\u1ec7t v\u1eddi; ch\u1ed1ng m\u00e0i m\u00f2n t\u1ef1 b\u00f4i tr\u01a1n, c\u00f3 th\u1ec3 in b\u00e1nh r\u0103ng c\u01a1 kh\u00ed; ch\u1ecbu nhi\u1ec7t \u0111\u1ed9 cao, bi\u1ebfn d\u1ea1ng nhi\u1ec7t Nhi\u1ec7t \u0111\u1ed9 l\u00e0 100 \u00b0C, c\u00f3 th\u1ec3 \u0111\u01b0\u1ee3c s\u1eed d\u1ee5ng cho c\u00e1c b\u1ed9 ph\u1eadn ch\u1ecbu nhi\u1ec7t \u0111\u1ed9;<\/div>\n<div>_\u0110\u1ed9 co ng\u00f3t th\u1ea5p, kh\u00f4ng d\u1ec5 cong v\u00eanh v\u00e0 n\u1ee9t trong qu\u00e1 tr\u00ecnh in.<\/div>\n<div>+H\u00fat \u1ea9m th\u1ea5p<\/div>\n<div>+Kh\u1ea3 n\u0103ng ch\u1ecbu nhi\u1ec7t<\/div>\n<div>+\u0110\u1ed9 d\u1ebbo dai cao<\/div>\n<div>+Kh\u1ea3 n\u0103ng ch\u1ed1ng va \u0111\u1eadp cao<\/div>\n<div>+Ch\u1ed1ng m\u00e0i m\u00f2n<\/div>\n<div>+\u0110\u1ed9 \u1ed5n \u0111\u1ecbnh k\u00edch th\u01b0\u1edbc cao<\/div>\n<div>+Kh\u1ea3 n\u0103ng in tuy\u1ec7t v\u1eddi<\/div>\n<div><\/div>\n<div>**\u1ee8ng d\u1ee5ng: M\u00e1y m\u00f3c, \u00d4 t\u00f4, H\u00e0ng kh\u00f4ng v\u0169 tr\u1ee5, S\u1ea3n ph\u1ea9m k\u1ef9 thu\u1eadt, \u0111i\u1ec7n v\u00e0 \u0111i\u1ec7n t\u1eed<\/div>\n<div><\/div>\n<div>***Filament Properties Table<\/div>\n<div>+3D PRINTING FILAMENT ePA12<\/div>\n<div>+Density(g\/cm3) 1.012<\/div>\n<div>+Heat Distortion Temp(\u2103,0.45MPa) 100<\/div>\n<div>+Melt Flow Index(g\/10min) 55.64(270\u2103\/2.16kg)<\/div>\n<div>+Tensile Strength(MPa) 50.81<\/div>\n<div>+Elongation at Break(%) 165.41<\/div>\n<div>+Flexural Strength(MPa) 47.27<\/div>\n<div>+Flexural Modulus(MPa) 659.49<\/div>\n<div>+IZOD Impact Strength(kJ\/\u33a1) 10.14<\/div>\n<div>+Durability 10\/10<\/div>\n<div>+Printability 8\/10<\/div>\n<div><\/div>\n<div>***Recommended printing parameters<\/div>\n<div>+Extruder Temperature(\u2103) 260 \u2013 290\u2103<\/div>\n<div>+Recommended temperature\uff1a280\u2103<\/div>\n<div>+Bed temperature(\u2103) 70 \u2013 90\u00b0C<\/div>\n<div>+Fan Speed 0%<\/div>\n<div>+Printing Speed 40 \u2013 100mm\/s<\/div>\n<div>+Heated Bed Required<\/div>\n<div>+Recommended Build Surfaces Solid glue, PEI<\/div>\n<div><\/div>\n<div>***ePA12 c\u1ea7n \u0111\u01b0\u1ee3c l\u00e0m kh\u00f4 (70\u00b0C \/&gt;12H) tr\u01b0\u1edbc khi in \u0111\u1ec3 \u0111\u1ea1t \u0111\u01b0\u1ee3c hi\u1ec7u qu\u1ea3 in t\u1ed1t nh\u1ea5t. N\u00ean s\u1eed d\u1ee5ng n\u00f3 v\u1edbi h\u1ed9p s\u1ea5y s\u1ee3i nh\u01b0a khi in<\/div>\n<div><\/div>\n<div>** Price does not include VAT (+8 or 10% if VAT invoice is issued)<\/div>","protected":false},"excerpt":{"rendered":"<p>_\u0110\u1ed9 co ng\u00f3t th\u1ea5p, kh\u00f4ng d\u1ec5 cong v\u00eanh v\u00e0 n\u1ee9t trong qu\u00e1 tr\u00ecnh in.<br \/>\n+H\u00fat \u1ea9m th\u1ea5p<br \/>\n+Kh\u1ea3 n\u0103ng ch\u1ecbu nhi\u1ec7t<br \/>\n+\u0110\u1ed9 d\u1ebbo dai cao<br \/>\n+Kh\u1ea3 n\u0103ng ch\u1ed1ng va \u0111\u1eadp cao<br \/>\n+Ch\u1ed1ng m\u00e0i m\u00f2n<br \/>\n+\u0110\u1ed9 \u1ed5n \u0111\u1ecbnh k\u00edch th\u01b0\u1edbc cao<br \/>\n+Kh\u1ea3 n\u0103ng in tuy\u1ec7t v\u1eddi<\/p>","protected":false},"featured_media":5646,"comment_status":"open","ping_status":"closed","template":"","meta":{"inline_featured_image":false},"product_brand":[],"product_cat":[455,456,466,500],"product_tag":[620,619,622,621],"class_list":{"0":"post-5638","1":"product","2":"type-product","3":"status-publish","4":"has-post-thumbnail","6":"product_cat-nhua-in-3d","7":"product_cat-nhua-in-3d-fdm","8":"product_cat-soi-nhua-esun-fdm","9":"product_cat-tuyen-dung","10":"product_tag-epa12","11":"product_tag-esun","12":"product_tag-nhua_nylon","13":"product_tag-pa12","14":"pa_mau-sac-black-den","15":"pa_mau-sac-white-mau-trang","17":"first","18":"instock","19":"taxable","20":"shipping-taxable","21":"purchasable","22":"product-type-variable"},"yoast_head":"<!-- This site is optimized with the Yoast SEO Premium plugin v22.8 (Yoast SEO v26.9) - https:\/\/yoast.com\/product\/yoast-seo-premium-wordpress\/ -->\n<title>Nh\u1ef1a in 3d Nylon eSun ePA12 cu\u1ed9n 1kg - NGE 3D Printers Services<\/title>\n<meta name=\"description\" content=\"ePA12 c\u00f3 \u0111\u1ed9 d\u1ebbo dai cao, kh\u1ea3 n\u0103ng ch\u1ed1ng va \u0111\u1eadp cao; \u0111\u1ed9 h\u1ea5p th\u1ee5 n\u01b0\u1edbc th\u1ea5p, k\u00edch th\u01b0\u1edbc c\u1ee7a c\u00e1c b\u1ed9 ph\u1eadn in \u00edt b\u1ecb \u1ea3nh h\u01b0\u1edfng b\u1edfi \u0111\u1ed9 \u1ea9m v\u00e0 nhi\u1ec7t \u0111\u1ed9.\" \/>\n<meta name=\"robots\" content=\"index, follow, max-snippet:-1, max-image-preview:large, max-video-preview:-1\" \/>\n<link rel=\"canonical\" href=\"https:\/\/nge.vn\/en\/product\/nhua-in-3d-nylon-esun-epa12-cuon-1kg\/\" \/>\n<meta property=\"og:locale\" content=\"en_US\" \/>\n<meta property=\"og:type\" content=\"article\" \/>\n<meta property=\"og:title\" content=\"Nh\u1ef1a in 3d Nylon eSun ePA12 cu\u1ed9n 1kg\" \/>\n<meta property=\"og:description\" content=\"ePA12 c\u00f3 \u0111\u1ed9 d\u1ebbo dai cao, kh\u1ea3 n\u0103ng ch\u1ed1ng va \u0111\u1eadp cao; \u0111\u1ed9 h\u1ea5p th\u1ee5 n\u01b0\u1edbc th\u1ea5p, k\u00edch th\u01b0\u1edbc c\u1ee7a c\u00e1c b\u1ed9 ph\u1eadn in \u00edt b\u1ecb \u1ea3nh h\u01b0\u1edfng b\u1edfi \u0111\u1ed9 \u1ea9m v\u00e0 nhi\u1ec7t \u0111\u1ed9.\" \/>\n<meta property=\"og:url\" content=\"https:\/\/nge.vn\/en\/product\/nhua-in-3d-nylon-esun-epa12-cuon-1kg\/\" \/>\n<meta property=\"og:site_name\" content=\"NGE 3D Printers Services\" \/>\n<meta property=\"article:modified_time\" content=\"2025-05-27T08:31:02+00:00\" \/>\n<meta property=\"og:image\" content=\"https:\/\/nge.vn\/wp-content\/uploads\/2025\/05\/fb20f82fdf.jpg\" \/>\n\t<meta property=\"og:image:width\" content=\"800\" \/>\n\t<meta property=\"og:image:height\" content=\"800\" \/>\n\t<meta property=\"og:image:type\" content=\"image\/jpeg\" \/>\n<meta name=\"twitter:card\" content=\"summary_large_image\" \/>\n<meta name=\"twitter:label1\" content=\"Est. reading time\" \/>\n\t<meta name=\"twitter:data1\" content=\"2 minutes\" \/>\n<script type=\"application\/ld+json\" class=\"yoast-schema-graph\">{\"@context\":\"https:\/\/schema.org\",\"@graph\":[{\"@type\":\"WebPage\",\"@id\":\"https:\/\/nge.vn\/san-pham\/nhua-in-3d-nylon-esun-epa12-cuon-1kg\/\",\"url\":\"https:\/\/nge.vn\/san-pham\/nhua-in-3d-nylon-esun-epa12-cuon-1kg\/\",\"name\":\"Nh\u1ef1a in 3d Nylon eSun ePA12 cu\u1ed9n 1kg - NGE 3D Printers Services\",\"isPartOf\":{\"@id\":\"https:\/\/nge.vn\/#website\"},\"primaryImageOfPage\":{\"@id\":\"https:\/\/nge.vn\/san-pham\/nhua-in-3d-nylon-esun-epa12-cuon-1kg\/#primaryimage\"},\"image\":{\"@id\":\"https:\/\/nge.vn\/san-pham\/nhua-in-3d-nylon-esun-epa12-cuon-1kg\/#primaryimage\"},\"thumbnailUrl\":\"https:\/\/nge.vn\/wp-content\/uploads\/2025\/05\/fb20f82fdf.jpg\",\"datePublished\":\"2025-05-27T08:25:52+00:00\",\"dateModified\":\"2025-05-27T08:31:02+00:00\",\"description\":\"ePA12 c\u00f3 \u0111\u1ed9 d\u1ebbo dai cao, kh\u1ea3 n\u0103ng ch\u1ed1ng va \u0111\u1eadp cao; \u0111\u1ed9 h\u1ea5p th\u1ee5 n\u01b0\u1edbc th\u1ea5p, k\u00edch th\u01b0\u1edbc c\u1ee7a c\u00e1c b\u1ed9 ph\u1eadn in \u00edt b\u1ecb \u1ea3nh h\u01b0\u1edfng b\u1edfi \u0111\u1ed9 \u1ea9m v\u00e0 nhi\u1ec7t \u0111\u1ed9.\",\"breadcrumb\":{\"@id\":\"https:\/\/nge.vn\/san-pham\/nhua-in-3d-nylon-esun-epa12-cuon-1kg\/#breadcrumb\"},\"inLanguage\":\"en-US\",\"potentialAction\":[{\"@type\":\"ReadAction\",\"target\":[\"https:\/\/nge.vn\/san-pham\/nhua-in-3d-nylon-esun-epa12-cuon-1kg\/\"]}]},{\"@type\":\"ImageObject\",\"inLanguage\":\"en-US\",\"@id\":\"https:\/\/nge.vn\/san-pham\/nhua-in-3d-nylon-esun-epa12-cuon-1kg\/#primaryimage\",\"url\":\"https:\/\/nge.vn\/wp-content\/uploads\/2025\/05\/fb20f82fdf.jpg\",\"contentUrl\":\"https:\/\/nge.vn\/wp-content\/uploads\/2025\/05\/fb20f82fdf.jpg\",\"width\":800,\"height\":800,\"caption\":\"Nh\u1ef1a in 3d Nylon eSun ePA12 cu\u1ed9n 1kg\"},{\"@type\":\"BreadcrumbList\",\"@id\":\"https:\/\/nge.vn\/san-pham\/nhua-in-3d-nylon-esun-epa12-cuon-1kg\/#breadcrumb\",\"itemListElement\":[{\"@type\":\"ListItem\",\"position\":1,\"name\":\"Trang ch\u1ee7\",\"item\":\"https:\/\/nge.vn\/\"},{\"@type\":\"ListItem\",\"position\":2,\"name\":\"S\u1ea3n ph\u1ea9m\",\"item\":\"https:\/\/nge.vn\/san-pham\/\"},{\"@type\":\"ListItem\",\"position\":3,\"name\":\"Nh\u1ef1a in 3d Nylon eSun ePA12 cu\u1ed9n 1kg\"}]},{\"@type\":\"WebSite\",\"@id\":\"https:\/\/nge.vn\/#website\",\"url\":\"https:\/\/nge.vn\/\",\"name\":\"NGE 3D Printers Services\",\"description\":\"\",\"potentialAction\":[{\"@type\":\"SearchAction\",\"target\":{\"@type\":\"EntryPoint\",\"urlTemplate\":\"https:\/\/nge.vn\/?s={search_term_string}\"},\"query-input\":{\"@type\":\"PropertyValueSpecification\",\"valueRequired\":true,\"valueName\":\"search_term_string\"}}],\"inLanguage\":\"en-US\"}]}<\/script>\n<!-- \/ Yoast SEO Premium plugin. -->","yoast_head_json":{"title":"Nh\u1ef1a in 3d Nylon eSun ePA12 cu\u1ed9n 1kg - NGE 3D Printers Services","description":"ePA12 c\u00f3 \u0111\u1ed9 d\u1ebbo dai cao, kh\u1ea3 n\u0103ng ch\u1ed1ng va \u0111\u1eadp cao; \u0111\u1ed9 h\u1ea5p th\u1ee5 n\u01b0\u1edbc th\u1ea5p, k\u00edch th\u01b0\u1edbc c\u1ee7a c\u00e1c b\u1ed9 ph\u1eadn in \u00edt b\u1ecb \u1ea3nh h\u01b0\u1edfng b\u1edfi \u0111\u1ed9 \u1ea9m v\u00e0 nhi\u1ec7t \u0111\u1ed9.","robots":{"index":"index","follow":"follow","max-snippet":"max-snippet:-1","max-image-preview":"max-image-preview:large","max-video-preview":"max-video-preview:-1"},"canonical":"https:\/\/nge.vn\/en\/product\/nhua-in-3d-nylon-esun-epa12-cuon-1kg\/","og_locale":"en_US","og_type":"article","og_title":"Nh\u1ef1a in 3d Nylon eSun ePA12 cu\u1ed9n 1kg","og_description":"ePA12 c\u00f3 \u0111\u1ed9 d\u1ebbo dai cao, kh\u1ea3 n\u0103ng ch\u1ed1ng va \u0111\u1eadp cao; \u0111\u1ed9 h\u1ea5p th\u1ee5 n\u01b0\u1edbc th\u1ea5p, k\u00edch th\u01b0\u1edbc c\u1ee7a c\u00e1c b\u1ed9 ph\u1eadn in \u00edt b\u1ecb \u1ea3nh h\u01b0\u1edfng b\u1edfi \u0111\u1ed9 \u1ea9m v\u00e0 nhi\u1ec7t \u0111\u1ed9.","og_url":"https:\/\/nge.vn\/en\/product\/nhua-in-3d-nylon-esun-epa12-cuon-1kg\/","og_site_name":"NGE 3D Printers Services","article_modified_time":"2025-05-27T08:31:02+00:00","og_image":[{"width":800,"height":800,"url":"https:\/\/nge.vn\/wp-content\/uploads\/2025\/05\/fb20f82fdf.jpg","type":"image\/jpeg"}],"twitter_card":"summary_large_image","twitter_misc":{"Est. reading time":"2 minutes"},"schema":{"@context":"https:\/\/schema.org","@graph":[{"@type":"WebPage","@id":"https:\/\/nge.vn\/san-pham\/nhua-in-3d-nylon-esun-epa12-cuon-1kg\/","url":"https:\/\/nge.vn\/san-pham\/nhua-in-3d-nylon-esun-epa12-cuon-1kg\/","name":"Nh\u1ef1a in 3d Nylon eSun ePA12 cu\u1ed9n 1kg - NGE 3D Printers Services","isPartOf":{"@id":"https:\/\/nge.vn\/#website"},"primaryImageOfPage":{"@id":"https:\/\/nge.vn\/san-pham\/nhua-in-3d-nylon-esun-epa12-cuon-1kg\/#primaryimage"},"image":{"@id":"https:\/\/nge.vn\/san-pham\/nhua-in-3d-nylon-esun-epa12-cuon-1kg\/#primaryimage"},"thumbnailUrl":"https:\/\/nge.vn\/wp-content\/uploads\/2025\/05\/fb20f82fdf.jpg","datePublished":"2025-05-27T08:25:52+00:00","dateModified":"2025-05-27T08:31:02+00:00","description":"ePA12 c\u00f3 \u0111\u1ed9 d\u1ebbo dai cao, kh\u1ea3 n\u0103ng ch\u1ed1ng va \u0111\u1eadp cao; \u0111\u1ed9 h\u1ea5p th\u1ee5 n\u01b0\u1edbc th\u1ea5p, k\u00edch th\u01b0\u1edbc c\u1ee7a c\u00e1c b\u1ed9 ph\u1eadn in \u00edt b\u1ecb \u1ea3nh h\u01b0\u1edfng b\u1edfi \u0111\u1ed9 \u1ea9m v\u00e0 nhi\u1ec7t \u0111\u1ed9.","breadcrumb":{"@id":"https:\/\/nge.vn\/san-pham\/nhua-in-3d-nylon-esun-epa12-cuon-1kg\/#breadcrumb"},"inLanguage":"en-US","potentialAction":[{"@type":"ReadAction","target":["https:\/\/nge.vn\/san-pham\/nhua-in-3d-nylon-esun-epa12-cuon-1kg\/"]}]},{"@type":"ImageObject","inLanguage":"en-US","@id":"https:\/\/nge.vn\/san-pham\/nhua-in-3d-nylon-esun-epa12-cuon-1kg\/#primaryimage","url":"https:\/\/nge.vn\/wp-content\/uploads\/2025\/05\/fb20f82fdf.jpg","contentUrl":"https:\/\/nge.vn\/wp-content\/uploads\/2025\/05\/fb20f82fdf.jpg","width":800,"height":800,"caption":"Nh\u1ef1a in 3d Nylon eSun ePA12 cu\u1ed9n 1kg"},{"@type":"BreadcrumbList","@id":"https:\/\/nge.vn\/san-pham\/nhua-in-3d-nylon-esun-epa12-cuon-1kg\/#breadcrumb","itemListElement":[{"@type":"ListItem","position":1,"name":"Trang ch\u1ee7","item":"https:\/\/nge.vn\/"},{"@type":"ListItem","position":2,"name":"S\u1ea3n ph\u1ea9m","item":"https:\/\/nge.vn\/san-pham\/"},{"@type":"ListItem","position":3,"name":"Nh\u1ef1a in 3d Nylon eSun ePA12 cu\u1ed9n 1kg"}]},{"@type":"WebSite","@id":"https:\/\/nge.vn\/#website","url":"https:\/\/nge.vn\/","name":"NGE 3D Printers Services","description":"","potentialAction":[{"@type":"SearchAction","target":{"@type":"EntryPoint","urlTemplate":"https:\/\/nge.vn\/?s={search_term_string}"},"query-input":{"@type":"PropertyValueSpecification","valueRequired":true,"valueName":"search_term_string"}}],"inLanguage":"en-US"}]}},"_links":{"self":[{"href":"https:\/\/nge.vn\/en\/wp-json\/wp\/v2\/product\/5638","targetHints":{"allow":["GET"]}}],"collection":[{"href":"https:\/\/nge.vn\/en\/wp-json\/wp\/v2\/product"}],"about":[{"href":"https:\/\/nge.vn\/en\/wp-json\/wp\/v2\/types\/product"}],"replies":[{"embeddable":true,"href":"https:\/\/nge.vn\/en\/wp-json\/wp\/v2\/comments?post=5638"}],"wp:featuredmedia":[{"embeddable":true,"href":"https:\/\/nge.vn\/en\/wp-json\/wp\/v2\/media\/5646"}],"wp:attachment":[{"href":"https:\/\/nge.vn\/en\/wp-json\/wp\/v2\/media?parent=5638"}],"wp:term":[{"taxonomy":"product_brand","embeddable":true,"href":"https:\/\/nge.vn\/en\/wp-json\/wp\/v2\/product_brand?post=5638"},{"taxonomy":"product_cat","embeddable":true,"href":"https:\/\/nge.vn\/en\/wp-json\/wp\/v2\/product_cat?post=5638"},{"taxonomy":"product_tag","embeddable":true,"href":"https:\/\/nge.vn\/en\/wp-json\/wp\/v2\/product_tag?post=5638"}],"curies":[{"name":"wp","href":"https:\/\/api.w.org\/{rel}","templated":true}]}}