{"id":560,"date":"2024-10-25T12:52:00","date_gmt":"2024-10-25T05:52:00","guid":{"rendered":"https:\/\/nge.123websitedev.com\/san-pham\/board-dieu-khien-im-lang-silent-motherboard-v2-5-2-cho-may-in-3d-creality-cr-10-v2-v3\/"},"modified":"2024-10-29T15:09:14","modified_gmt":"2024-10-29T08:09:14","slug":"board-dieu-khien-im-lang-silent-motherboard-v2-5-2-cho-may-in-3d-creality-cr-10-v2-v3","status":"publish","type":"product","link":"https:\/\/nge.vn\/en\/product\/board-dieu-khien-im-lang-silent-motherboard-v2-5-2-cho-may-in-3d-creality-cr-10-v2-v3\/","title":{"rendered":"Board \u0111i\u1ec1u khi\u1ec3n im l\u1eb7ng Silent Motherboard V2.5.2 cho m\u00e1y in 3d Creality CR-10 V2\/ V3"},"content":{"rendered":"<p>Board im l\u1eb7ng Silent Motherboard Creality V2.5.2 cho m\u00e1y in 3d CR-10 V2 &amp; CR-10 V3<br \/>\n_Bo m\u1ea1ch ch\u1ee7 im l\u1eb7ng Creality V2.5.2 t\u01b0\u01a1ng th\u00edch v\u1edbi CR-10 V2 v\u00e0 CR-10 V3 , CP-01<br \/>\n_Si\u00eau y\u00ean t\u0129nh v\u00e0 gi\u1ea3m ti\u1ebfng \u1ed3n. S\u1eed d\u1ee5ng Tr\u00ecnh \u0111i\u1ec1u khi\u1ec3n \u0111\u1ed9ng c\u01a1 b\u01b0\u1edbc TMC2208, th\u00e0nh ph\u1ea7n quan tr\u1ecdng \u0111\u1ec3 lo\u1ea1i b\u1ecf \u0111\u1ed9ng c\u01a1 m\u00e1y in khi in.<br \/>\n_S\u1eed d\u1ee5ng chip ngu\u1ed3n \u0111\u1eb7c bi\u1ec7t h\u1ed7 tr\u1ee3 \u0111i\u1ec7n \u00e1p \u0111\u1ea7u v\u00e0o 24V.<br \/>\n_M\u1ea1ch t\u1ed1i \u01b0u h\u00f3a m\u1ea1ch, cho ph\u00e9p b\u1ea3o v\u1ec7 s\u1ef1 x\u00e2m nh\u1eadp nhi\u1ec7t, gi\u1ea3i quy\u1ebft hi\u1ec7u qu\u1ea3 v\u1ea5n \u0111\u1ec1 n\u00f3ng m\u00e1y<\/p>\n<p>_Th\u00f4ng tin s\u1ea3n ph\u1ea9m:<br \/>\n+Brand\uff1a Creality<br \/>\n+Product Size\uff1a 115*90*20mm<br \/>\n+Packing Size\uff1a 150\u00d7115\u00d745mm<br \/>\n+N.W.\uff1a 140g<\/p>\n<p>**\u0110\u1ec3 \u0111\u01b0\u1ee3c nh\u1eadn h\u1ed9 tr\u1ee3 th\u00eam v\u1ec1 Gi\u00e1 v\u00e0 Th\u00f4ng tin c\u1ee7a s\u1ea3n ph\u1ea9m, vui l\u00f2ng li\u00ean h\u1ec7:<br \/>\n          0913.939.775 g\u1eb7p A. Qu\u00e2n (for English)<br \/>\n          094.144.0951 contact A.Quynh<br \/>\n**Selling price does not include VAT (+10% if VAT invoice is issued)<\/p>","protected":false},"excerpt":{"rendered":"<p>Board \u0111i\u1ec1u khi\u1ec3n im l\u1eb7ng Silent Motherboard V2.5.2 cho m\u00e1y in 3d Creality CR-10 V2\/ V3<\/p>","protected":false},"featured_media":555,"comment_status":"open","ping_status":"closed","template":"","meta":{"inline_featured_image":false},"product_brand":[],"product_cat":[462,56],"product_tag":[],"class_list":{"0":"post-560","1":"product","2":"type-product","3":"status-publish","4":"has-post-thumbnail","6":"product_cat-board-va-man-hinh-dieu-khien","7":"product_cat-linh-phu-kien-may-in-3d-creality","9":"first","10":"instock","11":"taxable","12":"shipping-taxable","13":"purchasable","14":"product-type-simple"},"yoast_head":"<!-- This site is optimized with the Yoast SEO Premium plugin v22.8 (Yoast SEO v26.9) - https:\/\/yoast.com\/product\/yoast-seo-premium-wordpress\/ -->\n<title>Board \u0111i\u1ec1u khi\u1ec3n im l\u1eb7ng Silent Motherboard V2.5.2 cho m\u00e1y in 3d Creality CR-10 V2\/ V3 - NGE 3D Printers Services<\/title>\n<meta name=\"robots\" content=\"index, follow, max-snippet:-1, max-image-preview:large, max-video-preview:-1\" \/>\n<link rel=\"canonical\" href=\"https:\/\/nge.vn\/en\/product\/board-dieu-khien-im-lang-silent-motherboard-v2-5-2-cho-may-in-3d-creality-cr-10-v2-v3\/\" \/>\n<meta property=\"og:locale\" content=\"en_US\" \/>\n<meta property=\"og:type\" content=\"article\" \/>\n<meta property=\"og:title\" content=\"Board \u0111i\u1ec1u khi\u1ec3n im l\u1eb7ng Silent Motherboard V2.5.2 cho m\u00e1y in 3d Creality CR-10 V2\/ V3\" \/>\n<meta property=\"og:description\" content=\"Board \u0111i\u1ec1u khi\u1ec3n im l\u1eb7ng Silent Motherboard V2.5.2 cho m\u00e1y in 3d Creality CR-10 V2\/ V3\" \/>\n<meta property=\"og:url\" content=\"https:\/\/nge.vn\/en\/product\/board-dieu-khien-im-lang-silent-motherboard-v2-5-2-cho-may-in-3d-creality-cr-10-v2-v3\/\" \/>\n<meta property=\"og:site_name\" content=\"NGE 3D Printers Services\" \/>\n<meta property=\"article:modified_time\" content=\"2024-10-29T08:09:14+00:00\" \/>\n<meta property=\"og:image\" content=\"https:\/\/nge.vn\/wp-content\/uploads\/2024\/10\/images-upload-woo2F1bec0a6e9edbb9e74e94c6cad2fe6739.jpg\" \/>\n\t<meta property=\"og:image:width\" content=\"700\" \/>\n\t<meta property=\"og:image:height\" content=\"700\" \/>\n\t<meta property=\"og:image:type\" content=\"image\/jpeg\" \/>\n<meta name=\"twitter:card\" content=\"summary_large_image\" \/>\n<meta name=\"twitter:label1\" content=\"Est. reading time\" \/>\n\t<meta name=\"twitter:data1\" content=\"1 minute\" \/>\n<script type=\"application\/ld+json\" class=\"yoast-schema-graph\">{\"@context\":\"https:\/\/schema.org\",\"@graph\":[{\"@type\":\"WebPage\",\"@id\":\"https:\/\/nge.vn\/san-pham\/board-dieu-khien-im-lang-silent-motherboard-v2-5-2-cho-may-in-3d-creality-cr-10-v2-v3\/\",\"url\":\"https:\/\/nge.vn\/san-pham\/board-dieu-khien-im-lang-silent-motherboard-v2-5-2-cho-may-in-3d-creality-cr-10-v2-v3\/\",\"name\":\"Board \u0111i\u1ec1u khi\u1ec3n im l\u1eb7ng Silent Motherboard V2.5.2 cho m\u00e1y in 3d Creality CR-10 V2\/ V3 - NGE 3D Printers Services\",\"isPartOf\":{\"@id\":\"https:\/\/nge.vn\/#website\"},\"primaryImageOfPage\":{\"@id\":\"https:\/\/nge.vn\/san-pham\/board-dieu-khien-im-lang-silent-motherboard-v2-5-2-cho-may-in-3d-creality-cr-10-v2-v3\/#primaryimage\"},\"image\":{\"@id\":\"https:\/\/nge.vn\/san-pham\/board-dieu-khien-im-lang-silent-motherboard-v2-5-2-cho-may-in-3d-creality-cr-10-v2-v3\/#primaryimage\"},\"thumbnailUrl\":\"https:\/\/nge.vn\/wp-content\/uploads\/2024\/10\/images-upload-woo2F1bec0a6e9edbb9e74e94c6cad2fe6739.jpg\",\"datePublished\":\"2024-10-25T05:52:00+00:00\",\"dateModified\":\"2024-10-29T08:09:14+00:00\",\"breadcrumb\":{\"@id\":\"https:\/\/nge.vn\/san-pham\/board-dieu-khien-im-lang-silent-motherboard-v2-5-2-cho-may-in-3d-creality-cr-10-v2-v3\/#breadcrumb\"},\"inLanguage\":\"en-US\",\"potentialAction\":[{\"@type\":\"ReadAction\",\"target\":[\"https:\/\/nge.vn\/san-pham\/board-dieu-khien-im-lang-silent-motherboard-v2-5-2-cho-may-in-3d-creality-cr-10-v2-v3\/\"]}]},{\"@type\":\"ImageObject\",\"inLanguage\":\"en-US\",\"@id\":\"https:\/\/nge.vn\/san-pham\/board-dieu-khien-im-lang-silent-motherboard-v2-5-2-cho-may-in-3d-creality-cr-10-v2-v3\/#primaryimage\",\"url\":\"https:\/\/nge.vn\/wp-content\/uploads\/2024\/10\/images-upload-woo2F1bec0a6e9edbb9e74e94c6cad2fe6739.jpg\",\"contentUrl\":\"https:\/\/nge.vn\/wp-content\/uploads\/2024\/10\/images-upload-woo2F1bec0a6e9edbb9e74e94c6cad2fe6739.jpg\",\"width\":700,\"height\":700},{\"@type\":\"BreadcrumbList\",\"@id\":\"https:\/\/nge.vn\/san-pham\/board-dieu-khien-im-lang-silent-motherboard-v2-5-2-cho-may-in-3d-creality-cr-10-v2-v3\/#breadcrumb\",\"itemListElement\":[{\"@type\":\"ListItem\",\"position\":1,\"name\":\"Trang ch\u1ee7\",\"item\":\"https:\/\/nge.vn\/\"},{\"@type\":\"ListItem\",\"position\":2,\"name\":\"S\u1ea3n ph\u1ea9m\",\"item\":\"https:\/\/nge.vn\/san-pham\/\"},{\"@type\":\"ListItem\",\"position\":3,\"name\":\"Board \u0111i\u1ec1u khi\u1ec3n im l\u1eb7ng Silent Motherboard V2.5.2 cho m\u00e1y in 3d Creality CR-10 V2\/ V3\"}]},{\"@type\":\"WebSite\",\"@id\":\"https:\/\/nge.vn\/#website\",\"url\":\"https:\/\/nge.vn\/\",\"name\":\"NGE 3D Printers Services\",\"description\":\"\",\"potentialAction\":[{\"@type\":\"SearchAction\",\"target\":{\"@type\":\"EntryPoint\",\"urlTemplate\":\"https:\/\/nge.vn\/?s={search_term_string}\"},\"query-input\":{\"@type\":\"PropertyValueSpecification\",\"valueRequired\":true,\"valueName\":\"search_term_string\"}}],\"inLanguage\":\"en-US\"}]}<\/script>\n<!-- \/ Yoast SEO Premium plugin. -->","yoast_head_json":{"title":"Board \u0111i\u1ec1u khi\u1ec3n im l\u1eb7ng Silent Motherboard V2.5.2 cho m\u00e1y in 3d Creality CR-10 V2\/ V3 - NGE 3D Printers Services","robots":{"index":"index","follow":"follow","max-snippet":"max-snippet:-1","max-image-preview":"max-image-preview:large","max-video-preview":"max-video-preview:-1"},"canonical":"https:\/\/nge.vn\/en\/product\/board-dieu-khien-im-lang-silent-motherboard-v2-5-2-cho-may-in-3d-creality-cr-10-v2-v3\/","og_locale":"en_US","og_type":"article","og_title":"Board \u0111i\u1ec1u khi\u1ec3n im l\u1eb7ng Silent Motherboard V2.5.2 cho m\u00e1y in 3d Creality CR-10 V2\/ V3","og_description":"Board \u0111i\u1ec1u khi\u1ec3n im l\u1eb7ng Silent Motherboard V2.5.2 cho m\u00e1y in 3d Creality CR-10 V2\/ V3","og_url":"https:\/\/nge.vn\/en\/product\/board-dieu-khien-im-lang-silent-motherboard-v2-5-2-cho-may-in-3d-creality-cr-10-v2-v3\/","og_site_name":"NGE 3D Printers Services","article_modified_time":"2024-10-29T08:09:14+00:00","og_image":[{"width":700,"height":700,"url":"https:\/\/nge.vn\/wp-content\/uploads\/2024\/10\/images-upload-woo2F1bec0a6e9edbb9e74e94c6cad2fe6739.jpg","type":"image\/jpeg"}],"twitter_card":"summary_large_image","twitter_misc":{"Est. reading time":"1 minute"},"schema":{"@context":"https:\/\/schema.org","@graph":[{"@type":"WebPage","@id":"https:\/\/nge.vn\/san-pham\/board-dieu-khien-im-lang-silent-motherboard-v2-5-2-cho-may-in-3d-creality-cr-10-v2-v3\/","url":"https:\/\/nge.vn\/san-pham\/board-dieu-khien-im-lang-silent-motherboard-v2-5-2-cho-may-in-3d-creality-cr-10-v2-v3\/","name":"Board \u0111i\u1ec1u khi\u1ec3n im l\u1eb7ng Silent Motherboard V2.5.2 cho m\u00e1y in 3d Creality CR-10 V2\/ V3 - NGE 3D Printers Services","isPartOf":{"@id":"https:\/\/nge.vn\/#website"},"primaryImageOfPage":{"@id":"https:\/\/nge.vn\/san-pham\/board-dieu-khien-im-lang-silent-motherboard-v2-5-2-cho-may-in-3d-creality-cr-10-v2-v3\/#primaryimage"},"image":{"@id":"https:\/\/nge.vn\/san-pham\/board-dieu-khien-im-lang-silent-motherboard-v2-5-2-cho-may-in-3d-creality-cr-10-v2-v3\/#primaryimage"},"thumbnailUrl":"https:\/\/nge.vn\/wp-content\/uploads\/2024\/10\/images-upload-woo2F1bec0a6e9edbb9e74e94c6cad2fe6739.jpg","datePublished":"2024-10-25T05:52:00+00:00","dateModified":"2024-10-29T08:09:14+00:00","breadcrumb":{"@id":"https:\/\/nge.vn\/san-pham\/board-dieu-khien-im-lang-silent-motherboard-v2-5-2-cho-may-in-3d-creality-cr-10-v2-v3\/#breadcrumb"},"inLanguage":"en-US","potentialAction":[{"@type":"ReadAction","target":["https:\/\/nge.vn\/san-pham\/board-dieu-khien-im-lang-silent-motherboard-v2-5-2-cho-may-in-3d-creality-cr-10-v2-v3\/"]}]},{"@type":"ImageObject","inLanguage":"en-US","@id":"https:\/\/nge.vn\/san-pham\/board-dieu-khien-im-lang-silent-motherboard-v2-5-2-cho-may-in-3d-creality-cr-10-v2-v3\/#primaryimage","url":"https:\/\/nge.vn\/wp-content\/uploads\/2024\/10\/images-upload-woo2F1bec0a6e9edbb9e74e94c6cad2fe6739.jpg","contentUrl":"https:\/\/nge.vn\/wp-content\/uploads\/2024\/10\/images-upload-woo2F1bec0a6e9edbb9e74e94c6cad2fe6739.jpg","width":700,"height":700},{"@type":"BreadcrumbList","@id":"https:\/\/nge.vn\/san-pham\/board-dieu-khien-im-lang-silent-motherboard-v2-5-2-cho-may-in-3d-creality-cr-10-v2-v3\/#breadcrumb","itemListElement":[{"@type":"ListItem","position":1,"name":"Trang ch\u1ee7","item":"https:\/\/nge.vn\/"},{"@type":"ListItem","position":2,"name":"S\u1ea3n ph\u1ea9m","item":"https:\/\/nge.vn\/san-pham\/"},{"@type":"ListItem","position":3,"name":"Board \u0111i\u1ec1u khi\u1ec3n im l\u1eb7ng Silent Motherboard V2.5.2 cho m\u00e1y in 3d Creality CR-10 V2\/ V3"}]},{"@type":"WebSite","@id":"https:\/\/nge.vn\/#website","url":"https:\/\/nge.vn\/","name":"NGE 3D Printers Services","description":"","potentialAction":[{"@type":"SearchAction","target":{"@type":"EntryPoint","urlTemplate":"https:\/\/nge.vn\/?s={search_term_string}"},"query-input":{"@type":"PropertyValueSpecification","valueRequired":true,"valueName":"search_term_string"}}],"inLanguage":"en-US"}]}},"_links":{"self":[{"href":"https:\/\/nge.vn\/en\/wp-json\/wp\/v2\/product\/560","targetHints":{"allow":["GET"]}}],"collection":[{"href":"https:\/\/nge.vn\/en\/wp-json\/wp\/v2\/product"}],"about":[{"href":"https:\/\/nge.vn\/en\/wp-json\/wp\/v2\/types\/product"}],"replies":[{"embeddable":true,"href":"https:\/\/nge.vn\/en\/wp-json\/wp\/v2\/comments?post=560"}],"wp:featuredmedia":[{"embeddable":true,"href":"https:\/\/nge.vn\/en\/wp-json\/wp\/v2\/media\/555"}],"wp:attachment":[{"href":"https:\/\/nge.vn\/en\/wp-json\/wp\/v2\/media?parent=560"}],"wp:term":[{"taxonomy":"product_brand","embeddable":true,"href":"https:\/\/nge.vn\/en\/wp-json\/wp\/v2\/product_brand?post=560"},{"taxonomy":"product_cat","embeddable":true,"href":"https:\/\/nge.vn\/en\/wp-json\/wp\/v2\/product_cat?post=560"},{"taxonomy":"product_tag","embeddable":true,"href":"https:\/\/nge.vn\/en\/wp-json\/wp\/v2\/product_tag?post=560"}],"curies":[{"name":"wp","href":"https:\/\/api.w.org\/{rel}","templated":true}]}}